{"id":42778,"date":"2026-01-03T21:44:56","date_gmt":"2026-01-03T20:44:56","guid":{"rendered":"https:\/\/paragaleriedetalborjt.com\/?post_type=product&#038;p=42778"},"modified":"2026-01-03T21:44:56","modified_gmt":"2026-01-03T20:44:56","slug":"centifolia-shampoing-creme-nutrition-cheveux-secs-et-abimes-500ml","status":"publish","type":"product","link":"https:\/\/paragaleriedetalborjt.com\/en\/boutique\/centifolia-shampoing-creme-nutrition-cheveux-secs-et-abimes-500ml\/","title":{"rendered":"CENTIFOLIA SHAMPOING CR\u00c8ME NUTRITION Cheveux Secs et Abimes 500ml"},"content":{"rendered":"<div aria-labelledby=\"tab-title-description\" class=\"woocommerce-Tabs-panel woocommerce-Tabs-panel--description panel entry-content wc-tab\" id=\"tab-description\" role=\"tabpanel\" style=\"\">\n<h2>Description<\/h2>\n<p>Adapt\u00e9 aux cheveux secs et ab\u00eem\u00e9s, le shampoing cr\u00e8me nutrition Centifolia lave vos cheveux sans les agresser gr\u00e2ce \u00e0 sa formule bio ultra-douce et biod\u00e9gradable. Une texture cr\u00e8me obtenue gr\u00e2ce \u00e0 une v\u00e9ritable \u00e9mulsion, qui consiste \u00e0 m\u00e9langer la phase aqueuse avec de l\u2019huile pour obtenir une jolie cr\u00e8me respectueuse de votre fibre capillaire.<\/p>\n<p>Le beurre d\u2019Abricot BIO a \u00e9t\u00e9 minutieusement s\u00e9lectionn\u00e9e pour nourrir les cheveux dess\u00e9ch\u00e9s, jusqu\u2019aux pointes.<\/p>\n<p>Le COMPLEXE V\u00c9G\u00c9TAL PHOSPHOLIPIDES est compos\u00e9 de lipides, destin\u00e9 aux cheveux secs et ab\u00eem\u00e9s. Il nourrit et restructure la fibre capillaire et ses propri\u00e9t\u00e9s anti-oxydantes la prot\u00e8gent des agressions ext\u00e9rieures. R\u00e9par\u00e9s, les cheveux se coiffent plus facilement des racines aux pointes. Il am\u00e9liore la brillance, la douceur et le volume de vos cheveux.<\/p>\n<p>Nourris, vos cheveux retrouvent une souplesse et une douceur incomparable. Ils sont faciles \u00e0 coiffer et resplendissent de beaut\u00e9.<\/p>\n<p><strong>Conseils d\u2019utilisation :<\/strong><\/p>\n<p>Appliquer sur cheveux mouill\u00e9s, masser puis rincer. Pour obtenir plus de mousse, renouveler l\u2019application. Pour plus de r\u00e9sultats, compl\u00e9ter votre routine avec les produits de la gamme NUTRITION. Usage fr\u00e9quent. \u00c9viter le contact avec les yeux. En cas de contact, rincer abondamment \u00e0 l\u2019eau.<\/p>\n<p>La gamme NUTRITION EXPERT est id\u00e9ale pour les cheveux secs et abim\u00e9s \u00e0 la recherche de beaux cheveux. Adoptez votre nouvelle routine capillaire pour sublimer vos cheveux :<\/p>\n<p><b>Etape 1\u00a0<\/b>\u2013 Gel\u00e9e d\u00e9tox exfoliante avant shampoing (1 \u00e0 2 fois\/semaine)<b><br \/>\n<\/b><strong>Etape 2<\/strong>\u00a0\u2013 Masque richesse extr\u00eame nutrition multi-usages avant shampoing (1 \u00e0 2 fois\/semaine)<br \/>\n<strong>Etape 3<\/strong>\u00a0\u2013 Shampoing cr\u00e8me nutrition<\/p>\n<p>Pour compl\u00e9ter votre rituel si besoin :<\/p>\n<p><strong>Etape 4<\/strong>\u00a0\u2013 si vous avez besoin de d\u00e9m\u00ealer vos cheveux et de les r\u00e9parer avec le\u00a0baume apr\u00e8s shampoing r\u00e9parateur<br \/>\n<strong>Etape 5<\/strong>\u00a0\u2013 Lotion d\u00e9m\u00ealante brillance sans rin\u00e7age<\/p>\n<\/div>","protected":false},"excerpt":{"rendered":"<p>Highlights:Apporte nutrition et souplesse aux cheveux secs et ab\u00eem\u00e9sBase lavante extr\u00eamement douceDes actifs ultra nourrissantsFormule 97,9% BIODEGRADABLE<\/p>","protected":false},"featured_media":42779,"comment_status":"open","ping_status":"closed","template":"","meta":[],"pwb-brand":[1839],"product_cat":[16],"product_tag":[],"class_list":{"0":"post-42778","1":"product","2":"type-product","3":"status-publish","4":"has-post-thumbnail","6":"pwb-brand-centifolia","7":"product_cat-non-classe","8":"pa_brands-centifolia","10":"first","11":"instock","12":"sale","13":"shipping-taxable","14":"purchasable","15":"product-type-simple"},"yoast_head":"<!-- This site is optimized with the Yoast SEO plugin v27.5 - https:\/\/yoast.com\/product\/yoast-seo-wordpress\/ -->\n<title>CENTIFOLIA SHAMPOING CR\u00c8ME NUTRITION Cheveux Secs et Abimes 500ml - paragaleriedetalborjt<\/title>\n<meta name=\"robots\" content=\"index, follow, max-snippet:-1, max-image-preview:large, max-video-preview:-1\" \/>\n<link rel=\"canonical\" href=\"https:\/\/paragaleriedetalborjt.com\/en\/boutique\/centifolia-shampoing-creme-nutrition-cheveux-secs-et-abimes-500ml\/\" \/>\n<meta property=\"og:locale\" content=\"en_US\" \/>\n<meta property=\"og:type\" content=\"article\" \/>\n<meta property=\"og:title\" content=\"CENTIFOLIA SHAMPOING CR\u00c8ME NUTRITION Cheveux Secs et Abimes 500ml - paragaleriedetalborjt\" \/>\n<meta property=\"og:description\" content=\"Highlights:Apporte nutrition et souplesse aux cheveux secs et ab\u00eem\u00e9sBase lavante extr\u00eamement douceDes actifs ultra nourrissantsFormule 97,9% BIODEGRADABLE\" \/>\n<meta property=\"og:url\" content=\"https:\/\/paragaleriedetalborjt.com\/en\/boutique\/centifolia-shampoing-creme-nutrition-cheveux-secs-et-abimes-500ml\/\" \/>\n<meta property=\"og:site_name\" content=\"paragaleriedetalborjt\" \/>\n<meta property=\"og:image\" content=\"https:\/\/paragaleriedetalborjt.com\/wp-content\/uploads\/2026\/01\/centifolia-shampoing-creme-cheveux-secs.jpg\" \/>\n\t<meta property=\"og:image:width\" content=\"595\" \/>\n\t<meta property=\"og:image:height\" content=\"655\" \/>\n\t<meta property=\"og:image:type\" content=\"image\/jpeg\" \/>\n<meta name=\"twitter:card\" content=\"summary_large_image\" \/>\n<meta name=\"twitter:label1\" content=\"Est. reading time\" \/>\n\t<meta name=\"twitter:data1\" content=\"2 minutes\" \/>\n<script type=\"application\/ld+json\" class=\"yoast-schema-graph\">{\"@context\":\"https:\\\/\\\/schema.org\",\"@graph\":[{\"@type\":\"WebPage\",\"@id\":\"https:\\\/\\\/paragaleriedetalborjt.com\\\/boutique\\\/centifolia-shampoing-creme-nutrition-cheveux-secs-et-abimes-500ml\\\/\",\"url\":\"https:\\\/\\\/paragaleriedetalborjt.com\\\/boutique\\\/centifolia-shampoing-creme-nutrition-cheveux-secs-et-abimes-500ml\\\/\",\"name\":\"CENTIFOLIA SHAMPOING CR\u00c8ME NUTRITION Cheveux Secs et Abimes 500ml - paragaleriedetalborjt\",\"isPartOf\":{\"@id\":\"https:\\\/\\\/paragaleriedetalborjt.com\\\/#website\"},\"primaryImageOfPage\":{\"@id\":\"https:\\\/\\\/paragaleriedetalborjt.com\\\/boutique\\\/centifolia-shampoing-creme-nutrition-cheveux-secs-et-abimes-500ml\\\/#primaryimage\"},\"image\":{\"@id\":\"https:\\\/\\\/paragaleriedetalborjt.com\\\/boutique\\\/centifolia-shampoing-creme-nutrition-cheveux-secs-et-abimes-500ml\\\/#primaryimage\"},\"thumbnailUrl\":\"https:\\\/\\\/paragaleriedetalborjt.com\\\/wp-content\\\/uploads\\\/2026\\\/01\\\/centifolia-shampoing-creme-cheveux-secs.jpg\",\"datePublished\":\"2026-01-03T20:44:56+00:00\",\"breadcrumb\":{\"@id\":\"https:\\\/\\\/paragaleriedetalborjt.com\\\/boutique\\\/centifolia-shampoing-creme-nutrition-cheveux-secs-et-abimes-500ml\\\/#breadcrumb\"},\"inLanguage\":\"en-US\",\"potentialAction\":[{\"@type\":\"ReadAction\",\"target\":[\"https:\\\/\\\/paragaleriedetalborjt.com\\\/boutique\\\/centifolia-shampoing-creme-nutrition-cheveux-secs-et-abimes-500ml\\\/\"]}]},{\"@type\":\"ImageObject\",\"inLanguage\":\"en-US\",\"@id\":\"https:\\\/\\\/paragaleriedetalborjt.com\\\/boutique\\\/centifolia-shampoing-creme-nutrition-cheveux-secs-et-abimes-500ml\\\/#primaryimage\",\"url\":\"https:\\\/\\\/paragaleriedetalborjt.com\\\/wp-content\\\/uploads\\\/2026\\\/01\\\/centifolia-shampoing-creme-cheveux-secs.jpg\",\"contentUrl\":\"https:\\\/\\\/paragaleriedetalborjt.com\\\/wp-content\\\/uploads\\\/2026\\\/01\\\/centifolia-shampoing-creme-cheveux-secs.jpg\",\"width\":595,\"height\":655},{\"@type\":\"BreadcrumbList\",\"@id\":\"https:\\\/\\\/paragaleriedetalborjt.com\\\/boutique\\\/centifolia-shampoing-creme-nutrition-cheveux-secs-et-abimes-500ml\\\/#breadcrumb\",\"itemListElement\":[{\"@type\":\"ListItem\",\"position\":1,\"name\":\"Accueil\",\"item\":\"https:\\\/\\\/paragaleriedetalborjt.com\\\/\"},{\"@type\":\"ListItem\",\"position\":2,\"name\":\"Boutique\",\"item\":\"https:\\\/\\\/paragaleriedetalborjt.com\\\/boutique\\\/\"},{\"@type\":\"ListItem\",\"position\":3,\"name\":\"CENTIFOLIA SHAMPOING CR\u00c8ME NUTRITION Cheveux Secs et Abimes 500ml\"}]},{\"@type\":\"WebSite\",\"@id\":\"https:\\\/\\\/paragaleriedetalborjt.com\\\/#website\",\"url\":\"https:\\\/\\\/paragaleriedetalborjt.com\\\/\",\"name\":\"paragaleriedetalborjt\",\"description\":\"\",\"potentialAction\":[{\"@type\":\"SearchAction\",\"target\":{\"@type\":\"EntryPoint\",\"urlTemplate\":\"https:\\\/\\\/paragaleriedetalborjt.com\\\/?s={search_term_string}\"},\"query-input\":{\"@type\":\"PropertyValueSpecification\",\"valueRequired\":true,\"valueName\":\"search_term_string\"}}],\"inLanguage\":\"en-US\"}]}<\/script>\n<!-- \/ Yoast SEO plugin. -->","yoast_head_json":{"title":"CENTIFOLIA SHAMPOING CR\u00c8ME NUTRITION Cheveux Secs et Abimes 500ml - paragaleriedetalborjt","robots":{"index":"index","follow":"follow","max-snippet":"max-snippet:-1","max-image-preview":"max-image-preview:large","max-video-preview":"max-video-preview:-1"},"canonical":"https:\/\/paragaleriedetalborjt.com\/en\/boutique\/centifolia-shampoing-creme-nutrition-cheveux-secs-et-abimes-500ml\/","og_locale":"en_US","og_type":"article","og_title":"CENTIFOLIA SHAMPOING CR\u00c8ME NUTRITION Cheveux Secs et Abimes 500ml - paragaleriedetalborjt","og_description":"Highlights:Apporte nutrition et souplesse aux cheveux secs et ab\u00eem\u00e9sBase lavante extr\u00eamement douceDes actifs ultra nourrissantsFormule 97,9% BIODEGRADABLE","og_url":"https:\/\/paragaleriedetalborjt.com\/en\/boutique\/centifolia-shampoing-creme-nutrition-cheveux-secs-et-abimes-500ml\/","og_site_name":"paragaleriedetalborjt","og_image":[{"width":595,"height":655,"url":"https:\/\/paragaleriedetalborjt.com\/wp-content\/uploads\/2026\/01\/centifolia-shampoing-creme-cheveux-secs.jpg","type":"image\/jpeg"}],"twitter_card":"summary_large_image","twitter_misc":{"Est. reading time":"2 minutes"},"schema":{"@context":"https:\/\/schema.org","@graph":[{"@type":"WebPage","@id":"https:\/\/paragaleriedetalborjt.com\/boutique\/centifolia-shampoing-creme-nutrition-cheveux-secs-et-abimes-500ml\/","url":"https:\/\/paragaleriedetalborjt.com\/boutique\/centifolia-shampoing-creme-nutrition-cheveux-secs-et-abimes-500ml\/","name":"CENTIFOLIA SHAMPOING CR\u00c8ME NUTRITION Cheveux Secs et Abimes 500ml - paragaleriedetalborjt","isPartOf":{"@id":"https:\/\/paragaleriedetalborjt.com\/#website"},"primaryImageOfPage":{"@id":"https:\/\/paragaleriedetalborjt.com\/boutique\/centifolia-shampoing-creme-nutrition-cheveux-secs-et-abimes-500ml\/#primaryimage"},"image":{"@id":"https:\/\/paragaleriedetalborjt.com\/boutique\/centifolia-shampoing-creme-nutrition-cheveux-secs-et-abimes-500ml\/#primaryimage"},"thumbnailUrl":"https:\/\/paragaleriedetalborjt.com\/wp-content\/uploads\/2026\/01\/centifolia-shampoing-creme-cheveux-secs.jpg","datePublished":"2026-01-03T20:44:56+00:00","breadcrumb":{"@id":"https:\/\/paragaleriedetalborjt.com\/boutique\/centifolia-shampoing-creme-nutrition-cheveux-secs-et-abimes-500ml\/#breadcrumb"},"inLanguage":"en-US","potentialAction":[{"@type":"ReadAction","target":["https:\/\/paragaleriedetalborjt.com\/boutique\/centifolia-shampoing-creme-nutrition-cheveux-secs-et-abimes-500ml\/"]}]},{"@type":"ImageObject","inLanguage":"en-US","@id":"https:\/\/paragaleriedetalborjt.com\/boutique\/centifolia-shampoing-creme-nutrition-cheveux-secs-et-abimes-500ml\/#primaryimage","url":"https:\/\/paragaleriedetalborjt.com\/wp-content\/uploads\/2026\/01\/centifolia-shampoing-creme-cheveux-secs.jpg","contentUrl":"https:\/\/paragaleriedetalborjt.com\/wp-content\/uploads\/2026\/01\/centifolia-shampoing-creme-cheveux-secs.jpg","width":595,"height":655},{"@type":"BreadcrumbList","@id":"https:\/\/paragaleriedetalborjt.com\/boutique\/centifolia-shampoing-creme-nutrition-cheveux-secs-et-abimes-500ml\/#breadcrumb","itemListElement":[{"@type":"ListItem","position":1,"name":"Accueil","item":"https:\/\/paragaleriedetalborjt.com\/"},{"@type":"ListItem","position":2,"name":"Boutique","item":"https:\/\/paragaleriedetalborjt.com\/boutique\/"},{"@type":"ListItem","position":3,"name":"CENTIFOLIA SHAMPOING CR\u00c8ME NUTRITION Cheveux Secs et Abimes 500ml"}]},{"@type":"WebSite","@id":"https:\/\/paragaleriedetalborjt.com\/#website","url":"https:\/\/paragaleriedetalborjt.com\/","name":"paragaleriedetalborjt","description":"","potentialAction":[{"@type":"SearchAction","target":{"@type":"EntryPoint","urlTemplate":"https:\/\/paragaleriedetalborjt.com\/?s={search_term_string}"},"query-input":{"@type":"PropertyValueSpecification","valueRequired":true,"valueName":"search_term_string"}}],"inLanguage":"en-US"}]}},"brands":[{"id":1839,"name":"CENTIFOLIA","slug":"centifolia"}],"_links":{"self":[{"href":"https:\/\/paragaleriedetalborjt.com\/en\/wp-json\/wp\/v2\/product\/42778","targetHints":{"allow":["GET"]}}],"collection":[{"href":"https:\/\/paragaleriedetalborjt.com\/en\/wp-json\/wp\/v2\/product"}],"about":[{"href":"https:\/\/paragaleriedetalborjt.com\/en\/wp-json\/wp\/v2\/types\/product"}],"replies":[{"embeddable":true,"href":"https:\/\/paragaleriedetalborjt.com\/en\/wp-json\/wp\/v2\/comments?post=42778"}],"version-history":[{"count":1,"href":"https:\/\/paragaleriedetalborjt.com\/en\/wp-json\/wp\/v2\/product\/42778\/revisions"}],"predecessor-version":[{"id":42780,"href":"https:\/\/paragaleriedetalborjt.com\/en\/wp-json\/wp\/v2\/product\/42778\/revisions\/42780"}],"wp:featuredmedia":[{"embeddable":true,"href":"https:\/\/paragaleriedetalborjt.com\/en\/wp-json\/wp\/v2\/media\/42779"}],"wp:attachment":[{"href":"https:\/\/paragaleriedetalborjt.com\/en\/wp-json\/wp\/v2\/media?parent=42778"}],"wp:term":[{"taxonomy":"pwb-brand","embeddable":true,"href":"https:\/\/paragaleriedetalborjt.com\/en\/wp-json\/wp\/v2\/pwb-brand?post=42778"},{"taxonomy":"product_cat","embeddable":true,"href":"https:\/\/paragaleriedetalborjt.com\/en\/wp-json\/wp\/v2\/product_cat?post=42778"},{"taxonomy":"product_tag","embeddable":true,"href":"https:\/\/paragaleriedetalborjt.com\/en\/wp-json\/wp\/v2\/product_tag?post=42778"}],"curies":[{"name":"wp","href":"https:\/\/api.w.org\/{rel}","templated":true}]}}