{"id":42775,"date":"2026-01-03T21:44:50","date_gmt":"2026-01-03T20:44:50","guid":{"rendered":"https:\/\/paragaleriedetalborjt.com\/?post_type=product&#038;p=42775"},"modified":"2026-01-03T21:44:50","modified_gmt":"2026-01-03T20:44:50","slug":"centifolia-eau-micellaire-bebe-100ml","status":"publish","type":"product","link":"https:\/\/paragaleriedetalborjt.com\/en\/boutique\/centifolia-eau-micellaire-bebe-100ml\/","title":{"rendered":"CENTIFOLIA EAU MICELLAIRE B\u00c9B\u00c9 100ml"},"content":{"rendered":"<div aria-labelledby=\"tab-title-description\" class=\"woocommerce-Tabs-panel woocommerce-Tabs-panel--description panel entry-content wc-tab\" id=\"tab-description\" role=\"tabpanel\" style=\"\">\n<h2>Description<\/h2>\n<p>L\u2019eau\u00a0micellaire assure un nettoyage parfait, doux et naturel de la peau fine et fragile de b\u00e9b\u00e9 sans ass\u00e9cher. Apr\u00e8s application, la peau est propre, douce et non collante. Une eau nettoyante parfaite pour le visage et le corps.<\/p>\n<p>Pour sa gamme b\u00e9b\u00e9, Centifolia a puis\u00e9 des actifs v\u00e9g\u00e9taux parmi les plus doux que nous offre la nature. L\u2019huile de Cam\u00e9lia Japonica est reconnue pour ses propri\u00e9t\u00e9s apaisantes, protectrices gr\u00e2ce \u00e0 son pouvoir antioxydant sup\u00e9rieur \u00e0 celui de la vitamine E et comparable \u00e0 celui de la vitamine C(2) et fortifiantes avec am\u00e9lioration de l\u2019hydratation et du renforcement de la barri\u00e8re cutan\u00e9e(3). Cette gamme a \u00e9galement \u00e9t\u00e9 formul\u00e9e avec un actif hydratant BREVET\u00c9 issu de sucres naturels v\u00e9g\u00e9taux permettant de maximiser la circulation d\u2019eau et d\u2019optimiser les r\u00e9serves hydriques en boostant la synth\u00e8se d\u2019acide hyaluronique(4)(5). Gr\u00e2ce \u00e0 ces actifs uniques et rigoureusement s\u00e9lectionn\u00e9s, ces produits haute tol\u00e9rance permettent de r\u00e9pondre aux besoins de la peau d\u00e9licate de b\u00e9b\u00e9 au quotidien et d\u00e8s la naissance.<\/p>\n<p><strong>Conseils d\u2019utilisation :<\/strong><\/p>\n<p>Appliquer sur le visage, le cou et le corps de b\u00e9b\u00e9 \u00e0 l\u2019aide d\u2019un coton. Enlever d\u00e9licatement les impuret\u00e9s. Sans rin\u00e7age.<\/p>\n<\/div>","protected":false},"excerpt":{"rendered":"<p>Highlights:Visage et corpsHaute tol\u00e9ranceSans rin\u00e7ageD\u00e8s la naissance<\/p>","protected":false},"featured_media":42776,"comment_status":"open","ping_status":"closed","template":"","meta":[],"pwb-brand":[1839],"product_cat":[16],"product_tag":[],"class_list":{"0":"post-42775","1":"product","2":"type-product","3":"status-publish","4":"has-post-thumbnail","6":"pwb-brand-centifolia","7":"product_cat-non-classe","8":"pa_brands-centifolia","10":"first","11":"instock","12":"sale","13":"shipping-taxable","14":"purchasable","15":"product-type-simple"},"yoast_head":"<!-- This site is optimized with the Yoast SEO plugin v27.5 - https:\/\/yoast.com\/product\/yoast-seo-wordpress\/ -->\n<title>CENTIFOLIA EAU MICELLAIRE B\u00c9B\u00c9 100ml - paragaleriedetalborjt<\/title>\n<meta name=\"robots\" content=\"index, follow, max-snippet:-1, max-image-preview:large, max-video-preview:-1\" \/>\n<link rel=\"canonical\" href=\"https:\/\/paragaleriedetalborjt.com\/en\/boutique\/centifolia-eau-micellaire-bebe-100ml\/\" \/>\n<meta property=\"og:locale\" content=\"en_US\" \/>\n<meta property=\"og:type\" content=\"article\" \/>\n<meta property=\"og:title\" content=\"CENTIFOLIA EAU MICELLAIRE B\u00c9B\u00c9 100ml - paragaleriedetalborjt\" \/>\n<meta property=\"og:description\" content=\"Highlights:Visage et corpsHaute tol\u00e9ranceSans rin\u00e7ageD\u00e8s la naissance\" \/>\n<meta property=\"og:url\" content=\"https:\/\/paragaleriedetalborjt.com\/en\/boutique\/centifolia-eau-micellaire-bebe-100ml\/\" \/>\n<meta property=\"og:site_name\" content=\"paragaleriedetalborjt\" \/>\n<meta property=\"og:image\" content=\"https:\/\/paragaleriedetalborjt.com\/wp-content\/uploads\/2026\/01\/centifolia-eau-micellaire-bebe.jpg\" \/>\n\t<meta property=\"og:image:width\" content=\"595\" \/>\n\t<meta property=\"og:image:height\" content=\"655\" \/>\n\t<meta property=\"og:image:type\" content=\"image\/jpeg\" \/>\n<meta name=\"twitter:card\" content=\"summary_large_image\" \/>\n<meta name=\"twitter:label1\" content=\"Est. reading time\" \/>\n\t<meta name=\"twitter:data1\" content=\"1 minute\" \/>\n<script type=\"application\/ld+json\" class=\"yoast-schema-graph\">{\"@context\":\"https:\\\/\\\/schema.org\",\"@graph\":[{\"@type\":\"WebPage\",\"@id\":\"https:\\\/\\\/paragaleriedetalborjt.com\\\/boutique\\\/centifolia-eau-micellaire-bebe-100ml\\\/\",\"url\":\"https:\\\/\\\/paragaleriedetalborjt.com\\\/boutique\\\/centifolia-eau-micellaire-bebe-100ml\\\/\",\"name\":\"CENTIFOLIA EAU MICELLAIRE B\u00c9B\u00c9 100ml - paragaleriedetalborjt\",\"isPartOf\":{\"@id\":\"https:\\\/\\\/paragaleriedetalborjt.com\\\/#website\"},\"primaryImageOfPage\":{\"@id\":\"https:\\\/\\\/paragaleriedetalborjt.com\\\/boutique\\\/centifolia-eau-micellaire-bebe-100ml\\\/#primaryimage\"},\"image\":{\"@id\":\"https:\\\/\\\/paragaleriedetalborjt.com\\\/boutique\\\/centifolia-eau-micellaire-bebe-100ml\\\/#primaryimage\"},\"thumbnailUrl\":\"https:\\\/\\\/paragaleriedetalborjt.com\\\/wp-content\\\/uploads\\\/2026\\\/01\\\/centifolia-eau-micellaire-bebe.jpg\",\"datePublished\":\"2026-01-03T20:44:50+00:00\",\"breadcrumb\":{\"@id\":\"https:\\\/\\\/paragaleriedetalborjt.com\\\/boutique\\\/centifolia-eau-micellaire-bebe-100ml\\\/#breadcrumb\"},\"inLanguage\":\"en-US\",\"potentialAction\":[{\"@type\":\"ReadAction\",\"target\":[\"https:\\\/\\\/paragaleriedetalborjt.com\\\/boutique\\\/centifolia-eau-micellaire-bebe-100ml\\\/\"]}]},{\"@type\":\"ImageObject\",\"inLanguage\":\"en-US\",\"@id\":\"https:\\\/\\\/paragaleriedetalborjt.com\\\/boutique\\\/centifolia-eau-micellaire-bebe-100ml\\\/#primaryimage\",\"url\":\"https:\\\/\\\/paragaleriedetalborjt.com\\\/wp-content\\\/uploads\\\/2026\\\/01\\\/centifolia-eau-micellaire-bebe.jpg\",\"contentUrl\":\"https:\\\/\\\/paragaleriedetalborjt.com\\\/wp-content\\\/uploads\\\/2026\\\/01\\\/centifolia-eau-micellaire-bebe.jpg\",\"width\":595,\"height\":655},{\"@type\":\"BreadcrumbList\",\"@id\":\"https:\\\/\\\/paragaleriedetalborjt.com\\\/boutique\\\/centifolia-eau-micellaire-bebe-100ml\\\/#breadcrumb\",\"itemListElement\":[{\"@type\":\"ListItem\",\"position\":1,\"name\":\"Accueil\",\"item\":\"https:\\\/\\\/paragaleriedetalborjt.com\\\/\"},{\"@type\":\"ListItem\",\"position\":2,\"name\":\"Boutique\",\"item\":\"https:\\\/\\\/paragaleriedetalborjt.com\\\/boutique\\\/\"},{\"@type\":\"ListItem\",\"position\":3,\"name\":\"CENTIFOLIA EAU MICELLAIRE B\u00c9B\u00c9 100ml\"}]},{\"@type\":\"WebSite\",\"@id\":\"https:\\\/\\\/paragaleriedetalborjt.com\\\/#website\",\"url\":\"https:\\\/\\\/paragaleriedetalborjt.com\\\/\",\"name\":\"paragaleriedetalborjt\",\"description\":\"\",\"potentialAction\":[{\"@type\":\"SearchAction\",\"target\":{\"@type\":\"EntryPoint\",\"urlTemplate\":\"https:\\\/\\\/paragaleriedetalborjt.com\\\/?s={search_term_string}\"},\"query-input\":{\"@type\":\"PropertyValueSpecification\",\"valueRequired\":true,\"valueName\":\"search_term_string\"}}],\"inLanguage\":\"en-US\"}]}<\/script>\n<!-- \/ Yoast SEO plugin. -->","yoast_head_json":{"title":"CENTIFOLIA EAU MICELLAIRE B\u00c9B\u00c9 100ml - paragaleriedetalborjt","robots":{"index":"index","follow":"follow","max-snippet":"max-snippet:-1","max-image-preview":"max-image-preview:large","max-video-preview":"max-video-preview:-1"},"canonical":"https:\/\/paragaleriedetalborjt.com\/en\/boutique\/centifolia-eau-micellaire-bebe-100ml\/","og_locale":"en_US","og_type":"article","og_title":"CENTIFOLIA EAU MICELLAIRE B\u00c9B\u00c9 100ml - paragaleriedetalborjt","og_description":"Highlights:Visage et corpsHaute tol\u00e9ranceSans rin\u00e7ageD\u00e8s la naissance","og_url":"https:\/\/paragaleriedetalborjt.com\/en\/boutique\/centifolia-eau-micellaire-bebe-100ml\/","og_site_name":"paragaleriedetalborjt","og_image":[{"width":595,"height":655,"url":"https:\/\/paragaleriedetalborjt.com\/wp-content\/uploads\/2026\/01\/centifolia-eau-micellaire-bebe.jpg","type":"image\/jpeg"}],"twitter_card":"summary_large_image","twitter_misc":{"Est. reading time":"1 minute"},"schema":{"@context":"https:\/\/schema.org","@graph":[{"@type":"WebPage","@id":"https:\/\/paragaleriedetalborjt.com\/boutique\/centifolia-eau-micellaire-bebe-100ml\/","url":"https:\/\/paragaleriedetalborjt.com\/boutique\/centifolia-eau-micellaire-bebe-100ml\/","name":"CENTIFOLIA EAU MICELLAIRE B\u00c9B\u00c9 100ml - paragaleriedetalborjt","isPartOf":{"@id":"https:\/\/paragaleriedetalborjt.com\/#website"},"primaryImageOfPage":{"@id":"https:\/\/paragaleriedetalborjt.com\/boutique\/centifolia-eau-micellaire-bebe-100ml\/#primaryimage"},"image":{"@id":"https:\/\/paragaleriedetalborjt.com\/boutique\/centifolia-eau-micellaire-bebe-100ml\/#primaryimage"},"thumbnailUrl":"https:\/\/paragaleriedetalborjt.com\/wp-content\/uploads\/2026\/01\/centifolia-eau-micellaire-bebe.jpg","datePublished":"2026-01-03T20:44:50+00:00","breadcrumb":{"@id":"https:\/\/paragaleriedetalborjt.com\/boutique\/centifolia-eau-micellaire-bebe-100ml\/#breadcrumb"},"inLanguage":"en-US","potentialAction":[{"@type":"ReadAction","target":["https:\/\/paragaleriedetalborjt.com\/boutique\/centifolia-eau-micellaire-bebe-100ml\/"]}]},{"@type":"ImageObject","inLanguage":"en-US","@id":"https:\/\/paragaleriedetalborjt.com\/boutique\/centifolia-eau-micellaire-bebe-100ml\/#primaryimage","url":"https:\/\/paragaleriedetalborjt.com\/wp-content\/uploads\/2026\/01\/centifolia-eau-micellaire-bebe.jpg","contentUrl":"https:\/\/paragaleriedetalborjt.com\/wp-content\/uploads\/2026\/01\/centifolia-eau-micellaire-bebe.jpg","width":595,"height":655},{"@type":"BreadcrumbList","@id":"https:\/\/paragaleriedetalborjt.com\/boutique\/centifolia-eau-micellaire-bebe-100ml\/#breadcrumb","itemListElement":[{"@type":"ListItem","position":1,"name":"Accueil","item":"https:\/\/paragaleriedetalborjt.com\/"},{"@type":"ListItem","position":2,"name":"Boutique","item":"https:\/\/paragaleriedetalborjt.com\/boutique\/"},{"@type":"ListItem","position":3,"name":"CENTIFOLIA EAU MICELLAIRE B\u00c9B\u00c9 100ml"}]},{"@type":"WebSite","@id":"https:\/\/paragaleriedetalborjt.com\/#website","url":"https:\/\/paragaleriedetalborjt.com\/","name":"paragaleriedetalborjt","description":"","potentialAction":[{"@type":"SearchAction","target":{"@type":"EntryPoint","urlTemplate":"https:\/\/paragaleriedetalborjt.com\/?s={search_term_string}"},"query-input":{"@type":"PropertyValueSpecification","valueRequired":true,"valueName":"search_term_string"}}],"inLanguage":"en-US"}]}},"brands":[{"id":1839,"name":"CENTIFOLIA","slug":"centifolia"}],"_links":{"self":[{"href":"https:\/\/paragaleriedetalborjt.com\/en\/wp-json\/wp\/v2\/product\/42775","targetHints":{"allow":["GET"]}}],"collection":[{"href":"https:\/\/paragaleriedetalborjt.com\/en\/wp-json\/wp\/v2\/product"}],"about":[{"href":"https:\/\/paragaleriedetalborjt.com\/en\/wp-json\/wp\/v2\/types\/product"}],"replies":[{"embeddable":true,"href":"https:\/\/paragaleriedetalborjt.com\/en\/wp-json\/wp\/v2\/comments?post=42775"}],"version-history":[{"count":1,"href":"https:\/\/paragaleriedetalborjt.com\/en\/wp-json\/wp\/v2\/product\/42775\/revisions"}],"predecessor-version":[{"id":42777,"href":"https:\/\/paragaleriedetalborjt.com\/en\/wp-json\/wp\/v2\/product\/42775\/revisions\/42777"}],"wp:featuredmedia":[{"embeddable":true,"href":"https:\/\/paragaleriedetalborjt.com\/en\/wp-json\/wp\/v2\/media\/42776"}],"wp:attachment":[{"href":"https:\/\/paragaleriedetalborjt.com\/en\/wp-json\/wp\/v2\/media?parent=42775"}],"wp:term":[{"taxonomy":"pwb-brand","embeddable":true,"href":"https:\/\/paragaleriedetalborjt.com\/en\/wp-json\/wp\/v2\/pwb-brand?post=42775"},{"taxonomy":"product_cat","embeddable":true,"href":"https:\/\/paragaleriedetalborjt.com\/en\/wp-json\/wp\/v2\/product_cat?post=42775"},{"taxonomy":"product_tag","embeddable":true,"href":"https:\/\/paragaleriedetalborjt.com\/en\/wp-json\/wp\/v2\/product_tag?post=42775"}],"curies":[{"name":"wp","href":"https:\/\/api.w.org\/{rel}","templated":true}]}}