{"id":42766,"date":"2026-01-03T21:44:26","date_gmt":"2026-01-03T20:44:26","guid":{"rendered":"https:\/\/paragaleriedetalborjt.com\/?post_type=product&#038;p=42766"},"modified":"2026-01-03T21:44:27","modified_gmt":"2026-01-03T20:44:27","slug":"centifolia-huile-seche-sublimatrice-105ml","status":"publish","type":"product","link":"https:\/\/paragaleriedetalborjt.com\/en\/boutique\/centifolia-huile-seche-sublimatrice-105ml\/","title":{"rendered":"CENTIFOLIA HUILE S\u00c8CHE SUBLIMATRICE 105ml"},"content":{"rendered":"<div aria-labelledby=\"tab-title-description\" class=\"woocommerce-Tabs-panel woocommerce-Tabs-panel--description panel entry-content wc-tab\" id=\"tab-description\" role=\"tabpanel\" style=\"\">\n<h2>Description<\/h2>\n<p>Centifolia a puis\u00e9 les 5 huiles les plus pr\u00e9cieuses que nous offre la nature afin de vous faire b\u00e9n\u00e9ficier d\u2019un v\u00e9ritable moment de bien-\u00eatre. Gr\u00e2ce \u00e0 ce cocktail merveilleux, l\u2019Huile S\u00e8che Centifolia nourrit, r\u00e9pare et illumine tous les types de peaux et de cheveux. Sa texture fine et confortable se fond imm\u00e9diatement \u00e0 la peau sans laisser de film gras pour un fini satin\u00e9. Son parfum vous enveloppe d\u2019un voile aux effluves divines. La peau est satin\u00e9e et sublim\u00e9e, les cheveux sont souples et nourris.<\/p>\n<p>Pour sa gamme Beaut\u00e9, Centifolia a choisi, comme ingr\u00e9dient phare, un actif aux merveilleuses vertus : l\u2019huile de Cam\u00e9lia bio. Elle est utilis\u00e9e depuis longtemps par les japonaises pour ses vertus contre le temps. Tr\u00e8s douce, l\u2019huile v\u00e9g\u00e9tale de Cam\u00e9lia poss\u00e8de des propri\u00e9t\u00e9s nourrissantes, protectrices, adoucissantes et assouplissantes pour la peau.<\/p>\n<p>Test\u00e9e sous contr\u00f4le dermatologique.<\/p>\n<p><strong>Conseils d\u2019utilisation :<\/strong><\/p>\n<section id=\"wrapper\">\n<div id=\"content-wrapper\">\n<div class=\"product-wrapper\">\n<div class=\"container\">\n<section class=\"product-tabs tabs\">\n<div class=\"row\">\n<div class=\"col-md-6 col-xs-12\">\n<div class=\"tab-content\" id=\"tab-content\">\n<div aria-expanded=\"true\" class=\"tab-pane fade in active\" id=\"advices\" role=\"tabpanel\">\n<div class=\"product-advices\">\n<p>Appliquer sur le visage, le corps et les cheveux, aussi souvent que vous le souhaitez, tout au long de l\u2019ann\u00e9e.<\/p>\n<\/div>\n<\/div>\n<\/div>\n<\/div>\n<\/div>\n<\/section>\n<\/div>\n<\/div>\n<\/div>\n<\/section>\n<section class=\"trustt_section\">\n<div class=\"container\">\n<div id=\"trustbeauty_review_thread\"><\/div>\n<\/div>\n<\/section>\n<\/div>","protected":false},"excerpt":{"rendered":"<p>Highlights:Aux 5 huiles pr\u00e9cieuses100% d\u2019ingr\u00e9dients d\u2019origine naturelleSublime visage, corps et cheveuxParfum envo\u00fbtantFlacon spray<\/p>","protected":false},"featured_media":42767,"comment_status":"open","ping_status":"closed","template":"","meta":[],"pwb-brand":[1839],"product_cat":[16],"product_tag":[],"class_list":{"0":"post-42766","1":"product","2":"type-product","3":"status-publish","4":"has-post-thumbnail","6":"pwb-brand-centifolia","7":"product_cat-non-classe","8":"pa_brands-centifolia","10":"first","11":"instock","12":"sale","13":"shipping-taxable","14":"purchasable","15":"product-type-simple"},"yoast_head":"<!-- This site is optimized with the Yoast SEO plugin v27.5 - https:\/\/yoast.com\/product\/yoast-seo-wordpress\/ -->\n<title>CENTIFOLIA HUILE S\u00c8CHE SUBLIMATRICE 105ml - paragaleriedetalborjt<\/title>\n<meta name=\"robots\" content=\"index, follow, max-snippet:-1, max-image-preview:large, max-video-preview:-1\" \/>\n<link rel=\"canonical\" href=\"https:\/\/paragaleriedetalborjt.com\/en\/boutique\/centifolia-huile-seche-sublimatrice-105ml\/\" \/>\n<meta property=\"og:locale\" content=\"en_US\" \/>\n<meta property=\"og:type\" content=\"article\" \/>\n<meta property=\"og:title\" content=\"CENTIFOLIA HUILE S\u00c8CHE SUBLIMATRICE 105ml - paragaleriedetalborjt\" \/>\n<meta property=\"og:description\" content=\"Highlights:Aux 5 huiles pr\u00e9cieuses100% d\u2019ingr\u00e9dients d\u2019origine naturelleSublime visage, corps et cheveuxParfum envo\u00fbtantFlacon spray\" \/>\n<meta property=\"og:url\" content=\"https:\/\/paragaleriedetalborjt.com\/en\/boutique\/centifolia-huile-seche-sublimatrice-105ml\/\" \/>\n<meta property=\"og:site_name\" content=\"paragaleriedetalborjt\" \/>\n<meta property=\"article:modified_time\" content=\"2026-01-03T20:44:27+00:00\" \/>\n<meta property=\"og:image\" content=\"https:\/\/paragaleriedetalborjt.com\/wp-content\/uploads\/2026\/01\/huile-seche-sublimatrice-nectar-dore-105-ml.jpg\" \/>\n\t<meta property=\"og:image:width\" content=\"595\" \/>\n\t<meta property=\"og:image:height\" content=\"655\" \/>\n\t<meta property=\"og:image:type\" content=\"image\/jpeg\" \/>\n<meta name=\"twitter:card\" content=\"summary_large_image\" \/>\n<meta name=\"twitter:label1\" content=\"Est. reading time\" \/>\n\t<meta name=\"twitter:data1\" content=\"1 minute\" \/>\n<script type=\"application\/ld+json\" class=\"yoast-schema-graph\">{\"@context\":\"https:\\\/\\\/schema.org\",\"@graph\":[{\"@type\":\"WebPage\",\"@id\":\"https:\\\/\\\/paragaleriedetalborjt.com\\\/boutique\\\/centifolia-huile-seche-sublimatrice-105ml\\\/\",\"url\":\"https:\\\/\\\/paragaleriedetalborjt.com\\\/boutique\\\/centifolia-huile-seche-sublimatrice-105ml\\\/\",\"name\":\"CENTIFOLIA HUILE S\u00c8CHE SUBLIMATRICE 105ml - paragaleriedetalborjt\",\"isPartOf\":{\"@id\":\"https:\\\/\\\/paragaleriedetalborjt.com\\\/#website\"},\"primaryImageOfPage\":{\"@id\":\"https:\\\/\\\/paragaleriedetalborjt.com\\\/boutique\\\/centifolia-huile-seche-sublimatrice-105ml\\\/#primaryimage\"},\"image\":{\"@id\":\"https:\\\/\\\/paragaleriedetalborjt.com\\\/boutique\\\/centifolia-huile-seche-sublimatrice-105ml\\\/#primaryimage\"},\"thumbnailUrl\":\"https:\\\/\\\/paragaleriedetalborjt.com\\\/wp-content\\\/uploads\\\/2026\\\/01\\\/huile-seche-sublimatrice-nectar-dore-105-ml.jpg\",\"datePublished\":\"2026-01-03T20:44:26+00:00\",\"dateModified\":\"2026-01-03T20:44:27+00:00\",\"breadcrumb\":{\"@id\":\"https:\\\/\\\/paragaleriedetalborjt.com\\\/boutique\\\/centifolia-huile-seche-sublimatrice-105ml\\\/#breadcrumb\"},\"inLanguage\":\"en-US\",\"potentialAction\":[{\"@type\":\"ReadAction\",\"target\":[\"https:\\\/\\\/paragaleriedetalborjt.com\\\/boutique\\\/centifolia-huile-seche-sublimatrice-105ml\\\/\"]}]},{\"@type\":\"ImageObject\",\"inLanguage\":\"en-US\",\"@id\":\"https:\\\/\\\/paragaleriedetalborjt.com\\\/boutique\\\/centifolia-huile-seche-sublimatrice-105ml\\\/#primaryimage\",\"url\":\"https:\\\/\\\/paragaleriedetalborjt.com\\\/wp-content\\\/uploads\\\/2026\\\/01\\\/huile-seche-sublimatrice-nectar-dore-105-ml.jpg\",\"contentUrl\":\"https:\\\/\\\/paragaleriedetalborjt.com\\\/wp-content\\\/uploads\\\/2026\\\/01\\\/huile-seche-sublimatrice-nectar-dore-105-ml.jpg\",\"width\":595,\"height\":655},{\"@type\":\"BreadcrumbList\",\"@id\":\"https:\\\/\\\/paragaleriedetalborjt.com\\\/boutique\\\/centifolia-huile-seche-sublimatrice-105ml\\\/#breadcrumb\",\"itemListElement\":[{\"@type\":\"ListItem\",\"position\":1,\"name\":\"Accueil\",\"item\":\"https:\\\/\\\/paragaleriedetalborjt.com\\\/\"},{\"@type\":\"ListItem\",\"position\":2,\"name\":\"Boutique\",\"item\":\"https:\\\/\\\/paragaleriedetalborjt.com\\\/boutique\\\/\"},{\"@type\":\"ListItem\",\"position\":3,\"name\":\"CENTIFOLIA HUILE S\u00c8CHE SUBLIMATRICE 105ml\"}]},{\"@type\":\"WebSite\",\"@id\":\"https:\\\/\\\/paragaleriedetalborjt.com\\\/#website\",\"url\":\"https:\\\/\\\/paragaleriedetalborjt.com\\\/\",\"name\":\"paragaleriedetalborjt\",\"description\":\"\",\"potentialAction\":[{\"@type\":\"SearchAction\",\"target\":{\"@type\":\"EntryPoint\",\"urlTemplate\":\"https:\\\/\\\/paragaleriedetalborjt.com\\\/?s={search_term_string}\"},\"query-input\":{\"@type\":\"PropertyValueSpecification\",\"valueRequired\":true,\"valueName\":\"search_term_string\"}}],\"inLanguage\":\"en-US\"}]}<\/script>\n<!-- \/ Yoast SEO plugin. -->","yoast_head_json":{"title":"CENTIFOLIA HUILE S\u00c8CHE SUBLIMATRICE 105ml - paragaleriedetalborjt","robots":{"index":"index","follow":"follow","max-snippet":"max-snippet:-1","max-image-preview":"max-image-preview:large","max-video-preview":"max-video-preview:-1"},"canonical":"https:\/\/paragaleriedetalborjt.com\/en\/boutique\/centifolia-huile-seche-sublimatrice-105ml\/","og_locale":"en_US","og_type":"article","og_title":"CENTIFOLIA HUILE S\u00c8CHE SUBLIMATRICE 105ml - paragaleriedetalborjt","og_description":"Highlights:Aux 5 huiles pr\u00e9cieuses100% d\u2019ingr\u00e9dients d\u2019origine naturelleSublime visage, corps et cheveuxParfum envo\u00fbtantFlacon spray","og_url":"https:\/\/paragaleriedetalborjt.com\/en\/boutique\/centifolia-huile-seche-sublimatrice-105ml\/","og_site_name":"paragaleriedetalborjt","article_modified_time":"2026-01-03T20:44:27+00:00","og_image":[{"width":595,"height":655,"url":"https:\/\/paragaleriedetalborjt.com\/wp-content\/uploads\/2026\/01\/huile-seche-sublimatrice-nectar-dore-105-ml.jpg","type":"image\/jpeg"}],"twitter_card":"summary_large_image","twitter_misc":{"Est. reading time":"1 minute"},"schema":{"@context":"https:\/\/schema.org","@graph":[{"@type":"WebPage","@id":"https:\/\/paragaleriedetalborjt.com\/boutique\/centifolia-huile-seche-sublimatrice-105ml\/","url":"https:\/\/paragaleriedetalborjt.com\/boutique\/centifolia-huile-seche-sublimatrice-105ml\/","name":"CENTIFOLIA HUILE S\u00c8CHE SUBLIMATRICE 105ml - paragaleriedetalborjt","isPartOf":{"@id":"https:\/\/paragaleriedetalborjt.com\/#website"},"primaryImageOfPage":{"@id":"https:\/\/paragaleriedetalborjt.com\/boutique\/centifolia-huile-seche-sublimatrice-105ml\/#primaryimage"},"image":{"@id":"https:\/\/paragaleriedetalborjt.com\/boutique\/centifolia-huile-seche-sublimatrice-105ml\/#primaryimage"},"thumbnailUrl":"https:\/\/paragaleriedetalborjt.com\/wp-content\/uploads\/2026\/01\/huile-seche-sublimatrice-nectar-dore-105-ml.jpg","datePublished":"2026-01-03T20:44:26+00:00","dateModified":"2026-01-03T20:44:27+00:00","breadcrumb":{"@id":"https:\/\/paragaleriedetalborjt.com\/boutique\/centifolia-huile-seche-sublimatrice-105ml\/#breadcrumb"},"inLanguage":"en-US","potentialAction":[{"@type":"ReadAction","target":["https:\/\/paragaleriedetalborjt.com\/boutique\/centifolia-huile-seche-sublimatrice-105ml\/"]}]},{"@type":"ImageObject","inLanguage":"en-US","@id":"https:\/\/paragaleriedetalborjt.com\/boutique\/centifolia-huile-seche-sublimatrice-105ml\/#primaryimage","url":"https:\/\/paragaleriedetalborjt.com\/wp-content\/uploads\/2026\/01\/huile-seche-sublimatrice-nectar-dore-105-ml.jpg","contentUrl":"https:\/\/paragaleriedetalborjt.com\/wp-content\/uploads\/2026\/01\/huile-seche-sublimatrice-nectar-dore-105-ml.jpg","width":595,"height":655},{"@type":"BreadcrumbList","@id":"https:\/\/paragaleriedetalborjt.com\/boutique\/centifolia-huile-seche-sublimatrice-105ml\/#breadcrumb","itemListElement":[{"@type":"ListItem","position":1,"name":"Accueil","item":"https:\/\/paragaleriedetalborjt.com\/"},{"@type":"ListItem","position":2,"name":"Boutique","item":"https:\/\/paragaleriedetalborjt.com\/boutique\/"},{"@type":"ListItem","position":3,"name":"CENTIFOLIA HUILE S\u00c8CHE SUBLIMATRICE 105ml"}]},{"@type":"WebSite","@id":"https:\/\/paragaleriedetalborjt.com\/#website","url":"https:\/\/paragaleriedetalborjt.com\/","name":"paragaleriedetalborjt","description":"","potentialAction":[{"@type":"SearchAction","target":{"@type":"EntryPoint","urlTemplate":"https:\/\/paragaleriedetalborjt.com\/?s={search_term_string}"},"query-input":{"@type":"PropertyValueSpecification","valueRequired":true,"valueName":"search_term_string"}}],"inLanguage":"en-US"}]}},"brands":[{"id":1839,"name":"CENTIFOLIA","slug":"centifolia"}],"_links":{"self":[{"href":"https:\/\/paragaleriedetalborjt.com\/en\/wp-json\/wp\/v2\/product\/42766","targetHints":{"allow":["GET"]}}],"collection":[{"href":"https:\/\/paragaleriedetalborjt.com\/en\/wp-json\/wp\/v2\/product"}],"about":[{"href":"https:\/\/paragaleriedetalborjt.com\/en\/wp-json\/wp\/v2\/types\/product"}],"replies":[{"embeddable":true,"href":"https:\/\/paragaleriedetalborjt.com\/en\/wp-json\/wp\/v2\/comments?post=42766"}],"version-history":[{"count":1,"href":"https:\/\/paragaleriedetalborjt.com\/en\/wp-json\/wp\/v2\/product\/42766\/revisions"}],"predecessor-version":[{"id":42768,"href":"https:\/\/paragaleriedetalborjt.com\/en\/wp-json\/wp\/v2\/product\/42766\/revisions\/42768"}],"wp:featuredmedia":[{"embeddable":true,"href":"https:\/\/paragaleriedetalborjt.com\/en\/wp-json\/wp\/v2\/media\/42767"}],"wp:attachment":[{"href":"https:\/\/paragaleriedetalborjt.com\/en\/wp-json\/wp\/v2\/media?parent=42766"}],"wp:term":[{"taxonomy":"pwb-brand","embeddable":true,"href":"https:\/\/paragaleriedetalborjt.com\/en\/wp-json\/wp\/v2\/pwb-brand?post=42766"},{"taxonomy":"product_cat","embeddable":true,"href":"https:\/\/paragaleriedetalborjt.com\/en\/wp-json\/wp\/v2\/product_cat?post=42766"},{"taxonomy":"product_tag","embeddable":true,"href":"https:\/\/paragaleriedetalborjt.com\/en\/wp-json\/wp\/v2\/product_tag?post=42766"}],"curies":[{"name":"wp","href":"https:\/\/api.w.org\/{rel}","templated":true}]}}