{"id":42763,"date":"2026-01-03T21:44:20","date_gmt":"2026-01-03T20:44:20","guid":{"rendered":"https:\/\/paragaleriedetalborjt.com\/?post_type=product&#038;p=42763"},"modified":"2026-01-03T21:44:21","modified_gmt":"2026-01-03T20:44:21","slug":"centifolia-nectar-dore-huile-soin-sous-la-douche-200ml","status":"publish","type":"product","link":"https:\/\/paragaleriedetalborjt.com\/en\/boutique\/centifolia-nectar-dore-huile-soin-sous-la-douche-200ml\/","title":{"rendered":"CENTIFOLIA Nectar Dor\u00e9  HUILE SOIN SOUS LA DOUCHE 200ml"},"content":{"rendered":"<div aria-labelledby=\"tab-title-description\" class=\"woocommerce-Tabs-panel woocommerce-Tabs-panel--description panel entry-content wc-tab\" id=\"tab-description\" role=\"tabpanel\" style=\"\">\n<h2>Description<\/h2>\n<p>L\u2019huile sous la douche poss\u00e8de une texture fondante qui se transforme en lait au contact de l\u2019eau. V\u00e9ritable soin, l\u2019huile laisse un film nourrissant et un voile divinement parfum\u00e9. La peau retrouve un toucher soyeux sans film gras pour un confort imm\u00e9diat en un rien de temps.<\/p>\n<p>Pour sa gamme Beaut\u00e9, Centifolia a choisi, comme ingr\u00e9dient phare, un actif aux merveilleuses vertus : l\u2019huile de\u00a0Cam\u00e9lia\u00a0bio. Elle est utilis\u00e9e depuis longtemps par les japonaises pour ses vertus contre le temps. Tr\u00e8s douce, l\u2019huile v\u00e9g\u00e9tale de Cam\u00e9lia poss\u00e8de des propri\u00e9t\u00e9s nourrissantes, protectrices, adoucissantes et assouplissantes pour la peau.<\/p>\n<p>Emballage recyclable et garanti sans phtalate ni Bisph\u00e9nol A. Fabriqu\u00e9 en France.<\/p>\n<p><strong>Conseils d\u2019utilisation :<\/strong><\/p>\n<section id=\"wrapper\">\n<div id=\"content-wrapper\">\n<div class=\"product-wrapper\">\n<div class=\"container\">\n<section class=\"product-tabs tabs\">\n<div class=\"row\">\n<div class=\"col-md-6 col-xs-12\">\n<div class=\"tab-content\" id=\"tab-content\">\n<div aria-expanded=\"true\" class=\"tab-pane fade in active\" id=\"advices\" role=\"tabpanel\">\n<div class=\"product-advices\">\n<p>Apr\u00e8s avoir nettoy\u00e9 votre peau sous la douche, appliquer l\u2019huile sur peau humide et masser d\u00e9licatement l\u2019ensemble du corps. Rincer puis s\u00e9cher.<\/p>\n<\/div>\n<\/div>\n<\/div>\n<\/div>\n<\/div>\n<\/section>\n<\/div>\n<\/div>\n<\/div>\n<\/section>\n<section class=\"trustt_section\">\n<div class=\"container\">\n<div id=\"trustbeauty_review_thread\"><\/div>\n<\/div>\n<\/section>\n<\/div>","protected":false},"excerpt":{"rendered":"<p>Highlights:A l\u2019huile de Cam\u00e9lia bio100% d\u2019ingr\u00e9dients d\u2019origine naturelleTexture innovante 2 temps : huile puis laitEffet satin\u00e9 et non collantParfum envo\u00fbtant<\/p>","protected":false},"featured_media":42764,"comment_status":"open","ping_status":"closed","template":"","meta":[],"pwb-brand":[1839],"product_cat":[16],"product_tag":[],"class_list":{"0":"post-42763","1":"product","2":"type-product","3":"status-publish","4":"has-post-thumbnail","6":"pwb-brand-centifolia","7":"product_cat-non-classe","8":"pa_brands-centifolia","10":"first","11":"instock","12":"sale","13":"shipping-taxable","14":"purchasable","15":"product-type-simple"},"yoast_head":"<!-- This site is optimized with the Yoast SEO plugin v27.5 - https:\/\/yoast.com\/product\/yoast-seo-wordpress\/ -->\n<title>CENTIFOLIA Nectar Dor\u00e9 HUILE SOIN SOUS LA DOUCHE 200ml - paragaleriedetalborjt<\/title>\n<meta name=\"robots\" content=\"index, follow, max-snippet:-1, max-image-preview:large, max-video-preview:-1\" \/>\n<link rel=\"canonical\" href=\"https:\/\/paragaleriedetalborjt.com\/en\/boutique\/centifolia-nectar-dore-huile-soin-sous-la-douche-200ml\/\" \/>\n<meta property=\"og:locale\" content=\"en_US\" \/>\n<meta property=\"og:type\" content=\"article\" \/>\n<meta property=\"og:title\" content=\"CENTIFOLIA Nectar Dor\u00e9 HUILE SOIN SOUS LA DOUCHE 200ml - paragaleriedetalborjt\" \/>\n<meta property=\"og:description\" content=\"Highlights:A l\u2019huile de Cam\u00e9lia bio100% d\u2019ingr\u00e9dients d\u2019origine naturelleTexture innovante 2 temps : huile puis laitEffet satin\u00e9 et non collantParfum envo\u00fbtant\" \/>\n<meta property=\"og:url\" content=\"https:\/\/paragaleriedetalborjt.com\/en\/boutique\/centifolia-nectar-dore-huile-soin-sous-la-douche-200ml\/\" \/>\n<meta property=\"og:site_name\" content=\"paragaleriedetalborjt\" \/>\n<meta property=\"article:modified_time\" content=\"2026-01-03T20:44:21+00:00\" \/>\n<meta property=\"og:image\" content=\"https:\/\/paragaleriedetalborjt.com\/wp-content\/uploads\/2026\/01\/huile-soin-sous-la-douche-nectar-dore-centifolia.jpg\" \/>\n\t<meta property=\"og:image:width\" content=\"595\" \/>\n\t<meta property=\"og:image:height\" content=\"655\" \/>\n\t<meta property=\"og:image:type\" content=\"image\/jpeg\" \/>\n<meta name=\"twitter:card\" content=\"summary_large_image\" \/>\n<meta name=\"twitter:label1\" content=\"Est. reading time\" \/>\n\t<meta name=\"twitter:data1\" content=\"1 minute\" \/>\n<script type=\"application\/ld+json\" class=\"yoast-schema-graph\">{\"@context\":\"https:\\\/\\\/schema.org\",\"@graph\":[{\"@type\":\"WebPage\",\"@id\":\"https:\\\/\\\/paragaleriedetalborjt.com\\\/boutique\\\/centifolia-nectar-dore-huile-soin-sous-la-douche-200ml\\\/\",\"url\":\"https:\\\/\\\/paragaleriedetalborjt.com\\\/boutique\\\/centifolia-nectar-dore-huile-soin-sous-la-douche-200ml\\\/\",\"name\":\"CENTIFOLIA Nectar Dor\u00e9 HUILE SOIN SOUS LA DOUCHE 200ml - paragaleriedetalborjt\",\"isPartOf\":{\"@id\":\"https:\\\/\\\/paragaleriedetalborjt.com\\\/#website\"},\"primaryImageOfPage\":{\"@id\":\"https:\\\/\\\/paragaleriedetalborjt.com\\\/boutique\\\/centifolia-nectar-dore-huile-soin-sous-la-douche-200ml\\\/#primaryimage\"},\"image\":{\"@id\":\"https:\\\/\\\/paragaleriedetalborjt.com\\\/boutique\\\/centifolia-nectar-dore-huile-soin-sous-la-douche-200ml\\\/#primaryimage\"},\"thumbnailUrl\":\"https:\\\/\\\/paragaleriedetalborjt.com\\\/wp-content\\\/uploads\\\/2026\\\/01\\\/huile-soin-sous-la-douche-nectar-dore-centifolia.jpg\",\"datePublished\":\"2026-01-03T20:44:20+00:00\",\"dateModified\":\"2026-01-03T20:44:21+00:00\",\"breadcrumb\":{\"@id\":\"https:\\\/\\\/paragaleriedetalborjt.com\\\/boutique\\\/centifolia-nectar-dore-huile-soin-sous-la-douche-200ml\\\/#breadcrumb\"},\"inLanguage\":\"en-US\",\"potentialAction\":[{\"@type\":\"ReadAction\",\"target\":[\"https:\\\/\\\/paragaleriedetalborjt.com\\\/boutique\\\/centifolia-nectar-dore-huile-soin-sous-la-douche-200ml\\\/\"]}]},{\"@type\":\"ImageObject\",\"inLanguage\":\"en-US\",\"@id\":\"https:\\\/\\\/paragaleriedetalborjt.com\\\/boutique\\\/centifolia-nectar-dore-huile-soin-sous-la-douche-200ml\\\/#primaryimage\",\"url\":\"https:\\\/\\\/paragaleriedetalborjt.com\\\/wp-content\\\/uploads\\\/2026\\\/01\\\/huile-soin-sous-la-douche-nectar-dore-centifolia.jpg\",\"contentUrl\":\"https:\\\/\\\/paragaleriedetalborjt.com\\\/wp-content\\\/uploads\\\/2026\\\/01\\\/huile-soin-sous-la-douche-nectar-dore-centifolia.jpg\",\"width\":595,\"height\":655},{\"@type\":\"BreadcrumbList\",\"@id\":\"https:\\\/\\\/paragaleriedetalborjt.com\\\/boutique\\\/centifolia-nectar-dore-huile-soin-sous-la-douche-200ml\\\/#breadcrumb\",\"itemListElement\":[{\"@type\":\"ListItem\",\"position\":1,\"name\":\"Accueil\",\"item\":\"https:\\\/\\\/paragaleriedetalborjt.com\\\/\"},{\"@type\":\"ListItem\",\"position\":2,\"name\":\"Boutique\",\"item\":\"https:\\\/\\\/paragaleriedetalborjt.com\\\/boutique\\\/\"},{\"@type\":\"ListItem\",\"position\":3,\"name\":\"CENTIFOLIA Nectar Dor\u00e9 HUILE SOIN SOUS LA DOUCHE 200ml\"}]},{\"@type\":\"WebSite\",\"@id\":\"https:\\\/\\\/paragaleriedetalborjt.com\\\/#website\",\"url\":\"https:\\\/\\\/paragaleriedetalborjt.com\\\/\",\"name\":\"paragaleriedetalborjt\",\"description\":\"\",\"potentialAction\":[{\"@type\":\"SearchAction\",\"target\":{\"@type\":\"EntryPoint\",\"urlTemplate\":\"https:\\\/\\\/paragaleriedetalborjt.com\\\/?s={search_term_string}\"},\"query-input\":{\"@type\":\"PropertyValueSpecification\",\"valueRequired\":true,\"valueName\":\"search_term_string\"}}],\"inLanguage\":\"en-US\"}]}<\/script>\n<!-- \/ Yoast SEO plugin. -->","yoast_head_json":{"title":"CENTIFOLIA Nectar Dor\u00e9 HUILE SOIN SOUS LA DOUCHE 200ml - paragaleriedetalborjt","robots":{"index":"index","follow":"follow","max-snippet":"max-snippet:-1","max-image-preview":"max-image-preview:large","max-video-preview":"max-video-preview:-1"},"canonical":"https:\/\/paragaleriedetalborjt.com\/en\/boutique\/centifolia-nectar-dore-huile-soin-sous-la-douche-200ml\/","og_locale":"en_US","og_type":"article","og_title":"CENTIFOLIA Nectar Dor\u00e9 HUILE SOIN SOUS LA DOUCHE 200ml - paragaleriedetalborjt","og_description":"Highlights:A l\u2019huile de Cam\u00e9lia bio100% d\u2019ingr\u00e9dients d\u2019origine naturelleTexture innovante 2 temps : huile puis laitEffet satin\u00e9 et non collantParfum envo\u00fbtant","og_url":"https:\/\/paragaleriedetalborjt.com\/en\/boutique\/centifolia-nectar-dore-huile-soin-sous-la-douche-200ml\/","og_site_name":"paragaleriedetalborjt","article_modified_time":"2026-01-03T20:44:21+00:00","og_image":[{"width":595,"height":655,"url":"https:\/\/paragaleriedetalborjt.com\/wp-content\/uploads\/2026\/01\/huile-soin-sous-la-douche-nectar-dore-centifolia.jpg","type":"image\/jpeg"}],"twitter_card":"summary_large_image","twitter_misc":{"Est. reading time":"1 minute"},"schema":{"@context":"https:\/\/schema.org","@graph":[{"@type":"WebPage","@id":"https:\/\/paragaleriedetalborjt.com\/boutique\/centifolia-nectar-dore-huile-soin-sous-la-douche-200ml\/","url":"https:\/\/paragaleriedetalborjt.com\/boutique\/centifolia-nectar-dore-huile-soin-sous-la-douche-200ml\/","name":"CENTIFOLIA Nectar Dor\u00e9 HUILE SOIN SOUS LA DOUCHE 200ml - paragaleriedetalborjt","isPartOf":{"@id":"https:\/\/paragaleriedetalborjt.com\/#website"},"primaryImageOfPage":{"@id":"https:\/\/paragaleriedetalborjt.com\/boutique\/centifolia-nectar-dore-huile-soin-sous-la-douche-200ml\/#primaryimage"},"image":{"@id":"https:\/\/paragaleriedetalborjt.com\/boutique\/centifolia-nectar-dore-huile-soin-sous-la-douche-200ml\/#primaryimage"},"thumbnailUrl":"https:\/\/paragaleriedetalborjt.com\/wp-content\/uploads\/2026\/01\/huile-soin-sous-la-douche-nectar-dore-centifolia.jpg","datePublished":"2026-01-03T20:44:20+00:00","dateModified":"2026-01-03T20:44:21+00:00","breadcrumb":{"@id":"https:\/\/paragaleriedetalborjt.com\/boutique\/centifolia-nectar-dore-huile-soin-sous-la-douche-200ml\/#breadcrumb"},"inLanguage":"en-US","potentialAction":[{"@type":"ReadAction","target":["https:\/\/paragaleriedetalborjt.com\/boutique\/centifolia-nectar-dore-huile-soin-sous-la-douche-200ml\/"]}]},{"@type":"ImageObject","inLanguage":"en-US","@id":"https:\/\/paragaleriedetalborjt.com\/boutique\/centifolia-nectar-dore-huile-soin-sous-la-douche-200ml\/#primaryimage","url":"https:\/\/paragaleriedetalborjt.com\/wp-content\/uploads\/2026\/01\/huile-soin-sous-la-douche-nectar-dore-centifolia.jpg","contentUrl":"https:\/\/paragaleriedetalborjt.com\/wp-content\/uploads\/2026\/01\/huile-soin-sous-la-douche-nectar-dore-centifolia.jpg","width":595,"height":655},{"@type":"BreadcrumbList","@id":"https:\/\/paragaleriedetalborjt.com\/boutique\/centifolia-nectar-dore-huile-soin-sous-la-douche-200ml\/#breadcrumb","itemListElement":[{"@type":"ListItem","position":1,"name":"Accueil","item":"https:\/\/paragaleriedetalborjt.com\/"},{"@type":"ListItem","position":2,"name":"Boutique","item":"https:\/\/paragaleriedetalborjt.com\/boutique\/"},{"@type":"ListItem","position":3,"name":"CENTIFOLIA Nectar Dor\u00e9 HUILE SOIN SOUS LA DOUCHE 200ml"}]},{"@type":"WebSite","@id":"https:\/\/paragaleriedetalborjt.com\/#website","url":"https:\/\/paragaleriedetalborjt.com\/","name":"paragaleriedetalborjt","description":"","potentialAction":[{"@type":"SearchAction","target":{"@type":"EntryPoint","urlTemplate":"https:\/\/paragaleriedetalborjt.com\/?s={search_term_string}"},"query-input":{"@type":"PropertyValueSpecification","valueRequired":true,"valueName":"search_term_string"}}],"inLanguage":"en-US"}]}},"brands":[{"id":1839,"name":"CENTIFOLIA","slug":"centifolia"}],"_links":{"self":[{"href":"https:\/\/paragaleriedetalborjt.com\/en\/wp-json\/wp\/v2\/product\/42763","targetHints":{"allow":["GET"]}}],"collection":[{"href":"https:\/\/paragaleriedetalborjt.com\/en\/wp-json\/wp\/v2\/product"}],"about":[{"href":"https:\/\/paragaleriedetalborjt.com\/en\/wp-json\/wp\/v2\/types\/product"}],"replies":[{"embeddable":true,"href":"https:\/\/paragaleriedetalborjt.com\/en\/wp-json\/wp\/v2\/comments?post=42763"}],"version-history":[{"count":1,"href":"https:\/\/paragaleriedetalborjt.com\/en\/wp-json\/wp\/v2\/product\/42763\/revisions"}],"predecessor-version":[{"id":42765,"href":"https:\/\/paragaleriedetalborjt.com\/en\/wp-json\/wp\/v2\/product\/42763\/revisions\/42765"}],"wp:featuredmedia":[{"embeddable":true,"href":"https:\/\/paragaleriedetalborjt.com\/en\/wp-json\/wp\/v2\/media\/42764"}],"wp:attachment":[{"href":"https:\/\/paragaleriedetalborjt.com\/en\/wp-json\/wp\/v2\/media?parent=42763"}],"wp:term":[{"taxonomy":"pwb-brand","embeddable":true,"href":"https:\/\/paragaleriedetalborjt.com\/en\/wp-json\/wp\/v2\/pwb-brand?post=42763"},{"taxonomy":"product_cat","embeddable":true,"href":"https:\/\/paragaleriedetalborjt.com\/en\/wp-json\/wp\/v2\/product_cat?post=42763"},{"taxonomy":"product_tag","embeddable":true,"href":"https:\/\/paragaleriedetalborjt.com\/en\/wp-json\/wp\/v2\/product_tag?post=42763"}],"curies":[{"name":"wp","href":"https:\/\/api.w.org\/{rel}","templated":true}]}}