{"id":42760,"date":"2026-01-03T21:44:13","date_gmt":"2026-01-03T20:44:13","guid":{"rendered":"https:\/\/paragaleriedetalborjt.com\/?post_type=product&#038;p=42760"},"modified":"2026-01-03T21:44:14","modified_gmt":"2026-01-03T20:44:14","slug":"centifolia-sublime-brillance-masque-soin-brillance-intense-3en1-250ml","status":"publish","type":"product","link":"https:\/\/paragaleriedetalborjt.com\/en\/boutique\/centifolia-sublime-brillance-masque-soin-brillance-intense-3en1-250ml\/","title":{"rendered":"CENTIFOLIA Sublime brillance MASQUE SOIN BRILLANCE INTENSE 3EN1 250ml"},"content":{"rendered":"<div aria-labelledby=\"tab-title-description\" class=\"woocommerce-Tabs-panel woocommerce-Tabs-panel--description panel entry-content wc-tab\" id=\"tab-description\" role=\"tabpanel\" style=\"\">\n<h2>Description<\/h2>\n<p>Adapt\u00e9 \u00e0 tous les types de cheveux m\u00eame boucl\u00e9s, le masque soin brillance intense 3en1 Centifolia illumine et sublime vos cheveux d\u00e8s la premi\u00e8re utilisation gr\u00e2ce \u00e0 sa formule bio efficace, ultra-douce et biod\u00e9gradable.<\/p>\n<p>L\u2019extrait de Framboise BIO issu de la pulpe des framboises fra\u00eeches a \u00e9t\u00e9 minutieusement s\u00e9lectionn\u00e9 pour redonner de l\u2019\u00e9clat \u00e0 vos cheveux, il offre une brillance exceptionnelle !<\/p>\n<p>La K\u00e9ratine V\u00e9g\u00e9tale va pr\u00e9server la structure interne du cheveu face aux agressions en limitant l\u00b4alt\u00e9ration des prot\u00e9ines, constituant majeur de la fibre capillaire. Elle apporte un effet gainant et offre \u00e0 votre chevelure douceur et l\u00e9g\u00e8ret\u00e9.<\/p>\n<p>\u00c9clatants, vos cheveux deviennent plus brillants, plus souples et plus doux au toucher. Sans \u00eatre alourdis, ils sont vraiment plus faciles \u00e0 coiffer. Efficacit\u00e9 prouv\u00e9e sur l\u2019\u00e9clat du cheveu.<\/p>\n<p>Vous allez adorer son utilisation 3en1 !<\/p>\n<p><strong>Conseils\u00a0 d\u2019utilisation :<\/strong><\/p>\n<p><strong>3 fa\u00e7ons de l\u2019utiliser<\/strong>\u00a0:<\/p>\n<p><strong>EN MASQUE<\/strong>\u00a0: apr\u00e8s votre shampooing ou votre soin d\u00e9m\u00ealant, appliquer votre masque sur l\u2019ensemble de la chevelure mouill\u00e9e, laisser agir 5 minutes, puis rincer.<\/p>\n<p><strong>EN SOIN SANS RIN\u00c7AGE<\/strong>\u00a0: \u00e0 appliquer sur vos longueurs s\u00e8ches ou humides en petite quantit\u00e9 pour prot\u00e9ger vos pointes ou dessiner vos boucles.<\/p>\n<p><strong>EN MASQUE DE NUIT<\/strong>\u00a0: Appliquer sur cheveux secs pour r\u00e9parer toute la nuit, puis rincer le lendemain avec un shampooing.<\/p>\n<p>Convient aux cheveux color\u00e9s et boucl\u00e9s.<\/p>\n<p>\u00c9viter le contact avec les yeux. En cas de contact, rincer abondamment \u00e0 l\u2019eau. Pour plus de r\u00e9sultats, compl\u00e9ter votre routine avec les produits de la gamme BRILLANCE.<\/p>\n<\/div>","protected":false},"excerpt":{"rendered":"<p>Highlights:Illumine d\u00e8s la premi\u00e8re utilisation tous les types de cheveuxEfficacit\u00e9 prouv\u00e9e sur l\u2019\u00e9clat du cheveux : +35,6%Formul\u00e9 avec de la K\u00e9ratine V\u00e9g\u00e9taleFormule 97,6% BIODEGRADABLEPot 100% recycl\u00e9 et recyclable98% d\u2019ingr\u00e9dients d\u2019origine naturelleFormule vegan<\/p>","protected":false},"featured_media":42761,"comment_status":"open","ping_status":"closed","template":"","meta":[],"pwb-brand":[1839],"product_cat":[16],"product_tag":[],"class_list":{"0":"post-42760","1":"product","2":"type-product","3":"status-publish","4":"has-post-thumbnail","6":"pwb-brand-centifolia","7":"product_cat-non-classe","8":"pa_brands-centifolia","10":"first","11":"instock","12":"sale","13":"shipping-taxable","14":"purchasable","15":"product-type-simple"},"yoast_head":"<!-- This site is optimized with the Yoast SEO plugin v27.5 - https:\/\/yoast.com\/product\/yoast-seo-wordpress\/ -->\n<title>CENTIFOLIA Sublime brillance MASQUE SOIN BRILLANCE INTENSE 3EN1 250ml - paragaleriedetalborjt<\/title>\n<meta name=\"robots\" content=\"index, follow, max-snippet:-1, max-image-preview:large, max-video-preview:-1\" \/>\n<link rel=\"canonical\" href=\"https:\/\/paragaleriedetalborjt.com\/en\/boutique\/centifolia-sublime-brillance-masque-soin-brillance-intense-3en1-250ml\/\" \/>\n<meta property=\"og:locale\" content=\"en_US\" \/>\n<meta property=\"og:type\" content=\"article\" \/>\n<meta property=\"og:title\" content=\"CENTIFOLIA Sublime brillance MASQUE SOIN BRILLANCE INTENSE 3EN1 250ml - paragaleriedetalborjt\" \/>\n<meta property=\"og:description\" content=\"Highlights:Illumine d\u00e8s la premi\u00e8re utilisation tous les types de cheveuxEfficacit\u00e9 prouv\u00e9e sur l\u2019\u00e9clat du cheveux : +35,6%Formul\u00e9 avec de la K\u00e9ratine V\u00e9g\u00e9taleFormule 97,6% BIODEGRADABLEPot 100% recycl\u00e9 et recyclable98% d\u2019ingr\u00e9dients d\u2019origine naturelleFormule vegan\" \/>\n<meta property=\"og:url\" content=\"https:\/\/paragaleriedetalborjt.com\/en\/boutique\/centifolia-sublime-brillance-masque-soin-brillance-intense-3en1-250ml\/\" \/>\n<meta property=\"og:site_name\" content=\"paragaleriedetalborjt\" \/>\n<meta property=\"article:modified_time\" content=\"2026-01-03T20:44:14+00:00\" \/>\n<meta property=\"og:image\" content=\"https:\/\/paragaleriedetalborjt.com\/wp-content\/uploads\/2026\/01\/masque-soin-brillance-intense-3en1.jpg\" \/>\n\t<meta property=\"og:image:width\" content=\"595\" \/>\n\t<meta property=\"og:image:height\" content=\"655\" \/>\n\t<meta property=\"og:image:type\" content=\"image\/jpeg\" \/>\n<meta name=\"twitter:card\" content=\"summary_large_image\" \/>\n<meta name=\"twitter:label1\" content=\"Est. reading time\" \/>\n\t<meta name=\"twitter:data1\" content=\"1 minute\" \/>\n<script type=\"application\/ld+json\" class=\"yoast-schema-graph\">{\"@context\":\"https:\\\/\\\/schema.org\",\"@graph\":[{\"@type\":\"WebPage\",\"@id\":\"https:\\\/\\\/paragaleriedetalborjt.com\\\/boutique\\\/centifolia-sublime-brillance-masque-soin-brillance-intense-3en1-250ml\\\/\",\"url\":\"https:\\\/\\\/paragaleriedetalborjt.com\\\/boutique\\\/centifolia-sublime-brillance-masque-soin-brillance-intense-3en1-250ml\\\/\",\"name\":\"CENTIFOLIA Sublime brillance MASQUE SOIN BRILLANCE INTENSE 3EN1 250ml - paragaleriedetalborjt\",\"isPartOf\":{\"@id\":\"https:\\\/\\\/paragaleriedetalborjt.com\\\/#website\"},\"primaryImageOfPage\":{\"@id\":\"https:\\\/\\\/paragaleriedetalborjt.com\\\/boutique\\\/centifolia-sublime-brillance-masque-soin-brillance-intense-3en1-250ml\\\/#primaryimage\"},\"image\":{\"@id\":\"https:\\\/\\\/paragaleriedetalborjt.com\\\/boutique\\\/centifolia-sublime-brillance-masque-soin-brillance-intense-3en1-250ml\\\/#primaryimage\"},\"thumbnailUrl\":\"https:\\\/\\\/paragaleriedetalborjt.com\\\/wp-content\\\/uploads\\\/2026\\\/01\\\/masque-soin-brillance-intense-3en1.jpg\",\"datePublished\":\"2026-01-03T20:44:13+00:00\",\"dateModified\":\"2026-01-03T20:44:14+00:00\",\"breadcrumb\":{\"@id\":\"https:\\\/\\\/paragaleriedetalborjt.com\\\/boutique\\\/centifolia-sublime-brillance-masque-soin-brillance-intense-3en1-250ml\\\/#breadcrumb\"},\"inLanguage\":\"en-US\",\"potentialAction\":[{\"@type\":\"ReadAction\",\"target\":[\"https:\\\/\\\/paragaleriedetalborjt.com\\\/boutique\\\/centifolia-sublime-brillance-masque-soin-brillance-intense-3en1-250ml\\\/\"]}]},{\"@type\":\"ImageObject\",\"inLanguage\":\"en-US\",\"@id\":\"https:\\\/\\\/paragaleriedetalborjt.com\\\/boutique\\\/centifolia-sublime-brillance-masque-soin-brillance-intense-3en1-250ml\\\/#primaryimage\",\"url\":\"https:\\\/\\\/paragaleriedetalborjt.com\\\/wp-content\\\/uploads\\\/2026\\\/01\\\/masque-soin-brillance-intense-3en1.jpg\",\"contentUrl\":\"https:\\\/\\\/paragaleriedetalborjt.com\\\/wp-content\\\/uploads\\\/2026\\\/01\\\/masque-soin-brillance-intense-3en1.jpg\",\"width\":595,\"height\":655},{\"@type\":\"BreadcrumbList\",\"@id\":\"https:\\\/\\\/paragaleriedetalborjt.com\\\/boutique\\\/centifolia-sublime-brillance-masque-soin-brillance-intense-3en1-250ml\\\/#breadcrumb\",\"itemListElement\":[{\"@type\":\"ListItem\",\"position\":1,\"name\":\"Accueil\",\"item\":\"https:\\\/\\\/paragaleriedetalborjt.com\\\/\"},{\"@type\":\"ListItem\",\"position\":2,\"name\":\"Boutique\",\"item\":\"https:\\\/\\\/paragaleriedetalborjt.com\\\/boutique\\\/\"},{\"@type\":\"ListItem\",\"position\":3,\"name\":\"CENTIFOLIA Sublime brillance MASQUE SOIN BRILLANCE INTENSE 3EN1 250ml\"}]},{\"@type\":\"WebSite\",\"@id\":\"https:\\\/\\\/paragaleriedetalborjt.com\\\/#website\",\"url\":\"https:\\\/\\\/paragaleriedetalborjt.com\\\/\",\"name\":\"paragaleriedetalborjt\",\"description\":\"\",\"potentialAction\":[{\"@type\":\"SearchAction\",\"target\":{\"@type\":\"EntryPoint\",\"urlTemplate\":\"https:\\\/\\\/paragaleriedetalborjt.com\\\/?s={search_term_string}\"},\"query-input\":{\"@type\":\"PropertyValueSpecification\",\"valueRequired\":true,\"valueName\":\"search_term_string\"}}],\"inLanguage\":\"en-US\"}]}<\/script>\n<!-- \/ Yoast SEO plugin. -->","yoast_head_json":{"title":"CENTIFOLIA Sublime brillance MASQUE SOIN BRILLANCE INTENSE 3EN1 250ml - paragaleriedetalborjt","robots":{"index":"index","follow":"follow","max-snippet":"max-snippet:-1","max-image-preview":"max-image-preview:large","max-video-preview":"max-video-preview:-1"},"canonical":"https:\/\/paragaleriedetalborjt.com\/en\/boutique\/centifolia-sublime-brillance-masque-soin-brillance-intense-3en1-250ml\/","og_locale":"en_US","og_type":"article","og_title":"CENTIFOLIA Sublime brillance MASQUE SOIN BRILLANCE INTENSE 3EN1 250ml - paragaleriedetalborjt","og_description":"Highlights:Illumine d\u00e8s la premi\u00e8re utilisation tous les types de cheveuxEfficacit\u00e9 prouv\u00e9e sur l\u2019\u00e9clat du cheveux : +35,6%Formul\u00e9 avec de la K\u00e9ratine V\u00e9g\u00e9taleFormule 97,6% BIODEGRADABLEPot 100% recycl\u00e9 et recyclable98% d\u2019ingr\u00e9dients d\u2019origine naturelleFormule vegan","og_url":"https:\/\/paragaleriedetalborjt.com\/en\/boutique\/centifolia-sublime-brillance-masque-soin-brillance-intense-3en1-250ml\/","og_site_name":"paragaleriedetalborjt","article_modified_time":"2026-01-03T20:44:14+00:00","og_image":[{"width":595,"height":655,"url":"https:\/\/paragaleriedetalborjt.com\/wp-content\/uploads\/2026\/01\/masque-soin-brillance-intense-3en1.jpg","type":"image\/jpeg"}],"twitter_card":"summary_large_image","twitter_misc":{"Est. reading time":"1 minute"},"schema":{"@context":"https:\/\/schema.org","@graph":[{"@type":"WebPage","@id":"https:\/\/paragaleriedetalborjt.com\/boutique\/centifolia-sublime-brillance-masque-soin-brillance-intense-3en1-250ml\/","url":"https:\/\/paragaleriedetalborjt.com\/boutique\/centifolia-sublime-brillance-masque-soin-brillance-intense-3en1-250ml\/","name":"CENTIFOLIA Sublime brillance MASQUE SOIN BRILLANCE INTENSE 3EN1 250ml - paragaleriedetalborjt","isPartOf":{"@id":"https:\/\/paragaleriedetalborjt.com\/#website"},"primaryImageOfPage":{"@id":"https:\/\/paragaleriedetalborjt.com\/boutique\/centifolia-sublime-brillance-masque-soin-brillance-intense-3en1-250ml\/#primaryimage"},"image":{"@id":"https:\/\/paragaleriedetalborjt.com\/boutique\/centifolia-sublime-brillance-masque-soin-brillance-intense-3en1-250ml\/#primaryimage"},"thumbnailUrl":"https:\/\/paragaleriedetalborjt.com\/wp-content\/uploads\/2026\/01\/masque-soin-brillance-intense-3en1.jpg","datePublished":"2026-01-03T20:44:13+00:00","dateModified":"2026-01-03T20:44:14+00:00","breadcrumb":{"@id":"https:\/\/paragaleriedetalborjt.com\/boutique\/centifolia-sublime-brillance-masque-soin-brillance-intense-3en1-250ml\/#breadcrumb"},"inLanguage":"en-US","potentialAction":[{"@type":"ReadAction","target":["https:\/\/paragaleriedetalborjt.com\/boutique\/centifolia-sublime-brillance-masque-soin-brillance-intense-3en1-250ml\/"]}]},{"@type":"ImageObject","inLanguage":"en-US","@id":"https:\/\/paragaleriedetalborjt.com\/boutique\/centifolia-sublime-brillance-masque-soin-brillance-intense-3en1-250ml\/#primaryimage","url":"https:\/\/paragaleriedetalborjt.com\/wp-content\/uploads\/2026\/01\/masque-soin-brillance-intense-3en1.jpg","contentUrl":"https:\/\/paragaleriedetalborjt.com\/wp-content\/uploads\/2026\/01\/masque-soin-brillance-intense-3en1.jpg","width":595,"height":655},{"@type":"BreadcrumbList","@id":"https:\/\/paragaleriedetalborjt.com\/boutique\/centifolia-sublime-brillance-masque-soin-brillance-intense-3en1-250ml\/#breadcrumb","itemListElement":[{"@type":"ListItem","position":1,"name":"Accueil","item":"https:\/\/paragaleriedetalborjt.com\/"},{"@type":"ListItem","position":2,"name":"Boutique","item":"https:\/\/paragaleriedetalborjt.com\/boutique\/"},{"@type":"ListItem","position":3,"name":"CENTIFOLIA Sublime brillance MASQUE SOIN BRILLANCE INTENSE 3EN1 250ml"}]},{"@type":"WebSite","@id":"https:\/\/paragaleriedetalborjt.com\/#website","url":"https:\/\/paragaleriedetalborjt.com\/","name":"paragaleriedetalborjt","description":"","potentialAction":[{"@type":"SearchAction","target":{"@type":"EntryPoint","urlTemplate":"https:\/\/paragaleriedetalborjt.com\/?s={search_term_string}"},"query-input":{"@type":"PropertyValueSpecification","valueRequired":true,"valueName":"search_term_string"}}],"inLanguage":"en-US"}]}},"brands":[{"id":1839,"name":"CENTIFOLIA","slug":"centifolia"}],"_links":{"self":[{"href":"https:\/\/paragaleriedetalborjt.com\/en\/wp-json\/wp\/v2\/product\/42760","targetHints":{"allow":["GET"]}}],"collection":[{"href":"https:\/\/paragaleriedetalborjt.com\/en\/wp-json\/wp\/v2\/product"}],"about":[{"href":"https:\/\/paragaleriedetalborjt.com\/en\/wp-json\/wp\/v2\/types\/product"}],"replies":[{"embeddable":true,"href":"https:\/\/paragaleriedetalborjt.com\/en\/wp-json\/wp\/v2\/comments?post=42760"}],"version-history":[{"count":1,"href":"https:\/\/paragaleriedetalborjt.com\/en\/wp-json\/wp\/v2\/product\/42760\/revisions"}],"predecessor-version":[{"id":42762,"href":"https:\/\/paragaleriedetalborjt.com\/en\/wp-json\/wp\/v2\/product\/42760\/revisions\/42762"}],"wp:featuredmedia":[{"embeddable":true,"href":"https:\/\/paragaleriedetalborjt.com\/en\/wp-json\/wp\/v2\/media\/42761"}],"wp:attachment":[{"href":"https:\/\/paragaleriedetalborjt.com\/en\/wp-json\/wp\/v2\/media?parent=42760"}],"wp:term":[{"taxonomy":"pwb-brand","embeddable":true,"href":"https:\/\/paragaleriedetalborjt.com\/en\/wp-json\/wp\/v2\/pwb-brand?post=42760"},{"taxonomy":"product_cat","embeddable":true,"href":"https:\/\/paragaleriedetalborjt.com\/en\/wp-json\/wp\/v2\/product_cat?post=42760"},{"taxonomy":"product_tag","embeddable":true,"href":"https:\/\/paragaleriedetalborjt.com\/en\/wp-json\/wp\/v2\/product_tag?post=42760"}],"curies":[{"name":"wp","href":"https:\/\/api.w.org\/{rel}","templated":true}]}}