{"id":42757,"date":"2026-01-03T21:43:59","date_gmt":"2026-01-03T20:43:59","guid":{"rendered":"https:\/\/paragaleriedetalborjt.com\/?post_type=product&#038;p=42757"},"modified":"2026-01-03T21:43:59","modified_gmt":"2026-01-03T20:43:59","slug":"centifolia-lait-soin-demelant-douceur-apres-shampoing-200ml","status":"publish","type":"product","link":"https:\/\/paragaleriedetalborjt.com\/en\/boutique\/centifolia-lait-soin-demelant-douceur-apres-shampoing-200ml\/","title":{"rendered":"CENTIFOLIA LAIT SOIN D\u00c9M\u00caLANT DOUCEUR APR\u00c8S-SHAMPOING 200ml"},"content":{"rendered":"<div aria-labelledby=\"tab-title-description\" class=\"woocommerce-Tabs-panel woocommerce-Tabs-panel--description panel entry-content wc-tab\" id=\"tab-description\" role=\"tabpanel\" style=\"\">\n<h2>Description<\/h2>\n<p>Adapt\u00e9 aux cheveux normaux, le lait soin d\u00e9m\u00ealant douceur apr\u00e8s shampooing 2en1 Centifolia d\u00e9m\u00eale et hydrate vos cheveux sans les agresser gr\u00e2ce \u00e0 sa formule bio ultra-douce et biod\u00e9gradable.<\/p>\n<p>Les Prot\u00e9ines d\u2019Amande douce facilitent le d\u00e9m\u00ealage des cheveux et apportent de la douceur \u00e0 vos cheveux<\/p>\n<p>La K\u00e9ratine V\u00e9g\u00e9tale va pr\u00e9server la structure interne du cheveu face aux agressions en limitant l\u2019alt\u00e9ration des prot\u00e9ines, constituant majeur de la fibre capillaire. Elle apporte un effet gainant et offre \u00e0 votre chevelure douceur et l\u00e9g\u00e8ret\u00e9.<\/p>\n<p>D\u00e9m\u00eal\u00e9s et hydrat\u00e9s sans \u00eatre alourdis, vos cheveux sont plus souples, plus l\u00e9gers et d\u2019une infinie douceur. Envelopp\u00e9s de soin, ils sont plus faciles \u00e0 coiffer.<\/p>\n<p>Con\u00e7u et fabriqu\u00e9 en France<\/p>\n<p>Pour plus de douceur, d\u00e9couvrez votre nouvelle routine capillaire Centifolia : INFINIE DOUCEUR<\/p>\n<p><strong>Conseils d\u2019utilisation :<\/strong><\/p>\n<p>EN SOIN APR\u00c8S-SHAMPOOING : apr\u00e8s votre shampooing, appliquer une noisette de produit sur les longueurs mouill\u00e9es. Laisser agir 2 minutes, puis rincer.<\/p>\n<p>EN SOIN SANS RIN\u00c7AGE : \u00e0 appliquer en petite quantit\u00e9 sur vos longueurs humides pour faciliter le coiffage.<\/p>\n<p>A partir de 3 ans. \u00c9viter le contact avec les yeux. En cas de contact, rincer abondamment \u00e0 l\u2019eau. Pour plus de r\u00e9sultats, compl\u00e9ter votre routine avec les produits de la gamme DOUCEUR.<\/p>\n<\/div>","protected":false},"excerpt":{"rendered":"<p>Highlights:2 usages pour les cheveux normaux : avec et sans rin\u00e7ageD\u00e9m\u00eale et hydrateFormul\u00e9 avec de la K\u00e9ratine V\u00e9g\u00e9taleFormule 100% BIODEGRADABLETube 30% recycl\u00e9 avec une capsule r\u00e9duite en plastique99% d\u2019ingr\u00e9dients d\u2019origine naturelleFormule vegan<\/p>","protected":false},"featured_media":42758,"comment_status":"open","ping_status":"closed","template":"","meta":[],"pwb-brand":[1839],"product_cat":[16],"product_tag":[],"class_list":{"0":"post-42757","1":"product","2":"type-product","3":"status-publish","4":"has-post-thumbnail","6":"pwb-brand-centifolia","7":"product_cat-non-classe","8":"pa_brands-centifolia","10":"first","11":"instock","12":"sale","13":"shipping-taxable","14":"purchasable","15":"product-type-simple"},"yoast_head":"<!-- This site is optimized with the Yoast SEO plugin v27.5 - https:\/\/yoast.com\/product\/yoast-seo-wordpress\/ -->\n<title>CENTIFOLIA LAIT SOIN D\u00c9M\u00caLANT DOUCEUR APR\u00c8S-SHAMPOING 200ml - paragaleriedetalborjt<\/title>\n<meta name=\"robots\" content=\"index, follow, max-snippet:-1, max-image-preview:large, max-video-preview:-1\" \/>\n<link rel=\"canonical\" href=\"https:\/\/paragaleriedetalborjt.com\/en\/boutique\/centifolia-lait-soin-demelant-douceur-apres-shampoing-200ml\/\" \/>\n<meta property=\"og:locale\" content=\"en_US\" \/>\n<meta property=\"og:type\" content=\"article\" \/>\n<meta property=\"og:title\" content=\"CENTIFOLIA LAIT SOIN D\u00c9M\u00caLANT DOUCEUR APR\u00c8S-SHAMPOING 200ml - paragaleriedetalborjt\" \/>\n<meta property=\"og:description\" content=\"Highlights:2 usages pour les cheveux normaux : avec et sans rin\u00e7ageD\u00e9m\u00eale et hydrateFormul\u00e9 avec de la K\u00e9ratine V\u00e9g\u00e9taleFormule 100% BIODEGRADABLETube 30% recycl\u00e9 avec une capsule r\u00e9duite en plastique99% d\u2019ingr\u00e9dients d\u2019origine naturelleFormule vegan\" \/>\n<meta property=\"og:url\" content=\"https:\/\/paragaleriedetalborjt.com\/en\/boutique\/centifolia-lait-soin-demelant-douceur-apres-shampoing-200ml\/\" \/>\n<meta property=\"og:site_name\" content=\"paragaleriedetalborjt\" \/>\n<meta property=\"og:image\" content=\"https:\/\/paragaleriedetalborjt.com\/wp-content\/uploads\/2026\/01\/lait-soin-demelant-douceur-apres-shampoing-centifolia.jpg\" \/>\n\t<meta property=\"og:image:width\" content=\"595\" \/>\n\t<meta property=\"og:image:height\" content=\"655\" \/>\n\t<meta property=\"og:image:type\" content=\"image\/jpeg\" \/>\n<meta name=\"twitter:card\" content=\"summary_large_image\" \/>\n<meta name=\"twitter:label1\" content=\"Est. reading time\" \/>\n\t<meta name=\"twitter:data1\" content=\"1 minute\" \/>\n<script type=\"application\/ld+json\" class=\"yoast-schema-graph\">{\"@context\":\"https:\\\/\\\/schema.org\",\"@graph\":[{\"@type\":\"WebPage\",\"@id\":\"https:\\\/\\\/paragaleriedetalborjt.com\\\/boutique\\\/centifolia-lait-soin-demelant-douceur-apres-shampoing-200ml\\\/\",\"url\":\"https:\\\/\\\/paragaleriedetalborjt.com\\\/boutique\\\/centifolia-lait-soin-demelant-douceur-apres-shampoing-200ml\\\/\",\"name\":\"CENTIFOLIA LAIT SOIN D\u00c9M\u00caLANT DOUCEUR APR\u00c8S-SHAMPOING 200ml - paragaleriedetalborjt\",\"isPartOf\":{\"@id\":\"https:\\\/\\\/paragaleriedetalborjt.com\\\/#website\"},\"primaryImageOfPage\":{\"@id\":\"https:\\\/\\\/paragaleriedetalborjt.com\\\/boutique\\\/centifolia-lait-soin-demelant-douceur-apres-shampoing-200ml\\\/#primaryimage\"},\"image\":{\"@id\":\"https:\\\/\\\/paragaleriedetalborjt.com\\\/boutique\\\/centifolia-lait-soin-demelant-douceur-apres-shampoing-200ml\\\/#primaryimage\"},\"thumbnailUrl\":\"https:\\\/\\\/paragaleriedetalborjt.com\\\/wp-content\\\/uploads\\\/2026\\\/01\\\/lait-soin-demelant-douceur-apres-shampoing-centifolia.jpg\",\"datePublished\":\"2026-01-03T20:43:59+00:00\",\"breadcrumb\":{\"@id\":\"https:\\\/\\\/paragaleriedetalborjt.com\\\/boutique\\\/centifolia-lait-soin-demelant-douceur-apres-shampoing-200ml\\\/#breadcrumb\"},\"inLanguage\":\"en-US\",\"potentialAction\":[{\"@type\":\"ReadAction\",\"target\":[\"https:\\\/\\\/paragaleriedetalborjt.com\\\/boutique\\\/centifolia-lait-soin-demelant-douceur-apres-shampoing-200ml\\\/\"]}]},{\"@type\":\"ImageObject\",\"inLanguage\":\"en-US\",\"@id\":\"https:\\\/\\\/paragaleriedetalborjt.com\\\/boutique\\\/centifolia-lait-soin-demelant-douceur-apres-shampoing-200ml\\\/#primaryimage\",\"url\":\"https:\\\/\\\/paragaleriedetalborjt.com\\\/wp-content\\\/uploads\\\/2026\\\/01\\\/lait-soin-demelant-douceur-apres-shampoing-centifolia.jpg\",\"contentUrl\":\"https:\\\/\\\/paragaleriedetalborjt.com\\\/wp-content\\\/uploads\\\/2026\\\/01\\\/lait-soin-demelant-douceur-apres-shampoing-centifolia.jpg\",\"width\":595,\"height\":655},{\"@type\":\"BreadcrumbList\",\"@id\":\"https:\\\/\\\/paragaleriedetalborjt.com\\\/boutique\\\/centifolia-lait-soin-demelant-douceur-apres-shampoing-200ml\\\/#breadcrumb\",\"itemListElement\":[{\"@type\":\"ListItem\",\"position\":1,\"name\":\"Accueil\",\"item\":\"https:\\\/\\\/paragaleriedetalborjt.com\\\/\"},{\"@type\":\"ListItem\",\"position\":2,\"name\":\"Boutique\",\"item\":\"https:\\\/\\\/paragaleriedetalborjt.com\\\/boutique\\\/\"},{\"@type\":\"ListItem\",\"position\":3,\"name\":\"CENTIFOLIA LAIT SOIN D\u00c9M\u00caLANT DOUCEUR APR\u00c8S-SHAMPOING 200ml\"}]},{\"@type\":\"WebSite\",\"@id\":\"https:\\\/\\\/paragaleriedetalborjt.com\\\/#website\",\"url\":\"https:\\\/\\\/paragaleriedetalborjt.com\\\/\",\"name\":\"paragaleriedetalborjt\",\"description\":\"\",\"potentialAction\":[{\"@type\":\"SearchAction\",\"target\":{\"@type\":\"EntryPoint\",\"urlTemplate\":\"https:\\\/\\\/paragaleriedetalborjt.com\\\/?s={search_term_string}\"},\"query-input\":{\"@type\":\"PropertyValueSpecification\",\"valueRequired\":true,\"valueName\":\"search_term_string\"}}],\"inLanguage\":\"en-US\"}]}<\/script>\n<!-- \/ Yoast SEO plugin. -->","yoast_head_json":{"title":"CENTIFOLIA LAIT SOIN D\u00c9M\u00caLANT DOUCEUR APR\u00c8S-SHAMPOING 200ml - paragaleriedetalborjt","robots":{"index":"index","follow":"follow","max-snippet":"max-snippet:-1","max-image-preview":"max-image-preview:large","max-video-preview":"max-video-preview:-1"},"canonical":"https:\/\/paragaleriedetalborjt.com\/en\/boutique\/centifolia-lait-soin-demelant-douceur-apres-shampoing-200ml\/","og_locale":"en_US","og_type":"article","og_title":"CENTIFOLIA LAIT SOIN D\u00c9M\u00caLANT DOUCEUR APR\u00c8S-SHAMPOING 200ml - paragaleriedetalborjt","og_description":"Highlights:2 usages pour les cheveux normaux : avec et sans rin\u00e7ageD\u00e9m\u00eale et hydrateFormul\u00e9 avec de la K\u00e9ratine V\u00e9g\u00e9taleFormule 100% BIODEGRADABLETube 30% recycl\u00e9 avec une capsule r\u00e9duite en plastique99% d\u2019ingr\u00e9dients d\u2019origine naturelleFormule vegan","og_url":"https:\/\/paragaleriedetalborjt.com\/en\/boutique\/centifolia-lait-soin-demelant-douceur-apres-shampoing-200ml\/","og_site_name":"paragaleriedetalborjt","og_image":[{"width":595,"height":655,"url":"https:\/\/paragaleriedetalborjt.com\/wp-content\/uploads\/2026\/01\/lait-soin-demelant-douceur-apres-shampoing-centifolia.jpg","type":"image\/jpeg"}],"twitter_card":"summary_large_image","twitter_misc":{"Est. reading time":"1 minute"},"schema":{"@context":"https:\/\/schema.org","@graph":[{"@type":"WebPage","@id":"https:\/\/paragaleriedetalborjt.com\/boutique\/centifolia-lait-soin-demelant-douceur-apres-shampoing-200ml\/","url":"https:\/\/paragaleriedetalborjt.com\/boutique\/centifolia-lait-soin-demelant-douceur-apres-shampoing-200ml\/","name":"CENTIFOLIA LAIT SOIN D\u00c9M\u00caLANT DOUCEUR APR\u00c8S-SHAMPOING 200ml - paragaleriedetalborjt","isPartOf":{"@id":"https:\/\/paragaleriedetalborjt.com\/#website"},"primaryImageOfPage":{"@id":"https:\/\/paragaleriedetalborjt.com\/boutique\/centifolia-lait-soin-demelant-douceur-apres-shampoing-200ml\/#primaryimage"},"image":{"@id":"https:\/\/paragaleriedetalborjt.com\/boutique\/centifolia-lait-soin-demelant-douceur-apres-shampoing-200ml\/#primaryimage"},"thumbnailUrl":"https:\/\/paragaleriedetalborjt.com\/wp-content\/uploads\/2026\/01\/lait-soin-demelant-douceur-apres-shampoing-centifolia.jpg","datePublished":"2026-01-03T20:43:59+00:00","breadcrumb":{"@id":"https:\/\/paragaleriedetalborjt.com\/boutique\/centifolia-lait-soin-demelant-douceur-apres-shampoing-200ml\/#breadcrumb"},"inLanguage":"en-US","potentialAction":[{"@type":"ReadAction","target":["https:\/\/paragaleriedetalborjt.com\/boutique\/centifolia-lait-soin-demelant-douceur-apres-shampoing-200ml\/"]}]},{"@type":"ImageObject","inLanguage":"en-US","@id":"https:\/\/paragaleriedetalborjt.com\/boutique\/centifolia-lait-soin-demelant-douceur-apres-shampoing-200ml\/#primaryimage","url":"https:\/\/paragaleriedetalborjt.com\/wp-content\/uploads\/2026\/01\/lait-soin-demelant-douceur-apres-shampoing-centifolia.jpg","contentUrl":"https:\/\/paragaleriedetalborjt.com\/wp-content\/uploads\/2026\/01\/lait-soin-demelant-douceur-apres-shampoing-centifolia.jpg","width":595,"height":655},{"@type":"BreadcrumbList","@id":"https:\/\/paragaleriedetalborjt.com\/boutique\/centifolia-lait-soin-demelant-douceur-apres-shampoing-200ml\/#breadcrumb","itemListElement":[{"@type":"ListItem","position":1,"name":"Accueil","item":"https:\/\/paragaleriedetalborjt.com\/"},{"@type":"ListItem","position":2,"name":"Boutique","item":"https:\/\/paragaleriedetalborjt.com\/boutique\/"},{"@type":"ListItem","position":3,"name":"CENTIFOLIA LAIT SOIN D\u00c9M\u00caLANT DOUCEUR APR\u00c8S-SHAMPOING 200ml"}]},{"@type":"WebSite","@id":"https:\/\/paragaleriedetalborjt.com\/#website","url":"https:\/\/paragaleriedetalborjt.com\/","name":"paragaleriedetalborjt","description":"","potentialAction":[{"@type":"SearchAction","target":{"@type":"EntryPoint","urlTemplate":"https:\/\/paragaleriedetalborjt.com\/?s={search_term_string}"},"query-input":{"@type":"PropertyValueSpecification","valueRequired":true,"valueName":"search_term_string"}}],"inLanguage":"en-US"}]}},"brands":[{"id":1839,"name":"CENTIFOLIA","slug":"centifolia"}],"_links":{"self":[{"href":"https:\/\/paragaleriedetalborjt.com\/en\/wp-json\/wp\/v2\/product\/42757","targetHints":{"allow":["GET"]}}],"collection":[{"href":"https:\/\/paragaleriedetalborjt.com\/en\/wp-json\/wp\/v2\/product"}],"about":[{"href":"https:\/\/paragaleriedetalborjt.com\/en\/wp-json\/wp\/v2\/types\/product"}],"replies":[{"embeddable":true,"href":"https:\/\/paragaleriedetalborjt.com\/en\/wp-json\/wp\/v2\/comments?post=42757"}],"version-history":[{"count":1,"href":"https:\/\/paragaleriedetalborjt.com\/en\/wp-json\/wp\/v2\/product\/42757\/revisions"}],"predecessor-version":[{"id":42759,"href":"https:\/\/paragaleriedetalborjt.com\/en\/wp-json\/wp\/v2\/product\/42757\/revisions\/42759"}],"wp:featuredmedia":[{"embeddable":true,"href":"https:\/\/paragaleriedetalborjt.com\/en\/wp-json\/wp\/v2\/media\/42758"}],"wp:attachment":[{"href":"https:\/\/paragaleriedetalborjt.com\/en\/wp-json\/wp\/v2\/media?parent=42757"}],"wp:term":[{"taxonomy":"pwb-brand","embeddable":true,"href":"https:\/\/paragaleriedetalborjt.com\/en\/wp-json\/wp\/v2\/pwb-brand?post=42757"},{"taxonomy":"product_cat","embeddable":true,"href":"https:\/\/paragaleriedetalborjt.com\/en\/wp-json\/wp\/v2\/product_cat?post=42757"},{"taxonomy":"product_tag","embeddable":true,"href":"https:\/\/paragaleriedetalborjt.com\/en\/wp-json\/wp\/v2\/product_tag?post=42757"}],"curies":[{"name":"wp","href":"https:\/\/api.w.org\/{rel}","templated":true}]}}