{"id":42751,"date":"2026-01-03T21:43:45","date_gmt":"2026-01-03T20:43:45","guid":{"rendered":"https:\/\/paragaleriedetalborjt.com\/?post_type=product&#038;p=42751"},"modified":"2026-01-03T21:43:45","modified_gmt":"2026-01-03T20:43:45","slug":"centifolia-eclat-de-rose-eau-micellaire-500ml","status":"publish","type":"product","link":"https:\/\/paragaleriedetalborjt.com\/en\/boutique\/centifolia-eclat-de-rose-eau-micellaire-500ml\/","title":{"rendered":"Centifolia Eclat de rose Eau micellaire 500ml"},"content":{"rendered":"<div aria-labelledby=\"tab-title-description\" class=\"woocommerce-Tabs-panel woocommerce-Tabs-panel--description panel entry-content wc-tab\" id=\"tab-description\" role=\"tabpanel\" style=\"\">\n<h2>Description<\/h2>\n<p>Cette eau micellaire nettoie et rafra\u00eechit sans dess\u00e9cher la peau. Elle \u00e9limine les impuret\u00e9s, les traces de pollution et le maquillage m\u00eame waterproof tout en douceur. La peau est propre et le teint est \u00e9clatant. Convient aux peaux et yeux sensibles. Test\u00e9e sous contr\u00f4le dermatologique et ophtalmologique.<\/p>\n<p>Flacon recyclable et 50% recycl\u00e9, garanti sans phtalate ni Bisph\u00e9nol A. Con\u00e7u et fabriqu\u00e9 en France.<\/p>\n<p>A l\u2019occasion de ses 35 ans d\u2019expertise en cosm\u00e9to-botanique, Centifolia a d\u00e9velopp\u00e9 la gamme \u00c9clat de rose\u00ae. V\u00e9ritable source d\u2019hydratation et d\u2019\u00e9clat pour la peau, cette gamme sublime le teint et redonne au visage toute sa fra\u00eecheur. Des formules uniques et une synergie de 3 actifs aux vertus in\u00e9gal\u00e9es :<\/p>\n<p>\u2013 La\u00a0<strong>Rose Centifolia<\/strong>\u00a0ou rose aux \u00ab Cent feuilles \u00bb : cueillie \u00e0 la main, \u00e0 l\u2019aube, au moment o\u00f9 sa concentration en compos\u00e9s actifs est la plus forte, il s\u2019agit d\u2019un actif \u00e9clat du teint gr\u00e2ce \u00e0 ses propri\u00e9t\u00e9s \u00e9claircissantes, hydratantes, antioxydantes et apaisantes.<\/p>\n<p>\u2013 L\u2019<strong>acide hyaluronique<\/strong>\u00a0:\u00a0 d\u2019origine naturelle, il joue un r\u00f4le cl\u00e9 dans les diff\u00e9rents m\u00e9canismes physiologiques du derme. Il capte jusqu\u2019\u00e0 1000 fois son poids en eau et permet ainsi de maintenir l\u2019hydratation. Il remplit \u00e9galement l\u2019espace entre les fibres de collag\u00e8ne contribuant ainsi \u00e0 am\u00e9liorer l\u2019aspect visuel de la peau.<\/p>\n<p>\u2013 La\u00a0<strong>vitamine C<\/strong>\u00a0:\u00a0 reconnue pour sa puissante activit\u00e9 antioxydante, elle est capable de neutraliser les radicaux libres g\u00e9n\u00e9r\u00e9s par le soleil, la pollution, le stress\u2026 \u00e9vitant ainsi le vieillissement pr\u00e9matur\u00e9 de la peau. La vitamine C agit aussi directement sur l\u2019\u00e9clat du teint en inhibant la sur-activation de la synth\u00e8se de m\u00e9lanine due aux UV.<\/p>\n<p><strong>Conseils d\u2019utilisation :<\/strong><\/p>\n<p>Appliquer matin et\/ou soir avec un coton sur le visage, les yeux, les l\u00e8vres et le cou. Sans rin\u00e7age.<\/p>\n<\/div>","protected":false},"excerpt":{"rendered":"<p>Highlights:Nettoie, d\u00e9maquille et \u00e9limine les traces de pollutionVisage, yeux &#038; l\u00e8vres- Sans rin\u00e7age\u00c9limine le maquillage waterproofConvient aux peaux et yeux sensibles.<\/p>","protected":false},"featured_media":42752,"comment_status":"open","ping_status":"closed","template":"","meta":[],"pwb-brand":[1839],"product_cat":[16],"product_tag":[],"class_list":{"0":"post-42751","1":"product","2":"type-product","3":"status-publish","4":"has-post-thumbnail","6":"pwb-brand-centifolia","7":"product_cat-non-classe","8":"pa_brands-centifolia","10":"first","11":"instock","12":"sale","13":"shipping-taxable","14":"purchasable","15":"product-type-simple"},"yoast_head":"<!-- This site is optimized with the Yoast SEO plugin v27.5 - https:\/\/yoast.com\/product\/yoast-seo-wordpress\/ -->\n<title>Centifolia Eclat de rose Eau micellaire 500ml - paragaleriedetalborjt<\/title>\n<meta name=\"robots\" content=\"index, follow, max-snippet:-1, max-image-preview:large, max-video-preview:-1\" \/>\n<link rel=\"canonical\" href=\"https:\/\/paragaleriedetalborjt.com\/en\/boutique\/centifolia-eclat-de-rose-eau-micellaire-500ml\/\" \/>\n<meta property=\"og:locale\" content=\"en_US\" \/>\n<meta property=\"og:type\" content=\"article\" \/>\n<meta property=\"og:title\" content=\"Centifolia Eclat de rose Eau micellaire 500ml - paragaleriedetalborjt\" \/>\n<meta property=\"og:description\" content=\"Highlights:Nettoie, d\u00e9maquille et \u00e9limine les traces de pollutionVisage, yeux &amp; l\u00e8vres- Sans rin\u00e7age\u00c9limine le maquillage waterproofConvient aux peaux et yeux sensibles.\" \/>\n<meta property=\"og:url\" content=\"https:\/\/paragaleriedetalborjt.com\/en\/boutique\/centifolia-eclat-de-rose-eau-micellaire-500ml\/\" \/>\n<meta property=\"og:site_name\" content=\"paragaleriedetalborjt\" \/>\n<meta property=\"og:image\" content=\"https:\/\/paragaleriedetalborjt.com\/wp-content\/uploads\/2026\/01\/eau-micellaire-eclat-centifolia.jpg\" \/>\n\t<meta property=\"og:image:width\" content=\"595\" \/>\n\t<meta property=\"og:image:height\" content=\"655\" \/>\n\t<meta property=\"og:image:type\" content=\"image\/jpeg\" \/>\n<meta name=\"twitter:card\" content=\"summary_large_image\" \/>\n<meta name=\"twitter:label1\" content=\"Est. reading time\" \/>\n\t<meta name=\"twitter:data1\" content=\"2 minutes\" \/>\n<script type=\"application\/ld+json\" class=\"yoast-schema-graph\">{\"@context\":\"https:\\\/\\\/schema.org\",\"@graph\":[{\"@type\":\"WebPage\",\"@id\":\"https:\\\/\\\/paragaleriedetalborjt.com\\\/boutique\\\/centifolia-eclat-de-rose-eau-micellaire-500ml\\\/\",\"url\":\"https:\\\/\\\/paragaleriedetalborjt.com\\\/boutique\\\/centifolia-eclat-de-rose-eau-micellaire-500ml\\\/\",\"name\":\"Centifolia Eclat de rose Eau micellaire 500ml - paragaleriedetalborjt\",\"isPartOf\":{\"@id\":\"https:\\\/\\\/paragaleriedetalborjt.com\\\/#website\"},\"primaryImageOfPage\":{\"@id\":\"https:\\\/\\\/paragaleriedetalborjt.com\\\/boutique\\\/centifolia-eclat-de-rose-eau-micellaire-500ml\\\/#primaryimage\"},\"image\":{\"@id\":\"https:\\\/\\\/paragaleriedetalborjt.com\\\/boutique\\\/centifolia-eclat-de-rose-eau-micellaire-500ml\\\/#primaryimage\"},\"thumbnailUrl\":\"https:\\\/\\\/paragaleriedetalborjt.com\\\/wp-content\\\/uploads\\\/2026\\\/01\\\/eau-micellaire-eclat-centifolia.jpg\",\"datePublished\":\"2026-01-03T20:43:45+00:00\",\"breadcrumb\":{\"@id\":\"https:\\\/\\\/paragaleriedetalborjt.com\\\/boutique\\\/centifolia-eclat-de-rose-eau-micellaire-500ml\\\/#breadcrumb\"},\"inLanguage\":\"en-US\",\"potentialAction\":[{\"@type\":\"ReadAction\",\"target\":[\"https:\\\/\\\/paragaleriedetalborjt.com\\\/boutique\\\/centifolia-eclat-de-rose-eau-micellaire-500ml\\\/\"]}]},{\"@type\":\"ImageObject\",\"inLanguage\":\"en-US\",\"@id\":\"https:\\\/\\\/paragaleriedetalborjt.com\\\/boutique\\\/centifolia-eclat-de-rose-eau-micellaire-500ml\\\/#primaryimage\",\"url\":\"https:\\\/\\\/paragaleriedetalborjt.com\\\/wp-content\\\/uploads\\\/2026\\\/01\\\/eau-micellaire-eclat-centifolia.jpg\",\"contentUrl\":\"https:\\\/\\\/paragaleriedetalborjt.com\\\/wp-content\\\/uploads\\\/2026\\\/01\\\/eau-micellaire-eclat-centifolia.jpg\",\"width\":595,\"height\":655},{\"@type\":\"BreadcrumbList\",\"@id\":\"https:\\\/\\\/paragaleriedetalborjt.com\\\/boutique\\\/centifolia-eclat-de-rose-eau-micellaire-500ml\\\/#breadcrumb\",\"itemListElement\":[{\"@type\":\"ListItem\",\"position\":1,\"name\":\"Accueil\",\"item\":\"https:\\\/\\\/paragaleriedetalborjt.com\\\/\"},{\"@type\":\"ListItem\",\"position\":2,\"name\":\"Boutique\",\"item\":\"https:\\\/\\\/paragaleriedetalborjt.com\\\/boutique\\\/\"},{\"@type\":\"ListItem\",\"position\":3,\"name\":\"Centifolia Eclat de rose Eau micellaire 500ml\"}]},{\"@type\":\"WebSite\",\"@id\":\"https:\\\/\\\/paragaleriedetalborjt.com\\\/#website\",\"url\":\"https:\\\/\\\/paragaleriedetalborjt.com\\\/\",\"name\":\"paragaleriedetalborjt\",\"description\":\"\",\"potentialAction\":[{\"@type\":\"SearchAction\",\"target\":{\"@type\":\"EntryPoint\",\"urlTemplate\":\"https:\\\/\\\/paragaleriedetalborjt.com\\\/?s={search_term_string}\"},\"query-input\":{\"@type\":\"PropertyValueSpecification\",\"valueRequired\":true,\"valueName\":\"search_term_string\"}}],\"inLanguage\":\"en-US\"}]}<\/script>\n<!-- \/ Yoast SEO plugin. -->","yoast_head_json":{"title":"Centifolia Eclat de rose Eau micellaire 500ml - paragaleriedetalborjt","robots":{"index":"index","follow":"follow","max-snippet":"max-snippet:-1","max-image-preview":"max-image-preview:large","max-video-preview":"max-video-preview:-1"},"canonical":"https:\/\/paragaleriedetalborjt.com\/en\/boutique\/centifolia-eclat-de-rose-eau-micellaire-500ml\/","og_locale":"en_US","og_type":"article","og_title":"Centifolia Eclat de rose Eau micellaire 500ml - paragaleriedetalborjt","og_description":"Highlights:Nettoie, d\u00e9maquille et \u00e9limine les traces de pollutionVisage, yeux & l\u00e8vres- Sans rin\u00e7age\u00c9limine le maquillage waterproofConvient aux peaux et yeux sensibles.","og_url":"https:\/\/paragaleriedetalborjt.com\/en\/boutique\/centifolia-eclat-de-rose-eau-micellaire-500ml\/","og_site_name":"paragaleriedetalborjt","og_image":[{"width":595,"height":655,"url":"https:\/\/paragaleriedetalborjt.com\/wp-content\/uploads\/2026\/01\/eau-micellaire-eclat-centifolia.jpg","type":"image\/jpeg"}],"twitter_card":"summary_large_image","twitter_misc":{"Est. reading time":"2 minutes"},"schema":{"@context":"https:\/\/schema.org","@graph":[{"@type":"WebPage","@id":"https:\/\/paragaleriedetalborjt.com\/boutique\/centifolia-eclat-de-rose-eau-micellaire-500ml\/","url":"https:\/\/paragaleriedetalborjt.com\/boutique\/centifolia-eclat-de-rose-eau-micellaire-500ml\/","name":"Centifolia Eclat de rose Eau micellaire 500ml - paragaleriedetalborjt","isPartOf":{"@id":"https:\/\/paragaleriedetalborjt.com\/#website"},"primaryImageOfPage":{"@id":"https:\/\/paragaleriedetalborjt.com\/boutique\/centifolia-eclat-de-rose-eau-micellaire-500ml\/#primaryimage"},"image":{"@id":"https:\/\/paragaleriedetalborjt.com\/boutique\/centifolia-eclat-de-rose-eau-micellaire-500ml\/#primaryimage"},"thumbnailUrl":"https:\/\/paragaleriedetalborjt.com\/wp-content\/uploads\/2026\/01\/eau-micellaire-eclat-centifolia.jpg","datePublished":"2026-01-03T20:43:45+00:00","breadcrumb":{"@id":"https:\/\/paragaleriedetalborjt.com\/boutique\/centifolia-eclat-de-rose-eau-micellaire-500ml\/#breadcrumb"},"inLanguage":"en-US","potentialAction":[{"@type":"ReadAction","target":["https:\/\/paragaleriedetalborjt.com\/boutique\/centifolia-eclat-de-rose-eau-micellaire-500ml\/"]}]},{"@type":"ImageObject","inLanguage":"en-US","@id":"https:\/\/paragaleriedetalborjt.com\/boutique\/centifolia-eclat-de-rose-eau-micellaire-500ml\/#primaryimage","url":"https:\/\/paragaleriedetalborjt.com\/wp-content\/uploads\/2026\/01\/eau-micellaire-eclat-centifolia.jpg","contentUrl":"https:\/\/paragaleriedetalborjt.com\/wp-content\/uploads\/2026\/01\/eau-micellaire-eclat-centifolia.jpg","width":595,"height":655},{"@type":"BreadcrumbList","@id":"https:\/\/paragaleriedetalborjt.com\/boutique\/centifolia-eclat-de-rose-eau-micellaire-500ml\/#breadcrumb","itemListElement":[{"@type":"ListItem","position":1,"name":"Accueil","item":"https:\/\/paragaleriedetalborjt.com\/"},{"@type":"ListItem","position":2,"name":"Boutique","item":"https:\/\/paragaleriedetalborjt.com\/boutique\/"},{"@type":"ListItem","position":3,"name":"Centifolia Eclat de rose Eau micellaire 500ml"}]},{"@type":"WebSite","@id":"https:\/\/paragaleriedetalborjt.com\/#website","url":"https:\/\/paragaleriedetalborjt.com\/","name":"paragaleriedetalborjt","description":"","potentialAction":[{"@type":"SearchAction","target":{"@type":"EntryPoint","urlTemplate":"https:\/\/paragaleriedetalborjt.com\/?s={search_term_string}"},"query-input":{"@type":"PropertyValueSpecification","valueRequired":true,"valueName":"search_term_string"}}],"inLanguage":"en-US"}]}},"brands":[{"id":1839,"name":"CENTIFOLIA","slug":"centifolia"}],"_links":{"self":[{"href":"https:\/\/paragaleriedetalborjt.com\/en\/wp-json\/wp\/v2\/product\/42751","targetHints":{"allow":["GET"]}}],"collection":[{"href":"https:\/\/paragaleriedetalborjt.com\/en\/wp-json\/wp\/v2\/product"}],"about":[{"href":"https:\/\/paragaleriedetalborjt.com\/en\/wp-json\/wp\/v2\/types\/product"}],"replies":[{"embeddable":true,"href":"https:\/\/paragaleriedetalborjt.com\/en\/wp-json\/wp\/v2\/comments?post=42751"}],"version-history":[{"count":1,"href":"https:\/\/paragaleriedetalborjt.com\/en\/wp-json\/wp\/v2\/product\/42751\/revisions"}],"predecessor-version":[{"id":42753,"href":"https:\/\/paragaleriedetalborjt.com\/en\/wp-json\/wp\/v2\/product\/42751\/revisions\/42753"}],"wp:featuredmedia":[{"embeddable":true,"href":"https:\/\/paragaleriedetalborjt.com\/en\/wp-json\/wp\/v2\/media\/42752"}],"wp:attachment":[{"href":"https:\/\/paragaleriedetalborjt.com\/en\/wp-json\/wp\/v2\/media?parent=42751"}],"wp:term":[{"taxonomy":"pwb-brand","embeddable":true,"href":"https:\/\/paragaleriedetalborjt.com\/en\/wp-json\/wp\/v2\/pwb-brand?post=42751"},{"taxonomy":"product_cat","embeddable":true,"href":"https:\/\/paragaleriedetalborjt.com\/en\/wp-json\/wp\/v2\/product_cat?post=42751"},{"taxonomy":"product_tag","embeddable":true,"href":"https:\/\/paragaleriedetalborjt.com\/en\/wp-json\/wp\/v2\/product_tag?post=42751"}],"curies":[{"name":"wp","href":"https:\/\/api.w.org\/{rel}","templated":true}]}}