{"id":42736,"date":"2026-01-03T21:43:07","date_gmt":"2026-01-03T20:43:07","guid":{"rendered":"https:\/\/paragaleriedetalborjt.com\/?post_type=product&#038;p=42736"},"modified":"2026-01-03T21:43:07","modified_gmt":"2026-01-03T20:43:07","slug":"centifolia-shampoing-creme-douceur-500ml","status":"publish","type":"product","link":"https:\/\/paragaleriedetalborjt.com\/en\/boutique\/centifolia-shampoing-creme-douceur-500ml\/","title":{"rendered":"CENTIFOLIA SHAMPOING CR\u00c8ME DOUCEUR 500ml"},"content":{"rendered":"<div aria-labelledby=\"tab-title-description\" class=\"woocommerce-Tabs-panel woocommerce-Tabs-panel--description panel entry-content wc-tab\" id=\"tab-description\" role=\"tabpanel\" style=\"\">\n<h2>Description<\/h2>\n<p>Adapt\u00e9 aux cheveux normaux, le shampoing cr\u00e8me douceur Centifolia lave vos cheveux sans les agresser gr\u00e2ce \u00e0 sa formule bio ultra-douce et biod\u00e9gradable. Une texture cr\u00e8me obtenue gr\u00e2ce \u00e0 une v\u00e9ritable \u00e9mulsion, qui consiste \u00e0 m\u00e9langer la phase aqueuse avec de l\u2019huile pour obtenir une jolie cr\u00e8me respectueuse de votre fibre capillaire.<\/p>\n<p>Les Prot\u00e9ines d\u2019Amande douce facilitent le d\u00e9m\u00ealage des cheveux et apportent de la douceur \u00e0 vos cheveux<\/p>\n<p>La K\u00e9ratine V\u00e9g\u00e9tale va pr\u00e9server la structure interne du cheveu face aux agressions en limitant l\u00b4alt\u00e9ration des prot\u00e9ines, constituant majeur de la fibre capillaire. Elle apporte un effet gainant et offre \u00e0 votre chevelure douceur et l\u00e9g\u00e8ret\u00e9.<\/p>\n<p>Souples et l\u00e9gers, vos cheveux sont doux au toucher et faciles \u00e0 coiffer.<br \/>\nConvient \u00e0 un usage fr\u00e9quent. Existe en flacon 200ml et flacon pompe 500ml.<\/p>\n<p>Pour plus de douceur, d\u00e9couvrez votre nouvelle routine capillaire Centifolia : INFINIE DOUCEUR<\/p>\n<p>Emballages recyclables et garantis sans phtalate ni Bisph\u00e9nol A. Con\u00e7u et fabriqu\u00e9 en France.<\/p>\n<p><strong>Conseils d\u2019utilisation :<\/strong><\/p>\n<p>Appliquer sur cheveux mouill\u00e9s, masser le cuir chevelu en douceur puis rincer abondamment. Pour obtenir plus de mousse, renouveler l\u2019application.<\/p>\n<p>Pour plus de r\u00e9sultats, compl\u00e9ter votre routine avec les produits de la gamme DOUCEUR. Usage fr\u00e9quent \u00e0 partir de 3 ans. \u00c9viter le contact avec les yeux. En cas de contact, rincer abondamment \u00e0 l\u2019eau.<\/p>\n<\/div>","protected":false},"excerpt":{"rendered":"<p>Highlights:Apporte douceur et l\u00e9g\u00e8ret\u00e9 aux cheveux normauxBase lavante extr\u00eamement douceFormul\u00e9 avec de la K\u00e9ratine V\u00e9g\u00e9taleFormule 98,4% BIODEGRADABLE99% d\u2019ingr\u00e9dients d\u2019origine naturelleFormule vegan<\/p>","protected":false},"featured_media":42737,"comment_status":"open","ping_status":"closed","template":"","meta":[],"pwb-brand":[1839],"product_cat":[16],"product_tag":[],"class_list":{"0":"post-42736","1":"product","2":"type-product","3":"status-publish","4":"has-post-thumbnail","6":"pwb-brand-centifolia","7":"product_cat-non-classe","8":"pa_brands-centifolia","10":"first","11":"instock","12":"sale","13":"shipping-taxable","14":"purchasable","15":"product-type-simple"},"yoast_head":"<!-- This site is optimized with the Yoast SEO plugin v27.5 - https:\/\/yoast.com\/product\/yoast-seo-wordpress\/ -->\n<title>CENTIFOLIA SHAMPOING CR\u00c8ME DOUCEUR 500ml - paragaleriedetalborjt<\/title>\n<meta name=\"robots\" content=\"index, follow, max-snippet:-1, max-image-preview:large, max-video-preview:-1\" \/>\n<link rel=\"canonical\" href=\"https:\/\/paragaleriedetalborjt.com\/en\/boutique\/centifolia-shampoing-creme-douceur-500ml\/\" \/>\n<meta property=\"og:locale\" content=\"en_US\" \/>\n<meta property=\"og:type\" content=\"article\" \/>\n<meta property=\"og:title\" content=\"CENTIFOLIA SHAMPOING CR\u00c8ME DOUCEUR 500ml - paragaleriedetalborjt\" \/>\n<meta property=\"og:description\" content=\"Highlights:Apporte douceur et l\u00e9g\u00e8ret\u00e9 aux cheveux normauxBase lavante extr\u00eamement douceFormul\u00e9 avec de la K\u00e9ratine V\u00e9g\u00e9taleFormule 98,4% BIODEGRADABLE99% d\u2019ingr\u00e9dients d\u2019origine naturelleFormule vegan\" \/>\n<meta property=\"og:url\" content=\"https:\/\/paragaleriedetalborjt.com\/en\/boutique\/centifolia-shampoing-creme-douceur-500ml\/\" \/>\n<meta property=\"og:site_name\" content=\"paragaleriedetalborjt\" \/>\n<meta property=\"og:image\" content=\"https:\/\/paragaleriedetalborjt.com\/wp-content\/uploads\/2026\/01\/shampoing-creme-cheveux-normaux-500ml-centifolia.jpg\" \/>\n\t<meta property=\"og:image:width\" content=\"595\" \/>\n\t<meta property=\"og:image:height\" content=\"655\" \/>\n\t<meta property=\"og:image:type\" content=\"image\/jpeg\" \/>\n<meta name=\"twitter:card\" content=\"summary_large_image\" \/>\n<meta name=\"twitter:label1\" content=\"Est. reading time\" \/>\n\t<meta name=\"twitter:data1\" content=\"1 minute\" \/>\n<script type=\"application\/ld+json\" class=\"yoast-schema-graph\">{\"@context\":\"https:\\\/\\\/schema.org\",\"@graph\":[{\"@type\":\"WebPage\",\"@id\":\"https:\\\/\\\/paragaleriedetalborjt.com\\\/boutique\\\/centifolia-shampoing-creme-douceur-500ml\\\/\",\"url\":\"https:\\\/\\\/paragaleriedetalborjt.com\\\/boutique\\\/centifolia-shampoing-creme-douceur-500ml\\\/\",\"name\":\"CENTIFOLIA SHAMPOING CR\u00c8ME DOUCEUR 500ml - paragaleriedetalborjt\",\"isPartOf\":{\"@id\":\"https:\\\/\\\/paragaleriedetalborjt.com\\\/#website\"},\"primaryImageOfPage\":{\"@id\":\"https:\\\/\\\/paragaleriedetalborjt.com\\\/boutique\\\/centifolia-shampoing-creme-douceur-500ml\\\/#primaryimage\"},\"image\":{\"@id\":\"https:\\\/\\\/paragaleriedetalborjt.com\\\/boutique\\\/centifolia-shampoing-creme-douceur-500ml\\\/#primaryimage\"},\"thumbnailUrl\":\"https:\\\/\\\/paragaleriedetalborjt.com\\\/wp-content\\\/uploads\\\/2026\\\/01\\\/shampoing-creme-cheveux-normaux-500ml-centifolia.jpg\",\"datePublished\":\"2026-01-03T20:43:07+00:00\",\"breadcrumb\":{\"@id\":\"https:\\\/\\\/paragaleriedetalborjt.com\\\/boutique\\\/centifolia-shampoing-creme-douceur-500ml\\\/#breadcrumb\"},\"inLanguage\":\"en-US\",\"potentialAction\":[{\"@type\":\"ReadAction\",\"target\":[\"https:\\\/\\\/paragaleriedetalborjt.com\\\/boutique\\\/centifolia-shampoing-creme-douceur-500ml\\\/\"]}]},{\"@type\":\"ImageObject\",\"inLanguage\":\"en-US\",\"@id\":\"https:\\\/\\\/paragaleriedetalborjt.com\\\/boutique\\\/centifolia-shampoing-creme-douceur-500ml\\\/#primaryimage\",\"url\":\"https:\\\/\\\/paragaleriedetalborjt.com\\\/wp-content\\\/uploads\\\/2026\\\/01\\\/shampoing-creme-cheveux-normaux-500ml-centifolia.jpg\",\"contentUrl\":\"https:\\\/\\\/paragaleriedetalborjt.com\\\/wp-content\\\/uploads\\\/2026\\\/01\\\/shampoing-creme-cheveux-normaux-500ml-centifolia.jpg\",\"width\":595,\"height\":655},{\"@type\":\"BreadcrumbList\",\"@id\":\"https:\\\/\\\/paragaleriedetalborjt.com\\\/boutique\\\/centifolia-shampoing-creme-douceur-500ml\\\/#breadcrumb\",\"itemListElement\":[{\"@type\":\"ListItem\",\"position\":1,\"name\":\"Accueil\",\"item\":\"https:\\\/\\\/paragaleriedetalborjt.com\\\/\"},{\"@type\":\"ListItem\",\"position\":2,\"name\":\"Boutique\",\"item\":\"https:\\\/\\\/paragaleriedetalborjt.com\\\/boutique\\\/\"},{\"@type\":\"ListItem\",\"position\":3,\"name\":\"CENTIFOLIA SHAMPOING CR\u00c8ME DOUCEUR 500ml\"}]},{\"@type\":\"WebSite\",\"@id\":\"https:\\\/\\\/paragaleriedetalborjt.com\\\/#website\",\"url\":\"https:\\\/\\\/paragaleriedetalborjt.com\\\/\",\"name\":\"paragaleriedetalborjt\",\"description\":\"\",\"potentialAction\":[{\"@type\":\"SearchAction\",\"target\":{\"@type\":\"EntryPoint\",\"urlTemplate\":\"https:\\\/\\\/paragaleriedetalborjt.com\\\/?s={search_term_string}\"},\"query-input\":{\"@type\":\"PropertyValueSpecification\",\"valueRequired\":true,\"valueName\":\"search_term_string\"}}],\"inLanguage\":\"en-US\"}]}<\/script>\n<!-- \/ Yoast SEO plugin. -->","yoast_head_json":{"title":"CENTIFOLIA SHAMPOING CR\u00c8ME DOUCEUR 500ml - paragaleriedetalborjt","robots":{"index":"index","follow":"follow","max-snippet":"max-snippet:-1","max-image-preview":"max-image-preview:large","max-video-preview":"max-video-preview:-1"},"canonical":"https:\/\/paragaleriedetalborjt.com\/en\/boutique\/centifolia-shampoing-creme-douceur-500ml\/","og_locale":"en_US","og_type":"article","og_title":"CENTIFOLIA SHAMPOING CR\u00c8ME DOUCEUR 500ml - paragaleriedetalborjt","og_description":"Highlights:Apporte douceur et l\u00e9g\u00e8ret\u00e9 aux cheveux normauxBase lavante extr\u00eamement douceFormul\u00e9 avec de la K\u00e9ratine V\u00e9g\u00e9taleFormule 98,4% BIODEGRADABLE99% d\u2019ingr\u00e9dients d\u2019origine naturelleFormule vegan","og_url":"https:\/\/paragaleriedetalborjt.com\/en\/boutique\/centifolia-shampoing-creme-douceur-500ml\/","og_site_name":"paragaleriedetalborjt","og_image":[{"width":595,"height":655,"url":"https:\/\/paragaleriedetalborjt.com\/wp-content\/uploads\/2026\/01\/shampoing-creme-cheveux-normaux-500ml-centifolia.jpg","type":"image\/jpeg"}],"twitter_card":"summary_large_image","twitter_misc":{"Est. reading time":"1 minute"},"schema":{"@context":"https:\/\/schema.org","@graph":[{"@type":"WebPage","@id":"https:\/\/paragaleriedetalborjt.com\/boutique\/centifolia-shampoing-creme-douceur-500ml\/","url":"https:\/\/paragaleriedetalborjt.com\/boutique\/centifolia-shampoing-creme-douceur-500ml\/","name":"CENTIFOLIA SHAMPOING CR\u00c8ME DOUCEUR 500ml - paragaleriedetalborjt","isPartOf":{"@id":"https:\/\/paragaleriedetalborjt.com\/#website"},"primaryImageOfPage":{"@id":"https:\/\/paragaleriedetalborjt.com\/boutique\/centifolia-shampoing-creme-douceur-500ml\/#primaryimage"},"image":{"@id":"https:\/\/paragaleriedetalborjt.com\/boutique\/centifolia-shampoing-creme-douceur-500ml\/#primaryimage"},"thumbnailUrl":"https:\/\/paragaleriedetalborjt.com\/wp-content\/uploads\/2026\/01\/shampoing-creme-cheveux-normaux-500ml-centifolia.jpg","datePublished":"2026-01-03T20:43:07+00:00","breadcrumb":{"@id":"https:\/\/paragaleriedetalborjt.com\/boutique\/centifolia-shampoing-creme-douceur-500ml\/#breadcrumb"},"inLanguage":"en-US","potentialAction":[{"@type":"ReadAction","target":["https:\/\/paragaleriedetalborjt.com\/boutique\/centifolia-shampoing-creme-douceur-500ml\/"]}]},{"@type":"ImageObject","inLanguage":"en-US","@id":"https:\/\/paragaleriedetalborjt.com\/boutique\/centifolia-shampoing-creme-douceur-500ml\/#primaryimage","url":"https:\/\/paragaleriedetalborjt.com\/wp-content\/uploads\/2026\/01\/shampoing-creme-cheveux-normaux-500ml-centifolia.jpg","contentUrl":"https:\/\/paragaleriedetalborjt.com\/wp-content\/uploads\/2026\/01\/shampoing-creme-cheveux-normaux-500ml-centifolia.jpg","width":595,"height":655},{"@type":"BreadcrumbList","@id":"https:\/\/paragaleriedetalborjt.com\/boutique\/centifolia-shampoing-creme-douceur-500ml\/#breadcrumb","itemListElement":[{"@type":"ListItem","position":1,"name":"Accueil","item":"https:\/\/paragaleriedetalborjt.com\/"},{"@type":"ListItem","position":2,"name":"Boutique","item":"https:\/\/paragaleriedetalborjt.com\/boutique\/"},{"@type":"ListItem","position":3,"name":"CENTIFOLIA SHAMPOING CR\u00c8ME DOUCEUR 500ml"}]},{"@type":"WebSite","@id":"https:\/\/paragaleriedetalborjt.com\/#website","url":"https:\/\/paragaleriedetalborjt.com\/","name":"paragaleriedetalborjt","description":"","potentialAction":[{"@type":"SearchAction","target":{"@type":"EntryPoint","urlTemplate":"https:\/\/paragaleriedetalborjt.com\/?s={search_term_string}"},"query-input":{"@type":"PropertyValueSpecification","valueRequired":true,"valueName":"search_term_string"}}],"inLanguage":"en-US"}]}},"brands":[{"id":1839,"name":"CENTIFOLIA","slug":"centifolia"}],"_links":{"self":[{"href":"https:\/\/paragaleriedetalborjt.com\/en\/wp-json\/wp\/v2\/product\/42736","targetHints":{"allow":["GET"]}}],"collection":[{"href":"https:\/\/paragaleriedetalborjt.com\/en\/wp-json\/wp\/v2\/product"}],"about":[{"href":"https:\/\/paragaleriedetalborjt.com\/en\/wp-json\/wp\/v2\/types\/product"}],"replies":[{"embeddable":true,"href":"https:\/\/paragaleriedetalborjt.com\/en\/wp-json\/wp\/v2\/comments?post=42736"}],"version-history":[{"count":1,"href":"https:\/\/paragaleriedetalborjt.com\/en\/wp-json\/wp\/v2\/product\/42736\/revisions"}],"predecessor-version":[{"id":42738,"href":"https:\/\/paragaleriedetalborjt.com\/en\/wp-json\/wp\/v2\/product\/42736\/revisions\/42738"}],"wp:featuredmedia":[{"embeddable":true,"href":"https:\/\/paragaleriedetalborjt.com\/en\/wp-json\/wp\/v2\/media\/42737"}],"wp:attachment":[{"href":"https:\/\/paragaleriedetalborjt.com\/en\/wp-json\/wp\/v2\/media?parent=42736"}],"wp:term":[{"taxonomy":"pwb-brand","embeddable":true,"href":"https:\/\/paragaleriedetalborjt.com\/en\/wp-json\/wp\/v2\/pwb-brand?post=42736"},{"taxonomy":"product_cat","embeddable":true,"href":"https:\/\/paragaleriedetalborjt.com\/en\/wp-json\/wp\/v2\/product_cat?post=42736"},{"taxonomy":"product_tag","embeddable":true,"href":"https:\/\/paragaleriedetalborjt.com\/en\/wp-json\/wp\/v2\/product_tag?post=42736"}],"curies":[{"name":"wp","href":"https:\/\/api.w.org\/{rel}","templated":true}]}}