{"id":42604,"date":"2026-01-03T21:37:57","date_gmt":"2026-01-03T20:37:57","guid":{"rendered":"https:\/\/paragaleriedetalborjt.com\/?post_type=product&#038;p=42604"},"modified":"2026-01-03T21:37:57","modified_gmt":"2026-01-03T20:37:57","slug":"biokap-lotion-antipelliculaire-et-cheveux-gras-lotion-sans-rincage-50ml","status":"publish","type":"product","link":"https:\/\/paragaleriedetalborjt.com\/en\/boutique\/biokap-lotion-antipelliculaire-et-cheveux-gras-lotion-sans-rincage-50ml\/","title":{"rendered":"BIOKAP LOTION ANTIPELLICULAIRE ET CHEVEUX GRAS LOTION SANS RIN\u00c7AGE 50ML"},"content":{"rendered":"<div aria-labelledby=\"tab-title-description\" class=\"woocommerce-Tabs-panel woocommerce-Tabs-panel--description panel entry-content wc-tab\" id=\"tab-description\" role=\"tabpanel\" style=\"\">\n<h2>Description<\/h2>\n<p>Formul\u00e9e \u00e0 base d\u2019agents lavants d\u2019origine v\u00e9g\u00e9tale, d\u2019huiles essentielles pures et extraits de plantes, la lotion anti-pelliculaire et cuir chevelu gras Bellezza est id\u00e9ale pour \u00e9liminer les pellicules et purifier le cuir chevelu.<\/p>\n<p>L\u2019extrait de Cactus et d\u2019Agave normalisent la formation de s\u00e9bum. L\u2019extrait de Bardane va permettre de r\u00e9guler les cuirs chevelus gras et apaiser en m\u00eame temps les cuirs chevelus sensibles. Les huiles Essentielles d\u2019Immortelle, de Romarin, d\u2019arbre \u00e0 th\u00e9 et de Melaleuca Alternifolia ont des propri\u00e9t\u00e9s dermo-purifiantes et rafraichissantes, pour un cuir chevelu apais\u00e9.<\/p>\n<p><strong>Composition naturelle :<\/strong><br \/>\n93,5% d\u2019ingr\u00e9dients d\u2019origine naturelle<br \/>\nLotion sans silicone ni parab\u00e8ne<br \/>\nFormul\u00e9e sans SLS\/SLES, sans PEG et test\u00e9e au nickel et sous contr\u00f4le dermatologique<br \/>\nConvient aux vegans.<\/p>\n<p>Emballage \u00e9co-responsable : \u00e9tiquette, flacon et \u00e9tui en mati\u00e8res recycl\u00e9es ou recyclables.<\/p>\n<div class=\"prdct__details-benefits\">\n<p class=\"prdct__details-title\"><strong>B\u00e9n\u00e9fice produit :<\/strong><\/p>\n<p>Excellent compl\u00e9ment aux shampooings cheveux gras et antipelliculaire, elle combat les pellicules et r\u00e9gule le cuir chevelu.<br \/>\nLotion naturelle aux propri\u00e9t\u00e9s apaisantes, rafraichissantes et r\u00e9g\u00e9n\u00e9rantes<br \/>\nEmballage \u00e9co-responsable<\/p>\n<\/div>\n<div class=\"prdct__details-ref\"><\/div>\n<\/div>","protected":false},"excerpt":{"rendered":"<p>Highlights:CONTRE LES PELLICULES ET CUIR CHEVELU GRAS<\/p>","protected":false},"featured_media":42605,"comment_status":"open","ping_status":"closed","template":"","meta":[],"pwb-brand":[1853],"product_cat":[16],"product_tag":[],"class_list":{"0":"post-42604","1":"product","2":"type-product","3":"status-publish","4":"has-post-thumbnail","6":"pwb-brand-biokap","7":"product_cat-non-classe","8":"pa_brands-biokap","10":"first","11":"instock","12":"sale","13":"shipping-taxable","14":"purchasable","15":"product-type-simple"},"yoast_head":"<!-- This site is optimized with the Yoast SEO plugin v27.5 - https:\/\/yoast.com\/product\/yoast-seo-wordpress\/ -->\n<title>BIOKAP LOTION ANTIPELLICULAIRE ET CHEVEUX GRAS LOTION SANS RIN\u00c7AGE 50ML - paragaleriedetalborjt<\/title>\n<meta name=\"robots\" content=\"index, follow, max-snippet:-1, max-image-preview:large, max-video-preview:-1\" \/>\n<link rel=\"canonical\" href=\"https:\/\/paragaleriedetalborjt.com\/en\/boutique\/biokap-lotion-antipelliculaire-et-cheveux-gras-lotion-sans-rincage-50ml\/\" \/>\n<meta property=\"og:locale\" content=\"en_US\" \/>\n<meta property=\"og:type\" content=\"article\" \/>\n<meta property=\"og:title\" content=\"BIOKAP LOTION ANTIPELLICULAIRE ET CHEVEUX GRAS LOTION SANS RIN\u00c7AGE 50ML - paragaleriedetalborjt\" \/>\n<meta property=\"og:description\" content=\"Highlights:CONTRE LES PELLICULES ET CUIR CHEVELU GRAS\" \/>\n<meta property=\"og:url\" content=\"https:\/\/paragaleriedetalborjt.com\/en\/boutique\/biokap-lotion-antipelliculaire-et-cheveux-gras-lotion-sans-rincage-50ml\/\" \/>\n<meta property=\"og:site_name\" content=\"paragaleriedetalborjt\" \/>\n<meta property=\"og:image\" content=\"https:\/\/paragaleriedetalborjt.com\/wp-content\/uploads\/2026\/01\/biokap-lotion-anti-pelliculaire.jpg\" \/>\n\t<meta property=\"og:image:width\" content=\"595\" \/>\n\t<meta property=\"og:image:height\" content=\"655\" \/>\n\t<meta property=\"og:image:type\" content=\"image\/jpeg\" \/>\n<meta name=\"twitter:card\" content=\"summary_large_image\" \/>\n<meta name=\"twitter:label1\" content=\"Est. reading time\" \/>\n\t<meta name=\"twitter:data1\" content=\"1 minute\" \/>\n<script type=\"application\/ld+json\" class=\"yoast-schema-graph\">{\"@context\":\"https:\\\/\\\/schema.org\",\"@graph\":[{\"@type\":\"WebPage\",\"@id\":\"https:\\\/\\\/paragaleriedetalborjt.com\\\/boutique\\\/biokap-lotion-antipelliculaire-et-cheveux-gras-lotion-sans-rincage-50ml\\\/\",\"url\":\"https:\\\/\\\/paragaleriedetalborjt.com\\\/boutique\\\/biokap-lotion-antipelliculaire-et-cheveux-gras-lotion-sans-rincage-50ml\\\/\",\"name\":\"BIOKAP LOTION ANTIPELLICULAIRE ET CHEVEUX GRAS LOTION SANS RIN\u00c7AGE 50ML - paragaleriedetalborjt\",\"isPartOf\":{\"@id\":\"https:\\\/\\\/paragaleriedetalborjt.com\\\/#website\"},\"primaryImageOfPage\":{\"@id\":\"https:\\\/\\\/paragaleriedetalborjt.com\\\/boutique\\\/biokap-lotion-antipelliculaire-et-cheveux-gras-lotion-sans-rincage-50ml\\\/#primaryimage\"},\"image\":{\"@id\":\"https:\\\/\\\/paragaleriedetalborjt.com\\\/boutique\\\/biokap-lotion-antipelliculaire-et-cheveux-gras-lotion-sans-rincage-50ml\\\/#primaryimage\"},\"thumbnailUrl\":\"https:\\\/\\\/paragaleriedetalborjt.com\\\/wp-content\\\/uploads\\\/2026\\\/01\\\/biokap-lotion-anti-pelliculaire.jpg\",\"datePublished\":\"2026-01-03T20:37:57+00:00\",\"breadcrumb\":{\"@id\":\"https:\\\/\\\/paragaleriedetalborjt.com\\\/boutique\\\/biokap-lotion-antipelliculaire-et-cheveux-gras-lotion-sans-rincage-50ml\\\/#breadcrumb\"},\"inLanguage\":\"en-US\",\"potentialAction\":[{\"@type\":\"ReadAction\",\"target\":[\"https:\\\/\\\/paragaleriedetalborjt.com\\\/boutique\\\/biokap-lotion-antipelliculaire-et-cheveux-gras-lotion-sans-rincage-50ml\\\/\"]}]},{\"@type\":\"ImageObject\",\"inLanguage\":\"en-US\",\"@id\":\"https:\\\/\\\/paragaleriedetalborjt.com\\\/boutique\\\/biokap-lotion-antipelliculaire-et-cheveux-gras-lotion-sans-rincage-50ml\\\/#primaryimage\",\"url\":\"https:\\\/\\\/paragaleriedetalborjt.com\\\/wp-content\\\/uploads\\\/2026\\\/01\\\/biokap-lotion-anti-pelliculaire.jpg\",\"contentUrl\":\"https:\\\/\\\/paragaleriedetalborjt.com\\\/wp-content\\\/uploads\\\/2026\\\/01\\\/biokap-lotion-anti-pelliculaire.jpg\",\"width\":595,\"height\":655},{\"@type\":\"BreadcrumbList\",\"@id\":\"https:\\\/\\\/paragaleriedetalborjt.com\\\/boutique\\\/biokap-lotion-antipelliculaire-et-cheveux-gras-lotion-sans-rincage-50ml\\\/#breadcrumb\",\"itemListElement\":[{\"@type\":\"ListItem\",\"position\":1,\"name\":\"Accueil\",\"item\":\"https:\\\/\\\/paragaleriedetalborjt.com\\\/\"},{\"@type\":\"ListItem\",\"position\":2,\"name\":\"Boutique\",\"item\":\"https:\\\/\\\/paragaleriedetalborjt.com\\\/boutique\\\/\"},{\"@type\":\"ListItem\",\"position\":3,\"name\":\"BIOKAP LOTION ANTIPELLICULAIRE ET CHEVEUX GRAS LOTION SANS RIN\u00c7AGE 50ML\"}]},{\"@type\":\"WebSite\",\"@id\":\"https:\\\/\\\/paragaleriedetalborjt.com\\\/#website\",\"url\":\"https:\\\/\\\/paragaleriedetalborjt.com\\\/\",\"name\":\"paragaleriedetalborjt\",\"description\":\"\",\"potentialAction\":[{\"@type\":\"SearchAction\",\"target\":{\"@type\":\"EntryPoint\",\"urlTemplate\":\"https:\\\/\\\/paragaleriedetalborjt.com\\\/?s={search_term_string}\"},\"query-input\":{\"@type\":\"PropertyValueSpecification\",\"valueRequired\":true,\"valueName\":\"search_term_string\"}}],\"inLanguage\":\"en-US\"}]}<\/script>\n<!-- \/ Yoast SEO plugin. -->","yoast_head_json":{"title":"BIOKAP LOTION ANTIPELLICULAIRE ET CHEVEUX GRAS LOTION SANS RIN\u00c7AGE 50ML - paragaleriedetalborjt","robots":{"index":"index","follow":"follow","max-snippet":"max-snippet:-1","max-image-preview":"max-image-preview:large","max-video-preview":"max-video-preview:-1"},"canonical":"https:\/\/paragaleriedetalborjt.com\/en\/boutique\/biokap-lotion-antipelliculaire-et-cheveux-gras-lotion-sans-rincage-50ml\/","og_locale":"en_US","og_type":"article","og_title":"BIOKAP LOTION ANTIPELLICULAIRE ET CHEVEUX GRAS LOTION SANS RIN\u00c7AGE 50ML - paragaleriedetalborjt","og_description":"Highlights:CONTRE LES PELLICULES ET CUIR CHEVELU GRAS","og_url":"https:\/\/paragaleriedetalborjt.com\/en\/boutique\/biokap-lotion-antipelliculaire-et-cheveux-gras-lotion-sans-rincage-50ml\/","og_site_name":"paragaleriedetalborjt","og_image":[{"width":595,"height":655,"url":"https:\/\/paragaleriedetalborjt.com\/wp-content\/uploads\/2026\/01\/biokap-lotion-anti-pelliculaire.jpg","type":"image\/jpeg"}],"twitter_card":"summary_large_image","twitter_misc":{"Est. reading time":"1 minute"},"schema":{"@context":"https:\/\/schema.org","@graph":[{"@type":"WebPage","@id":"https:\/\/paragaleriedetalborjt.com\/boutique\/biokap-lotion-antipelliculaire-et-cheveux-gras-lotion-sans-rincage-50ml\/","url":"https:\/\/paragaleriedetalborjt.com\/boutique\/biokap-lotion-antipelliculaire-et-cheveux-gras-lotion-sans-rincage-50ml\/","name":"BIOKAP LOTION ANTIPELLICULAIRE ET CHEVEUX GRAS LOTION SANS RIN\u00c7AGE 50ML - paragaleriedetalborjt","isPartOf":{"@id":"https:\/\/paragaleriedetalborjt.com\/#website"},"primaryImageOfPage":{"@id":"https:\/\/paragaleriedetalborjt.com\/boutique\/biokap-lotion-antipelliculaire-et-cheveux-gras-lotion-sans-rincage-50ml\/#primaryimage"},"image":{"@id":"https:\/\/paragaleriedetalborjt.com\/boutique\/biokap-lotion-antipelliculaire-et-cheveux-gras-lotion-sans-rincage-50ml\/#primaryimage"},"thumbnailUrl":"https:\/\/paragaleriedetalborjt.com\/wp-content\/uploads\/2026\/01\/biokap-lotion-anti-pelliculaire.jpg","datePublished":"2026-01-03T20:37:57+00:00","breadcrumb":{"@id":"https:\/\/paragaleriedetalborjt.com\/boutique\/biokap-lotion-antipelliculaire-et-cheveux-gras-lotion-sans-rincage-50ml\/#breadcrumb"},"inLanguage":"en-US","potentialAction":[{"@type":"ReadAction","target":["https:\/\/paragaleriedetalborjt.com\/boutique\/biokap-lotion-antipelliculaire-et-cheveux-gras-lotion-sans-rincage-50ml\/"]}]},{"@type":"ImageObject","inLanguage":"en-US","@id":"https:\/\/paragaleriedetalborjt.com\/boutique\/biokap-lotion-antipelliculaire-et-cheveux-gras-lotion-sans-rincage-50ml\/#primaryimage","url":"https:\/\/paragaleriedetalborjt.com\/wp-content\/uploads\/2026\/01\/biokap-lotion-anti-pelliculaire.jpg","contentUrl":"https:\/\/paragaleriedetalborjt.com\/wp-content\/uploads\/2026\/01\/biokap-lotion-anti-pelliculaire.jpg","width":595,"height":655},{"@type":"BreadcrumbList","@id":"https:\/\/paragaleriedetalborjt.com\/boutique\/biokap-lotion-antipelliculaire-et-cheveux-gras-lotion-sans-rincage-50ml\/#breadcrumb","itemListElement":[{"@type":"ListItem","position":1,"name":"Accueil","item":"https:\/\/paragaleriedetalborjt.com\/"},{"@type":"ListItem","position":2,"name":"Boutique","item":"https:\/\/paragaleriedetalborjt.com\/boutique\/"},{"@type":"ListItem","position":3,"name":"BIOKAP LOTION ANTIPELLICULAIRE ET CHEVEUX GRAS LOTION SANS RIN\u00c7AGE 50ML"}]},{"@type":"WebSite","@id":"https:\/\/paragaleriedetalborjt.com\/#website","url":"https:\/\/paragaleriedetalborjt.com\/","name":"paragaleriedetalborjt","description":"","potentialAction":[{"@type":"SearchAction","target":{"@type":"EntryPoint","urlTemplate":"https:\/\/paragaleriedetalborjt.com\/?s={search_term_string}"},"query-input":{"@type":"PropertyValueSpecification","valueRequired":true,"valueName":"search_term_string"}}],"inLanguage":"en-US"}]}},"brands":[{"id":1853,"name":"BIOKAP","slug":"biokap"}],"_links":{"self":[{"href":"https:\/\/paragaleriedetalborjt.com\/en\/wp-json\/wp\/v2\/product\/42604","targetHints":{"allow":["GET"]}}],"collection":[{"href":"https:\/\/paragaleriedetalborjt.com\/en\/wp-json\/wp\/v2\/product"}],"about":[{"href":"https:\/\/paragaleriedetalborjt.com\/en\/wp-json\/wp\/v2\/types\/product"}],"replies":[{"embeddable":true,"href":"https:\/\/paragaleriedetalborjt.com\/en\/wp-json\/wp\/v2\/comments?post=42604"}],"version-history":[{"count":1,"href":"https:\/\/paragaleriedetalborjt.com\/en\/wp-json\/wp\/v2\/product\/42604\/revisions"}],"predecessor-version":[{"id":42606,"href":"https:\/\/paragaleriedetalborjt.com\/en\/wp-json\/wp\/v2\/product\/42604\/revisions\/42606"}],"wp:featuredmedia":[{"embeddable":true,"href":"https:\/\/paragaleriedetalborjt.com\/en\/wp-json\/wp\/v2\/media\/42605"}],"wp:attachment":[{"href":"https:\/\/paragaleriedetalborjt.com\/en\/wp-json\/wp\/v2\/media?parent=42604"}],"wp:term":[{"taxonomy":"pwb-brand","embeddable":true,"href":"https:\/\/paragaleriedetalborjt.com\/en\/wp-json\/wp\/v2\/pwb-brand?post=42604"},{"taxonomy":"product_cat","embeddable":true,"href":"https:\/\/paragaleriedetalborjt.com\/en\/wp-json\/wp\/v2\/product_cat?post=42604"},{"taxonomy":"product_tag","embeddable":true,"href":"https:\/\/paragaleriedetalborjt.com\/en\/wp-json\/wp\/v2\/product_tag?post=42604"}],"curies":[{"name":"wp","href":"https:\/\/api.w.org\/{rel}","templated":true}]}}