{"id":42568,"date":"2026-01-03T21:36:38","date_gmt":"2026-01-03T20:36:38","guid":{"rendered":"https:\/\/paragaleriedetalborjt.com\/?post_type=product&#038;p=42568"},"modified":"2026-01-03T21:36:38","modified_gmt":"2026-01-03T20:36:38","slug":"fillerina-12ha-eye-contour-cream-grade-4-50ml","status":"publish","type":"product","link":"https:\/\/paragaleriedetalborjt.com\/en\/boutique\/fillerina-12ha-eye-contour-cream-grade-4-50ml\/","title":{"rendered":"Fillerina 12HA Eye contour cream grade 4 50ml"},"content":{"rendered":"<div aria-labelledby=\"tab-title-description\" class=\"woocommerce-Tabs-panel woocommerce-Tabs-panel--description panel entry-content wc-tab\" id=\"tab-description\" role=\"tabpanel\" style=\"\">\n<h2>Description<\/h2>\n<p><strong>Fillerina 12HA Densifying-Filler Eye Contour Cream Grade 4 15ml<\/strong>est une alternative pratique et simple aux injectables cosm\u00e9tiques qui agit sur les signes notoires de l\u2019\u00e2ge pr\u00e9sents dans le contour des yeux.\u00a0En ce sens, cette cr\u00e8me \u00e9paisse adh\u00e8re et p\u00e9n\u00e8tre profond\u00e9ment dans cette zone la plus sensible du visage, offrant toujours un maximum de confort.\u00a0Cette cr\u00e8me agit \u00e9galement sur les signes de l\u2019\u00e2ge de grade 4 \u2013 rides profondes et ridules autour des yeux, manque de fermet\u00e9 d\u00fb \u00e0 un affaissement prononc\u00e9 des paupi\u00e8res et besoin de plus de volume sur la peau.\u00a0En ce sens, il p\u00e9n\u00e8tre profond\u00e9ment dans la peau, la laissant non seulement hydrat\u00e9e et nourrie, mais aussi profond\u00e9ment restaur\u00e9e, densifi\u00e9e et remplie de signes de l\u2019\u00e2ge liss\u00e9s.\u00a0De plus, l\u2019ensemble du teint finit par retrouver un aspect plus \u00e9veill\u00e9 gr\u00e2ce \u00e0 un regard plus activ\u00e9.<\/p>\n<p>L\u2019ensemble<strong>Fillerina<\/strong>a une composition riche en propri\u00e9t\u00e9s rajeunissantes adapt\u00e9e \u00e0 tous les types de peaux, m\u00eame les plus sensibles.\u00a0Plus pr\u00e9cis\u00e9ment, cette cr\u00e8me pour les yeux est enrichie de 12 acides hyaluroniques de poids mol\u00e9culaires diff\u00e9rents, de trois types de collag\u00e8ne et de deux types d\u2019\u00e9lastine.\u00a0A commencer par l\u2019effet comblant de ce produit, l\u2019\u00e9toile principale est l\u2019acide hyaluronique.\u00a0Fondamentalement, cet ingr\u00e9dient p\u00e9n\u00e8tre les diff\u00e9rentes couches de la peau autour des yeux, exer\u00e7ant ainsi l\u2019action de comblement et augmentant le volume des tissus.\u00a0\u00c0 leur tour, les ridules plus profondes et fines sont facilement combl\u00e9es et l\u2019apparition de nouvelles est \u00e9galement \u00e9vit\u00e9e.\u00a0De plus, l\u2019action densifiante de cette cr\u00e8me implique la pr\u00e9sence de collag\u00e8ne et d\u2019\u00e9lastine.\u00a0En p\u00e9n\u00e9trant \u00e9galement facilement dans la peau, ils augmentent la densit\u00e9 de sa matrice extracellulaire et am\u00e9liorent ainsi son effet de comblement.\u00a0En outre,<\/p>\n<p>Cette cr\u00e8me poss\u00e8de \u00e9galement une technologie transdermique brevet\u00e9e.\u00a0\u00c0 son tour, cela repose sur la cr\u00e9ation d\u2019ingr\u00e9dients actifs avec diff\u00e9rents poids mol\u00e9culaires, du plus bas au plus \u00e9lev\u00e9.\u00a0Autrement dit, la p\u00e9n\u00e9tration des ingr\u00e9dients est ainsi plus rapide et assez efficace, de m\u00eame que les actions anti-\u00e2ge de cette cr\u00e8me deviennent plus intenses et instantan\u00e9es.\u00a0Dans l\u2019ensemble, cette cr\u00e8me pour les yeux offre un look rajeunissant et revitalis\u00e9 qui finit par rendre le teint beaucoup plus lumineux et plus \u00e9veill\u00e9.\u00a0De plus, la peau est beaucoup plus hydrat\u00e9e et nourrie, laissant les signes profonds de l\u2019\u00e2ge beaucoup plus lisses.<\/p>\n<h2>Comment utiliser<\/h2>\n<p>Appliquez une petite quantit\u00e9 de<strong>Fillerina 12HA Densifying-Filler Eye Contour Cream Grade 4 15ml<\/strong>quotidiennement le matin et\/ou le soir autour des yeux, en facilitant son absorption par un l\u00e9ger massage.\u00a0Il peut \u00eatre utilis\u00e9 seul ou en conjonction avec d\u2019autres produits Fillerina.<\/p>\n<\/div>","protected":false},"excerpt":{"rendered":"<p>Highlights:Fillerina 12HA Densifying-Filler Eye Contour Cream Grade 4 15mlest une alternative pratique et simple aux injectables cosm\u00e9tiques qui agit sur les signes notoires de l\u2019\u00e2ge pr\u00e9sents dans le contour des yeux.\u00a0En ce sens, cette cr\u00e8me \u00e9paisse adh\u00e8re et p\u00e9n\u00e8tre profond\u00e9ment dans cette zone la plus sensible du visage, offrant toujours un maximum de confort.\u00a0Cette cr\u00e8me agit \u00e9galement sur les signes de l\u2019\u00e2ge de grade 4 \u2013 rides profondes et ridules autour des yeux, manque de fermet\u00e9 d\u00fb \u00e0 un affaissement prononc\u00e9 des paupi\u00e8res et besoin de plus de volume sur la peau.\u00a0En ce sens, il p\u00e9n\u00e8tre profond\u00e9ment dans la peau, la laissant non seulement hydrat\u00e9e et nourrie, mais aussi profond\u00e9ment restaur\u00e9e, densifi\u00e9e et remplie de signes de l\u2019\u00e2ge liss\u00e9s.\u00a0De plus, l\u2019ensemble du teint finit par retrouver un aspect plus \u00e9veill\u00e9 gr\u00e2ce \u00e0 un regard plus activ\u00e9.<\/p>","protected":false},"featured_media":42569,"comment_status":"open","ping_status":"closed","template":"","meta":[],"pwb-brand":[2080],"product_cat":[16],"product_tag":[],"class_list":{"0":"post-42568","1":"product","2":"type-product","3":"status-publish","4":"has-post-thumbnail","6":"pwb-brand-fillerina","7":"product_cat-non-classe","8":"pa_brands-fillerina","10":"first","11":"instock","12":"sale","13":"shipping-taxable","14":"purchasable","15":"product-type-simple"},"yoast_head":"<!-- This site is optimized with the Yoast SEO plugin v26.9 - https:\/\/yoast.com\/product\/yoast-seo-wordpress\/ -->\n<title>Fillerina 12HA Eye contour cream grade 4 50ml - paragaleriedetalborjt<\/title>\n<meta name=\"robots\" content=\"index, follow, max-snippet:-1, max-image-preview:large, max-video-preview:-1\" \/>\n<link rel=\"canonical\" href=\"https:\/\/paragaleriedetalborjt.com\/en\/boutique\/fillerina-12ha-eye-contour-cream-grade-4-50ml\/\" \/>\n<meta property=\"og:locale\" content=\"en_US\" \/>\n<meta property=\"og:type\" content=\"article\" \/>\n<meta property=\"og:title\" content=\"Fillerina 12HA Eye contour cream grade 4 50ml - paragaleriedetalborjt\" \/>\n<meta property=\"og:description\" content=\"Highlights:Fillerina 12HA Densifying-Filler Eye Contour Cream Grade 4 15mlest une alternative pratique et simple aux injectables cosm\u00e9tiques qui agit sur les signes notoires de l\u2019\u00e2ge pr\u00e9sents dans le contour des yeux.\u00a0En ce sens, cette cr\u00e8me \u00e9paisse adh\u00e8re et p\u00e9n\u00e8tre profond\u00e9ment dans cette zone la plus sensible du visage, offrant toujours un maximum de confort.\u00a0Cette cr\u00e8me agit \u00e9galement sur les signes de l\u2019\u00e2ge de grade 4 \u2013 rides profondes et ridules autour des yeux, manque de fermet\u00e9 d\u00fb \u00e0 un affaissement prononc\u00e9 des paupi\u00e8res et besoin de plus de volume sur la peau.\u00a0En ce sens, il p\u00e9n\u00e8tre profond\u00e9ment dans la peau, la laissant non seulement hydrat\u00e9e et nourrie, mais aussi profond\u00e9ment restaur\u00e9e, densifi\u00e9e et remplie de signes de l\u2019\u00e2ge liss\u00e9s.\u00a0De plus, l\u2019ensemble du teint finit par retrouver un aspect plus \u00e9veill\u00e9 gr\u00e2ce \u00e0 un regard plus activ\u00e9.\" \/>\n<meta property=\"og:url\" content=\"https:\/\/paragaleriedetalborjt.com\/en\/boutique\/fillerina-12ha-eye-contour-cream-grade-4-50ml\/\" \/>\n<meta property=\"og:site_name\" content=\"paragaleriedetalborjt\" \/>\n<meta property=\"og:image\" content=\"https:\/\/paragaleriedetalborjt.com\/wp-content\/uploads\/2026\/01\/fillerina-12ha-creme-contour-des-yeux-densifiante-15-ml.jpg\" \/>\n\t<meta property=\"og:image:width\" content=\"595\" \/>\n\t<meta property=\"og:image:height\" content=\"655\" \/>\n\t<meta property=\"og:image:type\" content=\"image\/jpeg\" \/>\n<meta name=\"twitter:card\" content=\"summary_large_image\" \/>\n<meta name=\"twitter:label1\" content=\"Est. reading time\" \/>\n\t<meta name=\"twitter:data1\" content=\"2 minutes\" \/>\n<script type=\"application\/ld+json\" class=\"yoast-schema-graph\">{\"@context\":\"https:\/\/schema.org\",\"@graph\":[{\"@type\":\"WebPage\",\"@id\":\"https:\/\/paragaleriedetalborjt.com\/boutique\/fillerina-12ha-eye-contour-cream-grade-4-50ml\/\",\"url\":\"https:\/\/paragaleriedetalborjt.com\/boutique\/fillerina-12ha-eye-contour-cream-grade-4-50ml\/\",\"name\":\"Fillerina 12HA Eye contour cream grade 4 50ml - paragaleriedetalborjt\",\"isPartOf\":{\"@id\":\"https:\/\/paragaleriedetalborjt.com\/#website\"},\"primaryImageOfPage\":{\"@id\":\"https:\/\/paragaleriedetalborjt.com\/boutique\/fillerina-12ha-eye-contour-cream-grade-4-50ml\/#primaryimage\"},\"image\":{\"@id\":\"https:\/\/paragaleriedetalborjt.com\/boutique\/fillerina-12ha-eye-contour-cream-grade-4-50ml\/#primaryimage\"},\"thumbnailUrl\":\"https:\/\/paragaleriedetalborjt.com\/wp-content\/uploads\/2026\/01\/fillerina-12ha-creme-contour-des-yeux-densifiante-15-ml.jpg\",\"datePublished\":\"2026-01-03T20:36:38+00:00\",\"breadcrumb\":{\"@id\":\"https:\/\/paragaleriedetalborjt.com\/boutique\/fillerina-12ha-eye-contour-cream-grade-4-50ml\/#breadcrumb\"},\"inLanguage\":\"en-US\",\"potentialAction\":[{\"@type\":\"ReadAction\",\"target\":[\"https:\/\/paragaleriedetalborjt.com\/boutique\/fillerina-12ha-eye-contour-cream-grade-4-50ml\/\"]}]},{\"@type\":\"ImageObject\",\"inLanguage\":\"en-US\",\"@id\":\"https:\/\/paragaleriedetalborjt.com\/boutique\/fillerina-12ha-eye-contour-cream-grade-4-50ml\/#primaryimage\",\"url\":\"https:\/\/paragaleriedetalborjt.com\/wp-content\/uploads\/2026\/01\/fillerina-12ha-creme-contour-des-yeux-densifiante-15-ml.jpg\",\"contentUrl\":\"https:\/\/paragaleriedetalborjt.com\/wp-content\/uploads\/2026\/01\/fillerina-12ha-creme-contour-des-yeux-densifiante-15-ml.jpg\",\"width\":595,\"height\":655},{\"@type\":\"BreadcrumbList\",\"@id\":\"https:\/\/paragaleriedetalborjt.com\/boutique\/fillerina-12ha-eye-contour-cream-grade-4-50ml\/#breadcrumb\",\"itemListElement\":[{\"@type\":\"ListItem\",\"position\":1,\"name\":\"Accueil\",\"item\":\"https:\/\/paragaleriedetalborjt.com\/\"},{\"@type\":\"ListItem\",\"position\":2,\"name\":\"Boutique\",\"item\":\"https:\/\/paragaleriedetalborjt.com\/boutique\/\"},{\"@type\":\"ListItem\",\"position\":3,\"name\":\"Fillerina 12HA Eye contour cream grade 4 50ml\"}]},{\"@type\":\"WebSite\",\"@id\":\"https:\/\/paragaleriedetalborjt.com\/#website\",\"url\":\"https:\/\/paragaleriedetalborjt.com\/\",\"name\":\"paragaleriedetalborjt\",\"description\":\"\",\"potentialAction\":[{\"@type\":\"SearchAction\",\"target\":{\"@type\":\"EntryPoint\",\"urlTemplate\":\"https:\/\/paragaleriedetalborjt.com\/?s={search_term_string}\"},\"query-input\":{\"@type\":\"PropertyValueSpecification\",\"valueRequired\":true,\"valueName\":\"search_term_string\"}}],\"inLanguage\":\"en-US\"}]}<\/script>\n<!-- \/ Yoast SEO plugin. -->","yoast_head_json":{"title":"Fillerina 12HA Eye contour cream grade 4 50ml - paragaleriedetalborjt","robots":{"index":"index","follow":"follow","max-snippet":"max-snippet:-1","max-image-preview":"max-image-preview:large","max-video-preview":"max-video-preview:-1"},"canonical":"https:\/\/paragaleriedetalborjt.com\/en\/boutique\/fillerina-12ha-eye-contour-cream-grade-4-50ml\/","og_locale":"en_US","og_type":"article","og_title":"Fillerina 12HA Eye contour cream grade 4 50ml - paragaleriedetalborjt","og_description":"Highlights:Fillerina 12HA Densifying-Filler Eye Contour Cream Grade 4 15mlest une alternative pratique et simple aux injectables cosm\u00e9tiques qui agit sur les signes notoires de l\u2019\u00e2ge pr\u00e9sents dans le contour des yeux.\u00a0En ce sens, cette cr\u00e8me \u00e9paisse adh\u00e8re et p\u00e9n\u00e8tre profond\u00e9ment dans cette zone la plus sensible du visage, offrant toujours un maximum de confort.\u00a0Cette cr\u00e8me agit \u00e9galement sur les signes de l\u2019\u00e2ge de grade 4 \u2013 rides profondes et ridules autour des yeux, manque de fermet\u00e9 d\u00fb \u00e0 un affaissement prononc\u00e9 des paupi\u00e8res et besoin de plus de volume sur la peau.\u00a0En ce sens, il p\u00e9n\u00e8tre profond\u00e9ment dans la peau, la laissant non seulement hydrat\u00e9e et nourrie, mais aussi profond\u00e9ment restaur\u00e9e, densifi\u00e9e et remplie de signes de l\u2019\u00e2ge liss\u00e9s.\u00a0De plus, l\u2019ensemble du teint finit par retrouver un aspect plus \u00e9veill\u00e9 gr\u00e2ce \u00e0 un regard plus activ\u00e9.","og_url":"https:\/\/paragaleriedetalborjt.com\/en\/boutique\/fillerina-12ha-eye-contour-cream-grade-4-50ml\/","og_site_name":"paragaleriedetalborjt","og_image":[{"width":595,"height":655,"url":"https:\/\/paragaleriedetalborjt.com\/wp-content\/uploads\/2026\/01\/fillerina-12ha-creme-contour-des-yeux-densifiante-15-ml.jpg","type":"image\/jpeg"}],"twitter_card":"summary_large_image","twitter_misc":{"Est. reading time":"2 minutes"},"schema":{"@context":"https:\/\/schema.org","@graph":[{"@type":"WebPage","@id":"https:\/\/paragaleriedetalborjt.com\/boutique\/fillerina-12ha-eye-contour-cream-grade-4-50ml\/","url":"https:\/\/paragaleriedetalborjt.com\/boutique\/fillerina-12ha-eye-contour-cream-grade-4-50ml\/","name":"Fillerina 12HA Eye contour cream grade 4 50ml - paragaleriedetalborjt","isPartOf":{"@id":"https:\/\/paragaleriedetalborjt.com\/#website"},"primaryImageOfPage":{"@id":"https:\/\/paragaleriedetalborjt.com\/boutique\/fillerina-12ha-eye-contour-cream-grade-4-50ml\/#primaryimage"},"image":{"@id":"https:\/\/paragaleriedetalborjt.com\/boutique\/fillerina-12ha-eye-contour-cream-grade-4-50ml\/#primaryimage"},"thumbnailUrl":"https:\/\/paragaleriedetalborjt.com\/wp-content\/uploads\/2026\/01\/fillerina-12ha-creme-contour-des-yeux-densifiante-15-ml.jpg","datePublished":"2026-01-03T20:36:38+00:00","breadcrumb":{"@id":"https:\/\/paragaleriedetalborjt.com\/boutique\/fillerina-12ha-eye-contour-cream-grade-4-50ml\/#breadcrumb"},"inLanguage":"en-US","potentialAction":[{"@type":"ReadAction","target":["https:\/\/paragaleriedetalborjt.com\/boutique\/fillerina-12ha-eye-contour-cream-grade-4-50ml\/"]}]},{"@type":"ImageObject","inLanguage":"en-US","@id":"https:\/\/paragaleriedetalborjt.com\/boutique\/fillerina-12ha-eye-contour-cream-grade-4-50ml\/#primaryimage","url":"https:\/\/paragaleriedetalborjt.com\/wp-content\/uploads\/2026\/01\/fillerina-12ha-creme-contour-des-yeux-densifiante-15-ml.jpg","contentUrl":"https:\/\/paragaleriedetalborjt.com\/wp-content\/uploads\/2026\/01\/fillerina-12ha-creme-contour-des-yeux-densifiante-15-ml.jpg","width":595,"height":655},{"@type":"BreadcrumbList","@id":"https:\/\/paragaleriedetalborjt.com\/boutique\/fillerina-12ha-eye-contour-cream-grade-4-50ml\/#breadcrumb","itemListElement":[{"@type":"ListItem","position":1,"name":"Accueil","item":"https:\/\/paragaleriedetalborjt.com\/"},{"@type":"ListItem","position":2,"name":"Boutique","item":"https:\/\/paragaleriedetalborjt.com\/boutique\/"},{"@type":"ListItem","position":3,"name":"Fillerina 12HA Eye contour cream grade 4 50ml"}]},{"@type":"WebSite","@id":"https:\/\/paragaleriedetalborjt.com\/#website","url":"https:\/\/paragaleriedetalborjt.com\/","name":"paragaleriedetalborjt","description":"","potentialAction":[{"@type":"SearchAction","target":{"@type":"EntryPoint","urlTemplate":"https:\/\/paragaleriedetalborjt.com\/?s={search_term_string}"},"query-input":{"@type":"PropertyValueSpecification","valueRequired":true,"valueName":"search_term_string"}}],"inLanguage":"en-US"}]}},"brands":[{"id":2080,"name":"FILLERINA","slug":"fillerina"}],"_links":{"self":[{"href":"https:\/\/paragaleriedetalborjt.com\/en\/wp-json\/wp\/v2\/product\/42568","targetHints":{"allow":["GET"]}}],"collection":[{"href":"https:\/\/paragaleriedetalborjt.com\/en\/wp-json\/wp\/v2\/product"}],"about":[{"href":"https:\/\/paragaleriedetalborjt.com\/en\/wp-json\/wp\/v2\/types\/product"}],"replies":[{"embeddable":true,"href":"https:\/\/paragaleriedetalborjt.com\/en\/wp-json\/wp\/v2\/comments?post=42568"}],"version-history":[{"count":1,"href":"https:\/\/paragaleriedetalborjt.com\/en\/wp-json\/wp\/v2\/product\/42568\/revisions"}],"predecessor-version":[{"id":42570,"href":"https:\/\/paragaleriedetalborjt.com\/en\/wp-json\/wp\/v2\/product\/42568\/revisions\/42570"}],"wp:featuredmedia":[{"embeddable":true,"href":"https:\/\/paragaleriedetalborjt.com\/en\/wp-json\/wp\/v2\/media\/42569"}],"wp:attachment":[{"href":"https:\/\/paragaleriedetalborjt.com\/en\/wp-json\/wp\/v2\/media?parent=42568"}],"wp:term":[{"taxonomy":"pwb-brand","embeddable":true,"href":"https:\/\/paragaleriedetalborjt.com\/en\/wp-json\/wp\/v2\/pwb-brand?post=42568"},{"taxonomy":"product_cat","embeddable":true,"href":"https:\/\/paragaleriedetalborjt.com\/en\/wp-json\/wp\/v2\/product_cat?post=42568"},{"taxonomy":"product_tag","embeddable":true,"href":"https:\/\/paragaleriedetalborjt.com\/en\/wp-json\/wp\/v2\/product_tag?post=42568"}],"curies":[{"name":"wp","href":"https:\/\/api.w.org\/{rel}","templated":true}]}}