{"id":42538,"date":"2026-01-03T21:35:31","date_gmt":"2026-01-03T20:35:31","guid":{"rendered":"https:\/\/paragaleriedetalborjt.com\/?post_type=product&#038;p=42538"},"modified":"2026-01-03T21:35:32","modified_gmt":"2026-01-03T20:35:32","slug":"fillerina-12ha-intensive-filler-tr-garde-3-302ml","status":"publish","type":"product","link":"https:\/\/paragaleriedetalborjt.com\/en\/boutique\/fillerina-12ha-intensive-filler-tr-garde-3-302ml\/","title":{"rendered":"Fillerina 12HA Intensive Filler Tr garde 3 30*2ml"},"content":{"rendered":"<div aria-labelledby=\"tab-title-description\" class=\"woocommerce-Tabs-panel woocommerce-Tabs-panel--description panel entry-content wc-tab\" id=\"tab-description\" role=\"tabpanel\" style=\"\">\n<h2>Description<\/h2>\n<p>Fillerina 12Ha Densification \u2013 Filler Effet de remplissage12 contient de l\u2019acide hyaluronique de poids mol\u00e9culaire diff\u00e9rent pour la d\u00e9pression cutan\u00e9e12 pour les pommettes et le volume des l\u00e8vres.\u00a0Effet densifiant 3 Collag\u00e8ne et 2 \u00c9lastine soutiennent l\u2019\u00e9lasticit\u00e9 de la peau.\u00a0C\u2019est un soin Dermo-Cosm\u00e9tique combleur densifiant \u00e0 usage domestique.\u00a0Comment agit Fillerina 12 Soin Combleur Intensif Densifiant-Filler\u00a0?\u00a0\u00bb12Ha, c\u2019est 12 acides hyaluroniques de poids mol\u00e9culaires diff\u00e9rents qui procurent un effet de comblement des rides et ridules d\u2019expression et un effet volume sur des zones sp\u00e9cifiques (pommettes, l\u00e8vres). Utilisation pendant 14 jours et appliquer \u00e0 l\u2019aide d\u2019un applicateur sp\u00e9cial \u00e0 embout clipp\u00e9.Au fur et \u00e0 mesure que la peau vieillit, la quantit\u00e9 d\u2019acide hyaluronique diminue progressivement, entra\u00eenant des rides de vieillesse, des rides d\u2019expression et une r\u00e9duction du volume (vide et suppression de la peau), en particulier au niveau des pommettes, des joues et des l\u00e8vres. les produits de comblement cutan\u00e9 \u00e0 base d\u2019acide hyaluronique sont utilis\u00e9s pour ajouter du volume et du volume aux zones du visage pr\u00e9sentant des signes de vieillissement, une d\u00e9pression cutan\u00e9e, des joues creuses, des traits du visage, etc. Fillerina Product Concept Acide hyaluronique Les propri\u00e9t\u00e9s de remplissage de l\u2019acide ronique sont bas\u00e9es sur sa forte \u00e0 combiner avec de grandes quantit\u00e9s de mol\u00e9cules d\u2019eau pour gonfler et former un gel doux et facilement mall\u00e9able \u00e0 l\u2019int\u00e9rieur du tissu cutan\u00e9. ), mais sans l\u2019utilisation d\u2019aiguilles, sans la n\u00e9cessit\u00e9 d\u2019une proc\u00e9dure invasive. Plusieurs \u00e9tudes ont \u00e9t\u00e9 men\u00e9es au fil des ans pour atteindre cet objectif. En cons\u00e9quence, les chercheurs ont d\u00e9couvert que le poids mol\u00e9culaire de l\u2019acide hyaluronique se diversifiait, lui permettant de p\u00e9n\u00e9trer profond\u00e9ment dans la peau.\u00a0Gr\u00e2ce \u00e0 cet exploit, Fillerina s\u2019affranchit des standards cosm\u00e9tiques contenant de l\u2019acide hyaluronique, qui ne peuvent pr\u00e9tendre qu\u2019\u00e0 une bonne hydratation des couches les plus superficielles de la peau.\u00a0Fillerina devient une v\u00e9ritable alternative aux injections m\u00e9dicales esth\u00e9tiques, capable de cr\u00e9er une action de comblement \u00e9tonnante contre les rides et le rel\u00e2chement, ainsi que de remplir et de volatiliser certaines zones du visage telles que les pommettes et les l\u00e8vres.\u00a0Fillerina 12 Dense \u2013 Filler Intensive Filler Treatment Mode d\u2019emploi : Le gel doit agir pendant 10 minutes et le reste du produit doit ensuite \u00eatre tapot\u00e9 avec la paume de la main.\u00a0Puis un film nourrissant adapt\u00e9 aux cr\u00e8mes de jour comme de nuit assure un maximum de confort sur la peau.\u00a0Pour faciliter l\u2019action du produit, il est recommand\u00e9 de boire deux verres d\u2019eau avant d\u2019appliquer Fillerina Gel.\u00a0La bo\u00eete contient 14 doses (2 ml) de Gel Filler 14 doses (2 ml) de Nutrient Film 2 applicateur de pr\u00e9cision.\u00a0GRADE 3 : Rides pr\u00e9coces et rides d\u2019expression.\u00a0Rides du jeune \u00e2ge et micro-relief irr\u00e9gulier.\u00a0D\u00e9pression pr\u00e9coce et d\u00e9pl\u00e9tion tissulaire.\u00a0Peau avec une \u00e9paisseur, une densit\u00e9 et une plasticit\u00e9 r\u00e9duites.\u00a0Premiers signes d\u2019affaissement.\u00a0Les pommettes et les l\u00e8vres ont besoin de plus de volume.\u00a0GRADE 4\u00a0: Rides profondes et ridules expressives.\u00a0Rides vieillissantes avec micro-relief visible, visible, in\u00e9gal.\u00a0D\u00e9pression notable et d\u00e9pl\u00e9tion des tissus.\u00a0Peau de mauvaise \u00e9paisseur, densit\u00e9 et plasticit\u00e9.\u00a0Signes visibles d\u2019affaissement.\u00a0Les pommettes et les l\u00e8vres ont besoin de plus de volume.\u00a0GRADE 5 : Rides tr\u00e8s profondes et ridules expressives.\u00a0Anti-rides avec un micro-\u00e9mollient tr\u00e8s prononc\u00e9 et in\u00e9gal.\u00a0D\u00e9pression s\u00e9v\u00e8re et \u00e9puisement des tissus.\u00a0Peau qui manque d\u2019\u00e9paisseur, de densit\u00e9 et de plasticit\u00e9.\u00a0Signes marqu\u00e9s d\u2019affaissement.\u00a0Les pommettes et les l\u00e8vres ont besoin de plus de volume.<\/p>\n<\/div>","protected":false},"excerpt":{"rendered":"<p>Highlights:Fillerina 12Ha Densification \u2013 Filler Effet de remplissage12 contient de l\u2019acide hyaluronique de poids mol\u00e9culaire diff\u00e9rent pour la d\u00e9pression cutan\u00e9e12 pour les pommettes et le volume des l\u00e8vres. Effet densifiant 3 Collag\u00e8ne et 2 \u00c9lastine soutiennent l\u2019\u00e9lasticit\u00e9 de la peau.<\/p>","protected":false},"featured_media":42539,"comment_status":"open","ping_status":"closed","template":"","meta":[],"pwb-brand":[2080],"product_cat":[16],"product_tag":[],"class_list":{"0":"post-42538","1":"product","2":"type-product","3":"status-publish","4":"has-post-thumbnail","6":"pwb-brand-fillerina","7":"product_cat-non-classe","8":"pa_brands-fillerina","10":"first","11":"instock","12":"sale","13":"shipping-taxable","14":"purchasable","15":"product-type-simple"},"yoast_head":"<!-- This site is optimized with the Yoast SEO plugin v26.9 - https:\/\/yoast.com\/product\/yoast-seo-wordpress\/ -->\n<title>Fillerina 12HA Intensive Filler Tr garde 3 30*2ml - paragaleriedetalborjt<\/title>\n<meta name=\"robots\" content=\"index, follow, max-snippet:-1, max-image-preview:large, max-video-preview:-1\" \/>\n<link rel=\"canonical\" href=\"https:\/\/paragaleriedetalborjt.com\/en\/boutique\/fillerina-12ha-intensive-filler-tr-garde-3-302ml\/\" \/>\n<meta property=\"og:locale\" content=\"en_US\" \/>\n<meta property=\"og:type\" content=\"article\" \/>\n<meta property=\"og:title\" content=\"Fillerina 12HA Intensive Filler Tr garde 3 30*2ml - paragaleriedetalborjt\" \/>\n<meta property=\"og:description\" content=\"Highlights:Fillerina 12Ha Densification \u2013 Filler Effet de remplissage12 contient de l\u2019acide hyaluronique de poids mol\u00e9culaire diff\u00e9rent pour la d\u00e9pression cutan\u00e9e12 pour les pommettes et le volume des l\u00e8vres. Effet densifiant 3 Collag\u00e8ne et 2 \u00c9lastine soutiennent l\u2019\u00e9lasticit\u00e9 de la peau.\" \/>\n<meta property=\"og:url\" content=\"https:\/\/paragaleriedetalborjt.com\/en\/boutique\/fillerina-12ha-intensive-filler-tr-garde-3-302ml\/\" \/>\n<meta property=\"og:site_name\" content=\"paragaleriedetalborjt\" \/>\n<meta property=\"article:modified_time\" content=\"2026-01-03T20:35:32+00:00\" \/>\n<meta property=\"og:image\" content=\"https:\/\/paragaleriedetalborjt.com\/wp-content\/uploads\/2026\/01\/fillerina-12-densifying-filler-grade-3-intensive-filler-tr-flacon-2-x30-ml.jpg\" \/>\n\t<meta property=\"og:image:width\" content=\"595\" \/>\n\t<meta property=\"og:image:height\" content=\"655\" \/>\n\t<meta property=\"og:image:type\" content=\"image\/jpeg\" \/>\n<meta name=\"twitter:card\" content=\"summary_large_image\" \/>\n<meta name=\"twitter:label1\" content=\"Est. reading time\" \/>\n\t<meta name=\"twitter:data1\" content=\"3 minutes\" \/>\n<script type=\"application\/ld+json\" class=\"yoast-schema-graph\">{\"@context\":\"https:\/\/schema.org\",\"@graph\":[{\"@type\":\"WebPage\",\"@id\":\"https:\/\/paragaleriedetalborjt.com\/boutique\/fillerina-12ha-intensive-filler-tr-garde-3-302ml\/\",\"url\":\"https:\/\/paragaleriedetalborjt.com\/boutique\/fillerina-12ha-intensive-filler-tr-garde-3-302ml\/\",\"name\":\"Fillerina 12HA Intensive Filler Tr garde 3 30*2ml - paragaleriedetalborjt\",\"isPartOf\":{\"@id\":\"https:\/\/paragaleriedetalborjt.com\/#website\"},\"primaryImageOfPage\":{\"@id\":\"https:\/\/paragaleriedetalborjt.com\/boutique\/fillerina-12ha-intensive-filler-tr-garde-3-302ml\/#primaryimage\"},\"image\":{\"@id\":\"https:\/\/paragaleriedetalborjt.com\/boutique\/fillerina-12ha-intensive-filler-tr-garde-3-302ml\/#primaryimage\"},\"thumbnailUrl\":\"https:\/\/paragaleriedetalborjt.com\/wp-content\/uploads\/2026\/01\/fillerina-12-densifying-filler-grade-3-intensive-filler-tr-flacon-2-x30-ml.jpg\",\"datePublished\":\"2026-01-03T20:35:31+00:00\",\"dateModified\":\"2026-01-03T20:35:32+00:00\",\"breadcrumb\":{\"@id\":\"https:\/\/paragaleriedetalborjt.com\/boutique\/fillerina-12ha-intensive-filler-tr-garde-3-302ml\/#breadcrumb\"},\"inLanguage\":\"en-US\",\"potentialAction\":[{\"@type\":\"ReadAction\",\"target\":[\"https:\/\/paragaleriedetalborjt.com\/boutique\/fillerina-12ha-intensive-filler-tr-garde-3-302ml\/\"]}]},{\"@type\":\"ImageObject\",\"inLanguage\":\"en-US\",\"@id\":\"https:\/\/paragaleriedetalborjt.com\/boutique\/fillerina-12ha-intensive-filler-tr-garde-3-302ml\/#primaryimage\",\"url\":\"https:\/\/paragaleriedetalborjt.com\/wp-content\/uploads\/2026\/01\/fillerina-12-densifying-filler-grade-3-intensive-filler-tr-flacon-2-x30-ml.jpg\",\"contentUrl\":\"https:\/\/paragaleriedetalborjt.com\/wp-content\/uploads\/2026\/01\/fillerina-12-densifying-filler-grade-3-intensive-filler-tr-flacon-2-x30-ml.jpg\",\"width\":595,\"height\":655},{\"@type\":\"BreadcrumbList\",\"@id\":\"https:\/\/paragaleriedetalborjt.com\/boutique\/fillerina-12ha-intensive-filler-tr-garde-3-302ml\/#breadcrumb\",\"itemListElement\":[{\"@type\":\"ListItem\",\"position\":1,\"name\":\"Accueil\",\"item\":\"https:\/\/paragaleriedetalborjt.com\/\"},{\"@type\":\"ListItem\",\"position\":2,\"name\":\"Boutique\",\"item\":\"https:\/\/paragaleriedetalborjt.com\/boutique\/\"},{\"@type\":\"ListItem\",\"position\":3,\"name\":\"Fillerina 12HA Intensive Filler Tr garde 3 30*2ml\"}]},{\"@type\":\"WebSite\",\"@id\":\"https:\/\/paragaleriedetalborjt.com\/#website\",\"url\":\"https:\/\/paragaleriedetalborjt.com\/\",\"name\":\"paragaleriedetalborjt\",\"description\":\"\",\"potentialAction\":[{\"@type\":\"SearchAction\",\"target\":{\"@type\":\"EntryPoint\",\"urlTemplate\":\"https:\/\/paragaleriedetalborjt.com\/?s={search_term_string}\"},\"query-input\":{\"@type\":\"PropertyValueSpecification\",\"valueRequired\":true,\"valueName\":\"search_term_string\"}}],\"inLanguage\":\"en-US\"}]}<\/script>\n<!-- \/ Yoast SEO plugin. -->","yoast_head_json":{"title":"Fillerina 12HA Intensive Filler Tr garde 3 30*2ml - paragaleriedetalborjt","robots":{"index":"index","follow":"follow","max-snippet":"max-snippet:-1","max-image-preview":"max-image-preview:large","max-video-preview":"max-video-preview:-1"},"canonical":"https:\/\/paragaleriedetalborjt.com\/en\/boutique\/fillerina-12ha-intensive-filler-tr-garde-3-302ml\/","og_locale":"en_US","og_type":"article","og_title":"Fillerina 12HA Intensive Filler Tr garde 3 30*2ml - paragaleriedetalborjt","og_description":"Highlights:Fillerina 12Ha Densification \u2013 Filler Effet de remplissage12 contient de l\u2019acide hyaluronique de poids mol\u00e9culaire diff\u00e9rent pour la d\u00e9pression cutan\u00e9e12 pour les pommettes et le volume des l\u00e8vres. Effet densifiant 3 Collag\u00e8ne et 2 \u00c9lastine soutiennent l\u2019\u00e9lasticit\u00e9 de la peau.","og_url":"https:\/\/paragaleriedetalborjt.com\/en\/boutique\/fillerina-12ha-intensive-filler-tr-garde-3-302ml\/","og_site_name":"paragaleriedetalborjt","article_modified_time":"2026-01-03T20:35:32+00:00","og_image":[{"width":595,"height":655,"url":"https:\/\/paragaleriedetalborjt.com\/wp-content\/uploads\/2026\/01\/fillerina-12-densifying-filler-grade-3-intensive-filler-tr-flacon-2-x30-ml.jpg","type":"image\/jpeg"}],"twitter_card":"summary_large_image","twitter_misc":{"Est. reading time":"3 minutes"},"schema":{"@context":"https:\/\/schema.org","@graph":[{"@type":"WebPage","@id":"https:\/\/paragaleriedetalborjt.com\/boutique\/fillerina-12ha-intensive-filler-tr-garde-3-302ml\/","url":"https:\/\/paragaleriedetalborjt.com\/boutique\/fillerina-12ha-intensive-filler-tr-garde-3-302ml\/","name":"Fillerina 12HA Intensive Filler Tr garde 3 30*2ml - paragaleriedetalborjt","isPartOf":{"@id":"https:\/\/paragaleriedetalborjt.com\/#website"},"primaryImageOfPage":{"@id":"https:\/\/paragaleriedetalborjt.com\/boutique\/fillerina-12ha-intensive-filler-tr-garde-3-302ml\/#primaryimage"},"image":{"@id":"https:\/\/paragaleriedetalborjt.com\/boutique\/fillerina-12ha-intensive-filler-tr-garde-3-302ml\/#primaryimage"},"thumbnailUrl":"https:\/\/paragaleriedetalborjt.com\/wp-content\/uploads\/2026\/01\/fillerina-12-densifying-filler-grade-3-intensive-filler-tr-flacon-2-x30-ml.jpg","datePublished":"2026-01-03T20:35:31+00:00","dateModified":"2026-01-03T20:35:32+00:00","breadcrumb":{"@id":"https:\/\/paragaleriedetalborjt.com\/boutique\/fillerina-12ha-intensive-filler-tr-garde-3-302ml\/#breadcrumb"},"inLanguage":"en-US","potentialAction":[{"@type":"ReadAction","target":["https:\/\/paragaleriedetalborjt.com\/boutique\/fillerina-12ha-intensive-filler-tr-garde-3-302ml\/"]}]},{"@type":"ImageObject","inLanguage":"en-US","@id":"https:\/\/paragaleriedetalborjt.com\/boutique\/fillerina-12ha-intensive-filler-tr-garde-3-302ml\/#primaryimage","url":"https:\/\/paragaleriedetalborjt.com\/wp-content\/uploads\/2026\/01\/fillerina-12-densifying-filler-grade-3-intensive-filler-tr-flacon-2-x30-ml.jpg","contentUrl":"https:\/\/paragaleriedetalborjt.com\/wp-content\/uploads\/2026\/01\/fillerina-12-densifying-filler-grade-3-intensive-filler-tr-flacon-2-x30-ml.jpg","width":595,"height":655},{"@type":"BreadcrumbList","@id":"https:\/\/paragaleriedetalborjt.com\/boutique\/fillerina-12ha-intensive-filler-tr-garde-3-302ml\/#breadcrumb","itemListElement":[{"@type":"ListItem","position":1,"name":"Accueil","item":"https:\/\/paragaleriedetalborjt.com\/"},{"@type":"ListItem","position":2,"name":"Boutique","item":"https:\/\/paragaleriedetalborjt.com\/boutique\/"},{"@type":"ListItem","position":3,"name":"Fillerina 12HA Intensive Filler Tr garde 3 30*2ml"}]},{"@type":"WebSite","@id":"https:\/\/paragaleriedetalborjt.com\/#website","url":"https:\/\/paragaleriedetalborjt.com\/","name":"paragaleriedetalborjt","description":"","potentialAction":[{"@type":"SearchAction","target":{"@type":"EntryPoint","urlTemplate":"https:\/\/paragaleriedetalborjt.com\/?s={search_term_string}"},"query-input":{"@type":"PropertyValueSpecification","valueRequired":true,"valueName":"search_term_string"}}],"inLanguage":"en-US"}]}},"brands":[{"id":2080,"name":"FILLERINA","slug":"fillerina"}],"_links":{"self":[{"href":"https:\/\/paragaleriedetalborjt.com\/en\/wp-json\/wp\/v2\/product\/42538","targetHints":{"allow":["GET"]}}],"collection":[{"href":"https:\/\/paragaleriedetalborjt.com\/en\/wp-json\/wp\/v2\/product"}],"about":[{"href":"https:\/\/paragaleriedetalborjt.com\/en\/wp-json\/wp\/v2\/types\/product"}],"replies":[{"embeddable":true,"href":"https:\/\/paragaleriedetalborjt.com\/en\/wp-json\/wp\/v2\/comments?post=42538"}],"version-history":[{"count":1,"href":"https:\/\/paragaleriedetalborjt.com\/en\/wp-json\/wp\/v2\/product\/42538\/revisions"}],"predecessor-version":[{"id":42540,"href":"https:\/\/paragaleriedetalborjt.com\/en\/wp-json\/wp\/v2\/product\/42538\/revisions\/42540"}],"wp:featuredmedia":[{"embeddable":true,"href":"https:\/\/paragaleriedetalborjt.com\/en\/wp-json\/wp\/v2\/media\/42539"}],"wp:attachment":[{"href":"https:\/\/paragaleriedetalborjt.com\/en\/wp-json\/wp\/v2\/media?parent=42538"}],"wp:term":[{"taxonomy":"pwb-brand","embeddable":true,"href":"https:\/\/paragaleriedetalborjt.com\/en\/wp-json\/wp\/v2\/pwb-brand?post=42538"},{"taxonomy":"product_cat","embeddable":true,"href":"https:\/\/paragaleriedetalborjt.com\/en\/wp-json\/wp\/v2\/product_cat?post=42538"},{"taxonomy":"product_tag","embeddable":true,"href":"https:\/\/paragaleriedetalborjt.com\/en\/wp-json\/wp\/v2\/product_tag?post=42538"}],"curies":[{"name":"wp","href":"https:\/\/api.w.org\/{rel}","templated":true}]}}