{"id":42442,"date":"2026-01-03T21:31:52","date_gmt":"2026-01-03T20:31:52","guid":{"rendered":"https:\/\/paragaleriedetalborjt.com\/?post_type=product&#038;p=42442"},"modified":"2026-01-03T21:31:53","modified_gmt":"2026-01-03T20:31:53","slug":"ziaja-med-creme-de-nuit-eclaircissante-50ml","status":"publish","type":"product","link":"https:\/\/paragaleriedetalborjt.com\/en\/boutique\/ziaja-med-creme-de-nuit-eclaircissante-50ml\/","title":{"rendered":"Ziaja Med Creme De Nuit Eclaircissante 50ml"},"content":{"rendered":"<div aria-labelledby=\"tab-title-description\" class=\"woocommerce-Tabs-panel woocommerce-Tabs-panel--description panel entry-content wc-tab\" id=\"tab-description\" role=\"tabpanel\" style=\"\">\n<h2>Description<\/h2>\n<div class=\"description\">\n<p><span>\u00c9mulsion \u00e9claircissante \u00e0 activit\u00e9 anti-rides recommand\u00e9e pour les peaux pr\u00e9sentant des taches pigmentaires caus\u00e9es par le soleil, la grossesse et le vieillissement cutan\u00e9.\u00a0<\/span><\/p>\n<p><span>Pr\u00e9vient et \u00e9claircit les taches brunes, en particulier sur le visage, le cou et le d\u00e9collet\u00e9.\u00a0<\/span><\/p>\n<p><span>Unifie le teint de la peau.\u00a0Lisse efficacement les rides.<\/span><\/p>\n<\/div>\n<div class=\"product-info leaf-heading leaf-heading-up\">\n<div class=\"info-box\">\n<div class=\"info-box\">\n<p><span>Appliquer sur le visage, le cou et le d\u00e9collet\u00e9 et tapoter d\u00e9licatement.\u00a0<\/span><\/p>\n<p>\u00a0<\/p>\n<\/div>\n<\/div>\n<\/div>\n<\/div>","protected":false},"excerpt":{"rendered":"<p>Highlights:\u00c9mulsion \u00e9claircissante \u00e0 activit\u00e9 anti-rides recommand\u00e9e pour les peaux pr\u00e9sentant des taches pigmentaires caus\u00e9es par le soleil, la grossesse et le vieillissement cutan\u00e9.<\/p>","protected":false},"featured_media":42443,"comment_status":"open","ping_status":"closed","template":"","meta":[],"pwb-brand":[1637],"product_cat":[16],"product_tag":[],"class_list":{"0":"post-42442","1":"product","2":"type-product","3":"status-publish","4":"has-post-thumbnail","6":"pwb-brand-ziaja","7":"product_cat-non-classe","8":"pa_brands-ziaja","10":"first","11":"instock","12":"sale","13":"shipping-taxable","14":"purchasable","15":"product-type-simple"},"yoast_head":"<!-- This site is optimized with the Yoast SEO plugin v27.5 - https:\/\/yoast.com\/product\/yoast-seo-wordpress\/ -->\n<title>Ziaja Med Creme De Nuit Eclaircissante 50ml - paragaleriedetalborjt<\/title>\n<meta name=\"robots\" content=\"index, follow, max-snippet:-1, max-image-preview:large, max-video-preview:-1\" \/>\n<link rel=\"canonical\" href=\"https:\/\/paragaleriedetalborjt.com\/en\/boutique\/ziaja-med-creme-de-nuit-eclaircissante-50ml\/\" \/>\n<meta property=\"og:locale\" content=\"en_US\" \/>\n<meta property=\"og:type\" content=\"article\" \/>\n<meta property=\"og:title\" content=\"Ziaja Med Creme De Nuit Eclaircissante 50ml - paragaleriedetalborjt\" \/>\n<meta property=\"og:description\" content=\"Highlights:\u00c9mulsion \u00e9claircissante \u00e0 activit\u00e9 anti-rides recommand\u00e9e pour les peaux pr\u00e9sentant des taches pigmentaires caus\u00e9es par le soleil, la grossesse et le vieillissement cutan\u00e9.\" \/>\n<meta property=\"og:url\" content=\"https:\/\/paragaleriedetalborjt.com\/en\/boutique\/ziaja-med-creme-de-nuit-eclaircissante-50ml\/\" \/>\n<meta property=\"og:site_name\" content=\"paragaleriedetalborjt\" \/>\n<meta property=\"article:modified_time\" content=\"2026-01-03T20:31:53+00:00\" \/>\n<meta property=\"og:image\" content=\"https:\/\/paragaleriedetalborjt.com\/wp-content\/uploads\/2026\/01\/Ziaja-med-creme-de-nuit-eclaircissante-50ml.jpg\" \/>\n\t<meta property=\"og:image:width\" content=\"595\" \/>\n\t<meta property=\"og:image:height\" content=\"655\" \/>\n\t<meta property=\"og:image:type\" content=\"image\/jpeg\" \/>\n<meta name=\"twitter:card\" content=\"summary_large_image\" \/>\n<script type=\"application\/ld+json\" class=\"yoast-schema-graph\">{\"@context\":\"https:\\\/\\\/schema.org\",\"@graph\":[{\"@type\":\"WebPage\",\"@id\":\"https:\\\/\\\/paragaleriedetalborjt.com\\\/boutique\\\/ziaja-med-creme-de-nuit-eclaircissante-50ml\\\/\",\"url\":\"https:\\\/\\\/paragaleriedetalborjt.com\\\/boutique\\\/ziaja-med-creme-de-nuit-eclaircissante-50ml\\\/\",\"name\":\"Ziaja Med Creme De Nuit Eclaircissante 50ml - paragaleriedetalborjt\",\"isPartOf\":{\"@id\":\"https:\\\/\\\/paragaleriedetalborjt.com\\\/#website\"},\"primaryImageOfPage\":{\"@id\":\"https:\\\/\\\/paragaleriedetalborjt.com\\\/boutique\\\/ziaja-med-creme-de-nuit-eclaircissante-50ml\\\/#primaryimage\"},\"image\":{\"@id\":\"https:\\\/\\\/paragaleriedetalborjt.com\\\/boutique\\\/ziaja-med-creme-de-nuit-eclaircissante-50ml\\\/#primaryimage\"},\"thumbnailUrl\":\"https:\\\/\\\/paragaleriedetalborjt.com\\\/wp-content\\\/uploads\\\/2026\\\/01\\\/Ziaja-med-creme-de-nuit-eclaircissante-50ml.jpg\",\"datePublished\":\"2026-01-03T20:31:52+00:00\",\"dateModified\":\"2026-01-03T20:31:53+00:00\",\"breadcrumb\":{\"@id\":\"https:\\\/\\\/paragaleriedetalborjt.com\\\/boutique\\\/ziaja-med-creme-de-nuit-eclaircissante-50ml\\\/#breadcrumb\"},\"inLanguage\":\"en-US\",\"potentialAction\":[{\"@type\":\"ReadAction\",\"target\":[\"https:\\\/\\\/paragaleriedetalborjt.com\\\/boutique\\\/ziaja-med-creme-de-nuit-eclaircissante-50ml\\\/\"]}]},{\"@type\":\"ImageObject\",\"inLanguage\":\"en-US\",\"@id\":\"https:\\\/\\\/paragaleriedetalborjt.com\\\/boutique\\\/ziaja-med-creme-de-nuit-eclaircissante-50ml\\\/#primaryimage\",\"url\":\"https:\\\/\\\/paragaleriedetalborjt.com\\\/wp-content\\\/uploads\\\/2026\\\/01\\\/Ziaja-med-creme-de-nuit-eclaircissante-50ml.jpg\",\"contentUrl\":\"https:\\\/\\\/paragaleriedetalborjt.com\\\/wp-content\\\/uploads\\\/2026\\\/01\\\/Ziaja-med-creme-de-nuit-eclaircissante-50ml.jpg\",\"width\":595,\"height\":655},{\"@type\":\"BreadcrumbList\",\"@id\":\"https:\\\/\\\/paragaleriedetalborjt.com\\\/boutique\\\/ziaja-med-creme-de-nuit-eclaircissante-50ml\\\/#breadcrumb\",\"itemListElement\":[{\"@type\":\"ListItem\",\"position\":1,\"name\":\"Accueil\",\"item\":\"https:\\\/\\\/paragaleriedetalborjt.com\\\/\"},{\"@type\":\"ListItem\",\"position\":2,\"name\":\"Boutique\",\"item\":\"https:\\\/\\\/paragaleriedetalborjt.com\\\/boutique\\\/\"},{\"@type\":\"ListItem\",\"position\":3,\"name\":\"Ziaja Med Creme De Nuit Eclaircissante 50ml\"}]},{\"@type\":\"WebSite\",\"@id\":\"https:\\\/\\\/paragaleriedetalborjt.com\\\/#website\",\"url\":\"https:\\\/\\\/paragaleriedetalborjt.com\\\/\",\"name\":\"paragaleriedetalborjt\",\"description\":\"\",\"potentialAction\":[{\"@type\":\"SearchAction\",\"target\":{\"@type\":\"EntryPoint\",\"urlTemplate\":\"https:\\\/\\\/paragaleriedetalborjt.com\\\/?s={search_term_string}\"},\"query-input\":{\"@type\":\"PropertyValueSpecification\",\"valueRequired\":true,\"valueName\":\"search_term_string\"}}],\"inLanguage\":\"en-US\"}]}<\/script>\n<!-- \/ Yoast SEO plugin. -->","yoast_head_json":{"title":"Ziaja Med Creme De Nuit Eclaircissante 50ml - paragaleriedetalborjt","robots":{"index":"index","follow":"follow","max-snippet":"max-snippet:-1","max-image-preview":"max-image-preview:large","max-video-preview":"max-video-preview:-1"},"canonical":"https:\/\/paragaleriedetalborjt.com\/en\/boutique\/ziaja-med-creme-de-nuit-eclaircissante-50ml\/","og_locale":"en_US","og_type":"article","og_title":"Ziaja Med Creme De Nuit Eclaircissante 50ml - paragaleriedetalborjt","og_description":"Highlights:\u00c9mulsion \u00e9claircissante \u00e0 activit\u00e9 anti-rides recommand\u00e9e pour les peaux pr\u00e9sentant des taches pigmentaires caus\u00e9es par le soleil, la grossesse et le vieillissement cutan\u00e9.","og_url":"https:\/\/paragaleriedetalborjt.com\/en\/boutique\/ziaja-med-creme-de-nuit-eclaircissante-50ml\/","og_site_name":"paragaleriedetalborjt","article_modified_time":"2026-01-03T20:31:53+00:00","og_image":[{"width":595,"height":655,"url":"https:\/\/paragaleriedetalborjt.com\/wp-content\/uploads\/2026\/01\/Ziaja-med-creme-de-nuit-eclaircissante-50ml.jpg","type":"image\/jpeg"}],"twitter_card":"summary_large_image","schema":{"@context":"https:\/\/schema.org","@graph":[{"@type":"WebPage","@id":"https:\/\/paragaleriedetalborjt.com\/boutique\/ziaja-med-creme-de-nuit-eclaircissante-50ml\/","url":"https:\/\/paragaleriedetalborjt.com\/boutique\/ziaja-med-creme-de-nuit-eclaircissante-50ml\/","name":"Ziaja Med Creme De Nuit Eclaircissante 50ml - paragaleriedetalborjt","isPartOf":{"@id":"https:\/\/paragaleriedetalborjt.com\/#website"},"primaryImageOfPage":{"@id":"https:\/\/paragaleriedetalborjt.com\/boutique\/ziaja-med-creme-de-nuit-eclaircissante-50ml\/#primaryimage"},"image":{"@id":"https:\/\/paragaleriedetalborjt.com\/boutique\/ziaja-med-creme-de-nuit-eclaircissante-50ml\/#primaryimage"},"thumbnailUrl":"https:\/\/paragaleriedetalborjt.com\/wp-content\/uploads\/2026\/01\/Ziaja-med-creme-de-nuit-eclaircissante-50ml.jpg","datePublished":"2026-01-03T20:31:52+00:00","dateModified":"2026-01-03T20:31:53+00:00","breadcrumb":{"@id":"https:\/\/paragaleriedetalborjt.com\/boutique\/ziaja-med-creme-de-nuit-eclaircissante-50ml\/#breadcrumb"},"inLanguage":"en-US","potentialAction":[{"@type":"ReadAction","target":["https:\/\/paragaleriedetalborjt.com\/boutique\/ziaja-med-creme-de-nuit-eclaircissante-50ml\/"]}]},{"@type":"ImageObject","inLanguage":"en-US","@id":"https:\/\/paragaleriedetalborjt.com\/boutique\/ziaja-med-creme-de-nuit-eclaircissante-50ml\/#primaryimage","url":"https:\/\/paragaleriedetalborjt.com\/wp-content\/uploads\/2026\/01\/Ziaja-med-creme-de-nuit-eclaircissante-50ml.jpg","contentUrl":"https:\/\/paragaleriedetalborjt.com\/wp-content\/uploads\/2026\/01\/Ziaja-med-creme-de-nuit-eclaircissante-50ml.jpg","width":595,"height":655},{"@type":"BreadcrumbList","@id":"https:\/\/paragaleriedetalborjt.com\/boutique\/ziaja-med-creme-de-nuit-eclaircissante-50ml\/#breadcrumb","itemListElement":[{"@type":"ListItem","position":1,"name":"Accueil","item":"https:\/\/paragaleriedetalborjt.com\/"},{"@type":"ListItem","position":2,"name":"Boutique","item":"https:\/\/paragaleriedetalborjt.com\/boutique\/"},{"@type":"ListItem","position":3,"name":"Ziaja Med Creme De Nuit Eclaircissante 50ml"}]},{"@type":"WebSite","@id":"https:\/\/paragaleriedetalborjt.com\/#website","url":"https:\/\/paragaleriedetalborjt.com\/","name":"paragaleriedetalborjt","description":"","potentialAction":[{"@type":"SearchAction","target":{"@type":"EntryPoint","urlTemplate":"https:\/\/paragaleriedetalborjt.com\/?s={search_term_string}"},"query-input":{"@type":"PropertyValueSpecification","valueRequired":true,"valueName":"search_term_string"}}],"inLanguage":"en-US"}]}},"brands":[{"id":1637,"name":"ZIAJA","slug":"ziaja"}],"_links":{"self":[{"href":"https:\/\/paragaleriedetalborjt.com\/en\/wp-json\/wp\/v2\/product\/42442","targetHints":{"allow":["GET"]}}],"collection":[{"href":"https:\/\/paragaleriedetalborjt.com\/en\/wp-json\/wp\/v2\/product"}],"about":[{"href":"https:\/\/paragaleriedetalborjt.com\/en\/wp-json\/wp\/v2\/types\/product"}],"replies":[{"embeddable":true,"href":"https:\/\/paragaleriedetalborjt.com\/en\/wp-json\/wp\/v2\/comments?post=42442"}],"version-history":[{"count":1,"href":"https:\/\/paragaleriedetalborjt.com\/en\/wp-json\/wp\/v2\/product\/42442\/revisions"}],"predecessor-version":[{"id":42444,"href":"https:\/\/paragaleriedetalborjt.com\/en\/wp-json\/wp\/v2\/product\/42442\/revisions\/42444"}],"wp:featuredmedia":[{"embeddable":true,"href":"https:\/\/paragaleriedetalborjt.com\/en\/wp-json\/wp\/v2\/media\/42443"}],"wp:attachment":[{"href":"https:\/\/paragaleriedetalborjt.com\/en\/wp-json\/wp\/v2\/media?parent=42442"}],"wp:term":[{"taxonomy":"pwb-brand","embeddable":true,"href":"https:\/\/paragaleriedetalborjt.com\/en\/wp-json\/wp\/v2\/pwb-brand?post=42442"},{"taxonomy":"product_cat","embeddable":true,"href":"https:\/\/paragaleriedetalborjt.com\/en\/wp-json\/wp\/v2\/product_cat?post=42442"},{"taxonomy":"product_tag","embeddable":true,"href":"https:\/\/paragaleriedetalborjt.com\/en\/wp-json\/wp\/v2\/product_tag?post=42442"}],"curies":[{"name":"wp","href":"https:\/\/api.w.org\/{rel}","templated":true}]}}