{"id":42376,"date":"2026-01-03T21:29:28","date_gmt":"2026-01-03T20:29:28","guid":{"rendered":"https:\/\/paragaleriedetalborjt.com\/?post_type=product&#038;p=42376"},"modified":"2026-01-03T21:29:28","modified_gmt":"2026-01-03T20:29:28","slug":"pingo-couches-ecologiques-jetables-jumbo-xl-taille-6-15-30kg-2x32-couches","status":"publish","type":"product","link":"https:\/\/paragaleriedetalborjt.com\/en\/boutique\/pingo-couches-ecologiques-jetables-jumbo-xl-taille-6-15-30kg-2x32-couches\/","title":{"rendered":"PINGO COUCHES \u00c9COLOGIQUES JETABLES JUMBO XL TAILLE 6 (15-30KG) 2X32 COUCHES"},"content":{"rendered":"<div aria-labelledby=\"tab-title-description\" class=\"woocommerce-Tabs-panel woocommerce-Tabs-panel--description panel entry-content wc-tab\" id=\"tab-description\" role=\"tabpanel\" style=\"\">\n<h2>Description<\/h2>\n<p>La couche est respirante pour le respect de la peau de b\u00e9b\u00e9 gr\u00e2ce au film ext\u00e9rieur perfor\u00e9 thermocoll\u00e9 \u00e0 un voile textile pour plus de douceur. Un voile d\u2019acquisition isole les fesses de B\u00e9b\u00e9 du matelas absorbant (compos\u00e9 de SAP et de cellulose FSC non-blanchie au chlore). Il augmente la rapidit\u00e9 et la performance d\u2019absorption, laissant b\u00e9b\u00e9 bien au sec.<br \/>\nSon syst\u00e8me de fermeture \u00ab\u00a0super-stretch confort\u00a0\u00bb offre une forme anatomique, un tr\u00e8s bon maintien, ainsi qu\u2019une libert\u00e9 de mouvement parfaite. Les \u00e9lastiques aux cuisses et les larges barri\u00e8res anti-fuites prot\u00e8gent des fuites. Les mati\u00e8res utilis\u00e9es sont extr\u00eamement douces et moelleuses, respirantes et agr\u00e9ables pour la peau : B\u00e9b\u00e9 se sent donc parfaitement bien et au sec.<br \/>\nLeur fabrication est plus \u00e9cologique que celle des couches jetables classiques et b\u00e9n\u00e9ficie de 4 certifications :<br \/>\nLa certification FSC Mix qui garantit que la cellulose utilis\u00e9e est issue d\u2019exploitations foresti\u00e8res durables et pr\u00e9servant les ressources naturelles.<br \/>\nLa couche Pingo est certifi\u00e9e neutre par MyClimate sur le plan climatique, gr\u00e2ce \u00e0 la compensation carbone de sa fabrication.<br \/>\nL\u2019utilisation d\u2019\u00e9nergie issue de ressources renouvelables certifi\u00e9e Naturemade Star pour sa production contribue \u00e0 pr\u00e9server l\u2019environnement.<br \/>\nLa certification Oeko-tex standard 100<br \/>\nUn indicateur d\u2019humidit\u00e9 est pr\u00e9sent sur la taille 1 et 2 pour vous indiquer si la couche est \u00e0 changer.<\/p>\n<p><strong>COMPOSITION<\/strong><\/p>\n<p>Matelas absorbant : Fluff 100 % cellulose certifi\u00e9e FSC blanchie sans chlore (TCF) et Polyacrylate de sodium (SAP)<br \/>\nVoile de surface : Non tiss\u00e9 polypropyl\u00e8ne (PP) sensation textile \/ Pas de lotion ni de parfum ajout\u00e9e<br \/>\nVoile de distribution : Fibres PET (polyester te\u0301re\u0301phtalate)<br \/>\nVoile externe respirant : poly\u00e9thyl\u00e8ne et non tiss\u00e9 polypropyl\u00e8ne<br \/>\n\u00c9lastiques : \u00e9lasthanne sans latex<br \/>\nBarri\u00e8res anti fuites : polypropyl\u00e8ne hydrophobe<br \/>\nAdh\u00e9sifs : Polym\u00e8re base caoutchouc<br \/>\nAttaches : Polyamide et PE<br \/>\nEncre : Pigment sans m\u00e9taux lourds<br \/>\nEmballage : bioplastic PLA. biod\u00e9gradable dans les conditions industrielles, d\u2019o\u00f9 l\u2019indication 7 Bioplastic \/ Sachets \u00e0 mettre dans les sacs jaunes de plastiques<\/p>\n<\/div>","protected":false},"excerpt":{"rendered":"<p>Highlights:La\u00a0Couche Jetable\u00a0Pingo\u00a0est une couche fine mais\u00a0ultra-absorbante, qui absorbe rapidement l\u2019humidit\u00e9 et la retient jusqu\u2019\u00e0 12 heures pour garantir ainsi la couche la plus s\u00e8che possible, de jour comme de nuit.<\/p>","protected":false},"featured_media":42377,"comment_status":"open","ping_status":"closed","template":"","meta":[],"pwb-brand":[2073],"product_cat":[16],"product_tag":[],"class_list":{"0":"post-42376","1":"product","2":"type-product","3":"status-publish","4":"has-post-thumbnail","6":"pwb-brand-pingo","7":"product_cat-non-classe","8":"pa_brands-pingo","10":"first","11":"instock","12":"sale","13":"shipping-taxable","14":"purchasable","15":"product-type-simple"},"yoast_head":"<!-- This site is optimized with the Yoast SEO plugin v26.9 - https:\/\/yoast.com\/product\/yoast-seo-wordpress\/ -->\n<title>PINGO COUCHES \u00c9COLOGIQUES JETABLES JUMBO XL TAILLE 6 (15-30KG) 2X32 COUCHES - paragaleriedetalborjt<\/title>\n<meta name=\"robots\" content=\"index, follow, max-snippet:-1, max-image-preview:large, max-video-preview:-1\" \/>\n<link rel=\"canonical\" href=\"https:\/\/paragaleriedetalborjt.com\/en\/boutique\/pingo-couches-ecologiques-jetables-jumbo-xl-taille-6-15-30kg-2x32-couches\/\" \/>\n<meta property=\"og:locale\" content=\"en_US\" \/>\n<meta property=\"og:type\" content=\"article\" \/>\n<meta property=\"og:title\" content=\"PINGO COUCHES \u00c9COLOGIQUES JETABLES JUMBO XL TAILLE 6 (15-30KG) 2X32 COUCHES - paragaleriedetalborjt\" \/>\n<meta property=\"og:description\" content=\"Highlights:La\u00a0Couche Jetable\u00a0Pingo\u00a0est une couche fine mais\u00a0ultra-absorbante, qui absorbe rapidement l\u2019humidit\u00e9 et la retient jusqu\u2019\u00e0 12 heures pour garantir ainsi la couche la plus s\u00e8che possible, de jour comme de nuit.\" \/>\n<meta property=\"og:url\" content=\"https:\/\/paragaleriedetalborjt.com\/en\/boutique\/pingo-couches-ecologiques-jetables-jumbo-xl-taille-6-15-30kg-2x32-couches\/\" \/>\n<meta property=\"og:site_name\" content=\"paragaleriedetalborjt\" \/>\n<meta property=\"og:image\" content=\"https:\/\/paragaleriedetalborjt.com\/wp-content\/uploads\/2026\/01\/pingo-couches-ecologiques-jetables-jumbo-xl-taille-6-15-30kg-2x32-couches.jpg\" \/>\n\t<meta property=\"og:image:width\" content=\"595\" \/>\n\t<meta property=\"og:image:height\" content=\"655\" \/>\n\t<meta property=\"og:image:type\" content=\"image\/jpeg\" \/>\n<meta name=\"twitter:card\" content=\"summary_large_image\" \/>\n<meta name=\"twitter:label1\" content=\"Est. reading time\" \/>\n\t<meta name=\"twitter:data1\" content=\"2 minutes\" \/>\n<script type=\"application\/ld+json\" class=\"yoast-schema-graph\">{\"@context\":\"https:\/\/schema.org\",\"@graph\":[{\"@type\":\"WebPage\",\"@id\":\"https:\/\/paragaleriedetalborjt.com\/boutique\/pingo-couches-ecologiques-jetables-jumbo-xl-taille-6-15-30kg-2x32-couches\/\",\"url\":\"https:\/\/paragaleriedetalborjt.com\/boutique\/pingo-couches-ecologiques-jetables-jumbo-xl-taille-6-15-30kg-2x32-couches\/\",\"name\":\"PINGO COUCHES \u00c9COLOGIQUES JETABLES JUMBO XL TAILLE 6 (15-30KG) 2X32 COUCHES - paragaleriedetalborjt\",\"isPartOf\":{\"@id\":\"https:\/\/paragaleriedetalborjt.com\/#website\"},\"primaryImageOfPage\":{\"@id\":\"https:\/\/paragaleriedetalborjt.com\/boutique\/pingo-couches-ecologiques-jetables-jumbo-xl-taille-6-15-30kg-2x32-couches\/#primaryimage\"},\"image\":{\"@id\":\"https:\/\/paragaleriedetalborjt.com\/boutique\/pingo-couches-ecologiques-jetables-jumbo-xl-taille-6-15-30kg-2x32-couches\/#primaryimage\"},\"thumbnailUrl\":\"https:\/\/paragaleriedetalborjt.com\/wp-content\/uploads\/2026\/01\/pingo-couches-ecologiques-jetables-jumbo-xl-taille-6-15-30kg-2x32-couches.jpg\",\"datePublished\":\"2026-01-03T20:29:28+00:00\",\"breadcrumb\":{\"@id\":\"https:\/\/paragaleriedetalborjt.com\/boutique\/pingo-couches-ecologiques-jetables-jumbo-xl-taille-6-15-30kg-2x32-couches\/#breadcrumb\"},\"inLanguage\":\"en-US\",\"potentialAction\":[{\"@type\":\"ReadAction\",\"target\":[\"https:\/\/paragaleriedetalborjt.com\/boutique\/pingo-couches-ecologiques-jetables-jumbo-xl-taille-6-15-30kg-2x32-couches\/\"]}]},{\"@type\":\"ImageObject\",\"inLanguage\":\"en-US\",\"@id\":\"https:\/\/paragaleriedetalborjt.com\/boutique\/pingo-couches-ecologiques-jetables-jumbo-xl-taille-6-15-30kg-2x32-couches\/#primaryimage\",\"url\":\"https:\/\/paragaleriedetalborjt.com\/wp-content\/uploads\/2026\/01\/pingo-couches-ecologiques-jetables-jumbo-xl-taille-6-15-30kg-2x32-couches.jpg\",\"contentUrl\":\"https:\/\/paragaleriedetalborjt.com\/wp-content\/uploads\/2026\/01\/pingo-couches-ecologiques-jetables-jumbo-xl-taille-6-15-30kg-2x32-couches.jpg\",\"width\":595,\"height\":655},{\"@type\":\"BreadcrumbList\",\"@id\":\"https:\/\/paragaleriedetalborjt.com\/boutique\/pingo-couches-ecologiques-jetables-jumbo-xl-taille-6-15-30kg-2x32-couches\/#breadcrumb\",\"itemListElement\":[{\"@type\":\"ListItem\",\"position\":1,\"name\":\"Accueil\",\"item\":\"https:\/\/paragaleriedetalborjt.com\/\"},{\"@type\":\"ListItem\",\"position\":2,\"name\":\"Boutique\",\"item\":\"https:\/\/paragaleriedetalborjt.com\/boutique\/\"},{\"@type\":\"ListItem\",\"position\":3,\"name\":\"PINGO COUCHES \u00c9COLOGIQUES JETABLES JUMBO XL TAILLE 6 (15-30KG) 2X32 COUCHES\"}]},{\"@type\":\"WebSite\",\"@id\":\"https:\/\/paragaleriedetalborjt.com\/#website\",\"url\":\"https:\/\/paragaleriedetalborjt.com\/\",\"name\":\"paragaleriedetalborjt\",\"description\":\"\",\"potentialAction\":[{\"@type\":\"SearchAction\",\"target\":{\"@type\":\"EntryPoint\",\"urlTemplate\":\"https:\/\/paragaleriedetalborjt.com\/?s={search_term_string}\"},\"query-input\":{\"@type\":\"PropertyValueSpecification\",\"valueRequired\":true,\"valueName\":\"search_term_string\"}}],\"inLanguage\":\"en-US\"}]}<\/script>\n<!-- \/ Yoast SEO plugin. -->","yoast_head_json":{"title":"PINGO COUCHES \u00c9COLOGIQUES JETABLES JUMBO XL TAILLE 6 (15-30KG) 2X32 COUCHES - paragaleriedetalborjt","robots":{"index":"index","follow":"follow","max-snippet":"max-snippet:-1","max-image-preview":"max-image-preview:large","max-video-preview":"max-video-preview:-1"},"canonical":"https:\/\/paragaleriedetalborjt.com\/en\/boutique\/pingo-couches-ecologiques-jetables-jumbo-xl-taille-6-15-30kg-2x32-couches\/","og_locale":"en_US","og_type":"article","og_title":"PINGO COUCHES \u00c9COLOGIQUES JETABLES JUMBO XL TAILLE 6 (15-30KG) 2X32 COUCHES - paragaleriedetalborjt","og_description":"Highlights:La\u00a0Couche Jetable\u00a0Pingo\u00a0est une couche fine mais\u00a0ultra-absorbante, qui absorbe rapidement l\u2019humidit\u00e9 et la retient jusqu\u2019\u00e0 12 heures pour garantir ainsi la couche la plus s\u00e8che possible, de jour comme de nuit.","og_url":"https:\/\/paragaleriedetalborjt.com\/en\/boutique\/pingo-couches-ecologiques-jetables-jumbo-xl-taille-6-15-30kg-2x32-couches\/","og_site_name":"paragaleriedetalborjt","og_image":[{"width":595,"height":655,"url":"https:\/\/paragaleriedetalborjt.com\/wp-content\/uploads\/2026\/01\/pingo-couches-ecologiques-jetables-jumbo-xl-taille-6-15-30kg-2x32-couches.jpg","type":"image\/jpeg"}],"twitter_card":"summary_large_image","twitter_misc":{"Est. reading time":"2 minutes"},"schema":{"@context":"https:\/\/schema.org","@graph":[{"@type":"WebPage","@id":"https:\/\/paragaleriedetalborjt.com\/boutique\/pingo-couches-ecologiques-jetables-jumbo-xl-taille-6-15-30kg-2x32-couches\/","url":"https:\/\/paragaleriedetalborjt.com\/boutique\/pingo-couches-ecologiques-jetables-jumbo-xl-taille-6-15-30kg-2x32-couches\/","name":"PINGO COUCHES \u00c9COLOGIQUES JETABLES JUMBO XL TAILLE 6 (15-30KG) 2X32 COUCHES - paragaleriedetalborjt","isPartOf":{"@id":"https:\/\/paragaleriedetalborjt.com\/#website"},"primaryImageOfPage":{"@id":"https:\/\/paragaleriedetalborjt.com\/boutique\/pingo-couches-ecologiques-jetables-jumbo-xl-taille-6-15-30kg-2x32-couches\/#primaryimage"},"image":{"@id":"https:\/\/paragaleriedetalborjt.com\/boutique\/pingo-couches-ecologiques-jetables-jumbo-xl-taille-6-15-30kg-2x32-couches\/#primaryimage"},"thumbnailUrl":"https:\/\/paragaleriedetalborjt.com\/wp-content\/uploads\/2026\/01\/pingo-couches-ecologiques-jetables-jumbo-xl-taille-6-15-30kg-2x32-couches.jpg","datePublished":"2026-01-03T20:29:28+00:00","breadcrumb":{"@id":"https:\/\/paragaleriedetalborjt.com\/boutique\/pingo-couches-ecologiques-jetables-jumbo-xl-taille-6-15-30kg-2x32-couches\/#breadcrumb"},"inLanguage":"en-US","potentialAction":[{"@type":"ReadAction","target":["https:\/\/paragaleriedetalborjt.com\/boutique\/pingo-couches-ecologiques-jetables-jumbo-xl-taille-6-15-30kg-2x32-couches\/"]}]},{"@type":"ImageObject","inLanguage":"en-US","@id":"https:\/\/paragaleriedetalborjt.com\/boutique\/pingo-couches-ecologiques-jetables-jumbo-xl-taille-6-15-30kg-2x32-couches\/#primaryimage","url":"https:\/\/paragaleriedetalborjt.com\/wp-content\/uploads\/2026\/01\/pingo-couches-ecologiques-jetables-jumbo-xl-taille-6-15-30kg-2x32-couches.jpg","contentUrl":"https:\/\/paragaleriedetalborjt.com\/wp-content\/uploads\/2026\/01\/pingo-couches-ecologiques-jetables-jumbo-xl-taille-6-15-30kg-2x32-couches.jpg","width":595,"height":655},{"@type":"BreadcrumbList","@id":"https:\/\/paragaleriedetalborjt.com\/boutique\/pingo-couches-ecologiques-jetables-jumbo-xl-taille-6-15-30kg-2x32-couches\/#breadcrumb","itemListElement":[{"@type":"ListItem","position":1,"name":"Accueil","item":"https:\/\/paragaleriedetalborjt.com\/"},{"@type":"ListItem","position":2,"name":"Boutique","item":"https:\/\/paragaleriedetalborjt.com\/boutique\/"},{"@type":"ListItem","position":3,"name":"PINGO COUCHES \u00c9COLOGIQUES JETABLES JUMBO XL TAILLE 6 (15-30KG) 2X32 COUCHES"}]},{"@type":"WebSite","@id":"https:\/\/paragaleriedetalborjt.com\/#website","url":"https:\/\/paragaleriedetalborjt.com\/","name":"paragaleriedetalborjt","description":"","potentialAction":[{"@type":"SearchAction","target":{"@type":"EntryPoint","urlTemplate":"https:\/\/paragaleriedetalborjt.com\/?s={search_term_string}"},"query-input":{"@type":"PropertyValueSpecification","valueRequired":true,"valueName":"search_term_string"}}],"inLanguage":"en-US"}]}},"brands":[{"id":2073,"name":"PINGO","slug":"pingo"}],"_links":{"self":[{"href":"https:\/\/paragaleriedetalborjt.com\/en\/wp-json\/wp\/v2\/product\/42376","targetHints":{"allow":["GET"]}}],"collection":[{"href":"https:\/\/paragaleriedetalborjt.com\/en\/wp-json\/wp\/v2\/product"}],"about":[{"href":"https:\/\/paragaleriedetalborjt.com\/en\/wp-json\/wp\/v2\/types\/product"}],"replies":[{"embeddable":true,"href":"https:\/\/paragaleriedetalborjt.com\/en\/wp-json\/wp\/v2\/comments?post=42376"}],"version-history":[{"count":1,"href":"https:\/\/paragaleriedetalborjt.com\/en\/wp-json\/wp\/v2\/product\/42376\/revisions"}],"predecessor-version":[{"id":42378,"href":"https:\/\/paragaleriedetalborjt.com\/en\/wp-json\/wp\/v2\/product\/42376\/revisions\/42378"}],"wp:featuredmedia":[{"embeddable":true,"href":"https:\/\/paragaleriedetalborjt.com\/en\/wp-json\/wp\/v2\/media\/42377"}],"wp:attachment":[{"href":"https:\/\/paragaleriedetalborjt.com\/en\/wp-json\/wp\/v2\/media?parent=42376"}],"wp:term":[{"taxonomy":"pwb-brand","embeddable":true,"href":"https:\/\/paragaleriedetalborjt.com\/en\/wp-json\/wp\/v2\/pwb-brand?post=42376"},{"taxonomy":"product_cat","embeddable":true,"href":"https:\/\/paragaleriedetalborjt.com\/en\/wp-json\/wp\/v2\/product_cat?post=42376"},{"taxonomy":"product_tag","embeddable":true,"href":"https:\/\/paragaleriedetalborjt.com\/en\/wp-json\/wp\/v2\/product_tag?post=42376"}],"curies":[{"name":"wp","href":"https:\/\/api.w.org\/{rel}","templated":true}]}}