{"id":42364,"date":"2026-01-03T21:29:01","date_gmt":"2026-01-03T20:29:01","guid":{"rendered":"https:\/\/paragaleriedetalborjt.com\/?post_type=product&#038;p=42364"},"modified":"2026-01-03T21:29:01","modified_gmt":"2026-01-03T20:29:01","slug":"nubiance-hrb-3-lait-corps-hydratant-et-correcteur-500ml","status":"publish","type":"product","link":"https:\/\/paragaleriedetalborjt.com\/en\/boutique\/nubiance-hrb-3-lait-corps-hydratant-et-correcteur-500ml\/","title":{"rendered":"Nubiance HRb-3 Lait Corps Hydratant et Correcteur 500ml"},"content":{"rendered":"<div aria-labelledby=\"tab-title-description\" class=\"woocommerce-Tabs-panel woocommerce-Tabs-panel--description panel entry-content wc-tab\" id=\"tab-description\" role=\"tabpanel\" style=\"\">\n<h2>Description<\/h2>\n<div class=\"content-divider\">\n<div class=\"title-row\"><\/div>\n<\/div>\n<div class=\"product-description user-content\">\n<p class=\"easytabs-text\">Le Lait Corps\u00a0HRB-3\u00ae hydratant et unifiant est propos\u00e9 avec notre formule HRB-3 dont les actifs brevet\u00e9s r\u00e9gulent les probl\u00e8mes d\u2019hyperpigmentation d\u2019origines diverses et att\u00e9nuent les taches de mani\u00e8re significative d\u00e8s la troisi\u00e8me\u00a0semaine d\u2019utilisation quotidienne. La peau est moins rugueuse, mieux hydrat\u00e9e et plus souple. Les taches s\u2019estompent et laissent place \u00e0 une peau plus unifi\u00e9e et \u00e9clatante.<\/p>\n<p><strong>HYDRATATION INTENSE:<\/strong>\u00a0hydrate et nourrit les peaux s\u00e8ches \u00e0 tr\u00e8s s\u00e8ches tout en leur apportant un confort imm\u00e9diat. Les actifs r\u00e9gulent les probl\u00e8mes de pigmentation d\u2019origines diverses et att\u00e9nue les taches de mani\u00e8re significative d\u00e8s la troisi\u00e8me semaine d\u2019utilisation quotidienne. La peau est moins rugueuse, mieux hydrat\u00e9e et plus souple, plus douce et comme velout\u00e9e au toucher.<\/p>\n<p><strong>RITUEL BEAUT\u00c9:<\/strong>\u00a0laisse la peau hydrat\u00e9e durablement, apaise les sensations de tiraillement et assure jour apr\u00e8s jour une protection contre le dess\u00e8chement cutan\u00e9. Il p\u00e9n\u00e8tre rapidement l\u2019\u00e9piderme sans laisser de film gras \u2013 id\u00e9al pour s\u2019habiller imm\u00e9diatement apr\u00e8s l\u2019application. Laisse un parfum doux et fruit\u00e9 sur la peau.<\/p>\n<p><strong>ANTI-TACHES:<\/strong>\u00a0fort pouvoir unifiant gr\u00e2ce \u00e0 notre formule HRB-3 exclusive, d\u00e9velopp\u00e9e \u00e0 partir d\u2019actifs brevet\u00e9s tr\u00e8s haute performance.<\/p>\n<div aria-labelledby=\"easytabs-slide-label-6767951839439-1\" class=\"easytabs-accordion-item\" role=\"tab\"><strong><span class=\"easytabs-header-text ui-tabs-anchor js-no-transition\" id=\"easytabs-slide-label-6767951839439-1\">Conseils d\u2019utilisation :<\/span><\/strong><\/div>\n<div aria-expanded=\"true\" aria-hidden=\"false\" aria-labelledby=\"easytabs-slide-label-6767951839439-1\" class=\"easytabs-content-holder\" role=\"tabpanel\">\n<section class=\"section_native_menu tab_content_1 page-product-box tab-pane\">Appliquez 1 fois par jour sur une peau propre et s\u00e8che. Eviter le contact avec les yeux. Usage externe. Ne pas ing\u00e9rer. Eviter l\u2019exposition au soleil.\u00a0Ce lait ne laisse aucun film gras ou collant et ne tache ni les draps ni les v\u00eatements.<\/p>\n<\/section>\n<\/div>\n<\/div>\n<\/div>","protected":false},"excerpt":{"rendered":"<p>Highlights:Avec pompe pour un dosage optimal \u2013 pas de perte et un usage prolong\u00e9 dans le temps !<\/p>","protected":false},"featured_media":42365,"comment_status":"open","ping_status":"closed","template":"","meta":[],"pwb-brand":[2069],"product_cat":[16],"product_tag":[],"class_list":{"0":"post-42364","1":"product","2":"type-product","3":"status-publish","4":"has-post-thumbnail","6":"pwb-brand-nubiance","7":"product_cat-non-classe","8":"pa_brands-nubiance","10":"first","11":"instock","12":"sale","13":"shipping-taxable","14":"purchasable","15":"product-type-simple"},"yoast_head":"<!-- This site is optimized with the Yoast SEO plugin v27.5 - https:\/\/yoast.com\/product\/yoast-seo-wordpress\/ -->\n<title>Nubiance HRb-3 Lait Corps Hydratant et Correcteur 500ml - paragaleriedetalborjt<\/title>\n<meta name=\"robots\" content=\"index, follow, max-snippet:-1, max-image-preview:large, max-video-preview:-1\" \/>\n<link rel=\"canonical\" href=\"https:\/\/paragaleriedetalborjt.com\/en\/boutique\/nubiance-hrb-3-lait-corps-hydratant-et-correcteur-500ml\/\" \/>\n<meta property=\"og:locale\" content=\"en_US\" \/>\n<meta property=\"og:type\" content=\"article\" \/>\n<meta property=\"og:title\" content=\"Nubiance HRb-3 Lait Corps Hydratant et Correcteur 500ml - paragaleriedetalborjt\" \/>\n<meta property=\"og:description\" content=\"Highlights:Avec pompe pour un dosage optimal \u2013 pas de perte et un usage prolong\u00e9 dans le temps !\" \/>\n<meta property=\"og:url\" content=\"https:\/\/paragaleriedetalborjt.com\/en\/boutique\/nubiance-hrb-3-lait-corps-hydratant-et-correcteur-500ml\/\" \/>\n<meta property=\"og:site_name\" content=\"paragaleriedetalborjt\" \/>\n<meta property=\"og:image\" content=\"https:\/\/paragaleriedetalborjt.com\/wp-content\/uploads\/2026\/01\/lait-corps-unifiant-hydratant-hrb-3-500ml-nubiance.jpg\" \/>\n\t<meta property=\"og:image:width\" content=\"595\" \/>\n\t<meta property=\"og:image:height\" content=\"655\" \/>\n\t<meta property=\"og:image:type\" content=\"image\/jpeg\" \/>\n<meta name=\"twitter:card\" content=\"summary_large_image\" \/>\n<meta name=\"twitter:label1\" content=\"Est. reading time\" \/>\n\t<meta name=\"twitter:data1\" content=\"1 minute\" \/>\n<script type=\"application\/ld+json\" class=\"yoast-schema-graph\">{\"@context\":\"https:\\\/\\\/schema.org\",\"@graph\":[{\"@type\":\"WebPage\",\"@id\":\"https:\\\/\\\/paragaleriedetalborjt.com\\\/boutique\\\/nubiance-hrb-3-lait-corps-hydratant-et-correcteur-500ml\\\/\",\"url\":\"https:\\\/\\\/paragaleriedetalborjt.com\\\/boutique\\\/nubiance-hrb-3-lait-corps-hydratant-et-correcteur-500ml\\\/\",\"name\":\"Nubiance HRb-3 Lait Corps Hydratant et Correcteur 500ml - paragaleriedetalborjt\",\"isPartOf\":{\"@id\":\"https:\\\/\\\/paragaleriedetalborjt.com\\\/#website\"},\"primaryImageOfPage\":{\"@id\":\"https:\\\/\\\/paragaleriedetalborjt.com\\\/boutique\\\/nubiance-hrb-3-lait-corps-hydratant-et-correcteur-500ml\\\/#primaryimage\"},\"image\":{\"@id\":\"https:\\\/\\\/paragaleriedetalborjt.com\\\/boutique\\\/nubiance-hrb-3-lait-corps-hydratant-et-correcteur-500ml\\\/#primaryimage\"},\"thumbnailUrl\":\"https:\\\/\\\/paragaleriedetalborjt.com\\\/wp-content\\\/uploads\\\/2026\\\/01\\\/lait-corps-unifiant-hydratant-hrb-3-500ml-nubiance.jpg\",\"datePublished\":\"2026-01-03T20:29:01+00:00\",\"breadcrumb\":{\"@id\":\"https:\\\/\\\/paragaleriedetalborjt.com\\\/boutique\\\/nubiance-hrb-3-lait-corps-hydratant-et-correcteur-500ml\\\/#breadcrumb\"},\"inLanguage\":\"en-US\",\"potentialAction\":[{\"@type\":\"ReadAction\",\"target\":[\"https:\\\/\\\/paragaleriedetalborjt.com\\\/boutique\\\/nubiance-hrb-3-lait-corps-hydratant-et-correcteur-500ml\\\/\"]}]},{\"@type\":\"ImageObject\",\"inLanguage\":\"en-US\",\"@id\":\"https:\\\/\\\/paragaleriedetalborjt.com\\\/boutique\\\/nubiance-hrb-3-lait-corps-hydratant-et-correcteur-500ml\\\/#primaryimage\",\"url\":\"https:\\\/\\\/paragaleriedetalborjt.com\\\/wp-content\\\/uploads\\\/2026\\\/01\\\/lait-corps-unifiant-hydratant-hrb-3-500ml-nubiance.jpg\",\"contentUrl\":\"https:\\\/\\\/paragaleriedetalborjt.com\\\/wp-content\\\/uploads\\\/2026\\\/01\\\/lait-corps-unifiant-hydratant-hrb-3-500ml-nubiance.jpg\",\"width\":595,\"height\":655},{\"@type\":\"BreadcrumbList\",\"@id\":\"https:\\\/\\\/paragaleriedetalborjt.com\\\/boutique\\\/nubiance-hrb-3-lait-corps-hydratant-et-correcteur-500ml\\\/#breadcrumb\",\"itemListElement\":[{\"@type\":\"ListItem\",\"position\":1,\"name\":\"Accueil\",\"item\":\"https:\\\/\\\/paragaleriedetalborjt.com\\\/\"},{\"@type\":\"ListItem\",\"position\":2,\"name\":\"Boutique\",\"item\":\"https:\\\/\\\/paragaleriedetalborjt.com\\\/boutique\\\/\"},{\"@type\":\"ListItem\",\"position\":3,\"name\":\"Nubiance HRb-3 Lait Corps Hydratant et Correcteur 500ml\"}]},{\"@type\":\"WebSite\",\"@id\":\"https:\\\/\\\/paragaleriedetalborjt.com\\\/#website\",\"url\":\"https:\\\/\\\/paragaleriedetalborjt.com\\\/\",\"name\":\"paragaleriedetalborjt\",\"description\":\"\",\"potentialAction\":[{\"@type\":\"SearchAction\",\"target\":{\"@type\":\"EntryPoint\",\"urlTemplate\":\"https:\\\/\\\/paragaleriedetalborjt.com\\\/?s={search_term_string}\"},\"query-input\":{\"@type\":\"PropertyValueSpecification\",\"valueRequired\":true,\"valueName\":\"search_term_string\"}}],\"inLanguage\":\"en-US\"}]}<\/script>\n<!-- \/ Yoast SEO plugin. -->","yoast_head_json":{"title":"Nubiance HRb-3 Lait Corps Hydratant et Correcteur 500ml - paragaleriedetalborjt","robots":{"index":"index","follow":"follow","max-snippet":"max-snippet:-1","max-image-preview":"max-image-preview:large","max-video-preview":"max-video-preview:-1"},"canonical":"https:\/\/paragaleriedetalborjt.com\/en\/boutique\/nubiance-hrb-3-lait-corps-hydratant-et-correcteur-500ml\/","og_locale":"en_US","og_type":"article","og_title":"Nubiance HRb-3 Lait Corps Hydratant et Correcteur 500ml - paragaleriedetalborjt","og_description":"Highlights:Avec pompe pour un dosage optimal \u2013 pas de perte et un usage prolong\u00e9 dans le temps !","og_url":"https:\/\/paragaleriedetalborjt.com\/en\/boutique\/nubiance-hrb-3-lait-corps-hydratant-et-correcteur-500ml\/","og_site_name":"paragaleriedetalborjt","og_image":[{"width":595,"height":655,"url":"https:\/\/paragaleriedetalborjt.com\/wp-content\/uploads\/2026\/01\/lait-corps-unifiant-hydratant-hrb-3-500ml-nubiance.jpg","type":"image\/jpeg"}],"twitter_card":"summary_large_image","twitter_misc":{"Est. reading time":"1 minute"},"schema":{"@context":"https:\/\/schema.org","@graph":[{"@type":"WebPage","@id":"https:\/\/paragaleriedetalborjt.com\/boutique\/nubiance-hrb-3-lait-corps-hydratant-et-correcteur-500ml\/","url":"https:\/\/paragaleriedetalborjt.com\/boutique\/nubiance-hrb-3-lait-corps-hydratant-et-correcteur-500ml\/","name":"Nubiance HRb-3 Lait Corps Hydratant et Correcteur 500ml - paragaleriedetalborjt","isPartOf":{"@id":"https:\/\/paragaleriedetalborjt.com\/#website"},"primaryImageOfPage":{"@id":"https:\/\/paragaleriedetalborjt.com\/boutique\/nubiance-hrb-3-lait-corps-hydratant-et-correcteur-500ml\/#primaryimage"},"image":{"@id":"https:\/\/paragaleriedetalborjt.com\/boutique\/nubiance-hrb-3-lait-corps-hydratant-et-correcteur-500ml\/#primaryimage"},"thumbnailUrl":"https:\/\/paragaleriedetalborjt.com\/wp-content\/uploads\/2026\/01\/lait-corps-unifiant-hydratant-hrb-3-500ml-nubiance.jpg","datePublished":"2026-01-03T20:29:01+00:00","breadcrumb":{"@id":"https:\/\/paragaleriedetalborjt.com\/boutique\/nubiance-hrb-3-lait-corps-hydratant-et-correcteur-500ml\/#breadcrumb"},"inLanguage":"en-US","potentialAction":[{"@type":"ReadAction","target":["https:\/\/paragaleriedetalborjt.com\/boutique\/nubiance-hrb-3-lait-corps-hydratant-et-correcteur-500ml\/"]}]},{"@type":"ImageObject","inLanguage":"en-US","@id":"https:\/\/paragaleriedetalborjt.com\/boutique\/nubiance-hrb-3-lait-corps-hydratant-et-correcteur-500ml\/#primaryimage","url":"https:\/\/paragaleriedetalborjt.com\/wp-content\/uploads\/2026\/01\/lait-corps-unifiant-hydratant-hrb-3-500ml-nubiance.jpg","contentUrl":"https:\/\/paragaleriedetalborjt.com\/wp-content\/uploads\/2026\/01\/lait-corps-unifiant-hydratant-hrb-3-500ml-nubiance.jpg","width":595,"height":655},{"@type":"BreadcrumbList","@id":"https:\/\/paragaleriedetalborjt.com\/boutique\/nubiance-hrb-3-lait-corps-hydratant-et-correcteur-500ml\/#breadcrumb","itemListElement":[{"@type":"ListItem","position":1,"name":"Accueil","item":"https:\/\/paragaleriedetalborjt.com\/"},{"@type":"ListItem","position":2,"name":"Boutique","item":"https:\/\/paragaleriedetalborjt.com\/boutique\/"},{"@type":"ListItem","position":3,"name":"Nubiance HRb-3 Lait Corps Hydratant et Correcteur 500ml"}]},{"@type":"WebSite","@id":"https:\/\/paragaleriedetalborjt.com\/#website","url":"https:\/\/paragaleriedetalborjt.com\/","name":"paragaleriedetalborjt","description":"","potentialAction":[{"@type":"SearchAction","target":{"@type":"EntryPoint","urlTemplate":"https:\/\/paragaleriedetalborjt.com\/?s={search_term_string}"},"query-input":{"@type":"PropertyValueSpecification","valueRequired":true,"valueName":"search_term_string"}}],"inLanguage":"en-US"}]}},"brands":[{"id":2069,"name":"NUBIANCE","slug":"nubiance"}],"_links":{"self":[{"href":"https:\/\/paragaleriedetalborjt.com\/en\/wp-json\/wp\/v2\/product\/42364","targetHints":{"allow":["GET"]}}],"collection":[{"href":"https:\/\/paragaleriedetalborjt.com\/en\/wp-json\/wp\/v2\/product"}],"about":[{"href":"https:\/\/paragaleriedetalborjt.com\/en\/wp-json\/wp\/v2\/types\/product"}],"replies":[{"embeddable":true,"href":"https:\/\/paragaleriedetalborjt.com\/en\/wp-json\/wp\/v2\/comments?post=42364"}],"version-history":[{"count":1,"href":"https:\/\/paragaleriedetalborjt.com\/en\/wp-json\/wp\/v2\/product\/42364\/revisions"}],"predecessor-version":[{"id":42366,"href":"https:\/\/paragaleriedetalborjt.com\/en\/wp-json\/wp\/v2\/product\/42364\/revisions\/42366"}],"wp:featuredmedia":[{"embeddable":true,"href":"https:\/\/paragaleriedetalborjt.com\/en\/wp-json\/wp\/v2\/media\/42365"}],"wp:attachment":[{"href":"https:\/\/paragaleriedetalborjt.com\/en\/wp-json\/wp\/v2\/media?parent=42364"}],"wp:term":[{"taxonomy":"pwb-brand","embeddable":true,"href":"https:\/\/paragaleriedetalborjt.com\/en\/wp-json\/wp\/v2\/pwb-brand?post=42364"},{"taxonomy":"product_cat","embeddable":true,"href":"https:\/\/paragaleriedetalborjt.com\/en\/wp-json\/wp\/v2\/product_cat?post=42364"},{"taxonomy":"product_tag","embeddable":true,"href":"https:\/\/paragaleriedetalborjt.com\/en\/wp-json\/wp\/v2\/product_tag?post=42364"}],"curies":[{"name":"wp","href":"https:\/\/api.w.org\/{rel}","templated":true}]}}