{"id":42096,"date":"2026-01-03T21:18:44","date_gmt":"2026-01-03T20:18:44","guid":{"rendered":"https:\/\/paragaleriedetalborjt.com\/?post_type=product&#038;p=42096"},"modified":"2026-01-03T21:18:45","modified_gmt":"2026-01-03T20:18:45","slug":"xen-forti-q10-lotion-anti-chute-100ml","status":"publish","type":"product","link":"https:\/\/paragaleriedetalborjt.com\/en\/boutique\/xen-forti-q10-lotion-anti-chute-100ml\/","title":{"rendered":"Xen Forti Q10 Lotion anti-chute 100ml"},"content":{"rendered":"","protected":false},"excerpt":{"rendered":"<p>Highlights:DERCOS TECHNIQUE Aminexil Clinical Femmes traite et stoppe la chute de cheveux chez la femme.\u2022 Besoin :Chute de cheveux | Femmes.\u2022 Ingr\u00e9dients Cl\u00e9s :Aminexil pour gainer les tissus capillaires | Arginine pour am\u00e9liorer la circulation au niveau des racines | SP94 pour densifier | Vitamine B6 pour fortifier.\u2022S\u00e9curit\u00e9 :Hypoallerg\u00e9nique | Test\u00e9 sur cuir chevelu sensible.\u2022 Utilisation :Appliquer 1 ampoule par jour pendant 6 semaines en cure intensive. En cure d\u2019entretien, appliquer 3 ampoules par semaine. Ne pas rincer.<\/p>","protected":false},"featured_media":42097,"comment_status":"open","ping_status":"closed","template":"","meta":[],"pwb-brand":[2043],"product_cat":[16],"product_tag":[],"class_list":{"0":"post-42096","1":"product","2":"type-product","3":"status-publish","4":"has-post-thumbnail","6":"pwb-brand-xen","7":"product_cat-non-classe","8":"pa_brands-xen","10":"first","11":"instock","12":"sale","13":"shipping-taxable","14":"purchasable","15":"product-type-simple"},"yoast_head":"<!-- This site is optimized with the Yoast SEO plugin v26.9 - https:\/\/yoast.com\/product\/yoast-seo-wordpress\/ -->\n<title>Xen Forti Q10 Lotion anti-chute 100ml - paragaleriedetalborjt<\/title>\n<meta name=\"robots\" content=\"index, follow, max-snippet:-1, max-image-preview:large, max-video-preview:-1\" \/>\n<link rel=\"canonical\" href=\"https:\/\/paragaleriedetalborjt.com\/en\/boutique\/xen-forti-q10-lotion-anti-chute-100ml\/\" \/>\n<meta property=\"og:locale\" content=\"en_US\" \/>\n<meta property=\"og:type\" content=\"article\" \/>\n<meta property=\"og:title\" content=\"Xen Forti Q10 Lotion anti-chute 100ml - paragaleriedetalborjt\" \/>\n<meta property=\"og:description\" content=\"Highlights:DERCOS TECHNIQUE Aminexil Clinical Femmes traite et stoppe la chute de cheveux chez la femme.\u2022 Besoin :Chute de cheveux | Femmes.\u2022 Ingr\u00e9dients Cl\u00e9s :Aminexil pour gainer les tissus capillaires | Arginine pour am\u00e9liorer la circulation au niveau des racines | SP94 pour densifier | Vitamine B6 pour fortifier.\u2022S\u00e9curit\u00e9 :Hypoallerg\u00e9nique | Test\u00e9 sur cuir chevelu sensible.\u2022 Utilisation :Appliquer 1 ampoule par jour pendant 6 semaines en cure intensive. En cure d\u2019entretien, appliquer 3 ampoules par semaine. Ne pas rincer.\" \/>\n<meta property=\"og:url\" content=\"https:\/\/paragaleriedetalborjt.com\/en\/boutique\/xen-forti-q10-lotion-anti-chute-100ml\/\" \/>\n<meta property=\"og:site_name\" content=\"paragaleriedetalborjt\" \/>\n<meta property=\"article:modified_time\" content=\"2026-01-03T20:18:45+00:00\" \/>\n<meta property=\"og:image\" content=\"https:\/\/paragaleriedetalborjt.com\/wp-content\/uploads\/2026\/01\/Nouveau-projet-8-1.jpg\" \/>\n\t<meta property=\"og:image:width\" content=\"595\" \/>\n\t<meta property=\"og:image:height\" content=\"655\" \/>\n\t<meta property=\"og:image:type\" content=\"image\/jpeg\" \/>\n<meta name=\"twitter:card\" content=\"summary_large_image\" \/>\n<script type=\"application\/ld+json\" class=\"yoast-schema-graph\">{\"@context\":\"https:\/\/schema.org\",\"@graph\":[{\"@type\":\"WebPage\",\"@id\":\"https:\/\/paragaleriedetalborjt.com\/boutique\/xen-forti-q10-lotion-anti-chute-100ml\/\",\"url\":\"https:\/\/paragaleriedetalborjt.com\/boutique\/xen-forti-q10-lotion-anti-chute-100ml\/\",\"name\":\"Xen Forti Q10 Lotion anti-chute 100ml - paragaleriedetalborjt\",\"isPartOf\":{\"@id\":\"https:\/\/paragaleriedetalborjt.com\/#website\"},\"primaryImageOfPage\":{\"@id\":\"https:\/\/paragaleriedetalborjt.com\/boutique\/xen-forti-q10-lotion-anti-chute-100ml\/#primaryimage\"},\"image\":{\"@id\":\"https:\/\/paragaleriedetalborjt.com\/boutique\/xen-forti-q10-lotion-anti-chute-100ml\/#primaryimage\"},\"thumbnailUrl\":\"https:\/\/paragaleriedetalborjt.com\/wp-content\/uploads\/2026\/01\/Nouveau-projet-8-1.jpg\",\"datePublished\":\"2026-01-03T20:18:44+00:00\",\"dateModified\":\"2026-01-03T20:18:45+00:00\",\"breadcrumb\":{\"@id\":\"https:\/\/paragaleriedetalborjt.com\/boutique\/xen-forti-q10-lotion-anti-chute-100ml\/#breadcrumb\"},\"inLanguage\":\"en-US\",\"potentialAction\":[{\"@type\":\"ReadAction\",\"target\":[\"https:\/\/paragaleriedetalborjt.com\/boutique\/xen-forti-q10-lotion-anti-chute-100ml\/\"]}]},{\"@type\":\"ImageObject\",\"inLanguage\":\"en-US\",\"@id\":\"https:\/\/paragaleriedetalborjt.com\/boutique\/xen-forti-q10-lotion-anti-chute-100ml\/#primaryimage\",\"url\":\"https:\/\/paragaleriedetalborjt.com\/wp-content\/uploads\/2026\/01\/Nouveau-projet-8-1.jpg\",\"contentUrl\":\"https:\/\/paragaleriedetalborjt.com\/wp-content\/uploads\/2026\/01\/Nouveau-projet-8-1.jpg\",\"width\":595,\"height\":655},{\"@type\":\"BreadcrumbList\",\"@id\":\"https:\/\/paragaleriedetalborjt.com\/boutique\/xen-forti-q10-lotion-anti-chute-100ml\/#breadcrumb\",\"itemListElement\":[{\"@type\":\"ListItem\",\"position\":1,\"name\":\"Accueil\",\"item\":\"https:\/\/paragaleriedetalborjt.com\/\"},{\"@type\":\"ListItem\",\"position\":2,\"name\":\"Boutique\",\"item\":\"https:\/\/paragaleriedetalborjt.com\/boutique\/\"},{\"@type\":\"ListItem\",\"position\":3,\"name\":\"Xen Forti Q10 Lotion anti-chute 100ml\"}]},{\"@type\":\"WebSite\",\"@id\":\"https:\/\/paragaleriedetalborjt.com\/#website\",\"url\":\"https:\/\/paragaleriedetalborjt.com\/\",\"name\":\"paragaleriedetalborjt\",\"description\":\"\",\"potentialAction\":[{\"@type\":\"SearchAction\",\"target\":{\"@type\":\"EntryPoint\",\"urlTemplate\":\"https:\/\/paragaleriedetalborjt.com\/?s={search_term_string}\"},\"query-input\":{\"@type\":\"PropertyValueSpecification\",\"valueRequired\":true,\"valueName\":\"search_term_string\"}}],\"inLanguage\":\"en-US\"}]}<\/script>\n<!-- \/ Yoast SEO plugin. -->","yoast_head_json":{"title":"Xen Forti Q10 Lotion anti-chute 100ml - paragaleriedetalborjt","robots":{"index":"index","follow":"follow","max-snippet":"max-snippet:-1","max-image-preview":"max-image-preview:large","max-video-preview":"max-video-preview:-1"},"canonical":"https:\/\/paragaleriedetalborjt.com\/en\/boutique\/xen-forti-q10-lotion-anti-chute-100ml\/","og_locale":"en_US","og_type":"article","og_title":"Xen Forti Q10 Lotion anti-chute 100ml - paragaleriedetalborjt","og_description":"Highlights:DERCOS TECHNIQUE Aminexil Clinical Femmes traite et stoppe la chute de cheveux chez la femme.\u2022 Besoin :Chute de cheveux | Femmes.\u2022 Ingr\u00e9dients Cl\u00e9s :Aminexil pour gainer les tissus capillaires | Arginine pour am\u00e9liorer la circulation au niveau des racines | SP94 pour densifier | Vitamine B6 pour fortifier.\u2022S\u00e9curit\u00e9 :Hypoallerg\u00e9nique | Test\u00e9 sur cuir chevelu sensible.\u2022 Utilisation :Appliquer 1 ampoule par jour pendant 6 semaines en cure intensive. En cure d\u2019entretien, appliquer 3 ampoules par semaine. Ne pas rincer.","og_url":"https:\/\/paragaleriedetalborjt.com\/en\/boutique\/xen-forti-q10-lotion-anti-chute-100ml\/","og_site_name":"paragaleriedetalborjt","article_modified_time":"2026-01-03T20:18:45+00:00","og_image":[{"width":595,"height":655,"url":"https:\/\/paragaleriedetalborjt.com\/wp-content\/uploads\/2026\/01\/Nouveau-projet-8-1.jpg","type":"image\/jpeg"}],"twitter_card":"summary_large_image","schema":{"@context":"https:\/\/schema.org","@graph":[{"@type":"WebPage","@id":"https:\/\/paragaleriedetalborjt.com\/boutique\/xen-forti-q10-lotion-anti-chute-100ml\/","url":"https:\/\/paragaleriedetalborjt.com\/boutique\/xen-forti-q10-lotion-anti-chute-100ml\/","name":"Xen Forti Q10 Lotion anti-chute 100ml - paragaleriedetalborjt","isPartOf":{"@id":"https:\/\/paragaleriedetalborjt.com\/#website"},"primaryImageOfPage":{"@id":"https:\/\/paragaleriedetalborjt.com\/boutique\/xen-forti-q10-lotion-anti-chute-100ml\/#primaryimage"},"image":{"@id":"https:\/\/paragaleriedetalborjt.com\/boutique\/xen-forti-q10-lotion-anti-chute-100ml\/#primaryimage"},"thumbnailUrl":"https:\/\/paragaleriedetalborjt.com\/wp-content\/uploads\/2026\/01\/Nouveau-projet-8-1.jpg","datePublished":"2026-01-03T20:18:44+00:00","dateModified":"2026-01-03T20:18:45+00:00","breadcrumb":{"@id":"https:\/\/paragaleriedetalborjt.com\/boutique\/xen-forti-q10-lotion-anti-chute-100ml\/#breadcrumb"},"inLanguage":"en-US","potentialAction":[{"@type":"ReadAction","target":["https:\/\/paragaleriedetalborjt.com\/boutique\/xen-forti-q10-lotion-anti-chute-100ml\/"]}]},{"@type":"ImageObject","inLanguage":"en-US","@id":"https:\/\/paragaleriedetalborjt.com\/boutique\/xen-forti-q10-lotion-anti-chute-100ml\/#primaryimage","url":"https:\/\/paragaleriedetalborjt.com\/wp-content\/uploads\/2026\/01\/Nouveau-projet-8-1.jpg","contentUrl":"https:\/\/paragaleriedetalborjt.com\/wp-content\/uploads\/2026\/01\/Nouveau-projet-8-1.jpg","width":595,"height":655},{"@type":"BreadcrumbList","@id":"https:\/\/paragaleriedetalborjt.com\/boutique\/xen-forti-q10-lotion-anti-chute-100ml\/#breadcrumb","itemListElement":[{"@type":"ListItem","position":1,"name":"Accueil","item":"https:\/\/paragaleriedetalborjt.com\/"},{"@type":"ListItem","position":2,"name":"Boutique","item":"https:\/\/paragaleriedetalborjt.com\/boutique\/"},{"@type":"ListItem","position":3,"name":"Xen Forti Q10 Lotion anti-chute 100ml"}]},{"@type":"WebSite","@id":"https:\/\/paragaleriedetalborjt.com\/#website","url":"https:\/\/paragaleriedetalborjt.com\/","name":"paragaleriedetalborjt","description":"","potentialAction":[{"@type":"SearchAction","target":{"@type":"EntryPoint","urlTemplate":"https:\/\/paragaleriedetalborjt.com\/?s={search_term_string}"},"query-input":{"@type":"PropertyValueSpecification","valueRequired":true,"valueName":"search_term_string"}}],"inLanguage":"en-US"}]}},"brands":[{"id":2043,"name":"XEN","slug":"xen"}],"_links":{"self":[{"href":"https:\/\/paragaleriedetalborjt.com\/en\/wp-json\/wp\/v2\/product\/42096","targetHints":{"allow":["GET"]}}],"collection":[{"href":"https:\/\/paragaleriedetalborjt.com\/en\/wp-json\/wp\/v2\/product"}],"about":[{"href":"https:\/\/paragaleriedetalborjt.com\/en\/wp-json\/wp\/v2\/types\/product"}],"replies":[{"embeddable":true,"href":"https:\/\/paragaleriedetalborjt.com\/en\/wp-json\/wp\/v2\/comments?post=42096"}],"version-history":[{"count":1,"href":"https:\/\/paragaleriedetalborjt.com\/en\/wp-json\/wp\/v2\/product\/42096\/revisions"}],"predecessor-version":[{"id":42098,"href":"https:\/\/paragaleriedetalborjt.com\/en\/wp-json\/wp\/v2\/product\/42096\/revisions\/42098"}],"wp:featuredmedia":[{"embeddable":true,"href":"https:\/\/paragaleriedetalborjt.com\/en\/wp-json\/wp\/v2\/media\/42097"}],"wp:attachment":[{"href":"https:\/\/paragaleriedetalborjt.com\/en\/wp-json\/wp\/v2\/media?parent=42096"}],"wp:term":[{"taxonomy":"pwb-brand","embeddable":true,"href":"https:\/\/paragaleriedetalborjt.com\/en\/wp-json\/wp\/v2\/pwb-brand?post=42096"},{"taxonomy":"product_cat","embeddable":true,"href":"https:\/\/paragaleriedetalborjt.com\/en\/wp-json\/wp\/v2\/product_cat?post=42096"},{"taxonomy":"product_tag","embeddable":true,"href":"https:\/\/paragaleriedetalborjt.com\/en\/wp-json\/wp\/v2\/product_tag?post=42096"}],"curies":[{"name":"wp","href":"https:\/\/api.w.org\/{rel}","templated":true}]}}