{"id":42081,"date":"2026-01-03T21:18:14","date_gmt":"2026-01-03T20:18:14","guid":{"rendered":"https:\/\/paragaleriedetalborjt.com\/?post_type=product&#038;p=42081"},"modified":"2026-01-03T21:18:14","modified_gmt":"2026-01-03T20:18:14","slug":"xen-bicover-50-ecran-teinte-beige-clair-50ml","status":"publish","type":"product","link":"https:\/\/paragaleriedetalborjt.com\/en\/boutique\/xen-bicover-50-ecran-teinte-beige-clair-50ml\/","title":{"rendered":"Xen Bicover 50+ Ecran Teinte beige Clair 50ml"},"content":{"rendered":"","protected":false},"excerpt":{"rendered":"<p>Highlights:L\u2019\u00e9mulsion Teint\u00e9e Porcelaine SPF50 redonne de l\u2019\u00e9clat naturel \u00e0 votre peau et harmonise discr\u00e8tement votre teint. Cette nouvelle formule cr\u00e8me solaire SPF50 protection organo-min\u00e9rale, prot\u00e8ge des effets des rayonnements UVA et UVB tout en gardant une peau douce, gr\u00e2ce \u00e0 la pr\u00e9sence de 5 filtres, de plusieurs actifs aux propri\u00e9t\u00e9s nourrissantes et d\u2019une texture hydratante.Texture non grasse, incolore une fois appliqu\u00e9. Ne laisse pas de film gras et pas de traces blanches. R\u00e9sistant \u00e0 l\u2019eau, Sans Parfum, Sans Parab\u00e8ne, Sans Huile Min\u00e9rale.<\/p>","protected":false},"featured_media":42082,"comment_status":"open","ping_status":"closed","template":"","meta":[],"pwb-brand":[2043],"product_cat":[16],"product_tag":[],"class_list":{"0":"post-42081","1":"product","2":"type-product","3":"status-publish","4":"has-post-thumbnail","6":"pwb-brand-xen","7":"product_cat-non-classe","8":"pa_brands-xen","10":"first","11":"instock","12":"sale","13":"shipping-taxable","14":"purchasable","15":"product-type-simple"},"yoast_head":"<!-- This site is optimized with the Yoast SEO plugin v26.9 - https:\/\/yoast.com\/product\/yoast-seo-wordpress\/ -->\n<title>Xen Bicover 50+ Ecran Teinte beige Clair 50ml - paragaleriedetalborjt<\/title>\n<meta name=\"robots\" content=\"index, follow, max-snippet:-1, max-image-preview:large, max-video-preview:-1\" \/>\n<link rel=\"canonical\" href=\"https:\/\/paragaleriedetalborjt.com\/en\/boutique\/xen-bicover-50-ecran-teinte-beige-clair-50ml\/\" \/>\n<meta property=\"og:locale\" content=\"en_US\" \/>\n<meta property=\"og:type\" content=\"article\" \/>\n<meta property=\"og:title\" content=\"Xen Bicover 50+ Ecran Teinte beige Clair 50ml - paragaleriedetalborjt\" \/>\n<meta property=\"og:description\" content=\"Highlights:L\u2019\u00e9mulsion Teint\u00e9e Porcelaine SPF50 redonne de l\u2019\u00e9clat naturel \u00e0 votre peau et harmonise discr\u00e8tement votre teint. Cette nouvelle formule cr\u00e8me solaire SPF50 protection organo-min\u00e9rale, prot\u00e8ge des effets des rayonnements UVA et UVB tout en gardant une peau douce, gr\u00e2ce \u00e0 la pr\u00e9sence de 5 filtres, de plusieurs actifs aux propri\u00e9t\u00e9s nourrissantes et d\u2019une texture hydratante.Texture non grasse, incolore une fois appliqu\u00e9. Ne laisse pas de film gras et pas de traces blanches. R\u00e9sistant \u00e0 l\u2019eau, Sans Parfum, Sans Parab\u00e8ne, Sans Huile Min\u00e9rale.\" \/>\n<meta property=\"og:url\" content=\"https:\/\/paragaleriedetalborjt.com\/en\/boutique\/xen-bicover-50-ecran-teinte-beige-clair-50ml\/\" \/>\n<meta property=\"og:site_name\" content=\"paragaleriedetalborjt\" \/>\n<meta property=\"og:image\" content=\"https:\/\/paragaleriedetalborjt.com\/wp-content\/uploads\/2026\/01\/Sans-titre-1-2-1.jpg\" \/>\n\t<meta property=\"og:image:width\" content=\"595\" \/>\n\t<meta property=\"og:image:height\" content=\"655\" \/>\n\t<meta property=\"og:image:type\" content=\"image\/jpeg\" \/>\n<meta name=\"twitter:card\" content=\"summary_large_image\" \/>\n<script type=\"application\/ld+json\" class=\"yoast-schema-graph\">{\"@context\":\"https:\/\/schema.org\",\"@graph\":[{\"@type\":\"WebPage\",\"@id\":\"https:\/\/paragaleriedetalborjt.com\/boutique\/xen-bicover-50-ecran-teinte-beige-clair-50ml\/\",\"url\":\"https:\/\/paragaleriedetalborjt.com\/boutique\/xen-bicover-50-ecran-teinte-beige-clair-50ml\/\",\"name\":\"Xen Bicover 50+ Ecran Teinte beige Clair 50ml - paragaleriedetalborjt\",\"isPartOf\":{\"@id\":\"https:\/\/paragaleriedetalborjt.com\/#website\"},\"primaryImageOfPage\":{\"@id\":\"https:\/\/paragaleriedetalborjt.com\/boutique\/xen-bicover-50-ecran-teinte-beige-clair-50ml\/#primaryimage\"},\"image\":{\"@id\":\"https:\/\/paragaleriedetalborjt.com\/boutique\/xen-bicover-50-ecran-teinte-beige-clair-50ml\/#primaryimage\"},\"thumbnailUrl\":\"https:\/\/paragaleriedetalborjt.com\/wp-content\/uploads\/2026\/01\/Sans-titre-1-2-1.jpg\",\"datePublished\":\"2026-01-03T20:18:14+00:00\",\"breadcrumb\":{\"@id\":\"https:\/\/paragaleriedetalborjt.com\/boutique\/xen-bicover-50-ecran-teinte-beige-clair-50ml\/#breadcrumb\"},\"inLanguage\":\"en-US\",\"potentialAction\":[{\"@type\":\"ReadAction\",\"target\":[\"https:\/\/paragaleriedetalborjt.com\/boutique\/xen-bicover-50-ecran-teinte-beige-clair-50ml\/\"]}]},{\"@type\":\"ImageObject\",\"inLanguage\":\"en-US\",\"@id\":\"https:\/\/paragaleriedetalborjt.com\/boutique\/xen-bicover-50-ecran-teinte-beige-clair-50ml\/#primaryimage\",\"url\":\"https:\/\/paragaleriedetalborjt.com\/wp-content\/uploads\/2026\/01\/Sans-titre-1-2-1.jpg\",\"contentUrl\":\"https:\/\/paragaleriedetalborjt.com\/wp-content\/uploads\/2026\/01\/Sans-titre-1-2-1.jpg\",\"width\":595,\"height\":655},{\"@type\":\"BreadcrumbList\",\"@id\":\"https:\/\/paragaleriedetalborjt.com\/boutique\/xen-bicover-50-ecran-teinte-beige-clair-50ml\/#breadcrumb\",\"itemListElement\":[{\"@type\":\"ListItem\",\"position\":1,\"name\":\"Accueil\",\"item\":\"https:\/\/paragaleriedetalborjt.com\/\"},{\"@type\":\"ListItem\",\"position\":2,\"name\":\"Boutique\",\"item\":\"https:\/\/paragaleriedetalborjt.com\/boutique\/\"},{\"@type\":\"ListItem\",\"position\":3,\"name\":\"Xen Bicover 50+ Ecran Teinte beige Clair 50ml\"}]},{\"@type\":\"WebSite\",\"@id\":\"https:\/\/paragaleriedetalborjt.com\/#website\",\"url\":\"https:\/\/paragaleriedetalborjt.com\/\",\"name\":\"paragaleriedetalborjt\",\"description\":\"\",\"potentialAction\":[{\"@type\":\"SearchAction\",\"target\":{\"@type\":\"EntryPoint\",\"urlTemplate\":\"https:\/\/paragaleriedetalborjt.com\/?s={search_term_string}\"},\"query-input\":{\"@type\":\"PropertyValueSpecification\",\"valueRequired\":true,\"valueName\":\"search_term_string\"}}],\"inLanguage\":\"en-US\"}]}<\/script>\n<!-- \/ Yoast SEO plugin. -->","yoast_head_json":{"title":"Xen Bicover 50+ Ecran Teinte beige Clair 50ml - paragaleriedetalborjt","robots":{"index":"index","follow":"follow","max-snippet":"max-snippet:-1","max-image-preview":"max-image-preview:large","max-video-preview":"max-video-preview:-1"},"canonical":"https:\/\/paragaleriedetalborjt.com\/en\/boutique\/xen-bicover-50-ecran-teinte-beige-clair-50ml\/","og_locale":"en_US","og_type":"article","og_title":"Xen Bicover 50+ Ecran Teinte beige Clair 50ml - paragaleriedetalborjt","og_description":"Highlights:L\u2019\u00e9mulsion Teint\u00e9e Porcelaine SPF50 redonne de l\u2019\u00e9clat naturel \u00e0 votre peau et harmonise discr\u00e8tement votre teint. Cette nouvelle formule cr\u00e8me solaire SPF50 protection organo-min\u00e9rale, prot\u00e8ge des effets des rayonnements UVA et UVB tout en gardant une peau douce, gr\u00e2ce \u00e0 la pr\u00e9sence de 5 filtres, de plusieurs actifs aux propri\u00e9t\u00e9s nourrissantes et d\u2019une texture hydratante.Texture non grasse, incolore une fois appliqu\u00e9. Ne laisse pas de film gras et pas de traces blanches. R\u00e9sistant \u00e0 l\u2019eau, Sans Parfum, Sans Parab\u00e8ne, Sans Huile Min\u00e9rale.","og_url":"https:\/\/paragaleriedetalborjt.com\/en\/boutique\/xen-bicover-50-ecran-teinte-beige-clair-50ml\/","og_site_name":"paragaleriedetalborjt","og_image":[{"width":595,"height":655,"url":"https:\/\/paragaleriedetalborjt.com\/wp-content\/uploads\/2026\/01\/Sans-titre-1-2-1.jpg","type":"image\/jpeg"}],"twitter_card":"summary_large_image","schema":{"@context":"https:\/\/schema.org","@graph":[{"@type":"WebPage","@id":"https:\/\/paragaleriedetalborjt.com\/boutique\/xen-bicover-50-ecran-teinte-beige-clair-50ml\/","url":"https:\/\/paragaleriedetalborjt.com\/boutique\/xen-bicover-50-ecran-teinte-beige-clair-50ml\/","name":"Xen Bicover 50+ Ecran Teinte beige Clair 50ml - paragaleriedetalborjt","isPartOf":{"@id":"https:\/\/paragaleriedetalborjt.com\/#website"},"primaryImageOfPage":{"@id":"https:\/\/paragaleriedetalborjt.com\/boutique\/xen-bicover-50-ecran-teinte-beige-clair-50ml\/#primaryimage"},"image":{"@id":"https:\/\/paragaleriedetalborjt.com\/boutique\/xen-bicover-50-ecran-teinte-beige-clair-50ml\/#primaryimage"},"thumbnailUrl":"https:\/\/paragaleriedetalborjt.com\/wp-content\/uploads\/2026\/01\/Sans-titre-1-2-1.jpg","datePublished":"2026-01-03T20:18:14+00:00","breadcrumb":{"@id":"https:\/\/paragaleriedetalborjt.com\/boutique\/xen-bicover-50-ecran-teinte-beige-clair-50ml\/#breadcrumb"},"inLanguage":"en-US","potentialAction":[{"@type":"ReadAction","target":["https:\/\/paragaleriedetalborjt.com\/boutique\/xen-bicover-50-ecran-teinte-beige-clair-50ml\/"]}]},{"@type":"ImageObject","inLanguage":"en-US","@id":"https:\/\/paragaleriedetalborjt.com\/boutique\/xen-bicover-50-ecran-teinte-beige-clair-50ml\/#primaryimage","url":"https:\/\/paragaleriedetalborjt.com\/wp-content\/uploads\/2026\/01\/Sans-titre-1-2-1.jpg","contentUrl":"https:\/\/paragaleriedetalborjt.com\/wp-content\/uploads\/2026\/01\/Sans-titre-1-2-1.jpg","width":595,"height":655},{"@type":"BreadcrumbList","@id":"https:\/\/paragaleriedetalborjt.com\/boutique\/xen-bicover-50-ecran-teinte-beige-clair-50ml\/#breadcrumb","itemListElement":[{"@type":"ListItem","position":1,"name":"Accueil","item":"https:\/\/paragaleriedetalborjt.com\/"},{"@type":"ListItem","position":2,"name":"Boutique","item":"https:\/\/paragaleriedetalborjt.com\/boutique\/"},{"@type":"ListItem","position":3,"name":"Xen Bicover 50+ Ecran Teinte beige Clair 50ml"}]},{"@type":"WebSite","@id":"https:\/\/paragaleriedetalborjt.com\/#website","url":"https:\/\/paragaleriedetalborjt.com\/","name":"paragaleriedetalborjt","description":"","potentialAction":[{"@type":"SearchAction","target":{"@type":"EntryPoint","urlTemplate":"https:\/\/paragaleriedetalborjt.com\/?s={search_term_string}"},"query-input":{"@type":"PropertyValueSpecification","valueRequired":true,"valueName":"search_term_string"}}],"inLanguage":"en-US"}]}},"brands":[{"id":2043,"name":"XEN","slug":"xen"}],"_links":{"self":[{"href":"https:\/\/paragaleriedetalborjt.com\/en\/wp-json\/wp\/v2\/product\/42081","targetHints":{"allow":["GET"]}}],"collection":[{"href":"https:\/\/paragaleriedetalborjt.com\/en\/wp-json\/wp\/v2\/product"}],"about":[{"href":"https:\/\/paragaleriedetalborjt.com\/en\/wp-json\/wp\/v2\/types\/product"}],"replies":[{"embeddable":true,"href":"https:\/\/paragaleriedetalborjt.com\/en\/wp-json\/wp\/v2\/comments?post=42081"}],"version-history":[{"count":1,"href":"https:\/\/paragaleriedetalborjt.com\/en\/wp-json\/wp\/v2\/product\/42081\/revisions"}],"predecessor-version":[{"id":42083,"href":"https:\/\/paragaleriedetalborjt.com\/en\/wp-json\/wp\/v2\/product\/42081\/revisions\/42083"}],"wp:featuredmedia":[{"embeddable":true,"href":"https:\/\/paragaleriedetalborjt.com\/en\/wp-json\/wp\/v2\/media\/42082"}],"wp:attachment":[{"href":"https:\/\/paragaleriedetalborjt.com\/en\/wp-json\/wp\/v2\/media?parent=42081"}],"wp:term":[{"taxonomy":"pwb-brand","embeddable":true,"href":"https:\/\/paragaleriedetalborjt.com\/en\/wp-json\/wp\/v2\/pwb-brand?post=42081"},{"taxonomy":"product_cat","embeddable":true,"href":"https:\/\/paragaleriedetalborjt.com\/en\/wp-json\/wp\/v2\/product_cat?post=42081"},{"taxonomy":"product_tag","embeddable":true,"href":"https:\/\/paragaleriedetalborjt.com\/en\/wp-json\/wp\/v2\/product_tag?post=42081"}],"curies":[{"name":"wp","href":"https:\/\/api.w.org\/{rel}","templated":true}]}}