{"id":42069,"date":"2026-01-03T21:17:44","date_gmt":"2026-01-03T20:17:44","guid":{"rendered":"https:\/\/paragaleriedetalborjt.com\/?post_type=product&#038;p=42069"},"modified":"2026-01-03T21:17:44","modified_gmt":"2026-01-03T20:17:44","slug":"xen-keratin-q10-serum-gainant-spf30-60g","status":"publish","type":"product","link":"https:\/\/paragaleriedetalborjt.com\/en\/boutique\/xen-keratin-q10-serum-gainant-spf30-60g\/","title":{"rendered":"XEN Keratin Q10 serum gainant spf30 60g"},"content":{"rendered":"","protected":false},"excerpt":{"rendered":"<p>Highlights:Agression climatiques, cosm\u00e9tiques inadapt\u00e9s\u2026 Aider ma peau \u00e0 se prot\u00e9ger Calme rapidement l\u2019irritation et restaure le film hydrolipidique gr\u00e2ce \u00e0 la Parc\u00e9rine\u00ae. Permet de diminuer la r\u00e9activit\u00e9 cutan\u00e9e, assure une protection efficace et durable. La Cosm\u00e9tique st\u00e9rile apporte en plus une s\u00e9curit\u00e9 unique pour les peaux r\u00e9actives.<\/p>","protected":false},"featured_media":42070,"comment_status":"open","ping_status":"closed","template":"","meta":[],"pwb-brand":[2043],"product_cat":[16],"product_tag":[],"class_list":{"0":"post-42069","1":"product","2":"type-product","3":"status-publish","4":"has-post-thumbnail","6":"pwb-brand-xen","7":"product_cat-non-classe","8":"pa_brands-xen","10":"first","11":"instock","12":"sale","13":"shipping-taxable","14":"purchasable","15":"product-type-simple"},"yoast_head":"<!-- This site is optimized with the Yoast SEO plugin v26.9 - https:\/\/yoast.com\/product\/yoast-seo-wordpress\/ -->\n<title>XEN Keratin Q10 serum gainant spf30 60g - paragaleriedetalborjt<\/title>\n<meta name=\"robots\" content=\"index, follow, max-snippet:-1, max-image-preview:large, max-video-preview:-1\" \/>\n<link rel=\"canonical\" href=\"https:\/\/paragaleriedetalborjt.com\/en\/boutique\/xen-keratin-q10-serum-gainant-spf30-60g\/\" \/>\n<meta property=\"og:locale\" content=\"en_US\" \/>\n<meta property=\"og:type\" content=\"article\" \/>\n<meta property=\"og:title\" content=\"XEN Keratin Q10 serum gainant spf30 60g - paragaleriedetalborjt\" \/>\n<meta property=\"og:description\" content=\"Highlights:Agression climatiques, cosm\u00e9tiques inadapt\u00e9s\u2026 Aider ma peau \u00e0 se prot\u00e9ger Calme rapidement l\u2019irritation et restaure le film hydrolipidique gr\u00e2ce \u00e0 la Parc\u00e9rine\u00ae. Permet de diminuer la r\u00e9activit\u00e9 cutan\u00e9e, assure une protection efficace et durable. La Cosm\u00e9tique st\u00e9rile apporte en plus une s\u00e9curit\u00e9 unique pour les peaux r\u00e9actives.\" \/>\n<meta property=\"og:url\" content=\"https:\/\/paragaleriedetalborjt.com\/en\/boutique\/xen-keratin-q10-serum-gainant-spf30-60g\/\" \/>\n<meta property=\"og:site_name\" content=\"paragaleriedetalborjt\" \/>\n<meta property=\"og:image\" content=\"https:\/\/paragaleriedetalborjt.com\/wp-content\/uploads\/2026\/01\/xen8.jpg\" \/>\n\t<meta property=\"og:image:width\" content=\"595\" \/>\n\t<meta property=\"og:image:height\" content=\"655\" \/>\n\t<meta property=\"og:image:type\" content=\"image\/jpeg\" \/>\n<meta name=\"twitter:card\" content=\"summary_large_image\" \/>\n<script type=\"application\/ld+json\" class=\"yoast-schema-graph\">{\"@context\":\"https:\/\/schema.org\",\"@graph\":[{\"@type\":\"WebPage\",\"@id\":\"https:\/\/paragaleriedetalborjt.com\/boutique\/xen-keratin-q10-serum-gainant-spf30-60g\/\",\"url\":\"https:\/\/paragaleriedetalborjt.com\/boutique\/xen-keratin-q10-serum-gainant-spf30-60g\/\",\"name\":\"XEN Keratin Q10 serum gainant spf30 60g - paragaleriedetalborjt\",\"isPartOf\":{\"@id\":\"https:\/\/paragaleriedetalborjt.com\/#website\"},\"primaryImageOfPage\":{\"@id\":\"https:\/\/paragaleriedetalborjt.com\/boutique\/xen-keratin-q10-serum-gainant-spf30-60g\/#primaryimage\"},\"image\":{\"@id\":\"https:\/\/paragaleriedetalborjt.com\/boutique\/xen-keratin-q10-serum-gainant-spf30-60g\/#primaryimage\"},\"thumbnailUrl\":\"https:\/\/paragaleriedetalborjt.com\/wp-content\/uploads\/2026\/01\/xen8.jpg\",\"datePublished\":\"2026-01-03T20:17:44+00:00\",\"breadcrumb\":{\"@id\":\"https:\/\/paragaleriedetalborjt.com\/boutique\/xen-keratin-q10-serum-gainant-spf30-60g\/#breadcrumb\"},\"inLanguage\":\"en-US\",\"potentialAction\":[{\"@type\":\"ReadAction\",\"target\":[\"https:\/\/paragaleriedetalborjt.com\/boutique\/xen-keratin-q10-serum-gainant-spf30-60g\/\"]}]},{\"@type\":\"ImageObject\",\"inLanguage\":\"en-US\",\"@id\":\"https:\/\/paragaleriedetalborjt.com\/boutique\/xen-keratin-q10-serum-gainant-spf30-60g\/#primaryimage\",\"url\":\"https:\/\/paragaleriedetalborjt.com\/wp-content\/uploads\/2026\/01\/xen8.jpg\",\"contentUrl\":\"https:\/\/paragaleriedetalborjt.com\/wp-content\/uploads\/2026\/01\/xen8.jpg\",\"width\":595,\"height\":655},{\"@type\":\"BreadcrumbList\",\"@id\":\"https:\/\/paragaleriedetalborjt.com\/boutique\/xen-keratin-q10-serum-gainant-spf30-60g\/#breadcrumb\",\"itemListElement\":[{\"@type\":\"ListItem\",\"position\":1,\"name\":\"Accueil\",\"item\":\"https:\/\/paragaleriedetalborjt.com\/\"},{\"@type\":\"ListItem\",\"position\":2,\"name\":\"Boutique\",\"item\":\"https:\/\/paragaleriedetalborjt.com\/boutique\/\"},{\"@type\":\"ListItem\",\"position\":3,\"name\":\"XEN Keratin Q10 serum gainant spf30 60g\"}]},{\"@type\":\"WebSite\",\"@id\":\"https:\/\/paragaleriedetalborjt.com\/#website\",\"url\":\"https:\/\/paragaleriedetalborjt.com\/\",\"name\":\"paragaleriedetalborjt\",\"description\":\"\",\"potentialAction\":[{\"@type\":\"SearchAction\",\"target\":{\"@type\":\"EntryPoint\",\"urlTemplate\":\"https:\/\/paragaleriedetalborjt.com\/?s={search_term_string}\"},\"query-input\":{\"@type\":\"PropertyValueSpecification\",\"valueRequired\":true,\"valueName\":\"search_term_string\"}}],\"inLanguage\":\"en-US\"}]}<\/script>\n<!-- \/ Yoast SEO plugin. -->","yoast_head_json":{"title":"XEN Keratin Q10 serum gainant spf30 60g - paragaleriedetalborjt","robots":{"index":"index","follow":"follow","max-snippet":"max-snippet:-1","max-image-preview":"max-image-preview:large","max-video-preview":"max-video-preview:-1"},"canonical":"https:\/\/paragaleriedetalborjt.com\/en\/boutique\/xen-keratin-q10-serum-gainant-spf30-60g\/","og_locale":"en_US","og_type":"article","og_title":"XEN Keratin Q10 serum gainant spf30 60g - paragaleriedetalborjt","og_description":"Highlights:Agression climatiques, cosm\u00e9tiques inadapt\u00e9s\u2026 Aider ma peau \u00e0 se prot\u00e9ger Calme rapidement l\u2019irritation et restaure le film hydrolipidique gr\u00e2ce \u00e0 la Parc\u00e9rine\u00ae. Permet de diminuer la r\u00e9activit\u00e9 cutan\u00e9e, assure une protection efficace et durable. La Cosm\u00e9tique st\u00e9rile apporte en plus une s\u00e9curit\u00e9 unique pour les peaux r\u00e9actives.","og_url":"https:\/\/paragaleriedetalborjt.com\/en\/boutique\/xen-keratin-q10-serum-gainant-spf30-60g\/","og_site_name":"paragaleriedetalborjt","og_image":[{"width":595,"height":655,"url":"https:\/\/paragaleriedetalborjt.com\/wp-content\/uploads\/2026\/01\/xen8.jpg","type":"image\/jpeg"}],"twitter_card":"summary_large_image","schema":{"@context":"https:\/\/schema.org","@graph":[{"@type":"WebPage","@id":"https:\/\/paragaleriedetalborjt.com\/boutique\/xen-keratin-q10-serum-gainant-spf30-60g\/","url":"https:\/\/paragaleriedetalborjt.com\/boutique\/xen-keratin-q10-serum-gainant-spf30-60g\/","name":"XEN Keratin Q10 serum gainant spf30 60g - paragaleriedetalborjt","isPartOf":{"@id":"https:\/\/paragaleriedetalborjt.com\/#website"},"primaryImageOfPage":{"@id":"https:\/\/paragaleriedetalborjt.com\/boutique\/xen-keratin-q10-serum-gainant-spf30-60g\/#primaryimage"},"image":{"@id":"https:\/\/paragaleriedetalborjt.com\/boutique\/xen-keratin-q10-serum-gainant-spf30-60g\/#primaryimage"},"thumbnailUrl":"https:\/\/paragaleriedetalborjt.com\/wp-content\/uploads\/2026\/01\/xen8.jpg","datePublished":"2026-01-03T20:17:44+00:00","breadcrumb":{"@id":"https:\/\/paragaleriedetalborjt.com\/boutique\/xen-keratin-q10-serum-gainant-spf30-60g\/#breadcrumb"},"inLanguage":"en-US","potentialAction":[{"@type":"ReadAction","target":["https:\/\/paragaleriedetalborjt.com\/boutique\/xen-keratin-q10-serum-gainant-spf30-60g\/"]}]},{"@type":"ImageObject","inLanguage":"en-US","@id":"https:\/\/paragaleriedetalborjt.com\/boutique\/xen-keratin-q10-serum-gainant-spf30-60g\/#primaryimage","url":"https:\/\/paragaleriedetalborjt.com\/wp-content\/uploads\/2026\/01\/xen8.jpg","contentUrl":"https:\/\/paragaleriedetalborjt.com\/wp-content\/uploads\/2026\/01\/xen8.jpg","width":595,"height":655},{"@type":"BreadcrumbList","@id":"https:\/\/paragaleriedetalborjt.com\/boutique\/xen-keratin-q10-serum-gainant-spf30-60g\/#breadcrumb","itemListElement":[{"@type":"ListItem","position":1,"name":"Accueil","item":"https:\/\/paragaleriedetalborjt.com\/"},{"@type":"ListItem","position":2,"name":"Boutique","item":"https:\/\/paragaleriedetalborjt.com\/boutique\/"},{"@type":"ListItem","position":3,"name":"XEN Keratin Q10 serum gainant spf30 60g"}]},{"@type":"WebSite","@id":"https:\/\/paragaleriedetalborjt.com\/#website","url":"https:\/\/paragaleriedetalborjt.com\/","name":"paragaleriedetalborjt","description":"","potentialAction":[{"@type":"SearchAction","target":{"@type":"EntryPoint","urlTemplate":"https:\/\/paragaleriedetalborjt.com\/?s={search_term_string}"},"query-input":{"@type":"PropertyValueSpecification","valueRequired":true,"valueName":"search_term_string"}}],"inLanguage":"en-US"}]}},"brands":[{"id":2043,"name":"XEN","slug":"xen"}],"_links":{"self":[{"href":"https:\/\/paragaleriedetalborjt.com\/en\/wp-json\/wp\/v2\/product\/42069","targetHints":{"allow":["GET"]}}],"collection":[{"href":"https:\/\/paragaleriedetalborjt.com\/en\/wp-json\/wp\/v2\/product"}],"about":[{"href":"https:\/\/paragaleriedetalborjt.com\/en\/wp-json\/wp\/v2\/types\/product"}],"replies":[{"embeddable":true,"href":"https:\/\/paragaleriedetalborjt.com\/en\/wp-json\/wp\/v2\/comments?post=42069"}],"version-history":[{"count":1,"href":"https:\/\/paragaleriedetalborjt.com\/en\/wp-json\/wp\/v2\/product\/42069\/revisions"}],"predecessor-version":[{"id":42071,"href":"https:\/\/paragaleriedetalborjt.com\/en\/wp-json\/wp\/v2\/product\/42069\/revisions\/42071"}],"wp:featuredmedia":[{"embeddable":true,"href":"https:\/\/paragaleriedetalborjt.com\/en\/wp-json\/wp\/v2\/media\/42070"}],"wp:attachment":[{"href":"https:\/\/paragaleriedetalborjt.com\/en\/wp-json\/wp\/v2\/media?parent=42069"}],"wp:term":[{"taxonomy":"pwb-brand","embeddable":true,"href":"https:\/\/paragaleriedetalborjt.com\/en\/wp-json\/wp\/v2\/pwb-brand?post=42069"},{"taxonomy":"product_cat","embeddable":true,"href":"https:\/\/paragaleriedetalborjt.com\/en\/wp-json\/wp\/v2\/product_cat?post=42069"},{"taxonomy":"product_tag","embeddable":true,"href":"https:\/\/paragaleriedetalborjt.com\/en\/wp-json\/wp\/v2\/product_tag?post=42069"}],"curies":[{"name":"wp","href":"https:\/\/api.w.org\/{rel}","templated":true}]}}