{"id":42066,"date":"2026-01-03T21:17:38","date_gmt":"2026-01-03T20:17:38","guid":{"rendered":"https:\/\/paragaleriedetalborjt.com\/?post_type=product&#038;p=42066"},"modified":"2026-01-03T21:17:39","modified_gmt":"2026-01-03T20:17:39","slug":"xen-keratin-q10-shampooing-soin-reparateur-200ml","status":"publish","type":"product","link":"https:\/\/paragaleriedetalborjt.com\/en\/boutique\/xen-keratin-q10-shampooing-soin-reparateur-200ml\/","title":{"rendered":"XEN Keratin Q10 Shampooing soin reparateur 200ml"},"content":{"rendered":"","protected":false},"excerpt":{"rendered":"<p>Highlights:Une formulation qui normalise l\u2019exc\u00e8s de s\u00e9bum, apporte vitalit\u00e9 et l\u00e9g\u00e8ret\u00e9 \u00e0 l\u2019ensemble de la chevelure. Son action normalisante aide \u00e9galement \u00e0 lutter contre la chute de cheveux, souvent caus\u00e9e par l\u2019exc\u00e8s de s\u00e9bum.<\/p>","protected":false},"featured_media":42067,"comment_status":"open","ping_status":"closed","template":"","meta":[],"pwb-brand":[2043],"product_cat":[16],"product_tag":[],"class_list":{"0":"post-42066","1":"product","2":"type-product","3":"status-publish","4":"has-post-thumbnail","6":"pwb-brand-xen","7":"product_cat-non-classe","8":"pa_brands-xen","10":"first","11":"instock","12":"sale","13":"shipping-taxable","14":"purchasable","15":"product-type-simple"},"yoast_head":"<!-- This site is optimized with the Yoast SEO plugin v26.9 - https:\/\/yoast.com\/product\/yoast-seo-wordpress\/ -->\n<title>XEN Keratin Q10 Shampooing soin reparateur 200ml - paragaleriedetalborjt<\/title>\n<meta name=\"robots\" content=\"index, follow, max-snippet:-1, max-image-preview:large, max-video-preview:-1\" \/>\n<link rel=\"canonical\" href=\"https:\/\/paragaleriedetalborjt.com\/en\/boutique\/xen-keratin-q10-shampooing-soin-reparateur-200ml\/\" \/>\n<meta property=\"og:locale\" content=\"en_US\" \/>\n<meta property=\"og:type\" content=\"article\" \/>\n<meta property=\"og:title\" content=\"XEN Keratin Q10 Shampooing soin reparateur 200ml - paragaleriedetalborjt\" \/>\n<meta property=\"og:description\" content=\"Highlights:Une formulation qui normalise l\u2019exc\u00e8s de s\u00e9bum, apporte vitalit\u00e9 et l\u00e9g\u00e8ret\u00e9 \u00e0 l\u2019ensemble de la chevelure. Son action normalisante aide \u00e9galement \u00e0 lutter contre la chute de cheveux, souvent caus\u00e9e par l\u2019exc\u00e8s de s\u00e9bum.\" \/>\n<meta property=\"og:url\" content=\"https:\/\/paragaleriedetalborjt.com\/en\/boutique\/xen-keratin-q10-shampooing-soin-reparateur-200ml\/\" \/>\n<meta property=\"og:site_name\" content=\"paragaleriedetalborjt\" \/>\n<meta property=\"article:modified_time\" content=\"2026-01-03T20:17:39+00:00\" \/>\n<meta property=\"og:image\" content=\"https:\/\/paragaleriedetalborjt.com\/wp-content\/uploads\/2026\/01\/xen10.jpg\" \/>\n\t<meta property=\"og:image:width\" content=\"595\" \/>\n\t<meta property=\"og:image:height\" content=\"655\" \/>\n\t<meta property=\"og:image:type\" content=\"image\/jpeg\" \/>\n<meta name=\"twitter:card\" content=\"summary_large_image\" \/>\n<script type=\"application\/ld+json\" class=\"yoast-schema-graph\">{\"@context\":\"https:\/\/schema.org\",\"@graph\":[{\"@type\":\"WebPage\",\"@id\":\"https:\/\/paragaleriedetalborjt.com\/boutique\/xen-keratin-q10-shampooing-soin-reparateur-200ml\/\",\"url\":\"https:\/\/paragaleriedetalborjt.com\/boutique\/xen-keratin-q10-shampooing-soin-reparateur-200ml\/\",\"name\":\"XEN Keratin Q10 Shampooing soin reparateur 200ml - paragaleriedetalborjt\",\"isPartOf\":{\"@id\":\"https:\/\/paragaleriedetalborjt.com\/#website\"},\"primaryImageOfPage\":{\"@id\":\"https:\/\/paragaleriedetalborjt.com\/boutique\/xen-keratin-q10-shampooing-soin-reparateur-200ml\/#primaryimage\"},\"image\":{\"@id\":\"https:\/\/paragaleriedetalborjt.com\/boutique\/xen-keratin-q10-shampooing-soin-reparateur-200ml\/#primaryimage\"},\"thumbnailUrl\":\"https:\/\/paragaleriedetalborjt.com\/wp-content\/uploads\/2026\/01\/xen10.jpg\",\"datePublished\":\"2026-01-03T20:17:38+00:00\",\"dateModified\":\"2026-01-03T20:17:39+00:00\",\"breadcrumb\":{\"@id\":\"https:\/\/paragaleriedetalborjt.com\/boutique\/xen-keratin-q10-shampooing-soin-reparateur-200ml\/#breadcrumb\"},\"inLanguage\":\"en-US\",\"potentialAction\":[{\"@type\":\"ReadAction\",\"target\":[\"https:\/\/paragaleriedetalborjt.com\/boutique\/xen-keratin-q10-shampooing-soin-reparateur-200ml\/\"]}]},{\"@type\":\"ImageObject\",\"inLanguage\":\"en-US\",\"@id\":\"https:\/\/paragaleriedetalborjt.com\/boutique\/xen-keratin-q10-shampooing-soin-reparateur-200ml\/#primaryimage\",\"url\":\"https:\/\/paragaleriedetalborjt.com\/wp-content\/uploads\/2026\/01\/xen10.jpg\",\"contentUrl\":\"https:\/\/paragaleriedetalborjt.com\/wp-content\/uploads\/2026\/01\/xen10.jpg\",\"width\":595,\"height\":655},{\"@type\":\"BreadcrumbList\",\"@id\":\"https:\/\/paragaleriedetalborjt.com\/boutique\/xen-keratin-q10-shampooing-soin-reparateur-200ml\/#breadcrumb\",\"itemListElement\":[{\"@type\":\"ListItem\",\"position\":1,\"name\":\"Accueil\",\"item\":\"https:\/\/paragaleriedetalborjt.com\/\"},{\"@type\":\"ListItem\",\"position\":2,\"name\":\"Boutique\",\"item\":\"https:\/\/paragaleriedetalborjt.com\/boutique\/\"},{\"@type\":\"ListItem\",\"position\":3,\"name\":\"XEN Keratin Q10 Shampooing soin reparateur 200ml\"}]},{\"@type\":\"WebSite\",\"@id\":\"https:\/\/paragaleriedetalborjt.com\/#website\",\"url\":\"https:\/\/paragaleriedetalborjt.com\/\",\"name\":\"paragaleriedetalborjt\",\"description\":\"\",\"potentialAction\":[{\"@type\":\"SearchAction\",\"target\":{\"@type\":\"EntryPoint\",\"urlTemplate\":\"https:\/\/paragaleriedetalborjt.com\/?s={search_term_string}\"},\"query-input\":{\"@type\":\"PropertyValueSpecification\",\"valueRequired\":true,\"valueName\":\"search_term_string\"}}],\"inLanguage\":\"en-US\"}]}<\/script>\n<!-- \/ Yoast SEO plugin. -->","yoast_head_json":{"title":"XEN Keratin Q10 Shampooing soin reparateur 200ml - paragaleriedetalborjt","robots":{"index":"index","follow":"follow","max-snippet":"max-snippet:-1","max-image-preview":"max-image-preview:large","max-video-preview":"max-video-preview:-1"},"canonical":"https:\/\/paragaleriedetalborjt.com\/en\/boutique\/xen-keratin-q10-shampooing-soin-reparateur-200ml\/","og_locale":"en_US","og_type":"article","og_title":"XEN Keratin Q10 Shampooing soin reparateur 200ml - paragaleriedetalborjt","og_description":"Highlights:Une formulation qui normalise l\u2019exc\u00e8s de s\u00e9bum, apporte vitalit\u00e9 et l\u00e9g\u00e8ret\u00e9 \u00e0 l\u2019ensemble de la chevelure. Son action normalisante aide \u00e9galement \u00e0 lutter contre la chute de cheveux, souvent caus\u00e9e par l\u2019exc\u00e8s de s\u00e9bum.","og_url":"https:\/\/paragaleriedetalborjt.com\/en\/boutique\/xen-keratin-q10-shampooing-soin-reparateur-200ml\/","og_site_name":"paragaleriedetalborjt","article_modified_time":"2026-01-03T20:17:39+00:00","og_image":[{"width":595,"height":655,"url":"https:\/\/paragaleriedetalborjt.com\/wp-content\/uploads\/2026\/01\/xen10.jpg","type":"image\/jpeg"}],"twitter_card":"summary_large_image","schema":{"@context":"https:\/\/schema.org","@graph":[{"@type":"WebPage","@id":"https:\/\/paragaleriedetalborjt.com\/boutique\/xen-keratin-q10-shampooing-soin-reparateur-200ml\/","url":"https:\/\/paragaleriedetalborjt.com\/boutique\/xen-keratin-q10-shampooing-soin-reparateur-200ml\/","name":"XEN Keratin Q10 Shampooing soin reparateur 200ml - paragaleriedetalborjt","isPartOf":{"@id":"https:\/\/paragaleriedetalborjt.com\/#website"},"primaryImageOfPage":{"@id":"https:\/\/paragaleriedetalborjt.com\/boutique\/xen-keratin-q10-shampooing-soin-reparateur-200ml\/#primaryimage"},"image":{"@id":"https:\/\/paragaleriedetalborjt.com\/boutique\/xen-keratin-q10-shampooing-soin-reparateur-200ml\/#primaryimage"},"thumbnailUrl":"https:\/\/paragaleriedetalborjt.com\/wp-content\/uploads\/2026\/01\/xen10.jpg","datePublished":"2026-01-03T20:17:38+00:00","dateModified":"2026-01-03T20:17:39+00:00","breadcrumb":{"@id":"https:\/\/paragaleriedetalborjt.com\/boutique\/xen-keratin-q10-shampooing-soin-reparateur-200ml\/#breadcrumb"},"inLanguage":"en-US","potentialAction":[{"@type":"ReadAction","target":["https:\/\/paragaleriedetalborjt.com\/boutique\/xen-keratin-q10-shampooing-soin-reparateur-200ml\/"]}]},{"@type":"ImageObject","inLanguage":"en-US","@id":"https:\/\/paragaleriedetalborjt.com\/boutique\/xen-keratin-q10-shampooing-soin-reparateur-200ml\/#primaryimage","url":"https:\/\/paragaleriedetalborjt.com\/wp-content\/uploads\/2026\/01\/xen10.jpg","contentUrl":"https:\/\/paragaleriedetalborjt.com\/wp-content\/uploads\/2026\/01\/xen10.jpg","width":595,"height":655},{"@type":"BreadcrumbList","@id":"https:\/\/paragaleriedetalborjt.com\/boutique\/xen-keratin-q10-shampooing-soin-reparateur-200ml\/#breadcrumb","itemListElement":[{"@type":"ListItem","position":1,"name":"Accueil","item":"https:\/\/paragaleriedetalborjt.com\/"},{"@type":"ListItem","position":2,"name":"Boutique","item":"https:\/\/paragaleriedetalborjt.com\/boutique\/"},{"@type":"ListItem","position":3,"name":"XEN Keratin Q10 Shampooing soin reparateur 200ml"}]},{"@type":"WebSite","@id":"https:\/\/paragaleriedetalborjt.com\/#website","url":"https:\/\/paragaleriedetalborjt.com\/","name":"paragaleriedetalborjt","description":"","potentialAction":[{"@type":"SearchAction","target":{"@type":"EntryPoint","urlTemplate":"https:\/\/paragaleriedetalborjt.com\/?s={search_term_string}"},"query-input":{"@type":"PropertyValueSpecification","valueRequired":true,"valueName":"search_term_string"}}],"inLanguage":"en-US"}]}},"brands":[{"id":2043,"name":"XEN","slug":"xen"}],"_links":{"self":[{"href":"https:\/\/paragaleriedetalborjt.com\/en\/wp-json\/wp\/v2\/product\/42066","targetHints":{"allow":["GET"]}}],"collection":[{"href":"https:\/\/paragaleriedetalborjt.com\/en\/wp-json\/wp\/v2\/product"}],"about":[{"href":"https:\/\/paragaleriedetalborjt.com\/en\/wp-json\/wp\/v2\/types\/product"}],"replies":[{"embeddable":true,"href":"https:\/\/paragaleriedetalborjt.com\/en\/wp-json\/wp\/v2\/comments?post=42066"}],"version-history":[{"count":1,"href":"https:\/\/paragaleriedetalborjt.com\/en\/wp-json\/wp\/v2\/product\/42066\/revisions"}],"predecessor-version":[{"id":42068,"href":"https:\/\/paragaleriedetalborjt.com\/en\/wp-json\/wp\/v2\/product\/42066\/revisions\/42068"}],"wp:featuredmedia":[{"embeddable":true,"href":"https:\/\/paragaleriedetalborjt.com\/en\/wp-json\/wp\/v2\/media\/42067"}],"wp:attachment":[{"href":"https:\/\/paragaleriedetalborjt.com\/en\/wp-json\/wp\/v2\/media?parent=42066"}],"wp:term":[{"taxonomy":"pwb-brand","embeddable":true,"href":"https:\/\/paragaleriedetalborjt.com\/en\/wp-json\/wp\/v2\/pwb-brand?post=42066"},{"taxonomy":"product_cat","embeddable":true,"href":"https:\/\/paragaleriedetalborjt.com\/en\/wp-json\/wp\/v2\/product_cat?post=42066"},{"taxonomy":"product_tag","embeddable":true,"href":"https:\/\/paragaleriedetalborjt.com\/en\/wp-json\/wp\/v2\/product_tag?post=42066"}],"curies":[{"name":"wp","href":"https:\/\/api.w.org\/{rel}","templated":true}]}}