{"id":41964,"date":"2026-01-03T21:13:47","date_gmt":"2026-01-03T20:13:47","guid":{"rendered":"https:\/\/paragaleriedetalborjt.com\/?post_type=product&#038;p=41964"},"modified":"2026-01-03T21:13:47","modified_gmt":"2026-01-03T20:13:47","slug":"dermofuture-banquet-serum-30ml","status":"publish","type":"product","link":"https:\/\/paragaleriedetalborjt.com\/en\/boutique\/dermofuture-banquet-serum-30ml\/","title":{"rendered":"Dermofuture banquet s\u00e9rum 30ml"},"content":{"rendered":"<div aria-labelledby=\"tab-title-description\" class=\"woocommerce-Tabs-panel woocommerce-Tabs-panel--description panel entry-content wc-tab\" id=\"tab-description\" role=\"tabpanel\" style=\"\">\n<h2>Description<\/h2>\n<p>Un s\u00e9rum de banquet lissant raffermissant\u00a0<strong>avec une richesse en nutriments restaure instantan\u00e9ment la douceur, l\u2019<\/strong>\u00a0\u00e9lasticit\u00e9 et l\u2019\u00e9clat de\u00a0<strong>la peau<\/strong>\u00a0, \u00e9liminant les signes de fatigue.\u00a0<strong>La peau est parfaitement tendue,<\/strong>\u00a0gr\u00e2ce \u00e0 laquelle on peut parfaitement \u00e9taler le maquillage dessus.\u00a0L\u2019\u00a0<strong>\u00e9lastine donne<\/strong>\u00a0un\u00a0<strong>ton de peau<\/strong>\u00a0ad\u00e9quat\u00a0<strong>et l\u2019acide hyaluronique fournit le pouvoir d\u2019hydratation.<\/strong><\/p>\n<p>Le produit\u00a0<strong>apaise efficacement les irritations,<\/strong>\u00a0raffermit et r\u00e9duit les rides.\u00a0La combinaison d\u2019ingr\u00e9dients pr\u00e9cieux tels que le\u00a0<strong>collag\u00e8ne, l\u2019acide hyaluronique, l\u2019\u00e9lastine, l\u2019extrait d\u2019algues, l\u2019extrait de m\u00e9lisse<\/strong>\u00a0rend le s\u00e9rum apaisant, lissant et r\u00e9g\u00e9n\u00e9rant.\u00a0Il laisse la peau velout\u00e9e et bien hydrat\u00e9e.<\/p>\n<\/div>","protected":false},"excerpt":{"rendered":"<p>Highlights:Appliquer une petite quantit\u00e9 de s\u00e9rum sur la peau nettoy\u00e9e et tonique du visage, du cou et du d\u00e9collet\u00e9.\u00a0Appliquer ensuite la cr\u00e8me sur le s\u00e9rum encore humide.\u00a0Conservez le produit \u00e0 temp\u00e9rature ambiante.\u00a0Bien agiter avant utilisation.<\/p>","protected":false},"featured_media":41965,"comment_status":"open","ping_status":"closed","template":"","meta":[],"pwb-brand":[2032],"product_cat":[16],"product_tag":[],"class_list":{"0":"post-41964","1":"product","2":"type-product","3":"status-publish","4":"has-post-thumbnail","6":"pwb-brand-dermofuture","7":"product_cat-non-classe","8":"pa_brands-dermofuture","10":"first","11":"instock","12":"sale","13":"shipping-taxable","14":"purchasable","15":"product-type-simple"},"yoast_head":"<!-- This site is optimized with the Yoast SEO plugin v26.9 - https:\/\/yoast.com\/product\/yoast-seo-wordpress\/ -->\n<title>Dermofuture banquet s\u00e9rum 30ml - paragaleriedetalborjt<\/title>\n<meta name=\"robots\" content=\"index, follow, max-snippet:-1, max-image-preview:large, max-video-preview:-1\" \/>\n<link rel=\"canonical\" href=\"https:\/\/paragaleriedetalborjt.com\/en\/boutique\/dermofuture-banquet-serum-30ml\/\" \/>\n<meta property=\"og:locale\" content=\"en_US\" \/>\n<meta property=\"og:type\" content=\"article\" \/>\n<meta property=\"og:title\" content=\"Dermofuture banquet s\u00e9rum 30ml - paragaleriedetalborjt\" \/>\n<meta property=\"og:description\" content=\"Highlights:Appliquer une petite quantit\u00e9 de s\u00e9rum sur la peau nettoy\u00e9e et tonique du visage, du cou et du d\u00e9collet\u00e9.\u00a0Appliquer ensuite la cr\u00e8me sur le s\u00e9rum encore humide.\u00a0Conservez le produit \u00e0 temp\u00e9rature ambiante.\u00a0Bien agiter avant utilisation.\" \/>\n<meta property=\"og:url\" content=\"https:\/\/paragaleriedetalborjt.com\/en\/boutique\/dermofuture-banquet-serum-30ml\/\" \/>\n<meta property=\"og:site_name\" content=\"paragaleriedetalborjt\" \/>\n<meta property=\"og:image\" content=\"https:\/\/paragaleriedetalborjt.com\/wp-content\/uploads\/2026\/01\/dermofuture-serum-hydratant-lissant-banquet-30ml-600x600-1.jpg\" \/>\n\t<meta property=\"og:image:width\" content=\"600\" \/>\n\t<meta property=\"og:image:height\" content=\"600\" \/>\n\t<meta property=\"og:image:type\" content=\"image\/jpeg\" \/>\n<meta name=\"twitter:card\" content=\"summary_large_image\" \/>\n<meta name=\"twitter:label1\" content=\"Est. reading time\" \/>\n\t<meta name=\"twitter:data1\" content=\"1 minute\" \/>\n<script type=\"application\/ld+json\" class=\"yoast-schema-graph\">{\"@context\":\"https:\/\/schema.org\",\"@graph\":[{\"@type\":\"WebPage\",\"@id\":\"https:\/\/paragaleriedetalborjt.com\/boutique\/dermofuture-banquet-serum-30ml\/\",\"url\":\"https:\/\/paragaleriedetalborjt.com\/boutique\/dermofuture-banquet-serum-30ml\/\",\"name\":\"Dermofuture banquet s\u00e9rum 30ml - paragaleriedetalborjt\",\"isPartOf\":{\"@id\":\"https:\/\/paragaleriedetalborjt.com\/#website\"},\"primaryImageOfPage\":{\"@id\":\"https:\/\/paragaleriedetalborjt.com\/boutique\/dermofuture-banquet-serum-30ml\/#primaryimage\"},\"image\":{\"@id\":\"https:\/\/paragaleriedetalborjt.com\/boutique\/dermofuture-banquet-serum-30ml\/#primaryimage\"},\"thumbnailUrl\":\"https:\/\/paragaleriedetalborjt.com\/wp-content\/uploads\/2026\/01\/dermofuture-serum-hydratant-lissant-banquet-30ml-600x600-1.jpg\",\"datePublished\":\"2026-01-03T20:13:47+00:00\",\"breadcrumb\":{\"@id\":\"https:\/\/paragaleriedetalborjt.com\/boutique\/dermofuture-banquet-serum-30ml\/#breadcrumb\"},\"inLanguage\":\"en-US\",\"potentialAction\":[{\"@type\":\"ReadAction\",\"target\":[\"https:\/\/paragaleriedetalborjt.com\/boutique\/dermofuture-banquet-serum-30ml\/\"]}]},{\"@type\":\"ImageObject\",\"inLanguage\":\"en-US\",\"@id\":\"https:\/\/paragaleriedetalborjt.com\/boutique\/dermofuture-banquet-serum-30ml\/#primaryimage\",\"url\":\"https:\/\/paragaleriedetalborjt.com\/wp-content\/uploads\/2026\/01\/dermofuture-serum-hydratant-lissant-banquet-30ml-600x600-1.jpg\",\"contentUrl\":\"https:\/\/paragaleriedetalborjt.com\/wp-content\/uploads\/2026\/01\/dermofuture-serum-hydratant-lissant-banquet-30ml-600x600-1.jpg\",\"width\":600,\"height\":600},{\"@type\":\"BreadcrumbList\",\"@id\":\"https:\/\/paragaleriedetalborjt.com\/boutique\/dermofuture-banquet-serum-30ml\/#breadcrumb\",\"itemListElement\":[{\"@type\":\"ListItem\",\"position\":1,\"name\":\"Accueil\",\"item\":\"https:\/\/paragaleriedetalborjt.com\/\"},{\"@type\":\"ListItem\",\"position\":2,\"name\":\"Boutique\",\"item\":\"https:\/\/paragaleriedetalborjt.com\/boutique\/\"},{\"@type\":\"ListItem\",\"position\":3,\"name\":\"Dermofuture banquet s\u00e9rum 30ml\"}]},{\"@type\":\"WebSite\",\"@id\":\"https:\/\/paragaleriedetalborjt.com\/#website\",\"url\":\"https:\/\/paragaleriedetalborjt.com\/\",\"name\":\"paragaleriedetalborjt\",\"description\":\"\",\"potentialAction\":[{\"@type\":\"SearchAction\",\"target\":{\"@type\":\"EntryPoint\",\"urlTemplate\":\"https:\/\/paragaleriedetalborjt.com\/?s={search_term_string}\"},\"query-input\":{\"@type\":\"PropertyValueSpecification\",\"valueRequired\":true,\"valueName\":\"search_term_string\"}}],\"inLanguage\":\"en-US\"}]}<\/script>\n<!-- \/ Yoast SEO plugin. -->","yoast_head_json":{"title":"Dermofuture banquet s\u00e9rum 30ml - paragaleriedetalborjt","robots":{"index":"index","follow":"follow","max-snippet":"max-snippet:-1","max-image-preview":"max-image-preview:large","max-video-preview":"max-video-preview:-1"},"canonical":"https:\/\/paragaleriedetalborjt.com\/en\/boutique\/dermofuture-banquet-serum-30ml\/","og_locale":"en_US","og_type":"article","og_title":"Dermofuture banquet s\u00e9rum 30ml - paragaleriedetalborjt","og_description":"Highlights:Appliquer une petite quantit\u00e9 de s\u00e9rum sur la peau nettoy\u00e9e et tonique du visage, du cou et du d\u00e9collet\u00e9.\u00a0Appliquer ensuite la cr\u00e8me sur le s\u00e9rum encore humide.\u00a0Conservez le produit \u00e0 temp\u00e9rature ambiante.\u00a0Bien agiter avant utilisation.","og_url":"https:\/\/paragaleriedetalborjt.com\/en\/boutique\/dermofuture-banquet-serum-30ml\/","og_site_name":"paragaleriedetalborjt","og_image":[{"width":600,"height":600,"url":"https:\/\/paragaleriedetalborjt.com\/wp-content\/uploads\/2026\/01\/dermofuture-serum-hydratant-lissant-banquet-30ml-600x600-1.jpg","type":"image\/jpeg"}],"twitter_card":"summary_large_image","twitter_misc":{"Est. reading time":"1 minute"},"schema":{"@context":"https:\/\/schema.org","@graph":[{"@type":"WebPage","@id":"https:\/\/paragaleriedetalborjt.com\/boutique\/dermofuture-banquet-serum-30ml\/","url":"https:\/\/paragaleriedetalborjt.com\/boutique\/dermofuture-banquet-serum-30ml\/","name":"Dermofuture banquet s\u00e9rum 30ml - paragaleriedetalborjt","isPartOf":{"@id":"https:\/\/paragaleriedetalborjt.com\/#website"},"primaryImageOfPage":{"@id":"https:\/\/paragaleriedetalborjt.com\/boutique\/dermofuture-banquet-serum-30ml\/#primaryimage"},"image":{"@id":"https:\/\/paragaleriedetalborjt.com\/boutique\/dermofuture-banquet-serum-30ml\/#primaryimage"},"thumbnailUrl":"https:\/\/paragaleriedetalborjt.com\/wp-content\/uploads\/2026\/01\/dermofuture-serum-hydratant-lissant-banquet-30ml-600x600-1.jpg","datePublished":"2026-01-03T20:13:47+00:00","breadcrumb":{"@id":"https:\/\/paragaleriedetalborjt.com\/boutique\/dermofuture-banquet-serum-30ml\/#breadcrumb"},"inLanguage":"en-US","potentialAction":[{"@type":"ReadAction","target":["https:\/\/paragaleriedetalborjt.com\/boutique\/dermofuture-banquet-serum-30ml\/"]}]},{"@type":"ImageObject","inLanguage":"en-US","@id":"https:\/\/paragaleriedetalborjt.com\/boutique\/dermofuture-banquet-serum-30ml\/#primaryimage","url":"https:\/\/paragaleriedetalborjt.com\/wp-content\/uploads\/2026\/01\/dermofuture-serum-hydratant-lissant-banquet-30ml-600x600-1.jpg","contentUrl":"https:\/\/paragaleriedetalborjt.com\/wp-content\/uploads\/2026\/01\/dermofuture-serum-hydratant-lissant-banquet-30ml-600x600-1.jpg","width":600,"height":600},{"@type":"BreadcrumbList","@id":"https:\/\/paragaleriedetalborjt.com\/boutique\/dermofuture-banquet-serum-30ml\/#breadcrumb","itemListElement":[{"@type":"ListItem","position":1,"name":"Accueil","item":"https:\/\/paragaleriedetalborjt.com\/"},{"@type":"ListItem","position":2,"name":"Boutique","item":"https:\/\/paragaleriedetalborjt.com\/boutique\/"},{"@type":"ListItem","position":3,"name":"Dermofuture banquet s\u00e9rum 30ml"}]},{"@type":"WebSite","@id":"https:\/\/paragaleriedetalborjt.com\/#website","url":"https:\/\/paragaleriedetalborjt.com\/","name":"paragaleriedetalborjt","description":"","potentialAction":[{"@type":"SearchAction","target":{"@type":"EntryPoint","urlTemplate":"https:\/\/paragaleriedetalborjt.com\/?s={search_term_string}"},"query-input":{"@type":"PropertyValueSpecification","valueRequired":true,"valueName":"search_term_string"}}],"inLanguage":"en-US"}]}},"brands":[{"id":2032,"name":"DERMOFUTURE","slug":"dermofuture"}],"_links":{"self":[{"href":"https:\/\/paragaleriedetalborjt.com\/en\/wp-json\/wp\/v2\/product\/41964","targetHints":{"allow":["GET"]}}],"collection":[{"href":"https:\/\/paragaleriedetalborjt.com\/en\/wp-json\/wp\/v2\/product"}],"about":[{"href":"https:\/\/paragaleriedetalborjt.com\/en\/wp-json\/wp\/v2\/types\/product"}],"replies":[{"embeddable":true,"href":"https:\/\/paragaleriedetalborjt.com\/en\/wp-json\/wp\/v2\/comments?post=41964"}],"version-history":[{"count":1,"href":"https:\/\/paragaleriedetalborjt.com\/en\/wp-json\/wp\/v2\/product\/41964\/revisions"}],"predecessor-version":[{"id":41966,"href":"https:\/\/paragaleriedetalborjt.com\/en\/wp-json\/wp\/v2\/product\/41964\/revisions\/41966"}],"wp:featuredmedia":[{"embeddable":true,"href":"https:\/\/paragaleriedetalborjt.com\/en\/wp-json\/wp\/v2\/media\/41965"}],"wp:attachment":[{"href":"https:\/\/paragaleriedetalborjt.com\/en\/wp-json\/wp\/v2\/media?parent=41964"}],"wp:term":[{"taxonomy":"pwb-brand","embeddable":true,"href":"https:\/\/paragaleriedetalborjt.com\/en\/wp-json\/wp\/v2\/pwb-brand?post=41964"},{"taxonomy":"product_cat","embeddable":true,"href":"https:\/\/paragaleriedetalborjt.com\/en\/wp-json\/wp\/v2\/product_cat?post=41964"},{"taxonomy":"product_tag","embeddable":true,"href":"https:\/\/paragaleriedetalborjt.com\/en\/wp-json\/wp\/v2\/product_tag?post=41964"}],"curies":[{"name":"wp","href":"https:\/\/api.w.org\/{rel}","templated":true}]}}