{"id":41961,"date":"2026-01-03T21:13:42","date_gmt":"2026-01-03T20:13:42","guid":{"rendered":"https:\/\/paragaleriedetalborjt.com\/?post_type=product&#038;p=41961"},"modified":"2026-01-03T21:13:42","modified_gmt":"2026-01-03T20:13:42","slug":"dermofuture-elixir-hydratant-contour-yeux-10ml","status":"publish","type":"product","link":"https:\/\/paragaleriedetalborjt.com\/en\/boutique\/dermofuture-elixir-hydratant-contour-yeux-10ml\/","title":{"rendered":"Dermofuture \u00c9lixir hydratant contour yeux 10ml"},"content":{"rendered":"<div aria-labelledby=\"tab-title-description\" class=\"woocommerce-Tabs-panel woocommerce-Tabs-panel--description panel entry-content wc-tab\" id=\"tab-description\" role=\"tabpanel\" style=\"\">\n<h2>Description<\/h2>\n<p>INTENSIVE \u00e9lixir \u00e9quilibre hydratation de la peau et emp\u00eache une perte excessive d\u2019eau. Le produit r\u00e9duit les cernes et les d\u00e9colorations sous les yeux, renforce les vaisseaux sanguins et am\u00e9liore l\u2019\u00e9lasticit\u00e9 de la peau. Anneaux sombres sous les yeux instantan\u00e9ment moins intense, et la peau des yeux sont visiblement plus radieux. Principes actifs tels que les extraits de caviar, influencent la reprise, la reconstruction et arr\u00eater le processus de vieillissement de la peau puissant pour les yeux. Extraits d\u2019soie stimule la production d\u2019acide hyaluronique, une substance qui existe naturellement dans le corps, qui est n\u00e9cessaire pour s\u2019assurer que la peau peut rester en bonne sant\u00e9, souple et parfaitement hydrat\u00e9e. Avec l\u2019\u00e2ge commence notre peau perdre sa force et \u00e9lasticit\u00e9. Notre attention particuli\u00e8re est n\u00e9cessaire si les peaux sensibles pour les yeux, c\u2019est la fin, c\u2019est la fin pratique pour tout le visage, plus sensible et fragile la peau d\u2019allergies que dans d\u2019autres parties du corps. Produits m\u00e9taboliques d\u00e9versent pas dans les vaisseaux lymphatique, \u00e9ponge mais dans la structure du tissu accumulent, forment une soi-disant. Sacs sous les yeux. Pendant le blinkens ou la peau strabisme, il est pratiquement en constante \u00e9volution. Tout cela contribue \u00e0 la formation de rides, parfois d\u00e9sign\u00e9 par \u00ab\u00a0pattes d\u2019oie. Lutte contre les signes de vieillissement pr\u00e9matur\u00e9 de la peau pour \u00e9claircir les yeux, la lumi\u00e8re \u00e0 votre look \u00e9lixir de rajeunissement et le contour des yeux. M\u00eame apr\u00e8s 28\u00a0jours apr\u00e8s la visibilit\u00e9 de l\u2019ombre sous les yeux r\u00e9duit apparence r\u00e9duit et les rides, ridules et signes de fatigue des yeux. Comme \u00e0 utiliser\u202f: matin et soir une petite quantit\u00e9 d\u2019\u00e9lixir la cuisson dans la r\u00e9gion des yeux, Puis, effectuer un massage doux. Test\u00e9 dermatologiquement seulement pour usage externe<\/p>\n<\/div>","protected":false},"excerpt":{"rendered":"<p>Highlights:\u2022 RAFFERMIT\u00a0: renforce la fermet\u00e9 de la peau.\u2022 R\u00c9G\u00c9N\u00c8RE\u00a0: l\u2019activit\u00e9 cellulaire est relanc\u00e9e tout au long de la nuit.\u2022 LISSE les rides install\u00e9es gr\u00e2ce \u00e0 l\u2019Ascofilline\u2122 et \u00e0 l\u2019Acide Hyaluronique.<\/p>","protected":false},"featured_media":41962,"comment_status":"open","ping_status":"closed","template":"","meta":[],"pwb-brand":[2032],"product_cat":[16],"product_tag":[],"class_list":{"0":"post-41961","1":"product","2":"type-product","3":"status-publish","4":"has-post-thumbnail","6":"pwb-brand-dermofuture","7":"product_cat-non-classe","8":"pa_brands-dermofuture","10":"first","11":"instock","12":"sale","13":"shipping-taxable","14":"purchasable","15":"product-type-simple"},"yoast_head":"<!-- This site is optimized with the Yoast SEO plugin v26.9 - https:\/\/yoast.com\/product\/yoast-seo-wordpress\/ -->\n<title>Dermofuture \u00c9lixir hydratant contour yeux 10ml - paragaleriedetalborjt<\/title>\n<meta name=\"robots\" content=\"index, follow, max-snippet:-1, max-image-preview:large, max-video-preview:-1\" \/>\n<link rel=\"canonical\" href=\"https:\/\/paragaleriedetalborjt.com\/en\/boutique\/dermofuture-elixir-hydratant-contour-yeux-10ml\/\" \/>\n<meta property=\"og:locale\" content=\"en_US\" \/>\n<meta property=\"og:type\" content=\"article\" \/>\n<meta property=\"og:title\" content=\"Dermofuture \u00c9lixir hydratant contour yeux 10ml - paragaleriedetalborjt\" \/>\n<meta property=\"og:description\" content=\"Highlights:\u2022 RAFFERMIT\u00a0: renforce la fermet\u00e9 de la peau.\u2022 R\u00c9G\u00c9N\u00c8RE\u00a0: l\u2019activit\u00e9 cellulaire est relanc\u00e9e tout au long de la nuit.\u2022 LISSE les rides install\u00e9es gr\u00e2ce \u00e0 l\u2019Ascofilline\u2122 et \u00e0 l\u2019Acide Hyaluronique.\" \/>\n<meta property=\"og:url\" content=\"https:\/\/paragaleriedetalborjt.com\/en\/boutique\/dermofuture-elixir-hydratant-contour-yeux-10ml\/\" \/>\n<meta property=\"og:site_name\" content=\"paragaleriedetalborjt\" \/>\n<meta property=\"og:image\" content=\"https:\/\/paragaleriedetalborjt.com\/wp-content\/uploads\/2026\/01\/dermofuture-elixir-serum-yeux-lifting-anti-rides-10-ml.jpg\" \/>\n\t<meta property=\"og:image:width\" content=\"595\" \/>\n\t<meta property=\"og:image:height\" content=\"656\" \/>\n\t<meta property=\"og:image:type\" content=\"image\/jpeg\" \/>\n<meta name=\"twitter:card\" content=\"summary_large_image\" \/>\n<meta name=\"twitter:label1\" content=\"Est. reading time\" \/>\n\t<meta name=\"twitter:data1\" content=\"2 minutes\" \/>\n<script type=\"application\/ld+json\" class=\"yoast-schema-graph\">{\"@context\":\"https:\/\/schema.org\",\"@graph\":[{\"@type\":\"WebPage\",\"@id\":\"https:\/\/paragaleriedetalborjt.com\/boutique\/dermofuture-elixir-hydratant-contour-yeux-10ml\/\",\"url\":\"https:\/\/paragaleriedetalborjt.com\/boutique\/dermofuture-elixir-hydratant-contour-yeux-10ml\/\",\"name\":\"Dermofuture \u00c9lixir hydratant contour yeux 10ml - paragaleriedetalborjt\",\"isPartOf\":{\"@id\":\"https:\/\/paragaleriedetalborjt.com\/#website\"},\"primaryImageOfPage\":{\"@id\":\"https:\/\/paragaleriedetalborjt.com\/boutique\/dermofuture-elixir-hydratant-contour-yeux-10ml\/#primaryimage\"},\"image\":{\"@id\":\"https:\/\/paragaleriedetalborjt.com\/boutique\/dermofuture-elixir-hydratant-contour-yeux-10ml\/#primaryimage\"},\"thumbnailUrl\":\"https:\/\/paragaleriedetalborjt.com\/wp-content\/uploads\/2026\/01\/dermofuture-elixir-serum-yeux-lifting-anti-rides-10-ml.jpg\",\"datePublished\":\"2026-01-03T20:13:42+00:00\",\"breadcrumb\":{\"@id\":\"https:\/\/paragaleriedetalborjt.com\/boutique\/dermofuture-elixir-hydratant-contour-yeux-10ml\/#breadcrumb\"},\"inLanguage\":\"en-US\",\"potentialAction\":[{\"@type\":\"ReadAction\",\"target\":[\"https:\/\/paragaleriedetalborjt.com\/boutique\/dermofuture-elixir-hydratant-contour-yeux-10ml\/\"]}]},{\"@type\":\"ImageObject\",\"inLanguage\":\"en-US\",\"@id\":\"https:\/\/paragaleriedetalborjt.com\/boutique\/dermofuture-elixir-hydratant-contour-yeux-10ml\/#primaryimage\",\"url\":\"https:\/\/paragaleriedetalborjt.com\/wp-content\/uploads\/2026\/01\/dermofuture-elixir-serum-yeux-lifting-anti-rides-10-ml.jpg\",\"contentUrl\":\"https:\/\/paragaleriedetalborjt.com\/wp-content\/uploads\/2026\/01\/dermofuture-elixir-serum-yeux-lifting-anti-rides-10-ml.jpg\",\"width\":595,\"height\":656},{\"@type\":\"BreadcrumbList\",\"@id\":\"https:\/\/paragaleriedetalborjt.com\/boutique\/dermofuture-elixir-hydratant-contour-yeux-10ml\/#breadcrumb\",\"itemListElement\":[{\"@type\":\"ListItem\",\"position\":1,\"name\":\"Accueil\",\"item\":\"https:\/\/paragaleriedetalborjt.com\/\"},{\"@type\":\"ListItem\",\"position\":2,\"name\":\"Boutique\",\"item\":\"https:\/\/paragaleriedetalborjt.com\/boutique\/\"},{\"@type\":\"ListItem\",\"position\":3,\"name\":\"Dermofuture \u00c9lixir hydratant contour yeux 10ml\"}]},{\"@type\":\"WebSite\",\"@id\":\"https:\/\/paragaleriedetalborjt.com\/#website\",\"url\":\"https:\/\/paragaleriedetalborjt.com\/\",\"name\":\"paragaleriedetalborjt\",\"description\":\"\",\"potentialAction\":[{\"@type\":\"SearchAction\",\"target\":{\"@type\":\"EntryPoint\",\"urlTemplate\":\"https:\/\/paragaleriedetalborjt.com\/?s={search_term_string}\"},\"query-input\":{\"@type\":\"PropertyValueSpecification\",\"valueRequired\":true,\"valueName\":\"search_term_string\"}}],\"inLanguage\":\"en-US\"}]}<\/script>\n<!-- \/ Yoast SEO plugin. -->","yoast_head_json":{"title":"Dermofuture \u00c9lixir hydratant contour yeux 10ml - paragaleriedetalborjt","robots":{"index":"index","follow":"follow","max-snippet":"max-snippet:-1","max-image-preview":"max-image-preview:large","max-video-preview":"max-video-preview:-1"},"canonical":"https:\/\/paragaleriedetalborjt.com\/en\/boutique\/dermofuture-elixir-hydratant-contour-yeux-10ml\/","og_locale":"en_US","og_type":"article","og_title":"Dermofuture \u00c9lixir hydratant contour yeux 10ml - paragaleriedetalborjt","og_description":"Highlights:\u2022 RAFFERMIT\u00a0: renforce la fermet\u00e9 de la peau.\u2022 R\u00c9G\u00c9N\u00c8RE\u00a0: l\u2019activit\u00e9 cellulaire est relanc\u00e9e tout au long de la nuit.\u2022 LISSE les rides install\u00e9es gr\u00e2ce \u00e0 l\u2019Ascofilline\u2122 et \u00e0 l\u2019Acide Hyaluronique.","og_url":"https:\/\/paragaleriedetalborjt.com\/en\/boutique\/dermofuture-elixir-hydratant-contour-yeux-10ml\/","og_site_name":"paragaleriedetalborjt","og_image":[{"width":595,"height":656,"url":"https:\/\/paragaleriedetalborjt.com\/wp-content\/uploads\/2026\/01\/dermofuture-elixir-serum-yeux-lifting-anti-rides-10-ml.jpg","type":"image\/jpeg"}],"twitter_card":"summary_large_image","twitter_misc":{"Est. reading time":"2 minutes"},"schema":{"@context":"https:\/\/schema.org","@graph":[{"@type":"WebPage","@id":"https:\/\/paragaleriedetalborjt.com\/boutique\/dermofuture-elixir-hydratant-contour-yeux-10ml\/","url":"https:\/\/paragaleriedetalborjt.com\/boutique\/dermofuture-elixir-hydratant-contour-yeux-10ml\/","name":"Dermofuture \u00c9lixir hydratant contour yeux 10ml - paragaleriedetalborjt","isPartOf":{"@id":"https:\/\/paragaleriedetalborjt.com\/#website"},"primaryImageOfPage":{"@id":"https:\/\/paragaleriedetalborjt.com\/boutique\/dermofuture-elixir-hydratant-contour-yeux-10ml\/#primaryimage"},"image":{"@id":"https:\/\/paragaleriedetalborjt.com\/boutique\/dermofuture-elixir-hydratant-contour-yeux-10ml\/#primaryimage"},"thumbnailUrl":"https:\/\/paragaleriedetalborjt.com\/wp-content\/uploads\/2026\/01\/dermofuture-elixir-serum-yeux-lifting-anti-rides-10-ml.jpg","datePublished":"2026-01-03T20:13:42+00:00","breadcrumb":{"@id":"https:\/\/paragaleriedetalborjt.com\/boutique\/dermofuture-elixir-hydratant-contour-yeux-10ml\/#breadcrumb"},"inLanguage":"en-US","potentialAction":[{"@type":"ReadAction","target":["https:\/\/paragaleriedetalborjt.com\/boutique\/dermofuture-elixir-hydratant-contour-yeux-10ml\/"]}]},{"@type":"ImageObject","inLanguage":"en-US","@id":"https:\/\/paragaleriedetalborjt.com\/boutique\/dermofuture-elixir-hydratant-contour-yeux-10ml\/#primaryimage","url":"https:\/\/paragaleriedetalborjt.com\/wp-content\/uploads\/2026\/01\/dermofuture-elixir-serum-yeux-lifting-anti-rides-10-ml.jpg","contentUrl":"https:\/\/paragaleriedetalborjt.com\/wp-content\/uploads\/2026\/01\/dermofuture-elixir-serum-yeux-lifting-anti-rides-10-ml.jpg","width":595,"height":656},{"@type":"BreadcrumbList","@id":"https:\/\/paragaleriedetalborjt.com\/boutique\/dermofuture-elixir-hydratant-contour-yeux-10ml\/#breadcrumb","itemListElement":[{"@type":"ListItem","position":1,"name":"Accueil","item":"https:\/\/paragaleriedetalborjt.com\/"},{"@type":"ListItem","position":2,"name":"Boutique","item":"https:\/\/paragaleriedetalborjt.com\/boutique\/"},{"@type":"ListItem","position":3,"name":"Dermofuture \u00c9lixir hydratant contour yeux 10ml"}]},{"@type":"WebSite","@id":"https:\/\/paragaleriedetalborjt.com\/#website","url":"https:\/\/paragaleriedetalborjt.com\/","name":"paragaleriedetalborjt","description":"","potentialAction":[{"@type":"SearchAction","target":{"@type":"EntryPoint","urlTemplate":"https:\/\/paragaleriedetalborjt.com\/?s={search_term_string}"},"query-input":{"@type":"PropertyValueSpecification","valueRequired":true,"valueName":"search_term_string"}}],"inLanguage":"en-US"}]}},"brands":[{"id":2032,"name":"DERMOFUTURE","slug":"dermofuture"}],"_links":{"self":[{"href":"https:\/\/paragaleriedetalborjt.com\/en\/wp-json\/wp\/v2\/product\/41961","targetHints":{"allow":["GET"]}}],"collection":[{"href":"https:\/\/paragaleriedetalborjt.com\/en\/wp-json\/wp\/v2\/product"}],"about":[{"href":"https:\/\/paragaleriedetalborjt.com\/en\/wp-json\/wp\/v2\/types\/product"}],"replies":[{"embeddable":true,"href":"https:\/\/paragaleriedetalborjt.com\/en\/wp-json\/wp\/v2\/comments?post=41961"}],"version-history":[{"count":1,"href":"https:\/\/paragaleriedetalborjt.com\/en\/wp-json\/wp\/v2\/product\/41961\/revisions"}],"predecessor-version":[{"id":41963,"href":"https:\/\/paragaleriedetalborjt.com\/en\/wp-json\/wp\/v2\/product\/41961\/revisions\/41963"}],"wp:featuredmedia":[{"embeddable":true,"href":"https:\/\/paragaleriedetalborjt.com\/en\/wp-json\/wp\/v2\/media\/41962"}],"wp:attachment":[{"href":"https:\/\/paragaleriedetalborjt.com\/en\/wp-json\/wp\/v2\/media?parent=41961"}],"wp:term":[{"taxonomy":"pwb-brand","embeddable":true,"href":"https:\/\/paragaleriedetalborjt.com\/en\/wp-json\/wp\/v2\/pwb-brand?post=41961"},{"taxonomy":"product_cat","embeddable":true,"href":"https:\/\/paragaleriedetalborjt.com\/en\/wp-json\/wp\/v2\/product_cat?post=41961"},{"taxonomy":"product_tag","embeddable":true,"href":"https:\/\/paragaleriedetalborjt.com\/en\/wp-json\/wp\/v2\/product_tag?post=41961"}],"curies":[{"name":"wp","href":"https:\/\/api.w.org\/{rel}","templated":true}]}}