{"id":41943,"date":"2026-01-03T21:13:07","date_gmt":"2026-01-03T20:13:07","guid":{"rendered":"https:\/\/paragaleriedetalborjt.com\/?post_type=product&#038;p=41943"},"modified":"2026-01-03T21:13:07","modified_gmt":"2026-01-03T20:13:07","slug":"novexpert-huile-demaquillante-aux-5-omegas-150ml","status":"publish","type":"product","link":"https:\/\/paragaleriedetalborjt.com\/en\/boutique\/novexpert-huile-demaquillante-aux-5-omegas-150ml\/","title":{"rendered":"NOVEXPERT Huile D\u00e9maquillante aux 5 Om\u00e9gas 150ml"},"content":{"rendered":"<div aria-labelledby=\"tab-title-description\" class=\"woocommerce-Tabs-panel woocommerce-Tabs-panel--description panel entry-content wc-tab\" id=\"tab-description\" role=\"tabpanel\" style=\"\">\n<h2>Description<\/h2>\n<p class=\"product__description rte\">L\u2019\u00e9quation singuli\u00e8re d\u2019un soin qui en fait<strong>\u00a0plus :<\/strong>\u00a0d\u00e9maquillant, nettoyant, anti-pollution, hydratant et lissant. Pour que vous en fassiez\u00a0<strong>moins\u00a0<\/strong>en un seul geste gr\u00e2ce \u00e0 sa lingette offerte!<\/p>\n<div class=\"content-infos-plus\">\n<div class=\"product__informations\">\n<p>Les Laboratoires Novexpert vous proposent un nouveau rituel simple et rapide : l\u2019Huile D\u00e9maquillante aux 5 Om\u00e9gas et sa lingette offerte*. Un\u00a0<strong>seul geste<\/strong>,\u00a0<strong>4 actions<\/strong>.<\/p>\n<p>1 \/\u00a0<strong>D\u00e9maquille &amp; nettoie<\/strong>\u00a0: l\u2019Huile D\u00e9maquillante aux 5 Om\u00e9gas dissout tous types de maquillage (longue tenue, waterproof\u2026) sur le visage, les yeux &amp; les l\u00e8vres. En une seule action, 98% des polluants sont effac\u00e9s **!<\/p>\n<p>2 \/\u00a0<strong>Soin lissant &amp; hydratant<\/strong>\u00a0: 8 heures apr\u00e8s votre d\u00e9maquillage, votre peau profite encore des bienfaits des 5 om\u00e9gas avec une hydratation longue dur\u00e9e :  29% sur 4 heures \/  16% sur 8 heures***.<\/p>\n<p class=\"h2\"><strong>  ACTIFS<\/strong><\/p>\n<div class=\"formula__block-body\">\n<ul>\n<li class=\"formula__element\"><strong>CAMELINA SATIVA SEED OIL :<\/strong>Huile de Cam\u00e9line riche en Vitamine E   Om\u00e9gas 3, 6, 9)<\/li>\n<li class=\"formula__element\"><strong>HIPPOPHAE RHAMNOIDES OIL : <\/strong>Huile d\u2019Argousier riche en Vitamine A, C, E   Om\u00e9gas 3, 6, 7, 9<\/li>\n<li class=\"formula__element\"><strong>PLUKENETIA VOLUBILIS SEED OIL : <\/strong>Huile de Sacha Inchi riche en Vitamine E   Om\u00e9gas 3, 6, 9<\/li>\n<li class=\"formula__element\"><strong>POLYGLYCERYL-4 OLEATE : <\/strong>Agent Nettoyant (Olive et Colza)<\/li>\n<li class=\"formula__element\"><strong>PUNICA GRANATUM SEED OIL : <\/strong>Huile de Grenade riche en Vitamine E   Om\u00e9gas 3, 5, 6, 9<\/li>\n<li class=\"formula__element\"><strong>SCLEROCARYA BIRREA SEED OIL : <\/strong>Huile de Marula riche en Vitamine C   Om\u00e9gas 3, 6, 7, 9<\/li>\n<li class=\"formula__element\"><strong>SESAMUM INDICUM (SESAME) SEED OIL : <\/strong>Huile de S\u00e9same riche en Vitamine E   Om\u00e9gas 3, 6, 9<\/li>\n<li class=\"formula__element\"><strong>SIMMONDSIA CHINENSIS (JOJOBA) SEED OIL :<\/strong>Huile de Jojoba riche en Om\u00e9gas 7, 9<\/li>\n<li class=\"formula__element\"><strong>TOCOPHEROL : <\/strong>Vitamine E Anti-Radicalaire (Soja)<\/li>\n<li class=\"formula__element\"><strong>HELIANTHUS ANNUUS (SUNFLOWER) SEED OIL : <\/strong>Huile de Tournesol riche en Om\u00e9gas 6, 9<\/li>\n<li class=\"formula__element\"><strong>MAURITIA FLEXUOSA FRUIT OIL : <\/strong>Huile de Buriti<\/li>\n<\/ul>\n<div class=\"grid__cell 1\/2--lap-and-up\">\n<p class=\"product__usage-title --color --border\"><strong>CONSEILS D\u2019UTILISATION :<\/strong><\/p>\n<div class=\"rte\">\n<p><strong>Au quotidien:\u00a0<\/strong>appliquer quelques gouttes d\u2019Huile D\u00e9maquillante aux 5 Om\u00e9gas sur une face de la lingette pr\u00e9alablement humidifi\u00e9e. Retirer le maquillage sur l\u2019ensemble du visage puis terminer par les yeux. Avec l\u2019autre face de la lingette, enlever l\u2019exc\u00e9dent.<\/p>\n<\/div>\n<\/div>\n<\/div>\n<\/div>\n<\/div>\n<\/div>","protected":false},"excerpt":{"rendered":"<p>Highlights:Rituel beaut\u00e9 d\u2019une minute pour huit heures de bienfaits.<\/p>","protected":false},"featured_media":41944,"comment_status":"open","ping_status":"closed","template":"","meta":[],"pwb-brand":[1593],"product_cat":[16],"product_tag":[],"class_list":{"0":"post-41943","1":"product","2":"type-product","3":"status-publish","4":"has-post-thumbnail","6":"pwb-brand-novexpert","7":"product_cat-non-classe","8":"pa_brands-novexpert","10":"first","11":"instock","12":"sale","13":"shipping-taxable","14":"purchasable","15":"product-type-simple"},"yoast_head":"<!-- This site is optimized with the Yoast SEO plugin v27.5 - https:\/\/yoast.com\/product\/yoast-seo-wordpress\/ -->\n<title>NOVEXPERT Huile D\u00e9maquillante aux 5 Om\u00e9gas 150ml - paragaleriedetalborjt<\/title>\n<meta name=\"robots\" content=\"index, follow, max-snippet:-1, max-image-preview:large, max-video-preview:-1\" \/>\n<link rel=\"canonical\" href=\"https:\/\/paragaleriedetalborjt.com\/en\/boutique\/novexpert-huile-demaquillante-aux-5-omegas-150ml\/\" \/>\n<meta property=\"og:locale\" content=\"en_US\" \/>\n<meta property=\"og:type\" content=\"article\" \/>\n<meta property=\"og:title\" content=\"NOVEXPERT Huile D\u00e9maquillante aux 5 Om\u00e9gas 150ml - paragaleriedetalborjt\" \/>\n<meta property=\"og:description\" content=\"Highlights:Rituel beaut\u00e9 d\u2019une minute pour huit heures de bienfaits.\" \/>\n<meta property=\"og:url\" content=\"https:\/\/paragaleriedetalborjt.com\/en\/boutique\/novexpert-huile-demaquillante-aux-5-omegas-150ml\/\" \/>\n<meta property=\"og:site_name\" content=\"paragaleriedetalborjt\" \/>\n<meta property=\"og:image\" content=\"https:\/\/paragaleriedetalborjt.com\/wp-content\/uploads\/2026\/01\/Novexpert-huile-demaquillante-aux-5-omegas-150ml.jpg\" \/>\n\t<meta property=\"og:image:width\" content=\"595\" \/>\n\t<meta property=\"og:image:height\" content=\"655\" \/>\n\t<meta property=\"og:image:type\" content=\"image\/jpeg\" \/>\n<meta name=\"twitter:card\" content=\"summary_large_image\" \/>\n<meta name=\"twitter:label1\" content=\"Est. reading time\" \/>\n\t<meta name=\"twitter:data1\" content=\"2 minutes\" \/>\n<script type=\"application\/ld+json\" class=\"yoast-schema-graph\">{\"@context\":\"https:\\\/\\\/schema.org\",\"@graph\":[{\"@type\":\"WebPage\",\"@id\":\"https:\\\/\\\/paragaleriedetalborjt.com\\\/boutique\\\/novexpert-huile-demaquillante-aux-5-omegas-150ml\\\/\",\"url\":\"https:\\\/\\\/paragaleriedetalborjt.com\\\/boutique\\\/novexpert-huile-demaquillante-aux-5-omegas-150ml\\\/\",\"name\":\"NOVEXPERT Huile D\u00e9maquillante aux 5 Om\u00e9gas 150ml - paragaleriedetalborjt\",\"isPartOf\":{\"@id\":\"https:\\\/\\\/paragaleriedetalborjt.com\\\/#website\"},\"primaryImageOfPage\":{\"@id\":\"https:\\\/\\\/paragaleriedetalborjt.com\\\/boutique\\\/novexpert-huile-demaquillante-aux-5-omegas-150ml\\\/#primaryimage\"},\"image\":{\"@id\":\"https:\\\/\\\/paragaleriedetalborjt.com\\\/boutique\\\/novexpert-huile-demaquillante-aux-5-omegas-150ml\\\/#primaryimage\"},\"thumbnailUrl\":\"https:\\\/\\\/paragaleriedetalborjt.com\\\/wp-content\\\/uploads\\\/2026\\\/01\\\/Novexpert-huile-demaquillante-aux-5-omegas-150ml.jpg\",\"datePublished\":\"2026-01-03T20:13:07+00:00\",\"breadcrumb\":{\"@id\":\"https:\\\/\\\/paragaleriedetalborjt.com\\\/boutique\\\/novexpert-huile-demaquillante-aux-5-omegas-150ml\\\/#breadcrumb\"},\"inLanguage\":\"en-US\",\"potentialAction\":[{\"@type\":\"ReadAction\",\"target\":[\"https:\\\/\\\/paragaleriedetalborjt.com\\\/boutique\\\/novexpert-huile-demaquillante-aux-5-omegas-150ml\\\/\"]}]},{\"@type\":\"ImageObject\",\"inLanguage\":\"en-US\",\"@id\":\"https:\\\/\\\/paragaleriedetalborjt.com\\\/boutique\\\/novexpert-huile-demaquillante-aux-5-omegas-150ml\\\/#primaryimage\",\"url\":\"https:\\\/\\\/paragaleriedetalborjt.com\\\/wp-content\\\/uploads\\\/2026\\\/01\\\/Novexpert-huile-demaquillante-aux-5-omegas-150ml.jpg\",\"contentUrl\":\"https:\\\/\\\/paragaleriedetalborjt.com\\\/wp-content\\\/uploads\\\/2026\\\/01\\\/Novexpert-huile-demaquillante-aux-5-omegas-150ml.jpg\",\"width\":595,\"height\":655},{\"@type\":\"BreadcrumbList\",\"@id\":\"https:\\\/\\\/paragaleriedetalborjt.com\\\/boutique\\\/novexpert-huile-demaquillante-aux-5-omegas-150ml\\\/#breadcrumb\",\"itemListElement\":[{\"@type\":\"ListItem\",\"position\":1,\"name\":\"Accueil\",\"item\":\"https:\\\/\\\/paragaleriedetalborjt.com\\\/\"},{\"@type\":\"ListItem\",\"position\":2,\"name\":\"Boutique\",\"item\":\"https:\\\/\\\/paragaleriedetalborjt.com\\\/boutique\\\/\"},{\"@type\":\"ListItem\",\"position\":3,\"name\":\"NOVEXPERT Huile D\u00e9maquillante aux 5 Om\u00e9gas 150ml\"}]},{\"@type\":\"WebSite\",\"@id\":\"https:\\\/\\\/paragaleriedetalborjt.com\\\/#website\",\"url\":\"https:\\\/\\\/paragaleriedetalborjt.com\\\/\",\"name\":\"paragaleriedetalborjt\",\"description\":\"\",\"potentialAction\":[{\"@type\":\"SearchAction\",\"target\":{\"@type\":\"EntryPoint\",\"urlTemplate\":\"https:\\\/\\\/paragaleriedetalborjt.com\\\/?s={search_term_string}\"},\"query-input\":{\"@type\":\"PropertyValueSpecification\",\"valueRequired\":true,\"valueName\":\"search_term_string\"}}],\"inLanguage\":\"en-US\"}]}<\/script>\n<!-- \/ Yoast SEO plugin. -->","yoast_head_json":{"title":"NOVEXPERT Huile D\u00e9maquillante aux 5 Om\u00e9gas 150ml - paragaleriedetalborjt","robots":{"index":"index","follow":"follow","max-snippet":"max-snippet:-1","max-image-preview":"max-image-preview:large","max-video-preview":"max-video-preview:-1"},"canonical":"https:\/\/paragaleriedetalborjt.com\/en\/boutique\/novexpert-huile-demaquillante-aux-5-omegas-150ml\/","og_locale":"en_US","og_type":"article","og_title":"NOVEXPERT Huile D\u00e9maquillante aux 5 Om\u00e9gas 150ml - paragaleriedetalborjt","og_description":"Highlights:Rituel beaut\u00e9 d\u2019une minute pour huit heures de bienfaits.","og_url":"https:\/\/paragaleriedetalborjt.com\/en\/boutique\/novexpert-huile-demaquillante-aux-5-omegas-150ml\/","og_site_name":"paragaleriedetalborjt","og_image":[{"width":595,"height":655,"url":"https:\/\/paragaleriedetalborjt.com\/wp-content\/uploads\/2026\/01\/Novexpert-huile-demaquillante-aux-5-omegas-150ml.jpg","type":"image\/jpeg"}],"twitter_card":"summary_large_image","twitter_misc":{"Est. reading time":"2 minutes"},"schema":{"@context":"https:\/\/schema.org","@graph":[{"@type":"WebPage","@id":"https:\/\/paragaleriedetalborjt.com\/boutique\/novexpert-huile-demaquillante-aux-5-omegas-150ml\/","url":"https:\/\/paragaleriedetalborjt.com\/boutique\/novexpert-huile-demaquillante-aux-5-omegas-150ml\/","name":"NOVEXPERT Huile D\u00e9maquillante aux 5 Om\u00e9gas 150ml - paragaleriedetalborjt","isPartOf":{"@id":"https:\/\/paragaleriedetalborjt.com\/#website"},"primaryImageOfPage":{"@id":"https:\/\/paragaleriedetalborjt.com\/boutique\/novexpert-huile-demaquillante-aux-5-omegas-150ml\/#primaryimage"},"image":{"@id":"https:\/\/paragaleriedetalborjt.com\/boutique\/novexpert-huile-demaquillante-aux-5-omegas-150ml\/#primaryimage"},"thumbnailUrl":"https:\/\/paragaleriedetalborjt.com\/wp-content\/uploads\/2026\/01\/Novexpert-huile-demaquillante-aux-5-omegas-150ml.jpg","datePublished":"2026-01-03T20:13:07+00:00","breadcrumb":{"@id":"https:\/\/paragaleriedetalborjt.com\/boutique\/novexpert-huile-demaquillante-aux-5-omegas-150ml\/#breadcrumb"},"inLanguage":"en-US","potentialAction":[{"@type":"ReadAction","target":["https:\/\/paragaleriedetalborjt.com\/boutique\/novexpert-huile-demaquillante-aux-5-omegas-150ml\/"]}]},{"@type":"ImageObject","inLanguage":"en-US","@id":"https:\/\/paragaleriedetalborjt.com\/boutique\/novexpert-huile-demaquillante-aux-5-omegas-150ml\/#primaryimage","url":"https:\/\/paragaleriedetalborjt.com\/wp-content\/uploads\/2026\/01\/Novexpert-huile-demaquillante-aux-5-omegas-150ml.jpg","contentUrl":"https:\/\/paragaleriedetalborjt.com\/wp-content\/uploads\/2026\/01\/Novexpert-huile-demaquillante-aux-5-omegas-150ml.jpg","width":595,"height":655},{"@type":"BreadcrumbList","@id":"https:\/\/paragaleriedetalborjt.com\/boutique\/novexpert-huile-demaquillante-aux-5-omegas-150ml\/#breadcrumb","itemListElement":[{"@type":"ListItem","position":1,"name":"Accueil","item":"https:\/\/paragaleriedetalborjt.com\/"},{"@type":"ListItem","position":2,"name":"Boutique","item":"https:\/\/paragaleriedetalborjt.com\/boutique\/"},{"@type":"ListItem","position":3,"name":"NOVEXPERT Huile D\u00e9maquillante aux 5 Om\u00e9gas 150ml"}]},{"@type":"WebSite","@id":"https:\/\/paragaleriedetalborjt.com\/#website","url":"https:\/\/paragaleriedetalborjt.com\/","name":"paragaleriedetalborjt","description":"","potentialAction":[{"@type":"SearchAction","target":{"@type":"EntryPoint","urlTemplate":"https:\/\/paragaleriedetalborjt.com\/?s={search_term_string}"},"query-input":{"@type":"PropertyValueSpecification","valueRequired":true,"valueName":"search_term_string"}}],"inLanguage":"en-US"}]}},"brands":[{"id":1593,"name":"NOVEXPERT","slug":"novexpert"}],"_links":{"self":[{"href":"https:\/\/paragaleriedetalborjt.com\/en\/wp-json\/wp\/v2\/product\/41943","targetHints":{"allow":["GET"]}}],"collection":[{"href":"https:\/\/paragaleriedetalborjt.com\/en\/wp-json\/wp\/v2\/product"}],"about":[{"href":"https:\/\/paragaleriedetalborjt.com\/en\/wp-json\/wp\/v2\/types\/product"}],"replies":[{"embeddable":true,"href":"https:\/\/paragaleriedetalborjt.com\/en\/wp-json\/wp\/v2\/comments?post=41943"}],"version-history":[{"count":1,"href":"https:\/\/paragaleriedetalborjt.com\/en\/wp-json\/wp\/v2\/product\/41943\/revisions"}],"predecessor-version":[{"id":41945,"href":"https:\/\/paragaleriedetalborjt.com\/en\/wp-json\/wp\/v2\/product\/41943\/revisions\/41945"}],"wp:featuredmedia":[{"embeddable":true,"href":"https:\/\/paragaleriedetalborjt.com\/en\/wp-json\/wp\/v2\/media\/41944"}],"wp:attachment":[{"href":"https:\/\/paragaleriedetalborjt.com\/en\/wp-json\/wp\/v2\/media?parent=41943"}],"wp:term":[{"taxonomy":"pwb-brand","embeddable":true,"href":"https:\/\/paragaleriedetalborjt.com\/en\/wp-json\/wp\/v2\/pwb-brand?post=41943"},{"taxonomy":"product_cat","embeddable":true,"href":"https:\/\/paragaleriedetalborjt.com\/en\/wp-json\/wp\/v2\/product_cat?post=41943"},{"taxonomy":"product_tag","embeddable":true,"href":"https:\/\/paragaleriedetalborjt.com\/en\/wp-json\/wp\/v2\/product_tag?post=41943"}],"curies":[{"name":"wp","href":"https:\/\/api.w.org\/{rel}","templated":true}]}}