{"id":41842,"date":"2026-01-03T21:09:25","date_gmt":"2026-01-03T20:09:25","guid":{"rendered":"https:\/\/paragaleriedetalborjt.com\/?post_type=product&#038;p=41842"},"modified":"2026-01-03T21:09:25","modified_gmt":"2026-01-03T20:09:25","slug":"rilastil-duo-pack-d-clar-creme-depigmentant-30mlsun-system-water","status":"publish","type":"product","link":"https:\/\/paragaleriedetalborjt.com\/en\/boutique\/rilastil-duo-pack-d-clar-creme-depigmentant-30mlsun-system-water\/","title":{"rendered":"Rilastil Duo Pack D-Clar Creme Depigmentant 30ml+Sun System Water"},"content":{"rendered":"","protected":false},"excerpt":{"rendered":"<p>Highlights:R\u00e9pare, apaise et hydrate intens\u00e9ment les mains s\u00e8ches \u00e0 tr\u00e8s s\u00e8ches.\u2022 Besoin :Hydrater | Nourrir | R\u00e9parer | Mains tr\u00e8s s\u00e8ches et ab\u00eem\u00e9es.\u2022 Ingr\u00e9dients Cl\u00e9s :C\u00e9ramides (1, 3 et 6-II) pour prot\u00e9ger et nourrir | Acide Hyaluronique pour maintenir la peau hydrat\u00e9e | Niacinamide pour apaiser la peau.\u2022S\u00e9curit\u00e9 :Sans Parfum | Hypoallerg\u00e9nique | Non-Com\u00e9dog\u00e8ne.\u2022 Utilisation :Appliquer g\u00e9n\u00e9reusement. Mains.<\/p>","protected":false},"featured_media":41843,"comment_status":"open","ping_status":"closed","template":"","meta":[],"pwb-brand":[2014],"product_cat":[16],"product_tag":[],"class_list":{"0":"post-41842","1":"product","2":"type-product","3":"status-publish","4":"has-post-thumbnail","6":"pwb-brand-rilastil","7":"product_cat-non-classe","8":"pa_brands-rilastil","10":"first","11":"instock","12":"sale","13":"shipping-taxable","14":"purchasable","15":"product-type-simple"},"yoast_head":"<!-- This site is optimized with the Yoast SEO plugin v27.5 - https:\/\/yoast.com\/product\/yoast-seo-wordpress\/ -->\n<title>Rilastil Duo Pack D-Clar Creme Depigmentant 30ml+Sun System Water - paragaleriedetalborjt<\/title>\n<meta name=\"robots\" content=\"index, follow, max-snippet:-1, max-image-preview:large, max-video-preview:-1\" \/>\n<link rel=\"canonical\" href=\"https:\/\/paragaleriedetalborjt.com\/en\/boutique\/rilastil-duo-pack-d-clar-creme-depigmentant-30mlsun-system-water\/\" \/>\n<meta property=\"og:locale\" content=\"en_US\" \/>\n<meta property=\"og:type\" content=\"article\" \/>\n<meta property=\"og:title\" content=\"Rilastil Duo Pack D-Clar Creme Depigmentant 30ml+Sun System Water - paragaleriedetalborjt\" \/>\n<meta property=\"og:description\" content=\"Highlights:R\u00e9pare, apaise et hydrate intens\u00e9ment les mains s\u00e8ches \u00e0 tr\u00e8s s\u00e8ches.\u2022 Besoin :Hydrater | Nourrir | R\u00e9parer | Mains tr\u00e8s s\u00e8ches et ab\u00eem\u00e9es.\u2022 Ingr\u00e9dients Cl\u00e9s :C\u00e9ramides (1, 3 et 6-II) pour prot\u00e9ger et nourrir | Acide Hyaluronique pour maintenir la peau hydrat\u00e9e | Niacinamide pour apaiser la peau.\u2022S\u00e9curit\u00e9 :Sans Parfum | Hypoallerg\u00e9nique | Non-Com\u00e9dog\u00e8ne.\u2022 Utilisation :Appliquer g\u00e9n\u00e9reusement. Mains.\" \/>\n<meta property=\"og:url\" content=\"https:\/\/paragaleriedetalborjt.com\/en\/boutique\/rilastil-duo-pack-d-clar-creme-depigmentant-30mlsun-system-water\/\" \/>\n<meta property=\"og:site_name\" content=\"paragaleriedetalborjt\" \/>\n<meta property=\"og:image\" content=\"https:\/\/paragaleriedetalborjt.com\/wp-content\/uploads\/2026\/01\/Rilastil-Duo-pack-D-clar-cr-depigmentant-30mlSun-system-water-600x600-1.jpg\" \/>\n\t<meta property=\"og:image:width\" content=\"600\" \/>\n\t<meta property=\"og:image:height\" content=\"600\" \/>\n\t<meta property=\"og:image:type\" content=\"image\/jpeg\" \/>\n<meta name=\"twitter:card\" content=\"summary_large_image\" \/>\n<script type=\"application\/ld+json\" class=\"yoast-schema-graph\">{\"@context\":\"https:\\\/\\\/schema.org\",\"@graph\":[{\"@type\":\"WebPage\",\"@id\":\"https:\\\/\\\/paragaleriedetalborjt.com\\\/boutique\\\/rilastil-duo-pack-d-clar-creme-depigmentant-30mlsun-system-water\\\/\",\"url\":\"https:\\\/\\\/paragaleriedetalborjt.com\\\/boutique\\\/rilastil-duo-pack-d-clar-creme-depigmentant-30mlsun-system-water\\\/\",\"name\":\"Rilastil Duo Pack D-Clar Creme Depigmentant 30ml+Sun System Water - paragaleriedetalborjt\",\"isPartOf\":{\"@id\":\"https:\\\/\\\/paragaleriedetalborjt.com\\\/#website\"},\"primaryImageOfPage\":{\"@id\":\"https:\\\/\\\/paragaleriedetalborjt.com\\\/boutique\\\/rilastil-duo-pack-d-clar-creme-depigmentant-30mlsun-system-water\\\/#primaryimage\"},\"image\":{\"@id\":\"https:\\\/\\\/paragaleriedetalborjt.com\\\/boutique\\\/rilastil-duo-pack-d-clar-creme-depigmentant-30mlsun-system-water\\\/#primaryimage\"},\"thumbnailUrl\":\"https:\\\/\\\/paragaleriedetalborjt.com\\\/wp-content\\\/uploads\\\/2026\\\/01\\\/Rilastil-Duo-pack-D-clar-cr-depigmentant-30mlSun-system-water-600x600-1.jpg\",\"datePublished\":\"2026-01-03T20:09:25+00:00\",\"breadcrumb\":{\"@id\":\"https:\\\/\\\/paragaleriedetalborjt.com\\\/boutique\\\/rilastil-duo-pack-d-clar-creme-depigmentant-30mlsun-system-water\\\/#breadcrumb\"},\"inLanguage\":\"en-US\",\"potentialAction\":[{\"@type\":\"ReadAction\",\"target\":[\"https:\\\/\\\/paragaleriedetalborjt.com\\\/boutique\\\/rilastil-duo-pack-d-clar-creme-depigmentant-30mlsun-system-water\\\/\"]}]},{\"@type\":\"ImageObject\",\"inLanguage\":\"en-US\",\"@id\":\"https:\\\/\\\/paragaleriedetalborjt.com\\\/boutique\\\/rilastil-duo-pack-d-clar-creme-depigmentant-30mlsun-system-water\\\/#primaryimage\",\"url\":\"https:\\\/\\\/paragaleriedetalborjt.com\\\/wp-content\\\/uploads\\\/2026\\\/01\\\/Rilastil-Duo-pack-D-clar-cr-depigmentant-30mlSun-system-water-600x600-1.jpg\",\"contentUrl\":\"https:\\\/\\\/paragaleriedetalborjt.com\\\/wp-content\\\/uploads\\\/2026\\\/01\\\/Rilastil-Duo-pack-D-clar-cr-depigmentant-30mlSun-system-water-600x600-1.jpg\",\"width\":600,\"height\":600},{\"@type\":\"BreadcrumbList\",\"@id\":\"https:\\\/\\\/paragaleriedetalborjt.com\\\/boutique\\\/rilastil-duo-pack-d-clar-creme-depigmentant-30mlsun-system-water\\\/#breadcrumb\",\"itemListElement\":[{\"@type\":\"ListItem\",\"position\":1,\"name\":\"Accueil\",\"item\":\"https:\\\/\\\/paragaleriedetalborjt.com\\\/\"},{\"@type\":\"ListItem\",\"position\":2,\"name\":\"Boutique\",\"item\":\"https:\\\/\\\/paragaleriedetalborjt.com\\\/boutique\\\/\"},{\"@type\":\"ListItem\",\"position\":3,\"name\":\"Rilastil Duo Pack D-Clar Creme Depigmentant 30ml+Sun System Water\"}]},{\"@type\":\"WebSite\",\"@id\":\"https:\\\/\\\/paragaleriedetalborjt.com\\\/#website\",\"url\":\"https:\\\/\\\/paragaleriedetalborjt.com\\\/\",\"name\":\"paragaleriedetalborjt\",\"description\":\"\",\"potentialAction\":[{\"@type\":\"SearchAction\",\"target\":{\"@type\":\"EntryPoint\",\"urlTemplate\":\"https:\\\/\\\/paragaleriedetalborjt.com\\\/?s={search_term_string}\"},\"query-input\":{\"@type\":\"PropertyValueSpecification\",\"valueRequired\":true,\"valueName\":\"search_term_string\"}}],\"inLanguage\":\"en-US\"}]}<\/script>\n<!-- \/ Yoast SEO plugin. -->","yoast_head_json":{"title":"Rilastil Duo Pack D-Clar Creme Depigmentant 30ml+Sun System Water - paragaleriedetalborjt","robots":{"index":"index","follow":"follow","max-snippet":"max-snippet:-1","max-image-preview":"max-image-preview:large","max-video-preview":"max-video-preview:-1"},"canonical":"https:\/\/paragaleriedetalborjt.com\/en\/boutique\/rilastil-duo-pack-d-clar-creme-depigmentant-30mlsun-system-water\/","og_locale":"en_US","og_type":"article","og_title":"Rilastil Duo Pack D-Clar Creme Depigmentant 30ml+Sun System Water - paragaleriedetalborjt","og_description":"Highlights:R\u00e9pare, apaise et hydrate intens\u00e9ment les mains s\u00e8ches \u00e0 tr\u00e8s s\u00e8ches.\u2022 Besoin :Hydrater | Nourrir | R\u00e9parer | Mains tr\u00e8s s\u00e8ches et ab\u00eem\u00e9es.\u2022 Ingr\u00e9dients Cl\u00e9s :C\u00e9ramides (1, 3 et 6-II) pour prot\u00e9ger et nourrir | Acide Hyaluronique pour maintenir la peau hydrat\u00e9e | Niacinamide pour apaiser la peau.\u2022S\u00e9curit\u00e9 :Sans Parfum | Hypoallerg\u00e9nique | Non-Com\u00e9dog\u00e8ne.\u2022 Utilisation :Appliquer g\u00e9n\u00e9reusement. Mains.","og_url":"https:\/\/paragaleriedetalborjt.com\/en\/boutique\/rilastil-duo-pack-d-clar-creme-depigmentant-30mlsun-system-water\/","og_site_name":"paragaleriedetalborjt","og_image":[{"width":600,"height":600,"url":"https:\/\/paragaleriedetalborjt.com\/wp-content\/uploads\/2026\/01\/Rilastil-Duo-pack-D-clar-cr-depigmentant-30mlSun-system-water-600x600-1.jpg","type":"image\/jpeg"}],"twitter_card":"summary_large_image","schema":{"@context":"https:\/\/schema.org","@graph":[{"@type":"WebPage","@id":"https:\/\/paragaleriedetalborjt.com\/boutique\/rilastil-duo-pack-d-clar-creme-depigmentant-30mlsun-system-water\/","url":"https:\/\/paragaleriedetalborjt.com\/boutique\/rilastil-duo-pack-d-clar-creme-depigmentant-30mlsun-system-water\/","name":"Rilastil Duo Pack D-Clar Creme Depigmentant 30ml+Sun System Water - paragaleriedetalborjt","isPartOf":{"@id":"https:\/\/paragaleriedetalborjt.com\/#website"},"primaryImageOfPage":{"@id":"https:\/\/paragaleriedetalborjt.com\/boutique\/rilastil-duo-pack-d-clar-creme-depigmentant-30mlsun-system-water\/#primaryimage"},"image":{"@id":"https:\/\/paragaleriedetalborjt.com\/boutique\/rilastil-duo-pack-d-clar-creme-depigmentant-30mlsun-system-water\/#primaryimage"},"thumbnailUrl":"https:\/\/paragaleriedetalborjt.com\/wp-content\/uploads\/2026\/01\/Rilastil-Duo-pack-D-clar-cr-depigmentant-30mlSun-system-water-600x600-1.jpg","datePublished":"2026-01-03T20:09:25+00:00","breadcrumb":{"@id":"https:\/\/paragaleriedetalborjt.com\/boutique\/rilastil-duo-pack-d-clar-creme-depigmentant-30mlsun-system-water\/#breadcrumb"},"inLanguage":"en-US","potentialAction":[{"@type":"ReadAction","target":["https:\/\/paragaleriedetalborjt.com\/boutique\/rilastil-duo-pack-d-clar-creme-depigmentant-30mlsun-system-water\/"]}]},{"@type":"ImageObject","inLanguage":"en-US","@id":"https:\/\/paragaleriedetalborjt.com\/boutique\/rilastil-duo-pack-d-clar-creme-depigmentant-30mlsun-system-water\/#primaryimage","url":"https:\/\/paragaleriedetalborjt.com\/wp-content\/uploads\/2026\/01\/Rilastil-Duo-pack-D-clar-cr-depigmentant-30mlSun-system-water-600x600-1.jpg","contentUrl":"https:\/\/paragaleriedetalborjt.com\/wp-content\/uploads\/2026\/01\/Rilastil-Duo-pack-D-clar-cr-depigmentant-30mlSun-system-water-600x600-1.jpg","width":600,"height":600},{"@type":"BreadcrumbList","@id":"https:\/\/paragaleriedetalborjt.com\/boutique\/rilastil-duo-pack-d-clar-creme-depigmentant-30mlsun-system-water\/#breadcrumb","itemListElement":[{"@type":"ListItem","position":1,"name":"Accueil","item":"https:\/\/paragaleriedetalborjt.com\/"},{"@type":"ListItem","position":2,"name":"Boutique","item":"https:\/\/paragaleriedetalborjt.com\/boutique\/"},{"@type":"ListItem","position":3,"name":"Rilastil Duo Pack D-Clar Creme Depigmentant 30ml+Sun System Water"}]},{"@type":"WebSite","@id":"https:\/\/paragaleriedetalborjt.com\/#website","url":"https:\/\/paragaleriedetalborjt.com\/","name":"paragaleriedetalborjt","description":"","potentialAction":[{"@type":"SearchAction","target":{"@type":"EntryPoint","urlTemplate":"https:\/\/paragaleriedetalborjt.com\/?s={search_term_string}"},"query-input":{"@type":"PropertyValueSpecification","valueRequired":true,"valueName":"search_term_string"}}],"inLanguage":"en-US"}]}},"brands":[{"id":2014,"name":"RILASTIL","slug":"rilastil"}],"_links":{"self":[{"href":"https:\/\/paragaleriedetalborjt.com\/en\/wp-json\/wp\/v2\/product\/41842","targetHints":{"allow":["GET"]}}],"collection":[{"href":"https:\/\/paragaleriedetalborjt.com\/en\/wp-json\/wp\/v2\/product"}],"about":[{"href":"https:\/\/paragaleriedetalborjt.com\/en\/wp-json\/wp\/v2\/types\/product"}],"replies":[{"embeddable":true,"href":"https:\/\/paragaleriedetalborjt.com\/en\/wp-json\/wp\/v2\/comments?post=41842"}],"version-history":[{"count":1,"href":"https:\/\/paragaleriedetalborjt.com\/en\/wp-json\/wp\/v2\/product\/41842\/revisions"}],"predecessor-version":[{"id":41844,"href":"https:\/\/paragaleriedetalborjt.com\/en\/wp-json\/wp\/v2\/product\/41842\/revisions\/41844"}],"wp:featuredmedia":[{"embeddable":true,"href":"https:\/\/paragaleriedetalborjt.com\/en\/wp-json\/wp\/v2\/media\/41843"}],"wp:attachment":[{"href":"https:\/\/paragaleriedetalborjt.com\/en\/wp-json\/wp\/v2\/media?parent=41842"}],"wp:term":[{"taxonomy":"pwb-brand","embeddable":true,"href":"https:\/\/paragaleriedetalborjt.com\/en\/wp-json\/wp\/v2\/pwb-brand?post=41842"},{"taxonomy":"product_cat","embeddable":true,"href":"https:\/\/paragaleriedetalborjt.com\/en\/wp-json\/wp\/v2\/product_cat?post=41842"},{"taxonomy":"product_tag","embeddable":true,"href":"https:\/\/paragaleriedetalborjt.com\/en\/wp-json\/wp\/v2\/product_tag?post=41842"}],"curies":[{"name":"wp","href":"https:\/\/api.w.org\/{rel}","templated":true}]}}