{"id":41689,"date":"2026-01-03T21:03:42","date_gmt":"2026-01-03T20:03:42","guid":{"rendered":"https:\/\/paragaleriedetalborjt.com\/?post_type=product&#038;p=41689"},"modified":"2026-01-03T21:03:42","modified_gmt":"2026-01-03T20:03:42","slug":"pregnacare-30-comprimes-wellman-30-comprimes-pack","status":"publish","type":"product","link":"https:\/\/paragaleriedetalborjt.com\/en\/boutique\/pregnacare-30-comprimes-wellman-30-comprimes-pack\/","title":{"rendered":"Pregnacare 30 Comprimes +Wellman 30 Comprimes PACK"},"content":{"rendered":"","protected":false},"excerpt":{"rendered":"<p>Highlights:Ce produit est compos\u00e9\u00a0 de Fernblock\u00ae, le m\u00e9lange exclusif de White Tech Complex consiste \u00e0 contr\u00f4ler et bloquer l\u2019enzyme principale qui est responsable de la production de m\u00e9lanine.<\/p>","protected":false},"featured_media":41690,"comment_status":"open","ping_status":"closed","template":"","meta":[],"pwb-brand":[1612],"product_cat":[16],"product_tag":[],"class_list":{"0":"post-41689","1":"product","2":"type-product","3":"status-publish","4":"has-post-thumbnail","6":"pwb-brand-vitabiotics","7":"product_cat-non-classe","8":"pa_brands-vitabiotics","10":"first","11":"instock","12":"sale","13":"shipping-taxable","14":"purchasable","15":"product-type-simple"},"yoast_head":"<!-- This site is optimized with the Yoast SEO plugin v26.9 - https:\/\/yoast.com\/product\/yoast-seo-wordpress\/ -->\n<title>Pregnacare 30 Comprimes +Wellman 30 Comprimes PACK - paragaleriedetalborjt<\/title>\n<meta name=\"robots\" content=\"index, follow, max-snippet:-1, max-image-preview:large, max-video-preview:-1\" \/>\n<link rel=\"canonical\" href=\"https:\/\/paragaleriedetalborjt.com\/en\/boutique\/pregnacare-30-comprimes-wellman-30-comprimes-pack\/\" \/>\n<meta property=\"og:locale\" content=\"en_US\" \/>\n<meta property=\"og:type\" content=\"article\" \/>\n<meta property=\"og:title\" content=\"Pregnacare 30 Comprimes +Wellman 30 Comprimes PACK - paragaleriedetalborjt\" \/>\n<meta property=\"og:description\" content=\"Highlights:Ce produit est compos\u00e9\u00a0 de Fernblock\u00ae, le m\u00e9lange exclusif de White Tech Complex consiste \u00e0 contr\u00f4ler et bloquer l\u2019enzyme principale qui est responsable de la production de m\u00e9lanine.\" \/>\n<meta property=\"og:url\" content=\"https:\/\/paragaleriedetalborjt.com\/en\/boutique\/pregnacare-30-comprimes-wellman-30-comprimes-pack\/\" \/>\n<meta property=\"og:site_name\" content=\"paragaleriedetalborjt\" \/>\n<meta property=\"og:image\" content=\"https:\/\/paragaleriedetalborjt.com\/wp-content\/uploads\/2026\/01\/Pregnacare-30-cpsWellman-30-cps-pack-600x600-1.jpg\" \/>\n\t<meta property=\"og:image:width\" content=\"600\" \/>\n\t<meta property=\"og:image:height\" content=\"600\" \/>\n\t<meta property=\"og:image:type\" content=\"image\/jpeg\" \/>\n<meta name=\"twitter:card\" content=\"summary_large_image\" \/>\n<script type=\"application\/ld+json\" class=\"yoast-schema-graph\">{\"@context\":\"https:\/\/schema.org\",\"@graph\":[{\"@type\":\"WebPage\",\"@id\":\"https:\/\/paragaleriedetalborjt.com\/boutique\/pregnacare-30-comprimes-wellman-30-comprimes-pack\/\",\"url\":\"https:\/\/paragaleriedetalborjt.com\/boutique\/pregnacare-30-comprimes-wellman-30-comprimes-pack\/\",\"name\":\"Pregnacare 30 Comprimes +Wellman 30 Comprimes PACK - paragaleriedetalborjt\",\"isPartOf\":{\"@id\":\"https:\/\/paragaleriedetalborjt.com\/#website\"},\"primaryImageOfPage\":{\"@id\":\"https:\/\/paragaleriedetalborjt.com\/boutique\/pregnacare-30-comprimes-wellman-30-comprimes-pack\/#primaryimage\"},\"image\":{\"@id\":\"https:\/\/paragaleriedetalborjt.com\/boutique\/pregnacare-30-comprimes-wellman-30-comprimes-pack\/#primaryimage\"},\"thumbnailUrl\":\"https:\/\/paragaleriedetalborjt.com\/wp-content\/uploads\/2026\/01\/Pregnacare-30-cpsWellman-30-cps-pack-600x600-1.jpg\",\"datePublished\":\"2026-01-03T20:03:42+00:00\",\"breadcrumb\":{\"@id\":\"https:\/\/paragaleriedetalborjt.com\/boutique\/pregnacare-30-comprimes-wellman-30-comprimes-pack\/#breadcrumb\"},\"inLanguage\":\"en-US\",\"potentialAction\":[{\"@type\":\"ReadAction\",\"target\":[\"https:\/\/paragaleriedetalborjt.com\/boutique\/pregnacare-30-comprimes-wellman-30-comprimes-pack\/\"]}]},{\"@type\":\"ImageObject\",\"inLanguage\":\"en-US\",\"@id\":\"https:\/\/paragaleriedetalborjt.com\/boutique\/pregnacare-30-comprimes-wellman-30-comprimes-pack\/#primaryimage\",\"url\":\"https:\/\/paragaleriedetalborjt.com\/wp-content\/uploads\/2026\/01\/Pregnacare-30-cpsWellman-30-cps-pack-600x600-1.jpg\",\"contentUrl\":\"https:\/\/paragaleriedetalborjt.com\/wp-content\/uploads\/2026\/01\/Pregnacare-30-cpsWellman-30-cps-pack-600x600-1.jpg\",\"width\":600,\"height\":600},{\"@type\":\"BreadcrumbList\",\"@id\":\"https:\/\/paragaleriedetalborjt.com\/boutique\/pregnacare-30-comprimes-wellman-30-comprimes-pack\/#breadcrumb\",\"itemListElement\":[{\"@type\":\"ListItem\",\"position\":1,\"name\":\"Accueil\",\"item\":\"https:\/\/paragaleriedetalborjt.com\/\"},{\"@type\":\"ListItem\",\"position\":2,\"name\":\"Boutique\",\"item\":\"https:\/\/paragaleriedetalborjt.com\/boutique\/\"},{\"@type\":\"ListItem\",\"position\":3,\"name\":\"Pregnacare 30 Comprimes +Wellman 30 Comprimes PACK\"}]},{\"@type\":\"WebSite\",\"@id\":\"https:\/\/paragaleriedetalborjt.com\/#website\",\"url\":\"https:\/\/paragaleriedetalborjt.com\/\",\"name\":\"paragaleriedetalborjt\",\"description\":\"\",\"potentialAction\":[{\"@type\":\"SearchAction\",\"target\":{\"@type\":\"EntryPoint\",\"urlTemplate\":\"https:\/\/paragaleriedetalborjt.com\/?s={search_term_string}\"},\"query-input\":{\"@type\":\"PropertyValueSpecification\",\"valueRequired\":true,\"valueName\":\"search_term_string\"}}],\"inLanguage\":\"en-US\"}]}<\/script>\n<!-- \/ Yoast SEO plugin. -->","yoast_head_json":{"title":"Pregnacare 30 Comprimes +Wellman 30 Comprimes PACK - paragaleriedetalborjt","robots":{"index":"index","follow":"follow","max-snippet":"max-snippet:-1","max-image-preview":"max-image-preview:large","max-video-preview":"max-video-preview:-1"},"canonical":"https:\/\/paragaleriedetalborjt.com\/en\/boutique\/pregnacare-30-comprimes-wellman-30-comprimes-pack\/","og_locale":"en_US","og_type":"article","og_title":"Pregnacare 30 Comprimes +Wellman 30 Comprimes PACK - paragaleriedetalborjt","og_description":"Highlights:Ce produit est compos\u00e9\u00a0 de Fernblock\u00ae, le m\u00e9lange exclusif de White Tech Complex consiste \u00e0 contr\u00f4ler et bloquer l\u2019enzyme principale qui est responsable de la production de m\u00e9lanine.","og_url":"https:\/\/paragaleriedetalborjt.com\/en\/boutique\/pregnacare-30-comprimes-wellman-30-comprimes-pack\/","og_site_name":"paragaleriedetalborjt","og_image":[{"width":600,"height":600,"url":"https:\/\/paragaleriedetalborjt.com\/wp-content\/uploads\/2026\/01\/Pregnacare-30-cpsWellman-30-cps-pack-600x600-1.jpg","type":"image\/jpeg"}],"twitter_card":"summary_large_image","schema":{"@context":"https:\/\/schema.org","@graph":[{"@type":"WebPage","@id":"https:\/\/paragaleriedetalborjt.com\/boutique\/pregnacare-30-comprimes-wellman-30-comprimes-pack\/","url":"https:\/\/paragaleriedetalborjt.com\/boutique\/pregnacare-30-comprimes-wellman-30-comprimes-pack\/","name":"Pregnacare 30 Comprimes +Wellman 30 Comprimes PACK - paragaleriedetalborjt","isPartOf":{"@id":"https:\/\/paragaleriedetalborjt.com\/#website"},"primaryImageOfPage":{"@id":"https:\/\/paragaleriedetalborjt.com\/boutique\/pregnacare-30-comprimes-wellman-30-comprimes-pack\/#primaryimage"},"image":{"@id":"https:\/\/paragaleriedetalborjt.com\/boutique\/pregnacare-30-comprimes-wellman-30-comprimes-pack\/#primaryimage"},"thumbnailUrl":"https:\/\/paragaleriedetalborjt.com\/wp-content\/uploads\/2026\/01\/Pregnacare-30-cpsWellman-30-cps-pack-600x600-1.jpg","datePublished":"2026-01-03T20:03:42+00:00","breadcrumb":{"@id":"https:\/\/paragaleriedetalborjt.com\/boutique\/pregnacare-30-comprimes-wellman-30-comprimes-pack\/#breadcrumb"},"inLanguage":"en-US","potentialAction":[{"@type":"ReadAction","target":["https:\/\/paragaleriedetalborjt.com\/boutique\/pregnacare-30-comprimes-wellman-30-comprimes-pack\/"]}]},{"@type":"ImageObject","inLanguage":"en-US","@id":"https:\/\/paragaleriedetalborjt.com\/boutique\/pregnacare-30-comprimes-wellman-30-comprimes-pack\/#primaryimage","url":"https:\/\/paragaleriedetalborjt.com\/wp-content\/uploads\/2026\/01\/Pregnacare-30-cpsWellman-30-cps-pack-600x600-1.jpg","contentUrl":"https:\/\/paragaleriedetalborjt.com\/wp-content\/uploads\/2026\/01\/Pregnacare-30-cpsWellman-30-cps-pack-600x600-1.jpg","width":600,"height":600},{"@type":"BreadcrumbList","@id":"https:\/\/paragaleriedetalborjt.com\/boutique\/pregnacare-30-comprimes-wellman-30-comprimes-pack\/#breadcrumb","itemListElement":[{"@type":"ListItem","position":1,"name":"Accueil","item":"https:\/\/paragaleriedetalborjt.com\/"},{"@type":"ListItem","position":2,"name":"Boutique","item":"https:\/\/paragaleriedetalborjt.com\/boutique\/"},{"@type":"ListItem","position":3,"name":"Pregnacare 30 Comprimes +Wellman 30 Comprimes PACK"}]},{"@type":"WebSite","@id":"https:\/\/paragaleriedetalborjt.com\/#website","url":"https:\/\/paragaleriedetalborjt.com\/","name":"paragaleriedetalborjt","description":"","potentialAction":[{"@type":"SearchAction","target":{"@type":"EntryPoint","urlTemplate":"https:\/\/paragaleriedetalborjt.com\/?s={search_term_string}"},"query-input":{"@type":"PropertyValueSpecification","valueRequired":true,"valueName":"search_term_string"}}],"inLanguage":"en-US"}]}},"brands":[{"id":1612,"name":"VITABIOTICS","slug":"vitabiotics"}],"_links":{"self":[{"href":"https:\/\/paragaleriedetalborjt.com\/en\/wp-json\/wp\/v2\/product\/41689","targetHints":{"allow":["GET"]}}],"collection":[{"href":"https:\/\/paragaleriedetalborjt.com\/en\/wp-json\/wp\/v2\/product"}],"about":[{"href":"https:\/\/paragaleriedetalborjt.com\/en\/wp-json\/wp\/v2\/types\/product"}],"replies":[{"embeddable":true,"href":"https:\/\/paragaleriedetalborjt.com\/en\/wp-json\/wp\/v2\/comments?post=41689"}],"version-history":[{"count":1,"href":"https:\/\/paragaleriedetalborjt.com\/en\/wp-json\/wp\/v2\/product\/41689\/revisions"}],"predecessor-version":[{"id":41691,"href":"https:\/\/paragaleriedetalborjt.com\/en\/wp-json\/wp\/v2\/product\/41689\/revisions\/41691"}],"wp:featuredmedia":[{"embeddable":true,"href":"https:\/\/paragaleriedetalborjt.com\/en\/wp-json\/wp\/v2\/media\/41690"}],"wp:attachment":[{"href":"https:\/\/paragaleriedetalborjt.com\/en\/wp-json\/wp\/v2\/media?parent=41689"}],"wp:term":[{"taxonomy":"pwb-brand","embeddable":true,"href":"https:\/\/paragaleriedetalborjt.com\/en\/wp-json\/wp\/v2\/pwb-brand?post=41689"},{"taxonomy":"product_cat","embeddable":true,"href":"https:\/\/paragaleriedetalborjt.com\/en\/wp-json\/wp\/v2\/product_cat?post=41689"},{"taxonomy":"product_tag","embeddable":true,"href":"https:\/\/paragaleriedetalborjt.com\/en\/wp-json\/wp\/v2\/product_tag?post=41689"}],"curies":[{"name":"wp","href":"https:\/\/api.w.org\/{rel}","templated":true}]}}