{"id":41686,"date":"2026-01-03T21:03:38","date_gmt":"2026-01-03T20:03:38","guid":{"rendered":"https:\/\/paragaleriedetalborjt.com\/?post_type=product&#038;p=41686"},"modified":"2026-01-03T21:03:38","modified_gmt":"2026-01-03T20:03:38","slug":"avene-antirougeurs-jour-creme-hydratante-protectrice-spf-20-20-ml","status":"publish","type":"product","link":"https:\/\/paragaleriedetalborjt.com\/en\/boutique\/avene-antirougeurs-jour-creme-hydratante-protectrice-spf-20-20-ml\/","title":{"rendered":"Av\u00e8ne Antirougeurs Jour \u2013 Cr\u00e8me Hydratante Protectrice Spf 20 \u2013 20 ml"},"content":{"rendered":"<div aria-labelledby=\"tab-title-description\" class=\"woocommerce-Tabs-panel woocommerce-Tabs-panel--description panel entry-content wc-tab\" id=\"tab-description\" role=\"tabpanel\" style=\"\">\n<h2>Description<\/h2>\n<p>Avene anti-rougeurs Jour Cr\u00e8me Hydratante Protectrice SPF 20 20 ml est un produit innovant qui offre une protection optimale contre les rayons UV et les rougeurs. Il est con\u00e7u pour hydrater et prot\u00e9ger la peau tout en r\u00e9duisant les rougeurs et en am\u00e9liorant l\u2019apparence de la peau. Sa formule l\u00e9g\u00e8re et non grasse offre une sensation de confort et de fra\u00eecheur tout au long de la journ\u00e9e. Il est enrichi en eau thermale d\u2019Av\u00e8ne pour apaiser et adoucir la peau et en actifs antioxydants pour prot\u00e9ger la peau des radicaux libres. Il est facile \u00e0 appliquer et s\u2019absorbe rapidement, ce qui en fait un produit id\u00e9al pour les peaux sensibles.<\/p>\n<\/div>","protected":false},"excerpt":{"rendered":"<p>Highlights:Chaque jour, Antirougeurs JOUR Cr\u00e8me apaise, att\u00e9nue et pr\u00e9vient les rougeurs cutan\u00e9es.Adapt\u00e9e aux peaux s\u00e8ches \u00e0 tr\u00e8s s\u00e8ches, sa texture onctueuse et velout\u00e9e laisse la peau douce et confortable toute la journ\u00e9e.<\/p>","protected":false},"featured_media":41687,"comment_status":"open","ping_status":"closed","template":"","meta":[],"pwb-brand":[1771],"product_cat":[16],"product_tag":[],"class_list":{"0":"post-41686","1":"product","2":"type-product","3":"status-publish","4":"has-post-thumbnail","6":"pwb-brand-avene","7":"product_cat-non-classe","8":"pa_brands-avene","10":"first","11":"instock","12":"sale","13":"shipping-taxable","14":"purchasable","15":"product-type-simple"},"yoast_head":"<!-- This site is optimized with the Yoast SEO plugin v27.5 - https:\/\/yoast.com\/product\/yoast-seo-wordpress\/ -->\n<title>Av\u00e8ne Antirougeurs Jour \u2013 Cr\u00e8me Hydratante Protectrice Spf 20 \u2013 20 ml - paragaleriedetalborjt<\/title>\n<meta name=\"robots\" content=\"index, follow, max-snippet:-1, max-image-preview:large, max-video-preview:-1\" \/>\n<link rel=\"canonical\" href=\"https:\/\/paragaleriedetalborjt.com\/en\/boutique\/avene-antirougeurs-jour-creme-hydratante-protectrice-spf-20-20-ml\/\" \/>\n<meta property=\"og:locale\" content=\"en_US\" \/>\n<meta property=\"og:type\" content=\"article\" \/>\n<meta property=\"og:title\" content=\"Av\u00e8ne Antirougeurs Jour \u2013 Cr\u00e8me Hydratante Protectrice Spf 20 \u2013 20 ml - paragaleriedetalborjt\" \/>\n<meta property=\"og:description\" content=\"Highlights:Chaque jour, Antirougeurs JOUR Cr\u00e8me apaise, att\u00e9nue et pr\u00e9vient les rougeurs cutan\u00e9es.Adapt\u00e9e aux peaux s\u00e8ches \u00e0 tr\u00e8s s\u00e8ches, sa texture onctueuse et velout\u00e9e laisse la peau douce et confortable toute la journ\u00e9e.\" \/>\n<meta property=\"og:url\" content=\"https:\/\/paragaleriedetalborjt.com\/en\/boutique\/avene-antirougeurs-jour-creme-hydratante-protectrice-spf-20-20-ml\/\" \/>\n<meta property=\"og:site_name\" content=\"paragaleriedetalborjt\" \/>\n<meta property=\"og:image\" content=\"https:\/\/paragaleriedetalborjt.com\/wp-content\/uploads\/2026\/01\/Antirougeurs-JOUR-Creme-hydratante-protectrice-40ml-3282779310628-avene.jpg\" \/>\n\t<meta property=\"og:image:width\" content=\"595\" \/>\n\t<meta property=\"og:image:height\" content=\"655\" \/>\n\t<meta property=\"og:image:type\" content=\"image\/jpeg\" \/>\n<meta name=\"twitter:card\" content=\"summary_large_image\" \/>\n<meta name=\"twitter:label1\" content=\"Est. reading time\" \/>\n\t<meta name=\"twitter:data1\" content=\"1 minute\" \/>\n<script type=\"application\/ld+json\" class=\"yoast-schema-graph\">{\"@context\":\"https:\\\/\\\/schema.org\",\"@graph\":[{\"@type\":\"WebPage\",\"@id\":\"https:\\\/\\\/paragaleriedetalborjt.com\\\/boutique\\\/avene-antirougeurs-jour-creme-hydratante-protectrice-spf-20-20-ml\\\/\",\"url\":\"https:\\\/\\\/paragaleriedetalborjt.com\\\/boutique\\\/avene-antirougeurs-jour-creme-hydratante-protectrice-spf-20-20-ml\\\/\",\"name\":\"Av\u00e8ne Antirougeurs Jour \u2013 Cr\u00e8me Hydratante Protectrice Spf 20 \u2013 20 ml - paragaleriedetalborjt\",\"isPartOf\":{\"@id\":\"https:\\\/\\\/paragaleriedetalborjt.com\\\/#website\"},\"primaryImageOfPage\":{\"@id\":\"https:\\\/\\\/paragaleriedetalborjt.com\\\/boutique\\\/avene-antirougeurs-jour-creme-hydratante-protectrice-spf-20-20-ml\\\/#primaryimage\"},\"image\":{\"@id\":\"https:\\\/\\\/paragaleriedetalborjt.com\\\/boutique\\\/avene-antirougeurs-jour-creme-hydratante-protectrice-spf-20-20-ml\\\/#primaryimage\"},\"thumbnailUrl\":\"https:\\\/\\\/paragaleriedetalborjt.com\\\/wp-content\\\/uploads\\\/2026\\\/01\\\/Antirougeurs-JOUR-Creme-hydratante-protectrice-40ml-3282779310628-avene.jpg\",\"datePublished\":\"2026-01-03T20:03:38+00:00\",\"breadcrumb\":{\"@id\":\"https:\\\/\\\/paragaleriedetalborjt.com\\\/boutique\\\/avene-antirougeurs-jour-creme-hydratante-protectrice-spf-20-20-ml\\\/#breadcrumb\"},\"inLanguage\":\"en-US\",\"potentialAction\":[{\"@type\":\"ReadAction\",\"target\":[\"https:\\\/\\\/paragaleriedetalborjt.com\\\/boutique\\\/avene-antirougeurs-jour-creme-hydratante-protectrice-spf-20-20-ml\\\/\"]}]},{\"@type\":\"ImageObject\",\"inLanguage\":\"en-US\",\"@id\":\"https:\\\/\\\/paragaleriedetalborjt.com\\\/boutique\\\/avene-antirougeurs-jour-creme-hydratante-protectrice-spf-20-20-ml\\\/#primaryimage\",\"url\":\"https:\\\/\\\/paragaleriedetalborjt.com\\\/wp-content\\\/uploads\\\/2026\\\/01\\\/Antirougeurs-JOUR-Creme-hydratante-protectrice-40ml-3282779310628-avene.jpg\",\"contentUrl\":\"https:\\\/\\\/paragaleriedetalborjt.com\\\/wp-content\\\/uploads\\\/2026\\\/01\\\/Antirougeurs-JOUR-Creme-hydratante-protectrice-40ml-3282779310628-avene.jpg\",\"width\":595,\"height\":655},{\"@type\":\"BreadcrumbList\",\"@id\":\"https:\\\/\\\/paragaleriedetalborjt.com\\\/boutique\\\/avene-antirougeurs-jour-creme-hydratante-protectrice-spf-20-20-ml\\\/#breadcrumb\",\"itemListElement\":[{\"@type\":\"ListItem\",\"position\":1,\"name\":\"Accueil\",\"item\":\"https:\\\/\\\/paragaleriedetalborjt.com\\\/\"},{\"@type\":\"ListItem\",\"position\":2,\"name\":\"Boutique\",\"item\":\"https:\\\/\\\/paragaleriedetalborjt.com\\\/boutique\\\/\"},{\"@type\":\"ListItem\",\"position\":3,\"name\":\"Av\u00e8ne Antirougeurs Jour \u2013 Cr\u00e8me Hydratante Protectrice Spf 20 \u2013 20 ml\"}]},{\"@type\":\"WebSite\",\"@id\":\"https:\\\/\\\/paragaleriedetalborjt.com\\\/#website\",\"url\":\"https:\\\/\\\/paragaleriedetalborjt.com\\\/\",\"name\":\"paragaleriedetalborjt\",\"description\":\"\",\"potentialAction\":[{\"@type\":\"SearchAction\",\"target\":{\"@type\":\"EntryPoint\",\"urlTemplate\":\"https:\\\/\\\/paragaleriedetalborjt.com\\\/?s={search_term_string}\"},\"query-input\":{\"@type\":\"PropertyValueSpecification\",\"valueRequired\":true,\"valueName\":\"search_term_string\"}}],\"inLanguage\":\"en-US\"}]}<\/script>\n<!-- \/ Yoast SEO plugin. -->","yoast_head_json":{"title":"Av\u00e8ne Antirougeurs Jour \u2013 Cr\u00e8me Hydratante Protectrice Spf 20 \u2013 20 ml - paragaleriedetalborjt","robots":{"index":"index","follow":"follow","max-snippet":"max-snippet:-1","max-image-preview":"max-image-preview:large","max-video-preview":"max-video-preview:-1"},"canonical":"https:\/\/paragaleriedetalborjt.com\/en\/boutique\/avene-antirougeurs-jour-creme-hydratante-protectrice-spf-20-20-ml\/","og_locale":"en_US","og_type":"article","og_title":"Av\u00e8ne Antirougeurs Jour \u2013 Cr\u00e8me Hydratante Protectrice Spf 20 \u2013 20 ml - paragaleriedetalborjt","og_description":"Highlights:Chaque jour, Antirougeurs JOUR Cr\u00e8me apaise, att\u00e9nue et pr\u00e9vient les rougeurs cutan\u00e9es.Adapt\u00e9e aux peaux s\u00e8ches \u00e0 tr\u00e8s s\u00e8ches, sa texture onctueuse et velout\u00e9e laisse la peau douce et confortable toute la journ\u00e9e.","og_url":"https:\/\/paragaleriedetalborjt.com\/en\/boutique\/avene-antirougeurs-jour-creme-hydratante-protectrice-spf-20-20-ml\/","og_site_name":"paragaleriedetalborjt","og_image":[{"width":595,"height":655,"url":"https:\/\/paragaleriedetalborjt.com\/wp-content\/uploads\/2026\/01\/Antirougeurs-JOUR-Creme-hydratante-protectrice-40ml-3282779310628-avene.jpg","type":"image\/jpeg"}],"twitter_card":"summary_large_image","twitter_misc":{"Est. reading time":"1 minute"},"schema":{"@context":"https:\/\/schema.org","@graph":[{"@type":"WebPage","@id":"https:\/\/paragaleriedetalborjt.com\/boutique\/avene-antirougeurs-jour-creme-hydratante-protectrice-spf-20-20-ml\/","url":"https:\/\/paragaleriedetalborjt.com\/boutique\/avene-antirougeurs-jour-creme-hydratante-protectrice-spf-20-20-ml\/","name":"Av\u00e8ne Antirougeurs Jour \u2013 Cr\u00e8me Hydratante Protectrice Spf 20 \u2013 20 ml - paragaleriedetalborjt","isPartOf":{"@id":"https:\/\/paragaleriedetalborjt.com\/#website"},"primaryImageOfPage":{"@id":"https:\/\/paragaleriedetalborjt.com\/boutique\/avene-antirougeurs-jour-creme-hydratante-protectrice-spf-20-20-ml\/#primaryimage"},"image":{"@id":"https:\/\/paragaleriedetalborjt.com\/boutique\/avene-antirougeurs-jour-creme-hydratante-protectrice-spf-20-20-ml\/#primaryimage"},"thumbnailUrl":"https:\/\/paragaleriedetalborjt.com\/wp-content\/uploads\/2026\/01\/Antirougeurs-JOUR-Creme-hydratante-protectrice-40ml-3282779310628-avene.jpg","datePublished":"2026-01-03T20:03:38+00:00","breadcrumb":{"@id":"https:\/\/paragaleriedetalborjt.com\/boutique\/avene-antirougeurs-jour-creme-hydratante-protectrice-spf-20-20-ml\/#breadcrumb"},"inLanguage":"en-US","potentialAction":[{"@type":"ReadAction","target":["https:\/\/paragaleriedetalborjt.com\/boutique\/avene-antirougeurs-jour-creme-hydratante-protectrice-spf-20-20-ml\/"]}]},{"@type":"ImageObject","inLanguage":"en-US","@id":"https:\/\/paragaleriedetalborjt.com\/boutique\/avene-antirougeurs-jour-creme-hydratante-protectrice-spf-20-20-ml\/#primaryimage","url":"https:\/\/paragaleriedetalborjt.com\/wp-content\/uploads\/2026\/01\/Antirougeurs-JOUR-Creme-hydratante-protectrice-40ml-3282779310628-avene.jpg","contentUrl":"https:\/\/paragaleriedetalborjt.com\/wp-content\/uploads\/2026\/01\/Antirougeurs-JOUR-Creme-hydratante-protectrice-40ml-3282779310628-avene.jpg","width":595,"height":655},{"@type":"BreadcrumbList","@id":"https:\/\/paragaleriedetalborjt.com\/boutique\/avene-antirougeurs-jour-creme-hydratante-protectrice-spf-20-20-ml\/#breadcrumb","itemListElement":[{"@type":"ListItem","position":1,"name":"Accueil","item":"https:\/\/paragaleriedetalborjt.com\/"},{"@type":"ListItem","position":2,"name":"Boutique","item":"https:\/\/paragaleriedetalborjt.com\/boutique\/"},{"@type":"ListItem","position":3,"name":"Av\u00e8ne Antirougeurs Jour \u2013 Cr\u00e8me Hydratante Protectrice Spf 20 \u2013 20 ml"}]},{"@type":"WebSite","@id":"https:\/\/paragaleriedetalborjt.com\/#website","url":"https:\/\/paragaleriedetalborjt.com\/","name":"paragaleriedetalborjt","description":"","potentialAction":[{"@type":"SearchAction","target":{"@type":"EntryPoint","urlTemplate":"https:\/\/paragaleriedetalborjt.com\/?s={search_term_string}"},"query-input":{"@type":"PropertyValueSpecification","valueRequired":true,"valueName":"search_term_string"}}],"inLanguage":"en-US"}]}},"brands":[{"id":1771,"name":"AV\u00c8NE","slug":"avene"}],"_links":{"self":[{"href":"https:\/\/paragaleriedetalborjt.com\/en\/wp-json\/wp\/v2\/product\/41686","targetHints":{"allow":["GET"]}}],"collection":[{"href":"https:\/\/paragaleriedetalborjt.com\/en\/wp-json\/wp\/v2\/product"}],"about":[{"href":"https:\/\/paragaleriedetalborjt.com\/en\/wp-json\/wp\/v2\/types\/product"}],"replies":[{"embeddable":true,"href":"https:\/\/paragaleriedetalborjt.com\/en\/wp-json\/wp\/v2\/comments?post=41686"}],"version-history":[{"count":1,"href":"https:\/\/paragaleriedetalborjt.com\/en\/wp-json\/wp\/v2\/product\/41686\/revisions"}],"predecessor-version":[{"id":41688,"href":"https:\/\/paragaleriedetalborjt.com\/en\/wp-json\/wp\/v2\/product\/41686\/revisions\/41688"}],"wp:featuredmedia":[{"embeddable":true,"href":"https:\/\/paragaleriedetalborjt.com\/en\/wp-json\/wp\/v2\/media\/41687"}],"wp:attachment":[{"href":"https:\/\/paragaleriedetalborjt.com\/en\/wp-json\/wp\/v2\/media?parent=41686"}],"wp:term":[{"taxonomy":"pwb-brand","embeddable":true,"href":"https:\/\/paragaleriedetalborjt.com\/en\/wp-json\/wp\/v2\/pwb-brand?post=41686"},{"taxonomy":"product_cat","embeddable":true,"href":"https:\/\/paragaleriedetalborjt.com\/en\/wp-json\/wp\/v2\/product_cat?post=41686"},{"taxonomy":"product_tag","embeddable":true,"href":"https:\/\/paragaleriedetalborjt.com\/en\/wp-json\/wp\/v2\/product_tag?post=41686"}],"curies":[{"name":"wp","href":"https:\/\/api.w.org\/{rel}","templated":true}]}}