{"id":41647,"date":"2026-01-03T21:02:05","date_gmt":"2026-01-03T20:02:05","guid":{"rendered":"https:\/\/paragaleriedetalborjt.com\/?post_type=product&#038;p=41647"},"modified":"2026-01-03T21:02:06","modified_gmt":"2026-01-03T20:02:06","slug":"urgo-start-1010","status":"publish","type":"product","link":"https:\/\/paragaleriedetalborjt.com\/en\/boutique\/urgo-start-1010\/","title":{"rendered":"Urgo Start 10*10"},"content":{"rendered":"<div aria-labelledby=\"tab-title-description\" class=\"woocommerce-Tabs-panel woocommerce-Tabs-panel--description panel entry-content wc-tab\" id=\"tab-description\" role=\"tabpanel\" style=\"\">\n<h2>Description<\/h2>\n<p><strong>UrgoStart\u00a0<\/strong>est un\u00a0<strong>pansement absorbant hydrocellulaire<\/strong>, compos\u00e9 d\u2019une matrice absorbante b\u00e9n\u00e9ficiant de la Technologie Lipido-Collo\u00efde TLC micro-adh\u00e9rente, innovation exclusive brevet\u00e9e des Laboratoires Urgo. Elle permet de r\u00e9tablir les conditions favorables au bourgeonnement des plaies chroniques pour favoriser une<strong>\u00a0cicatrisation plus rapide<\/strong>.<\/p>\n<p>La technologie TLC micro-adh\u00e9rente facilite la pose, le positionnement et le retrait du pansement gr\u00e2ce \u00e0 ses propri\u00e9t\u00e9s de\u00a0<strong>micro-adh\u00e9rence<\/strong>. La compresse de mousse polyur\u00e9thane absorbante assure un\u00a0<strong>drainage optimal des exsudats<\/strong>, prot\u00e9geant la peau p\u00e9ril\u00e9sionnelle de tout ph\u00e9nom\u00e8ne de\u00a0<strong>mac\u00e9ration<\/strong>. Le support est\u00a0<strong>souple<\/strong>,\u00a0<strong>conformable\u00a0<\/strong>et tr\u00e8s\u00a0<strong>confortable<\/strong>, il permet une bonne adaptation du pansement aux reliefs anatomiques de la plaie.<\/p>\n<p>UrgoStart est indiqu\u00e9 pour le traitement des\u00a0<strong>plaies chroniques exsudatives\u00a0<\/strong>(ulc\u00e8res de jambe, escarres, plaies du pied diab\u00e9tique, plaies aigu\u00ebs chronicis\u00e9es).<\/p>\n<p>Le\u00a0<strong>pansement UrgoStart\u00a0<\/strong>facilite les soins infirmiers en termes de praticit\u00e9 et d\u2019observance du traitement. Il peut \u00eatre pos\u00e9 sous compression \u00e9lastique ou in\u00e9lastique gr\u00e2ce \u00e0 la r\u00e9tention des exsudats dans le pansement.<\/p>\n<\/div>","protected":false},"excerpt":{"rendered":"<p>Highlights:Ce produit est compos\u00e9\u00a0 de Fernblock\u00ae, le m\u00e9lange exclusif de White Tech Complex consiste \u00e0 contr\u00f4ler et bloquer l\u2019enzyme principale qui est responsable de la production de m\u00e9lanine.<\/p>","protected":false},"featured_media":41648,"comment_status":"open","ping_status":"closed","template":"","meta":[],"pwb-brand":[1674],"product_cat":[16],"product_tag":[],"class_list":{"0":"post-41647","1":"product","2":"type-product","3":"status-publish","4":"has-post-thumbnail","6":"pwb-brand-urgo","7":"product_cat-non-classe","8":"pa_brands-urgo","10":"first","11":"instock","12":"sale","13":"shipping-taxable","14":"purchasable","15":"product-type-simple"},"yoast_head":"<!-- This site is optimized with the Yoast SEO plugin v27.5 - https:\/\/yoast.com\/product\/yoast-seo-wordpress\/ -->\n<title>Urgo Start 10*10 - paragaleriedetalborjt<\/title>\n<meta name=\"robots\" content=\"index, follow, max-snippet:-1, max-image-preview:large, max-video-preview:-1\" \/>\n<link rel=\"canonical\" href=\"https:\/\/paragaleriedetalborjt.com\/en\/boutique\/urgo-start-1010\/\" \/>\n<meta property=\"og:locale\" content=\"en_US\" \/>\n<meta property=\"og:type\" content=\"article\" \/>\n<meta property=\"og:title\" content=\"Urgo Start 10*10 - paragaleriedetalborjt\" \/>\n<meta property=\"og:description\" content=\"Highlights:Ce produit est compos\u00e9\u00a0 de Fernblock\u00ae, le m\u00e9lange exclusif de White Tech Complex consiste \u00e0 contr\u00f4ler et bloquer l\u2019enzyme principale qui est responsable de la production de m\u00e9lanine.\" \/>\n<meta property=\"og:url\" content=\"https:\/\/paragaleriedetalborjt.com\/en\/boutique\/urgo-start-1010\/\" \/>\n<meta property=\"og:site_name\" content=\"paragaleriedetalborjt\" \/>\n<meta property=\"article:modified_time\" content=\"2026-01-03T20:02:06+00:00\" \/>\n<meta property=\"og:image\" content=\"https:\/\/paragaleriedetalborjt.com\/wp-content\/uploads\/2026\/01\/URGOSTART.jpg\" \/>\n\t<meta property=\"og:image:width\" content=\"595\" \/>\n\t<meta property=\"og:image:height\" content=\"655\" \/>\n\t<meta property=\"og:image:type\" content=\"image\/jpeg\" \/>\n<meta name=\"twitter:card\" content=\"summary_large_image\" \/>\n<meta name=\"twitter:label1\" content=\"Est. reading time\" \/>\n\t<meta name=\"twitter:data1\" content=\"1 minute\" \/>\n<script type=\"application\/ld+json\" class=\"yoast-schema-graph\">{\"@context\":\"https:\\\/\\\/schema.org\",\"@graph\":[{\"@type\":\"WebPage\",\"@id\":\"https:\\\/\\\/paragaleriedetalborjt.com\\\/boutique\\\/urgo-start-1010\\\/\",\"url\":\"https:\\\/\\\/paragaleriedetalborjt.com\\\/boutique\\\/urgo-start-1010\\\/\",\"name\":\"Urgo Start 10*10 - paragaleriedetalborjt\",\"isPartOf\":{\"@id\":\"https:\\\/\\\/paragaleriedetalborjt.com\\\/#website\"},\"primaryImageOfPage\":{\"@id\":\"https:\\\/\\\/paragaleriedetalborjt.com\\\/boutique\\\/urgo-start-1010\\\/#primaryimage\"},\"image\":{\"@id\":\"https:\\\/\\\/paragaleriedetalborjt.com\\\/boutique\\\/urgo-start-1010\\\/#primaryimage\"},\"thumbnailUrl\":\"https:\\\/\\\/paragaleriedetalborjt.com\\\/wp-content\\\/uploads\\\/2026\\\/01\\\/URGOSTART.jpg\",\"datePublished\":\"2026-01-03T20:02:05+00:00\",\"dateModified\":\"2026-01-03T20:02:06+00:00\",\"breadcrumb\":{\"@id\":\"https:\\\/\\\/paragaleriedetalborjt.com\\\/boutique\\\/urgo-start-1010\\\/#breadcrumb\"},\"inLanguage\":\"en-US\",\"potentialAction\":[{\"@type\":\"ReadAction\",\"target\":[\"https:\\\/\\\/paragaleriedetalborjt.com\\\/boutique\\\/urgo-start-1010\\\/\"]}]},{\"@type\":\"ImageObject\",\"inLanguage\":\"en-US\",\"@id\":\"https:\\\/\\\/paragaleriedetalborjt.com\\\/boutique\\\/urgo-start-1010\\\/#primaryimage\",\"url\":\"https:\\\/\\\/paragaleriedetalborjt.com\\\/wp-content\\\/uploads\\\/2026\\\/01\\\/URGOSTART.jpg\",\"contentUrl\":\"https:\\\/\\\/paragaleriedetalborjt.com\\\/wp-content\\\/uploads\\\/2026\\\/01\\\/URGOSTART.jpg\",\"width\":595,\"height\":655},{\"@type\":\"BreadcrumbList\",\"@id\":\"https:\\\/\\\/paragaleriedetalborjt.com\\\/boutique\\\/urgo-start-1010\\\/#breadcrumb\",\"itemListElement\":[{\"@type\":\"ListItem\",\"position\":1,\"name\":\"Accueil\",\"item\":\"https:\\\/\\\/paragaleriedetalborjt.com\\\/\"},{\"@type\":\"ListItem\",\"position\":2,\"name\":\"Boutique\",\"item\":\"https:\\\/\\\/paragaleriedetalborjt.com\\\/boutique\\\/\"},{\"@type\":\"ListItem\",\"position\":3,\"name\":\"Urgo Start 10*10\"}]},{\"@type\":\"WebSite\",\"@id\":\"https:\\\/\\\/paragaleriedetalborjt.com\\\/#website\",\"url\":\"https:\\\/\\\/paragaleriedetalborjt.com\\\/\",\"name\":\"paragaleriedetalborjt\",\"description\":\"\",\"potentialAction\":[{\"@type\":\"SearchAction\",\"target\":{\"@type\":\"EntryPoint\",\"urlTemplate\":\"https:\\\/\\\/paragaleriedetalborjt.com\\\/?s={search_term_string}\"},\"query-input\":{\"@type\":\"PropertyValueSpecification\",\"valueRequired\":true,\"valueName\":\"search_term_string\"}}],\"inLanguage\":\"en-US\"}]}<\/script>\n<!-- \/ Yoast SEO plugin. -->","yoast_head_json":{"title":"Urgo Start 10*10 - paragaleriedetalborjt","robots":{"index":"index","follow":"follow","max-snippet":"max-snippet:-1","max-image-preview":"max-image-preview:large","max-video-preview":"max-video-preview:-1"},"canonical":"https:\/\/paragaleriedetalborjt.com\/en\/boutique\/urgo-start-1010\/","og_locale":"en_US","og_type":"article","og_title":"Urgo Start 10*10 - paragaleriedetalborjt","og_description":"Highlights:Ce produit est compos\u00e9\u00a0 de Fernblock\u00ae, le m\u00e9lange exclusif de White Tech Complex consiste \u00e0 contr\u00f4ler et bloquer l\u2019enzyme principale qui est responsable de la production de m\u00e9lanine.","og_url":"https:\/\/paragaleriedetalborjt.com\/en\/boutique\/urgo-start-1010\/","og_site_name":"paragaleriedetalborjt","article_modified_time":"2026-01-03T20:02:06+00:00","og_image":[{"width":595,"height":655,"url":"https:\/\/paragaleriedetalborjt.com\/wp-content\/uploads\/2026\/01\/URGOSTART.jpg","type":"image\/jpeg"}],"twitter_card":"summary_large_image","twitter_misc":{"Est. reading time":"1 minute"},"schema":{"@context":"https:\/\/schema.org","@graph":[{"@type":"WebPage","@id":"https:\/\/paragaleriedetalborjt.com\/boutique\/urgo-start-1010\/","url":"https:\/\/paragaleriedetalborjt.com\/boutique\/urgo-start-1010\/","name":"Urgo Start 10*10 - paragaleriedetalborjt","isPartOf":{"@id":"https:\/\/paragaleriedetalborjt.com\/#website"},"primaryImageOfPage":{"@id":"https:\/\/paragaleriedetalborjt.com\/boutique\/urgo-start-1010\/#primaryimage"},"image":{"@id":"https:\/\/paragaleriedetalborjt.com\/boutique\/urgo-start-1010\/#primaryimage"},"thumbnailUrl":"https:\/\/paragaleriedetalborjt.com\/wp-content\/uploads\/2026\/01\/URGOSTART.jpg","datePublished":"2026-01-03T20:02:05+00:00","dateModified":"2026-01-03T20:02:06+00:00","breadcrumb":{"@id":"https:\/\/paragaleriedetalborjt.com\/boutique\/urgo-start-1010\/#breadcrumb"},"inLanguage":"en-US","potentialAction":[{"@type":"ReadAction","target":["https:\/\/paragaleriedetalborjt.com\/boutique\/urgo-start-1010\/"]}]},{"@type":"ImageObject","inLanguage":"en-US","@id":"https:\/\/paragaleriedetalborjt.com\/boutique\/urgo-start-1010\/#primaryimage","url":"https:\/\/paragaleriedetalborjt.com\/wp-content\/uploads\/2026\/01\/URGOSTART.jpg","contentUrl":"https:\/\/paragaleriedetalborjt.com\/wp-content\/uploads\/2026\/01\/URGOSTART.jpg","width":595,"height":655},{"@type":"BreadcrumbList","@id":"https:\/\/paragaleriedetalborjt.com\/boutique\/urgo-start-1010\/#breadcrumb","itemListElement":[{"@type":"ListItem","position":1,"name":"Accueil","item":"https:\/\/paragaleriedetalborjt.com\/"},{"@type":"ListItem","position":2,"name":"Boutique","item":"https:\/\/paragaleriedetalborjt.com\/boutique\/"},{"@type":"ListItem","position":3,"name":"Urgo Start 10*10"}]},{"@type":"WebSite","@id":"https:\/\/paragaleriedetalborjt.com\/#website","url":"https:\/\/paragaleriedetalborjt.com\/","name":"paragaleriedetalborjt","description":"","potentialAction":[{"@type":"SearchAction","target":{"@type":"EntryPoint","urlTemplate":"https:\/\/paragaleriedetalborjt.com\/?s={search_term_string}"},"query-input":{"@type":"PropertyValueSpecification","valueRequired":true,"valueName":"search_term_string"}}],"inLanguage":"en-US"}]}},"brands":[{"id":1674,"name":"URGO","slug":"urgo"}],"_links":{"self":[{"href":"https:\/\/paragaleriedetalborjt.com\/en\/wp-json\/wp\/v2\/product\/41647","targetHints":{"allow":["GET"]}}],"collection":[{"href":"https:\/\/paragaleriedetalborjt.com\/en\/wp-json\/wp\/v2\/product"}],"about":[{"href":"https:\/\/paragaleriedetalborjt.com\/en\/wp-json\/wp\/v2\/types\/product"}],"replies":[{"embeddable":true,"href":"https:\/\/paragaleriedetalborjt.com\/en\/wp-json\/wp\/v2\/comments?post=41647"}],"version-history":[{"count":1,"href":"https:\/\/paragaleriedetalborjt.com\/en\/wp-json\/wp\/v2\/product\/41647\/revisions"}],"predecessor-version":[{"id":41649,"href":"https:\/\/paragaleriedetalborjt.com\/en\/wp-json\/wp\/v2\/product\/41647\/revisions\/41649"}],"wp:featuredmedia":[{"embeddable":true,"href":"https:\/\/paragaleriedetalborjt.com\/en\/wp-json\/wp\/v2\/media\/41648"}],"wp:attachment":[{"href":"https:\/\/paragaleriedetalborjt.com\/en\/wp-json\/wp\/v2\/media?parent=41647"}],"wp:term":[{"taxonomy":"pwb-brand","embeddable":true,"href":"https:\/\/paragaleriedetalborjt.com\/en\/wp-json\/wp\/v2\/pwb-brand?post=41647"},{"taxonomy":"product_cat","embeddable":true,"href":"https:\/\/paragaleriedetalborjt.com\/en\/wp-json\/wp\/v2\/product_cat?post=41647"},{"taxonomy":"product_tag","embeddable":true,"href":"https:\/\/paragaleriedetalborjt.com\/en\/wp-json\/wp\/v2\/product_tag?post=41647"}],"curies":[{"name":"wp","href":"https:\/\/api.w.org\/{rel}","templated":true}]}}