{"id":41567,"date":"2026-01-03T20:58:50","date_gmt":"2026-01-03T19:58:50","guid":{"rendered":"https:\/\/paragaleriedetalborjt.com\/?post_type=product&#038;p=41567"},"modified":"2026-01-03T20:58:51","modified_gmt":"2026-01-03T19:58:51","slug":"biokap-huile-nourrissante-et-reparatrice-cheveux-secs-125-ml","status":"publish","type":"product","link":"https:\/\/paragaleriedetalborjt.com\/en\/boutique\/biokap-huile-nourrissante-et-reparatrice-cheveux-secs-125-ml\/","title":{"rendered":"Biokap \u2013 Huile nourrissante et r\u00e9paratrice \u2013 Cheveux secs \u2013 125 ml"},"content":{"rendered":"<div aria-labelledby=\"tab-title-description\" class=\"woocommerce-Tabs-panel woocommerce-Tabs-panel--description panel entry-content wc-tab\" id=\"tab-description\" role=\"tabpanel\" style=\"\">\n<h2>Description<\/h2>\n<p>Cette huile apporte une brillance incomparable \u00e0 vos cheveux tout en les r\u00e9parant et les renfor\u00e7ant de la racine aux pointes. L\u2019huile nourrissante et r\u00e9paratrice est conseill\u00e9e pour les cheveux secs, cassants et pour un usage fr\u00e9quent.<\/p>\n<p>Formul\u00e9e \u00e0 partir de la PhytoKeratine BioKap qui prot\u00e8ge et restructure la barri\u00e8re naturelle de la fibre capillaire. Son efficacit\u00e9 est renforc\u00e9e par une formule bi phasique sans silicone : d\u2019une part, l\u2019huile d\u2019amande douce et les c\u00e9ramides v\u00e9g\u00e9tales d\u2019huile d\u2019olive apportent luminosit\u00e9 et brillance aux cheveux, d\u2019autre part, la glyc\u00e9rine v\u00e9g\u00e9tale aux propri\u00e9t\u00e9s hydratantes et adoucissantes.<\/p>\n<\/div>","protected":false},"excerpt":{"rendered":"<p>Highlights:Cette huile apporte une brillance incomparable \u00e0 vos cheveux tout en les r\u00e9parant et les renfor\u00e7ant de la racine aux pointes. L\u2019huile nourrissante et r\u00e9paratrice est conseill\u00e9e pour les cheveux secs, cassants et pour un usage fr\u00e9quent.<\/p>","protected":false},"featured_media":41568,"comment_status":"open","ping_status":"closed","template":"","meta":[],"pwb-brand":[1853],"product_cat":[16],"product_tag":[],"class_list":{"0":"post-41567","1":"product","2":"type-product","3":"status-publish","4":"has-post-thumbnail","6":"pwb-brand-biokap","7":"product_cat-non-classe","8":"pa_brands-biokap","10":"first","11":"instock","12":"sale","13":"shipping-taxable","14":"purchasable","15":"product-type-simple"},"yoast_head":"<!-- This site is optimized with the Yoast SEO plugin v27.5 - https:\/\/yoast.com\/product\/yoast-seo-wordpress\/ -->\n<title>Biokap \u2013 Huile nourrissante et r\u00e9paratrice \u2013 Cheveux secs \u2013 125 ml - paragaleriedetalborjt<\/title>\n<meta name=\"robots\" content=\"index, follow, max-snippet:-1, max-image-preview:large, max-video-preview:-1\" \/>\n<link rel=\"canonical\" href=\"https:\/\/paragaleriedetalborjt.com\/en\/boutique\/biokap-huile-nourrissante-et-reparatrice-cheveux-secs-125-ml\/\" \/>\n<meta property=\"og:locale\" content=\"en_US\" \/>\n<meta property=\"og:type\" content=\"article\" \/>\n<meta property=\"og:title\" content=\"Biokap \u2013 Huile nourrissante et r\u00e9paratrice \u2013 Cheveux secs \u2013 125 ml - paragaleriedetalborjt\" \/>\n<meta property=\"og:description\" content=\"Highlights:Cette huile apporte une brillance incomparable \u00e0 vos cheveux tout en les r\u00e9parant et les renfor\u00e7ant de la racine aux pointes. L\u2019huile nourrissante et r\u00e9paratrice est conseill\u00e9e pour les cheveux secs, cassants et pour un usage fr\u00e9quent.\" \/>\n<meta property=\"og:url\" content=\"https:\/\/paragaleriedetalborjt.com\/en\/boutique\/biokap-huile-nourrissante-et-reparatrice-cheveux-secs-125-ml\/\" \/>\n<meta property=\"og:site_name\" content=\"paragaleriedetalborjt\" \/>\n<meta property=\"article:modified_time\" content=\"2026-01-03T19:58:51+00:00\" \/>\n<meta property=\"og:image\" content=\"https:\/\/paragaleriedetalborjt.com\/wp-content\/uploads\/2026\/01\/8030243009166-2.jpg\" \/>\n\t<meta property=\"og:image:width\" content=\"595\" \/>\n\t<meta property=\"og:image:height\" content=\"655\" \/>\n\t<meta property=\"og:image:type\" content=\"image\/jpeg\" \/>\n<meta name=\"twitter:card\" content=\"summary_large_image\" \/>\n<meta name=\"twitter:label1\" content=\"Est. reading time\" \/>\n\t<meta name=\"twitter:data1\" content=\"1 minute\" \/>\n<script type=\"application\/ld+json\" class=\"yoast-schema-graph\">{\"@context\":\"https:\\\/\\\/schema.org\",\"@graph\":[{\"@type\":\"WebPage\",\"@id\":\"https:\\\/\\\/paragaleriedetalborjt.com\\\/boutique\\\/biokap-huile-nourrissante-et-reparatrice-cheveux-secs-125-ml\\\/\",\"url\":\"https:\\\/\\\/paragaleriedetalborjt.com\\\/boutique\\\/biokap-huile-nourrissante-et-reparatrice-cheveux-secs-125-ml\\\/\",\"name\":\"Biokap \u2013 Huile nourrissante et r\u00e9paratrice \u2013 Cheveux secs \u2013 125 ml - paragaleriedetalborjt\",\"isPartOf\":{\"@id\":\"https:\\\/\\\/paragaleriedetalborjt.com\\\/#website\"},\"primaryImageOfPage\":{\"@id\":\"https:\\\/\\\/paragaleriedetalborjt.com\\\/boutique\\\/biokap-huile-nourrissante-et-reparatrice-cheveux-secs-125-ml\\\/#primaryimage\"},\"image\":{\"@id\":\"https:\\\/\\\/paragaleriedetalborjt.com\\\/boutique\\\/biokap-huile-nourrissante-et-reparatrice-cheveux-secs-125-ml\\\/#primaryimage\"},\"thumbnailUrl\":\"https:\\\/\\\/paragaleriedetalborjt.com\\\/wp-content\\\/uploads\\\/2026\\\/01\\\/8030243009166-2.jpg\",\"datePublished\":\"2026-01-03T19:58:50+00:00\",\"dateModified\":\"2026-01-03T19:58:51+00:00\",\"breadcrumb\":{\"@id\":\"https:\\\/\\\/paragaleriedetalborjt.com\\\/boutique\\\/biokap-huile-nourrissante-et-reparatrice-cheveux-secs-125-ml\\\/#breadcrumb\"},\"inLanguage\":\"en-US\",\"potentialAction\":[{\"@type\":\"ReadAction\",\"target\":[\"https:\\\/\\\/paragaleriedetalborjt.com\\\/boutique\\\/biokap-huile-nourrissante-et-reparatrice-cheveux-secs-125-ml\\\/\"]}]},{\"@type\":\"ImageObject\",\"inLanguage\":\"en-US\",\"@id\":\"https:\\\/\\\/paragaleriedetalborjt.com\\\/boutique\\\/biokap-huile-nourrissante-et-reparatrice-cheveux-secs-125-ml\\\/#primaryimage\",\"url\":\"https:\\\/\\\/paragaleriedetalborjt.com\\\/wp-content\\\/uploads\\\/2026\\\/01\\\/8030243009166-2.jpg\",\"contentUrl\":\"https:\\\/\\\/paragaleriedetalborjt.com\\\/wp-content\\\/uploads\\\/2026\\\/01\\\/8030243009166-2.jpg\",\"width\":595,\"height\":655},{\"@type\":\"BreadcrumbList\",\"@id\":\"https:\\\/\\\/paragaleriedetalborjt.com\\\/boutique\\\/biokap-huile-nourrissante-et-reparatrice-cheveux-secs-125-ml\\\/#breadcrumb\",\"itemListElement\":[{\"@type\":\"ListItem\",\"position\":1,\"name\":\"Accueil\",\"item\":\"https:\\\/\\\/paragaleriedetalborjt.com\\\/\"},{\"@type\":\"ListItem\",\"position\":2,\"name\":\"Boutique\",\"item\":\"https:\\\/\\\/paragaleriedetalborjt.com\\\/boutique\\\/\"},{\"@type\":\"ListItem\",\"position\":3,\"name\":\"Biokap \u2013 Huile nourrissante et r\u00e9paratrice \u2013 Cheveux secs \u2013 125 ml\"}]},{\"@type\":\"WebSite\",\"@id\":\"https:\\\/\\\/paragaleriedetalborjt.com\\\/#website\",\"url\":\"https:\\\/\\\/paragaleriedetalborjt.com\\\/\",\"name\":\"paragaleriedetalborjt\",\"description\":\"\",\"potentialAction\":[{\"@type\":\"SearchAction\",\"target\":{\"@type\":\"EntryPoint\",\"urlTemplate\":\"https:\\\/\\\/paragaleriedetalborjt.com\\\/?s={search_term_string}\"},\"query-input\":{\"@type\":\"PropertyValueSpecification\",\"valueRequired\":true,\"valueName\":\"search_term_string\"}}],\"inLanguage\":\"en-US\"}]}<\/script>\n<!-- \/ Yoast SEO plugin. -->","yoast_head_json":{"title":"Biokap \u2013 Huile nourrissante et r\u00e9paratrice \u2013 Cheveux secs \u2013 125 ml - paragaleriedetalborjt","robots":{"index":"index","follow":"follow","max-snippet":"max-snippet:-1","max-image-preview":"max-image-preview:large","max-video-preview":"max-video-preview:-1"},"canonical":"https:\/\/paragaleriedetalborjt.com\/en\/boutique\/biokap-huile-nourrissante-et-reparatrice-cheveux-secs-125-ml\/","og_locale":"en_US","og_type":"article","og_title":"Biokap \u2013 Huile nourrissante et r\u00e9paratrice \u2013 Cheveux secs \u2013 125 ml - paragaleriedetalborjt","og_description":"Highlights:Cette huile apporte une brillance incomparable \u00e0 vos cheveux tout en les r\u00e9parant et les renfor\u00e7ant de la racine aux pointes. L\u2019huile nourrissante et r\u00e9paratrice est conseill\u00e9e pour les cheveux secs, cassants et pour un usage fr\u00e9quent.","og_url":"https:\/\/paragaleriedetalborjt.com\/en\/boutique\/biokap-huile-nourrissante-et-reparatrice-cheveux-secs-125-ml\/","og_site_name":"paragaleriedetalborjt","article_modified_time":"2026-01-03T19:58:51+00:00","og_image":[{"width":595,"height":655,"url":"https:\/\/paragaleriedetalborjt.com\/wp-content\/uploads\/2026\/01\/8030243009166-2.jpg","type":"image\/jpeg"}],"twitter_card":"summary_large_image","twitter_misc":{"Est. reading time":"1 minute"},"schema":{"@context":"https:\/\/schema.org","@graph":[{"@type":"WebPage","@id":"https:\/\/paragaleriedetalborjt.com\/boutique\/biokap-huile-nourrissante-et-reparatrice-cheveux-secs-125-ml\/","url":"https:\/\/paragaleriedetalborjt.com\/boutique\/biokap-huile-nourrissante-et-reparatrice-cheveux-secs-125-ml\/","name":"Biokap \u2013 Huile nourrissante et r\u00e9paratrice \u2013 Cheveux secs \u2013 125 ml - paragaleriedetalborjt","isPartOf":{"@id":"https:\/\/paragaleriedetalborjt.com\/#website"},"primaryImageOfPage":{"@id":"https:\/\/paragaleriedetalborjt.com\/boutique\/biokap-huile-nourrissante-et-reparatrice-cheveux-secs-125-ml\/#primaryimage"},"image":{"@id":"https:\/\/paragaleriedetalborjt.com\/boutique\/biokap-huile-nourrissante-et-reparatrice-cheveux-secs-125-ml\/#primaryimage"},"thumbnailUrl":"https:\/\/paragaleriedetalborjt.com\/wp-content\/uploads\/2026\/01\/8030243009166-2.jpg","datePublished":"2026-01-03T19:58:50+00:00","dateModified":"2026-01-03T19:58:51+00:00","breadcrumb":{"@id":"https:\/\/paragaleriedetalborjt.com\/boutique\/biokap-huile-nourrissante-et-reparatrice-cheveux-secs-125-ml\/#breadcrumb"},"inLanguage":"en-US","potentialAction":[{"@type":"ReadAction","target":["https:\/\/paragaleriedetalborjt.com\/boutique\/biokap-huile-nourrissante-et-reparatrice-cheveux-secs-125-ml\/"]}]},{"@type":"ImageObject","inLanguage":"en-US","@id":"https:\/\/paragaleriedetalborjt.com\/boutique\/biokap-huile-nourrissante-et-reparatrice-cheveux-secs-125-ml\/#primaryimage","url":"https:\/\/paragaleriedetalborjt.com\/wp-content\/uploads\/2026\/01\/8030243009166-2.jpg","contentUrl":"https:\/\/paragaleriedetalborjt.com\/wp-content\/uploads\/2026\/01\/8030243009166-2.jpg","width":595,"height":655},{"@type":"BreadcrumbList","@id":"https:\/\/paragaleriedetalborjt.com\/boutique\/biokap-huile-nourrissante-et-reparatrice-cheveux-secs-125-ml\/#breadcrumb","itemListElement":[{"@type":"ListItem","position":1,"name":"Accueil","item":"https:\/\/paragaleriedetalborjt.com\/"},{"@type":"ListItem","position":2,"name":"Boutique","item":"https:\/\/paragaleriedetalborjt.com\/boutique\/"},{"@type":"ListItem","position":3,"name":"Biokap \u2013 Huile nourrissante et r\u00e9paratrice \u2013 Cheveux secs \u2013 125 ml"}]},{"@type":"WebSite","@id":"https:\/\/paragaleriedetalborjt.com\/#website","url":"https:\/\/paragaleriedetalborjt.com\/","name":"paragaleriedetalborjt","description":"","potentialAction":[{"@type":"SearchAction","target":{"@type":"EntryPoint","urlTemplate":"https:\/\/paragaleriedetalborjt.com\/?s={search_term_string}"},"query-input":{"@type":"PropertyValueSpecification","valueRequired":true,"valueName":"search_term_string"}}],"inLanguage":"en-US"}]}},"brands":[{"id":1853,"name":"BIOKAP","slug":"biokap"}],"_links":{"self":[{"href":"https:\/\/paragaleriedetalborjt.com\/en\/wp-json\/wp\/v2\/product\/41567","targetHints":{"allow":["GET"]}}],"collection":[{"href":"https:\/\/paragaleriedetalborjt.com\/en\/wp-json\/wp\/v2\/product"}],"about":[{"href":"https:\/\/paragaleriedetalborjt.com\/en\/wp-json\/wp\/v2\/types\/product"}],"replies":[{"embeddable":true,"href":"https:\/\/paragaleriedetalborjt.com\/en\/wp-json\/wp\/v2\/comments?post=41567"}],"version-history":[{"count":1,"href":"https:\/\/paragaleriedetalborjt.com\/en\/wp-json\/wp\/v2\/product\/41567\/revisions"}],"predecessor-version":[{"id":41569,"href":"https:\/\/paragaleriedetalborjt.com\/en\/wp-json\/wp\/v2\/product\/41567\/revisions\/41569"}],"wp:featuredmedia":[{"embeddable":true,"href":"https:\/\/paragaleriedetalborjt.com\/en\/wp-json\/wp\/v2\/media\/41568"}],"wp:attachment":[{"href":"https:\/\/paragaleriedetalborjt.com\/en\/wp-json\/wp\/v2\/media?parent=41567"}],"wp:term":[{"taxonomy":"pwb-brand","embeddable":true,"href":"https:\/\/paragaleriedetalborjt.com\/en\/wp-json\/wp\/v2\/pwb-brand?post=41567"},{"taxonomy":"product_cat","embeddable":true,"href":"https:\/\/paragaleriedetalborjt.com\/en\/wp-json\/wp\/v2\/product_cat?post=41567"},{"taxonomy":"product_tag","embeddable":true,"href":"https:\/\/paragaleriedetalborjt.com\/en\/wp-json\/wp\/v2\/product_tag?post=41567"}],"curies":[{"name":"wp","href":"https:\/\/api.w.org\/{rel}","templated":true}]}}