{"id":41501,"date":"2026-01-03T20:56:11","date_gmt":"2026-01-03T19:56:11","guid":{"rendered":"https:\/\/paragaleriedetalborjt.com\/?post_type=product&#038;p=41501"},"modified":"2026-01-03T20:56:11","modified_gmt":"2026-01-03T19:56:11","slug":"dermacia-melawhite-creme-depigmentante-intensive-40-ml-aquamine-offerte","status":"publish","type":"product","link":"https:\/\/paragaleriedetalborjt.com\/en\/boutique\/dermacia-melawhite-creme-depigmentante-intensive-40-ml-aquamine-offerte\/","title":{"rendered":"Dermacia Melawhite Cr\u00e8me D\u00e9pigmentante Intensive \u2013 40 ml + Aquamine Offerte"},"content":{"rendered":"<div aria-labelledby=\"tab-title-description\" class=\"woocommerce-Tabs-panel woocommerce-Tabs-panel--description panel entry-content wc-tab\" id=\"tab-description\" role=\"tabpanel\" style=\"\">\n<h2>Description<\/h2>\n<p><strong>Description<\/strong><br \/>\nCr\u00e8me d\u00e9pigmentante Intensive soin dermatologique Visage<br \/>\nMelawhite favorise l\u2019\u00e9claircissement du teint et r\u00e9duit l\u2019hyperpigmentation localis\u00e9e des t\u00e2ches brunes li\u00e9es \u00e0 la surexposition au soleil \u00e0 l\u2019\u00e2ge, ou la grossesse.<\/p>\n<p><strong>Conseils d\u2019utilisation<\/strong><br \/>\nAppliquer quotidiennnement matin et soir sur les zones concern\u00e9es. Masser jusqu\u2019\u00e0 compl\u00e8te p\u00e9n\u00e9tration.<br \/>\nL\u2019application doit \u00eatre r\u00e9guli\u00e8re pendant 4 \u00e0 6 semaines.<\/p>\n<\/div>","protected":false},"excerpt":{"rendered":"<p>Highlights:Dermacia Melawhite cr\u00e8me D\u00e9pigmentante intensive soin dermatologique taches Brunes pour visage et d\u00e9collet\u00e9corrige et pr\u00e9vient les hyperpigmentations Illumine et Eclaircit le teint.<\/p>","protected":false},"featured_media":41502,"comment_status":"open","ping_status":"closed","template":"","meta":[],"pwb-brand":[1945],"product_cat":[16],"product_tag":[],"class_list":{"0":"post-41501","1":"product","2":"type-product","3":"status-publish","4":"has-post-thumbnail","6":"pwb-brand-dermacia","7":"product_cat-non-classe","8":"pa_brands-dermacia","10":"first","11":"instock","12":"sale","13":"shipping-taxable","14":"purchasable","15":"product-type-simple"},"yoast_head":"<!-- This site is optimized with the Yoast SEO plugin v27.5 - https:\/\/yoast.com\/product\/yoast-seo-wordpress\/ -->\n<title>Dermacia Melawhite Cr\u00e8me D\u00e9pigmentante Intensive \u2013 40 ml + Aquamine Offerte - paragaleriedetalborjt<\/title>\n<meta name=\"robots\" content=\"index, follow, max-snippet:-1, max-image-preview:large, max-video-preview:-1\" \/>\n<link rel=\"canonical\" href=\"https:\/\/paragaleriedetalborjt.com\/en\/boutique\/dermacia-melawhite-creme-depigmentante-intensive-40-ml-aquamine-offerte\/\" \/>\n<meta property=\"og:locale\" content=\"en_US\" \/>\n<meta property=\"og:type\" content=\"article\" \/>\n<meta property=\"og:title\" content=\"Dermacia Melawhite Cr\u00e8me D\u00e9pigmentante Intensive \u2013 40 ml + Aquamine Offerte - paragaleriedetalborjt\" \/>\n<meta property=\"og:description\" content=\"Highlights:Dermacia Melawhite cr\u00e8me D\u00e9pigmentante intensive soin dermatologique taches Brunes pour visage et d\u00e9collet\u00e9corrige et pr\u00e9vient les hyperpigmentations Illumine et Eclaircit le teint.\" \/>\n<meta property=\"og:url\" content=\"https:\/\/paragaleriedetalborjt.com\/en\/boutique\/dermacia-melawhite-creme-depigmentante-intensive-40-ml-aquamine-offerte\/\" \/>\n<meta property=\"og:site_name\" content=\"paragaleriedetalborjt\" \/>\n<meta property=\"og:image\" content=\"https:\/\/paragaleriedetalborjt.com\/wp-content\/uploads\/2026\/01\/melawhite-creme-aquamine-offerte.jpg\" \/>\n\t<meta property=\"og:image:width\" content=\"595\" \/>\n\t<meta property=\"og:image:height\" content=\"655\" \/>\n\t<meta property=\"og:image:type\" content=\"image\/jpeg\" \/>\n<meta name=\"twitter:card\" content=\"summary_large_image\" \/>\n<script type=\"application\/ld+json\" class=\"yoast-schema-graph\">{\"@context\":\"https:\\\/\\\/schema.org\",\"@graph\":[{\"@type\":\"WebPage\",\"@id\":\"https:\\\/\\\/paragaleriedetalborjt.com\\\/boutique\\\/dermacia-melawhite-creme-depigmentante-intensive-40-ml-aquamine-offerte\\\/\",\"url\":\"https:\\\/\\\/paragaleriedetalborjt.com\\\/boutique\\\/dermacia-melawhite-creme-depigmentante-intensive-40-ml-aquamine-offerte\\\/\",\"name\":\"Dermacia Melawhite Cr\u00e8me D\u00e9pigmentante Intensive \u2013 40 ml + Aquamine Offerte - paragaleriedetalborjt\",\"isPartOf\":{\"@id\":\"https:\\\/\\\/paragaleriedetalborjt.com\\\/#website\"},\"primaryImageOfPage\":{\"@id\":\"https:\\\/\\\/paragaleriedetalborjt.com\\\/boutique\\\/dermacia-melawhite-creme-depigmentante-intensive-40-ml-aquamine-offerte\\\/#primaryimage\"},\"image\":{\"@id\":\"https:\\\/\\\/paragaleriedetalborjt.com\\\/boutique\\\/dermacia-melawhite-creme-depigmentante-intensive-40-ml-aquamine-offerte\\\/#primaryimage\"},\"thumbnailUrl\":\"https:\\\/\\\/paragaleriedetalborjt.com\\\/wp-content\\\/uploads\\\/2026\\\/01\\\/melawhite-creme-aquamine-offerte.jpg\",\"datePublished\":\"2026-01-03T19:56:11+00:00\",\"breadcrumb\":{\"@id\":\"https:\\\/\\\/paragaleriedetalborjt.com\\\/boutique\\\/dermacia-melawhite-creme-depigmentante-intensive-40-ml-aquamine-offerte\\\/#breadcrumb\"},\"inLanguage\":\"en-US\",\"potentialAction\":[{\"@type\":\"ReadAction\",\"target\":[\"https:\\\/\\\/paragaleriedetalborjt.com\\\/boutique\\\/dermacia-melawhite-creme-depigmentante-intensive-40-ml-aquamine-offerte\\\/\"]}]},{\"@type\":\"ImageObject\",\"inLanguage\":\"en-US\",\"@id\":\"https:\\\/\\\/paragaleriedetalborjt.com\\\/boutique\\\/dermacia-melawhite-creme-depigmentante-intensive-40-ml-aquamine-offerte\\\/#primaryimage\",\"url\":\"https:\\\/\\\/paragaleriedetalborjt.com\\\/wp-content\\\/uploads\\\/2026\\\/01\\\/melawhite-creme-aquamine-offerte.jpg\",\"contentUrl\":\"https:\\\/\\\/paragaleriedetalborjt.com\\\/wp-content\\\/uploads\\\/2026\\\/01\\\/melawhite-creme-aquamine-offerte.jpg\",\"width\":595,\"height\":655},{\"@type\":\"BreadcrumbList\",\"@id\":\"https:\\\/\\\/paragaleriedetalborjt.com\\\/boutique\\\/dermacia-melawhite-creme-depigmentante-intensive-40-ml-aquamine-offerte\\\/#breadcrumb\",\"itemListElement\":[{\"@type\":\"ListItem\",\"position\":1,\"name\":\"Accueil\",\"item\":\"https:\\\/\\\/paragaleriedetalborjt.com\\\/\"},{\"@type\":\"ListItem\",\"position\":2,\"name\":\"Boutique\",\"item\":\"https:\\\/\\\/paragaleriedetalborjt.com\\\/boutique\\\/\"},{\"@type\":\"ListItem\",\"position\":3,\"name\":\"Dermacia Melawhite Cr\u00e8me D\u00e9pigmentante Intensive \u2013 40 ml + Aquamine Offerte\"}]},{\"@type\":\"WebSite\",\"@id\":\"https:\\\/\\\/paragaleriedetalborjt.com\\\/#website\",\"url\":\"https:\\\/\\\/paragaleriedetalborjt.com\\\/\",\"name\":\"paragaleriedetalborjt\",\"description\":\"\",\"potentialAction\":[{\"@type\":\"SearchAction\",\"target\":{\"@type\":\"EntryPoint\",\"urlTemplate\":\"https:\\\/\\\/paragaleriedetalborjt.com\\\/?s={search_term_string}\"},\"query-input\":{\"@type\":\"PropertyValueSpecification\",\"valueRequired\":true,\"valueName\":\"search_term_string\"}}],\"inLanguage\":\"en-US\"}]}<\/script>\n<!-- \/ Yoast SEO plugin. -->","yoast_head_json":{"title":"Dermacia Melawhite Cr\u00e8me D\u00e9pigmentante Intensive \u2013 40 ml + Aquamine Offerte - paragaleriedetalborjt","robots":{"index":"index","follow":"follow","max-snippet":"max-snippet:-1","max-image-preview":"max-image-preview:large","max-video-preview":"max-video-preview:-1"},"canonical":"https:\/\/paragaleriedetalborjt.com\/en\/boutique\/dermacia-melawhite-creme-depigmentante-intensive-40-ml-aquamine-offerte\/","og_locale":"en_US","og_type":"article","og_title":"Dermacia Melawhite Cr\u00e8me D\u00e9pigmentante Intensive \u2013 40 ml + Aquamine Offerte - paragaleriedetalborjt","og_description":"Highlights:Dermacia Melawhite cr\u00e8me D\u00e9pigmentante intensive soin dermatologique taches Brunes pour visage et d\u00e9collet\u00e9corrige et pr\u00e9vient les hyperpigmentations Illumine et Eclaircit le teint.","og_url":"https:\/\/paragaleriedetalborjt.com\/en\/boutique\/dermacia-melawhite-creme-depigmentante-intensive-40-ml-aquamine-offerte\/","og_site_name":"paragaleriedetalborjt","og_image":[{"width":595,"height":655,"url":"https:\/\/paragaleriedetalborjt.com\/wp-content\/uploads\/2026\/01\/melawhite-creme-aquamine-offerte.jpg","type":"image\/jpeg"}],"twitter_card":"summary_large_image","schema":{"@context":"https:\/\/schema.org","@graph":[{"@type":"WebPage","@id":"https:\/\/paragaleriedetalborjt.com\/boutique\/dermacia-melawhite-creme-depigmentante-intensive-40-ml-aquamine-offerte\/","url":"https:\/\/paragaleriedetalborjt.com\/boutique\/dermacia-melawhite-creme-depigmentante-intensive-40-ml-aquamine-offerte\/","name":"Dermacia Melawhite Cr\u00e8me D\u00e9pigmentante Intensive \u2013 40 ml + Aquamine Offerte - paragaleriedetalborjt","isPartOf":{"@id":"https:\/\/paragaleriedetalborjt.com\/#website"},"primaryImageOfPage":{"@id":"https:\/\/paragaleriedetalborjt.com\/boutique\/dermacia-melawhite-creme-depigmentante-intensive-40-ml-aquamine-offerte\/#primaryimage"},"image":{"@id":"https:\/\/paragaleriedetalborjt.com\/boutique\/dermacia-melawhite-creme-depigmentante-intensive-40-ml-aquamine-offerte\/#primaryimage"},"thumbnailUrl":"https:\/\/paragaleriedetalborjt.com\/wp-content\/uploads\/2026\/01\/melawhite-creme-aquamine-offerte.jpg","datePublished":"2026-01-03T19:56:11+00:00","breadcrumb":{"@id":"https:\/\/paragaleriedetalborjt.com\/boutique\/dermacia-melawhite-creme-depigmentante-intensive-40-ml-aquamine-offerte\/#breadcrumb"},"inLanguage":"en-US","potentialAction":[{"@type":"ReadAction","target":["https:\/\/paragaleriedetalborjt.com\/boutique\/dermacia-melawhite-creme-depigmentante-intensive-40-ml-aquamine-offerte\/"]}]},{"@type":"ImageObject","inLanguage":"en-US","@id":"https:\/\/paragaleriedetalborjt.com\/boutique\/dermacia-melawhite-creme-depigmentante-intensive-40-ml-aquamine-offerte\/#primaryimage","url":"https:\/\/paragaleriedetalborjt.com\/wp-content\/uploads\/2026\/01\/melawhite-creme-aquamine-offerte.jpg","contentUrl":"https:\/\/paragaleriedetalborjt.com\/wp-content\/uploads\/2026\/01\/melawhite-creme-aquamine-offerte.jpg","width":595,"height":655},{"@type":"BreadcrumbList","@id":"https:\/\/paragaleriedetalborjt.com\/boutique\/dermacia-melawhite-creme-depigmentante-intensive-40-ml-aquamine-offerte\/#breadcrumb","itemListElement":[{"@type":"ListItem","position":1,"name":"Accueil","item":"https:\/\/paragaleriedetalborjt.com\/"},{"@type":"ListItem","position":2,"name":"Boutique","item":"https:\/\/paragaleriedetalborjt.com\/boutique\/"},{"@type":"ListItem","position":3,"name":"Dermacia Melawhite Cr\u00e8me D\u00e9pigmentante Intensive \u2013 40 ml + Aquamine Offerte"}]},{"@type":"WebSite","@id":"https:\/\/paragaleriedetalborjt.com\/#website","url":"https:\/\/paragaleriedetalborjt.com\/","name":"paragaleriedetalborjt","description":"","potentialAction":[{"@type":"SearchAction","target":{"@type":"EntryPoint","urlTemplate":"https:\/\/paragaleriedetalborjt.com\/?s={search_term_string}"},"query-input":{"@type":"PropertyValueSpecification","valueRequired":true,"valueName":"search_term_string"}}],"inLanguage":"en-US"}]}},"brands":[{"id":1945,"name":"DERMACIA","slug":"dermacia"}],"_links":{"self":[{"href":"https:\/\/paragaleriedetalborjt.com\/en\/wp-json\/wp\/v2\/product\/41501","targetHints":{"allow":["GET"]}}],"collection":[{"href":"https:\/\/paragaleriedetalborjt.com\/en\/wp-json\/wp\/v2\/product"}],"about":[{"href":"https:\/\/paragaleriedetalborjt.com\/en\/wp-json\/wp\/v2\/types\/product"}],"replies":[{"embeddable":true,"href":"https:\/\/paragaleriedetalborjt.com\/en\/wp-json\/wp\/v2\/comments?post=41501"}],"version-history":[{"count":1,"href":"https:\/\/paragaleriedetalborjt.com\/en\/wp-json\/wp\/v2\/product\/41501\/revisions"}],"predecessor-version":[{"id":41503,"href":"https:\/\/paragaleriedetalborjt.com\/en\/wp-json\/wp\/v2\/product\/41501\/revisions\/41503"}],"wp:featuredmedia":[{"embeddable":true,"href":"https:\/\/paragaleriedetalborjt.com\/en\/wp-json\/wp\/v2\/media\/41502"}],"wp:attachment":[{"href":"https:\/\/paragaleriedetalborjt.com\/en\/wp-json\/wp\/v2\/media?parent=41501"}],"wp:term":[{"taxonomy":"pwb-brand","embeddable":true,"href":"https:\/\/paragaleriedetalborjt.com\/en\/wp-json\/wp\/v2\/pwb-brand?post=41501"},{"taxonomy":"product_cat","embeddable":true,"href":"https:\/\/paragaleriedetalborjt.com\/en\/wp-json\/wp\/v2\/product_cat?post=41501"},{"taxonomy":"product_tag","embeddable":true,"href":"https:\/\/paragaleriedetalborjt.com\/en\/wp-json\/wp\/v2\/product_tag?post=41501"}],"curies":[{"name":"wp","href":"https:\/\/api.w.org\/{rel}","templated":true}]}}