{"id":41380,"date":"2026-01-03T20:26:52","date_gmt":"2026-01-03T19:26:52","guid":{"rendered":"https:\/\/paragaleriedetalborjt.com\/?post_type=product&#038;p=41380"},"modified":"2026-01-03T20:54:27","modified_gmt":"2026-01-03T19:54:27","slug":"a-derma-exomega-control-huile-lavante-emollient-anti-grattage-500-ml","status":"publish","type":"product","link":"https:\/\/paragaleriedetalborjt.com\/en\/boutique\/a-derma-exomega-control-huile-lavante-emollient-anti-grattage-500-ml\/","title":{"rendered":"A-DERMA \u2014 EXOMEGA CONTROL HUILE LAVANTE \u00c9MOLLIENT ANTI-GRATTAGE 500 ml"},"content":{"rendered":"<div aria-labelledby=\"tab-title-description\" class=\"woocommerce-Tabs-panel woocommerce-Tabs-panel--description panel entry-content wc-tab\" id=\"tab-description\" role=\"tabpanel\" style=\"\">\n<h2>Description<\/h2>\n<div>. Imm\u00e9diatement apr\u00e8s application, 100% des peaux retrouvent apaisement\u00b9. En trois semaines, la s\u00e9cheresse diminue de 95 %\u00b2. Sa formule BIODEGRADABLE* \u00e0 91 % d\u2019ingr\u00e9dients d\u2019origine naturelle s\u2019emploie quotidiennement sous la douche ou dans le bain, sur le visage et le corps. Sa formule \u00e0 l\u2019extrait de plantules d\u2019Avoine Rhealba apaisant et anti-irritant r\u00e9conforte et nourrit ces \u00e9pidermes fragiles. La barri\u00e8re cutan\u00e9e de la peau s\u00e8che soumise \u00e0 des pics d\u2019irritation est prot\u00e9g\u00e9e, les sensations de s\u00e9cheresse et de d\u00e9mangeaisons se calment. Adapt\u00e9e aux adultes, enfants et nourrissons, elle ne contient pas de savon et ne pique pas les yeux. Avoine Rhealba \u00ae issue de l\u2019agriculture biologique. Info Vegan: sans ingr\u00e9dients d\u2019origine animale. \u00b9 Pourcentage de satisfaction. Etude clinique sur 43 sujets (nourrissons, enfants, adultes). R\u00e9sultats imm\u00e9diatement apr\u00e8s application.\u00b2 Score clinique. Etude clinique sur 43 sujets (nourrissons, enfants, adultes). R\u00e9sultats \u00e0 J22.* Selon la norme OCDE 301B<\/div>\n<h4>Bienfaits :<\/h4>\n<div>\u00ab\u00a0\u2022 NETTOIE tout en douceur les peaux s\u00e8ches et atopiques des nourrissons, enfants et adultes. EXOMEGA CONTROL Huile lavante \u00e9molliente prot\u00e8ge la peau des tiraillements et du dess\u00e8chement. \u2022 ANTI-GRATTAGE, calme les d\u00e9mangeaisons des peaux se\u0300ches et sujettes a\u0300 l\u2019ecze\u0301ma atopique \u2022 PROT\u00c8GE les peaux fragiles. Avec sa formule compos\u00e9e de 91 % d\u2019ingr\u00e9dients d\u2019origine naturelle, sans savon et BIODEGRADABLE*, l\u2019huile lavante ne pique pas les yeux pour prendre soin de toute la famille.\u00a0\u00bb<\/div>\n<h4>Conseils d\u2019utilisations :<\/h4>\n<div>Utiliser sous la douche ou dans le bain.Appliquer sur peau mouill\u00e9e, rincer puis s\u00e9cher sans frotter. Appliquer ensuite votre soin EXOMEGA CONTROL.<\/div>\n<div>\n<h4>Ingredients :<\/h4>\n<p>WATER (AQUA). GLYCERIN. HYDROGENATED STARCH HYDROLYSATE. COCO-GLUCOSIDE. ZINC COCETH SULFATE. SODIUM COCOAMPHOACETATE. CETEARETH-60 MYRISTYL GLYCOL. PEG-40 HYDROGENATED CASTOR OIL. 10-HYDROXYDECENOIC ACID. ASCORBYL PALMITATE. AVENA SATIVA (OAT) LEAF\/STEM EXTRACT (AVENA SATIVA LEAF\/STEM EXTRACT). CITRIC ACID. FRAGRANCE (PARFUM). GLYCERYL OLEATE. HYDROGENATED PALM GLYCERIDES CITRATE. LAURIC ACID. LECITHIN. OENOTHERA BIENNIS (EVENING PRIMROSE) OIL (OENOTHERA BIENNIS OIL). PEG-120 METHYL GLUCOSE DIOLEATE. PROPYLENE GLYCOL. SODIUM BENZOATE. SODIUM CHLORIDE. SODIUM HYDROXIDE. SODIUM LAUROYL METHYL ISETHIONATE. SODIUM METHYL ISETHIONATE. TOCOPHEROL. TRISODIUM ETHYLENEDIAMINE DISUCCINATE<\/p>\n<\/div>\n<\/div>","protected":false},"excerpt":{"rendered":"<p>Highlights:L\u2019huile lavant \u00e9molliente, nettoie et soulage les peaux fragiles s\u00e8ches \u00e0 tendance \u00e0 l\u2019\u00e9cz\u00e9ma atopique<\/p>","protected":false},"featured_media":41381,"comment_status":"open","ping_status":"closed","template":"","meta":[],"pwb-brand":[1662],"product_cat":[16],"product_tag":[],"class_list":{"0":"post-41380","1":"product","2":"type-product","3":"status-publish","4":"has-post-thumbnail","6":"pwb-brand-a-derma","7":"product_cat-non-classe","8":"pa_brands-a-derma","10":"first","11":"instock","12":"sale","13":"shipping-taxable","14":"purchasable","15":"product-type-simple"},"yoast_head":"<!-- This site is optimized with the Yoast SEO plugin v27.5 - https:\/\/yoast.com\/product\/yoast-seo-wordpress\/ -->\n<title>A-DERMA \u2014 EXOMEGA CONTROL HUILE LAVANTE \u00c9MOLLIENT ANTI-GRATTAGE 500 ml - paragaleriedetalborjt<\/title>\n<meta name=\"robots\" content=\"index, follow, max-snippet:-1, max-image-preview:large, max-video-preview:-1\" \/>\n<link rel=\"canonical\" href=\"https:\/\/paragaleriedetalborjt.com\/en\/boutique\/a-derma-exomega-control-huile-lavante-emollient-anti-grattage-500-ml\/\" \/>\n<meta property=\"og:locale\" content=\"en_US\" \/>\n<meta property=\"og:type\" content=\"article\" \/>\n<meta property=\"og:title\" content=\"A-DERMA \u2014 EXOMEGA CONTROL HUILE LAVANTE \u00c9MOLLIENT ANTI-GRATTAGE 500 ml - paragaleriedetalborjt\" \/>\n<meta property=\"og:description\" content=\"Highlights:L\u2019huile lavant \u00e9molliente, nettoie et soulage les peaux fragiles s\u00e8ches \u00e0 tendance \u00e0 l\u2019\u00e9cz\u00e9ma atopique\" \/>\n<meta property=\"og:url\" content=\"https:\/\/paragaleriedetalborjt.com\/en\/boutique\/a-derma-exomega-control-huile-lavante-emollient-anti-grattage-500-ml\/\" \/>\n<meta property=\"og:site_name\" content=\"paragaleriedetalborjt\" \/>\n<meta property=\"article:modified_time\" content=\"2026-01-03T19:54:27+00:00\" \/>\n<meta property=\"og:image\" content=\"https:\/\/paragaleriedetalborjt.com\/wp-content\/uploads\/2026\/01\/3282770143423-A-DERMAE28094EXOMEGACONTROLHUILELAVANTEC389MOLLIENTANTI-GRATTAGE-0137403001680952296-600x600-1.jpg\" \/>\n\t<meta property=\"og:image:width\" content=\"600\" \/>\n\t<meta property=\"og:image:height\" content=\"600\" \/>\n\t<meta property=\"og:image:type\" content=\"image\/jpeg\" \/>\n<meta name=\"twitter:card\" content=\"summary_large_image\" \/>\n<meta name=\"twitter:label1\" content=\"Est. reading time\" \/>\n\t<meta name=\"twitter:data1\" content=\"2 minutes\" \/>\n<script type=\"application\/ld+json\" class=\"yoast-schema-graph\">{\"@context\":\"https:\\\/\\\/schema.org\",\"@graph\":[{\"@type\":\"WebPage\",\"@id\":\"https:\\\/\\\/paragaleriedetalborjt.com\\\/boutique\\\/a-derma-exomega-control-huile-lavante-emollient-anti-grattage-500-ml\\\/\",\"url\":\"https:\\\/\\\/paragaleriedetalborjt.com\\\/boutique\\\/a-derma-exomega-control-huile-lavante-emollient-anti-grattage-500-ml\\\/\",\"name\":\"A-DERMA \u2014 EXOMEGA CONTROL HUILE LAVANTE \u00c9MOLLIENT ANTI-GRATTAGE 500 ml - paragaleriedetalborjt\",\"isPartOf\":{\"@id\":\"https:\\\/\\\/paragaleriedetalborjt.com\\\/#website\"},\"primaryImageOfPage\":{\"@id\":\"https:\\\/\\\/paragaleriedetalborjt.com\\\/boutique\\\/a-derma-exomega-control-huile-lavante-emollient-anti-grattage-500-ml\\\/#primaryimage\"},\"image\":{\"@id\":\"https:\\\/\\\/paragaleriedetalborjt.com\\\/boutique\\\/a-derma-exomega-control-huile-lavante-emollient-anti-grattage-500-ml\\\/#primaryimage\"},\"thumbnailUrl\":\"https:\\\/\\\/paragaleriedetalborjt.com\\\/wp-content\\\/uploads\\\/2026\\\/01\\\/3282770143423-A-DERMAE28094EXOMEGACONTROLHUILELAVANTEC389MOLLIENTANTI-GRATTAGE-0137403001680952296-600x600-1.jpg\",\"datePublished\":\"2026-01-03T19:26:52+00:00\",\"dateModified\":\"2026-01-03T19:54:27+00:00\",\"breadcrumb\":{\"@id\":\"https:\\\/\\\/paragaleriedetalborjt.com\\\/boutique\\\/a-derma-exomega-control-huile-lavante-emollient-anti-grattage-500-ml\\\/#breadcrumb\"},\"inLanguage\":\"en-US\",\"potentialAction\":[{\"@type\":\"ReadAction\",\"target\":[\"https:\\\/\\\/paragaleriedetalborjt.com\\\/boutique\\\/a-derma-exomega-control-huile-lavante-emollient-anti-grattage-500-ml\\\/\"]}]},{\"@type\":\"ImageObject\",\"inLanguage\":\"en-US\",\"@id\":\"https:\\\/\\\/paragaleriedetalborjt.com\\\/boutique\\\/a-derma-exomega-control-huile-lavante-emollient-anti-grattage-500-ml\\\/#primaryimage\",\"url\":\"https:\\\/\\\/paragaleriedetalborjt.com\\\/wp-content\\\/uploads\\\/2026\\\/01\\\/3282770143423-A-DERMAE28094EXOMEGACONTROLHUILELAVANTEC389MOLLIENTANTI-GRATTAGE-0137403001680952296-600x600-1.jpg\",\"contentUrl\":\"https:\\\/\\\/paragaleriedetalborjt.com\\\/wp-content\\\/uploads\\\/2026\\\/01\\\/3282770143423-A-DERMAE28094EXOMEGACONTROLHUILELAVANTEC389MOLLIENTANTI-GRATTAGE-0137403001680952296-600x600-1.jpg\",\"width\":600,\"height\":600},{\"@type\":\"BreadcrumbList\",\"@id\":\"https:\\\/\\\/paragaleriedetalborjt.com\\\/boutique\\\/a-derma-exomega-control-huile-lavante-emollient-anti-grattage-500-ml\\\/#breadcrumb\",\"itemListElement\":[{\"@type\":\"ListItem\",\"position\":1,\"name\":\"Accueil\",\"item\":\"https:\\\/\\\/paragaleriedetalborjt.com\\\/\"},{\"@type\":\"ListItem\",\"position\":2,\"name\":\"Boutique\",\"item\":\"https:\\\/\\\/paragaleriedetalborjt.com\\\/boutique\\\/\"},{\"@type\":\"ListItem\",\"position\":3,\"name\":\"A-DERMA \u2014 EXOMEGA CONTROL HUILE LAVANTE \u00c9MOLLIENT ANTI-GRATTAGE 500 ml\"}]},{\"@type\":\"WebSite\",\"@id\":\"https:\\\/\\\/paragaleriedetalborjt.com\\\/#website\",\"url\":\"https:\\\/\\\/paragaleriedetalborjt.com\\\/\",\"name\":\"paragaleriedetalborjt\",\"description\":\"\",\"potentialAction\":[{\"@type\":\"SearchAction\",\"target\":{\"@type\":\"EntryPoint\",\"urlTemplate\":\"https:\\\/\\\/paragaleriedetalborjt.com\\\/?s={search_term_string}\"},\"query-input\":{\"@type\":\"PropertyValueSpecification\",\"valueRequired\":true,\"valueName\":\"search_term_string\"}}],\"inLanguage\":\"en-US\"}]}<\/script>\n<!-- \/ Yoast SEO plugin. -->","yoast_head_json":{"title":"A-DERMA \u2014 EXOMEGA CONTROL HUILE LAVANTE \u00c9MOLLIENT ANTI-GRATTAGE 500 ml - paragaleriedetalborjt","robots":{"index":"index","follow":"follow","max-snippet":"max-snippet:-1","max-image-preview":"max-image-preview:large","max-video-preview":"max-video-preview:-1"},"canonical":"https:\/\/paragaleriedetalborjt.com\/en\/boutique\/a-derma-exomega-control-huile-lavante-emollient-anti-grattage-500-ml\/","og_locale":"en_US","og_type":"article","og_title":"A-DERMA \u2014 EXOMEGA CONTROL HUILE LAVANTE \u00c9MOLLIENT ANTI-GRATTAGE 500 ml - paragaleriedetalborjt","og_description":"Highlights:L\u2019huile lavant \u00e9molliente, nettoie et soulage les peaux fragiles s\u00e8ches \u00e0 tendance \u00e0 l\u2019\u00e9cz\u00e9ma atopique","og_url":"https:\/\/paragaleriedetalborjt.com\/en\/boutique\/a-derma-exomega-control-huile-lavante-emollient-anti-grattage-500-ml\/","og_site_name":"paragaleriedetalborjt","article_modified_time":"2026-01-03T19:54:27+00:00","og_image":[{"width":600,"height":600,"url":"https:\/\/paragaleriedetalborjt.com\/wp-content\/uploads\/2026\/01\/3282770143423-A-DERMAE28094EXOMEGACONTROLHUILELAVANTEC389MOLLIENTANTI-GRATTAGE-0137403001680952296-600x600-1.jpg","type":"image\/jpeg"}],"twitter_card":"summary_large_image","twitter_misc":{"Est. reading time":"2 minutes"},"schema":{"@context":"https:\/\/schema.org","@graph":[{"@type":"WebPage","@id":"https:\/\/paragaleriedetalborjt.com\/boutique\/a-derma-exomega-control-huile-lavante-emollient-anti-grattage-500-ml\/","url":"https:\/\/paragaleriedetalborjt.com\/boutique\/a-derma-exomega-control-huile-lavante-emollient-anti-grattage-500-ml\/","name":"A-DERMA \u2014 EXOMEGA CONTROL HUILE LAVANTE \u00c9MOLLIENT ANTI-GRATTAGE 500 ml - paragaleriedetalborjt","isPartOf":{"@id":"https:\/\/paragaleriedetalborjt.com\/#website"},"primaryImageOfPage":{"@id":"https:\/\/paragaleriedetalborjt.com\/boutique\/a-derma-exomega-control-huile-lavante-emollient-anti-grattage-500-ml\/#primaryimage"},"image":{"@id":"https:\/\/paragaleriedetalborjt.com\/boutique\/a-derma-exomega-control-huile-lavante-emollient-anti-grattage-500-ml\/#primaryimage"},"thumbnailUrl":"https:\/\/paragaleriedetalborjt.com\/wp-content\/uploads\/2026\/01\/3282770143423-A-DERMAE28094EXOMEGACONTROLHUILELAVANTEC389MOLLIENTANTI-GRATTAGE-0137403001680952296-600x600-1.jpg","datePublished":"2026-01-03T19:26:52+00:00","dateModified":"2026-01-03T19:54:27+00:00","breadcrumb":{"@id":"https:\/\/paragaleriedetalborjt.com\/boutique\/a-derma-exomega-control-huile-lavante-emollient-anti-grattage-500-ml\/#breadcrumb"},"inLanguage":"en-US","potentialAction":[{"@type":"ReadAction","target":["https:\/\/paragaleriedetalborjt.com\/boutique\/a-derma-exomega-control-huile-lavante-emollient-anti-grattage-500-ml\/"]}]},{"@type":"ImageObject","inLanguage":"en-US","@id":"https:\/\/paragaleriedetalborjt.com\/boutique\/a-derma-exomega-control-huile-lavante-emollient-anti-grattage-500-ml\/#primaryimage","url":"https:\/\/paragaleriedetalborjt.com\/wp-content\/uploads\/2026\/01\/3282770143423-A-DERMAE28094EXOMEGACONTROLHUILELAVANTEC389MOLLIENTANTI-GRATTAGE-0137403001680952296-600x600-1.jpg","contentUrl":"https:\/\/paragaleriedetalborjt.com\/wp-content\/uploads\/2026\/01\/3282770143423-A-DERMAE28094EXOMEGACONTROLHUILELAVANTEC389MOLLIENTANTI-GRATTAGE-0137403001680952296-600x600-1.jpg","width":600,"height":600},{"@type":"BreadcrumbList","@id":"https:\/\/paragaleriedetalborjt.com\/boutique\/a-derma-exomega-control-huile-lavante-emollient-anti-grattage-500-ml\/#breadcrumb","itemListElement":[{"@type":"ListItem","position":1,"name":"Accueil","item":"https:\/\/paragaleriedetalborjt.com\/"},{"@type":"ListItem","position":2,"name":"Boutique","item":"https:\/\/paragaleriedetalborjt.com\/boutique\/"},{"@type":"ListItem","position":3,"name":"A-DERMA \u2014 EXOMEGA CONTROL HUILE LAVANTE \u00c9MOLLIENT ANTI-GRATTAGE 500 ml"}]},{"@type":"WebSite","@id":"https:\/\/paragaleriedetalborjt.com\/#website","url":"https:\/\/paragaleriedetalborjt.com\/","name":"paragaleriedetalborjt","description":"","potentialAction":[{"@type":"SearchAction","target":{"@type":"EntryPoint","urlTemplate":"https:\/\/paragaleriedetalborjt.com\/?s={search_term_string}"},"query-input":{"@type":"PropertyValueSpecification","valueRequired":true,"valueName":"search_term_string"}}],"inLanguage":"en-US"}]}},"brands":[{"id":1662,"name":"A-DERMA","slug":"a-derma"}],"_links":{"self":[{"href":"https:\/\/paragaleriedetalborjt.com\/en\/wp-json\/wp\/v2\/product\/41380","targetHints":{"allow":["GET"]}}],"collection":[{"href":"https:\/\/paragaleriedetalborjt.com\/en\/wp-json\/wp\/v2\/product"}],"about":[{"href":"https:\/\/paragaleriedetalborjt.com\/en\/wp-json\/wp\/v2\/types\/product"}],"replies":[{"embeddable":true,"href":"https:\/\/paragaleriedetalborjt.com\/en\/wp-json\/wp\/v2\/comments?post=41380"}],"version-history":[{"count":1,"href":"https:\/\/paragaleriedetalborjt.com\/en\/wp-json\/wp\/v2\/product\/41380\/revisions"}],"predecessor-version":[{"id":41382,"href":"https:\/\/paragaleriedetalborjt.com\/en\/wp-json\/wp\/v2\/product\/41380\/revisions\/41382"}],"wp:featuredmedia":[{"embeddable":true,"href":"https:\/\/paragaleriedetalborjt.com\/en\/wp-json\/wp\/v2\/media\/41381"}],"wp:attachment":[{"href":"https:\/\/paragaleriedetalborjt.com\/en\/wp-json\/wp\/v2\/media?parent=41380"}],"wp:term":[{"taxonomy":"pwb-brand","embeddable":true,"href":"https:\/\/paragaleriedetalborjt.com\/en\/wp-json\/wp\/v2\/pwb-brand?post=41380"},{"taxonomy":"product_cat","embeddable":true,"href":"https:\/\/paragaleriedetalborjt.com\/en\/wp-json\/wp\/v2\/product_cat?post=41380"},{"taxonomy":"product_tag","embeddable":true,"href":"https:\/\/paragaleriedetalborjt.com\/en\/wp-json\/wp\/v2\/product_tag?post=41380"}],"curies":[{"name":"wp","href":"https:\/\/api.w.org\/{rel}","templated":true}]}}