{"id":41278,"date":"2026-01-03T20:11:12","date_gmt":"2026-01-03T19:11:12","guid":{"rendered":"https:\/\/paragaleriedetalborjt.com\/?post_type=product&#038;p=41278"},"modified":"2026-01-03T20:19:14","modified_gmt":"2026-01-03T19:19:14","slug":"daylong-face-sensitive-bb-fluide-teinte-spf-50-50-ml","status":"publish","type":"product","link":"https:\/\/paragaleriedetalborjt.com\/en\/boutique\/daylong-face-sensitive-bb-fluide-teinte-spf-50-50-ml\/","title":{"rendered":"DAYLONG FACE SENSITIVE BB FLUIDE TEINTE SPF 50+ 50 ML"},"content":{"rendered":"<div aria-labelledby=\"tab-title-description\" class=\"woocommerce-Tabs-panel woocommerce-Tabs-panel--description panel entry-content wc-tab\" id=\"tab-description\" role=\"tabpanel\" style=\"\">\n<h2>Description<\/h2>\n<p>Daylong Face Sensitive est un fluide de tr\u00e8s haute protection (SPF 50+), sp\u00e9cialement formul\u00e9 pour les peux sensibles, mixtes \u00e0 grasses :<br \/>\n*P\u00e9n\u00e8tre et agit imm\u00e9diatement<br \/>\n*Haute tol\u00e9rance cutan\u00e9e (sans graisses ni \u00e9mulsifiants)<br \/>\n*Teint mat et naturel longue dur\u00e9e gr\u00e2ce \u00e0 la r\u00e9gulation de la production de s\u00e9bum<br \/>\n*Protection \u00e0 large spectre contre les rayons UVA, UVB et infrarouges<br \/>\n*Haute protection contre les dommages cellulaires provoqu\u00e9s par les polluants environnementaux<br \/>\n*Id\u00e9al comme base de maquillage quotidienne<br \/>\n*Ne pique pas les yeux<br \/>\n*Fluide ultral\u00e9ger teint\u00e9<br \/>\n*Extra-r\u00e9sistant \u00e0 l\u2019eau, test\u00e9 en eau douce et en eau sal\u00e9e<br \/>\n*R\u00e9sistant \u00e0 la transpiration<br \/>\n*Non com\u00e9dog\u00e8ne (ne bouche pas les pores)<br \/>\n*Test\u00e9 sous contr\u00f4le dermatologique<br \/>\n*Sans parfum<\/p>\n<\/div>","protected":false},"excerpt":{"rendered":"<p>Highlights:Le Daylong\u2122 Face BB fluide teint\u00e9 SPF 50+ prot\u00e8ge efficacement la peau des rayons UVA, UVB et infrarouges, tout en neutralisant les radicaux libres pour ralentir le vieillissement cutan\u00e9. Ce fluide ultral\u00e9ger r\u00e9gule la production de s\u00e9bum et maintient un effet matifiant longue dur\u00e9e, sans regraisser. C\u2019est la base de maquillage id\u00e9ale pour la lutte quotidienne contre le vieillissement cutan\u00e9.<\/p>","protected":false},"featured_media":41279,"comment_status":"open","ping_status":"closed","template":"","meta":[],"pwb-brand":[1731],"product_cat":[16],"product_tag":[],"class_list":{"0":"post-41278","1":"product","2":"type-product","3":"status-publish","4":"has-post-thumbnail","6":"pwb-brand-daylong","7":"product_cat-non-classe","8":"pa_brands-daylong","10":"first","11":"instock","12":"sale","13":"shipping-taxable","14":"purchasable","15":"product-type-simple"},"yoast_head":"<!-- This site is optimized with the Yoast SEO plugin v26.9 - https:\/\/yoast.com\/product\/yoast-seo-wordpress\/ -->\n<title>DAYLONG FACE SENSITIVE BB FLUIDE TEINTE SPF 50+ 50 ML - paragaleriedetalborjt<\/title>\n<meta name=\"robots\" content=\"index, follow, max-snippet:-1, max-image-preview:large, max-video-preview:-1\" \/>\n<link rel=\"canonical\" href=\"https:\/\/paragaleriedetalborjt.com\/en\/boutique\/daylong-face-sensitive-bb-fluide-teinte-spf-50-50-ml\/\" \/>\n<meta property=\"og:locale\" content=\"en_US\" \/>\n<meta property=\"og:type\" content=\"article\" \/>\n<meta property=\"og:title\" content=\"DAYLONG FACE SENSITIVE BB FLUIDE TEINTE SPF 50+ 50 ML - paragaleriedetalborjt\" \/>\n<meta property=\"og:description\" content=\"Highlights:Le Daylong\u2122 Face BB fluide teint\u00e9 SPF 50+ prot\u00e8ge efficacement la peau des rayons UVA, UVB et infrarouges, tout en neutralisant les radicaux libres pour ralentir le vieillissement cutan\u00e9. Ce fluide ultral\u00e9ger r\u00e9gule la production de s\u00e9bum et maintient un effet matifiant longue dur\u00e9e, sans regraisser. C\u2019est la base de maquillage id\u00e9ale pour la lutte quotidienne contre le vieillissement cutan\u00e9.\" \/>\n<meta property=\"og:url\" content=\"https:\/\/paragaleriedetalborjt.com\/en\/boutique\/daylong-face-sensitive-bb-fluide-teinte-spf-50-50-ml\/\" \/>\n<meta property=\"og:site_name\" content=\"paragaleriedetalborjt\" \/>\n<meta property=\"article:modified_time\" content=\"2026-01-03T19:19:14+00:00\" \/>\n<meta property=\"og:image\" content=\"https:\/\/paragaleriedetalborjt.com\/wp-content\/uploads\/2026\/01\/Prim1_Daylong_sensitive_face-BBFluid_50_50ml-600x850-1.jpg\" \/>\n\t<meta property=\"og:image:width\" content=\"600\" \/>\n\t<meta property=\"og:image:height\" content=\"850\" \/>\n\t<meta property=\"og:image:type\" content=\"image\/jpeg\" \/>\n<meta name=\"twitter:card\" content=\"summary_large_image\" \/>\n<meta name=\"twitter:label1\" content=\"Est. reading time\" \/>\n\t<meta name=\"twitter:data1\" content=\"1 minute\" \/>\n<script type=\"application\/ld+json\" class=\"yoast-schema-graph\">{\"@context\":\"https:\/\/schema.org\",\"@graph\":[{\"@type\":\"WebPage\",\"@id\":\"https:\/\/paragaleriedetalborjt.com\/boutique\/daylong-face-sensitive-bb-fluide-teinte-spf-50-50-ml\/\",\"url\":\"https:\/\/paragaleriedetalborjt.com\/boutique\/daylong-face-sensitive-bb-fluide-teinte-spf-50-50-ml\/\",\"name\":\"DAYLONG FACE SENSITIVE BB FLUIDE TEINTE SPF 50+ 50 ML - paragaleriedetalborjt\",\"isPartOf\":{\"@id\":\"https:\/\/paragaleriedetalborjt.com\/#website\"},\"primaryImageOfPage\":{\"@id\":\"https:\/\/paragaleriedetalborjt.com\/boutique\/daylong-face-sensitive-bb-fluide-teinte-spf-50-50-ml\/#primaryimage\"},\"image\":{\"@id\":\"https:\/\/paragaleriedetalborjt.com\/boutique\/daylong-face-sensitive-bb-fluide-teinte-spf-50-50-ml\/#primaryimage\"},\"thumbnailUrl\":\"https:\/\/paragaleriedetalborjt.com\/wp-content\/uploads\/2026\/01\/Prim1_Daylong_sensitive_face-BBFluid_50_50ml-600x850-1.jpg\",\"datePublished\":\"2026-01-03T19:11:12+00:00\",\"dateModified\":\"2026-01-03T19:19:14+00:00\",\"breadcrumb\":{\"@id\":\"https:\/\/paragaleriedetalborjt.com\/boutique\/daylong-face-sensitive-bb-fluide-teinte-spf-50-50-ml\/#breadcrumb\"},\"inLanguage\":\"en-US\",\"potentialAction\":[{\"@type\":\"ReadAction\",\"target\":[\"https:\/\/paragaleriedetalborjt.com\/boutique\/daylong-face-sensitive-bb-fluide-teinte-spf-50-50-ml\/\"]}]},{\"@type\":\"ImageObject\",\"inLanguage\":\"en-US\",\"@id\":\"https:\/\/paragaleriedetalborjt.com\/boutique\/daylong-face-sensitive-bb-fluide-teinte-spf-50-50-ml\/#primaryimage\",\"url\":\"https:\/\/paragaleriedetalborjt.com\/wp-content\/uploads\/2026\/01\/Prim1_Daylong_sensitive_face-BBFluid_50_50ml-600x850-1.jpg\",\"contentUrl\":\"https:\/\/paragaleriedetalborjt.com\/wp-content\/uploads\/2026\/01\/Prim1_Daylong_sensitive_face-BBFluid_50_50ml-600x850-1.jpg\",\"width\":600,\"height\":850},{\"@type\":\"BreadcrumbList\",\"@id\":\"https:\/\/paragaleriedetalborjt.com\/boutique\/daylong-face-sensitive-bb-fluide-teinte-spf-50-50-ml\/#breadcrumb\",\"itemListElement\":[{\"@type\":\"ListItem\",\"position\":1,\"name\":\"Accueil\",\"item\":\"https:\/\/paragaleriedetalborjt.com\/\"},{\"@type\":\"ListItem\",\"position\":2,\"name\":\"Boutique\",\"item\":\"https:\/\/paragaleriedetalborjt.com\/boutique\/\"},{\"@type\":\"ListItem\",\"position\":3,\"name\":\"DAYLONG FACE SENSITIVE BB FLUIDE TEINTE SPF 50+ 50 ML\"}]},{\"@type\":\"WebSite\",\"@id\":\"https:\/\/paragaleriedetalborjt.com\/#website\",\"url\":\"https:\/\/paragaleriedetalborjt.com\/\",\"name\":\"paragaleriedetalborjt\",\"description\":\"\",\"potentialAction\":[{\"@type\":\"SearchAction\",\"target\":{\"@type\":\"EntryPoint\",\"urlTemplate\":\"https:\/\/paragaleriedetalborjt.com\/?s={search_term_string}\"},\"query-input\":{\"@type\":\"PropertyValueSpecification\",\"valueRequired\":true,\"valueName\":\"search_term_string\"}}],\"inLanguage\":\"en-US\"}]}<\/script>\n<!-- \/ Yoast SEO plugin. -->","yoast_head_json":{"title":"DAYLONG FACE SENSITIVE BB FLUIDE TEINTE SPF 50+ 50 ML - paragaleriedetalborjt","robots":{"index":"index","follow":"follow","max-snippet":"max-snippet:-1","max-image-preview":"max-image-preview:large","max-video-preview":"max-video-preview:-1"},"canonical":"https:\/\/paragaleriedetalborjt.com\/en\/boutique\/daylong-face-sensitive-bb-fluide-teinte-spf-50-50-ml\/","og_locale":"en_US","og_type":"article","og_title":"DAYLONG FACE SENSITIVE BB FLUIDE TEINTE SPF 50+ 50 ML - paragaleriedetalborjt","og_description":"Highlights:Le Daylong\u2122 Face BB fluide teint\u00e9 SPF 50+ prot\u00e8ge efficacement la peau des rayons UVA, UVB et infrarouges, tout en neutralisant les radicaux libres pour ralentir le vieillissement cutan\u00e9. Ce fluide ultral\u00e9ger r\u00e9gule la production de s\u00e9bum et maintient un effet matifiant longue dur\u00e9e, sans regraisser. C\u2019est la base de maquillage id\u00e9ale pour la lutte quotidienne contre le vieillissement cutan\u00e9.","og_url":"https:\/\/paragaleriedetalborjt.com\/en\/boutique\/daylong-face-sensitive-bb-fluide-teinte-spf-50-50-ml\/","og_site_name":"paragaleriedetalborjt","article_modified_time":"2026-01-03T19:19:14+00:00","og_image":[{"width":600,"height":850,"url":"https:\/\/paragaleriedetalborjt.com\/wp-content\/uploads\/2026\/01\/Prim1_Daylong_sensitive_face-BBFluid_50_50ml-600x850-1.jpg","type":"image\/jpeg"}],"twitter_card":"summary_large_image","twitter_misc":{"Est. reading time":"1 minute"},"schema":{"@context":"https:\/\/schema.org","@graph":[{"@type":"WebPage","@id":"https:\/\/paragaleriedetalborjt.com\/boutique\/daylong-face-sensitive-bb-fluide-teinte-spf-50-50-ml\/","url":"https:\/\/paragaleriedetalborjt.com\/boutique\/daylong-face-sensitive-bb-fluide-teinte-spf-50-50-ml\/","name":"DAYLONG FACE SENSITIVE BB FLUIDE TEINTE SPF 50+ 50 ML - paragaleriedetalborjt","isPartOf":{"@id":"https:\/\/paragaleriedetalborjt.com\/#website"},"primaryImageOfPage":{"@id":"https:\/\/paragaleriedetalborjt.com\/boutique\/daylong-face-sensitive-bb-fluide-teinte-spf-50-50-ml\/#primaryimage"},"image":{"@id":"https:\/\/paragaleriedetalborjt.com\/boutique\/daylong-face-sensitive-bb-fluide-teinte-spf-50-50-ml\/#primaryimage"},"thumbnailUrl":"https:\/\/paragaleriedetalborjt.com\/wp-content\/uploads\/2026\/01\/Prim1_Daylong_sensitive_face-BBFluid_50_50ml-600x850-1.jpg","datePublished":"2026-01-03T19:11:12+00:00","dateModified":"2026-01-03T19:19:14+00:00","breadcrumb":{"@id":"https:\/\/paragaleriedetalborjt.com\/boutique\/daylong-face-sensitive-bb-fluide-teinte-spf-50-50-ml\/#breadcrumb"},"inLanguage":"en-US","potentialAction":[{"@type":"ReadAction","target":["https:\/\/paragaleriedetalborjt.com\/boutique\/daylong-face-sensitive-bb-fluide-teinte-spf-50-50-ml\/"]}]},{"@type":"ImageObject","inLanguage":"en-US","@id":"https:\/\/paragaleriedetalborjt.com\/boutique\/daylong-face-sensitive-bb-fluide-teinte-spf-50-50-ml\/#primaryimage","url":"https:\/\/paragaleriedetalborjt.com\/wp-content\/uploads\/2026\/01\/Prim1_Daylong_sensitive_face-BBFluid_50_50ml-600x850-1.jpg","contentUrl":"https:\/\/paragaleriedetalborjt.com\/wp-content\/uploads\/2026\/01\/Prim1_Daylong_sensitive_face-BBFluid_50_50ml-600x850-1.jpg","width":600,"height":850},{"@type":"BreadcrumbList","@id":"https:\/\/paragaleriedetalborjt.com\/boutique\/daylong-face-sensitive-bb-fluide-teinte-spf-50-50-ml\/#breadcrumb","itemListElement":[{"@type":"ListItem","position":1,"name":"Accueil","item":"https:\/\/paragaleriedetalborjt.com\/"},{"@type":"ListItem","position":2,"name":"Boutique","item":"https:\/\/paragaleriedetalborjt.com\/boutique\/"},{"@type":"ListItem","position":3,"name":"DAYLONG FACE SENSITIVE BB FLUIDE TEINTE SPF 50+ 50 ML"}]},{"@type":"WebSite","@id":"https:\/\/paragaleriedetalborjt.com\/#website","url":"https:\/\/paragaleriedetalborjt.com\/","name":"paragaleriedetalborjt","description":"","potentialAction":[{"@type":"SearchAction","target":{"@type":"EntryPoint","urlTemplate":"https:\/\/paragaleriedetalborjt.com\/?s={search_term_string}"},"query-input":{"@type":"PropertyValueSpecification","valueRequired":true,"valueName":"search_term_string"}}],"inLanguage":"en-US"}]}},"brands":[{"id":1731,"name":"DAYLONG","slug":"daylong"}],"_links":{"self":[{"href":"https:\/\/paragaleriedetalborjt.com\/en\/wp-json\/wp\/v2\/product\/41278","targetHints":{"allow":["GET"]}}],"collection":[{"href":"https:\/\/paragaleriedetalborjt.com\/en\/wp-json\/wp\/v2\/product"}],"about":[{"href":"https:\/\/paragaleriedetalborjt.com\/en\/wp-json\/wp\/v2\/types\/product"}],"replies":[{"embeddable":true,"href":"https:\/\/paragaleriedetalborjt.com\/en\/wp-json\/wp\/v2\/comments?post=41278"}],"version-history":[{"count":1,"href":"https:\/\/paragaleriedetalborjt.com\/en\/wp-json\/wp\/v2\/product\/41278\/revisions"}],"predecessor-version":[{"id":41280,"href":"https:\/\/paragaleriedetalborjt.com\/en\/wp-json\/wp\/v2\/product\/41278\/revisions\/41280"}],"wp:featuredmedia":[{"embeddable":true,"href":"https:\/\/paragaleriedetalborjt.com\/en\/wp-json\/wp\/v2\/media\/41279"}],"wp:attachment":[{"href":"https:\/\/paragaleriedetalborjt.com\/en\/wp-json\/wp\/v2\/media?parent=41278"}],"wp:term":[{"taxonomy":"pwb-brand","embeddable":true,"href":"https:\/\/paragaleriedetalborjt.com\/en\/wp-json\/wp\/v2\/pwb-brand?post=41278"},{"taxonomy":"product_cat","embeddable":true,"href":"https:\/\/paragaleriedetalborjt.com\/en\/wp-json\/wp\/v2\/product_cat?post=41278"},{"taxonomy":"product_tag","embeddable":true,"href":"https:\/\/paragaleriedetalborjt.com\/en\/wp-json\/wp\/v2\/product_tag?post=41278"}],"curies":[{"name":"wp","href":"https:\/\/api.w.org\/{rel}","templated":true}]}}