{"id":41266,"date":"2026-01-03T20:10:49","date_gmt":"2026-01-03T19:10:49","guid":{"rendered":"https:\/\/paragaleriedetalborjt.com\/?post_type=product&#038;p=41266"},"modified":"2026-01-03T20:19:12","modified_gmt":"2026-01-03T19:19:12","slug":"dcp-syndet-lipidik-creme-lavante-relipidante-200ml","status":"publish","type":"product","link":"https:\/\/paragaleriedetalborjt.com\/en\/boutique\/dcp-syndet-lipidik-creme-lavante-relipidante-200ml\/","title":{"rendered":"DCP SYNDET LIPIDIK Cr\u00e8me Lavante Relipidante 200ml"},"content":{"rendered":"<div aria-labelledby=\"tab-title-description\" class=\"woocommerce-Tabs-panel woocommerce-Tabs-panel--description panel entry-content wc-tab\" id=\"tab-description\" role=\"tabpanel\" style=\"\">\n<h2>Description<\/h2>\n<p><strong>Proprie?te?s :<\/strong><br \/>\n\u2013 Apaisant<br \/>\n\u2013 Anti-grattage<br \/>\n\u2013 Base lavante douce = surgras, sans savon, non de?tergent<br \/>\n\u2013 Pre?serve l\u2019inte?grite? de la peau (pH physiologique)<br \/>\n\u2013 Glyce?rine : humectant anti-de?shydratation<br \/>\n\u2013 Lipoamoniacide d\u2019origine ve?ge?tal (hydrate et surgraisse)<br \/>\n\u2013 Extrait ve?ge?tal (adoucissant \u2013 calmant)<br \/>\n\u2013 Sans conservateur<br \/>\n\u2013 Sans parfum<\/p>\n<p><strong>Avantages :<\/strong><\/p>\n<p>\u2013 Hygie?ne quotidienne des peaux sensibles et fragilise?es ( Nourrison \u2013 Enfant \u2013 Adulte )<\/p>\n<p>\u2013 Visage et corps<\/p>\n<p>\u2013 Teste? sous contro?le dermatologique<\/p>\n<p>\u2013 Hypoallerge?nique<\/p>\n<p><strong>Be?ne?fices :<\/strong><\/p>\n<p>\u2013 Pre?vient les sensations de tiraillements<\/p>\n<p>\u2013 Nettoie en toute se?curite?<\/p>\n<p>\u2013 Respecte l\u2019e?quilibre biologique<\/p>\n<div class=\"elementor-element elementor-element-e73adec elementor-widget elementor-widget-heading\" data-element_type=\"widget\" data-id=\"e73adec\" data-widget_type=\"heading.default\">\n<div class=\"elementor-widget-container\">\n<p class=\"elementor-heading-title elementor-size-default\"><strong>Conseils d\u2019utilisation :<\/strong><\/p>\n<\/div>\n<\/div>\n<div class=\"elementor-element elementor-element-3267328 elementor-widget elementor-widget-text-editor\" data-element_type=\"widget\" data-id=\"3267328\" data-widget_type=\"text-editor.default\">\n<div class=\"elementor-widget-container\">Appliquer deux fois par jour une petite quantite? de DCP SYNDET LIPIDIK sur une peau mouille?e en massant avec de le?gers mouvements circulaires du bout des doigts. Rincer abondamment a? l\u2019eau.<\/div>\n<\/div>\n<\/div>","protected":false},"excerpt":{"rendered":"<p>Highlights:Cr\u00e9me Lavante apaisante, anti-grattage \u00e0 base lavante douce qui pre?serve l\u2019inte?grite? de la peau. Sans conservateur et sans parfum.<\/p>","protected":false},"featured_media":41267,"comment_status":"open","ping_status":"closed","template":"","meta":[],"pwb-brand":[1576],"product_cat":[16],"product_tag":[],"class_list":{"0":"post-41266","1":"product","2":"type-product","3":"status-publish","4":"has-post-thumbnail","6":"pwb-brand-dcp","7":"product_cat-non-classe","8":"pa_brands-dcp","10":"first","11":"instock","12":"sale","13":"shipping-taxable","14":"purchasable","15":"product-type-simple"},"yoast_head":"<!-- This site is optimized with the Yoast SEO plugin v27.5 - https:\/\/yoast.com\/product\/yoast-seo-wordpress\/ -->\n<title>DCP SYNDET LIPIDIK Cr\u00e8me Lavante Relipidante 200ml - paragaleriedetalborjt<\/title>\n<meta name=\"robots\" content=\"index, follow, max-snippet:-1, max-image-preview:large, max-video-preview:-1\" \/>\n<link rel=\"canonical\" href=\"https:\/\/paragaleriedetalborjt.com\/en\/boutique\/dcp-syndet-lipidik-creme-lavante-relipidante-200ml\/\" \/>\n<meta property=\"og:locale\" content=\"en_US\" \/>\n<meta property=\"og:type\" content=\"article\" \/>\n<meta property=\"og:title\" content=\"DCP SYNDET LIPIDIK Cr\u00e8me Lavante Relipidante 200ml - paragaleriedetalborjt\" \/>\n<meta property=\"og:description\" content=\"Highlights:Cr\u00e9me Lavante apaisante, anti-grattage \u00e0 base lavante douce qui pre?serve l\u2019inte?grite? de la peau. Sans conservateur et sans parfum.\" \/>\n<meta property=\"og:url\" content=\"https:\/\/paragaleriedetalborjt.com\/en\/boutique\/dcp-syndet-lipidik-creme-lavante-relipidante-200ml\/\" \/>\n<meta property=\"og:site_name\" content=\"paragaleriedetalborjt\" \/>\n<meta property=\"article:modified_time\" content=\"2026-01-03T19:19:12+00:00\" \/>\n<meta property=\"og:image\" content=\"https:\/\/paragaleriedetalborjt.com\/wp-content\/uploads\/2026\/01\/DCP-SYNDET-LIPIDIK.jpg\" \/>\n\t<meta property=\"og:image:width\" content=\"595\" \/>\n\t<meta property=\"og:image:height\" content=\"655\" \/>\n\t<meta property=\"og:image:type\" content=\"image\/jpeg\" \/>\n<meta name=\"twitter:card\" content=\"summary_large_image\" \/>\n<meta name=\"twitter:label1\" content=\"Est. reading time\" \/>\n\t<meta name=\"twitter:data1\" content=\"1 minute\" \/>\n<script type=\"application\/ld+json\" class=\"yoast-schema-graph\">{\"@context\":\"https:\\\/\\\/schema.org\",\"@graph\":[{\"@type\":\"WebPage\",\"@id\":\"https:\\\/\\\/paragaleriedetalborjt.com\\\/boutique\\\/dcp-syndet-lipidik-creme-lavante-relipidante-200ml\\\/\",\"url\":\"https:\\\/\\\/paragaleriedetalborjt.com\\\/boutique\\\/dcp-syndet-lipidik-creme-lavante-relipidante-200ml\\\/\",\"name\":\"DCP SYNDET LIPIDIK Cr\u00e8me Lavante Relipidante 200ml - paragaleriedetalborjt\",\"isPartOf\":{\"@id\":\"https:\\\/\\\/paragaleriedetalborjt.com\\\/#website\"},\"primaryImageOfPage\":{\"@id\":\"https:\\\/\\\/paragaleriedetalborjt.com\\\/boutique\\\/dcp-syndet-lipidik-creme-lavante-relipidante-200ml\\\/#primaryimage\"},\"image\":{\"@id\":\"https:\\\/\\\/paragaleriedetalborjt.com\\\/boutique\\\/dcp-syndet-lipidik-creme-lavante-relipidante-200ml\\\/#primaryimage\"},\"thumbnailUrl\":\"https:\\\/\\\/paragaleriedetalborjt.com\\\/wp-content\\\/uploads\\\/2026\\\/01\\\/DCP-SYNDET-LIPIDIK.jpg\",\"datePublished\":\"2026-01-03T19:10:49+00:00\",\"dateModified\":\"2026-01-03T19:19:12+00:00\",\"breadcrumb\":{\"@id\":\"https:\\\/\\\/paragaleriedetalborjt.com\\\/boutique\\\/dcp-syndet-lipidik-creme-lavante-relipidante-200ml\\\/#breadcrumb\"},\"inLanguage\":\"en-US\",\"potentialAction\":[{\"@type\":\"ReadAction\",\"target\":[\"https:\\\/\\\/paragaleriedetalborjt.com\\\/boutique\\\/dcp-syndet-lipidik-creme-lavante-relipidante-200ml\\\/\"]}]},{\"@type\":\"ImageObject\",\"inLanguage\":\"en-US\",\"@id\":\"https:\\\/\\\/paragaleriedetalborjt.com\\\/boutique\\\/dcp-syndet-lipidik-creme-lavante-relipidante-200ml\\\/#primaryimage\",\"url\":\"https:\\\/\\\/paragaleriedetalborjt.com\\\/wp-content\\\/uploads\\\/2026\\\/01\\\/DCP-SYNDET-LIPIDIK.jpg\",\"contentUrl\":\"https:\\\/\\\/paragaleriedetalborjt.com\\\/wp-content\\\/uploads\\\/2026\\\/01\\\/DCP-SYNDET-LIPIDIK.jpg\",\"width\":595,\"height\":655},{\"@type\":\"BreadcrumbList\",\"@id\":\"https:\\\/\\\/paragaleriedetalborjt.com\\\/boutique\\\/dcp-syndet-lipidik-creme-lavante-relipidante-200ml\\\/#breadcrumb\",\"itemListElement\":[{\"@type\":\"ListItem\",\"position\":1,\"name\":\"Accueil\",\"item\":\"https:\\\/\\\/paragaleriedetalborjt.com\\\/\"},{\"@type\":\"ListItem\",\"position\":2,\"name\":\"Boutique\",\"item\":\"https:\\\/\\\/paragaleriedetalborjt.com\\\/boutique\\\/\"},{\"@type\":\"ListItem\",\"position\":3,\"name\":\"DCP SYNDET LIPIDIK Cr\u00e8me Lavante Relipidante 200ml\"}]},{\"@type\":\"WebSite\",\"@id\":\"https:\\\/\\\/paragaleriedetalborjt.com\\\/#website\",\"url\":\"https:\\\/\\\/paragaleriedetalborjt.com\\\/\",\"name\":\"paragaleriedetalborjt\",\"description\":\"\",\"potentialAction\":[{\"@type\":\"SearchAction\",\"target\":{\"@type\":\"EntryPoint\",\"urlTemplate\":\"https:\\\/\\\/paragaleriedetalborjt.com\\\/?s={search_term_string}\"},\"query-input\":{\"@type\":\"PropertyValueSpecification\",\"valueRequired\":true,\"valueName\":\"search_term_string\"}}],\"inLanguage\":\"en-US\"}]}<\/script>\n<!-- \/ Yoast SEO plugin. -->","yoast_head_json":{"title":"DCP SYNDET LIPIDIK Cr\u00e8me Lavante Relipidante 200ml - paragaleriedetalborjt","robots":{"index":"index","follow":"follow","max-snippet":"max-snippet:-1","max-image-preview":"max-image-preview:large","max-video-preview":"max-video-preview:-1"},"canonical":"https:\/\/paragaleriedetalborjt.com\/en\/boutique\/dcp-syndet-lipidik-creme-lavante-relipidante-200ml\/","og_locale":"en_US","og_type":"article","og_title":"DCP SYNDET LIPIDIK Cr\u00e8me Lavante Relipidante 200ml - paragaleriedetalborjt","og_description":"Highlights:Cr\u00e9me Lavante apaisante, anti-grattage \u00e0 base lavante douce qui pre?serve l\u2019inte?grite? de la peau. Sans conservateur et sans parfum.","og_url":"https:\/\/paragaleriedetalborjt.com\/en\/boutique\/dcp-syndet-lipidik-creme-lavante-relipidante-200ml\/","og_site_name":"paragaleriedetalborjt","article_modified_time":"2026-01-03T19:19:12+00:00","og_image":[{"width":595,"height":655,"url":"https:\/\/paragaleriedetalborjt.com\/wp-content\/uploads\/2026\/01\/DCP-SYNDET-LIPIDIK.jpg","type":"image\/jpeg"}],"twitter_card":"summary_large_image","twitter_misc":{"Est. reading time":"1 minute"},"schema":{"@context":"https:\/\/schema.org","@graph":[{"@type":"WebPage","@id":"https:\/\/paragaleriedetalborjt.com\/boutique\/dcp-syndet-lipidik-creme-lavante-relipidante-200ml\/","url":"https:\/\/paragaleriedetalborjt.com\/boutique\/dcp-syndet-lipidik-creme-lavante-relipidante-200ml\/","name":"DCP SYNDET LIPIDIK Cr\u00e8me Lavante Relipidante 200ml - paragaleriedetalborjt","isPartOf":{"@id":"https:\/\/paragaleriedetalborjt.com\/#website"},"primaryImageOfPage":{"@id":"https:\/\/paragaleriedetalborjt.com\/boutique\/dcp-syndet-lipidik-creme-lavante-relipidante-200ml\/#primaryimage"},"image":{"@id":"https:\/\/paragaleriedetalborjt.com\/boutique\/dcp-syndet-lipidik-creme-lavante-relipidante-200ml\/#primaryimage"},"thumbnailUrl":"https:\/\/paragaleriedetalborjt.com\/wp-content\/uploads\/2026\/01\/DCP-SYNDET-LIPIDIK.jpg","datePublished":"2026-01-03T19:10:49+00:00","dateModified":"2026-01-03T19:19:12+00:00","breadcrumb":{"@id":"https:\/\/paragaleriedetalborjt.com\/boutique\/dcp-syndet-lipidik-creme-lavante-relipidante-200ml\/#breadcrumb"},"inLanguage":"en-US","potentialAction":[{"@type":"ReadAction","target":["https:\/\/paragaleriedetalborjt.com\/boutique\/dcp-syndet-lipidik-creme-lavante-relipidante-200ml\/"]}]},{"@type":"ImageObject","inLanguage":"en-US","@id":"https:\/\/paragaleriedetalborjt.com\/boutique\/dcp-syndet-lipidik-creme-lavante-relipidante-200ml\/#primaryimage","url":"https:\/\/paragaleriedetalborjt.com\/wp-content\/uploads\/2026\/01\/DCP-SYNDET-LIPIDIK.jpg","contentUrl":"https:\/\/paragaleriedetalborjt.com\/wp-content\/uploads\/2026\/01\/DCP-SYNDET-LIPIDIK.jpg","width":595,"height":655},{"@type":"BreadcrumbList","@id":"https:\/\/paragaleriedetalborjt.com\/boutique\/dcp-syndet-lipidik-creme-lavante-relipidante-200ml\/#breadcrumb","itemListElement":[{"@type":"ListItem","position":1,"name":"Accueil","item":"https:\/\/paragaleriedetalborjt.com\/"},{"@type":"ListItem","position":2,"name":"Boutique","item":"https:\/\/paragaleriedetalborjt.com\/boutique\/"},{"@type":"ListItem","position":3,"name":"DCP SYNDET LIPIDIK Cr\u00e8me Lavante Relipidante 200ml"}]},{"@type":"WebSite","@id":"https:\/\/paragaleriedetalborjt.com\/#website","url":"https:\/\/paragaleriedetalborjt.com\/","name":"paragaleriedetalborjt","description":"","potentialAction":[{"@type":"SearchAction","target":{"@type":"EntryPoint","urlTemplate":"https:\/\/paragaleriedetalborjt.com\/?s={search_term_string}"},"query-input":{"@type":"PropertyValueSpecification","valueRequired":true,"valueName":"search_term_string"}}],"inLanguage":"en-US"}]}},"brands":[{"id":1576,"name":"DCP","slug":"dcp"}],"_links":{"self":[{"href":"https:\/\/paragaleriedetalborjt.com\/en\/wp-json\/wp\/v2\/product\/41266","targetHints":{"allow":["GET"]}}],"collection":[{"href":"https:\/\/paragaleriedetalborjt.com\/en\/wp-json\/wp\/v2\/product"}],"about":[{"href":"https:\/\/paragaleriedetalborjt.com\/en\/wp-json\/wp\/v2\/types\/product"}],"replies":[{"embeddable":true,"href":"https:\/\/paragaleriedetalborjt.com\/en\/wp-json\/wp\/v2\/comments?post=41266"}],"version-history":[{"count":1,"href":"https:\/\/paragaleriedetalborjt.com\/en\/wp-json\/wp\/v2\/product\/41266\/revisions"}],"predecessor-version":[{"id":41268,"href":"https:\/\/paragaleriedetalborjt.com\/en\/wp-json\/wp\/v2\/product\/41266\/revisions\/41268"}],"wp:featuredmedia":[{"embeddable":true,"href":"https:\/\/paragaleriedetalborjt.com\/en\/wp-json\/wp\/v2\/media\/41267"}],"wp:attachment":[{"href":"https:\/\/paragaleriedetalborjt.com\/en\/wp-json\/wp\/v2\/media?parent=41266"}],"wp:term":[{"taxonomy":"pwb-brand","embeddable":true,"href":"https:\/\/paragaleriedetalborjt.com\/en\/wp-json\/wp\/v2\/pwb-brand?post=41266"},{"taxonomy":"product_cat","embeddable":true,"href":"https:\/\/paragaleriedetalborjt.com\/en\/wp-json\/wp\/v2\/product_cat?post=41266"},{"taxonomy":"product_tag","embeddable":true,"href":"https:\/\/paragaleriedetalborjt.com\/en\/wp-json\/wp\/v2\/product_tag?post=41266"}],"curies":[{"name":"wp","href":"https:\/\/api.w.org\/{rel}","templated":true}]}}