{"id":41239,"date":"2026-01-03T20:10:00","date_gmt":"2026-01-03T19:10:00","guid":{"rendered":"https:\/\/paragaleriedetalborjt.com\/?post_type=product&#038;p=41239"},"modified":"2026-01-03T20:19:10","modified_gmt":"2026-01-03T19:19:10","slug":"ziaja-shampooing-regenerant-a-lolive-naturel-400ml","status":"publish","type":"product","link":"https:\/\/paragaleriedetalborjt.com\/en\/boutique\/ziaja-shampooing-regenerant-a-lolive-naturel-400ml\/","title":{"rendered":"Ziaja Shampooing Regenerant a l\u2019olive Naturel 400ml"},"content":{"rendered":"<div aria-labelledby=\"tab-title-description\" class=\"woocommerce-Tabs-panel woocommerce-Tabs-panel--description panel entry-content wc-tab\" id=\"tab-description\" role=\"tabpanel\" style=\"\">\n<h2>Description<\/h2>\n<p><span>Il contient de l\u2019huile d\u2019olive, de l\u2019ur\u00e9e et de la provitamine B5 \u2013 des substances tr\u00e8s efficaces pour les soins de la peau et des cheveux, \u00e9galement pendant le lavage.<\/span><\/p>\n<p><strong><span>Ne contient pas de silicones et de parab\u00e8nes.<\/span><br \/>\n<span>N\u2019alourdit pas les cheveux.<\/span><\/strong><\/p>\n<p><strong><span>soin naturel des olives<\/span><br \/>\n<\/strong><\/p>\n<ul>\n<li><span>nettoie en douceur les cheveux et le cuir chevelu<\/span><\/li>\n<li><span>soutient le processus de r\u00e9g\u00e9n\u00e9ration des cheveux<\/span><\/li>\n<li><span>donne un toucher doux et souple aux cheveux<\/span><\/li>\n<li><span>redonne du volume naturel et un aspect sain aux cheveux<\/span><\/li>\n<li><span>laisse un parfum agr\u00e9able de longue dur\u00e9e<\/span><\/li>\n<\/ul>\n<\/div>","protected":false},"excerpt":{"rendered":"<p>Highlights:Shampooing nourrissant pour le lavage fr\u00e9quent de tous les types de cheveux qui ont besoin d\u2019\u00eatre r\u00e9g\u00e9n\u00e9r\u00e9s, en particulier secs, cassants, apr\u00e8s des traitements de coiffure.<\/p>","protected":false},"featured_media":41240,"comment_status":"open","ping_status":"closed","template":"","meta":[],"pwb-brand":[1637],"product_cat":[16],"product_tag":[],"class_list":{"0":"post-41239","1":"product","2":"type-product","3":"status-publish","4":"has-post-thumbnail","6":"pwb-brand-ziaja","7":"product_cat-non-classe","8":"pa_brands-ziaja","10":"first","11":"instock","12":"sale","13":"shipping-taxable","14":"purchasable","15":"product-type-simple"},"yoast_head":"<!-- This site is optimized with the Yoast SEO plugin v27.5 - https:\/\/yoast.com\/product\/yoast-seo-wordpress\/ -->\n<title>Ziaja Shampooing Regenerant a l\u2019olive Naturel 400ml - paragaleriedetalborjt<\/title>\n<meta name=\"robots\" content=\"index, follow, max-snippet:-1, max-image-preview:large, max-video-preview:-1\" \/>\n<link rel=\"canonical\" href=\"https:\/\/paragaleriedetalborjt.com\/en\/boutique\/ziaja-shampooing-regenerant-a-lolive-naturel-400ml\/\" \/>\n<meta property=\"og:locale\" content=\"en_US\" \/>\n<meta property=\"og:type\" content=\"article\" \/>\n<meta property=\"og:title\" content=\"Ziaja Shampooing Regenerant a l\u2019olive Naturel 400ml - paragaleriedetalborjt\" \/>\n<meta property=\"og:description\" content=\"Highlights:Shampooing nourrissant pour le lavage fr\u00e9quent de tous les types de cheveux qui ont besoin d\u2019\u00eatre r\u00e9g\u00e9n\u00e9r\u00e9s, en particulier secs, cassants, apr\u00e8s des traitements de coiffure.\" \/>\n<meta property=\"og:url\" content=\"https:\/\/paragaleriedetalborjt.com\/en\/boutique\/ziaja-shampooing-regenerant-a-lolive-naturel-400ml\/\" \/>\n<meta property=\"og:site_name\" content=\"paragaleriedetalborjt\" \/>\n<meta property=\"article:modified_time\" content=\"2026-01-03T19:19:10+00:00\" \/>\n<meta property=\"og:image\" content=\"https:\/\/paragaleriedetalborjt.com\/wp-content\/uploads\/2026\/01\/Ziaja-shamp-regenerant-a-lolive-naturel-400ml.jpg\" \/>\n\t<meta property=\"og:image:width\" content=\"595\" \/>\n\t<meta property=\"og:image:height\" content=\"655\" \/>\n\t<meta property=\"og:image:type\" content=\"image\/jpeg\" \/>\n<meta name=\"twitter:card\" content=\"summary_large_image\" \/>\n<script type=\"application\/ld+json\" class=\"yoast-schema-graph\">{\"@context\":\"https:\\\/\\\/schema.org\",\"@graph\":[{\"@type\":\"WebPage\",\"@id\":\"https:\\\/\\\/paragaleriedetalborjt.com\\\/boutique\\\/ziaja-shampooing-regenerant-a-lolive-naturel-400ml\\\/\",\"url\":\"https:\\\/\\\/paragaleriedetalborjt.com\\\/boutique\\\/ziaja-shampooing-regenerant-a-lolive-naturel-400ml\\\/\",\"name\":\"Ziaja Shampooing Regenerant a l\u2019olive Naturel 400ml - paragaleriedetalborjt\",\"isPartOf\":{\"@id\":\"https:\\\/\\\/paragaleriedetalborjt.com\\\/#website\"},\"primaryImageOfPage\":{\"@id\":\"https:\\\/\\\/paragaleriedetalborjt.com\\\/boutique\\\/ziaja-shampooing-regenerant-a-lolive-naturel-400ml\\\/#primaryimage\"},\"image\":{\"@id\":\"https:\\\/\\\/paragaleriedetalborjt.com\\\/boutique\\\/ziaja-shampooing-regenerant-a-lolive-naturel-400ml\\\/#primaryimage\"},\"thumbnailUrl\":\"https:\\\/\\\/paragaleriedetalborjt.com\\\/wp-content\\\/uploads\\\/2026\\\/01\\\/Ziaja-shamp-regenerant-a-lolive-naturel-400ml.jpg\",\"datePublished\":\"2026-01-03T19:10:00+00:00\",\"dateModified\":\"2026-01-03T19:19:10+00:00\",\"breadcrumb\":{\"@id\":\"https:\\\/\\\/paragaleriedetalborjt.com\\\/boutique\\\/ziaja-shampooing-regenerant-a-lolive-naturel-400ml\\\/#breadcrumb\"},\"inLanguage\":\"en-US\",\"potentialAction\":[{\"@type\":\"ReadAction\",\"target\":[\"https:\\\/\\\/paragaleriedetalborjt.com\\\/boutique\\\/ziaja-shampooing-regenerant-a-lolive-naturel-400ml\\\/\"]}]},{\"@type\":\"ImageObject\",\"inLanguage\":\"en-US\",\"@id\":\"https:\\\/\\\/paragaleriedetalborjt.com\\\/boutique\\\/ziaja-shampooing-regenerant-a-lolive-naturel-400ml\\\/#primaryimage\",\"url\":\"https:\\\/\\\/paragaleriedetalborjt.com\\\/wp-content\\\/uploads\\\/2026\\\/01\\\/Ziaja-shamp-regenerant-a-lolive-naturel-400ml.jpg\",\"contentUrl\":\"https:\\\/\\\/paragaleriedetalborjt.com\\\/wp-content\\\/uploads\\\/2026\\\/01\\\/Ziaja-shamp-regenerant-a-lolive-naturel-400ml.jpg\",\"width\":595,\"height\":655},{\"@type\":\"BreadcrumbList\",\"@id\":\"https:\\\/\\\/paragaleriedetalborjt.com\\\/boutique\\\/ziaja-shampooing-regenerant-a-lolive-naturel-400ml\\\/#breadcrumb\",\"itemListElement\":[{\"@type\":\"ListItem\",\"position\":1,\"name\":\"Accueil\",\"item\":\"https:\\\/\\\/paragaleriedetalborjt.com\\\/\"},{\"@type\":\"ListItem\",\"position\":2,\"name\":\"Boutique\",\"item\":\"https:\\\/\\\/paragaleriedetalborjt.com\\\/boutique\\\/\"},{\"@type\":\"ListItem\",\"position\":3,\"name\":\"Ziaja Shampooing Regenerant a l\u2019olive Naturel 400ml\"}]},{\"@type\":\"WebSite\",\"@id\":\"https:\\\/\\\/paragaleriedetalborjt.com\\\/#website\",\"url\":\"https:\\\/\\\/paragaleriedetalborjt.com\\\/\",\"name\":\"paragaleriedetalborjt\",\"description\":\"\",\"potentialAction\":[{\"@type\":\"SearchAction\",\"target\":{\"@type\":\"EntryPoint\",\"urlTemplate\":\"https:\\\/\\\/paragaleriedetalborjt.com\\\/?s={search_term_string}\"},\"query-input\":{\"@type\":\"PropertyValueSpecification\",\"valueRequired\":true,\"valueName\":\"search_term_string\"}}],\"inLanguage\":\"en-US\"}]}<\/script>\n<!-- \/ Yoast SEO plugin. -->","yoast_head_json":{"title":"Ziaja Shampooing Regenerant a l\u2019olive Naturel 400ml - paragaleriedetalborjt","robots":{"index":"index","follow":"follow","max-snippet":"max-snippet:-1","max-image-preview":"max-image-preview:large","max-video-preview":"max-video-preview:-1"},"canonical":"https:\/\/paragaleriedetalborjt.com\/en\/boutique\/ziaja-shampooing-regenerant-a-lolive-naturel-400ml\/","og_locale":"en_US","og_type":"article","og_title":"Ziaja Shampooing Regenerant a l\u2019olive Naturel 400ml - paragaleriedetalborjt","og_description":"Highlights:Shampooing nourrissant pour le lavage fr\u00e9quent de tous les types de cheveux qui ont besoin d\u2019\u00eatre r\u00e9g\u00e9n\u00e9r\u00e9s, en particulier secs, cassants, apr\u00e8s des traitements de coiffure.","og_url":"https:\/\/paragaleriedetalborjt.com\/en\/boutique\/ziaja-shampooing-regenerant-a-lolive-naturel-400ml\/","og_site_name":"paragaleriedetalborjt","article_modified_time":"2026-01-03T19:19:10+00:00","og_image":[{"width":595,"height":655,"url":"https:\/\/paragaleriedetalborjt.com\/wp-content\/uploads\/2026\/01\/Ziaja-shamp-regenerant-a-lolive-naturel-400ml.jpg","type":"image\/jpeg"}],"twitter_card":"summary_large_image","schema":{"@context":"https:\/\/schema.org","@graph":[{"@type":"WebPage","@id":"https:\/\/paragaleriedetalborjt.com\/boutique\/ziaja-shampooing-regenerant-a-lolive-naturel-400ml\/","url":"https:\/\/paragaleriedetalborjt.com\/boutique\/ziaja-shampooing-regenerant-a-lolive-naturel-400ml\/","name":"Ziaja Shampooing Regenerant a l\u2019olive Naturel 400ml - paragaleriedetalborjt","isPartOf":{"@id":"https:\/\/paragaleriedetalborjt.com\/#website"},"primaryImageOfPage":{"@id":"https:\/\/paragaleriedetalborjt.com\/boutique\/ziaja-shampooing-regenerant-a-lolive-naturel-400ml\/#primaryimage"},"image":{"@id":"https:\/\/paragaleriedetalborjt.com\/boutique\/ziaja-shampooing-regenerant-a-lolive-naturel-400ml\/#primaryimage"},"thumbnailUrl":"https:\/\/paragaleriedetalborjt.com\/wp-content\/uploads\/2026\/01\/Ziaja-shamp-regenerant-a-lolive-naturel-400ml.jpg","datePublished":"2026-01-03T19:10:00+00:00","dateModified":"2026-01-03T19:19:10+00:00","breadcrumb":{"@id":"https:\/\/paragaleriedetalborjt.com\/boutique\/ziaja-shampooing-regenerant-a-lolive-naturel-400ml\/#breadcrumb"},"inLanguage":"en-US","potentialAction":[{"@type":"ReadAction","target":["https:\/\/paragaleriedetalborjt.com\/boutique\/ziaja-shampooing-regenerant-a-lolive-naturel-400ml\/"]}]},{"@type":"ImageObject","inLanguage":"en-US","@id":"https:\/\/paragaleriedetalborjt.com\/boutique\/ziaja-shampooing-regenerant-a-lolive-naturel-400ml\/#primaryimage","url":"https:\/\/paragaleriedetalborjt.com\/wp-content\/uploads\/2026\/01\/Ziaja-shamp-regenerant-a-lolive-naturel-400ml.jpg","contentUrl":"https:\/\/paragaleriedetalborjt.com\/wp-content\/uploads\/2026\/01\/Ziaja-shamp-regenerant-a-lolive-naturel-400ml.jpg","width":595,"height":655},{"@type":"BreadcrumbList","@id":"https:\/\/paragaleriedetalborjt.com\/boutique\/ziaja-shampooing-regenerant-a-lolive-naturel-400ml\/#breadcrumb","itemListElement":[{"@type":"ListItem","position":1,"name":"Accueil","item":"https:\/\/paragaleriedetalborjt.com\/"},{"@type":"ListItem","position":2,"name":"Boutique","item":"https:\/\/paragaleriedetalborjt.com\/boutique\/"},{"@type":"ListItem","position":3,"name":"Ziaja Shampooing Regenerant a l\u2019olive Naturel 400ml"}]},{"@type":"WebSite","@id":"https:\/\/paragaleriedetalborjt.com\/#website","url":"https:\/\/paragaleriedetalborjt.com\/","name":"paragaleriedetalborjt","description":"","potentialAction":[{"@type":"SearchAction","target":{"@type":"EntryPoint","urlTemplate":"https:\/\/paragaleriedetalborjt.com\/?s={search_term_string}"},"query-input":{"@type":"PropertyValueSpecification","valueRequired":true,"valueName":"search_term_string"}}],"inLanguage":"en-US"}]}},"brands":[{"id":1637,"name":"ZIAJA","slug":"ziaja"}],"_links":{"self":[{"href":"https:\/\/paragaleriedetalborjt.com\/en\/wp-json\/wp\/v2\/product\/41239","targetHints":{"allow":["GET"]}}],"collection":[{"href":"https:\/\/paragaleriedetalborjt.com\/en\/wp-json\/wp\/v2\/product"}],"about":[{"href":"https:\/\/paragaleriedetalborjt.com\/en\/wp-json\/wp\/v2\/types\/product"}],"replies":[{"embeddable":true,"href":"https:\/\/paragaleriedetalborjt.com\/en\/wp-json\/wp\/v2\/comments?post=41239"}],"version-history":[{"count":1,"href":"https:\/\/paragaleriedetalborjt.com\/en\/wp-json\/wp\/v2\/product\/41239\/revisions"}],"predecessor-version":[{"id":41241,"href":"https:\/\/paragaleriedetalborjt.com\/en\/wp-json\/wp\/v2\/product\/41239\/revisions\/41241"}],"wp:featuredmedia":[{"embeddable":true,"href":"https:\/\/paragaleriedetalborjt.com\/en\/wp-json\/wp\/v2\/media\/41240"}],"wp:attachment":[{"href":"https:\/\/paragaleriedetalborjt.com\/en\/wp-json\/wp\/v2\/media?parent=41239"}],"wp:term":[{"taxonomy":"pwb-brand","embeddable":true,"href":"https:\/\/paragaleriedetalborjt.com\/en\/wp-json\/wp\/v2\/pwb-brand?post=41239"},{"taxonomy":"product_cat","embeddable":true,"href":"https:\/\/paragaleriedetalborjt.com\/en\/wp-json\/wp\/v2\/product_cat?post=41239"},{"taxonomy":"product_tag","embeddable":true,"href":"https:\/\/paragaleriedetalborjt.com\/en\/wp-json\/wp\/v2\/product_tag?post=41239"}],"curies":[{"name":"wp","href":"https:\/\/api.w.org\/{rel}","templated":true}]}}