{"id":41233,"date":"2026-01-03T20:09:45","date_gmt":"2026-01-03T19:09:45","guid":{"rendered":"https:\/\/paragaleriedetalborjt.com\/?post_type=product&#038;p=41233"},"modified":"2026-01-03T20:19:09","modified_gmt":"2026-01-03T19:19:09","slug":"klorne-shampooing-sec-extra-doux-au-lait-davoine-150-ml","status":"publish","type":"product","link":"https:\/\/paragaleriedetalborjt.com\/en\/boutique\/klorne-shampooing-sec-extra-doux-au-lait-davoine-150-ml\/","title":{"rendered":"KLORNE Shampooing Sec Extra Doux Au Lait D\u2019avoine \u2013 150 ml"},"content":{"rendered":"<div aria-labelledby=\"tab-title-description\" class=\"woocommerce-Tabs-panel woocommerce-Tabs-panel--description panel entry-content wc-tab\" id=\"tab-description\" role=\"tabpanel\" style=\"\">\n<h2>Description<\/h2>\n<p>. \u00c9labor\u00e9 \u00e0 partir de lait d\u2019Avoine adoucissant et de poudres d\u2019origine naturelle \u00e0 tr\u00e8s haut pouvoir absorbant, ce Shampoing sec nettoie en douceur, sans agresser. Utilis\u00e9 entre 2 shampoings et vaporis\u00e9 sur cheveux secs, il redonne volume, fra\u00eecheur et texture aux cheveux dans un d\u00e9licat parfum. Son format spray offre une application facile et ne laisse pas de r\u00e9sidus.<\/p>\n<p><strong>Bienfaits :<\/strong><\/p>\n<p>\u00ab\u00a0\u2013 Nettoyant : la formule extra-douce sans rin\u00e7age au lait d\u2019Avoine assainit le cuir chevelu sans agresser et \u00e9limine l\u2019exc\u00e8s de s\u00e9bum en 2 minutes. \u2013 Texturisant : en quelques vaporisations, il redonne volume, mati\u00e8re et texture aux cheveux sans avoir besoin de les mouiller. \u2013 Coiffant : v\u00e9ritable geste fra\u00eecheur et secret de beaut\u00e9, le Shampoing sec Avoine facilite la r\u00e9alisation de toutes les coiffures et favorise leur tenue.\u00a0\u00bb<\/p>\n<p><strong>Conseils d\u2019utilisations:\u00a0<\/strong><\/p>\n<div class=\"layout-content\">\n<div class=\"region region-content\">\n<div class=\"block block-system block-system-main-block\" id=\"block-wecontent-theme-content\">\n<div class=\"container mt-3 mb-5\">\n<div class=\"tab-content\" id=\"tabsProductView\">\n<div class=\"tab-pane active\" id=\"basic-content\">\n<div class=\"row\">\n<div class=\"col-12 col-lg-8 aos-init aos-animate\" data-aos=\"fade-left\" data-aos-delay=\"500\">\n<div class=\"white-bg pb-4\">\n<div class=\"product-info-main\">\n<div class=\"description mt-4\">\n<div>1 . AGITERAgiter le spray avant emploi.<\/div>\n<div>2 . VAPORISERVaporiser raie par raie \u00e0 15 cm du cuir chevelu et laisser agir 2 min.<\/div>\n<div>3 . ELIMINERBien brosser ou utiliser un s\u00e8che-cheveux pour \u00e9liminer les r\u00e9sidus.<\/div>\n<\/div>\n<\/div>\n<\/div>\n<\/div>\n<\/div>\n<\/div>\n<\/div>\n<\/div>\n<\/div>\n<\/div>\n<\/div>\n<footer role=\"contentinfo\">\n<div class=\"region region-footer pf-footer aos-init\" data-aos=\"fade\">\n<div class=\"container\"><\/div>\n<\/div>\n<\/footer>\n<p><strong>ingredients :<\/strong><\/p>\n<p>BUTANE. PROPANE. ORYZA SATIVA (RICE) STARCH (ORYZASATIVA STARCH). ISOBUTANE. ALCOHOL (ALCOHOL DENAT). ALUMINUM STARCH OCTENYLSUCCINATE. AVENA SATIVA (OAT) KERNEL OIL (AVENA SATIVA KERNEL OIL). CETRIMONIUM CHLORIDE. CYCLODEXTRIN. FRAGRANCE (PARFUM). ISOPROPYL MYRISTATE. SILICA<\/p>\n<div id=\"gtx-trans\" style=\"position: absolute;left: -75px;top: -14px\">\n<div class=\"gtx-trans-icon\"><\/div>\n<\/div>\n<\/div>","protected":false},"excerpt":{"rendered":"<p>Highlights:Depuis 1971, Klorane s\u2019engage \u00e0 \u00e9conomiser l\u2019eau avec son Shampoing sec au lait d\u2019Avoine sans rin\u00e7age<\/p>","protected":false},"featured_media":41234,"comment_status":"open","ping_status":"closed","template":"","meta":[],"pwb-brand":[1573],"product_cat":[16],"product_tag":[],"class_list":{"0":"post-41233","1":"product","2":"type-product","3":"status-publish","4":"has-post-thumbnail","6":"pwb-brand-klorane","7":"product_cat-non-classe","8":"pa_brands-klorane","10":"first","11":"instock","12":"sale","13":"shipping-taxable","14":"purchasable","15":"product-type-simple"},"yoast_head":"<!-- This site is optimized with the Yoast SEO plugin v27.5 - https:\/\/yoast.com\/product\/yoast-seo-wordpress\/ -->\n<title>KLORNE Shampooing Sec Extra Doux Au Lait D\u2019avoine \u2013 150 ml - paragaleriedetalborjt<\/title>\n<meta name=\"robots\" content=\"index, follow, max-snippet:-1, max-image-preview:large, max-video-preview:-1\" \/>\n<link rel=\"canonical\" href=\"https:\/\/paragaleriedetalborjt.com\/en\/boutique\/klorne-shampooing-sec-extra-doux-au-lait-davoine-150-ml\/\" \/>\n<meta property=\"og:locale\" content=\"en_US\" \/>\n<meta property=\"og:type\" content=\"article\" \/>\n<meta property=\"og:title\" content=\"KLORNE Shampooing Sec Extra Doux Au Lait D\u2019avoine \u2013 150 ml - paragaleriedetalborjt\" \/>\n<meta property=\"og:description\" content=\"Highlights:Depuis 1971, Klorane s\u2019engage \u00e0 \u00e9conomiser l\u2019eau avec son Shampoing sec au lait d\u2019Avoine sans rin\u00e7age\" \/>\n<meta property=\"og:url\" content=\"https:\/\/paragaleriedetalborjt.com\/en\/boutique\/klorne-shampooing-sec-extra-doux-au-lait-davoine-150-ml\/\" \/>\n<meta property=\"og:site_name\" content=\"paragaleriedetalborjt\" \/>\n<meta property=\"article:modified_time\" content=\"2026-01-03T19:19:09+00:00\" \/>\n<meta property=\"og:image\" content=\"https:\/\/paragaleriedetalborjt.com\/wp-content\/uploads\/2026\/01\/klorane-shampooing-sec-original.jpg\" \/>\n\t<meta property=\"og:image:width\" content=\"595\" \/>\n\t<meta property=\"og:image:height\" content=\"655\" \/>\n\t<meta property=\"og:image:type\" content=\"image\/jpeg\" \/>\n<meta name=\"twitter:card\" content=\"summary_large_image\" \/>\n<meta name=\"twitter:label1\" content=\"Est. reading time\" \/>\n\t<meta name=\"twitter:data1\" content=\"1 minute\" \/>\n<script type=\"application\/ld+json\" class=\"yoast-schema-graph\">{\"@context\":\"https:\\\/\\\/schema.org\",\"@graph\":[{\"@type\":\"WebPage\",\"@id\":\"https:\\\/\\\/paragaleriedetalborjt.com\\\/boutique\\\/klorne-shampooing-sec-extra-doux-au-lait-davoine-150-ml\\\/\",\"url\":\"https:\\\/\\\/paragaleriedetalborjt.com\\\/boutique\\\/klorne-shampooing-sec-extra-doux-au-lait-davoine-150-ml\\\/\",\"name\":\"KLORNE Shampooing Sec Extra Doux Au Lait D\u2019avoine \u2013 150 ml - paragaleriedetalborjt\",\"isPartOf\":{\"@id\":\"https:\\\/\\\/paragaleriedetalborjt.com\\\/#website\"},\"primaryImageOfPage\":{\"@id\":\"https:\\\/\\\/paragaleriedetalborjt.com\\\/boutique\\\/klorne-shampooing-sec-extra-doux-au-lait-davoine-150-ml\\\/#primaryimage\"},\"image\":{\"@id\":\"https:\\\/\\\/paragaleriedetalborjt.com\\\/boutique\\\/klorne-shampooing-sec-extra-doux-au-lait-davoine-150-ml\\\/#primaryimage\"},\"thumbnailUrl\":\"https:\\\/\\\/paragaleriedetalborjt.com\\\/wp-content\\\/uploads\\\/2026\\\/01\\\/klorane-shampooing-sec-original.jpg\",\"datePublished\":\"2026-01-03T19:09:45+00:00\",\"dateModified\":\"2026-01-03T19:19:09+00:00\",\"breadcrumb\":{\"@id\":\"https:\\\/\\\/paragaleriedetalborjt.com\\\/boutique\\\/klorne-shampooing-sec-extra-doux-au-lait-davoine-150-ml\\\/#breadcrumb\"},\"inLanguage\":\"en-US\",\"potentialAction\":[{\"@type\":\"ReadAction\",\"target\":[\"https:\\\/\\\/paragaleriedetalborjt.com\\\/boutique\\\/klorne-shampooing-sec-extra-doux-au-lait-davoine-150-ml\\\/\"]}]},{\"@type\":\"ImageObject\",\"inLanguage\":\"en-US\",\"@id\":\"https:\\\/\\\/paragaleriedetalborjt.com\\\/boutique\\\/klorne-shampooing-sec-extra-doux-au-lait-davoine-150-ml\\\/#primaryimage\",\"url\":\"https:\\\/\\\/paragaleriedetalborjt.com\\\/wp-content\\\/uploads\\\/2026\\\/01\\\/klorane-shampooing-sec-original.jpg\",\"contentUrl\":\"https:\\\/\\\/paragaleriedetalborjt.com\\\/wp-content\\\/uploads\\\/2026\\\/01\\\/klorane-shampooing-sec-original.jpg\",\"width\":595,\"height\":655},{\"@type\":\"BreadcrumbList\",\"@id\":\"https:\\\/\\\/paragaleriedetalborjt.com\\\/boutique\\\/klorne-shampooing-sec-extra-doux-au-lait-davoine-150-ml\\\/#breadcrumb\",\"itemListElement\":[{\"@type\":\"ListItem\",\"position\":1,\"name\":\"Accueil\",\"item\":\"https:\\\/\\\/paragaleriedetalborjt.com\\\/\"},{\"@type\":\"ListItem\",\"position\":2,\"name\":\"Boutique\",\"item\":\"https:\\\/\\\/paragaleriedetalborjt.com\\\/boutique\\\/\"},{\"@type\":\"ListItem\",\"position\":3,\"name\":\"KLORNE Shampooing Sec Extra Doux Au Lait D\u2019avoine \u2013 150 ml\"}]},{\"@type\":\"WebSite\",\"@id\":\"https:\\\/\\\/paragaleriedetalborjt.com\\\/#website\",\"url\":\"https:\\\/\\\/paragaleriedetalborjt.com\\\/\",\"name\":\"paragaleriedetalborjt\",\"description\":\"\",\"potentialAction\":[{\"@type\":\"SearchAction\",\"target\":{\"@type\":\"EntryPoint\",\"urlTemplate\":\"https:\\\/\\\/paragaleriedetalborjt.com\\\/?s={search_term_string}\"},\"query-input\":{\"@type\":\"PropertyValueSpecification\",\"valueRequired\":true,\"valueName\":\"search_term_string\"}}],\"inLanguage\":\"en-US\"}]}<\/script>\n<!-- \/ Yoast SEO plugin. -->","yoast_head_json":{"title":"KLORNE Shampooing Sec Extra Doux Au Lait D\u2019avoine \u2013 150 ml - paragaleriedetalborjt","robots":{"index":"index","follow":"follow","max-snippet":"max-snippet:-1","max-image-preview":"max-image-preview:large","max-video-preview":"max-video-preview:-1"},"canonical":"https:\/\/paragaleriedetalborjt.com\/en\/boutique\/klorne-shampooing-sec-extra-doux-au-lait-davoine-150-ml\/","og_locale":"en_US","og_type":"article","og_title":"KLORNE Shampooing Sec Extra Doux Au Lait D\u2019avoine \u2013 150 ml - paragaleriedetalborjt","og_description":"Highlights:Depuis 1971, Klorane s\u2019engage \u00e0 \u00e9conomiser l\u2019eau avec son Shampoing sec au lait d\u2019Avoine sans rin\u00e7age","og_url":"https:\/\/paragaleriedetalborjt.com\/en\/boutique\/klorne-shampooing-sec-extra-doux-au-lait-davoine-150-ml\/","og_site_name":"paragaleriedetalborjt","article_modified_time":"2026-01-03T19:19:09+00:00","og_image":[{"width":595,"height":655,"url":"https:\/\/paragaleriedetalborjt.com\/wp-content\/uploads\/2026\/01\/klorane-shampooing-sec-original.jpg","type":"image\/jpeg"}],"twitter_card":"summary_large_image","twitter_misc":{"Est. reading time":"1 minute"},"schema":{"@context":"https:\/\/schema.org","@graph":[{"@type":"WebPage","@id":"https:\/\/paragaleriedetalborjt.com\/boutique\/klorne-shampooing-sec-extra-doux-au-lait-davoine-150-ml\/","url":"https:\/\/paragaleriedetalborjt.com\/boutique\/klorne-shampooing-sec-extra-doux-au-lait-davoine-150-ml\/","name":"KLORNE Shampooing Sec Extra Doux Au Lait D\u2019avoine \u2013 150 ml - paragaleriedetalborjt","isPartOf":{"@id":"https:\/\/paragaleriedetalborjt.com\/#website"},"primaryImageOfPage":{"@id":"https:\/\/paragaleriedetalborjt.com\/boutique\/klorne-shampooing-sec-extra-doux-au-lait-davoine-150-ml\/#primaryimage"},"image":{"@id":"https:\/\/paragaleriedetalborjt.com\/boutique\/klorne-shampooing-sec-extra-doux-au-lait-davoine-150-ml\/#primaryimage"},"thumbnailUrl":"https:\/\/paragaleriedetalborjt.com\/wp-content\/uploads\/2026\/01\/klorane-shampooing-sec-original.jpg","datePublished":"2026-01-03T19:09:45+00:00","dateModified":"2026-01-03T19:19:09+00:00","breadcrumb":{"@id":"https:\/\/paragaleriedetalborjt.com\/boutique\/klorne-shampooing-sec-extra-doux-au-lait-davoine-150-ml\/#breadcrumb"},"inLanguage":"en-US","potentialAction":[{"@type":"ReadAction","target":["https:\/\/paragaleriedetalborjt.com\/boutique\/klorne-shampooing-sec-extra-doux-au-lait-davoine-150-ml\/"]}]},{"@type":"ImageObject","inLanguage":"en-US","@id":"https:\/\/paragaleriedetalborjt.com\/boutique\/klorne-shampooing-sec-extra-doux-au-lait-davoine-150-ml\/#primaryimage","url":"https:\/\/paragaleriedetalborjt.com\/wp-content\/uploads\/2026\/01\/klorane-shampooing-sec-original.jpg","contentUrl":"https:\/\/paragaleriedetalborjt.com\/wp-content\/uploads\/2026\/01\/klorane-shampooing-sec-original.jpg","width":595,"height":655},{"@type":"BreadcrumbList","@id":"https:\/\/paragaleriedetalborjt.com\/boutique\/klorne-shampooing-sec-extra-doux-au-lait-davoine-150-ml\/#breadcrumb","itemListElement":[{"@type":"ListItem","position":1,"name":"Accueil","item":"https:\/\/paragaleriedetalborjt.com\/"},{"@type":"ListItem","position":2,"name":"Boutique","item":"https:\/\/paragaleriedetalborjt.com\/boutique\/"},{"@type":"ListItem","position":3,"name":"KLORNE Shampooing Sec Extra Doux Au Lait D\u2019avoine \u2013 150 ml"}]},{"@type":"WebSite","@id":"https:\/\/paragaleriedetalborjt.com\/#website","url":"https:\/\/paragaleriedetalborjt.com\/","name":"paragaleriedetalborjt","description":"","potentialAction":[{"@type":"SearchAction","target":{"@type":"EntryPoint","urlTemplate":"https:\/\/paragaleriedetalborjt.com\/?s={search_term_string}"},"query-input":{"@type":"PropertyValueSpecification","valueRequired":true,"valueName":"search_term_string"}}],"inLanguage":"en-US"}]}},"brands":[{"id":1573,"name":"KLORANE","slug":"klorane"}],"_links":{"self":[{"href":"https:\/\/paragaleriedetalborjt.com\/en\/wp-json\/wp\/v2\/product\/41233","targetHints":{"allow":["GET"]}}],"collection":[{"href":"https:\/\/paragaleriedetalborjt.com\/en\/wp-json\/wp\/v2\/product"}],"about":[{"href":"https:\/\/paragaleriedetalborjt.com\/en\/wp-json\/wp\/v2\/types\/product"}],"replies":[{"embeddable":true,"href":"https:\/\/paragaleriedetalborjt.com\/en\/wp-json\/wp\/v2\/comments?post=41233"}],"version-history":[{"count":1,"href":"https:\/\/paragaleriedetalborjt.com\/en\/wp-json\/wp\/v2\/product\/41233\/revisions"}],"predecessor-version":[{"id":41235,"href":"https:\/\/paragaleriedetalborjt.com\/en\/wp-json\/wp\/v2\/product\/41233\/revisions\/41235"}],"wp:featuredmedia":[{"embeddable":true,"href":"https:\/\/paragaleriedetalborjt.com\/en\/wp-json\/wp\/v2\/media\/41234"}],"wp:attachment":[{"href":"https:\/\/paragaleriedetalborjt.com\/en\/wp-json\/wp\/v2\/media?parent=41233"}],"wp:term":[{"taxonomy":"pwb-brand","embeddable":true,"href":"https:\/\/paragaleriedetalborjt.com\/en\/wp-json\/wp\/v2\/pwb-brand?post=41233"},{"taxonomy":"product_cat","embeddable":true,"href":"https:\/\/paragaleriedetalborjt.com\/en\/wp-json\/wp\/v2\/product_cat?post=41233"},{"taxonomy":"product_tag","embeddable":true,"href":"https:\/\/paragaleriedetalborjt.com\/en\/wp-json\/wp\/v2\/product_tag?post=41233"}],"curies":[{"name":"wp","href":"https:\/\/api.w.org\/{rel}","templated":true}]}}