{"id":41203,"date":"2026-01-03T20:08:43","date_gmt":"2026-01-03T19:08:43","guid":{"rendered":"https:\/\/paragaleriedetalborjt.com\/?post_type=product&#038;p=41203"},"modified":"2026-01-03T20:19:06","modified_gmt":"2026-01-03T19:19:06","slug":"manix-contact-plus-6-pieces","status":"publish","type":"product","link":"https:\/\/paragaleriedetalborjt.com\/en\/boutique\/manix-contact-plus-6-pieces\/","title":{"rendered":"Manix Contact Plus \u2013 6 pi\u00e8ces"},"content":{"rendered":"<div aria-labelledby=\"tab-title-description\" class=\"woocommerce-Tabs-panel woocommerce-Tabs-panel--description panel entry-content wc-tab\" id=\"tab-description\" role=\"tabpanel\" style=\"\">\n<h2>Description<\/h2>\n<p>Description<br \/>\nManix Contact est un pr\u00e9servatif ultra-fin et r\u00e9sistant, r\u00e9f\u00e9rence incontournable : il restitue des sensations intactes gr\u00e2ce \u00e0 sa grande finesse.<br \/>\nSa surface douce et sa lubrification \u00e9quilibr\u00e9e offrent un confort optimal aux deux partenaires.<br \/>\nLe pr\u00e9servatif Manix Contact est lubrifi\u00e9 et avec r\u00e9servoir. Il est de couleur naturelle, et son odeur est discr\u00e8te et agr\u00e9able. Test\u00e9 \u00e9lectroniquement \u00e0 100%, il affiche les normes les plus exigeantes pour votre s\u00e9r\u00e9nit\u00e9.<br \/>\nDimensions : longueur 185 mm \/ largeur 52 mm.<\/p>\n<p>Conseils d\u2019utilisation<br \/>\nCe produit contient du latex de caoutchouc naturel qui peut provoquer des r\u00e9actions allergiques. L\u2019utilisation d\u2019un pr\u00e9servatif ne peut garantir une protection \u00e0 100% contre la grossesse ou les maladies sexuellement transmissibles.<br \/>\nSi besoin, utiliser avec un lubrifiant adapt\u00e9 aux pr\u00e9servatifs.<\/p>\n<p>Composition<br \/>\nLatex de caoutchouc naturel.<\/p>\n<\/div>","protected":false},"excerpt":{"rendered":"<p>Highlights:Le pr\u00e9servatif masculin Manix Contact est un moyen de contraception barri\u00e8re qui procure une sensation incroyable de libert\u00e9 pendant le rapport sexuel. Il est destin\u00e9 \u00e0 celles et ceux qui aiment la finesse et les sensations naturelles. Il est fin et souple et r\u00e9siste en toutes circonstances.<\/p>","protected":false},"featured_media":41204,"comment_status":"open","ping_status":"closed","template":"","meta":[],"pwb-brand":[1630],"product_cat":[16],"product_tag":[],"class_list":{"0":"post-41203","1":"product","2":"type-product","3":"status-publish","4":"has-post-thumbnail","6":"pwb-brand-manix","7":"product_cat-non-classe","8":"pa_brands-manix","10":"first","11":"instock","12":"sale","13":"shipping-taxable","14":"purchasable","15":"product-type-simple"},"yoast_head":"<!-- This site is optimized with the Yoast SEO plugin v26.9 - https:\/\/yoast.com\/product\/yoast-seo-wordpress\/ -->\n<title>Manix Contact Plus \u2013 6 pi\u00e8ces - paragaleriedetalborjt<\/title>\n<meta name=\"robots\" content=\"index, follow, max-snippet:-1, max-image-preview:large, max-video-preview:-1\" \/>\n<link rel=\"canonical\" href=\"https:\/\/paragaleriedetalborjt.com\/en\/boutique\/manix-contact-plus-6-pieces\/\" \/>\n<meta property=\"og:locale\" content=\"en_US\" \/>\n<meta property=\"og:type\" content=\"article\" \/>\n<meta property=\"og:title\" content=\"Manix Contact Plus \u2013 6 pi\u00e8ces - paragaleriedetalborjt\" \/>\n<meta property=\"og:description\" content=\"Highlights:Le pr\u00e9servatif masculin Manix Contact est un moyen de contraception barri\u00e8re qui procure une sensation incroyable de libert\u00e9 pendant le rapport sexuel. Il est destin\u00e9 \u00e0 celles et ceux qui aiment la finesse et les sensations naturelles. Il est fin et souple et r\u00e9siste en toutes circonstances.\" \/>\n<meta property=\"og:url\" content=\"https:\/\/paragaleriedetalborjt.com\/en\/boutique\/manix-contact-plus-6-pieces\/\" \/>\n<meta property=\"og:site_name\" content=\"paragaleriedetalborjt\" \/>\n<meta property=\"article:modified_time\" content=\"2026-01-03T19:19:06+00:00\" \/>\n<meta property=\"og:image\" content=\"https:\/\/paragaleriedetalborjt.com\/wp-content\/uploads\/2026\/01\/Manix-Contact-6-Pieces-Destockage-1-600x600-1.png\" \/>\n\t<meta property=\"og:image:width\" content=\"600\" \/>\n\t<meta property=\"og:image:height\" content=\"600\" \/>\n\t<meta property=\"og:image:type\" content=\"image\/png\" \/>\n<meta name=\"twitter:card\" content=\"summary_large_image\" \/>\n<meta name=\"twitter:label1\" content=\"Est. reading time\" \/>\n\t<meta name=\"twitter:data1\" content=\"1 minute\" \/>\n<script type=\"application\/ld+json\" class=\"yoast-schema-graph\">{\"@context\":\"https:\/\/schema.org\",\"@graph\":[{\"@type\":\"WebPage\",\"@id\":\"https:\/\/paragaleriedetalborjt.com\/en\/boutique\/manix-contact-plus-6-pieces\/\",\"url\":\"https:\/\/paragaleriedetalborjt.com\/en\/boutique\/manix-contact-plus-6-pieces\/\",\"name\":\"Manix Contact Plus \u2013 6 pi\u00e8ces - paragaleriedetalborjt\",\"isPartOf\":{\"@id\":\"https:\/\/paragaleriedetalborjt.com\/#website\"},\"primaryImageOfPage\":{\"@id\":\"https:\/\/paragaleriedetalborjt.com\/en\/boutique\/manix-contact-plus-6-pieces\/#primaryimage\"},\"image\":{\"@id\":\"https:\/\/paragaleriedetalborjt.com\/en\/boutique\/manix-contact-plus-6-pieces\/#primaryimage\"},\"thumbnailUrl\":\"https:\/\/paragaleriedetalborjt.com\/wp-content\/uploads\/2026\/01\/Manix-Contact-6-Pieces-Destockage-1-600x600-1.png\",\"datePublished\":\"2026-01-03T19:08:43+00:00\",\"dateModified\":\"2026-01-03T19:19:06+00:00\",\"breadcrumb\":{\"@id\":\"https:\/\/paragaleriedetalborjt.com\/en\/boutique\/manix-contact-plus-6-pieces\/#breadcrumb\"},\"inLanguage\":\"en-US\",\"potentialAction\":[{\"@type\":\"ReadAction\",\"target\":[\"https:\/\/paragaleriedetalborjt.com\/en\/boutique\/manix-contact-plus-6-pieces\/\"]}]},{\"@type\":\"ImageObject\",\"inLanguage\":\"en-US\",\"@id\":\"https:\/\/paragaleriedetalborjt.com\/en\/boutique\/manix-contact-plus-6-pieces\/#primaryimage\",\"url\":\"https:\/\/paragaleriedetalborjt.com\/wp-content\/uploads\/2026\/01\/Manix-Contact-6-Pieces-Destockage-1-600x600-1.png\",\"contentUrl\":\"https:\/\/paragaleriedetalborjt.com\/wp-content\/uploads\/2026\/01\/Manix-Contact-6-Pieces-Destockage-1-600x600-1.png\",\"width\":600,\"height\":600},{\"@type\":\"BreadcrumbList\",\"@id\":\"https:\/\/paragaleriedetalborjt.com\/en\/boutique\/manix-contact-plus-6-pieces\/#breadcrumb\",\"itemListElement\":[{\"@type\":\"ListItem\",\"position\":1,\"name\":\"Accueil\",\"item\":\"https:\/\/paragaleriedetalborjt.com\/\"},{\"@type\":\"ListItem\",\"position\":2,\"name\":\"Boutique\",\"item\":\"https:\/\/paragaleriedetalborjt.com\/boutique\/\"},{\"@type\":\"ListItem\",\"position\":3,\"name\":\"Manix Contact Plus \u2013 6 pi\u00e8ces\"}]},{\"@type\":\"WebSite\",\"@id\":\"https:\/\/paragaleriedetalborjt.com\/#website\",\"url\":\"https:\/\/paragaleriedetalborjt.com\/\",\"name\":\"paragaleriedetalborjt\",\"description\":\"\",\"potentialAction\":[{\"@type\":\"SearchAction\",\"target\":{\"@type\":\"EntryPoint\",\"urlTemplate\":\"https:\/\/paragaleriedetalborjt.com\/?s={search_term_string}\"},\"query-input\":{\"@type\":\"PropertyValueSpecification\",\"valueRequired\":true,\"valueName\":\"search_term_string\"}}],\"inLanguage\":\"en-US\"}]}<\/script>\n<!-- \/ Yoast SEO plugin. -->","yoast_head_json":{"title":"Manix Contact Plus \u2013 6 pi\u00e8ces - paragaleriedetalborjt","robots":{"index":"index","follow":"follow","max-snippet":"max-snippet:-1","max-image-preview":"max-image-preview:large","max-video-preview":"max-video-preview:-1"},"canonical":"https:\/\/paragaleriedetalborjt.com\/en\/boutique\/manix-contact-plus-6-pieces\/","og_locale":"en_US","og_type":"article","og_title":"Manix Contact Plus \u2013 6 pi\u00e8ces - paragaleriedetalborjt","og_description":"Highlights:Le pr\u00e9servatif masculin Manix Contact est un moyen de contraception barri\u00e8re qui procure une sensation incroyable de libert\u00e9 pendant le rapport sexuel. Il est destin\u00e9 \u00e0 celles et ceux qui aiment la finesse et les sensations naturelles. Il est fin et souple et r\u00e9siste en toutes circonstances.","og_url":"https:\/\/paragaleriedetalborjt.com\/en\/boutique\/manix-contact-plus-6-pieces\/","og_site_name":"paragaleriedetalborjt","article_modified_time":"2026-01-03T19:19:06+00:00","og_image":[{"width":600,"height":600,"url":"https:\/\/paragaleriedetalborjt.com\/wp-content\/uploads\/2026\/01\/Manix-Contact-6-Pieces-Destockage-1-600x600-1.png","type":"image\/png"}],"twitter_card":"summary_large_image","twitter_misc":{"Est. reading time":"1 minute"},"schema":{"@context":"https:\/\/schema.org","@graph":[{"@type":"WebPage","@id":"https:\/\/paragaleriedetalborjt.com\/en\/boutique\/manix-contact-plus-6-pieces\/","url":"https:\/\/paragaleriedetalborjt.com\/en\/boutique\/manix-contact-plus-6-pieces\/","name":"Manix Contact Plus \u2013 6 pi\u00e8ces - paragaleriedetalborjt","isPartOf":{"@id":"https:\/\/paragaleriedetalborjt.com\/#website"},"primaryImageOfPage":{"@id":"https:\/\/paragaleriedetalborjt.com\/en\/boutique\/manix-contact-plus-6-pieces\/#primaryimage"},"image":{"@id":"https:\/\/paragaleriedetalborjt.com\/en\/boutique\/manix-contact-plus-6-pieces\/#primaryimage"},"thumbnailUrl":"https:\/\/paragaleriedetalborjt.com\/wp-content\/uploads\/2026\/01\/Manix-Contact-6-Pieces-Destockage-1-600x600-1.png","datePublished":"2026-01-03T19:08:43+00:00","dateModified":"2026-01-03T19:19:06+00:00","breadcrumb":{"@id":"https:\/\/paragaleriedetalborjt.com\/en\/boutique\/manix-contact-plus-6-pieces\/#breadcrumb"},"inLanguage":"en-US","potentialAction":[{"@type":"ReadAction","target":["https:\/\/paragaleriedetalborjt.com\/en\/boutique\/manix-contact-plus-6-pieces\/"]}]},{"@type":"ImageObject","inLanguage":"en-US","@id":"https:\/\/paragaleriedetalborjt.com\/en\/boutique\/manix-contact-plus-6-pieces\/#primaryimage","url":"https:\/\/paragaleriedetalborjt.com\/wp-content\/uploads\/2026\/01\/Manix-Contact-6-Pieces-Destockage-1-600x600-1.png","contentUrl":"https:\/\/paragaleriedetalborjt.com\/wp-content\/uploads\/2026\/01\/Manix-Contact-6-Pieces-Destockage-1-600x600-1.png","width":600,"height":600},{"@type":"BreadcrumbList","@id":"https:\/\/paragaleriedetalborjt.com\/en\/boutique\/manix-contact-plus-6-pieces\/#breadcrumb","itemListElement":[{"@type":"ListItem","position":1,"name":"Accueil","item":"https:\/\/paragaleriedetalborjt.com\/"},{"@type":"ListItem","position":2,"name":"Boutique","item":"https:\/\/paragaleriedetalborjt.com\/boutique\/"},{"@type":"ListItem","position":3,"name":"Manix Contact Plus \u2013 6 pi\u00e8ces"}]},{"@type":"WebSite","@id":"https:\/\/paragaleriedetalborjt.com\/#website","url":"https:\/\/paragaleriedetalborjt.com\/","name":"paragaleriedetalborjt","description":"","potentialAction":[{"@type":"SearchAction","target":{"@type":"EntryPoint","urlTemplate":"https:\/\/paragaleriedetalborjt.com\/?s={search_term_string}"},"query-input":{"@type":"PropertyValueSpecification","valueRequired":true,"valueName":"search_term_string"}}],"inLanguage":"en-US"}]}},"brands":[{"id":1630,"name":"MANIX","slug":"manix"}],"_links":{"self":[{"href":"https:\/\/paragaleriedetalborjt.com\/en\/wp-json\/wp\/v2\/product\/41203","targetHints":{"allow":["GET"]}}],"collection":[{"href":"https:\/\/paragaleriedetalborjt.com\/en\/wp-json\/wp\/v2\/product"}],"about":[{"href":"https:\/\/paragaleriedetalborjt.com\/en\/wp-json\/wp\/v2\/types\/product"}],"replies":[{"embeddable":true,"href":"https:\/\/paragaleriedetalborjt.com\/en\/wp-json\/wp\/v2\/comments?post=41203"}],"version-history":[{"count":1,"href":"https:\/\/paragaleriedetalborjt.com\/en\/wp-json\/wp\/v2\/product\/41203\/revisions"}],"predecessor-version":[{"id":41205,"href":"https:\/\/paragaleriedetalborjt.com\/en\/wp-json\/wp\/v2\/product\/41203\/revisions\/41205"}],"wp:featuredmedia":[{"embeddable":true,"href":"https:\/\/paragaleriedetalborjt.com\/en\/wp-json\/wp\/v2\/media\/41204"}],"wp:attachment":[{"href":"https:\/\/paragaleriedetalborjt.com\/en\/wp-json\/wp\/v2\/media?parent=41203"}],"wp:term":[{"taxonomy":"pwb-brand","embeddable":true,"href":"https:\/\/paragaleriedetalborjt.com\/en\/wp-json\/wp\/v2\/pwb-brand?post=41203"},{"taxonomy":"product_cat","embeddable":true,"href":"https:\/\/paragaleriedetalborjt.com\/en\/wp-json\/wp\/v2\/product_cat?post=41203"},{"taxonomy":"product_tag","embeddable":true,"href":"https:\/\/paragaleriedetalborjt.com\/en\/wp-json\/wp\/v2\/product_tag?post=41203"}],"curies":[{"name":"wp","href":"https:\/\/api.w.org\/{rel}","templated":true}]}}