{"id":41191,"date":"2026-01-03T20:08:19","date_gmt":"2026-01-03T19:08:19","guid":{"rendered":"https:\/\/paragaleriedetalborjt.com\/?post_type=product&#038;p=41191"},"modified":"2026-01-03T20:19:04","modified_gmt":"2026-01-03T19:19:04","slug":"skining-ecran-invisible-hydratant-peaux-seches-50ml","status":"publish","type":"product","link":"https:\/\/paragaleriedetalborjt.com\/en\/boutique\/skining-ecran-invisible-hydratant-peaux-seches-50ml\/","title":{"rendered":"Skining Ecran Invisible Hydratant Peaux Seches 50ml"},"content":{"rendered":"<div aria-labelledby=\"tab-title-description\" class=\"woocommerce-Tabs-panel woocommerce-Tabs-panel--description panel entry-content wc-tab\" id=\"tab-description\" role=\"tabpanel\" style=\"\">\n<h2>Description<\/h2>\n<p>Skining Ecran SPF 50 Hydratant est un produit de\u00a0protection solaire et d\u2019hydratation, disponible en flacon de 50 ml. Il offre une\u00a0protection \u00e9lev\u00e9e\u00a0contre les rayons du soleil gr\u00e2ce \u00e0 son facteur de protection solaire SPF 50. Ce produit combine les bienfaits d\u2019une cr\u00e8me hydratante avec une formule sp\u00e9ciale pour prot\u00e9ger la peau contre les effets n\u00e9fastes du soleil.<\/p>\n<p>En utilisant Skining Ecran SPF 50 Hydratant, vous pouvez profiter du soleil en toute tranquillit\u00e9, sachant que votre peau est prot\u00e9g\u00e9e et hydrat\u00e9e.<\/p>\n<\/div>","protected":false},"excerpt":{"rendered":"<p>Highlights:En utilisant Skining Ecran SPF 50 Hydratant, vous pouvez profiter du soleil en toute tranquillit\u00e9, sachant que votre peau est prot\u00e9g\u00e9e et hydrat\u00e9e.<\/p>","protected":false},"featured_media":41192,"comment_status":"open","ping_status":"closed","template":"","meta":[],"pwb-brand":[1921],"product_cat":[16],"product_tag":[],"class_list":{"0":"post-41191","1":"product","2":"type-product","3":"status-publish","4":"has-post-thumbnail","6":"pwb-brand-skining","7":"product_cat-non-classe","8":"pa_brands-skining","10":"first","11":"instock","12":"sale","13":"shipping-taxable","14":"purchasable","15":"product-type-simple"},"yoast_head":"<!-- This site is optimized with the Yoast SEO plugin v27.5 - https:\/\/yoast.com\/product\/yoast-seo-wordpress\/ -->\n<title>Skining Ecran Invisible Hydratant Peaux Seches 50ml - paragaleriedetalborjt<\/title>\n<meta name=\"robots\" content=\"index, follow, max-snippet:-1, max-image-preview:large, max-video-preview:-1\" \/>\n<link rel=\"canonical\" href=\"https:\/\/paragaleriedetalborjt.com\/en\/boutique\/skining-ecran-invisible-hydratant-peaux-seches-50ml\/\" \/>\n<meta property=\"og:locale\" content=\"en_US\" \/>\n<meta property=\"og:type\" content=\"article\" \/>\n<meta property=\"og:title\" content=\"Skining Ecran Invisible Hydratant Peaux Seches 50ml - paragaleriedetalborjt\" \/>\n<meta property=\"og:description\" content=\"Highlights:En utilisant Skining Ecran SPF 50 Hydratant, vous pouvez profiter du soleil en toute tranquillit\u00e9, sachant que votre peau est prot\u00e9g\u00e9e et hydrat\u00e9e.\" \/>\n<meta property=\"og:url\" content=\"https:\/\/paragaleriedetalborjt.com\/en\/boutique\/skining-ecran-invisible-hydratant-peaux-seches-50ml\/\" \/>\n<meta property=\"og:site_name\" content=\"paragaleriedetalborjt\" \/>\n<meta property=\"article:modified_time\" content=\"2026-01-03T19:19:04+00:00\" \/>\n<meta property=\"og:image\" content=\"https:\/\/paragaleriedetalborjt.com\/wp-content\/uploads\/2026\/01\/Skining-Ecran-Invisible-Hydratant-Fluide-Peau-Normal-a-seche.jpg\" \/>\n\t<meta property=\"og:image:width\" content=\"595\" \/>\n\t<meta property=\"og:image:height\" content=\"655\" \/>\n\t<meta property=\"og:image:type\" content=\"image\/jpeg\" \/>\n<meta name=\"twitter:card\" content=\"summary_large_image\" \/>\n<script type=\"application\/ld+json\" class=\"yoast-schema-graph\">{\"@context\":\"https:\\\/\\\/schema.org\",\"@graph\":[{\"@type\":\"WebPage\",\"@id\":\"https:\\\/\\\/paragaleriedetalborjt.com\\\/boutique\\\/skining-ecran-invisible-hydratant-peaux-seches-50ml\\\/\",\"url\":\"https:\\\/\\\/paragaleriedetalborjt.com\\\/boutique\\\/skining-ecran-invisible-hydratant-peaux-seches-50ml\\\/\",\"name\":\"Skining Ecran Invisible Hydratant Peaux Seches 50ml - paragaleriedetalborjt\",\"isPartOf\":{\"@id\":\"https:\\\/\\\/paragaleriedetalborjt.com\\\/#website\"},\"primaryImageOfPage\":{\"@id\":\"https:\\\/\\\/paragaleriedetalborjt.com\\\/boutique\\\/skining-ecran-invisible-hydratant-peaux-seches-50ml\\\/#primaryimage\"},\"image\":{\"@id\":\"https:\\\/\\\/paragaleriedetalborjt.com\\\/boutique\\\/skining-ecran-invisible-hydratant-peaux-seches-50ml\\\/#primaryimage\"},\"thumbnailUrl\":\"https:\\\/\\\/paragaleriedetalborjt.com\\\/wp-content\\\/uploads\\\/2026\\\/01\\\/Skining-Ecran-Invisible-Hydratant-Fluide-Peau-Normal-a-seche.jpg\",\"datePublished\":\"2026-01-03T19:08:19+00:00\",\"dateModified\":\"2026-01-03T19:19:04+00:00\",\"breadcrumb\":{\"@id\":\"https:\\\/\\\/paragaleriedetalborjt.com\\\/boutique\\\/skining-ecran-invisible-hydratant-peaux-seches-50ml\\\/#breadcrumb\"},\"inLanguage\":\"en-US\",\"potentialAction\":[{\"@type\":\"ReadAction\",\"target\":[\"https:\\\/\\\/paragaleriedetalborjt.com\\\/boutique\\\/skining-ecran-invisible-hydratant-peaux-seches-50ml\\\/\"]}]},{\"@type\":\"ImageObject\",\"inLanguage\":\"en-US\",\"@id\":\"https:\\\/\\\/paragaleriedetalborjt.com\\\/boutique\\\/skining-ecran-invisible-hydratant-peaux-seches-50ml\\\/#primaryimage\",\"url\":\"https:\\\/\\\/paragaleriedetalborjt.com\\\/wp-content\\\/uploads\\\/2026\\\/01\\\/Skining-Ecran-Invisible-Hydratant-Fluide-Peau-Normal-a-seche.jpg\",\"contentUrl\":\"https:\\\/\\\/paragaleriedetalborjt.com\\\/wp-content\\\/uploads\\\/2026\\\/01\\\/Skining-Ecran-Invisible-Hydratant-Fluide-Peau-Normal-a-seche.jpg\",\"width\":595,\"height\":655},{\"@type\":\"BreadcrumbList\",\"@id\":\"https:\\\/\\\/paragaleriedetalborjt.com\\\/boutique\\\/skining-ecran-invisible-hydratant-peaux-seches-50ml\\\/#breadcrumb\",\"itemListElement\":[{\"@type\":\"ListItem\",\"position\":1,\"name\":\"Accueil\",\"item\":\"https:\\\/\\\/paragaleriedetalborjt.com\\\/\"},{\"@type\":\"ListItem\",\"position\":2,\"name\":\"Boutique\",\"item\":\"https:\\\/\\\/paragaleriedetalborjt.com\\\/boutique\\\/\"},{\"@type\":\"ListItem\",\"position\":3,\"name\":\"Skining Ecran Invisible Hydratant Peaux Seches 50ml\"}]},{\"@type\":\"WebSite\",\"@id\":\"https:\\\/\\\/paragaleriedetalborjt.com\\\/#website\",\"url\":\"https:\\\/\\\/paragaleriedetalborjt.com\\\/\",\"name\":\"paragaleriedetalborjt\",\"description\":\"\",\"potentialAction\":[{\"@type\":\"SearchAction\",\"target\":{\"@type\":\"EntryPoint\",\"urlTemplate\":\"https:\\\/\\\/paragaleriedetalborjt.com\\\/?s={search_term_string}\"},\"query-input\":{\"@type\":\"PropertyValueSpecification\",\"valueRequired\":true,\"valueName\":\"search_term_string\"}}],\"inLanguage\":\"en-US\"}]}<\/script>\n<!-- \/ Yoast SEO plugin. -->","yoast_head_json":{"title":"Skining Ecran Invisible Hydratant Peaux Seches 50ml - paragaleriedetalborjt","robots":{"index":"index","follow":"follow","max-snippet":"max-snippet:-1","max-image-preview":"max-image-preview:large","max-video-preview":"max-video-preview:-1"},"canonical":"https:\/\/paragaleriedetalborjt.com\/en\/boutique\/skining-ecran-invisible-hydratant-peaux-seches-50ml\/","og_locale":"en_US","og_type":"article","og_title":"Skining Ecran Invisible Hydratant Peaux Seches 50ml - paragaleriedetalborjt","og_description":"Highlights:En utilisant Skining Ecran SPF 50 Hydratant, vous pouvez profiter du soleil en toute tranquillit\u00e9, sachant que votre peau est prot\u00e9g\u00e9e et hydrat\u00e9e.","og_url":"https:\/\/paragaleriedetalborjt.com\/en\/boutique\/skining-ecran-invisible-hydratant-peaux-seches-50ml\/","og_site_name":"paragaleriedetalborjt","article_modified_time":"2026-01-03T19:19:04+00:00","og_image":[{"width":595,"height":655,"url":"https:\/\/paragaleriedetalborjt.com\/wp-content\/uploads\/2026\/01\/Skining-Ecran-Invisible-Hydratant-Fluide-Peau-Normal-a-seche.jpg","type":"image\/jpeg"}],"twitter_card":"summary_large_image","schema":{"@context":"https:\/\/schema.org","@graph":[{"@type":"WebPage","@id":"https:\/\/paragaleriedetalborjt.com\/boutique\/skining-ecran-invisible-hydratant-peaux-seches-50ml\/","url":"https:\/\/paragaleriedetalborjt.com\/boutique\/skining-ecran-invisible-hydratant-peaux-seches-50ml\/","name":"Skining Ecran Invisible Hydratant Peaux Seches 50ml - paragaleriedetalborjt","isPartOf":{"@id":"https:\/\/paragaleriedetalborjt.com\/#website"},"primaryImageOfPage":{"@id":"https:\/\/paragaleriedetalborjt.com\/boutique\/skining-ecran-invisible-hydratant-peaux-seches-50ml\/#primaryimage"},"image":{"@id":"https:\/\/paragaleriedetalborjt.com\/boutique\/skining-ecran-invisible-hydratant-peaux-seches-50ml\/#primaryimage"},"thumbnailUrl":"https:\/\/paragaleriedetalborjt.com\/wp-content\/uploads\/2026\/01\/Skining-Ecran-Invisible-Hydratant-Fluide-Peau-Normal-a-seche.jpg","datePublished":"2026-01-03T19:08:19+00:00","dateModified":"2026-01-03T19:19:04+00:00","breadcrumb":{"@id":"https:\/\/paragaleriedetalborjt.com\/boutique\/skining-ecran-invisible-hydratant-peaux-seches-50ml\/#breadcrumb"},"inLanguage":"en-US","potentialAction":[{"@type":"ReadAction","target":["https:\/\/paragaleriedetalborjt.com\/boutique\/skining-ecran-invisible-hydratant-peaux-seches-50ml\/"]}]},{"@type":"ImageObject","inLanguage":"en-US","@id":"https:\/\/paragaleriedetalborjt.com\/boutique\/skining-ecran-invisible-hydratant-peaux-seches-50ml\/#primaryimage","url":"https:\/\/paragaleriedetalborjt.com\/wp-content\/uploads\/2026\/01\/Skining-Ecran-Invisible-Hydratant-Fluide-Peau-Normal-a-seche.jpg","contentUrl":"https:\/\/paragaleriedetalborjt.com\/wp-content\/uploads\/2026\/01\/Skining-Ecran-Invisible-Hydratant-Fluide-Peau-Normal-a-seche.jpg","width":595,"height":655},{"@type":"BreadcrumbList","@id":"https:\/\/paragaleriedetalborjt.com\/boutique\/skining-ecran-invisible-hydratant-peaux-seches-50ml\/#breadcrumb","itemListElement":[{"@type":"ListItem","position":1,"name":"Accueil","item":"https:\/\/paragaleriedetalborjt.com\/"},{"@type":"ListItem","position":2,"name":"Boutique","item":"https:\/\/paragaleriedetalborjt.com\/boutique\/"},{"@type":"ListItem","position":3,"name":"Skining Ecran Invisible Hydratant Peaux Seches 50ml"}]},{"@type":"WebSite","@id":"https:\/\/paragaleriedetalborjt.com\/#website","url":"https:\/\/paragaleriedetalborjt.com\/","name":"paragaleriedetalborjt","description":"","potentialAction":[{"@type":"SearchAction","target":{"@type":"EntryPoint","urlTemplate":"https:\/\/paragaleriedetalborjt.com\/?s={search_term_string}"},"query-input":{"@type":"PropertyValueSpecification","valueRequired":true,"valueName":"search_term_string"}}],"inLanguage":"en-US"}]}},"brands":[{"id":1921,"name":"SKINING","slug":"skining"}],"_links":{"self":[{"href":"https:\/\/paragaleriedetalborjt.com\/en\/wp-json\/wp\/v2\/product\/41191","targetHints":{"allow":["GET"]}}],"collection":[{"href":"https:\/\/paragaleriedetalborjt.com\/en\/wp-json\/wp\/v2\/product"}],"about":[{"href":"https:\/\/paragaleriedetalborjt.com\/en\/wp-json\/wp\/v2\/types\/product"}],"replies":[{"embeddable":true,"href":"https:\/\/paragaleriedetalborjt.com\/en\/wp-json\/wp\/v2\/comments?post=41191"}],"version-history":[{"count":1,"href":"https:\/\/paragaleriedetalborjt.com\/en\/wp-json\/wp\/v2\/product\/41191\/revisions"}],"predecessor-version":[{"id":41193,"href":"https:\/\/paragaleriedetalborjt.com\/en\/wp-json\/wp\/v2\/product\/41191\/revisions\/41193"}],"wp:featuredmedia":[{"embeddable":true,"href":"https:\/\/paragaleriedetalborjt.com\/en\/wp-json\/wp\/v2\/media\/41192"}],"wp:attachment":[{"href":"https:\/\/paragaleriedetalborjt.com\/en\/wp-json\/wp\/v2\/media?parent=41191"}],"wp:term":[{"taxonomy":"pwb-brand","embeddable":true,"href":"https:\/\/paragaleriedetalborjt.com\/en\/wp-json\/wp\/v2\/pwb-brand?post=41191"},{"taxonomy":"product_cat","embeddable":true,"href":"https:\/\/paragaleriedetalborjt.com\/en\/wp-json\/wp\/v2\/product_cat?post=41191"},{"taxonomy":"product_tag","embeddable":true,"href":"https:\/\/paragaleriedetalborjt.com\/en\/wp-json\/wp\/v2\/product_tag?post=41191"}],"curies":[{"name":"wp","href":"https:\/\/api.w.org\/{rel}","templated":true}]}}