{"id":41170,"date":"2026-01-03T20:07:30","date_gmt":"2026-01-03T19:07:30","guid":{"rendered":"https:\/\/paragaleriedetalborjt.com\/?post_type=product&#038;p=41170"},"modified":"2026-01-03T20:19:02","modified_gmt":"2026-01-03T19:19:02","slug":"ziaja-rose-butter-pack-creme-de-nuit-50ml-creme-jour-50ml-offert","status":"publish","type":"product","link":"https:\/\/paragaleriedetalborjt.com\/en\/boutique\/ziaja-rose-butter-pack-creme-de-nuit-50ml-creme-jour-50ml-offert\/","title":{"rendered":"ZIAJA Rose Butter Pack Creme de Nuit 50ml + Creme Jour 50ml OFFERT"},"content":{"rendered":"<div aria-labelledby=\"tab-title-description\" class=\"woocommerce-Tabs-panel woocommerce-Tabs-panel--description panel entry-content wc-tab\" id=\"tab-description\" role=\"tabpanel\" style=\"\">\n<h2>Description<\/h2>\n<p>Redonnez un charme tout naturel \u00e0 votre visage et offrez-lui un soin de qualit\u00e9 pendant que vous dormez. La cr\u00e8me de nuit Ziaja Rose Butter au beurre de rose contient des acides gras polysatur\u00e9s qui nourrissent optimalement la peau. Ce soin agit favorablement sur la production d\u2019\u00e9lastine et de collag\u00e8ne pour vous aider \u00e0 mieux lutter contre le vieillissement.<\/p>\n<p>Riche en agents nutritifs, cette cr\u00e8me de jour permet d\u2019assurer l\u2019hydratation<br \/>\ndu visage tout en apportant une action lissante et anti-\u00e2ge. Elle renferme<br \/>\nnotamment de l\u2019huile de macadamia, des extraits de graine de coton, de la<br \/>\nniacinamide et de la provitamine B5 qui nourrissent et repulpent l\u2019\u00e9piderme.<br \/>\nLe beurre de rose aide \u00e0 lisser les ridules et \u00e0 pr\u00e9venir leur formation gr\u00e2ce<br \/>\n\u00e0 sa haute teneur en acides gras polyinsatur\u00e9s.<\/p>\n<\/div>","protected":false},"excerpt":{"rendered":"<p>Highlights:\u2022 NETTOYANTE\u00a0: dans le respect des peaux dess\u00e9ch\u00e9es et irrit\u00e9es par un traitement m\u00e9dicamenteux anti-acn\u00e9ique.\u2022 NOURRISSANTE\u00a0: restaure le confort cutan\u00e9.\u2022 APAISANTE\u00a0: pour les peaux fragilis\u00e9es.<\/p>","protected":false},"featured_media":41171,"comment_status":"open","ping_status":"closed","template":"","meta":[],"pwb-brand":[1637],"product_cat":[16],"product_tag":[],"class_list":{"0":"post-41170","1":"product","2":"type-product","3":"status-publish","4":"has-post-thumbnail","6":"pwb-brand-ziaja","7":"product_cat-non-classe","8":"pa_brands-ziaja","10":"first","11":"instock","12":"sale","13":"shipping-taxable","14":"purchasable","15":"product-type-simple"},"yoast_head":"<!-- This site is optimized with the Yoast SEO plugin v27.5 - https:\/\/yoast.com\/product\/yoast-seo-wordpress\/ -->\n<title>ZIAJA Rose Butter Pack Creme de Nuit 50ml + Creme Jour 50ml OFFERT - paragaleriedetalborjt<\/title>\n<meta name=\"robots\" content=\"index, follow, max-snippet:-1, max-image-preview:large, max-video-preview:-1\" \/>\n<link rel=\"canonical\" href=\"https:\/\/paragaleriedetalborjt.com\/en\/boutique\/ziaja-rose-butter-pack-creme-de-nuit-50ml-creme-jour-50ml-offert\/\" \/>\n<meta property=\"og:locale\" content=\"en_US\" \/>\n<meta property=\"og:type\" content=\"article\" \/>\n<meta property=\"og:title\" content=\"ZIAJA Rose Butter Pack Creme de Nuit 50ml + Creme Jour 50ml OFFERT - paragaleriedetalborjt\" \/>\n<meta property=\"og:description\" content=\"Highlights:\u2022 NETTOYANTE\u00a0: dans le respect des peaux dess\u00e9ch\u00e9es et irrit\u00e9es par un traitement m\u00e9dicamenteux anti-acn\u00e9ique.\u2022 NOURRISSANTE\u00a0: restaure le confort cutan\u00e9.\u2022 APAISANTE\u00a0: pour les peaux fragilis\u00e9es.\" \/>\n<meta property=\"og:url\" content=\"https:\/\/paragaleriedetalborjt.com\/en\/boutique\/ziaja-rose-butter-pack-creme-de-nuit-50ml-creme-jour-50ml-offert\/\" \/>\n<meta property=\"og:site_name\" content=\"paragaleriedetalborjt\" \/>\n<meta property=\"article:modified_time\" content=\"2026-01-03T19:19:02+00:00\" \/>\n<meta property=\"og:image\" content=\"https:\/\/paragaleriedetalborjt.com\/wp-content\/uploads\/2026\/01\/ziaja-rosebutter-pack.jpg\" \/>\n\t<meta property=\"og:image:width\" content=\"595\" \/>\n\t<meta property=\"og:image:height\" content=\"655\" \/>\n\t<meta property=\"og:image:type\" content=\"image\/jpeg\" \/>\n<meta name=\"twitter:card\" content=\"summary_large_image\" \/>\n<meta name=\"twitter:label1\" content=\"Est. reading time\" \/>\n\t<meta name=\"twitter:data1\" content=\"1 minute\" \/>\n<script type=\"application\/ld+json\" class=\"yoast-schema-graph\">{\"@context\":\"https:\\\/\\\/schema.org\",\"@graph\":[{\"@type\":\"WebPage\",\"@id\":\"https:\\\/\\\/paragaleriedetalborjt.com\\\/boutique\\\/ziaja-rose-butter-pack-creme-de-nuit-50ml-creme-jour-50ml-offert\\\/\",\"url\":\"https:\\\/\\\/paragaleriedetalborjt.com\\\/boutique\\\/ziaja-rose-butter-pack-creme-de-nuit-50ml-creme-jour-50ml-offert\\\/\",\"name\":\"ZIAJA Rose Butter Pack Creme de Nuit 50ml + Creme Jour 50ml OFFERT - paragaleriedetalborjt\",\"isPartOf\":{\"@id\":\"https:\\\/\\\/paragaleriedetalborjt.com\\\/#website\"},\"primaryImageOfPage\":{\"@id\":\"https:\\\/\\\/paragaleriedetalborjt.com\\\/boutique\\\/ziaja-rose-butter-pack-creme-de-nuit-50ml-creme-jour-50ml-offert\\\/#primaryimage\"},\"image\":{\"@id\":\"https:\\\/\\\/paragaleriedetalborjt.com\\\/boutique\\\/ziaja-rose-butter-pack-creme-de-nuit-50ml-creme-jour-50ml-offert\\\/#primaryimage\"},\"thumbnailUrl\":\"https:\\\/\\\/paragaleriedetalborjt.com\\\/wp-content\\\/uploads\\\/2026\\\/01\\\/ziaja-rosebutter-pack.jpg\",\"datePublished\":\"2026-01-03T19:07:30+00:00\",\"dateModified\":\"2026-01-03T19:19:02+00:00\",\"breadcrumb\":{\"@id\":\"https:\\\/\\\/paragaleriedetalborjt.com\\\/boutique\\\/ziaja-rose-butter-pack-creme-de-nuit-50ml-creme-jour-50ml-offert\\\/#breadcrumb\"},\"inLanguage\":\"en-US\",\"potentialAction\":[{\"@type\":\"ReadAction\",\"target\":[\"https:\\\/\\\/paragaleriedetalborjt.com\\\/boutique\\\/ziaja-rose-butter-pack-creme-de-nuit-50ml-creme-jour-50ml-offert\\\/\"]}]},{\"@type\":\"ImageObject\",\"inLanguage\":\"en-US\",\"@id\":\"https:\\\/\\\/paragaleriedetalborjt.com\\\/boutique\\\/ziaja-rose-butter-pack-creme-de-nuit-50ml-creme-jour-50ml-offert\\\/#primaryimage\",\"url\":\"https:\\\/\\\/paragaleriedetalborjt.com\\\/wp-content\\\/uploads\\\/2026\\\/01\\\/ziaja-rosebutter-pack.jpg\",\"contentUrl\":\"https:\\\/\\\/paragaleriedetalborjt.com\\\/wp-content\\\/uploads\\\/2026\\\/01\\\/ziaja-rosebutter-pack.jpg\",\"width\":595,\"height\":655},{\"@type\":\"BreadcrumbList\",\"@id\":\"https:\\\/\\\/paragaleriedetalborjt.com\\\/boutique\\\/ziaja-rose-butter-pack-creme-de-nuit-50ml-creme-jour-50ml-offert\\\/#breadcrumb\",\"itemListElement\":[{\"@type\":\"ListItem\",\"position\":1,\"name\":\"Accueil\",\"item\":\"https:\\\/\\\/paragaleriedetalborjt.com\\\/\"},{\"@type\":\"ListItem\",\"position\":2,\"name\":\"Boutique\",\"item\":\"https:\\\/\\\/paragaleriedetalborjt.com\\\/boutique\\\/\"},{\"@type\":\"ListItem\",\"position\":3,\"name\":\"ZIAJA Rose Butter Pack Creme de Nuit 50ml + Creme Jour 50ml OFFERT\"}]},{\"@type\":\"WebSite\",\"@id\":\"https:\\\/\\\/paragaleriedetalborjt.com\\\/#website\",\"url\":\"https:\\\/\\\/paragaleriedetalborjt.com\\\/\",\"name\":\"paragaleriedetalborjt\",\"description\":\"\",\"potentialAction\":[{\"@type\":\"SearchAction\",\"target\":{\"@type\":\"EntryPoint\",\"urlTemplate\":\"https:\\\/\\\/paragaleriedetalborjt.com\\\/?s={search_term_string}\"},\"query-input\":{\"@type\":\"PropertyValueSpecification\",\"valueRequired\":true,\"valueName\":\"search_term_string\"}}],\"inLanguage\":\"en-US\"}]}<\/script>\n<!-- \/ Yoast SEO plugin. -->","yoast_head_json":{"title":"ZIAJA Rose Butter Pack Creme de Nuit 50ml + Creme Jour 50ml OFFERT - paragaleriedetalborjt","robots":{"index":"index","follow":"follow","max-snippet":"max-snippet:-1","max-image-preview":"max-image-preview:large","max-video-preview":"max-video-preview:-1"},"canonical":"https:\/\/paragaleriedetalborjt.com\/en\/boutique\/ziaja-rose-butter-pack-creme-de-nuit-50ml-creme-jour-50ml-offert\/","og_locale":"en_US","og_type":"article","og_title":"ZIAJA Rose Butter Pack Creme de Nuit 50ml + Creme Jour 50ml OFFERT - paragaleriedetalborjt","og_description":"Highlights:\u2022 NETTOYANTE\u00a0: dans le respect des peaux dess\u00e9ch\u00e9es et irrit\u00e9es par un traitement m\u00e9dicamenteux anti-acn\u00e9ique.\u2022 NOURRISSANTE\u00a0: restaure le confort cutan\u00e9.\u2022 APAISANTE\u00a0: pour les peaux fragilis\u00e9es.","og_url":"https:\/\/paragaleriedetalborjt.com\/en\/boutique\/ziaja-rose-butter-pack-creme-de-nuit-50ml-creme-jour-50ml-offert\/","og_site_name":"paragaleriedetalborjt","article_modified_time":"2026-01-03T19:19:02+00:00","og_image":[{"width":595,"height":655,"url":"https:\/\/paragaleriedetalborjt.com\/wp-content\/uploads\/2026\/01\/ziaja-rosebutter-pack.jpg","type":"image\/jpeg"}],"twitter_card":"summary_large_image","twitter_misc":{"Est. reading time":"1 minute"},"schema":{"@context":"https:\/\/schema.org","@graph":[{"@type":"WebPage","@id":"https:\/\/paragaleriedetalborjt.com\/boutique\/ziaja-rose-butter-pack-creme-de-nuit-50ml-creme-jour-50ml-offert\/","url":"https:\/\/paragaleriedetalborjt.com\/boutique\/ziaja-rose-butter-pack-creme-de-nuit-50ml-creme-jour-50ml-offert\/","name":"ZIAJA Rose Butter Pack Creme de Nuit 50ml + Creme Jour 50ml OFFERT - paragaleriedetalborjt","isPartOf":{"@id":"https:\/\/paragaleriedetalborjt.com\/#website"},"primaryImageOfPage":{"@id":"https:\/\/paragaleriedetalborjt.com\/boutique\/ziaja-rose-butter-pack-creme-de-nuit-50ml-creme-jour-50ml-offert\/#primaryimage"},"image":{"@id":"https:\/\/paragaleriedetalborjt.com\/boutique\/ziaja-rose-butter-pack-creme-de-nuit-50ml-creme-jour-50ml-offert\/#primaryimage"},"thumbnailUrl":"https:\/\/paragaleriedetalborjt.com\/wp-content\/uploads\/2026\/01\/ziaja-rosebutter-pack.jpg","datePublished":"2026-01-03T19:07:30+00:00","dateModified":"2026-01-03T19:19:02+00:00","breadcrumb":{"@id":"https:\/\/paragaleriedetalborjt.com\/boutique\/ziaja-rose-butter-pack-creme-de-nuit-50ml-creme-jour-50ml-offert\/#breadcrumb"},"inLanguage":"en-US","potentialAction":[{"@type":"ReadAction","target":["https:\/\/paragaleriedetalborjt.com\/boutique\/ziaja-rose-butter-pack-creme-de-nuit-50ml-creme-jour-50ml-offert\/"]}]},{"@type":"ImageObject","inLanguage":"en-US","@id":"https:\/\/paragaleriedetalborjt.com\/boutique\/ziaja-rose-butter-pack-creme-de-nuit-50ml-creme-jour-50ml-offert\/#primaryimage","url":"https:\/\/paragaleriedetalborjt.com\/wp-content\/uploads\/2026\/01\/ziaja-rosebutter-pack.jpg","contentUrl":"https:\/\/paragaleriedetalborjt.com\/wp-content\/uploads\/2026\/01\/ziaja-rosebutter-pack.jpg","width":595,"height":655},{"@type":"BreadcrumbList","@id":"https:\/\/paragaleriedetalborjt.com\/boutique\/ziaja-rose-butter-pack-creme-de-nuit-50ml-creme-jour-50ml-offert\/#breadcrumb","itemListElement":[{"@type":"ListItem","position":1,"name":"Accueil","item":"https:\/\/paragaleriedetalborjt.com\/"},{"@type":"ListItem","position":2,"name":"Boutique","item":"https:\/\/paragaleriedetalborjt.com\/boutique\/"},{"@type":"ListItem","position":3,"name":"ZIAJA Rose Butter Pack Creme de Nuit 50ml + Creme Jour 50ml OFFERT"}]},{"@type":"WebSite","@id":"https:\/\/paragaleriedetalborjt.com\/#website","url":"https:\/\/paragaleriedetalborjt.com\/","name":"paragaleriedetalborjt","description":"","potentialAction":[{"@type":"SearchAction","target":{"@type":"EntryPoint","urlTemplate":"https:\/\/paragaleriedetalborjt.com\/?s={search_term_string}"},"query-input":{"@type":"PropertyValueSpecification","valueRequired":true,"valueName":"search_term_string"}}],"inLanguage":"en-US"}]}},"brands":[{"id":1637,"name":"ZIAJA","slug":"ziaja"}],"_links":{"self":[{"href":"https:\/\/paragaleriedetalborjt.com\/en\/wp-json\/wp\/v2\/product\/41170","targetHints":{"allow":["GET"]}}],"collection":[{"href":"https:\/\/paragaleriedetalborjt.com\/en\/wp-json\/wp\/v2\/product"}],"about":[{"href":"https:\/\/paragaleriedetalborjt.com\/en\/wp-json\/wp\/v2\/types\/product"}],"replies":[{"embeddable":true,"href":"https:\/\/paragaleriedetalborjt.com\/en\/wp-json\/wp\/v2\/comments?post=41170"}],"version-history":[{"count":1,"href":"https:\/\/paragaleriedetalborjt.com\/en\/wp-json\/wp\/v2\/product\/41170\/revisions"}],"predecessor-version":[{"id":41172,"href":"https:\/\/paragaleriedetalborjt.com\/en\/wp-json\/wp\/v2\/product\/41170\/revisions\/41172"}],"wp:featuredmedia":[{"embeddable":true,"href":"https:\/\/paragaleriedetalborjt.com\/en\/wp-json\/wp\/v2\/media\/41171"}],"wp:attachment":[{"href":"https:\/\/paragaleriedetalborjt.com\/en\/wp-json\/wp\/v2\/media?parent=41170"}],"wp:term":[{"taxonomy":"pwb-brand","embeddable":true,"href":"https:\/\/paragaleriedetalborjt.com\/en\/wp-json\/wp\/v2\/pwb-brand?post=41170"},{"taxonomy":"product_cat","embeddable":true,"href":"https:\/\/paragaleriedetalborjt.com\/en\/wp-json\/wp\/v2\/product_cat?post=41170"},{"taxonomy":"product_tag","embeddable":true,"href":"https:\/\/paragaleriedetalborjt.com\/en\/wp-json\/wp\/v2\/product_tag?post=41170"}],"curies":[{"name":"wp","href":"https:\/\/api.w.org\/{rel}","templated":true}]}}