{"id":41150,"date":"2026-01-03T20:06:35","date_gmt":"2026-01-03T19:06:35","guid":{"rendered":"https:\/\/paragaleriedetalborjt.com\/?post_type=product&#038;p=41150"},"modified":"2026-01-03T20:19:01","modified_gmt":"2026-01-03T19:19:01","slug":"orgaliane-chardon-marie-100-gelules-300mg","status":"publish","type":"product","link":"https:\/\/paragaleriedetalborjt.com\/en\/boutique\/orgaliane-chardon-marie-100-gelules-300mg\/","title":{"rendered":"Orgaliane Chardon Marie 100 Gelules 300mg"},"content":{"rendered":"<div aria-labelledby=\"tab-title-description\" class=\"woocommerce-Tabs-panel woocommerce-Tabs-panel--description panel entry-content wc-tab\" id=\"tab-description\" role=\"tabpanel\" style=\"\">\n<h2>Description<\/h2>\n<p>\u00a0<\/p>\n<p>Aide la d\u00e9toxification, les processus d\u2019\u00e9limination et d\u2019\u00e9puration du foie :<\/p>\n<p>Utilis\u00e9 depuis l\u2019Antiquit\u00e9 en soutien \u00e0 la vitalit\u00e9, le chardon-marie renferme trois substances actives, la silybine, la silychristine et la silydianine, qui forment un complexe naturel du nom de silymarine. Cette synergie vertueuse agit sur la d\u00e9toxification, les processus d\u2019\u00e9limination et d\u2019\u00e9puration du foie et pr\u00e9serve sa vitalit\u00e9.<\/p>\n<p>Le chardon-marie prot\u00e8ge le foie et stimule son renouvellement cellulaire.( Interessant en cas de consommation d\u2019alcool )<\/p>\n<p>Il permet d\u2019att\u00e9nuer les effets secondaires des m\u00e9dications chimiques.<\/p>\n<p>Il tonifie l\u2019organisme au printemps et favorise la lactation.<\/p>\n<p>Tr\u00e8s proche de l\u2019artichaut, le chardon-marie est plus actif.<\/p>\n<p><strong>Conseils d\u2019utilisation:<\/strong><\/p>\n<p>Prendre 2 \u00e0 3 g\u00e9lules de chardon marie par jour, de pr\u00e9f\u00e9rence durant les repas, avec un grand verre d\u2019eau. Respecter les doses quotidiennes recommand\u00e9es. R\u00e9serv\u00e9 aux adultes et adolescents de plus de 12 ans. D\u00e9conseill\u00e9 aux femmes enceintes ou allaitantes<\/p>\n<\/div>","protected":false},"excerpt":{"rendered":"<p>Highlights:Chardon-marie Bio est un compl\u00e9ment alimentaire qui favorise le confort h\u00e9patique.<\/p>","protected":false},"featured_media":41151,"comment_status":"open","ping_status":"closed","template":"","meta":[],"pwb-brand":[1727],"product_cat":[16],"product_tag":[],"class_list":{"0":"post-41150","1":"product","2":"type-product","3":"status-publish","4":"has-post-thumbnail","6":"pwb-brand-gph","7":"product_cat-non-classe","8":"pa_brands-gph","10":"first","11":"instock","12":"sale","13":"shipping-taxable","14":"purchasable","15":"product-type-simple"},"yoast_head":"<!-- This site is optimized with the Yoast SEO plugin v27.5 - https:\/\/yoast.com\/product\/yoast-seo-wordpress\/ -->\n<title>Orgaliane Chardon Marie 100 Gelules 300mg - paragaleriedetalborjt<\/title>\n<meta name=\"robots\" content=\"index, follow, max-snippet:-1, max-image-preview:large, max-video-preview:-1\" \/>\n<link rel=\"canonical\" href=\"https:\/\/paragaleriedetalborjt.com\/en\/boutique\/orgaliane-chardon-marie-100-gelules-300mg\/\" \/>\n<meta property=\"og:locale\" content=\"en_US\" \/>\n<meta property=\"og:type\" content=\"article\" \/>\n<meta property=\"og:title\" content=\"Orgaliane Chardon Marie 100 Gelules 300mg - paragaleriedetalborjt\" \/>\n<meta property=\"og:description\" content=\"Highlights:Chardon-marie Bio est un compl\u00e9ment alimentaire qui favorise le confort h\u00e9patique.\" \/>\n<meta property=\"og:url\" content=\"https:\/\/paragaleriedetalborjt.com\/en\/boutique\/orgaliane-chardon-marie-100-gelules-300mg\/\" \/>\n<meta property=\"og:site_name\" content=\"paragaleriedetalborjt\" \/>\n<meta property=\"article:modified_time\" content=\"2026-01-03T19:19:01+00:00\" \/>\n<meta property=\"og:image\" content=\"https:\/\/paragaleriedetalborjt.com\/wp-content\/uploads\/2026\/01\/Orgaliane-Chardon-Marie-100-gelules-300mg-600x600-1.png\" \/>\n\t<meta property=\"og:image:width\" content=\"600\" \/>\n\t<meta property=\"og:image:height\" content=\"600\" \/>\n\t<meta property=\"og:image:type\" content=\"image\/png\" \/>\n<meta name=\"twitter:card\" content=\"summary_large_image\" \/>\n<meta name=\"twitter:label1\" content=\"Est. reading time\" \/>\n\t<meta name=\"twitter:data1\" content=\"1 minute\" \/>\n<script type=\"application\/ld+json\" class=\"yoast-schema-graph\">{\"@context\":\"https:\\\/\\\/schema.org\",\"@graph\":[{\"@type\":\"WebPage\",\"@id\":\"https:\\\/\\\/paragaleriedetalborjt.com\\\/boutique\\\/orgaliane-chardon-marie-100-gelules-300mg\\\/\",\"url\":\"https:\\\/\\\/paragaleriedetalborjt.com\\\/boutique\\\/orgaliane-chardon-marie-100-gelules-300mg\\\/\",\"name\":\"Orgaliane Chardon Marie 100 Gelules 300mg - paragaleriedetalborjt\",\"isPartOf\":{\"@id\":\"https:\\\/\\\/paragaleriedetalborjt.com\\\/#website\"},\"primaryImageOfPage\":{\"@id\":\"https:\\\/\\\/paragaleriedetalborjt.com\\\/boutique\\\/orgaliane-chardon-marie-100-gelules-300mg\\\/#primaryimage\"},\"image\":{\"@id\":\"https:\\\/\\\/paragaleriedetalborjt.com\\\/boutique\\\/orgaliane-chardon-marie-100-gelules-300mg\\\/#primaryimage\"},\"thumbnailUrl\":\"https:\\\/\\\/paragaleriedetalborjt.com\\\/wp-content\\\/uploads\\\/2026\\\/01\\\/Orgaliane-Chardon-Marie-100-gelules-300mg-600x600-1.png\",\"datePublished\":\"2026-01-03T19:06:35+00:00\",\"dateModified\":\"2026-01-03T19:19:01+00:00\",\"breadcrumb\":{\"@id\":\"https:\\\/\\\/paragaleriedetalborjt.com\\\/boutique\\\/orgaliane-chardon-marie-100-gelules-300mg\\\/#breadcrumb\"},\"inLanguage\":\"en-US\",\"potentialAction\":[{\"@type\":\"ReadAction\",\"target\":[\"https:\\\/\\\/paragaleriedetalborjt.com\\\/boutique\\\/orgaliane-chardon-marie-100-gelules-300mg\\\/\"]}]},{\"@type\":\"ImageObject\",\"inLanguage\":\"en-US\",\"@id\":\"https:\\\/\\\/paragaleriedetalborjt.com\\\/boutique\\\/orgaliane-chardon-marie-100-gelules-300mg\\\/#primaryimage\",\"url\":\"https:\\\/\\\/paragaleriedetalborjt.com\\\/wp-content\\\/uploads\\\/2026\\\/01\\\/Orgaliane-Chardon-Marie-100-gelules-300mg-600x600-1.png\",\"contentUrl\":\"https:\\\/\\\/paragaleriedetalborjt.com\\\/wp-content\\\/uploads\\\/2026\\\/01\\\/Orgaliane-Chardon-Marie-100-gelules-300mg-600x600-1.png\",\"width\":600,\"height\":600},{\"@type\":\"BreadcrumbList\",\"@id\":\"https:\\\/\\\/paragaleriedetalborjt.com\\\/boutique\\\/orgaliane-chardon-marie-100-gelules-300mg\\\/#breadcrumb\",\"itemListElement\":[{\"@type\":\"ListItem\",\"position\":1,\"name\":\"Accueil\",\"item\":\"https:\\\/\\\/paragaleriedetalborjt.com\\\/\"},{\"@type\":\"ListItem\",\"position\":2,\"name\":\"Boutique\",\"item\":\"https:\\\/\\\/paragaleriedetalborjt.com\\\/boutique\\\/\"},{\"@type\":\"ListItem\",\"position\":3,\"name\":\"Orgaliane Chardon Marie 100 Gelules 300mg\"}]},{\"@type\":\"WebSite\",\"@id\":\"https:\\\/\\\/paragaleriedetalborjt.com\\\/#website\",\"url\":\"https:\\\/\\\/paragaleriedetalborjt.com\\\/\",\"name\":\"paragaleriedetalborjt\",\"description\":\"\",\"potentialAction\":[{\"@type\":\"SearchAction\",\"target\":{\"@type\":\"EntryPoint\",\"urlTemplate\":\"https:\\\/\\\/paragaleriedetalborjt.com\\\/?s={search_term_string}\"},\"query-input\":{\"@type\":\"PropertyValueSpecification\",\"valueRequired\":true,\"valueName\":\"search_term_string\"}}],\"inLanguage\":\"en-US\"}]}<\/script>\n<!-- \/ Yoast SEO plugin. -->","yoast_head_json":{"title":"Orgaliane Chardon Marie 100 Gelules 300mg - paragaleriedetalborjt","robots":{"index":"index","follow":"follow","max-snippet":"max-snippet:-1","max-image-preview":"max-image-preview:large","max-video-preview":"max-video-preview:-1"},"canonical":"https:\/\/paragaleriedetalborjt.com\/en\/boutique\/orgaliane-chardon-marie-100-gelules-300mg\/","og_locale":"en_US","og_type":"article","og_title":"Orgaliane Chardon Marie 100 Gelules 300mg - paragaleriedetalborjt","og_description":"Highlights:Chardon-marie Bio est un compl\u00e9ment alimentaire qui favorise le confort h\u00e9patique.","og_url":"https:\/\/paragaleriedetalborjt.com\/en\/boutique\/orgaliane-chardon-marie-100-gelules-300mg\/","og_site_name":"paragaleriedetalborjt","article_modified_time":"2026-01-03T19:19:01+00:00","og_image":[{"width":600,"height":600,"url":"https:\/\/paragaleriedetalborjt.com\/wp-content\/uploads\/2026\/01\/Orgaliane-Chardon-Marie-100-gelules-300mg-600x600-1.png","type":"image\/png"}],"twitter_card":"summary_large_image","twitter_misc":{"Est. reading time":"1 minute"},"schema":{"@context":"https:\/\/schema.org","@graph":[{"@type":"WebPage","@id":"https:\/\/paragaleriedetalborjt.com\/boutique\/orgaliane-chardon-marie-100-gelules-300mg\/","url":"https:\/\/paragaleriedetalborjt.com\/boutique\/orgaliane-chardon-marie-100-gelules-300mg\/","name":"Orgaliane Chardon Marie 100 Gelules 300mg - paragaleriedetalborjt","isPartOf":{"@id":"https:\/\/paragaleriedetalborjt.com\/#website"},"primaryImageOfPage":{"@id":"https:\/\/paragaleriedetalborjt.com\/boutique\/orgaliane-chardon-marie-100-gelules-300mg\/#primaryimage"},"image":{"@id":"https:\/\/paragaleriedetalborjt.com\/boutique\/orgaliane-chardon-marie-100-gelules-300mg\/#primaryimage"},"thumbnailUrl":"https:\/\/paragaleriedetalborjt.com\/wp-content\/uploads\/2026\/01\/Orgaliane-Chardon-Marie-100-gelules-300mg-600x600-1.png","datePublished":"2026-01-03T19:06:35+00:00","dateModified":"2026-01-03T19:19:01+00:00","breadcrumb":{"@id":"https:\/\/paragaleriedetalborjt.com\/boutique\/orgaliane-chardon-marie-100-gelules-300mg\/#breadcrumb"},"inLanguage":"en-US","potentialAction":[{"@type":"ReadAction","target":["https:\/\/paragaleriedetalborjt.com\/boutique\/orgaliane-chardon-marie-100-gelules-300mg\/"]}]},{"@type":"ImageObject","inLanguage":"en-US","@id":"https:\/\/paragaleriedetalborjt.com\/boutique\/orgaliane-chardon-marie-100-gelules-300mg\/#primaryimage","url":"https:\/\/paragaleriedetalborjt.com\/wp-content\/uploads\/2026\/01\/Orgaliane-Chardon-Marie-100-gelules-300mg-600x600-1.png","contentUrl":"https:\/\/paragaleriedetalborjt.com\/wp-content\/uploads\/2026\/01\/Orgaliane-Chardon-Marie-100-gelules-300mg-600x600-1.png","width":600,"height":600},{"@type":"BreadcrumbList","@id":"https:\/\/paragaleriedetalborjt.com\/boutique\/orgaliane-chardon-marie-100-gelules-300mg\/#breadcrumb","itemListElement":[{"@type":"ListItem","position":1,"name":"Accueil","item":"https:\/\/paragaleriedetalborjt.com\/"},{"@type":"ListItem","position":2,"name":"Boutique","item":"https:\/\/paragaleriedetalborjt.com\/boutique\/"},{"@type":"ListItem","position":3,"name":"Orgaliane Chardon Marie 100 Gelules 300mg"}]},{"@type":"WebSite","@id":"https:\/\/paragaleriedetalborjt.com\/#website","url":"https:\/\/paragaleriedetalborjt.com\/","name":"paragaleriedetalborjt","description":"","potentialAction":[{"@type":"SearchAction","target":{"@type":"EntryPoint","urlTemplate":"https:\/\/paragaleriedetalborjt.com\/?s={search_term_string}"},"query-input":{"@type":"PropertyValueSpecification","valueRequired":true,"valueName":"search_term_string"}}],"inLanguage":"en-US"}]}},"brands":[{"id":1727,"name":"GPH","slug":"gph"}],"_links":{"self":[{"href":"https:\/\/paragaleriedetalborjt.com\/en\/wp-json\/wp\/v2\/product\/41150","targetHints":{"allow":["GET"]}}],"collection":[{"href":"https:\/\/paragaleriedetalborjt.com\/en\/wp-json\/wp\/v2\/product"}],"about":[{"href":"https:\/\/paragaleriedetalborjt.com\/en\/wp-json\/wp\/v2\/types\/product"}],"replies":[{"embeddable":true,"href":"https:\/\/paragaleriedetalborjt.com\/en\/wp-json\/wp\/v2\/comments?post=41150"}],"version-history":[{"count":1,"href":"https:\/\/paragaleriedetalborjt.com\/en\/wp-json\/wp\/v2\/product\/41150\/revisions"}],"predecessor-version":[{"id":41152,"href":"https:\/\/paragaleriedetalborjt.com\/en\/wp-json\/wp\/v2\/product\/41150\/revisions\/41152"}],"wp:featuredmedia":[{"embeddable":true,"href":"https:\/\/paragaleriedetalborjt.com\/en\/wp-json\/wp\/v2\/media\/41151"}],"wp:attachment":[{"href":"https:\/\/paragaleriedetalborjt.com\/en\/wp-json\/wp\/v2\/media?parent=41150"}],"wp:term":[{"taxonomy":"pwb-brand","embeddable":true,"href":"https:\/\/paragaleriedetalborjt.com\/en\/wp-json\/wp\/v2\/pwb-brand?post=41150"},{"taxonomy":"product_cat","embeddable":true,"href":"https:\/\/paragaleriedetalborjt.com\/en\/wp-json\/wp\/v2\/product_cat?post=41150"},{"taxonomy":"product_tag","embeddable":true,"href":"https:\/\/paragaleriedetalborjt.com\/en\/wp-json\/wp\/v2\/product_tag?post=41150"}],"curies":[{"name":"wp","href":"https:\/\/api.w.org\/{rel}","templated":true}]}}