{"id":41140,"date":"2026-01-03T20:06:16","date_gmt":"2026-01-03T19:06:16","guid":{"rendered":"https:\/\/paragaleriedetalborjt.com\/?post_type=product&#038;p=41140"},"modified":"2026-01-03T20:19:00","modified_gmt":"2026-01-03T19:19:00","slug":"bambo-dreamy-pants-night-boys-and-girl-8-15-years-10-unites","status":"publish","type":"product","link":"https:\/\/paragaleriedetalborjt.com\/en\/boutique\/bambo-dreamy-pants-night-boys-and-girl-8-15-years-10-unites\/","title":{"rendered":"Bambo Dreamy Pants Night Boys and Girl 8-15 Years 10 unit\u00e9s"},"content":{"rendered":"<div aria-labelledby=\"tab-title-description\" class=\"woocommerce-Tabs-panel woocommerce-Tabs-panel--description panel entry-content wc-tab\" id=\"tab-description\" role=\"tabpanel\" style=\"\">\n<h2>Description<\/h2>\n<div class=\"flex max-w-full flex-col flex-grow\">\n<div class=\"min-h-8 text-message flex w-full flex-col items-end gap-2 whitespace-normal break-words [.text-message+&amp;]:mt-5\" data-message-author-role=\"assistant\" data-message-id=\"d5d6b47b-c185-4b34-aff8-737ae5717fb5\" data-message-model-slug=\"gpt-4o\" dir=\"auto\">\n<div class=\"flex w-full flex-col gap-1 empty:hidden first:pt-[3px]\">\n<div class=\"markdown prose w-full break-words dark:prose-invert light\">\n<p>Bambo Dreamy Pants Night Boys\/Girls est une solution id\u00e9ale pour les enfants et adolescents de 8 \u00e0 15 ans pesant entre 35 et 50 kg. Ces couches-culottes de nuit offrent une absorption \u00e9lev\u00e9e pour \u00e9viter les accidents nocturnes, tout en \u00e9tant discr\u00e8tes sous les v\u00eatements de nuit. Con\u00e7ues avec des mat\u00e9riaux doux et respirants, elles assurent un confort maximal et une protection longue dur\u00e9e sans irritation. Les Dreamy Pants sont unisexes, adapt\u00e9es aussi bien aux gar\u00e7ons qu\u2019aux filles, et disposent d\u2019un design confortable qui permet de bouger librement pendant la nuit. Le pack contient 10 unit\u00e9s, parfait pour une utilisation r\u00e9guli\u00e8re ou en cas de besoin ponctuel.<\/p>\n<\/div>\n<\/div>\n<\/div>\n<\/div>\n<div class=\"mb-2 flex gap-3 empty:hidden -ml-2\">\n<div class=\"items-center justify-start rounded-xl p-1 flex\">\n<div class=\"flex items-center\"><button aria-label=\"Read aloud\" class=\"rounded-lg text-token-text-secondary hover:bg-token-main-surface-secondary\" data-testid=\"voice-play-turn-action-button\"><\/button><button aria-label=\"Copier\" class=\"rounded-lg text-token-text-secondary hover:bg-token-main-surface-secondary\" data-testid=\"copy-turn-action-button\"><\/button><\/p>\n<div class=\"flex\"><\/div>\n<div class=\"flex items-center pb-0\"><\/div>\n<\/div>\n<\/div>\n<\/div>\n<\/div>\n","protected":false},"excerpt":{"rendered":"<p>Highlights:Bambo Dreamy Pants Night Boys\/Girls 8-15 ans (35-50 kg) \u2013 10 unit\u00e9s est une couche-culotte de nuit discr\u00e8te et absorbante, sp\u00e9cialement con\u00e7ue pour les enfants et adolescents souffrant de petites fuites nocturnes, garantissant une protection optimale et un confort tout au long de la nuit.<\/p>","protected":false},"featured_media":41141,"comment_status":"open","ping_status":"closed","template":"","meta":[],"pwb-brand":[1912],"product_cat":[16],"product_tag":[],"class_list":{"0":"post-41140","1":"product","2":"type-product","3":"status-publish","4":"has-post-thumbnail","6":"pwb-brand-bambo-nature","7":"product_cat-non-classe","8":"pa_brands-bambo-nature","10":"first","11":"instock","12":"sale","13":"shipping-taxable","14":"purchasable","15":"product-type-simple"},"yoast_head":"<!-- This site is optimized with the Yoast SEO plugin v27.5 - https:\/\/yoast.com\/product\/yoast-seo-wordpress\/ -->\n<title>Bambo Dreamy Pants Night Boys and Girl 8-15 Years 10 unit\u00e9s - paragaleriedetalborjt<\/title>\n<meta name=\"robots\" content=\"index, follow, max-snippet:-1, max-image-preview:large, max-video-preview:-1\" \/>\n<link rel=\"canonical\" href=\"https:\/\/paragaleriedetalborjt.com\/en\/boutique\/bambo-dreamy-pants-night-boys-and-girl-8-15-years-10-unites\/\" \/>\n<meta property=\"og:locale\" content=\"en_US\" \/>\n<meta property=\"og:type\" content=\"article\" \/>\n<meta property=\"og:title\" content=\"Bambo Dreamy Pants Night Boys and Girl 8-15 Years 10 unit\u00e9s - paragaleriedetalborjt\" \/>\n<meta property=\"og:description\" content=\"Highlights:Bambo Dreamy Pants Night Boys\/Girls 8-15 ans (35-50 kg) \u2013 10 unit\u00e9s est une couche-culotte de nuit discr\u00e8te et absorbante, sp\u00e9cialement con\u00e7ue pour les enfants et adolescents souffrant de petites fuites nocturnes, garantissant une protection optimale et un confort tout au long de la nuit.\" \/>\n<meta property=\"og:url\" content=\"https:\/\/paragaleriedetalborjt.com\/en\/boutique\/bambo-dreamy-pants-night-boys-and-girl-8-15-years-10-unites\/\" \/>\n<meta property=\"og:site_name\" content=\"paragaleriedetalborjt\" \/>\n<meta property=\"article:modified_time\" content=\"2026-01-03T19:19:00+00:00\" \/>\n<meta property=\"og:image\" content=\"https:\/\/paragaleriedetalborjt.com\/wp-content\/uploads\/2026\/01\/Bambo-Dreamy-Pants-Night-Boysgirl-8-15-years-35-50kg10un-600x600-1.jpg\" \/>\n\t<meta property=\"og:image:width\" content=\"600\" \/>\n\t<meta property=\"og:image:height\" content=\"600\" \/>\n\t<meta property=\"og:image:type\" content=\"image\/jpeg\" \/>\n<meta name=\"twitter:card\" content=\"summary_large_image\" \/>\n<meta name=\"twitter:label1\" content=\"Est. reading time\" \/>\n\t<meta name=\"twitter:data1\" content=\"1 minute\" \/>\n<script type=\"application\/ld+json\" class=\"yoast-schema-graph\">{\"@context\":\"https:\\\/\\\/schema.org\",\"@graph\":[{\"@type\":\"WebPage\",\"@id\":\"https:\\\/\\\/paragaleriedetalborjt.com\\\/boutique\\\/bambo-dreamy-pants-night-boys-and-girl-8-15-years-10-unites\\\/\",\"url\":\"https:\\\/\\\/paragaleriedetalborjt.com\\\/boutique\\\/bambo-dreamy-pants-night-boys-and-girl-8-15-years-10-unites\\\/\",\"name\":\"Bambo Dreamy Pants Night Boys and Girl 8-15 Years 10 unit\u00e9s - paragaleriedetalborjt\",\"isPartOf\":{\"@id\":\"https:\\\/\\\/paragaleriedetalborjt.com\\\/#website\"},\"primaryImageOfPage\":{\"@id\":\"https:\\\/\\\/paragaleriedetalborjt.com\\\/boutique\\\/bambo-dreamy-pants-night-boys-and-girl-8-15-years-10-unites\\\/#primaryimage\"},\"image\":{\"@id\":\"https:\\\/\\\/paragaleriedetalborjt.com\\\/boutique\\\/bambo-dreamy-pants-night-boys-and-girl-8-15-years-10-unites\\\/#primaryimage\"},\"thumbnailUrl\":\"https:\\\/\\\/paragaleriedetalborjt.com\\\/wp-content\\\/uploads\\\/2026\\\/01\\\/Bambo-Dreamy-Pants-Night-Boysgirl-8-15-years-35-50kg10un-600x600-1.jpg\",\"datePublished\":\"2026-01-03T19:06:16+00:00\",\"dateModified\":\"2026-01-03T19:19:00+00:00\",\"breadcrumb\":{\"@id\":\"https:\\\/\\\/paragaleriedetalborjt.com\\\/boutique\\\/bambo-dreamy-pants-night-boys-and-girl-8-15-years-10-unites\\\/#breadcrumb\"},\"inLanguage\":\"en-US\",\"potentialAction\":[{\"@type\":\"ReadAction\",\"target\":[\"https:\\\/\\\/paragaleriedetalborjt.com\\\/boutique\\\/bambo-dreamy-pants-night-boys-and-girl-8-15-years-10-unites\\\/\"]}]},{\"@type\":\"ImageObject\",\"inLanguage\":\"en-US\",\"@id\":\"https:\\\/\\\/paragaleriedetalborjt.com\\\/boutique\\\/bambo-dreamy-pants-night-boys-and-girl-8-15-years-10-unites\\\/#primaryimage\",\"url\":\"https:\\\/\\\/paragaleriedetalborjt.com\\\/wp-content\\\/uploads\\\/2026\\\/01\\\/Bambo-Dreamy-Pants-Night-Boysgirl-8-15-years-35-50kg10un-600x600-1.jpg\",\"contentUrl\":\"https:\\\/\\\/paragaleriedetalborjt.com\\\/wp-content\\\/uploads\\\/2026\\\/01\\\/Bambo-Dreamy-Pants-Night-Boysgirl-8-15-years-35-50kg10un-600x600-1.jpg\",\"width\":600,\"height\":600},{\"@type\":\"BreadcrumbList\",\"@id\":\"https:\\\/\\\/paragaleriedetalborjt.com\\\/boutique\\\/bambo-dreamy-pants-night-boys-and-girl-8-15-years-10-unites\\\/#breadcrumb\",\"itemListElement\":[{\"@type\":\"ListItem\",\"position\":1,\"name\":\"Accueil\",\"item\":\"https:\\\/\\\/paragaleriedetalborjt.com\\\/\"},{\"@type\":\"ListItem\",\"position\":2,\"name\":\"Boutique\",\"item\":\"https:\\\/\\\/paragaleriedetalborjt.com\\\/boutique\\\/\"},{\"@type\":\"ListItem\",\"position\":3,\"name\":\"Bambo Dreamy Pants Night Boys and Girl 8-15 Years 10 unit\u00e9s\"}]},{\"@type\":\"WebSite\",\"@id\":\"https:\\\/\\\/paragaleriedetalborjt.com\\\/#website\",\"url\":\"https:\\\/\\\/paragaleriedetalborjt.com\\\/\",\"name\":\"paragaleriedetalborjt\",\"description\":\"\",\"potentialAction\":[{\"@type\":\"SearchAction\",\"target\":{\"@type\":\"EntryPoint\",\"urlTemplate\":\"https:\\\/\\\/paragaleriedetalborjt.com\\\/?s={search_term_string}\"},\"query-input\":{\"@type\":\"PropertyValueSpecification\",\"valueRequired\":true,\"valueName\":\"search_term_string\"}}],\"inLanguage\":\"en-US\"}]}<\/script>\n<!-- \/ Yoast SEO plugin. -->","yoast_head_json":{"title":"Bambo Dreamy Pants Night Boys and Girl 8-15 Years 10 unit\u00e9s - paragaleriedetalborjt","robots":{"index":"index","follow":"follow","max-snippet":"max-snippet:-1","max-image-preview":"max-image-preview:large","max-video-preview":"max-video-preview:-1"},"canonical":"https:\/\/paragaleriedetalborjt.com\/en\/boutique\/bambo-dreamy-pants-night-boys-and-girl-8-15-years-10-unites\/","og_locale":"en_US","og_type":"article","og_title":"Bambo Dreamy Pants Night Boys and Girl 8-15 Years 10 unit\u00e9s - paragaleriedetalborjt","og_description":"Highlights:Bambo Dreamy Pants Night Boys\/Girls 8-15 ans (35-50 kg) \u2013 10 unit\u00e9s est une couche-culotte de nuit discr\u00e8te et absorbante, sp\u00e9cialement con\u00e7ue pour les enfants et adolescents souffrant de petites fuites nocturnes, garantissant une protection optimale et un confort tout au long de la nuit.","og_url":"https:\/\/paragaleriedetalborjt.com\/en\/boutique\/bambo-dreamy-pants-night-boys-and-girl-8-15-years-10-unites\/","og_site_name":"paragaleriedetalborjt","article_modified_time":"2026-01-03T19:19:00+00:00","og_image":[{"width":600,"height":600,"url":"https:\/\/paragaleriedetalborjt.com\/wp-content\/uploads\/2026\/01\/Bambo-Dreamy-Pants-Night-Boysgirl-8-15-years-35-50kg10un-600x600-1.jpg","type":"image\/jpeg"}],"twitter_card":"summary_large_image","twitter_misc":{"Est. reading time":"1 minute"},"schema":{"@context":"https:\/\/schema.org","@graph":[{"@type":"WebPage","@id":"https:\/\/paragaleriedetalborjt.com\/boutique\/bambo-dreamy-pants-night-boys-and-girl-8-15-years-10-unites\/","url":"https:\/\/paragaleriedetalborjt.com\/boutique\/bambo-dreamy-pants-night-boys-and-girl-8-15-years-10-unites\/","name":"Bambo Dreamy Pants Night Boys and Girl 8-15 Years 10 unit\u00e9s - paragaleriedetalborjt","isPartOf":{"@id":"https:\/\/paragaleriedetalborjt.com\/#website"},"primaryImageOfPage":{"@id":"https:\/\/paragaleriedetalborjt.com\/boutique\/bambo-dreamy-pants-night-boys-and-girl-8-15-years-10-unites\/#primaryimage"},"image":{"@id":"https:\/\/paragaleriedetalborjt.com\/boutique\/bambo-dreamy-pants-night-boys-and-girl-8-15-years-10-unites\/#primaryimage"},"thumbnailUrl":"https:\/\/paragaleriedetalborjt.com\/wp-content\/uploads\/2026\/01\/Bambo-Dreamy-Pants-Night-Boysgirl-8-15-years-35-50kg10un-600x600-1.jpg","datePublished":"2026-01-03T19:06:16+00:00","dateModified":"2026-01-03T19:19:00+00:00","breadcrumb":{"@id":"https:\/\/paragaleriedetalborjt.com\/boutique\/bambo-dreamy-pants-night-boys-and-girl-8-15-years-10-unites\/#breadcrumb"},"inLanguage":"en-US","potentialAction":[{"@type":"ReadAction","target":["https:\/\/paragaleriedetalborjt.com\/boutique\/bambo-dreamy-pants-night-boys-and-girl-8-15-years-10-unites\/"]}]},{"@type":"ImageObject","inLanguage":"en-US","@id":"https:\/\/paragaleriedetalborjt.com\/boutique\/bambo-dreamy-pants-night-boys-and-girl-8-15-years-10-unites\/#primaryimage","url":"https:\/\/paragaleriedetalborjt.com\/wp-content\/uploads\/2026\/01\/Bambo-Dreamy-Pants-Night-Boysgirl-8-15-years-35-50kg10un-600x600-1.jpg","contentUrl":"https:\/\/paragaleriedetalborjt.com\/wp-content\/uploads\/2026\/01\/Bambo-Dreamy-Pants-Night-Boysgirl-8-15-years-35-50kg10un-600x600-1.jpg","width":600,"height":600},{"@type":"BreadcrumbList","@id":"https:\/\/paragaleriedetalborjt.com\/boutique\/bambo-dreamy-pants-night-boys-and-girl-8-15-years-10-unites\/#breadcrumb","itemListElement":[{"@type":"ListItem","position":1,"name":"Accueil","item":"https:\/\/paragaleriedetalborjt.com\/"},{"@type":"ListItem","position":2,"name":"Boutique","item":"https:\/\/paragaleriedetalborjt.com\/boutique\/"},{"@type":"ListItem","position":3,"name":"Bambo Dreamy Pants Night Boys and Girl 8-15 Years 10 unit\u00e9s"}]},{"@type":"WebSite","@id":"https:\/\/paragaleriedetalborjt.com\/#website","url":"https:\/\/paragaleriedetalborjt.com\/","name":"paragaleriedetalborjt","description":"","potentialAction":[{"@type":"SearchAction","target":{"@type":"EntryPoint","urlTemplate":"https:\/\/paragaleriedetalborjt.com\/?s={search_term_string}"},"query-input":{"@type":"PropertyValueSpecification","valueRequired":true,"valueName":"search_term_string"}}],"inLanguage":"en-US"}]}},"brands":[{"id":1912,"name":"BAMBO NATURE","slug":"bambo-nature"}],"_links":{"self":[{"href":"https:\/\/paragaleriedetalborjt.com\/en\/wp-json\/wp\/v2\/product\/41140","targetHints":{"allow":["GET"]}}],"collection":[{"href":"https:\/\/paragaleriedetalborjt.com\/en\/wp-json\/wp\/v2\/product"}],"about":[{"href":"https:\/\/paragaleriedetalborjt.com\/en\/wp-json\/wp\/v2\/types\/product"}],"replies":[{"embeddable":true,"href":"https:\/\/paragaleriedetalborjt.com\/en\/wp-json\/wp\/v2\/comments?post=41140"}],"version-history":[{"count":1,"href":"https:\/\/paragaleriedetalborjt.com\/en\/wp-json\/wp\/v2\/product\/41140\/revisions"}],"predecessor-version":[{"id":41142,"href":"https:\/\/paragaleriedetalborjt.com\/en\/wp-json\/wp\/v2\/product\/41140\/revisions\/41142"}],"wp:featuredmedia":[{"embeddable":true,"href":"https:\/\/paragaleriedetalborjt.com\/en\/wp-json\/wp\/v2\/media\/41141"}],"wp:attachment":[{"href":"https:\/\/paragaleriedetalborjt.com\/en\/wp-json\/wp\/v2\/media?parent=41140"}],"wp:term":[{"taxonomy":"pwb-brand","embeddable":true,"href":"https:\/\/paragaleriedetalborjt.com\/en\/wp-json\/wp\/v2\/pwb-brand?post=41140"},{"taxonomy":"product_cat","embeddable":true,"href":"https:\/\/paragaleriedetalborjt.com\/en\/wp-json\/wp\/v2\/product_cat?post=41140"},{"taxonomy":"product_tag","embeddable":true,"href":"https:\/\/paragaleriedetalborjt.com\/en\/wp-json\/wp\/v2\/product_tag?post=41140"}],"curies":[{"name":"wp","href":"https:\/\/api.w.org\/{rel}","templated":true}]}}