{"id":41114,"date":"2026-01-03T20:05:18","date_gmt":"2026-01-03T19:05:18","guid":{"rendered":"https:\/\/paragaleriedetalborjt.com\/?post_type=product&#038;p=41114"},"modified":"2026-01-03T20:18:58","modified_gmt":"2026-01-03T19:18:58","slug":"uriage-depiderm-soin-cible-anti-taches-15-ml","status":"publish","type":"product","link":"https:\/\/paragaleriedetalborjt.com\/en\/boutique\/uriage-depiderm-soin-cible-anti-taches-15-ml\/","title":{"rendered":"Uriage \u2013 D\u00e9piderm \u2013 Soin Cibl\u00e9 Anti-t\u00e2ches \u2013 15 ml"},"content":{"rendered":"<div aria-labelledby=\"tab-title-description\" class=\"woocommerce-Tabs-panel woocommerce-Tabs-panel--description panel entry-content wc-tab\" id=\"tab-description\" role=\"tabpanel\" style=\"\">\n<h2>Description<\/h2>\n<p>Probl\u00e9matique sp\u00e9cifique<br \/>\nSoins peaux sensibles avec tache localis\u00e9e<\/p>\n<p>B\u00e9n\u00e9fice produit<br \/>\nCe soin ultra concentr\u00e9 en actifs anti-taches corrige efficacement les taches brunes localis\u00e9es en diminuant significativement leur taille et leur intensit\u00e9.<\/p>\n<p>Corrige les taches localis\u00e9es<br \/>\nDot\u00e9 du complexe Cx, une solution ultra concentr\u00e9e \u00e0 20% d\u2019actifs anti-taches, apaisants et anti-oxydants, [Extrait de pois et de sucrose, Vitamine C, Eau Thermale d\u2019Uriage, Enoxolone], il corrige les taches brunes localis\u00e9es et homog\u00e9n\u00e9ise la pigmentation. Enrichi en AHA, il favorise l\u2019exfoliation des cellules pigment\u00e9es de l\u2019\u00e9piderme.<\/p>\n<p>Caract\u00e9ristiques<br \/>\nComplexe Cx (Extrait de pois et de sucrose, Vitamine C, Eau Thermale d\u2019Uriage, Enoxolone) \u2014 AHA \u2014 Excellente tol\u00e9rance \u2014 Non parfum\u00e9 \u2014 Test\u00e9 sous contr\u00f4le dermatologique<\/p>\n<p>Conseil d\u2019utilisation<br \/>\nAppliquer matin et soir directement sur les taches brunes du visage, du d\u00e9collet\u00e9 et des mains.<br \/>\nPeut s\u2019appliquer sous un soin de jour et\/ou de nuit.<br \/>\nEviter le contour des yeux.<br \/>\nPour une efficacit\u00e9 maximis\u00e9e, appliquer en compl\u00e9ment le Fluide Anti-Taches SPF15.<br \/>\nEn cas d\u2019exposition au soleil, prot\u00e9ger imp\u00e9rativement votre peau avec un \u00e9cran solaire tr\u00e8s haute protection.<\/p>\n<\/div>\n","protected":false},"excerpt":{"rendered":"<p>Highlights:Concentr\u00e9 Intensif Anti-T\u00e2ches : T\u00e2ches localis\u00e9es r\u00e9duitesR\u00e9duit l\u2019intensit\u00e9 de la t\u00e2che (D\u00e8s le 1er mois, -24% Apr\u00e8s 2 mois et satisfaction globale pour 73% des volontaires)<\/p>","protected":false},"featured_media":41115,"comment_status":"open","ping_status":"closed","template":"","meta":[],"pwb-brand":[1579],"product_cat":[16],"product_tag":[],"class_list":{"0":"post-41114","1":"product","2":"type-product","3":"status-publish","4":"has-post-thumbnail","6":"pwb-brand-uriage","7":"product_cat-non-classe","8":"pa_brands-uriage","10":"first","11":"instock","12":"sale","13":"shipping-taxable","14":"purchasable","15":"product-type-simple"},"yoast_head":"<!-- This site is optimized with the Yoast SEO plugin v27.5 - https:\/\/yoast.com\/product\/yoast-seo-wordpress\/ -->\n<title>Uriage \u2013 D\u00e9piderm \u2013 Soin Cibl\u00e9 Anti-t\u00e2ches \u2013 15 ml - paragaleriedetalborjt<\/title>\n<meta name=\"robots\" content=\"index, follow, max-snippet:-1, max-image-preview:large, max-video-preview:-1\" \/>\n<link rel=\"canonical\" href=\"https:\/\/paragaleriedetalborjt.com\/en\/boutique\/uriage-depiderm-soin-cible-anti-taches-15-ml\/\" \/>\n<meta property=\"og:locale\" content=\"en_US\" \/>\n<meta property=\"og:type\" content=\"article\" \/>\n<meta property=\"og:title\" content=\"Uriage \u2013 D\u00e9piderm \u2013 Soin Cibl\u00e9 Anti-t\u00e2ches \u2013 15 ml - paragaleriedetalborjt\" \/>\n<meta property=\"og:description\" content=\"Highlights:Concentr\u00e9 Intensif Anti-T\u00e2ches : T\u00e2ches localis\u00e9es r\u00e9duitesR\u00e9duit l\u2019intensit\u00e9 de la t\u00e2che (D\u00e8s le 1er mois, -24% Apr\u00e8s 2 mois et satisfaction globale pour 73% des volontaires)\" \/>\n<meta property=\"og:url\" content=\"https:\/\/paragaleriedetalborjt.com\/en\/boutique\/uriage-depiderm-soin-cible-anti-taches-15-ml\/\" \/>\n<meta property=\"og:site_name\" content=\"paragaleriedetalborjt\" \/>\n<meta property=\"article:modified_time\" content=\"2026-01-03T19:18:58+00:00\" \/>\n<meta property=\"og:image\" content=\"https:\/\/paragaleriedetalborjt.com\/wp-content\/uploads\/2026\/01\/3661434004513.jpg\" \/>\n\t<meta property=\"og:image:width\" content=\"595\" \/>\n\t<meta property=\"og:image:height\" content=\"655\" \/>\n\t<meta property=\"og:image:type\" content=\"image\/jpeg\" \/>\n<meta name=\"twitter:card\" content=\"summary_large_image\" \/>\n<meta name=\"twitter:label1\" content=\"Est. reading time\" \/>\n\t<meta name=\"twitter:data1\" content=\"1 minute\" \/>\n<script type=\"application\/ld+json\" class=\"yoast-schema-graph\">{\"@context\":\"https:\\\/\\\/schema.org\",\"@graph\":[{\"@type\":\"WebPage\",\"@id\":\"https:\\\/\\\/paragaleriedetalborjt.com\\\/en\\\/boutique\\\/uriage-depiderm-soin-cible-anti-taches-15-ml\\\/\",\"url\":\"https:\\\/\\\/paragaleriedetalborjt.com\\\/en\\\/boutique\\\/uriage-depiderm-soin-cible-anti-taches-15-ml\\\/\",\"name\":\"Uriage \u2013 D\u00e9piderm \u2013 Soin Cibl\u00e9 Anti-t\u00e2ches \u2013 15 ml - paragaleriedetalborjt\",\"isPartOf\":{\"@id\":\"https:\\\/\\\/paragaleriedetalborjt.com\\\/#website\"},\"primaryImageOfPage\":{\"@id\":\"https:\\\/\\\/paragaleriedetalborjt.com\\\/en\\\/boutique\\\/uriage-depiderm-soin-cible-anti-taches-15-ml\\\/#primaryimage\"},\"image\":{\"@id\":\"https:\\\/\\\/paragaleriedetalborjt.com\\\/en\\\/boutique\\\/uriage-depiderm-soin-cible-anti-taches-15-ml\\\/#primaryimage\"},\"thumbnailUrl\":\"https:\\\/\\\/paragaleriedetalborjt.com\\\/wp-content\\\/uploads\\\/2026\\\/01\\\/3661434004513.jpg\",\"datePublished\":\"2026-01-03T19:05:18+00:00\",\"dateModified\":\"2026-01-03T19:18:58+00:00\",\"breadcrumb\":{\"@id\":\"https:\\\/\\\/paragaleriedetalborjt.com\\\/en\\\/boutique\\\/uriage-depiderm-soin-cible-anti-taches-15-ml\\\/#breadcrumb\"},\"inLanguage\":\"en-US\",\"potentialAction\":[{\"@type\":\"ReadAction\",\"target\":[\"https:\\\/\\\/paragaleriedetalborjt.com\\\/en\\\/boutique\\\/uriage-depiderm-soin-cible-anti-taches-15-ml\\\/\"]}]},{\"@type\":\"ImageObject\",\"inLanguage\":\"en-US\",\"@id\":\"https:\\\/\\\/paragaleriedetalborjt.com\\\/en\\\/boutique\\\/uriage-depiderm-soin-cible-anti-taches-15-ml\\\/#primaryimage\",\"url\":\"https:\\\/\\\/paragaleriedetalborjt.com\\\/wp-content\\\/uploads\\\/2026\\\/01\\\/3661434004513.jpg\",\"contentUrl\":\"https:\\\/\\\/paragaleriedetalborjt.com\\\/wp-content\\\/uploads\\\/2026\\\/01\\\/3661434004513.jpg\",\"width\":595,\"height\":655},{\"@type\":\"BreadcrumbList\",\"@id\":\"https:\\\/\\\/paragaleriedetalborjt.com\\\/en\\\/boutique\\\/uriage-depiderm-soin-cible-anti-taches-15-ml\\\/#breadcrumb\",\"itemListElement\":[{\"@type\":\"ListItem\",\"position\":1,\"name\":\"Accueil\",\"item\":\"https:\\\/\\\/paragaleriedetalborjt.com\\\/\"},{\"@type\":\"ListItem\",\"position\":2,\"name\":\"Boutique\",\"item\":\"https:\\\/\\\/paragaleriedetalborjt.com\\\/boutique\\\/\"},{\"@type\":\"ListItem\",\"position\":3,\"name\":\"Uriage \u2013 D\u00e9piderm \u2013 Soin Cibl\u00e9 Anti-t\u00e2ches \u2013 15 ml\"}]},{\"@type\":\"WebSite\",\"@id\":\"https:\\\/\\\/paragaleriedetalborjt.com\\\/#website\",\"url\":\"https:\\\/\\\/paragaleriedetalborjt.com\\\/\",\"name\":\"paragaleriedetalborjt\",\"description\":\"\",\"potentialAction\":[{\"@type\":\"SearchAction\",\"target\":{\"@type\":\"EntryPoint\",\"urlTemplate\":\"https:\\\/\\\/paragaleriedetalborjt.com\\\/?s={search_term_string}\"},\"query-input\":{\"@type\":\"PropertyValueSpecification\",\"valueRequired\":true,\"valueName\":\"search_term_string\"}}],\"inLanguage\":\"en-US\"}]}<\/script>\n<!-- \/ Yoast SEO plugin. -->","yoast_head_json":{"title":"Uriage \u2013 D\u00e9piderm \u2013 Soin Cibl\u00e9 Anti-t\u00e2ches \u2013 15 ml - paragaleriedetalborjt","robots":{"index":"index","follow":"follow","max-snippet":"max-snippet:-1","max-image-preview":"max-image-preview:large","max-video-preview":"max-video-preview:-1"},"canonical":"https:\/\/paragaleriedetalborjt.com\/en\/boutique\/uriage-depiderm-soin-cible-anti-taches-15-ml\/","og_locale":"en_US","og_type":"article","og_title":"Uriage \u2013 D\u00e9piderm \u2013 Soin Cibl\u00e9 Anti-t\u00e2ches \u2013 15 ml - paragaleriedetalborjt","og_description":"Highlights:Concentr\u00e9 Intensif Anti-T\u00e2ches : T\u00e2ches localis\u00e9es r\u00e9duitesR\u00e9duit l\u2019intensit\u00e9 de la t\u00e2che (D\u00e8s le 1er mois, -24% Apr\u00e8s 2 mois et satisfaction globale pour 73% des volontaires)","og_url":"https:\/\/paragaleriedetalborjt.com\/en\/boutique\/uriage-depiderm-soin-cible-anti-taches-15-ml\/","og_site_name":"paragaleriedetalborjt","article_modified_time":"2026-01-03T19:18:58+00:00","og_image":[{"width":595,"height":655,"url":"https:\/\/paragaleriedetalborjt.com\/wp-content\/uploads\/2026\/01\/3661434004513.jpg","type":"image\/jpeg"}],"twitter_card":"summary_large_image","twitter_misc":{"Est. reading time":"1 minute"},"schema":{"@context":"https:\/\/schema.org","@graph":[{"@type":"WebPage","@id":"https:\/\/paragaleriedetalborjt.com\/en\/boutique\/uriage-depiderm-soin-cible-anti-taches-15-ml\/","url":"https:\/\/paragaleriedetalborjt.com\/en\/boutique\/uriage-depiderm-soin-cible-anti-taches-15-ml\/","name":"Uriage \u2013 D\u00e9piderm \u2013 Soin Cibl\u00e9 Anti-t\u00e2ches \u2013 15 ml - paragaleriedetalborjt","isPartOf":{"@id":"https:\/\/paragaleriedetalborjt.com\/#website"},"primaryImageOfPage":{"@id":"https:\/\/paragaleriedetalborjt.com\/en\/boutique\/uriage-depiderm-soin-cible-anti-taches-15-ml\/#primaryimage"},"image":{"@id":"https:\/\/paragaleriedetalborjt.com\/en\/boutique\/uriage-depiderm-soin-cible-anti-taches-15-ml\/#primaryimage"},"thumbnailUrl":"https:\/\/paragaleriedetalborjt.com\/wp-content\/uploads\/2026\/01\/3661434004513.jpg","datePublished":"2026-01-03T19:05:18+00:00","dateModified":"2026-01-03T19:18:58+00:00","breadcrumb":{"@id":"https:\/\/paragaleriedetalborjt.com\/en\/boutique\/uriage-depiderm-soin-cible-anti-taches-15-ml\/#breadcrumb"},"inLanguage":"en-US","potentialAction":[{"@type":"ReadAction","target":["https:\/\/paragaleriedetalborjt.com\/en\/boutique\/uriage-depiderm-soin-cible-anti-taches-15-ml\/"]}]},{"@type":"ImageObject","inLanguage":"en-US","@id":"https:\/\/paragaleriedetalborjt.com\/en\/boutique\/uriage-depiderm-soin-cible-anti-taches-15-ml\/#primaryimage","url":"https:\/\/paragaleriedetalborjt.com\/wp-content\/uploads\/2026\/01\/3661434004513.jpg","contentUrl":"https:\/\/paragaleriedetalborjt.com\/wp-content\/uploads\/2026\/01\/3661434004513.jpg","width":595,"height":655},{"@type":"BreadcrumbList","@id":"https:\/\/paragaleriedetalborjt.com\/en\/boutique\/uriage-depiderm-soin-cible-anti-taches-15-ml\/#breadcrumb","itemListElement":[{"@type":"ListItem","position":1,"name":"Accueil","item":"https:\/\/paragaleriedetalborjt.com\/"},{"@type":"ListItem","position":2,"name":"Boutique","item":"https:\/\/paragaleriedetalborjt.com\/boutique\/"},{"@type":"ListItem","position":3,"name":"Uriage \u2013 D\u00e9piderm \u2013 Soin Cibl\u00e9 Anti-t\u00e2ches \u2013 15 ml"}]},{"@type":"WebSite","@id":"https:\/\/paragaleriedetalborjt.com\/#website","url":"https:\/\/paragaleriedetalborjt.com\/","name":"paragaleriedetalborjt","description":"","potentialAction":[{"@type":"SearchAction","target":{"@type":"EntryPoint","urlTemplate":"https:\/\/paragaleriedetalborjt.com\/?s={search_term_string}"},"query-input":{"@type":"PropertyValueSpecification","valueRequired":true,"valueName":"search_term_string"}}],"inLanguage":"en-US"}]}},"brands":[{"id":1579,"name":"URIAGE","slug":"uriage"}],"_links":{"self":[{"href":"https:\/\/paragaleriedetalborjt.com\/en\/wp-json\/wp\/v2\/product\/41114","targetHints":{"allow":["GET"]}}],"collection":[{"href":"https:\/\/paragaleriedetalborjt.com\/en\/wp-json\/wp\/v2\/product"}],"about":[{"href":"https:\/\/paragaleriedetalborjt.com\/en\/wp-json\/wp\/v2\/types\/product"}],"replies":[{"embeddable":true,"href":"https:\/\/paragaleriedetalborjt.com\/en\/wp-json\/wp\/v2\/comments?post=41114"}],"version-history":[{"count":1,"href":"https:\/\/paragaleriedetalborjt.com\/en\/wp-json\/wp\/v2\/product\/41114\/revisions"}],"predecessor-version":[{"id":41116,"href":"https:\/\/paragaleriedetalborjt.com\/en\/wp-json\/wp\/v2\/product\/41114\/revisions\/41116"}],"wp:featuredmedia":[{"embeddable":true,"href":"https:\/\/paragaleriedetalborjt.com\/en\/wp-json\/wp\/v2\/media\/41115"}],"wp:attachment":[{"href":"https:\/\/paragaleriedetalborjt.com\/en\/wp-json\/wp\/v2\/media?parent=41114"}],"wp:term":[{"taxonomy":"pwb-brand","embeddable":true,"href":"https:\/\/paragaleriedetalborjt.com\/en\/wp-json\/wp\/v2\/pwb-brand?post=41114"},{"taxonomy":"product_cat","embeddable":true,"href":"https:\/\/paragaleriedetalborjt.com\/en\/wp-json\/wp\/v2\/product_cat?post=41114"},{"taxonomy":"product_tag","embeddable":true,"href":"https:\/\/paragaleriedetalborjt.com\/en\/wp-json\/wp\/v2\/product_tag?post=41114"}],"curies":[{"name":"wp","href":"https:\/\/api.w.org\/{rel}","templated":true}]}}