{"id":41093,"date":"2026-01-03T20:04:32","date_gmt":"2026-01-03T19:04:32","guid":{"rendered":"https:\/\/paragaleriedetalborjt.com\/?post_type=product&#038;p=41093"},"modified":"2026-01-03T20:18:56","modified_gmt":"2026-01-03T19:18:56","slug":"klorane-bebe-lait-de-toilette-sans-rincage-au-calendula-apaisant-bebe-peau-normale-a-seche-500-ml","status":"publish","type":"product","link":"https:\/\/paragaleriedetalborjt.com\/en\/boutique\/klorane-bebe-lait-de-toilette-sans-rincage-au-calendula-apaisant-bebe-peau-normale-a-seche-500-ml\/","title":{"rendered":"Klorane B\u00e9b\u00e9 \u2013 Lait de toilette sans rin\u00e7age au Calendula apaisant \u2013 B\u00e9b\u00e9 \u2013 Peau normale \u00e0 s\u00e8che 500 ml"},"content":{"rendered":"<div aria-labelledby=\"tab-title-description\" class=\"woocommerce-Tabs-panel woocommerce-Tabs-panel--description panel entry-content wc-tab\" id=\"tab-description\" role=\"tabpanel\" style=\"\">\n<h2>Description<\/h2>\n<div>\n<p>Extr\u00eamement douce et test\u00e9e sous contr\u00f4le p\u00e9diatrique**, la formule nettoyante naturelle* sans alcool est enrichie en huiles v\u00e9g\u00e9tales et fleurs de Calendula issues de culture BIO pour assouplir et hydrater la peau lors de la toilette. Conditionn\u00e9e dans un flacon pratique \u00e0 emporter, la texture lact\u00e9e apporte fra\u00eecheur et apaisement en un seul geste, sans coller. Parfaitement propre et d\u00e9licatement parfum\u00e9e, la peau de b\u00e9b\u00e9 est nourrie, apais\u00e9e et prot\u00e9g\u00e9e***.<\/p>\n<p>*97% d\u2019ingr\u00e9dients d\u2019origine naturelle.<br \/>\n**Excellente tol\u00e9rance p\u00e9diatrique \u2013 \u00e9tude de tol\u00e9rance sous contr\u00f4le p\u00e9diatrique chez 32 nourrissons \u2013 pendant 21 jours.<br \/>\n***Peau nourrie, apais\u00e9e et prot\u00e9g\u00e9e du dess\u00e8chement : 100% de satisfaction apr\u00e8s 21j \u2013 test de satisfaction apr\u00e8s des parents apr\u00e8s utilisation chez 32 b\u00e9b\u00e9s en conditions d\u2019usage sous contr\u00f4le p\u00e9diatrique.<\/p>\n<\/div>\n<h4>Bienfaits :<\/h4>\n<div>\u00ab\u00a0\u2013 Nettoie : sa base lavante sans alcool nettoie d\u00e9licatement la peau du visage, du corps et du si\u00e8ge de b\u00e9b\u00e9. \u2013 Nourrit : sa formule l\u00e9g\u00e8re et lact\u00e9e nourrit les peaux normales \u00e0 s\u00e8ches, favorise l\u2019hydratation et l\u2019assouplissement de l\u2019\u00e9piderme. \u2013 Prot\u00e8ge : en renfor\u00e7ant le film hydrolipidique de la peau, ses agents hydratants naturels pr\u00e9servent du dess\u00e8chement et pr\u00e9viennent les irritations li\u00e9es au frottement.\u00a0\u00bb<\/div>\n<h4>Conseils d\u2019utilisations :<\/h4>\n<div>\u00ab\u00a0Appliquer sur un coton jusqu\u2019\u00e0 ce que la peau soit propre.\u00a0\u00bb<\/div>\n<div>\n<h4>ingredients :<\/h4>\n<p>WATER (AQUA). GLYCERIN. CARTHAMUS TINCTORIUS (SAFFLOWER) SEED OIL (CARTHAMUS TINCTORIUS SEED OIL). ETHYLHEXYL PALMITATE. ZEA MAYS (CORN) STARCH (ZEA MAYS STARCH). ACRYLATES\/C10-30 ALKYL ACRYLATE CROSSPOLYMER. BENZOIC ACID. CALENDULA OFFICINALIS FLOWER EXTRACT. CAPRYLIC\/CAPRIC TRIGLYCERIDE. CAPRYLYL GLYCOL. CETEARYL ALCOHOL. CETEARYL GLUCOSIDE. COCO-GLUCOSIDE. FRAGRANCE (PARFUM). GLYCERYL STEARATE. ISOLEUCINE. PEG-100 STEARATE. POLYSORBATE 80. PROPYLENE GLYCOL. SODIUM HYDROXIDE. XANTHAN GUM<\/p>\n<\/div>\n<div id=\"gtx-trans\" style=\"position: absolute; left: 604px; top: -19px;\">\n<div class=\"gtx-trans-icon\"><\/div>\n<\/div>\n<\/div>","protected":false},"excerpt":{"rendered":"<p>Highlights:Le Lait nettoyant Klorane B\u00e9b\u00e9 sans rin\u00e7age nettoie, nourrit et prot\u00e8ge la peau des nourrissons.<\/p>","protected":false},"featured_media":41094,"comment_status":"open","ping_status":"closed","template":"","meta":[],"pwb-brand":[1573],"product_cat":[16],"product_tag":[],"class_list":{"0":"post-41093","1":"product","2":"type-product","3":"status-publish","4":"has-post-thumbnail","6":"pwb-brand-klorane","7":"product_cat-non-classe","8":"pa_brands-klorane","10":"first","11":"instock","12":"sale","13":"shipping-taxable","14":"purchasable","15":"product-type-simple"},"yoast_head":"<!-- This site is optimized with the Yoast SEO plugin v27.5 - https:\/\/yoast.com\/product\/yoast-seo-wordpress\/ -->\n<title>Klorane B\u00e9b\u00e9 \u2013 Lait de toilette sans rin\u00e7age au Calendula apaisant \u2013 B\u00e9b\u00e9 \u2013 Peau normale \u00e0 s\u00e8che 500 ml - paragaleriedetalborjt<\/title>\n<meta name=\"robots\" content=\"index, follow, max-snippet:-1, max-image-preview:large, max-video-preview:-1\" \/>\n<link rel=\"canonical\" href=\"https:\/\/paragaleriedetalborjt.com\/en\/boutique\/klorane-bebe-lait-de-toilette-sans-rincage-au-calendula-apaisant-bebe-peau-normale-a-seche-500-ml\/\" \/>\n<meta property=\"og:locale\" content=\"en_US\" \/>\n<meta property=\"og:type\" content=\"article\" \/>\n<meta property=\"og:title\" content=\"Klorane B\u00e9b\u00e9 \u2013 Lait de toilette sans rin\u00e7age au Calendula apaisant \u2013 B\u00e9b\u00e9 \u2013 Peau normale \u00e0 s\u00e8che 500 ml - paragaleriedetalborjt\" \/>\n<meta property=\"og:description\" content=\"Highlights:Le Lait nettoyant Klorane B\u00e9b\u00e9 sans rin\u00e7age nettoie, nourrit et prot\u00e8ge la peau des nourrissons.\" \/>\n<meta property=\"og:url\" content=\"https:\/\/paragaleriedetalborjt.com\/en\/boutique\/klorane-bebe-lait-de-toilette-sans-rincage-au-calendula-apaisant-bebe-peau-normale-a-seche-500-ml\/\" \/>\n<meta property=\"og:site_name\" content=\"paragaleriedetalborjt\" \/>\n<meta property=\"article:modified_time\" content=\"2026-01-03T19:18:56+00:00\" \/>\n<meta property=\"og:image\" content=\"https:\/\/paragaleriedetalborjt.com\/wp-content\/uploads\/2026\/01\/klorane-bebe-lait-de-toilette-sans-rincage-750ml.jpg\" \/>\n\t<meta property=\"og:image:width\" content=\"595\" \/>\n\t<meta property=\"og:image:height\" content=\"655\" \/>\n\t<meta property=\"og:image:type\" content=\"image\/jpeg\" \/>\n<meta name=\"twitter:card\" content=\"summary_large_image\" \/>\n<meta name=\"twitter:label1\" content=\"Est. reading time\" \/>\n\t<meta name=\"twitter:data1\" content=\"1 minute\" \/>\n<script type=\"application\/ld+json\" class=\"yoast-schema-graph\">{\"@context\":\"https:\\\/\\\/schema.org\",\"@graph\":[{\"@type\":\"WebPage\",\"@id\":\"https:\\\/\\\/paragaleriedetalborjt.com\\\/boutique\\\/klorane-bebe-lait-de-toilette-sans-rincage-au-calendula-apaisant-bebe-peau-normale-a-seche-500-ml\\\/\",\"url\":\"https:\\\/\\\/paragaleriedetalborjt.com\\\/boutique\\\/klorane-bebe-lait-de-toilette-sans-rincage-au-calendula-apaisant-bebe-peau-normale-a-seche-500-ml\\\/\",\"name\":\"Klorane B\u00e9b\u00e9 \u2013 Lait de toilette sans rin\u00e7age au Calendula apaisant \u2013 B\u00e9b\u00e9 \u2013 Peau normale \u00e0 s\u00e8che 500 ml - paragaleriedetalborjt\",\"isPartOf\":{\"@id\":\"https:\\\/\\\/paragaleriedetalborjt.com\\\/#website\"},\"primaryImageOfPage\":{\"@id\":\"https:\\\/\\\/paragaleriedetalborjt.com\\\/boutique\\\/klorane-bebe-lait-de-toilette-sans-rincage-au-calendula-apaisant-bebe-peau-normale-a-seche-500-ml\\\/#primaryimage\"},\"image\":{\"@id\":\"https:\\\/\\\/paragaleriedetalborjt.com\\\/boutique\\\/klorane-bebe-lait-de-toilette-sans-rincage-au-calendula-apaisant-bebe-peau-normale-a-seche-500-ml\\\/#primaryimage\"},\"thumbnailUrl\":\"https:\\\/\\\/paragaleriedetalborjt.com\\\/wp-content\\\/uploads\\\/2026\\\/01\\\/klorane-bebe-lait-de-toilette-sans-rincage-750ml.jpg\",\"datePublished\":\"2026-01-03T19:04:32+00:00\",\"dateModified\":\"2026-01-03T19:18:56+00:00\",\"breadcrumb\":{\"@id\":\"https:\\\/\\\/paragaleriedetalborjt.com\\\/boutique\\\/klorane-bebe-lait-de-toilette-sans-rincage-au-calendula-apaisant-bebe-peau-normale-a-seche-500-ml\\\/#breadcrumb\"},\"inLanguage\":\"en-US\",\"potentialAction\":[{\"@type\":\"ReadAction\",\"target\":[\"https:\\\/\\\/paragaleriedetalborjt.com\\\/boutique\\\/klorane-bebe-lait-de-toilette-sans-rincage-au-calendula-apaisant-bebe-peau-normale-a-seche-500-ml\\\/\"]}]},{\"@type\":\"ImageObject\",\"inLanguage\":\"en-US\",\"@id\":\"https:\\\/\\\/paragaleriedetalborjt.com\\\/boutique\\\/klorane-bebe-lait-de-toilette-sans-rincage-au-calendula-apaisant-bebe-peau-normale-a-seche-500-ml\\\/#primaryimage\",\"url\":\"https:\\\/\\\/paragaleriedetalborjt.com\\\/wp-content\\\/uploads\\\/2026\\\/01\\\/klorane-bebe-lait-de-toilette-sans-rincage-750ml.jpg\",\"contentUrl\":\"https:\\\/\\\/paragaleriedetalborjt.com\\\/wp-content\\\/uploads\\\/2026\\\/01\\\/klorane-bebe-lait-de-toilette-sans-rincage-750ml.jpg\",\"width\":595,\"height\":655},{\"@type\":\"BreadcrumbList\",\"@id\":\"https:\\\/\\\/paragaleriedetalborjt.com\\\/boutique\\\/klorane-bebe-lait-de-toilette-sans-rincage-au-calendula-apaisant-bebe-peau-normale-a-seche-500-ml\\\/#breadcrumb\",\"itemListElement\":[{\"@type\":\"ListItem\",\"position\":1,\"name\":\"Accueil\",\"item\":\"https:\\\/\\\/paragaleriedetalborjt.com\\\/\"},{\"@type\":\"ListItem\",\"position\":2,\"name\":\"Boutique\",\"item\":\"https:\\\/\\\/paragaleriedetalborjt.com\\\/boutique\\\/\"},{\"@type\":\"ListItem\",\"position\":3,\"name\":\"Klorane B\u00e9b\u00e9 \u2013 Lait de toilette sans rin\u00e7age au Calendula apaisant \u2013 B\u00e9b\u00e9 \u2013 Peau normale \u00e0 s\u00e8che 500 ml\"}]},{\"@type\":\"WebSite\",\"@id\":\"https:\\\/\\\/paragaleriedetalborjt.com\\\/#website\",\"url\":\"https:\\\/\\\/paragaleriedetalborjt.com\\\/\",\"name\":\"paragaleriedetalborjt\",\"description\":\"\",\"potentialAction\":[{\"@type\":\"SearchAction\",\"target\":{\"@type\":\"EntryPoint\",\"urlTemplate\":\"https:\\\/\\\/paragaleriedetalborjt.com\\\/?s={search_term_string}\"},\"query-input\":{\"@type\":\"PropertyValueSpecification\",\"valueRequired\":true,\"valueName\":\"search_term_string\"}}],\"inLanguage\":\"en-US\"}]}<\/script>\n<!-- \/ Yoast SEO plugin. -->","yoast_head_json":{"title":"Klorane B\u00e9b\u00e9 \u2013 Lait de toilette sans rin\u00e7age au Calendula apaisant \u2013 B\u00e9b\u00e9 \u2013 Peau normale \u00e0 s\u00e8che 500 ml - paragaleriedetalborjt","robots":{"index":"index","follow":"follow","max-snippet":"max-snippet:-1","max-image-preview":"max-image-preview:large","max-video-preview":"max-video-preview:-1"},"canonical":"https:\/\/paragaleriedetalborjt.com\/en\/boutique\/klorane-bebe-lait-de-toilette-sans-rincage-au-calendula-apaisant-bebe-peau-normale-a-seche-500-ml\/","og_locale":"en_US","og_type":"article","og_title":"Klorane B\u00e9b\u00e9 \u2013 Lait de toilette sans rin\u00e7age au Calendula apaisant \u2013 B\u00e9b\u00e9 \u2013 Peau normale \u00e0 s\u00e8che 500 ml - paragaleriedetalborjt","og_description":"Highlights:Le Lait nettoyant Klorane B\u00e9b\u00e9 sans rin\u00e7age nettoie, nourrit et prot\u00e8ge la peau des nourrissons.","og_url":"https:\/\/paragaleriedetalborjt.com\/en\/boutique\/klorane-bebe-lait-de-toilette-sans-rincage-au-calendula-apaisant-bebe-peau-normale-a-seche-500-ml\/","og_site_name":"paragaleriedetalborjt","article_modified_time":"2026-01-03T19:18:56+00:00","og_image":[{"width":595,"height":655,"url":"https:\/\/paragaleriedetalborjt.com\/wp-content\/uploads\/2026\/01\/klorane-bebe-lait-de-toilette-sans-rincage-750ml.jpg","type":"image\/jpeg"}],"twitter_card":"summary_large_image","twitter_misc":{"Est. reading time":"1 minute"},"schema":{"@context":"https:\/\/schema.org","@graph":[{"@type":"WebPage","@id":"https:\/\/paragaleriedetalborjt.com\/boutique\/klorane-bebe-lait-de-toilette-sans-rincage-au-calendula-apaisant-bebe-peau-normale-a-seche-500-ml\/","url":"https:\/\/paragaleriedetalborjt.com\/boutique\/klorane-bebe-lait-de-toilette-sans-rincage-au-calendula-apaisant-bebe-peau-normale-a-seche-500-ml\/","name":"Klorane B\u00e9b\u00e9 \u2013 Lait de toilette sans rin\u00e7age au Calendula apaisant \u2013 B\u00e9b\u00e9 \u2013 Peau normale \u00e0 s\u00e8che 500 ml - paragaleriedetalborjt","isPartOf":{"@id":"https:\/\/paragaleriedetalborjt.com\/#website"},"primaryImageOfPage":{"@id":"https:\/\/paragaleriedetalborjt.com\/boutique\/klorane-bebe-lait-de-toilette-sans-rincage-au-calendula-apaisant-bebe-peau-normale-a-seche-500-ml\/#primaryimage"},"image":{"@id":"https:\/\/paragaleriedetalborjt.com\/boutique\/klorane-bebe-lait-de-toilette-sans-rincage-au-calendula-apaisant-bebe-peau-normale-a-seche-500-ml\/#primaryimage"},"thumbnailUrl":"https:\/\/paragaleriedetalborjt.com\/wp-content\/uploads\/2026\/01\/klorane-bebe-lait-de-toilette-sans-rincage-750ml.jpg","datePublished":"2026-01-03T19:04:32+00:00","dateModified":"2026-01-03T19:18:56+00:00","breadcrumb":{"@id":"https:\/\/paragaleriedetalborjt.com\/boutique\/klorane-bebe-lait-de-toilette-sans-rincage-au-calendula-apaisant-bebe-peau-normale-a-seche-500-ml\/#breadcrumb"},"inLanguage":"en-US","potentialAction":[{"@type":"ReadAction","target":["https:\/\/paragaleriedetalborjt.com\/boutique\/klorane-bebe-lait-de-toilette-sans-rincage-au-calendula-apaisant-bebe-peau-normale-a-seche-500-ml\/"]}]},{"@type":"ImageObject","inLanguage":"en-US","@id":"https:\/\/paragaleriedetalborjt.com\/boutique\/klorane-bebe-lait-de-toilette-sans-rincage-au-calendula-apaisant-bebe-peau-normale-a-seche-500-ml\/#primaryimage","url":"https:\/\/paragaleriedetalborjt.com\/wp-content\/uploads\/2026\/01\/klorane-bebe-lait-de-toilette-sans-rincage-750ml.jpg","contentUrl":"https:\/\/paragaleriedetalborjt.com\/wp-content\/uploads\/2026\/01\/klorane-bebe-lait-de-toilette-sans-rincage-750ml.jpg","width":595,"height":655},{"@type":"BreadcrumbList","@id":"https:\/\/paragaleriedetalborjt.com\/boutique\/klorane-bebe-lait-de-toilette-sans-rincage-au-calendula-apaisant-bebe-peau-normale-a-seche-500-ml\/#breadcrumb","itemListElement":[{"@type":"ListItem","position":1,"name":"Accueil","item":"https:\/\/paragaleriedetalborjt.com\/"},{"@type":"ListItem","position":2,"name":"Boutique","item":"https:\/\/paragaleriedetalborjt.com\/boutique\/"},{"@type":"ListItem","position":3,"name":"Klorane B\u00e9b\u00e9 \u2013 Lait de toilette sans rin\u00e7age au Calendula apaisant \u2013 B\u00e9b\u00e9 \u2013 Peau normale \u00e0 s\u00e8che 500 ml"}]},{"@type":"WebSite","@id":"https:\/\/paragaleriedetalborjt.com\/#website","url":"https:\/\/paragaleriedetalborjt.com\/","name":"paragaleriedetalborjt","description":"","potentialAction":[{"@type":"SearchAction","target":{"@type":"EntryPoint","urlTemplate":"https:\/\/paragaleriedetalborjt.com\/?s={search_term_string}"},"query-input":{"@type":"PropertyValueSpecification","valueRequired":true,"valueName":"search_term_string"}}],"inLanguage":"en-US"}]}},"brands":[{"id":1573,"name":"KLORANE","slug":"klorane"}],"_links":{"self":[{"href":"https:\/\/paragaleriedetalborjt.com\/en\/wp-json\/wp\/v2\/product\/41093","targetHints":{"allow":["GET"]}}],"collection":[{"href":"https:\/\/paragaleriedetalborjt.com\/en\/wp-json\/wp\/v2\/product"}],"about":[{"href":"https:\/\/paragaleriedetalborjt.com\/en\/wp-json\/wp\/v2\/types\/product"}],"replies":[{"embeddable":true,"href":"https:\/\/paragaleriedetalborjt.com\/en\/wp-json\/wp\/v2\/comments?post=41093"}],"version-history":[{"count":1,"href":"https:\/\/paragaleriedetalborjt.com\/en\/wp-json\/wp\/v2\/product\/41093\/revisions"}],"predecessor-version":[{"id":41095,"href":"https:\/\/paragaleriedetalborjt.com\/en\/wp-json\/wp\/v2\/product\/41093\/revisions\/41095"}],"wp:featuredmedia":[{"embeddable":true,"href":"https:\/\/paragaleriedetalborjt.com\/en\/wp-json\/wp\/v2\/media\/41094"}],"wp:attachment":[{"href":"https:\/\/paragaleriedetalborjt.com\/en\/wp-json\/wp\/v2\/media?parent=41093"}],"wp:term":[{"taxonomy":"pwb-brand","embeddable":true,"href":"https:\/\/paragaleriedetalborjt.com\/en\/wp-json\/wp\/v2\/pwb-brand?post=41093"},{"taxonomy":"product_cat","embeddable":true,"href":"https:\/\/paragaleriedetalborjt.com\/en\/wp-json\/wp\/v2\/product_cat?post=41093"},{"taxonomy":"product_tag","embeddable":true,"href":"https:\/\/paragaleriedetalborjt.com\/en\/wp-json\/wp\/v2\/product_tag?post=41093"}],"curies":[{"name":"wp","href":"https:\/\/api.w.org\/{rel}","templated":true}]}}