{"id":41072,"date":"2026-01-03T20:03:47","date_gmt":"2026-01-03T19:03:47","guid":{"rendered":"https:\/\/paragaleriedetalborjt.com\/?post_type=product&#038;p=41072"},"modified":"2026-01-03T20:18:54","modified_gmt":"2026-01-03T19:18:54","slug":"gph-griffonia-5-htp-60-gelules","status":"publish","type":"product","link":"https:\/\/paragaleriedetalborjt.com\/en\/boutique\/gph-griffonia-5-htp-60-gelules\/","title":{"rendered":"Gph Griffonia 5-HTP \u2013 60 Gelules"},"content":{"rendered":"<div aria-labelledby=\"tab-title-description\" class=\"woocommerce-Tabs-panel woocommerce-Tabs-panel--description panel entry-content wc-tab\" id=\"tab-description\" role=\"tabpanel\" style=\"\">\n<h2>Description<\/h2>\n<p>Description<br \/>\nQu\u2019est-ce que le griffonia ?<br \/>\nLe griffonia n\u2019est pas une plante que l\u2019on trouve spontan\u00e9ment sur nos terres. Celle-ci fait partie de ces plantes exotiques que l\u2019on trouve \u00e0 l\u2019autre bout du monde, notamment sur le continent africain. Il est vrai que nos modes de vie au quotidien ont tendance \u00e0 g\u00e9n\u00e9rer un certain stress, et que celui-ci est n\u00e9faste pour notre sant\u00e9. Il est possible d\u2019y rem\u00e9dier gr\u00e2ce \u00e0 des m\u00e9thodes simples et naturelles. Le fait d\u2019opter pour une cure de griffonia simplicifolia est notamment une solution tr\u00e8s efficace.<br \/>\nPouvoir am\u00e9liorer son bien-\u00eatre naturellement<br \/>\nAinsi, le griffonia est un genre, et c\u2019est l\u2019esp\u00e8ce simplicifolia que l\u2019on utilisera dans le cadre de la r\u00e9alisation de compl\u00e9ments alimentaires. Cette plante est pourvue des principes actifs recherch\u00e9s, ceux qui ont un v\u00e9ritable impact sur le bien-\u00eatre au quotidien. Il s\u2019agit d\u2019un arbuste grimpant, et celui-ci s\u2019\u00e9panouit exclusivement au sein de l\u2019Afrique Centrale et de l\u2019ouest. Cet arbrisseau peut atteindre la taille de 3 m\u00e8tres de hauteur en moyenne. On le reconnait assez ais\u00e9ment gr\u00e2ce \u00e0 la pr\u00e9sence de petites fleurs vertes.<br \/>\nLes principes actifs du griffonia<br \/>\nLe griffonia simplicifolia est pourvu d\u2019un principe actif tr\u00e8s puissant, le 5-HTP, qui est v\u00e9ritablement la mol\u00e9cule la plus int\u00e9ressante et la plus efficace de la plante. Ainsi, le griffonia est fr\u00e9quemment consomm\u00e9 en tant que compl\u00e9ment alimentaire, de par la pr\u00e9sence de ce principe actif. Le 5-hydroxytryptophane est un pr\u00e9curseur de la s\u00e9rotonine, un neurotransmetteur qui est pr\u00e9sent au sein du cerveau humain, et qui r\u00e9gule notamment les humeurs et la forme g\u00e9n\u00e9rale.<\/p>\n<p>Conseils d\u2019utilisation<br \/>\n1 \u00e0 2 g\u00e9lules par jour dans le cadre d\u2019une alimentation \u00e9quilibr\u00e9e. Tenir hors de port\u00e9e des enfants. Ne pas d\u00e9passer la dose journali\u00e8re recommand\u00e9e. Ne pas utiliser sans avis m\u00e9dical en cas de traitement antid\u00e9presseur.<\/p>\n<\/div>","protected":false},"excerpt":{"rendered":"<p>Highlights:Compl\u00e9ment alimentaire id\u00e9al pour favoriser la d\u00e9tente,la relaxation et pour att\u00e9nuer les troubles du sommeil.<\/p>","protected":false},"featured_media":41073,"comment_status":"open","ping_status":"closed","template":"","meta":[],"pwb-brand":[1727],"product_cat":[16],"product_tag":[],"class_list":{"0":"post-41072","1":"product","2":"type-product","3":"status-publish","4":"has-post-thumbnail","6":"pwb-brand-gph","7":"product_cat-non-classe","8":"pa_brands-gph","10":"first","11":"instock","12":"sale","13":"shipping-taxable","14":"purchasable","15":"product-type-simple"},"yoast_head":"<!-- This site is optimized with the Yoast SEO plugin v27.5 - https:\/\/yoast.com\/product\/yoast-seo-wordpress\/ -->\n<title>Gph Griffonia 5-HTP \u2013 60 Gelules - paragaleriedetalborjt<\/title>\n<meta name=\"robots\" content=\"index, follow, max-snippet:-1, max-image-preview:large, max-video-preview:-1\" \/>\n<link rel=\"canonical\" href=\"https:\/\/paragaleriedetalborjt.com\/en\/boutique\/gph-griffonia-5-htp-60-gelules\/\" \/>\n<meta property=\"og:locale\" content=\"en_US\" \/>\n<meta property=\"og:type\" content=\"article\" \/>\n<meta property=\"og:title\" content=\"Gph Griffonia 5-HTP \u2013 60 Gelules - paragaleriedetalborjt\" \/>\n<meta property=\"og:description\" content=\"Highlights:Compl\u00e9ment alimentaire id\u00e9al pour favoriser la d\u00e9tente,la relaxation et pour att\u00e9nuer les troubles du sommeil.\" \/>\n<meta property=\"og:url\" content=\"https:\/\/paragaleriedetalborjt.com\/en\/boutique\/gph-griffonia-5-htp-60-gelules\/\" \/>\n<meta property=\"og:site_name\" content=\"paragaleriedetalborjt\" \/>\n<meta property=\"article:modified_time\" content=\"2026-01-03T19:18:54+00:00\" \/>\n<meta property=\"og:image\" content=\"https:\/\/paragaleriedetalborjt.com\/wp-content\/uploads\/2026\/01\/GPH-Griffonia-5-HTP-60gelules-600x600-1.jpg\" \/>\n\t<meta property=\"og:image:width\" content=\"600\" \/>\n\t<meta property=\"og:image:height\" content=\"600\" \/>\n\t<meta property=\"og:image:type\" content=\"image\/jpeg\" \/>\n<meta name=\"twitter:card\" content=\"summary_large_image\" \/>\n<meta name=\"twitter:label1\" content=\"Est. reading time\" \/>\n\t<meta name=\"twitter:data1\" content=\"2 minutes\" \/>\n<script type=\"application\/ld+json\" class=\"yoast-schema-graph\">{\"@context\":\"https:\\\/\\\/schema.org\",\"@graph\":[{\"@type\":\"WebPage\",\"@id\":\"https:\\\/\\\/paragaleriedetalborjt.com\\\/boutique\\\/gph-griffonia-5-htp-60-gelules\\\/\",\"url\":\"https:\\\/\\\/paragaleriedetalborjt.com\\\/boutique\\\/gph-griffonia-5-htp-60-gelules\\\/\",\"name\":\"Gph Griffonia 5-HTP \u2013 60 Gelules - paragaleriedetalborjt\",\"isPartOf\":{\"@id\":\"https:\\\/\\\/paragaleriedetalborjt.com\\\/#website\"},\"primaryImageOfPage\":{\"@id\":\"https:\\\/\\\/paragaleriedetalborjt.com\\\/boutique\\\/gph-griffonia-5-htp-60-gelules\\\/#primaryimage\"},\"image\":{\"@id\":\"https:\\\/\\\/paragaleriedetalborjt.com\\\/boutique\\\/gph-griffonia-5-htp-60-gelules\\\/#primaryimage\"},\"thumbnailUrl\":\"https:\\\/\\\/paragaleriedetalborjt.com\\\/wp-content\\\/uploads\\\/2026\\\/01\\\/GPH-Griffonia-5-HTP-60gelules-600x600-1.jpg\",\"datePublished\":\"2026-01-03T19:03:47+00:00\",\"dateModified\":\"2026-01-03T19:18:54+00:00\",\"breadcrumb\":{\"@id\":\"https:\\\/\\\/paragaleriedetalborjt.com\\\/boutique\\\/gph-griffonia-5-htp-60-gelules\\\/#breadcrumb\"},\"inLanguage\":\"en-US\",\"potentialAction\":[{\"@type\":\"ReadAction\",\"target\":[\"https:\\\/\\\/paragaleriedetalborjt.com\\\/boutique\\\/gph-griffonia-5-htp-60-gelules\\\/\"]}]},{\"@type\":\"ImageObject\",\"inLanguage\":\"en-US\",\"@id\":\"https:\\\/\\\/paragaleriedetalborjt.com\\\/boutique\\\/gph-griffonia-5-htp-60-gelules\\\/#primaryimage\",\"url\":\"https:\\\/\\\/paragaleriedetalborjt.com\\\/wp-content\\\/uploads\\\/2026\\\/01\\\/GPH-Griffonia-5-HTP-60gelules-600x600-1.jpg\",\"contentUrl\":\"https:\\\/\\\/paragaleriedetalborjt.com\\\/wp-content\\\/uploads\\\/2026\\\/01\\\/GPH-Griffonia-5-HTP-60gelules-600x600-1.jpg\",\"width\":600,\"height\":600},{\"@type\":\"BreadcrumbList\",\"@id\":\"https:\\\/\\\/paragaleriedetalborjt.com\\\/boutique\\\/gph-griffonia-5-htp-60-gelules\\\/#breadcrumb\",\"itemListElement\":[{\"@type\":\"ListItem\",\"position\":1,\"name\":\"Accueil\",\"item\":\"https:\\\/\\\/paragaleriedetalborjt.com\\\/\"},{\"@type\":\"ListItem\",\"position\":2,\"name\":\"Boutique\",\"item\":\"https:\\\/\\\/paragaleriedetalborjt.com\\\/boutique\\\/\"},{\"@type\":\"ListItem\",\"position\":3,\"name\":\"Gph Griffonia 5-HTP \u2013 60 Gelules\"}]},{\"@type\":\"WebSite\",\"@id\":\"https:\\\/\\\/paragaleriedetalborjt.com\\\/#website\",\"url\":\"https:\\\/\\\/paragaleriedetalborjt.com\\\/\",\"name\":\"paragaleriedetalborjt\",\"description\":\"\",\"potentialAction\":[{\"@type\":\"SearchAction\",\"target\":{\"@type\":\"EntryPoint\",\"urlTemplate\":\"https:\\\/\\\/paragaleriedetalborjt.com\\\/?s={search_term_string}\"},\"query-input\":{\"@type\":\"PropertyValueSpecification\",\"valueRequired\":true,\"valueName\":\"search_term_string\"}}],\"inLanguage\":\"en-US\"}]}<\/script>\n<!-- \/ Yoast SEO plugin. -->","yoast_head_json":{"title":"Gph Griffonia 5-HTP \u2013 60 Gelules - paragaleriedetalborjt","robots":{"index":"index","follow":"follow","max-snippet":"max-snippet:-1","max-image-preview":"max-image-preview:large","max-video-preview":"max-video-preview:-1"},"canonical":"https:\/\/paragaleriedetalborjt.com\/en\/boutique\/gph-griffonia-5-htp-60-gelules\/","og_locale":"en_US","og_type":"article","og_title":"Gph Griffonia 5-HTP \u2013 60 Gelules - paragaleriedetalborjt","og_description":"Highlights:Compl\u00e9ment alimentaire id\u00e9al pour favoriser la d\u00e9tente,la relaxation et pour att\u00e9nuer les troubles du sommeil.","og_url":"https:\/\/paragaleriedetalborjt.com\/en\/boutique\/gph-griffonia-5-htp-60-gelules\/","og_site_name":"paragaleriedetalborjt","article_modified_time":"2026-01-03T19:18:54+00:00","og_image":[{"width":600,"height":600,"url":"https:\/\/paragaleriedetalborjt.com\/wp-content\/uploads\/2026\/01\/GPH-Griffonia-5-HTP-60gelules-600x600-1.jpg","type":"image\/jpeg"}],"twitter_card":"summary_large_image","twitter_misc":{"Est. reading time":"2 minutes"},"schema":{"@context":"https:\/\/schema.org","@graph":[{"@type":"WebPage","@id":"https:\/\/paragaleriedetalborjt.com\/boutique\/gph-griffonia-5-htp-60-gelules\/","url":"https:\/\/paragaleriedetalborjt.com\/boutique\/gph-griffonia-5-htp-60-gelules\/","name":"Gph Griffonia 5-HTP \u2013 60 Gelules - paragaleriedetalborjt","isPartOf":{"@id":"https:\/\/paragaleriedetalborjt.com\/#website"},"primaryImageOfPage":{"@id":"https:\/\/paragaleriedetalborjt.com\/boutique\/gph-griffonia-5-htp-60-gelules\/#primaryimage"},"image":{"@id":"https:\/\/paragaleriedetalborjt.com\/boutique\/gph-griffonia-5-htp-60-gelules\/#primaryimage"},"thumbnailUrl":"https:\/\/paragaleriedetalborjt.com\/wp-content\/uploads\/2026\/01\/GPH-Griffonia-5-HTP-60gelules-600x600-1.jpg","datePublished":"2026-01-03T19:03:47+00:00","dateModified":"2026-01-03T19:18:54+00:00","breadcrumb":{"@id":"https:\/\/paragaleriedetalborjt.com\/boutique\/gph-griffonia-5-htp-60-gelules\/#breadcrumb"},"inLanguage":"en-US","potentialAction":[{"@type":"ReadAction","target":["https:\/\/paragaleriedetalborjt.com\/boutique\/gph-griffonia-5-htp-60-gelules\/"]}]},{"@type":"ImageObject","inLanguage":"en-US","@id":"https:\/\/paragaleriedetalborjt.com\/boutique\/gph-griffonia-5-htp-60-gelules\/#primaryimage","url":"https:\/\/paragaleriedetalborjt.com\/wp-content\/uploads\/2026\/01\/GPH-Griffonia-5-HTP-60gelules-600x600-1.jpg","contentUrl":"https:\/\/paragaleriedetalborjt.com\/wp-content\/uploads\/2026\/01\/GPH-Griffonia-5-HTP-60gelules-600x600-1.jpg","width":600,"height":600},{"@type":"BreadcrumbList","@id":"https:\/\/paragaleriedetalborjt.com\/boutique\/gph-griffonia-5-htp-60-gelules\/#breadcrumb","itemListElement":[{"@type":"ListItem","position":1,"name":"Accueil","item":"https:\/\/paragaleriedetalborjt.com\/"},{"@type":"ListItem","position":2,"name":"Boutique","item":"https:\/\/paragaleriedetalborjt.com\/boutique\/"},{"@type":"ListItem","position":3,"name":"Gph Griffonia 5-HTP \u2013 60 Gelules"}]},{"@type":"WebSite","@id":"https:\/\/paragaleriedetalborjt.com\/#website","url":"https:\/\/paragaleriedetalborjt.com\/","name":"paragaleriedetalborjt","description":"","potentialAction":[{"@type":"SearchAction","target":{"@type":"EntryPoint","urlTemplate":"https:\/\/paragaleriedetalborjt.com\/?s={search_term_string}"},"query-input":{"@type":"PropertyValueSpecification","valueRequired":true,"valueName":"search_term_string"}}],"inLanguage":"en-US"}]}},"brands":[{"id":1727,"name":"GPH","slug":"gph"}],"_links":{"self":[{"href":"https:\/\/paragaleriedetalborjt.com\/en\/wp-json\/wp\/v2\/product\/41072","targetHints":{"allow":["GET"]}}],"collection":[{"href":"https:\/\/paragaleriedetalborjt.com\/en\/wp-json\/wp\/v2\/product"}],"about":[{"href":"https:\/\/paragaleriedetalborjt.com\/en\/wp-json\/wp\/v2\/types\/product"}],"replies":[{"embeddable":true,"href":"https:\/\/paragaleriedetalborjt.com\/en\/wp-json\/wp\/v2\/comments?post=41072"}],"version-history":[{"count":1,"href":"https:\/\/paragaleriedetalborjt.com\/en\/wp-json\/wp\/v2\/product\/41072\/revisions"}],"predecessor-version":[{"id":41074,"href":"https:\/\/paragaleriedetalborjt.com\/en\/wp-json\/wp\/v2\/product\/41072\/revisions\/41074"}],"wp:featuredmedia":[{"embeddable":true,"href":"https:\/\/paragaleriedetalborjt.com\/en\/wp-json\/wp\/v2\/media\/41073"}],"wp:attachment":[{"href":"https:\/\/paragaleriedetalborjt.com\/en\/wp-json\/wp\/v2\/media?parent=41072"}],"wp:term":[{"taxonomy":"pwb-brand","embeddable":true,"href":"https:\/\/paragaleriedetalborjt.com\/en\/wp-json\/wp\/v2\/pwb-brand?post=41072"},{"taxonomy":"product_cat","embeddable":true,"href":"https:\/\/paragaleriedetalborjt.com\/en\/wp-json\/wp\/v2\/product_cat?post=41072"},{"taxonomy":"product_tag","embeddable":true,"href":"https:\/\/paragaleriedetalborjt.com\/en\/wp-json\/wp\/v2\/product_tag?post=41072"}],"curies":[{"name":"wp","href":"https:\/\/api.w.org\/{rel}","templated":true}]}}