{"id":40969,"date":"2026-01-03T20:00:26","date_gmt":"2026-01-03T19:00:26","guid":{"rendered":"https:\/\/paragaleriedetalborjt.com\/?post_type=product&#038;p=40969"},"modified":"2026-01-03T20:18:46","modified_gmt":"2026-01-03T19:18:46","slug":"eau-thermale-avene-tolerance-control-lotion-nettoyante-gelifiee-peaux-sensibles-a-reactives-200ml","status":"publish","type":"product","link":"https:\/\/paragaleriedetalborjt.com\/en\/boutique\/eau-thermale-avene-tolerance-control-lotion-nettoyante-gelifiee-peaux-sensibles-a-reactives-200ml\/","title":{"rendered":"Eau Thermale Av\u00e8ne \u2013 Tol\u00e9rance \u2013 CONTROL Lotion nettoyante g\u00e9lifi\u00e9e \u2013 peaux sensibles \u00e0 r\u00e9actives 200ml"},"content":{"rendered":"<div aria-labelledby=\"tab-title-description\" class=\"woocommerce-Tabs-panel woocommerce-Tabs-panel--description panel entry-content wc-tab\" id=\"tab-description\" role=\"tabpanel\" style=\"\">\n<h2>Description<\/h2>\n<p>Formul\u00e9e sans parfum, Tol\u00e9rance Lotion nettoyante g\u00e9lifi\u00e9e nettoie et d\u00e9maquille en douceur le visage, les yeux et les l\u00e8vres. Elle \u00e9limine les impuret\u00e9s accumul\u00e9es au cours de la journ\u00e9e sans sur-irriter la peau. Nettoyant d\u00e9maquillant sans rin\u00e7age, sa texture l\u00e9g\u00e8rement g\u00e9lifi\u00e9e garantit confort et douceur aux peaux les plus sensibles.<\/p>\n<p><strong>Conseil d\u2019utilisation:<\/strong><br \/>\nAppliquer sur le visage, les yeux et les l\u00e8vres \u00e0 l\u2019aide d\u2019un coton ou directement avec le bout des doigts. Sans rin\u00e7age.<\/p>\n<p>Astuce de l\u2019expert:<br \/>\nPour nettoyer en douceur:<br \/>\nAppliquez du bout des doigts en massant l\u00e9g\u00e8rement. Eliminez d\u00e9licatement et sans frotter, \u00e0 l\u2019aide d\u2019un mouchoir ou d\u2019un coton humide. Terminez par une pulv\u00e9risation d\u2019Eau thermale d\u2019Av\u00e8ne. S\u00e9chez d\u00e9licatement.|<\/p>\n<\/div>","protected":false},"excerpt":{"rendered":"<p>Highlights:\u2022 NETTOIE ET D\u00c9MAQUILLE le visage, les yeux et les l\u00e8vres sans sur-irriter la peau.\u2022 BONNE TOL\u00c9RANCE gr\u00e2ce \u00e0 sa formule \u00e9pur\u00e9e et ses agents nettoyants doux.\u2022 99% NATURELLE.<\/p>","protected":false},"featured_media":40970,"comment_status":"open","ping_status":"closed","template":"","meta":[],"pwb-brand":[1771],"product_cat":[16],"product_tag":[],"class_list":{"0":"post-40969","1":"product","2":"type-product","3":"status-publish","4":"has-post-thumbnail","6":"pwb-brand-avene","7":"product_cat-non-classe","8":"pa_brands-avene","10":"first","11":"instock","12":"sale","13":"shipping-taxable","14":"purchasable","15":"product-type-simple"},"yoast_head":"<!-- This site is optimized with the Yoast SEO plugin v27.5 - https:\/\/yoast.com\/product\/yoast-seo-wordpress\/ -->\n<title>Eau Thermale Av\u00e8ne \u2013 Tol\u00e9rance \u2013 CONTROL Lotion nettoyante g\u00e9lifi\u00e9e \u2013 peaux sensibles \u00e0 r\u00e9actives 200ml - paragaleriedetalborjt<\/title>\n<meta name=\"robots\" content=\"index, follow, max-snippet:-1, max-image-preview:large, max-video-preview:-1\" \/>\n<link rel=\"canonical\" href=\"https:\/\/paragaleriedetalborjt.com\/en\/boutique\/eau-thermale-avene-tolerance-control-lotion-nettoyante-gelifiee-peaux-sensibles-a-reactives-200ml\/\" \/>\n<meta property=\"og:locale\" content=\"en_US\" \/>\n<meta property=\"og:type\" content=\"article\" \/>\n<meta property=\"og:title\" content=\"Eau Thermale Av\u00e8ne \u2013 Tol\u00e9rance \u2013 CONTROL Lotion nettoyante g\u00e9lifi\u00e9e \u2013 peaux sensibles \u00e0 r\u00e9actives 200ml - paragaleriedetalborjt\" \/>\n<meta property=\"og:description\" content=\"Highlights:\u2022 NETTOIE ET D\u00c9MAQUILLE le visage, les yeux et les l\u00e8vres sans sur-irriter la peau.\u2022 BONNE TOL\u00c9RANCE gr\u00e2ce \u00e0 sa formule \u00e9pur\u00e9e et ses agents nettoyants doux.\u2022 99% NATURELLE.\" \/>\n<meta property=\"og:url\" content=\"https:\/\/paragaleriedetalborjt.com\/en\/boutique\/eau-thermale-avene-tolerance-control-lotion-nettoyante-gelifiee-peaux-sensibles-a-reactives-200ml\/\" \/>\n<meta property=\"og:site_name\" content=\"paragaleriedetalborjt\" \/>\n<meta property=\"article:modified_time\" content=\"2026-01-03T19:18:46+00:00\" \/>\n<meta property=\"og:image\" content=\"https:\/\/paragaleriedetalborjt.com\/wp-content\/uploads\/2026\/01\/avene-tolerance-lotion.jpg\" \/>\n\t<meta property=\"og:image:width\" content=\"595\" \/>\n\t<meta property=\"og:image:height\" content=\"655\" \/>\n\t<meta property=\"og:image:type\" content=\"image\/jpeg\" \/>\n<meta name=\"twitter:card\" content=\"summary_large_image\" \/>\n<meta name=\"twitter:label1\" content=\"Est. reading time\" \/>\n\t<meta name=\"twitter:data1\" content=\"1 minute\" \/>\n<script type=\"application\/ld+json\" class=\"yoast-schema-graph\">{\"@context\":\"https:\\\/\\\/schema.org\",\"@graph\":[{\"@type\":\"WebPage\",\"@id\":\"https:\\\/\\\/paragaleriedetalborjt.com\\\/boutique\\\/eau-thermale-avene-tolerance-control-lotion-nettoyante-gelifiee-peaux-sensibles-a-reactives-200ml\\\/\",\"url\":\"https:\\\/\\\/paragaleriedetalborjt.com\\\/boutique\\\/eau-thermale-avene-tolerance-control-lotion-nettoyante-gelifiee-peaux-sensibles-a-reactives-200ml\\\/\",\"name\":\"Eau Thermale Av\u00e8ne \u2013 Tol\u00e9rance \u2013 CONTROL Lotion nettoyante g\u00e9lifi\u00e9e \u2013 peaux sensibles \u00e0 r\u00e9actives 200ml - paragaleriedetalborjt\",\"isPartOf\":{\"@id\":\"https:\\\/\\\/paragaleriedetalborjt.com\\\/#website\"},\"primaryImageOfPage\":{\"@id\":\"https:\\\/\\\/paragaleriedetalborjt.com\\\/boutique\\\/eau-thermale-avene-tolerance-control-lotion-nettoyante-gelifiee-peaux-sensibles-a-reactives-200ml\\\/#primaryimage\"},\"image\":{\"@id\":\"https:\\\/\\\/paragaleriedetalborjt.com\\\/boutique\\\/eau-thermale-avene-tolerance-control-lotion-nettoyante-gelifiee-peaux-sensibles-a-reactives-200ml\\\/#primaryimage\"},\"thumbnailUrl\":\"https:\\\/\\\/paragaleriedetalborjt.com\\\/wp-content\\\/uploads\\\/2026\\\/01\\\/avene-tolerance-lotion.jpg\",\"datePublished\":\"2026-01-03T19:00:26+00:00\",\"dateModified\":\"2026-01-03T19:18:46+00:00\",\"breadcrumb\":{\"@id\":\"https:\\\/\\\/paragaleriedetalborjt.com\\\/boutique\\\/eau-thermale-avene-tolerance-control-lotion-nettoyante-gelifiee-peaux-sensibles-a-reactives-200ml\\\/#breadcrumb\"},\"inLanguage\":\"en-US\",\"potentialAction\":[{\"@type\":\"ReadAction\",\"target\":[\"https:\\\/\\\/paragaleriedetalborjt.com\\\/boutique\\\/eau-thermale-avene-tolerance-control-lotion-nettoyante-gelifiee-peaux-sensibles-a-reactives-200ml\\\/\"]}]},{\"@type\":\"ImageObject\",\"inLanguage\":\"en-US\",\"@id\":\"https:\\\/\\\/paragaleriedetalborjt.com\\\/boutique\\\/eau-thermale-avene-tolerance-control-lotion-nettoyante-gelifiee-peaux-sensibles-a-reactives-200ml\\\/#primaryimage\",\"url\":\"https:\\\/\\\/paragaleriedetalborjt.com\\\/wp-content\\\/uploads\\\/2026\\\/01\\\/avene-tolerance-lotion.jpg\",\"contentUrl\":\"https:\\\/\\\/paragaleriedetalborjt.com\\\/wp-content\\\/uploads\\\/2026\\\/01\\\/avene-tolerance-lotion.jpg\",\"width\":595,\"height\":655},{\"@type\":\"BreadcrumbList\",\"@id\":\"https:\\\/\\\/paragaleriedetalborjt.com\\\/boutique\\\/eau-thermale-avene-tolerance-control-lotion-nettoyante-gelifiee-peaux-sensibles-a-reactives-200ml\\\/#breadcrumb\",\"itemListElement\":[{\"@type\":\"ListItem\",\"position\":1,\"name\":\"Accueil\",\"item\":\"https:\\\/\\\/paragaleriedetalborjt.com\\\/\"},{\"@type\":\"ListItem\",\"position\":2,\"name\":\"Boutique\",\"item\":\"https:\\\/\\\/paragaleriedetalborjt.com\\\/boutique\\\/\"},{\"@type\":\"ListItem\",\"position\":3,\"name\":\"Eau Thermale Av\u00e8ne \u2013 Tol\u00e9rance \u2013 CONTROL Lotion nettoyante g\u00e9lifi\u00e9e \u2013 peaux sensibles \u00e0 r\u00e9actives 200ml\"}]},{\"@type\":\"WebSite\",\"@id\":\"https:\\\/\\\/paragaleriedetalborjt.com\\\/#website\",\"url\":\"https:\\\/\\\/paragaleriedetalborjt.com\\\/\",\"name\":\"paragaleriedetalborjt\",\"description\":\"\",\"potentialAction\":[{\"@type\":\"SearchAction\",\"target\":{\"@type\":\"EntryPoint\",\"urlTemplate\":\"https:\\\/\\\/paragaleriedetalborjt.com\\\/?s={search_term_string}\"},\"query-input\":{\"@type\":\"PropertyValueSpecification\",\"valueRequired\":true,\"valueName\":\"search_term_string\"}}],\"inLanguage\":\"en-US\"}]}<\/script>\n<!-- \/ Yoast SEO plugin. -->","yoast_head_json":{"title":"Eau Thermale Av\u00e8ne \u2013 Tol\u00e9rance \u2013 CONTROL Lotion nettoyante g\u00e9lifi\u00e9e \u2013 peaux sensibles \u00e0 r\u00e9actives 200ml - paragaleriedetalborjt","robots":{"index":"index","follow":"follow","max-snippet":"max-snippet:-1","max-image-preview":"max-image-preview:large","max-video-preview":"max-video-preview:-1"},"canonical":"https:\/\/paragaleriedetalborjt.com\/en\/boutique\/eau-thermale-avene-tolerance-control-lotion-nettoyante-gelifiee-peaux-sensibles-a-reactives-200ml\/","og_locale":"en_US","og_type":"article","og_title":"Eau Thermale Av\u00e8ne \u2013 Tol\u00e9rance \u2013 CONTROL Lotion nettoyante g\u00e9lifi\u00e9e \u2013 peaux sensibles \u00e0 r\u00e9actives 200ml - paragaleriedetalborjt","og_description":"Highlights:\u2022 NETTOIE ET D\u00c9MAQUILLE le visage, les yeux et les l\u00e8vres sans sur-irriter la peau.\u2022 BONNE TOL\u00c9RANCE gr\u00e2ce \u00e0 sa formule \u00e9pur\u00e9e et ses agents nettoyants doux.\u2022 99% NATURELLE.","og_url":"https:\/\/paragaleriedetalborjt.com\/en\/boutique\/eau-thermale-avene-tolerance-control-lotion-nettoyante-gelifiee-peaux-sensibles-a-reactives-200ml\/","og_site_name":"paragaleriedetalborjt","article_modified_time":"2026-01-03T19:18:46+00:00","og_image":[{"width":595,"height":655,"url":"https:\/\/paragaleriedetalborjt.com\/wp-content\/uploads\/2026\/01\/avene-tolerance-lotion.jpg","type":"image\/jpeg"}],"twitter_card":"summary_large_image","twitter_misc":{"Est. reading time":"1 minute"},"schema":{"@context":"https:\/\/schema.org","@graph":[{"@type":"WebPage","@id":"https:\/\/paragaleriedetalborjt.com\/boutique\/eau-thermale-avene-tolerance-control-lotion-nettoyante-gelifiee-peaux-sensibles-a-reactives-200ml\/","url":"https:\/\/paragaleriedetalborjt.com\/boutique\/eau-thermale-avene-tolerance-control-lotion-nettoyante-gelifiee-peaux-sensibles-a-reactives-200ml\/","name":"Eau Thermale Av\u00e8ne \u2013 Tol\u00e9rance \u2013 CONTROL Lotion nettoyante g\u00e9lifi\u00e9e \u2013 peaux sensibles \u00e0 r\u00e9actives 200ml - paragaleriedetalborjt","isPartOf":{"@id":"https:\/\/paragaleriedetalborjt.com\/#website"},"primaryImageOfPage":{"@id":"https:\/\/paragaleriedetalborjt.com\/boutique\/eau-thermale-avene-tolerance-control-lotion-nettoyante-gelifiee-peaux-sensibles-a-reactives-200ml\/#primaryimage"},"image":{"@id":"https:\/\/paragaleriedetalborjt.com\/boutique\/eau-thermale-avene-tolerance-control-lotion-nettoyante-gelifiee-peaux-sensibles-a-reactives-200ml\/#primaryimage"},"thumbnailUrl":"https:\/\/paragaleriedetalborjt.com\/wp-content\/uploads\/2026\/01\/avene-tolerance-lotion.jpg","datePublished":"2026-01-03T19:00:26+00:00","dateModified":"2026-01-03T19:18:46+00:00","breadcrumb":{"@id":"https:\/\/paragaleriedetalborjt.com\/boutique\/eau-thermale-avene-tolerance-control-lotion-nettoyante-gelifiee-peaux-sensibles-a-reactives-200ml\/#breadcrumb"},"inLanguage":"en-US","potentialAction":[{"@type":"ReadAction","target":["https:\/\/paragaleriedetalborjt.com\/boutique\/eau-thermale-avene-tolerance-control-lotion-nettoyante-gelifiee-peaux-sensibles-a-reactives-200ml\/"]}]},{"@type":"ImageObject","inLanguage":"en-US","@id":"https:\/\/paragaleriedetalborjt.com\/boutique\/eau-thermale-avene-tolerance-control-lotion-nettoyante-gelifiee-peaux-sensibles-a-reactives-200ml\/#primaryimage","url":"https:\/\/paragaleriedetalborjt.com\/wp-content\/uploads\/2026\/01\/avene-tolerance-lotion.jpg","contentUrl":"https:\/\/paragaleriedetalborjt.com\/wp-content\/uploads\/2026\/01\/avene-tolerance-lotion.jpg","width":595,"height":655},{"@type":"BreadcrumbList","@id":"https:\/\/paragaleriedetalborjt.com\/boutique\/eau-thermale-avene-tolerance-control-lotion-nettoyante-gelifiee-peaux-sensibles-a-reactives-200ml\/#breadcrumb","itemListElement":[{"@type":"ListItem","position":1,"name":"Accueil","item":"https:\/\/paragaleriedetalborjt.com\/"},{"@type":"ListItem","position":2,"name":"Boutique","item":"https:\/\/paragaleriedetalborjt.com\/boutique\/"},{"@type":"ListItem","position":3,"name":"Eau Thermale Av\u00e8ne \u2013 Tol\u00e9rance \u2013 CONTROL Lotion nettoyante g\u00e9lifi\u00e9e \u2013 peaux sensibles \u00e0 r\u00e9actives 200ml"}]},{"@type":"WebSite","@id":"https:\/\/paragaleriedetalborjt.com\/#website","url":"https:\/\/paragaleriedetalborjt.com\/","name":"paragaleriedetalborjt","description":"","potentialAction":[{"@type":"SearchAction","target":{"@type":"EntryPoint","urlTemplate":"https:\/\/paragaleriedetalborjt.com\/?s={search_term_string}"},"query-input":{"@type":"PropertyValueSpecification","valueRequired":true,"valueName":"search_term_string"}}],"inLanguage":"en-US"}]}},"brands":[{"id":1771,"name":"AV\u00c8NE","slug":"avene"}],"_links":{"self":[{"href":"https:\/\/paragaleriedetalborjt.com\/en\/wp-json\/wp\/v2\/product\/40969","targetHints":{"allow":["GET"]}}],"collection":[{"href":"https:\/\/paragaleriedetalborjt.com\/en\/wp-json\/wp\/v2\/product"}],"about":[{"href":"https:\/\/paragaleriedetalborjt.com\/en\/wp-json\/wp\/v2\/types\/product"}],"replies":[{"embeddable":true,"href":"https:\/\/paragaleriedetalborjt.com\/en\/wp-json\/wp\/v2\/comments?post=40969"}],"version-history":[{"count":1,"href":"https:\/\/paragaleriedetalborjt.com\/en\/wp-json\/wp\/v2\/product\/40969\/revisions"}],"predecessor-version":[{"id":40971,"href":"https:\/\/paragaleriedetalborjt.com\/en\/wp-json\/wp\/v2\/product\/40969\/revisions\/40971"}],"wp:featuredmedia":[{"embeddable":true,"href":"https:\/\/paragaleriedetalborjt.com\/en\/wp-json\/wp\/v2\/media\/40970"}],"wp:attachment":[{"href":"https:\/\/paragaleriedetalborjt.com\/en\/wp-json\/wp\/v2\/media?parent=40969"}],"wp:term":[{"taxonomy":"pwb-brand","embeddable":true,"href":"https:\/\/paragaleriedetalborjt.com\/en\/wp-json\/wp\/v2\/pwb-brand?post=40969"},{"taxonomy":"product_cat","embeddable":true,"href":"https:\/\/paragaleriedetalborjt.com\/en\/wp-json\/wp\/v2\/product_cat?post=40969"},{"taxonomy":"product_tag","embeddable":true,"href":"https:\/\/paragaleriedetalborjt.com\/en\/wp-json\/wp\/v2\/product_tag?post=40969"}],"curies":[{"name":"wp","href":"https:\/\/api.w.org\/{rel}","templated":true}]}}