{"id":40860,"date":"2026-01-03T19:56:16","date_gmt":"2026-01-03T18:56:16","guid":{"rendered":"https:\/\/paragaleriedetalborjt.com\/?post_type=product&#038;p=40860"},"modified":"2026-01-03T20:18:35","modified_gmt":"2026-01-03T19:18:35","slug":"ducray-serum-apaisant-physioprotecteur-sensinol-30-ml","status":"publish","type":"product","link":"https:\/\/paragaleriedetalborjt.com\/en\/boutique\/ducray-serum-apaisant-physioprotecteur-sensinol-30-ml\/","title":{"rendered":"Ducray \u2014 S\u00e9rum Apaisant Physioprotecteur \u2014 Sensinol 30 ml"},"content":{"rendered":"<div aria-labelledby=\"tab-title-description\" class=\"woocommerce-Tabs-panel woocommerce-Tabs-panel--description panel entry-content wc-tab\" id=\"tab-description\" role=\"tabpanel\" style=\"\">\n<h2>Description<\/h2>\n<p>\u2022 Le s\u00e9rum apaisant physio-protecteur SENSINOL est un soin apaisant qui soulage instantan\u00e9ment et durablement les d\u00e9mangeaisons intenses des cuirs chevelus tr\u00e8s sensibles<\/p>\n<p>\u2022 Une solution sans rin\u00e7age qui ne graisse pas les cheveux et respecte la coloration<\/p>\n<p>\u2022 Appliquer sur le cuir chevelu<br \/>\n\u2022 Spray sans rin\u00e7age<\/p>\n<p><strong>Pr\u00e9caution d\u2019emploi :<\/strong><br \/>\n\u2022 Eviter le contact avec les yeux<\/p>\n<div id=\"gtx-trans\" style=\"position: absolute; left: 69px; top: 178px;\">\n<div class=\"gtx-trans-icon\"><\/div>\n<\/div>\n<\/div>","protected":false},"excerpt":{"rendered":"<p>Highlights:\u2022 CALME instantan\u00e9ment les sensations de d\u00e9mangeaisons du cuir chevelu\u2022 PROCURE un soulagement imm\u00e9diat et durable\u2022 SOIN SANS RINCAGE, ne graisse pas les cheveux<\/p>","protected":false},"featured_media":40861,"comment_status":"open","ping_status":"closed","template":"","meta":[],"pwb-brand":[1583],"product_cat":[16],"product_tag":[],"class_list":{"0":"post-40860","1":"product","2":"type-product","3":"status-publish","4":"has-post-thumbnail","6":"pwb-brand-ducray","7":"product_cat-non-classe","8":"pa_brands-ducray","10":"first","11":"instock","12":"sale","13":"shipping-taxable","14":"purchasable","15":"product-type-simple"},"yoast_head":"<!-- This site is optimized with the Yoast SEO plugin v27.5 - https:\/\/yoast.com\/product\/yoast-seo-wordpress\/ -->\n<title>Ducray \u2014 S\u00e9rum Apaisant Physioprotecteur \u2014 Sensinol 30 ml - paragaleriedetalborjt<\/title>\n<meta name=\"robots\" content=\"index, follow, max-snippet:-1, max-image-preview:large, max-video-preview:-1\" \/>\n<link rel=\"canonical\" href=\"https:\/\/paragaleriedetalborjt.com\/en\/boutique\/ducray-serum-apaisant-physioprotecteur-sensinol-30-ml\/\" \/>\n<meta property=\"og:locale\" content=\"en_US\" \/>\n<meta property=\"og:type\" content=\"article\" \/>\n<meta property=\"og:title\" content=\"Ducray \u2014 S\u00e9rum Apaisant Physioprotecteur \u2014 Sensinol 30 ml - paragaleriedetalborjt\" \/>\n<meta property=\"og:description\" content=\"Highlights:\u2022 CALME instantan\u00e9ment les sensations de d\u00e9mangeaisons du cuir chevelu\u2022 PROCURE un soulagement imm\u00e9diat et durable\u2022 SOIN SANS RINCAGE, ne graisse pas les cheveux\" \/>\n<meta property=\"og:url\" content=\"https:\/\/paragaleriedetalborjt.com\/en\/boutique\/ducray-serum-apaisant-physioprotecteur-sensinol-30-ml\/\" \/>\n<meta property=\"og:site_name\" content=\"paragaleriedetalborjt\" \/>\n<meta property=\"article:modified_time\" content=\"2026-01-03T19:18:35+00:00\" \/>\n<meta property=\"og:image\" content=\"https:\/\/paragaleriedetalborjt.com\/wp-content\/uploads\/2026\/01\/3282779417006-DucrayE28094SC3A9rumApaisantPhysioprotecteurE28094Sensinol-0411448001680783864-600x600-1.jpg\" \/>\n\t<meta property=\"og:image:width\" content=\"600\" \/>\n\t<meta property=\"og:image:height\" content=\"600\" \/>\n\t<meta property=\"og:image:type\" content=\"image\/jpeg\" \/>\n<meta name=\"twitter:card\" content=\"summary_large_image\" \/>\n<script type=\"application\/ld+json\" class=\"yoast-schema-graph\">{\"@context\":\"https:\\\/\\\/schema.org\",\"@graph\":[{\"@type\":\"WebPage\",\"@id\":\"https:\\\/\\\/paragaleriedetalborjt.com\\\/boutique\\\/ducray-serum-apaisant-physioprotecteur-sensinol-30-ml\\\/\",\"url\":\"https:\\\/\\\/paragaleriedetalborjt.com\\\/boutique\\\/ducray-serum-apaisant-physioprotecteur-sensinol-30-ml\\\/\",\"name\":\"Ducray \u2014 S\u00e9rum Apaisant Physioprotecteur \u2014 Sensinol 30 ml - paragaleriedetalborjt\",\"isPartOf\":{\"@id\":\"https:\\\/\\\/paragaleriedetalborjt.com\\\/#website\"},\"primaryImageOfPage\":{\"@id\":\"https:\\\/\\\/paragaleriedetalborjt.com\\\/boutique\\\/ducray-serum-apaisant-physioprotecteur-sensinol-30-ml\\\/#primaryimage\"},\"image\":{\"@id\":\"https:\\\/\\\/paragaleriedetalborjt.com\\\/boutique\\\/ducray-serum-apaisant-physioprotecteur-sensinol-30-ml\\\/#primaryimage\"},\"thumbnailUrl\":\"https:\\\/\\\/paragaleriedetalborjt.com\\\/wp-content\\\/uploads\\\/2026\\\/01\\\/3282779417006-DucrayE28094SC3A9rumApaisantPhysioprotecteurE28094Sensinol-0411448001680783864-600x600-1.jpg\",\"datePublished\":\"2026-01-03T18:56:16+00:00\",\"dateModified\":\"2026-01-03T19:18:35+00:00\",\"breadcrumb\":{\"@id\":\"https:\\\/\\\/paragaleriedetalborjt.com\\\/boutique\\\/ducray-serum-apaisant-physioprotecteur-sensinol-30-ml\\\/#breadcrumb\"},\"inLanguage\":\"en-US\",\"potentialAction\":[{\"@type\":\"ReadAction\",\"target\":[\"https:\\\/\\\/paragaleriedetalborjt.com\\\/boutique\\\/ducray-serum-apaisant-physioprotecteur-sensinol-30-ml\\\/\"]}]},{\"@type\":\"ImageObject\",\"inLanguage\":\"en-US\",\"@id\":\"https:\\\/\\\/paragaleriedetalborjt.com\\\/boutique\\\/ducray-serum-apaisant-physioprotecteur-sensinol-30-ml\\\/#primaryimage\",\"url\":\"https:\\\/\\\/paragaleriedetalborjt.com\\\/wp-content\\\/uploads\\\/2026\\\/01\\\/3282779417006-DucrayE28094SC3A9rumApaisantPhysioprotecteurE28094Sensinol-0411448001680783864-600x600-1.jpg\",\"contentUrl\":\"https:\\\/\\\/paragaleriedetalborjt.com\\\/wp-content\\\/uploads\\\/2026\\\/01\\\/3282779417006-DucrayE28094SC3A9rumApaisantPhysioprotecteurE28094Sensinol-0411448001680783864-600x600-1.jpg\",\"width\":600,\"height\":600},{\"@type\":\"BreadcrumbList\",\"@id\":\"https:\\\/\\\/paragaleriedetalborjt.com\\\/boutique\\\/ducray-serum-apaisant-physioprotecteur-sensinol-30-ml\\\/#breadcrumb\",\"itemListElement\":[{\"@type\":\"ListItem\",\"position\":1,\"name\":\"Accueil\",\"item\":\"https:\\\/\\\/paragaleriedetalborjt.com\\\/\"},{\"@type\":\"ListItem\",\"position\":2,\"name\":\"Boutique\",\"item\":\"https:\\\/\\\/paragaleriedetalborjt.com\\\/boutique\\\/\"},{\"@type\":\"ListItem\",\"position\":3,\"name\":\"Ducray \u2014 S\u00e9rum Apaisant Physioprotecteur \u2014 Sensinol 30 ml\"}]},{\"@type\":\"WebSite\",\"@id\":\"https:\\\/\\\/paragaleriedetalborjt.com\\\/#website\",\"url\":\"https:\\\/\\\/paragaleriedetalborjt.com\\\/\",\"name\":\"paragaleriedetalborjt\",\"description\":\"\",\"potentialAction\":[{\"@type\":\"SearchAction\",\"target\":{\"@type\":\"EntryPoint\",\"urlTemplate\":\"https:\\\/\\\/paragaleriedetalborjt.com\\\/?s={search_term_string}\"},\"query-input\":{\"@type\":\"PropertyValueSpecification\",\"valueRequired\":true,\"valueName\":\"search_term_string\"}}],\"inLanguage\":\"en-US\"}]}<\/script>\n<!-- \/ Yoast SEO plugin. -->","yoast_head_json":{"title":"Ducray \u2014 S\u00e9rum Apaisant Physioprotecteur \u2014 Sensinol 30 ml - paragaleriedetalborjt","robots":{"index":"index","follow":"follow","max-snippet":"max-snippet:-1","max-image-preview":"max-image-preview:large","max-video-preview":"max-video-preview:-1"},"canonical":"https:\/\/paragaleriedetalborjt.com\/en\/boutique\/ducray-serum-apaisant-physioprotecteur-sensinol-30-ml\/","og_locale":"en_US","og_type":"article","og_title":"Ducray \u2014 S\u00e9rum Apaisant Physioprotecteur \u2014 Sensinol 30 ml - paragaleriedetalborjt","og_description":"Highlights:\u2022 CALME instantan\u00e9ment les sensations de d\u00e9mangeaisons du cuir chevelu\u2022 PROCURE un soulagement imm\u00e9diat et durable\u2022 SOIN SANS RINCAGE, ne graisse pas les cheveux","og_url":"https:\/\/paragaleriedetalborjt.com\/en\/boutique\/ducray-serum-apaisant-physioprotecteur-sensinol-30-ml\/","og_site_name":"paragaleriedetalborjt","article_modified_time":"2026-01-03T19:18:35+00:00","og_image":[{"width":600,"height":600,"url":"https:\/\/paragaleriedetalborjt.com\/wp-content\/uploads\/2026\/01\/3282779417006-DucrayE28094SC3A9rumApaisantPhysioprotecteurE28094Sensinol-0411448001680783864-600x600-1.jpg","type":"image\/jpeg"}],"twitter_card":"summary_large_image","schema":{"@context":"https:\/\/schema.org","@graph":[{"@type":"WebPage","@id":"https:\/\/paragaleriedetalborjt.com\/boutique\/ducray-serum-apaisant-physioprotecteur-sensinol-30-ml\/","url":"https:\/\/paragaleriedetalborjt.com\/boutique\/ducray-serum-apaisant-physioprotecteur-sensinol-30-ml\/","name":"Ducray \u2014 S\u00e9rum Apaisant Physioprotecteur \u2014 Sensinol 30 ml - paragaleriedetalborjt","isPartOf":{"@id":"https:\/\/paragaleriedetalborjt.com\/#website"},"primaryImageOfPage":{"@id":"https:\/\/paragaleriedetalborjt.com\/boutique\/ducray-serum-apaisant-physioprotecteur-sensinol-30-ml\/#primaryimage"},"image":{"@id":"https:\/\/paragaleriedetalborjt.com\/boutique\/ducray-serum-apaisant-physioprotecteur-sensinol-30-ml\/#primaryimage"},"thumbnailUrl":"https:\/\/paragaleriedetalborjt.com\/wp-content\/uploads\/2026\/01\/3282779417006-DucrayE28094SC3A9rumApaisantPhysioprotecteurE28094Sensinol-0411448001680783864-600x600-1.jpg","datePublished":"2026-01-03T18:56:16+00:00","dateModified":"2026-01-03T19:18:35+00:00","breadcrumb":{"@id":"https:\/\/paragaleriedetalborjt.com\/boutique\/ducray-serum-apaisant-physioprotecteur-sensinol-30-ml\/#breadcrumb"},"inLanguage":"en-US","potentialAction":[{"@type":"ReadAction","target":["https:\/\/paragaleriedetalborjt.com\/boutique\/ducray-serum-apaisant-physioprotecteur-sensinol-30-ml\/"]}]},{"@type":"ImageObject","inLanguage":"en-US","@id":"https:\/\/paragaleriedetalborjt.com\/boutique\/ducray-serum-apaisant-physioprotecteur-sensinol-30-ml\/#primaryimage","url":"https:\/\/paragaleriedetalborjt.com\/wp-content\/uploads\/2026\/01\/3282779417006-DucrayE28094SC3A9rumApaisantPhysioprotecteurE28094Sensinol-0411448001680783864-600x600-1.jpg","contentUrl":"https:\/\/paragaleriedetalborjt.com\/wp-content\/uploads\/2026\/01\/3282779417006-DucrayE28094SC3A9rumApaisantPhysioprotecteurE28094Sensinol-0411448001680783864-600x600-1.jpg","width":600,"height":600},{"@type":"BreadcrumbList","@id":"https:\/\/paragaleriedetalborjt.com\/boutique\/ducray-serum-apaisant-physioprotecteur-sensinol-30-ml\/#breadcrumb","itemListElement":[{"@type":"ListItem","position":1,"name":"Accueil","item":"https:\/\/paragaleriedetalborjt.com\/"},{"@type":"ListItem","position":2,"name":"Boutique","item":"https:\/\/paragaleriedetalborjt.com\/boutique\/"},{"@type":"ListItem","position":3,"name":"Ducray \u2014 S\u00e9rum Apaisant Physioprotecteur \u2014 Sensinol 30 ml"}]},{"@type":"WebSite","@id":"https:\/\/paragaleriedetalborjt.com\/#website","url":"https:\/\/paragaleriedetalborjt.com\/","name":"paragaleriedetalborjt","description":"","potentialAction":[{"@type":"SearchAction","target":{"@type":"EntryPoint","urlTemplate":"https:\/\/paragaleriedetalborjt.com\/?s={search_term_string}"},"query-input":{"@type":"PropertyValueSpecification","valueRequired":true,"valueName":"search_term_string"}}],"inLanguage":"en-US"}]}},"brands":[{"id":1583,"name":"DUCRAY","slug":"ducray"}],"_links":{"self":[{"href":"https:\/\/paragaleriedetalborjt.com\/en\/wp-json\/wp\/v2\/product\/40860","targetHints":{"allow":["GET"]}}],"collection":[{"href":"https:\/\/paragaleriedetalborjt.com\/en\/wp-json\/wp\/v2\/product"}],"about":[{"href":"https:\/\/paragaleriedetalborjt.com\/en\/wp-json\/wp\/v2\/types\/product"}],"replies":[{"embeddable":true,"href":"https:\/\/paragaleriedetalborjt.com\/en\/wp-json\/wp\/v2\/comments?post=40860"}],"version-history":[{"count":1,"href":"https:\/\/paragaleriedetalborjt.com\/en\/wp-json\/wp\/v2\/product\/40860\/revisions"}],"predecessor-version":[{"id":40862,"href":"https:\/\/paragaleriedetalborjt.com\/en\/wp-json\/wp\/v2\/product\/40860\/revisions\/40862"}],"wp:featuredmedia":[{"embeddable":true,"href":"https:\/\/paragaleriedetalborjt.com\/en\/wp-json\/wp\/v2\/media\/40861"}],"wp:attachment":[{"href":"https:\/\/paragaleriedetalborjt.com\/en\/wp-json\/wp\/v2\/media?parent=40860"}],"wp:term":[{"taxonomy":"pwb-brand","embeddable":true,"href":"https:\/\/paragaleriedetalborjt.com\/en\/wp-json\/wp\/v2\/pwb-brand?post=40860"},{"taxonomy":"product_cat","embeddable":true,"href":"https:\/\/paragaleriedetalborjt.com\/en\/wp-json\/wp\/v2\/product_cat?post=40860"},{"taxonomy":"product_tag","embeddable":true,"href":"https:\/\/paragaleriedetalborjt.com\/en\/wp-json\/wp\/v2\/product_tag?post=40860"}],"curies":[{"name":"wp","href":"https:\/\/api.w.org\/{rel}","templated":true}]}}