{"id":40832,"date":"2026-01-03T19:55:19","date_gmt":"2026-01-03T18:55:19","guid":{"rendered":"https:\/\/paragaleriedetalborjt.com\/?post_type=product&#038;p=40832"},"modified":"2026-01-03T20:18:33","modified_gmt":"2026-01-03T19:18:33","slug":"manix-super-easy-fit-6-pieces-destockage","status":"publish","type":"product","link":"https:\/\/paragaleriedetalborjt.com\/en\/boutique\/manix-super-easy-fit-6-pieces-destockage\/","title":{"rendered":"Manix Super Easy-Fit \u2013 6 Pi\u00e9ces \u2013 Destockage"},"content":{"rendered":"<div aria-labelledby=\"tab-title-description\" class=\"woocommerce-Tabs-panel woocommerce-Tabs-panel--description panel entry-content wc-tab\" id=\"tab-description\" role=\"tabpanel\" style=\"\">\n<h2>Description<\/h2>\n<p>Manix Super est un pr\u00e9servatif classique qui convient \u00e0 toutes les situations. Le plaisir en toute s\u00e9curit\u00e9.<\/p>\n<p>Test\u00e9 \u00e9lectroniquement \u00e0 100%, il affiche les normes les plus exigeantes pour votre s\u00e9r\u00e9nit\u00e9. Pr\u00e9servatif fin Lubrifi\u00e9 avec r\u00e9servoir Dimensions : longueur 177 mm \/ largeur 52 mm<\/p>\n<\/div>","protected":false},"excerpt":{"rendered":"<p>Highlights:Manix Super est un pr\u00e9servatif classique qui convient \u00e0 toutes les situations. Le plaisir en toute s\u00e9curit\u00e9.<\/p>","protected":false},"featured_media":40833,"comment_status":"open","ping_status":"closed","template":"","meta":[],"pwb-brand":[1630],"product_cat":[16],"product_tag":[],"class_list":{"0":"post-40832","1":"product","2":"type-product","3":"status-publish","4":"has-post-thumbnail","6":"pwb-brand-manix","7":"product_cat-non-classe","8":"pa_brands-manix","10":"first","11":"instock","12":"sale","13":"shipping-taxable","14":"purchasable","15":"product-type-simple"},"yoast_head":"<!-- This site is optimized with the Yoast SEO plugin v26.9 - https:\/\/yoast.com\/product\/yoast-seo-wordpress\/ -->\n<title>Manix Super Easy-Fit \u2013 6 Pi\u00e9ces \u2013 Destockage - paragaleriedetalborjt<\/title>\n<meta name=\"robots\" content=\"index, follow, max-snippet:-1, max-image-preview:large, max-video-preview:-1\" \/>\n<link rel=\"canonical\" href=\"https:\/\/paragaleriedetalborjt.com\/en\/boutique\/manix-super-easy-fit-6-pieces-destockage\/\" \/>\n<meta property=\"og:locale\" content=\"en_US\" \/>\n<meta property=\"og:type\" content=\"article\" \/>\n<meta property=\"og:title\" content=\"Manix Super Easy-Fit \u2013 6 Pi\u00e9ces \u2013 Destockage - paragaleriedetalborjt\" \/>\n<meta property=\"og:description\" content=\"Highlights:Manix Super est un pr\u00e9servatif classique qui convient \u00e0 toutes les situations. Le plaisir en toute s\u00e9curit\u00e9.\" \/>\n<meta property=\"og:url\" content=\"https:\/\/paragaleriedetalborjt.com\/en\/boutique\/manix-super-easy-fit-6-pieces-destockage\/\" \/>\n<meta property=\"og:site_name\" content=\"paragaleriedetalborjt\" \/>\n<meta property=\"article:modified_time\" content=\"2026-01-03T19:18:33+00:00\" \/>\n<meta property=\"og:image\" content=\"https:\/\/paragaleriedetalborjt.com\/wp-content\/uploads\/2026\/01\/Manix-Super-Easy-Fit-6-Pieces-Destockage-1-600x600-1.png\" \/>\n\t<meta property=\"og:image:width\" content=\"600\" \/>\n\t<meta property=\"og:image:height\" content=\"600\" \/>\n\t<meta property=\"og:image:type\" content=\"image\/png\" \/>\n<meta name=\"twitter:card\" content=\"summary_large_image\" \/>\n<script type=\"application\/ld+json\" class=\"yoast-schema-graph\">{\"@context\":\"https:\/\/schema.org\",\"@graph\":[{\"@type\":\"WebPage\",\"@id\":\"https:\/\/paragaleriedetalborjt.com\/boutique\/manix-super-easy-fit-6-pieces-destockage\/\",\"url\":\"https:\/\/paragaleriedetalborjt.com\/boutique\/manix-super-easy-fit-6-pieces-destockage\/\",\"name\":\"Manix Super Easy-Fit \u2013 6 Pi\u00e9ces \u2013 Destockage - paragaleriedetalborjt\",\"isPartOf\":{\"@id\":\"https:\/\/paragaleriedetalborjt.com\/#website\"},\"primaryImageOfPage\":{\"@id\":\"https:\/\/paragaleriedetalborjt.com\/boutique\/manix-super-easy-fit-6-pieces-destockage\/#primaryimage\"},\"image\":{\"@id\":\"https:\/\/paragaleriedetalborjt.com\/boutique\/manix-super-easy-fit-6-pieces-destockage\/#primaryimage\"},\"thumbnailUrl\":\"https:\/\/paragaleriedetalborjt.com\/wp-content\/uploads\/2026\/01\/Manix-Super-Easy-Fit-6-Pieces-Destockage-1-600x600-1.png\",\"datePublished\":\"2026-01-03T18:55:19+00:00\",\"dateModified\":\"2026-01-03T19:18:33+00:00\",\"breadcrumb\":{\"@id\":\"https:\/\/paragaleriedetalborjt.com\/boutique\/manix-super-easy-fit-6-pieces-destockage\/#breadcrumb\"},\"inLanguage\":\"en-US\",\"potentialAction\":[{\"@type\":\"ReadAction\",\"target\":[\"https:\/\/paragaleriedetalborjt.com\/boutique\/manix-super-easy-fit-6-pieces-destockage\/\"]}]},{\"@type\":\"ImageObject\",\"inLanguage\":\"en-US\",\"@id\":\"https:\/\/paragaleriedetalborjt.com\/boutique\/manix-super-easy-fit-6-pieces-destockage\/#primaryimage\",\"url\":\"https:\/\/paragaleriedetalborjt.com\/wp-content\/uploads\/2026\/01\/Manix-Super-Easy-Fit-6-Pieces-Destockage-1-600x600-1.png\",\"contentUrl\":\"https:\/\/paragaleriedetalborjt.com\/wp-content\/uploads\/2026\/01\/Manix-Super-Easy-Fit-6-Pieces-Destockage-1-600x600-1.png\",\"width\":600,\"height\":600},{\"@type\":\"BreadcrumbList\",\"@id\":\"https:\/\/paragaleriedetalborjt.com\/boutique\/manix-super-easy-fit-6-pieces-destockage\/#breadcrumb\",\"itemListElement\":[{\"@type\":\"ListItem\",\"position\":1,\"name\":\"Accueil\",\"item\":\"https:\/\/paragaleriedetalborjt.com\/\"},{\"@type\":\"ListItem\",\"position\":2,\"name\":\"Boutique\",\"item\":\"https:\/\/paragaleriedetalborjt.com\/boutique\/\"},{\"@type\":\"ListItem\",\"position\":3,\"name\":\"Manix Super Easy-Fit \u2013 6 Pi\u00e9ces \u2013 Destockage\"}]},{\"@type\":\"WebSite\",\"@id\":\"https:\/\/paragaleriedetalborjt.com\/#website\",\"url\":\"https:\/\/paragaleriedetalborjt.com\/\",\"name\":\"paragaleriedetalborjt\",\"description\":\"\",\"potentialAction\":[{\"@type\":\"SearchAction\",\"target\":{\"@type\":\"EntryPoint\",\"urlTemplate\":\"https:\/\/paragaleriedetalborjt.com\/?s={search_term_string}\"},\"query-input\":{\"@type\":\"PropertyValueSpecification\",\"valueRequired\":true,\"valueName\":\"search_term_string\"}}],\"inLanguage\":\"en-US\"}]}<\/script>\n<!-- \/ Yoast SEO plugin. -->","yoast_head_json":{"title":"Manix Super Easy-Fit \u2013 6 Pi\u00e9ces \u2013 Destockage - paragaleriedetalborjt","robots":{"index":"index","follow":"follow","max-snippet":"max-snippet:-1","max-image-preview":"max-image-preview:large","max-video-preview":"max-video-preview:-1"},"canonical":"https:\/\/paragaleriedetalborjt.com\/en\/boutique\/manix-super-easy-fit-6-pieces-destockage\/","og_locale":"en_US","og_type":"article","og_title":"Manix Super Easy-Fit \u2013 6 Pi\u00e9ces \u2013 Destockage - paragaleriedetalborjt","og_description":"Highlights:Manix Super est un pr\u00e9servatif classique qui convient \u00e0 toutes les situations. Le plaisir en toute s\u00e9curit\u00e9.","og_url":"https:\/\/paragaleriedetalborjt.com\/en\/boutique\/manix-super-easy-fit-6-pieces-destockage\/","og_site_name":"paragaleriedetalborjt","article_modified_time":"2026-01-03T19:18:33+00:00","og_image":[{"width":600,"height":600,"url":"https:\/\/paragaleriedetalborjt.com\/wp-content\/uploads\/2026\/01\/Manix-Super-Easy-Fit-6-Pieces-Destockage-1-600x600-1.png","type":"image\/png"}],"twitter_card":"summary_large_image","schema":{"@context":"https:\/\/schema.org","@graph":[{"@type":"WebPage","@id":"https:\/\/paragaleriedetalborjt.com\/boutique\/manix-super-easy-fit-6-pieces-destockage\/","url":"https:\/\/paragaleriedetalborjt.com\/boutique\/manix-super-easy-fit-6-pieces-destockage\/","name":"Manix Super Easy-Fit \u2013 6 Pi\u00e9ces \u2013 Destockage - paragaleriedetalborjt","isPartOf":{"@id":"https:\/\/paragaleriedetalborjt.com\/#website"},"primaryImageOfPage":{"@id":"https:\/\/paragaleriedetalborjt.com\/boutique\/manix-super-easy-fit-6-pieces-destockage\/#primaryimage"},"image":{"@id":"https:\/\/paragaleriedetalborjt.com\/boutique\/manix-super-easy-fit-6-pieces-destockage\/#primaryimage"},"thumbnailUrl":"https:\/\/paragaleriedetalborjt.com\/wp-content\/uploads\/2026\/01\/Manix-Super-Easy-Fit-6-Pieces-Destockage-1-600x600-1.png","datePublished":"2026-01-03T18:55:19+00:00","dateModified":"2026-01-03T19:18:33+00:00","breadcrumb":{"@id":"https:\/\/paragaleriedetalborjt.com\/boutique\/manix-super-easy-fit-6-pieces-destockage\/#breadcrumb"},"inLanguage":"en-US","potentialAction":[{"@type":"ReadAction","target":["https:\/\/paragaleriedetalborjt.com\/boutique\/manix-super-easy-fit-6-pieces-destockage\/"]}]},{"@type":"ImageObject","inLanguage":"en-US","@id":"https:\/\/paragaleriedetalborjt.com\/boutique\/manix-super-easy-fit-6-pieces-destockage\/#primaryimage","url":"https:\/\/paragaleriedetalborjt.com\/wp-content\/uploads\/2026\/01\/Manix-Super-Easy-Fit-6-Pieces-Destockage-1-600x600-1.png","contentUrl":"https:\/\/paragaleriedetalborjt.com\/wp-content\/uploads\/2026\/01\/Manix-Super-Easy-Fit-6-Pieces-Destockage-1-600x600-1.png","width":600,"height":600},{"@type":"BreadcrumbList","@id":"https:\/\/paragaleriedetalborjt.com\/boutique\/manix-super-easy-fit-6-pieces-destockage\/#breadcrumb","itemListElement":[{"@type":"ListItem","position":1,"name":"Accueil","item":"https:\/\/paragaleriedetalborjt.com\/"},{"@type":"ListItem","position":2,"name":"Boutique","item":"https:\/\/paragaleriedetalborjt.com\/boutique\/"},{"@type":"ListItem","position":3,"name":"Manix Super Easy-Fit \u2013 6 Pi\u00e9ces \u2013 Destockage"}]},{"@type":"WebSite","@id":"https:\/\/paragaleriedetalborjt.com\/#website","url":"https:\/\/paragaleriedetalborjt.com\/","name":"paragaleriedetalborjt","description":"","potentialAction":[{"@type":"SearchAction","target":{"@type":"EntryPoint","urlTemplate":"https:\/\/paragaleriedetalborjt.com\/?s={search_term_string}"},"query-input":{"@type":"PropertyValueSpecification","valueRequired":true,"valueName":"search_term_string"}}],"inLanguage":"en-US"}]}},"brands":[{"id":1630,"name":"MANIX","slug":"manix"}],"_links":{"self":[{"href":"https:\/\/paragaleriedetalborjt.com\/en\/wp-json\/wp\/v2\/product\/40832","targetHints":{"allow":["GET"]}}],"collection":[{"href":"https:\/\/paragaleriedetalborjt.com\/en\/wp-json\/wp\/v2\/product"}],"about":[{"href":"https:\/\/paragaleriedetalborjt.com\/en\/wp-json\/wp\/v2\/types\/product"}],"replies":[{"embeddable":true,"href":"https:\/\/paragaleriedetalborjt.com\/en\/wp-json\/wp\/v2\/comments?post=40832"}],"version-history":[{"count":1,"href":"https:\/\/paragaleriedetalborjt.com\/en\/wp-json\/wp\/v2\/product\/40832\/revisions"}],"predecessor-version":[{"id":40835,"href":"https:\/\/paragaleriedetalborjt.com\/en\/wp-json\/wp\/v2\/product\/40832\/revisions\/40835"}],"wp:featuredmedia":[{"embeddable":true,"href":"https:\/\/paragaleriedetalborjt.com\/en\/wp-json\/wp\/v2\/media\/40833"}],"wp:attachment":[{"href":"https:\/\/paragaleriedetalborjt.com\/en\/wp-json\/wp\/v2\/media?parent=40832"}],"wp:term":[{"taxonomy":"pwb-brand","embeddable":true,"href":"https:\/\/paragaleriedetalborjt.com\/en\/wp-json\/wp\/v2\/pwb-brand?post=40832"},{"taxonomy":"product_cat","embeddable":true,"href":"https:\/\/paragaleriedetalborjt.com\/en\/wp-json\/wp\/v2\/product_cat?post=40832"},{"taxonomy":"product_tag","embeddable":true,"href":"https:\/\/paragaleriedetalborjt.com\/en\/wp-json\/wp\/v2\/product_tag?post=40832"}],"curies":[{"name":"wp","href":"https:\/\/api.w.org\/{rel}","templated":true}]}}