{"id":40702,"date":"2026-01-03T19:50:30","date_gmt":"2026-01-03T18:50:30","guid":{"rendered":"https:\/\/paragaleriedetalborjt.com\/?post_type=product&#038;p=40702"},"modified":"2026-01-03T20:18:21","modified_gmt":"2026-01-03T19:18:21","slug":"revox-zitcare-aha-bha-pha-spot-treatment-25ml","status":"publish","type":"product","link":"https:\/\/paragaleriedetalborjt.com\/en\/boutique\/revox-zitcare-aha-bha-pha-spot-treatment-25ml\/","title":{"rendered":"REVOX ZITCARE AHA.BHA.PHA. SPOT TREATMENT 25ml"},"content":{"rendered":"<div aria-labelledby=\"tab-title-description\" class=\"woocommerce-Tabs-panel woocommerce-Tabs-panel--description panel entry-content wc-tab\" id=\"tab-description\" role=\"tabpanel\" style=\"\">\n<h2>Description<\/h2>\n<p class=\"p1\">Ce processus cr\u00e9e de l\u2019acn\u00e9 et des boutons sur la peau, l\u2019irrite et la rend probl\u00e9matique. Le traitement de ce probl\u00e8me doit \u00eatre syst\u00e9matique et persistant, ce qui permettra d\u2019att\u00e9nuer les boutons et les imperfections existants et de contr\u00f4ler les futures pouss\u00e9es. La ligne REVOX B77 ZITCARE\u00ae combine des ingr\u00e9dients actifs qui aident \u00e0 nettoyer, \u00e0 traiter les imperfections, \u00e0 r\u00e9guler la Produition de s\u00e9bum et \u00e0 maintenir une peau saine et lisse. La cr\u00e8me de traitement des taches cible les imperfections topiques et les taches sur la peau. Le m\u00e9lange d\u2019AHA, de BHA et de PHA aide \u00e0 r\u00e9duire l\u2019apparence des taches en \u00e9liminant les cellules mortes et les impuret\u00e9s. Le niacinamide a une action lissante qui aide \u00e0 resurfacer la zone \u00e0 probl\u00e8mes et prot\u00e8ge contre les plaques s\u00e8ches apr\u00e8s le traitement. Le panth\u00e9nol a des propri\u00e9t\u00e9s apaisantes et aide \u00e0 adoucir la peau. L\u2019acide hyaluronique et l\u2019aloe vera aident \u00e0 rafra\u00eechir et \u00e0 restaurer la peau.<\/p>\n<p class=\"p1\"><strong>Mode d\u2019emploi:<\/strong>\u00a0Appliquer une petite quantit\u00e9 de produit sur la zone probl\u00e9matique ou le point cibl\u00e9 avec le bout du doigt ou un coton-tige. Laisser s\u00e9cher ou tapoter doucement pour une meilleure absorption. Ne pas appliquer sur le contour des yeux. Avant la premi\u00e8re application, il est recommand\u00e9 d\u2019effectuer un test de sensibilit\u00e9.<\/p>\n<p class=\"p1\"><strong>Attention:<\/strong>\u00a0Ne pas combiner avec d\u2019autres acides directs. Ne pas utiliser sur une peau ab\u00eem\u00e9e ou qui p\u00e8le. Ne pas frotter la peau ou l\u2019exfolier excessivement avant l\u2019application. \u00c9viter l\u2019exposition directe au soleil et utiliser quotidiennement un \u00e9cran solaire. Une intol\u00e9rance individuelle au produit est possible. En cas d\u2019inconfort, cessez d\u2019utiliser le produit.<\/p>\n<p class=\"p1\"><strong>Ingr\u00e9dients:\u00a0<\/strong>Water\/Aqua, Glycerin, Cetearyl Alcohol, Shea Butter \/ Butyrospermum Parkii Butter, Vitamin B3 \/ Niacinamide, Glyceryl Stearate, PEG-100 Stearate, Aloe Vera Leaf Juice \/ Aloe Barbadensis Leaf Juice, Isopropyl Palmitate, Caprylic\/Capric Triglyceride, Ceteareth-20, Provitamin B5 \/ Panthenol, Propylene Glycol, Butylene Glycol, Enantia Chlorantha Bark Extract, Oleanolic Acid, Gluconolactone, Lactic Acid, Glycolic Acid, Malic Acid, Salicylic Acid, Alcohol Denat., Dimethicone, Phenoxyethanol, Sodium Hyaluronate, Allantoin, Bisabolol, Polyacrylate Crosspolymer-6, Potassium Hydroxide, Tea Tree Extract \/ Melaleuca Alternifolia Leaf Extract, Tea Tree Oil \/ Melaleuca Alternifolia Leaf Oil, Citric Acid, Sodium Benzoate, Potassium Sorbate, Disodium EDTA.<\/p>\n<\/div>","protected":false},"excerpt":{"rendered":"<p>Highlights:REVOX B77 ZITCARE\u00ae AHA.BHA.PHA. SPOT TREATMENTLe s\u00e9bum est une substance huileuse qui lubrifie les cheveux et la peau et qui s\u2019agglom\u00e8re parfois avec les cellules mortes non \u00e9limin\u00e9es, obstruant ainsi les pores et les follicules pileux.<\/p>","protected":false},"featured_media":40703,"comment_status":"open","ping_status":"closed","template":"","meta":[],"pwb-brand":[1574],"product_cat":[16],"product_tag":[],"class_list":{"0":"post-40702","1":"product","2":"type-product","3":"status-publish","4":"has-post-thumbnail","6":"pwb-brand-revox","7":"product_cat-non-classe","8":"pa_brands-revox","10":"first","11":"instock","12":"sale","13":"shipping-taxable","14":"purchasable","15":"product-type-simple"},"yoast_head":"<!-- This site is optimized with the Yoast SEO plugin v26.9 - https:\/\/yoast.com\/product\/yoast-seo-wordpress\/ -->\n<title>REVOX ZITCARE AHA.BHA.PHA. SPOT TREATMENT 25ml - paragaleriedetalborjt<\/title>\n<meta name=\"robots\" content=\"index, follow, max-snippet:-1, max-image-preview:large, max-video-preview:-1\" \/>\n<link rel=\"canonical\" href=\"https:\/\/paragaleriedetalborjt.com\/en\/boutique\/revox-zitcare-aha-bha-pha-spot-treatment-25ml\/\" \/>\n<meta property=\"og:locale\" content=\"en_US\" \/>\n<meta property=\"og:type\" content=\"article\" \/>\n<meta property=\"og:title\" content=\"REVOX ZITCARE AHA.BHA.PHA. SPOT TREATMENT 25ml - paragaleriedetalborjt\" \/>\n<meta property=\"og:description\" content=\"Highlights:REVOX B77 ZITCARE\u00ae AHA.BHA.PHA. SPOT TREATMENTLe s\u00e9bum est une substance huileuse qui lubrifie les cheveux et la peau et qui s\u2019agglom\u00e8re parfois avec les cellules mortes non \u00e9limin\u00e9es, obstruant ainsi les pores et les follicules pileux.\" \/>\n<meta property=\"og:url\" content=\"https:\/\/paragaleriedetalborjt.com\/en\/boutique\/revox-zitcare-aha-bha-pha-spot-treatment-25ml\/\" \/>\n<meta property=\"og:site_name\" content=\"paragaleriedetalborjt\" \/>\n<meta property=\"article:modified_time\" content=\"2026-01-03T19:18:21+00:00\" \/>\n<meta property=\"og:image\" content=\"https:\/\/paragaleriedetalborjt.com\/wp-content\/uploads\/2026\/01\/ZITCARE-AHA.BHA_.PHA_.-SPOT-TREATMENT-25ml-600x600-1.png\" \/>\n\t<meta property=\"og:image:width\" content=\"600\" \/>\n\t<meta property=\"og:image:height\" content=\"600\" \/>\n\t<meta property=\"og:image:type\" content=\"image\/png\" \/>\n<meta name=\"twitter:card\" content=\"summary_large_image\" \/>\n<meta name=\"twitter:label1\" content=\"Est. reading time\" \/>\n\t<meta name=\"twitter:data1\" content=\"2 minutes\" \/>\n<script type=\"application\/ld+json\" class=\"yoast-schema-graph\">{\"@context\":\"https:\/\/schema.org\",\"@graph\":[{\"@type\":\"WebPage\",\"@id\":\"https:\/\/paragaleriedetalborjt.com\/boutique\/revox-zitcare-aha-bha-pha-spot-treatment-25ml\/\",\"url\":\"https:\/\/paragaleriedetalborjt.com\/boutique\/revox-zitcare-aha-bha-pha-spot-treatment-25ml\/\",\"name\":\"REVOX ZITCARE AHA.BHA.PHA. SPOT TREATMENT 25ml - paragaleriedetalborjt\",\"isPartOf\":{\"@id\":\"https:\/\/paragaleriedetalborjt.com\/#website\"},\"primaryImageOfPage\":{\"@id\":\"https:\/\/paragaleriedetalborjt.com\/boutique\/revox-zitcare-aha-bha-pha-spot-treatment-25ml\/#primaryimage\"},\"image\":{\"@id\":\"https:\/\/paragaleriedetalborjt.com\/boutique\/revox-zitcare-aha-bha-pha-spot-treatment-25ml\/#primaryimage\"},\"thumbnailUrl\":\"https:\/\/paragaleriedetalborjt.com\/wp-content\/uploads\/2026\/01\/ZITCARE-AHA.BHA_.PHA_.-SPOT-TREATMENT-25ml-600x600-1.png\",\"datePublished\":\"2026-01-03T18:50:30+00:00\",\"dateModified\":\"2026-01-03T19:18:21+00:00\",\"breadcrumb\":{\"@id\":\"https:\/\/paragaleriedetalborjt.com\/boutique\/revox-zitcare-aha-bha-pha-spot-treatment-25ml\/#breadcrumb\"},\"inLanguage\":\"en-US\",\"potentialAction\":[{\"@type\":\"ReadAction\",\"target\":[\"https:\/\/paragaleriedetalborjt.com\/boutique\/revox-zitcare-aha-bha-pha-spot-treatment-25ml\/\"]}]},{\"@type\":\"ImageObject\",\"inLanguage\":\"en-US\",\"@id\":\"https:\/\/paragaleriedetalborjt.com\/boutique\/revox-zitcare-aha-bha-pha-spot-treatment-25ml\/#primaryimage\",\"url\":\"https:\/\/paragaleriedetalborjt.com\/wp-content\/uploads\/2026\/01\/ZITCARE-AHA.BHA_.PHA_.-SPOT-TREATMENT-25ml-600x600-1.png\",\"contentUrl\":\"https:\/\/paragaleriedetalborjt.com\/wp-content\/uploads\/2026\/01\/ZITCARE-AHA.BHA_.PHA_.-SPOT-TREATMENT-25ml-600x600-1.png\",\"width\":600,\"height\":600},{\"@type\":\"BreadcrumbList\",\"@id\":\"https:\/\/paragaleriedetalborjt.com\/boutique\/revox-zitcare-aha-bha-pha-spot-treatment-25ml\/#breadcrumb\",\"itemListElement\":[{\"@type\":\"ListItem\",\"position\":1,\"name\":\"Accueil\",\"item\":\"https:\/\/paragaleriedetalborjt.com\/\"},{\"@type\":\"ListItem\",\"position\":2,\"name\":\"Boutique\",\"item\":\"https:\/\/paragaleriedetalborjt.com\/boutique\/\"},{\"@type\":\"ListItem\",\"position\":3,\"name\":\"REVOX ZITCARE AHA.BHA.PHA. SPOT TREATMENT 25ml\"}]},{\"@type\":\"WebSite\",\"@id\":\"https:\/\/paragaleriedetalborjt.com\/#website\",\"url\":\"https:\/\/paragaleriedetalborjt.com\/\",\"name\":\"paragaleriedetalborjt\",\"description\":\"\",\"potentialAction\":[{\"@type\":\"SearchAction\",\"target\":{\"@type\":\"EntryPoint\",\"urlTemplate\":\"https:\/\/paragaleriedetalborjt.com\/?s={search_term_string}\"},\"query-input\":{\"@type\":\"PropertyValueSpecification\",\"valueRequired\":true,\"valueName\":\"search_term_string\"}}],\"inLanguage\":\"en-US\"}]}<\/script>\n<!-- \/ Yoast SEO plugin. -->","yoast_head_json":{"title":"REVOX ZITCARE AHA.BHA.PHA. SPOT TREATMENT 25ml - paragaleriedetalborjt","robots":{"index":"index","follow":"follow","max-snippet":"max-snippet:-1","max-image-preview":"max-image-preview:large","max-video-preview":"max-video-preview:-1"},"canonical":"https:\/\/paragaleriedetalborjt.com\/en\/boutique\/revox-zitcare-aha-bha-pha-spot-treatment-25ml\/","og_locale":"en_US","og_type":"article","og_title":"REVOX ZITCARE AHA.BHA.PHA. SPOT TREATMENT 25ml - paragaleriedetalborjt","og_description":"Highlights:REVOX B77 ZITCARE\u00ae AHA.BHA.PHA. SPOT TREATMENTLe s\u00e9bum est une substance huileuse qui lubrifie les cheveux et la peau et qui s\u2019agglom\u00e8re parfois avec les cellules mortes non \u00e9limin\u00e9es, obstruant ainsi les pores et les follicules pileux.","og_url":"https:\/\/paragaleriedetalborjt.com\/en\/boutique\/revox-zitcare-aha-bha-pha-spot-treatment-25ml\/","og_site_name":"paragaleriedetalborjt","article_modified_time":"2026-01-03T19:18:21+00:00","og_image":[{"width":600,"height":600,"url":"https:\/\/paragaleriedetalborjt.com\/wp-content\/uploads\/2026\/01\/ZITCARE-AHA.BHA_.PHA_.-SPOT-TREATMENT-25ml-600x600-1.png","type":"image\/png"}],"twitter_card":"summary_large_image","twitter_misc":{"Est. reading time":"2 minutes"},"schema":{"@context":"https:\/\/schema.org","@graph":[{"@type":"WebPage","@id":"https:\/\/paragaleriedetalborjt.com\/boutique\/revox-zitcare-aha-bha-pha-spot-treatment-25ml\/","url":"https:\/\/paragaleriedetalborjt.com\/boutique\/revox-zitcare-aha-bha-pha-spot-treatment-25ml\/","name":"REVOX ZITCARE AHA.BHA.PHA. SPOT TREATMENT 25ml - paragaleriedetalborjt","isPartOf":{"@id":"https:\/\/paragaleriedetalborjt.com\/#website"},"primaryImageOfPage":{"@id":"https:\/\/paragaleriedetalborjt.com\/boutique\/revox-zitcare-aha-bha-pha-spot-treatment-25ml\/#primaryimage"},"image":{"@id":"https:\/\/paragaleriedetalborjt.com\/boutique\/revox-zitcare-aha-bha-pha-spot-treatment-25ml\/#primaryimage"},"thumbnailUrl":"https:\/\/paragaleriedetalborjt.com\/wp-content\/uploads\/2026\/01\/ZITCARE-AHA.BHA_.PHA_.-SPOT-TREATMENT-25ml-600x600-1.png","datePublished":"2026-01-03T18:50:30+00:00","dateModified":"2026-01-03T19:18:21+00:00","breadcrumb":{"@id":"https:\/\/paragaleriedetalborjt.com\/boutique\/revox-zitcare-aha-bha-pha-spot-treatment-25ml\/#breadcrumb"},"inLanguage":"en-US","potentialAction":[{"@type":"ReadAction","target":["https:\/\/paragaleriedetalborjt.com\/boutique\/revox-zitcare-aha-bha-pha-spot-treatment-25ml\/"]}]},{"@type":"ImageObject","inLanguage":"en-US","@id":"https:\/\/paragaleriedetalborjt.com\/boutique\/revox-zitcare-aha-bha-pha-spot-treatment-25ml\/#primaryimage","url":"https:\/\/paragaleriedetalborjt.com\/wp-content\/uploads\/2026\/01\/ZITCARE-AHA.BHA_.PHA_.-SPOT-TREATMENT-25ml-600x600-1.png","contentUrl":"https:\/\/paragaleriedetalborjt.com\/wp-content\/uploads\/2026\/01\/ZITCARE-AHA.BHA_.PHA_.-SPOT-TREATMENT-25ml-600x600-1.png","width":600,"height":600},{"@type":"BreadcrumbList","@id":"https:\/\/paragaleriedetalborjt.com\/boutique\/revox-zitcare-aha-bha-pha-spot-treatment-25ml\/#breadcrumb","itemListElement":[{"@type":"ListItem","position":1,"name":"Accueil","item":"https:\/\/paragaleriedetalborjt.com\/"},{"@type":"ListItem","position":2,"name":"Boutique","item":"https:\/\/paragaleriedetalborjt.com\/boutique\/"},{"@type":"ListItem","position":3,"name":"REVOX ZITCARE AHA.BHA.PHA. SPOT TREATMENT 25ml"}]},{"@type":"WebSite","@id":"https:\/\/paragaleriedetalborjt.com\/#website","url":"https:\/\/paragaleriedetalborjt.com\/","name":"paragaleriedetalborjt","description":"","potentialAction":[{"@type":"SearchAction","target":{"@type":"EntryPoint","urlTemplate":"https:\/\/paragaleriedetalborjt.com\/?s={search_term_string}"},"query-input":{"@type":"PropertyValueSpecification","valueRequired":true,"valueName":"search_term_string"}}],"inLanguage":"en-US"}]}},"brands":[{"id":1574,"name":"REVOX","slug":"revox"}],"_links":{"self":[{"href":"https:\/\/paragaleriedetalborjt.com\/en\/wp-json\/wp\/v2\/product\/40702","targetHints":{"allow":["GET"]}}],"collection":[{"href":"https:\/\/paragaleriedetalborjt.com\/en\/wp-json\/wp\/v2\/product"}],"about":[{"href":"https:\/\/paragaleriedetalborjt.com\/en\/wp-json\/wp\/v2\/types\/product"}],"replies":[{"embeddable":true,"href":"https:\/\/paragaleriedetalborjt.com\/en\/wp-json\/wp\/v2\/comments?post=40702"}],"version-history":[{"count":1,"href":"https:\/\/paragaleriedetalborjt.com\/en\/wp-json\/wp\/v2\/product\/40702\/revisions"}],"predecessor-version":[{"id":40704,"href":"https:\/\/paragaleriedetalborjt.com\/en\/wp-json\/wp\/v2\/product\/40702\/revisions\/40704"}],"wp:featuredmedia":[{"embeddable":true,"href":"https:\/\/paragaleriedetalborjt.com\/en\/wp-json\/wp\/v2\/media\/40703"}],"wp:attachment":[{"href":"https:\/\/paragaleriedetalborjt.com\/en\/wp-json\/wp\/v2\/media?parent=40702"}],"wp:term":[{"taxonomy":"pwb-brand","embeddable":true,"href":"https:\/\/paragaleriedetalborjt.com\/en\/wp-json\/wp\/v2\/pwb-brand?post=40702"},{"taxonomy":"product_cat","embeddable":true,"href":"https:\/\/paragaleriedetalborjt.com\/en\/wp-json\/wp\/v2\/product_cat?post=40702"},{"taxonomy":"product_tag","embeddable":true,"href":"https:\/\/paragaleriedetalborjt.com\/en\/wp-json\/wp\/v2\/product_tag?post=40702"}],"curies":[{"name":"wp","href":"https:\/\/api.w.org\/{rel}","templated":true}]}}