{"id":40683,"date":"2026-01-03T19:49:47","date_gmt":"2026-01-03T18:49:47","guid":{"rendered":"https:\/\/paragaleriedetalborjt.com\/?post_type=product&#038;p=40683"},"modified":"2026-01-03T20:18:20","modified_gmt":"2026-01-03T19:18:20","slug":"veera-sante-vitamine-c-vegan-1000mg-100-comprimes","status":"publish","type":"product","link":"https:\/\/paragaleriedetalborjt.com\/en\/boutique\/veera-sante-vitamine-c-vegan-1000mg-100-comprimes\/","title":{"rendered":"Veera Sant\u00e9 Vitamine C Vegan 1000mg 100 Comprimes"},"content":{"rendered":"<div id=\"tab-description\" class=\"woocommerce-Tabs-panel woocommerce-Tabs-panel--description panel entry-content wc-tab\" role=\"tabpanel\" aria-labelledby=\"tab-title-description\">\n<h2>Description<\/h2>\n<div class=\"flex max-w-full flex-col flex-grow\">\n<div class=\"min-h-8 text-message flex w-full flex-col items-end gap-2 whitespace-normal break-words [.text-message+&amp;]:mt-5\" dir=\"auto\" data-message-author-role=\"assistant\" data-message-id=\"544865e5-8b51-4295-8b20-cac4e3d99dc3\">\n<div class=\"flex w-full flex-col gap-1 empty:hidden first:pt-[3px]\">\n<div class=\"markdown prose w-full break-words dark:prose-invert light\">\n<p>Veera Sant\u00e9\u00a0 Vitamine C Vegan fournit 1000mg de vitamine C par comprim\u00e9, un dosage \u00e9lev\u00e9 pour un soutien optimal du syst\u00e8me immunitaire et de l\u2019\u00e9nergie quotidienne. La vitamine C contribue \u00e0 la r\u00e9duction de la fatigue, \u00e0 l\u2019absorption du fer et \u00e0 la protection des cellules contre les dommages caus\u00e9s par les radicaux libres. Ce compl\u00e9ment est 100% vegan, sans ingr\u00e9dients d\u2019origine animale, et est con\u00e7u pour les personnes cherchant \u00e0 maintenir une alimentation v\u00e9g\u00e9talienne tout en b\u00e9n\u00e9ficiant des bienfaits de la vitamine C. Le flacon contient 100 comprim\u00e9s, permettant une cure longue pour un apport continu et r\u00e9gulier.<\/p>\n<\/div>\n<\/div>\n<\/div>\n<\/div>\n<\/div>\n","protected":false},"excerpt":{"rendered":"<p>Highlights:Veera Sant\u00e9\u00a0 Vitamine C Vegan 1000mg \u2013 100 comprim\u00e9s est un compl\u00e9ment alimentaire \u00e0 haute teneur en vitamine C, formul\u00e9 pour renforcer le syst\u00e8me immunitaire, r\u00e9duire la fatigue et prot\u00e9ger les cellules contre le stress oxydatif, adapt\u00e9 aux r\u00e9gimes v\u00e9g\u00e9taliens.<\/p>","protected":false},"featured_media":40684,"comment_status":"open","ping_status":"closed","template":"","meta":[],"pwb-brand":[1648],"product_cat":[16],"product_tag":[],"class_list":{"0":"post-40683","1":"product","2":"type-product","3":"status-publish","4":"has-post-thumbnail","6":"pwb-brand-eric-favre","7":"product_cat-non-classe","8":"pa_brands-eric-favre","10":"first","11":"instock","12":"sale","13":"shipping-taxable","14":"purchasable","15":"product-type-simple"},"yoast_head":"<!-- This site is optimized with the Yoast SEO plugin v27.5 - https:\/\/yoast.com\/product\/yoast-seo-wordpress\/ -->\n<title>Veera Sant\u00e9 Vitamine C Vegan 1000mg 100 Comprimes - paragaleriedetalborjt<\/title>\n<meta name=\"robots\" content=\"index, follow, max-snippet:-1, max-image-preview:large, max-video-preview:-1\" \/>\n<link rel=\"canonical\" href=\"https:\/\/paragaleriedetalborjt.com\/en\/boutique\/veera-sante-vitamine-c-vegan-1000mg-100-comprimes\/\" \/>\n<meta property=\"og:locale\" content=\"en_US\" \/>\n<meta property=\"og:type\" content=\"article\" \/>\n<meta property=\"og:title\" content=\"Veera Sant\u00e9 Vitamine C Vegan 1000mg 100 Comprimes - paragaleriedetalborjt\" \/>\n<meta property=\"og:description\" content=\"Highlights:Veera Sant\u00e9\u00a0 Vitamine C Vegan 1000mg \u2013 100 comprim\u00e9s est un compl\u00e9ment alimentaire \u00e0 haute teneur en vitamine C, formul\u00e9 pour renforcer le syst\u00e8me immunitaire, r\u00e9duire la fatigue et prot\u00e9ger les cellules contre le stress oxydatif, adapt\u00e9 aux r\u00e9gimes v\u00e9g\u00e9taliens.\" \/>\n<meta property=\"og:url\" content=\"https:\/\/paragaleriedetalborjt.com\/en\/boutique\/veera-sante-vitamine-c-vegan-1000mg-100-comprimes\/\" \/>\n<meta property=\"og:site_name\" content=\"paragaleriedetalborjt\" \/>\n<meta property=\"article:modified_time\" content=\"2026-01-03T19:18:20+00:00\" \/>\n<meta property=\"og:image\" content=\"https:\/\/paragaleriedetalborjt.com\/wp-content\/uploads\/2026\/01\/aison-est-grat-4.png\" \/>\n\t<meta property=\"og:image:width\" content=\"1080\" \/>\n\t<meta property=\"og:image:height\" content=\"1080\" \/>\n\t<meta property=\"og:image:type\" content=\"image\/png\" \/>\n<meta name=\"twitter:card\" content=\"summary_large_image\" \/>\n<meta name=\"twitter:label1\" content=\"Est. reading time\" \/>\n\t<meta name=\"twitter:data1\" content=\"1 minute\" \/>\n<script type=\"application\/ld+json\" class=\"yoast-schema-graph\">{\"@context\":\"https:\\\/\\\/schema.org\",\"@graph\":[{\"@type\":\"WebPage\",\"@id\":\"https:\\\/\\\/paragaleriedetalborjt.com\\\/boutique\\\/veera-sante-vitamine-c-vegan-1000mg-100-comprimes\\\/\",\"url\":\"https:\\\/\\\/paragaleriedetalborjt.com\\\/boutique\\\/veera-sante-vitamine-c-vegan-1000mg-100-comprimes\\\/\",\"name\":\"Veera Sant\u00e9 Vitamine C Vegan 1000mg 100 Comprimes - paragaleriedetalborjt\",\"isPartOf\":{\"@id\":\"https:\\\/\\\/paragaleriedetalborjt.com\\\/#website\"},\"primaryImageOfPage\":{\"@id\":\"https:\\\/\\\/paragaleriedetalborjt.com\\\/boutique\\\/veera-sante-vitamine-c-vegan-1000mg-100-comprimes\\\/#primaryimage\"},\"image\":{\"@id\":\"https:\\\/\\\/paragaleriedetalborjt.com\\\/boutique\\\/veera-sante-vitamine-c-vegan-1000mg-100-comprimes\\\/#primaryimage\"},\"thumbnailUrl\":\"https:\\\/\\\/paragaleriedetalborjt.com\\\/wp-content\\\/uploads\\\/2026\\\/01\\\/aison-est-grat-4.png\",\"datePublished\":\"2026-01-03T18:49:47+00:00\",\"dateModified\":\"2026-01-03T19:18:20+00:00\",\"breadcrumb\":{\"@id\":\"https:\\\/\\\/paragaleriedetalborjt.com\\\/boutique\\\/veera-sante-vitamine-c-vegan-1000mg-100-comprimes\\\/#breadcrumb\"},\"inLanguage\":\"en-US\",\"potentialAction\":[{\"@type\":\"ReadAction\",\"target\":[\"https:\\\/\\\/paragaleriedetalborjt.com\\\/boutique\\\/veera-sante-vitamine-c-vegan-1000mg-100-comprimes\\\/\"]}]},{\"@type\":\"ImageObject\",\"inLanguage\":\"en-US\",\"@id\":\"https:\\\/\\\/paragaleriedetalborjt.com\\\/boutique\\\/veera-sante-vitamine-c-vegan-1000mg-100-comprimes\\\/#primaryimage\",\"url\":\"https:\\\/\\\/paragaleriedetalborjt.com\\\/wp-content\\\/uploads\\\/2026\\\/01\\\/aison-est-grat-4.png\",\"contentUrl\":\"https:\\\/\\\/paragaleriedetalborjt.com\\\/wp-content\\\/uploads\\\/2026\\\/01\\\/aison-est-grat-4.png\",\"width\":1080,\"height\":1080},{\"@type\":\"BreadcrumbList\",\"@id\":\"https:\\\/\\\/paragaleriedetalborjt.com\\\/boutique\\\/veera-sante-vitamine-c-vegan-1000mg-100-comprimes\\\/#breadcrumb\",\"itemListElement\":[{\"@type\":\"ListItem\",\"position\":1,\"name\":\"Accueil\",\"item\":\"https:\\\/\\\/paragaleriedetalborjt.com\\\/\"},{\"@type\":\"ListItem\",\"position\":2,\"name\":\"Boutique\",\"item\":\"https:\\\/\\\/paragaleriedetalborjt.com\\\/boutique\\\/\"},{\"@type\":\"ListItem\",\"position\":3,\"name\":\"Veera Sant\u00e9 Vitamine C Vegan 1000mg 100 Comprimes\"}]},{\"@type\":\"WebSite\",\"@id\":\"https:\\\/\\\/paragaleriedetalborjt.com\\\/#website\",\"url\":\"https:\\\/\\\/paragaleriedetalborjt.com\\\/\",\"name\":\"paragaleriedetalborjt\",\"description\":\"\",\"potentialAction\":[{\"@type\":\"SearchAction\",\"target\":{\"@type\":\"EntryPoint\",\"urlTemplate\":\"https:\\\/\\\/paragaleriedetalborjt.com\\\/?s={search_term_string}\"},\"query-input\":{\"@type\":\"PropertyValueSpecification\",\"valueRequired\":true,\"valueName\":\"search_term_string\"}}],\"inLanguage\":\"en-US\"}]}<\/script>\n<!-- \/ Yoast SEO plugin. -->","yoast_head_json":{"title":"Veera Sant\u00e9 Vitamine C Vegan 1000mg 100 Comprimes - paragaleriedetalborjt","robots":{"index":"index","follow":"follow","max-snippet":"max-snippet:-1","max-image-preview":"max-image-preview:large","max-video-preview":"max-video-preview:-1"},"canonical":"https:\/\/paragaleriedetalborjt.com\/en\/boutique\/veera-sante-vitamine-c-vegan-1000mg-100-comprimes\/","og_locale":"en_US","og_type":"article","og_title":"Veera Sant\u00e9 Vitamine C Vegan 1000mg 100 Comprimes - paragaleriedetalborjt","og_description":"Highlights:Veera Sant\u00e9\u00a0 Vitamine C Vegan 1000mg \u2013 100 comprim\u00e9s est un compl\u00e9ment alimentaire \u00e0 haute teneur en vitamine C, formul\u00e9 pour renforcer le syst\u00e8me immunitaire, r\u00e9duire la fatigue et prot\u00e9ger les cellules contre le stress oxydatif, adapt\u00e9 aux r\u00e9gimes v\u00e9g\u00e9taliens.","og_url":"https:\/\/paragaleriedetalborjt.com\/en\/boutique\/veera-sante-vitamine-c-vegan-1000mg-100-comprimes\/","og_site_name":"paragaleriedetalborjt","article_modified_time":"2026-01-03T19:18:20+00:00","og_image":[{"width":1080,"height":1080,"url":"https:\/\/paragaleriedetalborjt.com\/wp-content\/uploads\/2026\/01\/aison-est-grat-4.png","type":"image\/png"}],"twitter_card":"summary_large_image","twitter_misc":{"Est. reading time":"1 minute"},"schema":{"@context":"https:\/\/schema.org","@graph":[{"@type":"WebPage","@id":"https:\/\/paragaleriedetalborjt.com\/boutique\/veera-sante-vitamine-c-vegan-1000mg-100-comprimes\/","url":"https:\/\/paragaleriedetalborjt.com\/boutique\/veera-sante-vitamine-c-vegan-1000mg-100-comprimes\/","name":"Veera Sant\u00e9 Vitamine C Vegan 1000mg 100 Comprimes - paragaleriedetalborjt","isPartOf":{"@id":"https:\/\/paragaleriedetalborjt.com\/#website"},"primaryImageOfPage":{"@id":"https:\/\/paragaleriedetalborjt.com\/boutique\/veera-sante-vitamine-c-vegan-1000mg-100-comprimes\/#primaryimage"},"image":{"@id":"https:\/\/paragaleriedetalborjt.com\/boutique\/veera-sante-vitamine-c-vegan-1000mg-100-comprimes\/#primaryimage"},"thumbnailUrl":"https:\/\/paragaleriedetalborjt.com\/wp-content\/uploads\/2026\/01\/aison-est-grat-4.png","datePublished":"2026-01-03T18:49:47+00:00","dateModified":"2026-01-03T19:18:20+00:00","breadcrumb":{"@id":"https:\/\/paragaleriedetalborjt.com\/boutique\/veera-sante-vitamine-c-vegan-1000mg-100-comprimes\/#breadcrumb"},"inLanguage":"en-US","potentialAction":[{"@type":"ReadAction","target":["https:\/\/paragaleriedetalborjt.com\/boutique\/veera-sante-vitamine-c-vegan-1000mg-100-comprimes\/"]}]},{"@type":"ImageObject","inLanguage":"en-US","@id":"https:\/\/paragaleriedetalborjt.com\/boutique\/veera-sante-vitamine-c-vegan-1000mg-100-comprimes\/#primaryimage","url":"https:\/\/paragaleriedetalborjt.com\/wp-content\/uploads\/2026\/01\/aison-est-grat-4.png","contentUrl":"https:\/\/paragaleriedetalborjt.com\/wp-content\/uploads\/2026\/01\/aison-est-grat-4.png","width":1080,"height":1080},{"@type":"BreadcrumbList","@id":"https:\/\/paragaleriedetalborjt.com\/boutique\/veera-sante-vitamine-c-vegan-1000mg-100-comprimes\/#breadcrumb","itemListElement":[{"@type":"ListItem","position":1,"name":"Accueil","item":"https:\/\/paragaleriedetalborjt.com\/"},{"@type":"ListItem","position":2,"name":"Boutique","item":"https:\/\/paragaleriedetalborjt.com\/boutique\/"},{"@type":"ListItem","position":3,"name":"Veera Sant\u00e9 Vitamine C Vegan 1000mg 100 Comprimes"}]},{"@type":"WebSite","@id":"https:\/\/paragaleriedetalborjt.com\/#website","url":"https:\/\/paragaleriedetalborjt.com\/","name":"paragaleriedetalborjt","description":"","potentialAction":[{"@type":"SearchAction","target":{"@type":"EntryPoint","urlTemplate":"https:\/\/paragaleriedetalborjt.com\/?s={search_term_string}"},"query-input":{"@type":"PropertyValueSpecification","valueRequired":true,"valueName":"search_term_string"}}],"inLanguage":"en-US"}]}},"brands":[{"id":1648,"name":"ERIC FAVRE","slug":"eric-favre"}],"_links":{"self":[{"href":"https:\/\/paragaleriedetalborjt.com\/en\/wp-json\/wp\/v2\/product\/40683","targetHints":{"allow":["GET"]}}],"collection":[{"href":"https:\/\/paragaleriedetalborjt.com\/en\/wp-json\/wp\/v2\/product"}],"about":[{"href":"https:\/\/paragaleriedetalborjt.com\/en\/wp-json\/wp\/v2\/types\/product"}],"replies":[{"embeddable":true,"href":"https:\/\/paragaleriedetalborjt.com\/en\/wp-json\/wp\/v2\/comments?post=40683"}],"version-history":[{"count":1,"href":"https:\/\/paragaleriedetalborjt.com\/en\/wp-json\/wp\/v2\/product\/40683\/revisions"}],"predecessor-version":[{"id":40686,"href":"https:\/\/paragaleriedetalborjt.com\/en\/wp-json\/wp\/v2\/product\/40683\/revisions\/40686"}],"wp:featuredmedia":[{"embeddable":true,"href":"https:\/\/paragaleriedetalborjt.com\/en\/wp-json\/wp\/v2\/media\/40684"}],"wp:attachment":[{"href":"https:\/\/paragaleriedetalborjt.com\/en\/wp-json\/wp\/v2\/media?parent=40683"}],"wp:term":[{"taxonomy":"pwb-brand","embeddable":true,"href":"https:\/\/paragaleriedetalborjt.com\/en\/wp-json\/wp\/v2\/pwb-brand?post=40683"},{"taxonomy":"product_cat","embeddable":true,"href":"https:\/\/paragaleriedetalborjt.com\/en\/wp-json\/wp\/v2\/product_cat?post=40683"},{"taxonomy":"product_tag","embeddable":true,"href":"https:\/\/paragaleriedetalborjt.com\/en\/wp-json\/wp\/v2\/product_tag?post=40683"}],"curies":[{"name":"wp","href":"https:\/\/api.w.org\/{rel}","templated":true}]}}