{"id":40680,"date":"2026-01-03T19:49:42","date_gmt":"2026-01-03T18:49:42","guid":{"rendered":"https:\/\/paragaleriedetalborjt.com\/?post_type=product&#038;p=40680"},"modified":"2026-01-03T20:18:19","modified_gmt":"2026-01-03T19:18:19","slug":"avent-biberon-natural-260-ml-9oz-scf033-17","status":"publish","type":"product","link":"https:\/\/paragaleriedetalborjt.com\/en\/boutique\/avent-biberon-natural-260-ml-9oz-scf033-17\/","title":{"rendered":"AVENT BIBERON NATURAL 260 ML \/ 9OZ SCF033\/17"},"content":{"rendered":"<div aria-labelledby=\"tab-title-description\" class=\"woocommerce-Tabs-panel woocommerce-Tabs-panel--description panel entry-content wc-tab\" id=\"tab-description\" role=\"tabpanel\" style=\"\">\n<h2>Description<\/h2>\n<p><strong>Id\u00e9al pour l\u2019allaitement mixte<\/strong><br \/>\nNotre biberon Natural est dot\u00e9 d\u2019une t\u00e9tine ultra-douce dont les caract\u00e9ristiques se rapprochent plus de celles du sein. Cette large t\u00e9tine imitant la forme du sein pr\u00e9sente un design flexible en spirale et des alv\u00e9oles de confort pour permettre une t\u00e9t\u00e9e naturelle et faciliter l\u2019alternance sein\/biberon.<\/p>\n<div class=\"p-s12__feature-item p-spacing-bottom-c\">\n<div class=\"p-s12__feature-description p-spacing-bottom-a\"><\/div>\n<\/div>\n<\/div>","protected":false},"excerpt":{"rendered":"<p>Highlights:Notre biberon Natural est dot\u00e9 d\u2019une t\u00e9tine ultra-douce dont les caract\u00e9ristiques se rapprochent plus de celles du sein.<\/p>","protected":false},"featured_media":40681,"comment_status":"open","ping_status":"closed","template":"","meta":[],"pwb-brand":[1740],"product_cat":[16],"product_tag":[],"class_list":{"0":"post-40680","1":"product","2":"type-product","3":"status-publish","4":"has-post-thumbnail","6":"pwb-brand-avent","7":"product_cat-non-classe","8":"pa_brands-avent","10":"first","11":"instock","12":"sale","13":"shipping-taxable","14":"purchasable","15":"product-type-simple"},"yoast_head":"<!-- This site is optimized with the Yoast SEO plugin v27.5 - https:\/\/yoast.com\/product\/yoast-seo-wordpress\/ -->\n<title>AVENT BIBERON NATURAL 260 ML \/ 9OZ SCF033\/17 - paragaleriedetalborjt<\/title>\n<meta name=\"robots\" content=\"index, follow, max-snippet:-1, max-image-preview:large, max-video-preview:-1\" \/>\n<link rel=\"canonical\" href=\"https:\/\/paragaleriedetalborjt.com\/en\/boutique\/avent-biberon-natural-260-ml-9oz-scf033-17\/\" \/>\n<meta property=\"og:locale\" content=\"en_US\" \/>\n<meta property=\"og:type\" content=\"article\" \/>\n<meta property=\"og:title\" content=\"AVENT BIBERON NATURAL 260 ML \/ 9OZ SCF033\/17 - paragaleriedetalborjt\" \/>\n<meta property=\"og:description\" content=\"Highlights:Notre biberon Natural est dot\u00e9 d\u2019une t\u00e9tine ultra-douce dont les caract\u00e9ristiques se rapprochent plus de celles du sein.\" \/>\n<meta property=\"og:url\" content=\"https:\/\/paragaleriedetalborjt.com\/en\/boutique\/avent-biberon-natural-260-ml-9oz-scf033-17\/\" \/>\n<meta property=\"og:site_name\" content=\"paragaleriedetalborjt\" \/>\n<meta property=\"article:modified_time\" content=\"2026-01-03T19:18:19+00:00\" \/>\n<meta property=\"og:image\" content=\"https:\/\/paragaleriedetalborjt.com\/wp-content\/uploads\/2026\/01\/1-Carrousel-BIBERON-NATURAL-260-ML-9OZ-SCF033-17-600x600-1.jpg\" \/>\n\t<meta property=\"og:image:width\" content=\"600\" \/>\n\t<meta property=\"og:image:height\" content=\"600\" \/>\n\t<meta property=\"og:image:type\" content=\"image\/jpeg\" \/>\n<meta name=\"twitter:card\" content=\"summary_large_image\" \/>\n<script type=\"application\/ld+json\" class=\"yoast-schema-graph\">{\"@context\":\"https:\\\/\\\/schema.org\",\"@graph\":[{\"@type\":\"WebPage\",\"@id\":\"https:\\\/\\\/paragaleriedetalborjt.com\\\/boutique\\\/avent-biberon-natural-260-ml-9oz-scf033-17\\\/\",\"url\":\"https:\\\/\\\/paragaleriedetalborjt.com\\\/boutique\\\/avent-biberon-natural-260-ml-9oz-scf033-17\\\/\",\"name\":\"AVENT BIBERON NATURAL 260 ML \\\/ 9OZ SCF033\\\/17 - paragaleriedetalborjt\",\"isPartOf\":{\"@id\":\"https:\\\/\\\/paragaleriedetalborjt.com\\\/#website\"},\"primaryImageOfPage\":{\"@id\":\"https:\\\/\\\/paragaleriedetalborjt.com\\\/boutique\\\/avent-biberon-natural-260-ml-9oz-scf033-17\\\/#primaryimage\"},\"image\":{\"@id\":\"https:\\\/\\\/paragaleriedetalborjt.com\\\/boutique\\\/avent-biberon-natural-260-ml-9oz-scf033-17\\\/#primaryimage\"},\"thumbnailUrl\":\"https:\\\/\\\/paragaleriedetalborjt.com\\\/wp-content\\\/uploads\\\/2026\\\/01\\\/1-Carrousel-BIBERON-NATURAL-260-ML-9OZ-SCF033-17-600x600-1.jpg\",\"datePublished\":\"2026-01-03T18:49:42+00:00\",\"dateModified\":\"2026-01-03T19:18:19+00:00\",\"breadcrumb\":{\"@id\":\"https:\\\/\\\/paragaleriedetalborjt.com\\\/boutique\\\/avent-biberon-natural-260-ml-9oz-scf033-17\\\/#breadcrumb\"},\"inLanguage\":\"en-US\",\"potentialAction\":[{\"@type\":\"ReadAction\",\"target\":[\"https:\\\/\\\/paragaleriedetalborjt.com\\\/boutique\\\/avent-biberon-natural-260-ml-9oz-scf033-17\\\/\"]}]},{\"@type\":\"ImageObject\",\"inLanguage\":\"en-US\",\"@id\":\"https:\\\/\\\/paragaleriedetalborjt.com\\\/boutique\\\/avent-biberon-natural-260-ml-9oz-scf033-17\\\/#primaryimage\",\"url\":\"https:\\\/\\\/paragaleriedetalborjt.com\\\/wp-content\\\/uploads\\\/2026\\\/01\\\/1-Carrousel-BIBERON-NATURAL-260-ML-9OZ-SCF033-17-600x600-1.jpg\",\"contentUrl\":\"https:\\\/\\\/paragaleriedetalborjt.com\\\/wp-content\\\/uploads\\\/2026\\\/01\\\/1-Carrousel-BIBERON-NATURAL-260-ML-9OZ-SCF033-17-600x600-1.jpg\",\"width\":600,\"height\":600},{\"@type\":\"BreadcrumbList\",\"@id\":\"https:\\\/\\\/paragaleriedetalborjt.com\\\/boutique\\\/avent-biberon-natural-260-ml-9oz-scf033-17\\\/#breadcrumb\",\"itemListElement\":[{\"@type\":\"ListItem\",\"position\":1,\"name\":\"Accueil\",\"item\":\"https:\\\/\\\/paragaleriedetalborjt.com\\\/\"},{\"@type\":\"ListItem\",\"position\":2,\"name\":\"Boutique\",\"item\":\"https:\\\/\\\/paragaleriedetalborjt.com\\\/boutique\\\/\"},{\"@type\":\"ListItem\",\"position\":3,\"name\":\"AVENT BIBERON NATURAL 260 ML \\\/ 9OZ SCF033\\\/17\"}]},{\"@type\":\"WebSite\",\"@id\":\"https:\\\/\\\/paragaleriedetalborjt.com\\\/#website\",\"url\":\"https:\\\/\\\/paragaleriedetalborjt.com\\\/\",\"name\":\"paragaleriedetalborjt\",\"description\":\"\",\"potentialAction\":[{\"@type\":\"SearchAction\",\"target\":{\"@type\":\"EntryPoint\",\"urlTemplate\":\"https:\\\/\\\/paragaleriedetalborjt.com\\\/?s={search_term_string}\"},\"query-input\":{\"@type\":\"PropertyValueSpecification\",\"valueRequired\":true,\"valueName\":\"search_term_string\"}}],\"inLanguage\":\"en-US\"}]}<\/script>\n<!-- \/ Yoast SEO plugin. -->","yoast_head_json":{"title":"AVENT BIBERON NATURAL 260 ML \/ 9OZ SCF033\/17 - paragaleriedetalborjt","robots":{"index":"index","follow":"follow","max-snippet":"max-snippet:-1","max-image-preview":"max-image-preview:large","max-video-preview":"max-video-preview:-1"},"canonical":"https:\/\/paragaleriedetalborjt.com\/en\/boutique\/avent-biberon-natural-260-ml-9oz-scf033-17\/","og_locale":"en_US","og_type":"article","og_title":"AVENT BIBERON NATURAL 260 ML \/ 9OZ SCF033\/17 - paragaleriedetalborjt","og_description":"Highlights:Notre biberon Natural est dot\u00e9 d\u2019une t\u00e9tine ultra-douce dont les caract\u00e9ristiques se rapprochent plus de celles du sein.","og_url":"https:\/\/paragaleriedetalborjt.com\/en\/boutique\/avent-biberon-natural-260-ml-9oz-scf033-17\/","og_site_name":"paragaleriedetalborjt","article_modified_time":"2026-01-03T19:18:19+00:00","og_image":[{"width":600,"height":600,"url":"https:\/\/paragaleriedetalborjt.com\/wp-content\/uploads\/2026\/01\/1-Carrousel-BIBERON-NATURAL-260-ML-9OZ-SCF033-17-600x600-1.jpg","type":"image\/jpeg"}],"twitter_card":"summary_large_image","schema":{"@context":"https:\/\/schema.org","@graph":[{"@type":"WebPage","@id":"https:\/\/paragaleriedetalborjt.com\/boutique\/avent-biberon-natural-260-ml-9oz-scf033-17\/","url":"https:\/\/paragaleriedetalborjt.com\/boutique\/avent-biberon-natural-260-ml-9oz-scf033-17\/","name":"AVENT BIBERON NATURAL 260 ML \/ 9OZ SCF033\/17 - paragaleriedetalborjt","isPartOf":{"@id":"https:\/\/paragaleriedetalborjt.com\/#website"},"primaryImageOfPage":{"@id":"https:\/\/paragaleriedetalborjt.com\/boutique\/avent-biberon-natural-260-ml-9oz-scf033-17\/#primaryimage"},"image":{"@id":"https:\/\/paragaleriedetalborjt.com\/boutique\/avent-biberon-natural-260-ml-9oz-scf033-17\/#primaryimage"},"thumbnailUrl":"https:\/\/paragaleriedetalborjt.com\/wp-content\/uploads\/2026\/01\/1-Carrousel-BIBERON-NATURAL-260-ML-9OZ-SCF033-17-600x600-1.jpg","datePublished":"2026-01-03T18:49:42+00:00","dateModified":"2026-01-03T19:18:19+00:00","breadcrumb":{"@id":"https:\/\/paragaleriedetalborjt.com\/boutique\/avent-biberon-natural-260-ml-9oz-scf033-17\/#breadcrumb"},"inLanguage":"en-US","potentialAction":[{"@type":"ReadAction","target":["https:\/\/paragaleriedetalborjt.com\/boutique\/avent-biberon-natural-260-ml-9oz-scf033-17\/"]}]},{"@type":"ImageObject","inLanguage":"en-US","@id":"https:\/\/paragaleriedetalborjt.com\/boutique\/avent-biberon-natural-260-ml-9oz-scf033-17\/#primaryimage","url":"https:\/\/paragaleriedetalborjt.com\/wp-content\/uploads\/2026\/01\/1-Carrousel-BIBERON-NATURAL-260-ML-9OZ-SCF033-17-600x600-1.jpg","contentUrl":"https:\/\/paragaleriedetalborjt.com\/wp-content\/uploads\/2026\/01\/1-Carrousel-BIBERON-NATURAL-260-ML-9OZ-SCF033-17-600x600-1.jpg","width":600,"height":600},{"@type":"BreadcrumbList","@id":"https:\/\/paragaleriedetalborjt.com\/boutique\/avent-biberon-natural-260-ml-9oz-scf033-17\/#breadcrumb","itemListElement":[{"@type":"ListItem","position":1,"name":"Accueil","item":"https:\/\/paragaleriedetalborjt.com\/"},{"@type":"ListItem","position":2,"name":"Boutique","item":"https:\/\/paragaleriedetalborjt.com\/boutique\/"},{"@type":"ListItem","position":3,"name":"AVENT BIBERON NATURAL 260 ML \/ 9OZ SCF033\/17"}]},{"@type":"WebSite","@id":"https:\/\/paragaleriedetalborjt.com\/#website","url":"https:\/\/paragaleriedetalborjt.com\/","name":"paragaleriedetalborjt","description":"","potentialAction":[{"@type":"SearchAction","target":{"@type":"EntryPoint","urlTemplate":"https:\/\/paragaleriedetalborjt.com\/?s={search_term_string}"},"query-input":{"@type":"PropertyValueSpecification","valueRequired":true,"valueName":"search_term_string"}}],"inLanguage":"en-US"}]}},"brands":[{"id":1740,"name":"AVENT","slug":"avent"}],"_links":{"self":[{"href":"https:\/\/paragaleriedetalborjt.com\/en\/wp-json\/wp\/v2\/product\/40680","targetHints":{"allow":["GET"]}}],"collection":[{"href":"https:\/\/paragaleriedetalborjt.com\/en\/wp-json\/wp\/v2\/product"}],"about":[{"href":"https:\/\/paragaleriedetalborjt.com\/en\/wp-json\/wp\/v2\/types\/product"}],"replies":[{"embeddable":true,"href":"https:\/\/paragaleriedetalborjt.com\/en\/wp-json\/wp\/v2\/comments?post=40680"}],"version-history":[{"count":1,"href":"https:\/\/paragaleriedetalborjt.com\/en\/wp-json\/wp\/v2\/product\/40680\/revisions"}],"predecessor-version":[{"id":40682,"href":"https:\/\/paragaleriedetalborjt.com\/en\/wp-json\/wp\/v2\/product\/40680\/revisions\/40682"}],"wp:featuredmedia":[{"embeddable":true,"href":"https:\/\/paragaleriedetalborjt.com\/en\/wp-json\/wp\/v2\/media\/40681"}],"wp:attachment":[{"href":"https:\/\/paragaleriedetalborjt.com\/en\/wp-json\/wp\/v2\/media?parent=40680"}],"wp:term":[{"taxonomy":"pwb-brand","embeddable":true,"href":"https:\/\/paragaleriedetalborjt.com\/en\/wp-json\/wp\/v2\/pwb-brand?post=40680"},{"taxonomy":"product_cat","embeddable":true,"href":"https:\/\/paragaleriedetalborjt.com\/en\/wp-json\/wp\/v2\/product_cat?post=40680"},{"taxonomy":"product_tag","embeddable":true,"href":"https:\/\/paragaleriedetalborjt.com\/en\/wp-json\/wp\/v2\/product_tag?post=40680"}],"curies":[{"name":"wp","href":"https:\/\/api.w.org\/{rel}","templated":true}]}}