{"id":40620,"date":"2026-01-03T19:47:22","date_gmt":"2026-01-03T18:47:22","guid":{"rendered":"https:\/\/paragaleriedetalborjt.com\/?post_type=product&#038;p=40620"},"modified":"2026-01-03T20:18:14","modified_gmt":"2026-01-03T19:18:14","slug":"lansinoh-creme-mamelons-lanoline-40-ml","status":"publish","type":"product","link":"https:\/\/paragaleriedetalborjt.com\/en\/boutique\/lansinoh-creme-mamelons-lanoline-40-ml\/","title":{"rendered":"Lansinoh Cr\u00e8me Mamelons Lanoline \u2013 40 ml"},"content":{"rendered":"<div aria-labelledby=\"tab-title-description\" class=\"woocommerce-Tabs-panel woocommerce-Tabs-panel--description panel entry-content wc-tab\" id=\"tab-description\" role=\"tabpanel\" style=\"\">\n<h2>Description<\/h2>\n<p>Description<br \/>\nIl est cliniquement prouv\u00e9 que la Lanoline HPA\u00ae de Lansinoh\u00ae aide \u00e0 apaiser et prot\u00e9ger les mamelons douloureux ou irrit\u00e9s. Les mamans peuvent utiliser en toute confiance la cr\u00e8me Lanoline HPA\u00ae ultra pure pour b\u00e9n\u00e9ficier d\u2019une exp\u00e9rience d\u2019allaitement confortable.<\/p>\n<p>En parall\u00e8le, elles identifieront les causes des mamelons douloureux afin de prendre les mesures ad\u00e9quates pour y rem\u00e9dier avec l\u2019aide d\u2019un sp\u00e9cialiste de l\u2019allaitement.<\/p>\n<p>Caract\u00e9ristiques du produit:<br \/>\nLa lanoline la plus pure au monde<br \/>\nN\u2019a pas besoin d\u2019\u00eatre enlev\u00e9e avant la t\u00e9t\u00e9e<br \/>\nUne cr\u00e8me 100% naturelle \u2013 uniquement de la lanoline et rien d\u2019autre<br \/>\nHypoallerg\u00e9nique<br \/>\nNeutre \u2013 pas de couleur, d\u2019odeur ou de go\u00fbt<br \/>\nUne cr\u00e8me s\u00fbre pour b\u00e9b\u00e9 &amp; apaisante pour maman \u00e9galement<\/p>\n<p>Plus d\u2019informations sur le produit:<br \/>\nDisponible en tube de 40ml<br \/>\nLes mamans l\u2019appellent une \u00ab\u00a0cr\u00e8me miracle\u00a0\u00bb\u2026 La lanoline vient de la laine du mouton et c\u2019est le proc\u00e9d\u00e9 unique de purification de cette lanoline qui rend notre cr\u00e8me lanoline HPA\u00ae la plus pure au monde.<\/p>\n<\/div>","protected":false},"excerpt":{"rendered":"<p>Highlights:La cr\u00e8me Lanoline HPA\u00ae pour les mamelons sensibles ou irrit\u00e9s aide \u00e0 apaiser et prot\u00e9ger ; Lanoline 100% naturelle<\/p>","protected":false},"featured_media":40621,"comment_status":"open","ping_status":"closed","template":"","meta":[],"pwb-brand":[1867],"product_cat":[16],"product_tag":[],"class_list":{"0":"post-40620","1":"product","2":"type-product","3":"status-publish","4":"has-post-thumbnail","6":"pwb-brand-lansinoh","7":"product_cat-non-classe","8":"pa_brands-lansinoh","10":"first","11":"instock","12":"sale","13":"shipping-taxable","14":"purchasable","15":"product-type-simple"},"yoast_head":"<!-- This site is optimized with the Yoast SEO plugin v27.5 - https:\/\/yoast.com\/product\/yoast-seo-wordpress\/ -->\n<title>Lansinoh Cr\u00e8me Mamelons Lanoline \u2013 40 ml - paragaleriedetalborjt<\/title>\n<meta name=\"robots\" content=\"index, follow, max-snippet:-1, max-image-preview:large, max-video-preview:-1\" \/>\n<link rel=\"canonical\" href=\"https:\/\/paragaleriedetalborjt.com\/en\/boutique\/lansinoh-creme-mamelons-lanoline-40-ml\/\" \/>\n<meta property=\"og:locale\" content=\"en_US\" \/>\n<meta property=\"og:type\" content=\"article\" \/>\n<meta property=\"og:title\" content=\"Lansinoh Cr\u00e8me Mamelons Lanoline \u2013 40 ml - paragaleriedetalborjt\" \/>\n<meta property=\"og:description\" content=\"Highlights:La cr\u00e8me Lanoline HPA\u00ae pour les mamelons sensibles ou irrit\u00e9s aide \u00e0 apaiser et prot\u00e9ger ; Lanoline 100% naturelle\" \/>\n<meta property=\"og:url\" content=\"https:\/\/paragaleriedetalborjt.com\/en\/boutique\/lansinoh-creme-mamelons-lanoline-40-ml\/\" \/>\n<meta property=\"og:site_name\" content=\"paragaleriedetalborjt\" \/>\n<meta property=\"article:modified_time\" content=\"2026-01-03T19:18:14+00:00\" \/>\n<meta property=\"og:image\" content=\"https:\/\/paragaleriedetalborjt.com\/wp-content\/uploads\/2026\/01\/lansinoh-hpa-lanolin-creme-mamelon-40ml-1-600x600-1.jpg\" \/>\n\t<meta property=\"og:image:width\" content=\"600\" \/>\n\t<meta property=\"og:image:height\" content=\"600\" \/>\n\t<meta property=\"og:image:type\" content=\"image\/jpeg\" \/>\n<meta name=\"twitter:card\" content=\"summary_large_image\" \/>\n<meta name=\"twitter:label1\" content=\"Est. reading time\" \/>\n\t<meta name=\"twitter:data1\" content=\"1 minute\" \/>\n<script type=\"application\/ld+json\" class=\"yoast-schema-graph\">{\"@context\":\"https:\\\/\\\/schema.org\",\"@graph\":[{\"@type\":\"WebPage\",\"@id\":\"https:\\\/\\\/paragaleriedetalborjt.com\\\/boutique\\\/lansinoh-creme-mamelons-lanoline-40-ml\\\/\",\"url\":\"https:\\\/\\\/paragaleriedetalborjt.com\\\/boutique\\\/lansinoh-creme-mamelons-lanoline-40-ml\\\/\",\"name\":\"Lansinoh Cr\u00e8me Mamelons Lanoline \u2013 40 ml - paragaleriedetalborjt\",\"isPartOf\":{\"@id\":\"https:\\\/\\\/paragaleriedetalborjt.com\\\/#website\"},\"primaryImageOfPage\":{\"@id\":\"https:\\\/\\\/paragaleriedetalborjt.com\\\/boutique\\\/lansinoh-creme-mamelons-lanoline-40-ml\\\/#primaryimage\"},\"image\":{\"@id\":\"https:\\\/\\\/paragaleriedetalborjt.com\\\/boutique\\\/lansinoh-creme-mamelons-lanoline-40-ml\\\/#primaryimage\"},\"thumbnailUrl\":\"https:\\\/\\\/paragaleriedetalborjt.com\\\/wp-content\\\/uploads\\\/2026\\\/01\\\/lansinoh-hpa-lanolin-creme-mamelon-40ml-1-600x600-1.jpg\",\"datePublished\":\"2026-01-03T18:47:22+00:00\",\"dateModified\":\"2026-01-03T19:18:14+00:00\",\"breadcrumb\":{\"@id\":\"https:\\\/\\\/paragaleriedetalborjt.com\\\/boutique\\\/lansinoh-creme-mamelons-lanoline-40-ml\\\/#breadcrumb\"},\"inLanguage\":\"en-US\",\"potentialAction\":[{\"@type\":\"ReadAction\",\"target\":[\"https:\\\/\\\/paragaleriedetalborjt.com\\\/boutique\\\/lansinoh-creme-mamelons-lanoline-40-ml\\\/\"]}]},{\"@type\":\"ImageObject\",\"inLanguage\":\"en-US\",\"@id\":\"https:\\\/\\\/paragaleriedetalborjt.com\\\/boutique\\\/lansinoh-creme-mamelons-lanoline-40-ml\\\/#primaryimage\",\"url\":\"https:\\\/\\\/paragaleriedetalborjt.com\\\/wp-content\\\/uploads\\\/2026\\\/01\\\/lansinoh-hpa-lanolin-creme-mamelon-40ml-1-600x600-1.jpg\",\"contentUrl\":\"https:\\\/\\\/paragaleriedetalborjt.com\\\/wp-content\\\/uploads\\\/2026\\\/01\\\/lansinoh-hpa-lanolin-creme-mamelon-40ml-1-600x600-1.jpg\",\"width\":600,\"height\":600},{\"@type\":\"BreadcrumbList\",\"@id\":\"https:\\\/\\\/paragaleriedetalborjt.com\\\/boutique\\\/lansinoh-creme-mamelons-lanoline-40-ml\\\/#breadcrumb\",\"itemListElement\":[{\"@type\":\"ListItem\",\"position\":1,\"name\":\"Accueil\",\"item\":\"https:\\\/\\\/paragaleriedetalborjt.com\\\/\"},{\"@type\":\"ListItem\",\"position\":2,\"name\":\"Boutique\",\"item\":\"https:\\\/\\\/paragaleriedetalborjt.com\\\/boutique\\\/\"},{\"@type\":\"ListItem\",\"position\":3,\"name\":\"Lansinoh Cr\u00e8me Mamelons Lanoline \u2013 40 ml\"}]},{\"@type\":\"WebSite\",\"@id\":\"https:\\\/\\\/paragaleriedetalborjt.com\\\/#website\",\"url\":\"https:\\\/\\\/paragaleriedetalborjt.com\\\/\",\"name\":\"paragaleriedetalborjt\",\"description\":\"\",\"potentialAction\":[{\"@type\":\"SearchAction\",\"target\":{\"@type\":\"EntryPoint\",\"urlTemplate\":\"https:\\\/\\\/paragaleriedetalborjt.com\\\/?s={search_term_string}\"},\"query-input\":{\"@type\":\"PropertyValueSpecification\",\"valueRequired\":true,\"valueName\":\"search_term_string\"}}],\"inLanguage\":\"en-US\"}]}<\/script>\n<!-- \/ Yoast SEO plugin. -->","yoast_head_json":{"title":"Lansinoh Cr\u00e8me Mamelons Lanoline \u2013 40 ml - paragaleriedetalborjt","robots":{"index":"index","follow":"follow","max-snippet":"max-snippet:-1","max-image-preview":"max-image-preview:large","max-video-preview":"max-video-preview:-1"},"canonical":"https:\/\/paragaleriedetalborjt.com\/en\/boutique\/lansinoh-creme-mamelons-lanoline-40-ml\/","og_locale":"en_US","og_type":"article","og_title":"Lansinoh Cr\u00e8me Mamelons Lanoline \u2013 40 ml - paragaleriedetalborjt","og_description":"Highlights:La cr\u00e8me Lanoline HPA\u00ae pour les mamelons sensibles ou irrit\u00e9s aide \u00e0 apaiser et prot\u00e9ger ; Lanoline 100% naturelle","og_url":"https:\/\/paragaleriedetalborjt.com\/en\/boutique\/lansinoh-creme-mamelons-lanoline-40-ml\/","og_site_name":"paragaleriedetalborjt","article_modified_time":"2026-01-03T19:18:14+00:00","og_image":[{"width":600,"height":600,"url":"https:\/\/paragaleriedetalborjt.com\/wp-content\/uploads\/2026\/01\/lansinoh-hpa-lanolin-creme-mamelon-40ml-1-600x600-1.jpg","type":"image\/jpeg"}],"twitter_card":"summary_large_image","twitter_misc":{"Est. reading time":"1 minute"},"schema":{"@context":"https:\/\/schema.org","@graph":[{"@type":"WebPage","@id":"https:\/\/paragaleriedetalborjt.com\/boutique\/lansinoh-creme-mamelons-lanoline-40-ml\/","url":"https:\/\/paragaleriedetalborjt.com\/boutique\/lansinoh-creme-mamelons-lanoline-40-ml\/","name":"Lansinoh Cr\u00e8me Mamelons Lanoline \u2013 40 ml - paragaleriedetalborjt","isPartOf":{"@id":"https:\/\/paragaleriedetalborjt.com\/#website"},"primaryImageOfPage":{"@id":"https:\/\/paragaleriedetalborjt.com\/boutique\/lansinoh-creme-mamelons-lanoline-40-ml\/#primaryimage"},"image":{"@id":"https:\/\/paragaleriedetalborjt.com\/boutique\/lansinoh-creme-mamelons-lanoline-40-ml\/#primaryimage"},"thumbnailUrl":"https:\/\/paragaleriedetalborjt.com\/wp-content\/uploads\/2026\/01\/lansinoh-hpa-lanolin-creme-mamelon-40ml-1-600x600-1.jpg","datePublished":"2026-01-03T18:47:22+00:00","dateModified":"2026-01-03T19:18:14+00:00","breadcrumb":{"@id":"https:\/\/paragaleriedetalborjt.com\/boutique\/lansinoh-creme-mamelons-lanoline-40-ml\/#breadcrumb"},"inLanguage":"en-US","potentialAction":[{"@type":"ReadAction","target":["https:\/\/paragaleriedetalborjt.com\/boutique\/lansinoh-creme-mamelons-lanoline-40-ml\/"]}]},{"@type":"ImageObject","inLanguage":"en-US","@id":"https:\/\/paragaleriedetalborjt.com\/boutique\/lansinoh-creme-mamelons-lanoline-40-ml\/#primaryimage","url":"https:\/\/paragaleriedetalborjt.com\/wp-content\/uploads\/2026\/01\/lansinoh-hpa-lanolin-creme-mamelon-40ml-1-600x600-1.jpg","contentUrl":"https:\/\/paragaleriedetalborjt.com\/wp-content\/uploads\/2026\/01\/lansinoh-hpa-lanolin-creme-mamelon-40ml-1-600x600-1.jpg","width":600,"height":600},{"@type":"BreadcrumbList","@id":"https:\/\/paragaleriedetalborjt.com\/boutique\/lansinoh-creme-mamelons-lanoline-40-ml\/#breadcrumb","itemListElement":[{"@type":"ListItem","position":1,"name":"Accueil","item":"https:\/\/paragaleriedetalborjt.com\/"},{"@type":"ListItem","position":2,"name":"Boutique","item":"https:\/\/paragaleriedetalborjt.com\/boutique\/"},{"@type":"ListItem","position":3,"name":"Lansinoh Cr\u00e8me Mamelons Lanoline \u2013 40 ml"}]},{"@type":"WebSite","@id":"https:\/\/paragaleriedetalborjt.com\/#website","url":"https:\/\/paragaleriedetalborjt.com\/","name":"paragaleriedetalborjt","description":"","potentialAction":[{"@type":"SearchAction","target":{"@type":"EntryPoint","urlTemplate":"https:\/\/paragaleriedetalborjt.com\/?s={search_term_string}"},"query-input":{"@type":"PropertyValueSpecification","valueRequired":true,"valueName":"search_term_string"}}],"inLanguage":"en-US"}]}},"brands":[{"id":1867,"name":"LANSINOH","slug":"lansinoh"}],"_links":{"self":[{"href":"https:\/\/paragaleriedetalborjt.com\/en\/wp-json\/wp\/v2\/product\/40620","targetHints":{"allow":["GET"]}}],"collection":[{"href":"https:\/\/paragaleriedetalborjt.com\/en\/wp-json\/wp\/v2\/product"}],"about":[{"href":"https:\/\/paragaleriedetalborjt.com\/en\/wp-json\/wp\/v2\/types\/product"}],"replies":[{"embeddable":true,"href":"https:\/\/paragaleriedetalborjt.com\/en\/wp-json\/wp\/v2\/comments?post=40620"}],"version-history":[{"count":1,"href":"https:\/\/paragaleriedetalborjt.com\/en\/wp-json\/wp\/v2\/product\/40620\/revisions"}],"predecessor-version":[{"id":40622,"href":"https:\/\/paragaleriedetalborjt.com\/en\/wp-json\/wp\/v2\/product\/40620\/revisions\/40622"}],"wp:featuredmedia":[{"embeddable":true,"href":"https:\/\/paragaleriedetalborjt.com\/en\/wp-json\/wp\/v2\/media\/40621"}],"wp:attachment":[{"href":"https:\/\/paragaleriedetalborjt.com\/en\/wp-json\/wp\/v2\/media?parent=40620"}],"wp:term":[{"taxonomy":"pwb-brand","embeddable":true,"href":"https:\/\/paragaleriedetalborjt.com\/en\/wp-json\/wp\/v2\/pwb-brand?post=40620"},{"taxonomy":"product_cat","embeddable":true,"href":"https:\/\/paragaleriedetalborjt.com\/en\/wp-json\/wp\/v2\/product_cat?post=40620"},{"taxonomy":"product_tag","embeddable":true,"href":"https:\/\/paragaleriedetalborjt.com\/en\/wp-json\/wp\/v2\/product_tag?post=40620"}],"curies":[{"name":"wp","href":"https:\/\/api.w.org\/{rel}","templated":true}]}}