{"id":40614,"date":"2026-01-03T19:47:06","date_gmt":"2026-01-03T18:47:06","guid":{"rendered":"https:\/\/paragaleriedetalborjt.com\/?post_type=product&#038;p=40614"},"modified":"2026-01-03T20:18:13","modified_gmt":"2026-01-03T19:18:13","slug":"klorane-baume-apres-shampoing-nutrition-au-beurre-de-mangue-cheveux-secs-200-ml","status":"publish","type":"product","link":"https:\/\/paragaleriedetalborjt.com\/en\/boutique\/klorane-baume-apres-shampoing-nutrition-au-beurre-de-mangue-cheveux-secs-200-ml\/","title":{"rendered":"Klorane \u2013 Baume Apr\u00e8s-shampoing Nutrition au beurre de Mangue \u2013 Cheveux secs 200 ml"},"content":{"rendered":"<div aria-labelledby=\"tab-title-description\" class=\"woocommerce-Tabs-panel woocommerce-Tabs-panel--description panel entry-content wc-tab\" id=\"tab-description\" role=\"tabpanel\" style=\"\">\n<h2>Description<\/h2>\n<p>Avec ce Baume apr\u00e8s-shampoing d\u00e9m\u00ealant au beurre de Mangue, Klorane offre un soin nourrissant aux cheveux secs gourmands de beaut\u00e9. Sans alourdir la chevelure, le Baume nourrit et d\u00e9m\u00eale efficacement tout en renfor\u00e7ant les longueurs sensibilis\u00e9es. Sa formule nutritive soyeuse au beurre de Mangue nourrit le cheveu et le prot\u00e8ge du dess\u00e8chement. Utilis\u00e9 en compl\u00e9ment du Shampoing au beurre de Mangue, ce soin fondant permet aux cheveux secs et ab\u00eem\u00e9s de retrouver souplesse, douceur et brillance. Parfaitement nourrie et d\u00e9licatement parfum\u00e9e, la chevelure est facile \u00e0 d\u00e9m\u00ealer.<\/p>\n<p><strong>Bienfaits :\u00a0<\/strong><\/p>\n<p>\u2013 D\u00e9m\u00ealant : la chevelure ainsi nourrie, elle se d\u00e9m\u00eale facilement* et tout en douceur, pour pr\u00e9server longueurs et pointes lors du passage du peigne. \u2013 Nourrissant : son actif de beurre de Mangue riche en acide gras r\u00e9hydrate et nourrit la fibre capillaire pour prot\u00e9ger les longueurs ab\u00eem\u00e9es, sans alourdir la chevelure. \u2013 Embellissant : la beaut\u00e9 des cheveux se r\u00e9v\u00e8le, ils sont \u00e0 nouveau brillants et doux** gr\u00e2ce \u00e0 ce soin gourmand.<\/p>\n<p><strong>Conseils d\u2019utilisation :<\/strong><br \/>\n1 . APPLIQUERAppliquer apr\u00e8s le shampoing sur les longueurs et pointes rinc\u00e9es et essor\u00e9es<\/p>\n<p>.2 . LAISSER POSERLaisser agir 2 \u00e0 3 minutes<\/p>\n<p>. 3 . RINCERRincer les cheveux.<\/p>\n<p><strong>ingredients :<\/strong><\/p>\n<p>WATER (AQUA). ETHYLHEXYL PALMITATE. CETYL ALCOHOL. DICAPRYLYL CARBONATE. BEHENTRIMONIUM CHLORIDE. PROPYLENE GLYCOL. CETEARYL ALCOHOL. CETEARYL GLUCOSIDE. FRAGRANCE (PARFUM). GERANIOL. GLYCERYL STEARATE. GUAR HYDROXYPROPYLTRIMONIUM CHLORIDE. ISOPROPYL ALCOHOL. LINALOOL. MANGIFERA INDICA (MANGO) SEED BUTTER (MANGIFERA INDICA SEED BUTTER). PEG-100 STEARATE. PHENOXYETHANOL. SALICYLIC ACID. SODIUM HYDROXIDE. SORBIC ACID. TOCOPHEROL. YELLOW 5 (CI 19140). YELLOW 6 (CI 15985)<\/p>\n<div id=\"gtx-trans\" style=\"position: absolute;left: -78px;top: 586px\">\n<div class=\"gtx-trans-icon\"><\/div>\n<\/div>\n<\/div>","protected":false},"excerpt":{"rendered":"<p>Highlights:Apr\u00e8s-shampooing sp\u00e9cialement formul\u00e9 pour le soin des cheveux secs. Il les nourrit et les d\u00e9m\u00eale sans les alourdir.<\/p>","protected":false},"featured_media":40615,"comment_status":"open","ping_status":"closed","template":"","meta":[],"pwb-brand":[1573],"product_cat":[16],"product_tag":[],"class_list":{"0":"post-40614","1":"product","2":"type-product","3":"status-publish","4":"has-post-thumbnail","6":"pwb-brand-klorane","7":"product_cat-non-classe","8":"pa_brands-klorane","10":"first","11":"instock","12":"sale","13":"shipping-taxable","14":"purchasable","15":"product-type-simple"},"yoast_head":"<!-- This site is optimized with the Yoast SEO plugin v27.5 - https:\/\/yoast.com\/product\/yoast-seo-wordpress\/ -->\n<title>Klorane \u2013 Baume Apr\u00e8s-shampoing Nutrition au beurre de Mangue \u2013 Cheveux secs 200 ml - paragaleriedetalborjt<\/title>\n<meta name=\"robots\" content=\"index, follow, max-snippet:-1, max-image-preview:large, max-video-preview:-1\" \/>\n<link rel=\"canonical\" href=\"https:\/\/paragaleriedetalborjt.com\/en\/boutique\/klorane-baume-apres-shampoing-nutrition-au-beurre-de-mangue-cheveux-secs-200-ml\/\" \/>\n<meta property=\"og:locale\" content=\"en_US\" \/>\n<meta property=\"og:type\" content=\"article\" \/>\n<meta property=\"og:title\" content=\"Klorane \u2013 Baume Apr\u00e8s-shampoing Nutrition au beurre de Mangue \u2013 Cheveux secs 200 ml - paragaleriedetalborjt\" \/>\n<meta property=\"og:description\" content=\"Highlights:Apr\u00e8s-shampooing sp\u00e9cialement formul\u00e9 pour le soin des cheveux secs. Il les nourrit et les d\u00e9m\u00eale sans les alourdir.\" \/>\n<meta property=\"og:url\" content=\"https:\/\/paragaleriedetalborjt.com\/en\/boutique\/klorane-baume-apres-shampoing-nutrition-au-beurre-de-mangue-cheveux-secs-200-ml\/\" \/>\n<meta property=\"og:site_name\" content=\"paragaleriedetalborjt\" \/>\n<meta property=\"article:modified_time\" content=\"2026-01-03T19:18:13+00:00\" \/>\n<meta property=\"og:image\" content=\"https:\/\/paragaleriedetalborjt.com\/wp-content\/uploads\/2026\/01\/3282770075472.jpg\" \/>\n\t<meta property=\"og:image:width\" content=\"595\" \/>\n\t<meta property=\"og:image:height\" content=\"655\" \/>\n\t<meta property=\"og:image:type\" content=\"image\/jpeg\" \/>\n<meta name=\"twitter:card\" content=\"summary_large_image\" \/>\n<meta name=\"twitter:label1\" content=\"Est. reading time\" \/>\n\t<meta name=\"twitter:data1\" content=\"1 minute\" \/>\n<script type=\"application\/ld+json\" class=\"yoast-schema-graph\">{\"@context\":\"https:\\\/\\\/schema.org\",\"@graph\":[{\"@type\":\"WebPage\",\"@id\":\"https:\\\/\\\/paragaleriedetalborjt.com\\\/boutique\\\/klorane-baume-apres-shampoing-nutrition-au-beurre-de-mangue-cheveux-secs-200-ml\\\/\",\"url\":\"https:\\\/\\\/paragaleriedetalborjt.com\\\/boutique\\\/klorane-baume-apres-shampoing-nutrition-au-beurre-de-mangue-cheveux-secs-200-ml\\\/\",\"name\":\"Klorane \u2013 Baume Apr\u00e8s-shampoing Nutrition au beurre de Mangue \u2013 Cheveux secs 200 ml - paragaleriedetalborjt\",\"isPartOf\":{\"@id\":\"https:\\\/\\\/paragaleriedetalborjt.com\\\/#website\"},\"primaryImageOfPage\":{\"@id\":\"https:\\\/\\\/paragaleriedetalborjt.com\\\/boutique\\\/klorane-baume-apres-shampoing-nutrition-au-beurre-de-mangue-cheveux-secs-200-ml\\\/#primaryimage\"},\"image\":{\"@id\":\"https:\\\/\\\/paragaleriedetalborjt.com\\\/boutique\\\/klorane-baume-apres-shampoing-nutrition-au-beurre-de-mangue-cheveux-secs-200-ml\\\/#primaryimage\"},\"thumbnailUrl\":\"https:\\\/\\\/paragaleriedetalborjt.com\\\/wp-content\\\/uploads\\\/2026\\\/01\\\/3282770075472.jpg\",\"datePublished\":\"2026-01-03T18:47:06+00:00\",\"dateModified\":\"2026-01-03T19:18:13+00:00\",\"breadcrumb\":{\"@id\":\"https:\\\/\\\/paragaleriedetalborjt.com\\\/boutique\\\/klorane-baume-apres-shampoing-nutrition-au-beurre-de-mangue-cheveux-secs-200-ml\\\/#breadcrumb\"},\"inLanguage\":\"en-US\",\"potentialAction\":[{\"@type\":\"ReadAction\",\"target\":[\"https:\\\/\\\/paragaleriedetalborjt.com\\\/boutique\\\/klorane-baume-apres-shampoing-nutrition-au-beurre-de-mangue-cheveux-secs-200-ml\\\/\"]}]},{\"@type\":\"ImageObject\",\"inLanguage\":\"en-US\",\"@id\":\"https:\\\/\\\/paragaleriedetalborjt.com\\\/boutique\\\/klorane-baume-apres-shampoing-nutrition-au-beurre-de-mangue-cheveux-secs-200-ml\\\/#primaryimage\",\"url\":\"https:\\\/\\\/paragaleriedetalborjt.com\\\/wp-content\\\/uploads\\\/2026\\\/01\\\/3282770075472.jpg\",\"contentUrl\":\"https:\\\/\\\/paragaleriedetalborjt.com\\\/wp-content\\\/uploads\\\/2026\\\/01\\\/3282770075472.jpg\",\"width\":595,\"height\":655},{\"@type\":\"BreadcrumbList\",\"@id\":\"https:\\\/\\\/paragaleriedetalborjt.com\\\/boutique\\\/klorane-baume-apres-shampoing-nutrition-au-beurre-de-mangue-cheveux-secs-200-ml\\\/#breadcrumb\",\"itemListElement\":[{\"@type\":\"ListItem\",\"position\":1,\"name\":\"Accueil\",\"item\":\"https:\\\/\\\/paragaleriedetalborjt.com\\\/\"},{\"@type\":\"ListItem\",\"position\":2,\"name\":\"Boutique\",\"item\":\"https:\\\/\\\/paragaleriedetalborjt.com\\\/boutique\\\/\"},{\"@type\":\"ListItem\",\"position\":3,\"name\":\"Klorane \u2013 Baume Apr\u00e8s-shampoing Nutrition au beurre de Mangue \u2013 Cheveux secs 200 ml\"}]},{\"@type\":\"WebSite\",\"@id\":\"https:\\\/\\\/paragaleriedetalborjt.com\\\/#website\",\"url\":\"https:\\\/\\\/paragaleriedetalborjt.com\\\/\",\"name\":\"paragaleriedetalborjt\",\"description\":\"\",\"potentialAction\":[{\"@type\":\"SearchAction\",\"target\":{\"@type\":\"EntryPoint\",\"urlTemplate\":\"https:\\\/\\\/paragaleriedetalborjt.com\\\/?s={search_term_string}\"},\"query-input\":{\"@type\":\"PropertyValueSpecification\",\"valueRequired\":true,\"valueName\":\"search_term_string\"}}],\"inLanguage\":\"en-US\"}]}<\/script>\n<!-- \/ Yoast SEO plugin. -->","yoast_head_json":{"title":"Klorane \u2013 Baume Apr\u00e8s-shampoing Nutrition au beurre de Mangue \u2013 Cheveux secs 200 ml - paragaleriedetalborjt","robots":{"index":"index","follow":"follow","max-snippet":"max-snippet:-1","max-image-preview":"max-image-preview:large","max-video-preview":"max-video-preview:-1"},"canonical":"https:\/\/paragaleriedetalborjt.com\/en\/boutique\/klorane-baume-apres-shampoing-nutrition-au-beurre-de-mangue-cheveux-secs-200-ml\/","og_locale":"en_US","og_type":"article","og_title":"Klorane \u2013 Baume Apr\u00e8s-shampoing Nutrition au beurre de Mangue \u2013 Cheveux secs 200 ml - paragaleriedetalborjt","og_description":"Highlights:Apr\u00e8s-shampooing sp\u00e9cialement formul\u00e9 pour le soin des cheveux secs. Il les nourrit et les d\u00e9m\u00eale sans les alourdir.","og_url":"https:\/\/paragaleriedetalborjt.com\/en\/boutique\/klorane-baume-apres-shampoing-nutrition-au-beurre-de-mangue-cheveux-secs-200-ml\/","og_site_name":"paragaleriedetalborjt","article_modified_time":"2026-01-03T19:18:13+00:00","og_image":[{"width":595,"height":655,"url":"https:\/\/paragaleriedetalborjt.com\/wp-content\/uploads\/2026\/01\/3282770075472.jpg","type":"image\/jpeg"}],"twitter_card":"summary_large_image","twitter_misc":{"Est. reading time":"1 minute"},"schema":{"@context":"https:\/\/schema.org","@graph":[{"@type":"WebPage","@id":"https:\/\/paragaleriedetalborjt.com\/boutique\/klorane-baume-apres-shampoing-nutrition-au-beurre-de-mangue-cheveux-secs-200-ml\/","url":"https:\/\/paragaleriedetalborjt.com\/boutique\/klorane-baume-apres-shampoing-nutrition-au-beurre-de-mangue-cheveux-secs-200-ml\/","name":"Klorane \u2013 Baume Apr\u00e8s-shampoing Nutrition au beurre de Mangue \u2013 Cheveux secs 200 ml - paragaleriedetalborjt","isPartOf":{"@id":"https:\/\/paragaleriedetalborjt.com\/#website"},"primaryImageOfPage":{"@id":"https:\/\/paragaleriedetalborjt.com\/boutique\/klorane-baume-apres-shampoing-nutrition-au-beurre-de-mangue-cheveux-secs-200-ml\/#primaryimage"},"image":{"@id":"https:\/\/paragaleriedetalborjt.com\/boutique\/klorane-baume-apres-shampoing-nutrition-au-beurre-de-mangue-cheveux-secs-200-ml\/#primaryimage"},"thumbnailUrl":"https:\/\/paragaleriedetalborjt.com\/wp-content\/uploads\/2026\/01\/3282770075472.jpg","datePublished":"2026-01-03T18:47:06+00:00","dateModified":"2026-01-03T19:18:13+00:00","breadcrumb":{"@id":"https:\/\/paragaleriedetalborjt.com\/boutique\/klorane-baume-apres-shampoing-nutrition-au-beurre-de-mangue-cheveux-secs-200-ml\/#breadcrumb"},"inLanguage":"en-US","potentialAction":[{"@type":"ReadAction","target":["https:\/\/paragaleriedetalborjt.com\/boutique\/klorane-baume-apres-shampoing-nutrition-au-beurre-de-mangue-cheveux-secs-200-ml\/"]}]},{"@type":"ImageObject","inLanguage":"en-US","@id":"https:\/\/paragaleriedetalborjt.com\/boutique\/klorane-baume-apres-shampoing-nutrition-au-beurre-de-mangue-cheveux-secs-200-ml\/#primaryimage","url":"https:\/\/paragaleriedetalborjt.com\/wp-content\/uploads\/2026\/01\/3282770075472.jpg","contentUrl":"https:\/\/paragaleriedetalborjt.com\/wp-content\/uploads\/2026\/01\/3282770075472.jpg","width":595,"height":655},{"@type":"BreadcrumbList","@id":"https:\/\/paragaleriedetalborjt.com\/boutique\/klorane-baume-apres-shampoing-nutrition-au-beurre-de-mangue-cheveux-secs-200-ml\/#breadcrumb","itemListElement":[{"@type":"ListItem","position":1,"name":"Accueil","item":"https:\/\/paragaleriedetalborjt.com\/"},{"@type":"ListItem","position":2,"name":"Boutique","item":"https:\/\/paragaleriedetalborjt.com\/boutique\/"},{"@type":"ListItem","position":3,"name":"Klorane \u2013 Baume Apr\u00e8s-shampoing Nutrition au beurre de Mangue \u2013 Cheveux secs 200 ml"}]},{"@type":"WebSite","@id":"https:\/\/paragaleriedetalborjt.com\/#website","url":"https:\/\/paragaleriedetalborjt.com\/","name":"paragaleriedetalborjt","description":"","potentialAction":[{"@type":"SearchAction","target":{"@type":"EntryPoint","urlTemplate":"https:\/\/paragaleriedetalborjt.com\/?s={search_term_string}"},"query-input":{"@type":"PropertyValueSpecification","valueRequired":true,"valueName":"search_term_string"}}],"inLanguage":"en-US"}]}},"brands":[{"id":1573,"name":"KLORANE","slug":"klorane"}],"_links":{"self":[{"href":"https:\/\/paragaleriedetalborjt.com\/en\/wp-json\/wp\/v2\/product\/40614","targetHints":{"allow":["GET"]}}],"collection":[{"href":"https:\/\/paragaleriedetalborjt.com\/en\/wp-json\/wp\/v2\/product"}],"about":[{"href":"https:\/\/paragaleriedetalborjt.com\/en\/wp-json\/wp\/v2\/types\/product"}],"replies":[{"embeddable":true,"href":"https:\/\/paragaleriedetalborjt.com\/en\/wp-json\/wp\/v2\/comments?post=40614"}],"version-history":[{"count":1,"href":"https:\/\/paragaleriedetalborjt.com\/en\/wp-json\/wp\/v2\/product\/40614\/revisions"}],"predecessor-version":[{"id":40616,"href":"https:\/\/paragaleriedetalborjt.com\/en\/wp-json\/wp\/v2\/product\/40614\/revisions\/40616"}],"wp:featuredmedia":[{"embeddable":true,"href":"https:\/\/paragaleriedetalborjt.com\/en\/wp-json\/wp\/v2\/media\/40615"}],"wp:attachment":[{"href":"https:\/\/paragaleriedetalborjt.com\/en\/wp-json\/wp\/v2\/media?parent=40614"}],"wp:term":[{"taxonomy":"pwb-brand","embeddable":true,"href":"https:\/\/paragaleriedetalborjt.com\/en\/wp-json\/wp\/v2\/pwb-brand?post=40614"},{"taxonomy":"product_cat","embeddable":true,"href":"https:\/\/paragaleriedetalborjt.com\/en\/wp-json\/wp\/v2\/product_cat?post=40614"},{"taxonomy":"product_tag","embeddable":true,"href":"https:\/\/paragaleriedetalborjt.com\/en\/wp-json\/wp\/v2\/product_tag?post=40614"}],"curies":[{"name":"wp","href":"https:\/\/api.w.org\/{rel}","templated":true}]}}