{"id":40505,"date":"2026-01-03T19:42:32","date_gmt":"2026-01-03T18:42:32","guid":{"rendered":"https:\/\/paragaleriedetalborjt.com\/?post_type=product&#038;p=40505"},"modified":"2026-01-03T20:18:01","modified_gmt":"2026-01-03T19:18:01","slug":"lansinoh-hpa-lanolin-creme-mamelons-10ml","status":"publish","type":"product","link":"https:\/\/paragaleriedetalborjt.com\/en\/boutique\/lansinoh-hpa-lanolin-creme-mamelons-10ml\/","title":{"rendered":"Lansinoh Hpa Lanolin Creme Mamelons 10ml"},"content":{"rendered":"<div aria-labelledby=\"tab-title-description\" class=\"woocommerce-Tabs-panel woocommerce-Tabs-panel--description panel entry-content wc-tab\" id=\"tab-description\" role=\"tabpanel\" style=\"\">\n<h2>Description<\/h2>\n<p>\u00a0<\/p>\n<p>\u00a0<\/p>\n<p>L\u2019application de la cr\u00e8me lanoline HPA\u00ae Lansinoh permet une cicatrisation optimale, car elle cr\u00e9e un film protecteur contre l\u2019humidit\u00e9, de sorte que la peau est r\u00e9hydrat\u00e9e \u00e0 l\u2019int\u00e9rieur et acc\u00e9l\u00e8re ainsi la cicatrisation sans formation de cro\u00fbte. Un autre avantage de la gu\u00e9rison de la plaie humide est un soulagement imm\u00e9diat de la douleur.<\/p>\n<p>\u00a0<\/p>\n<p>La cr\u00e8me lanoline HPA\u00ae Lansinoh contient 100% de lanoline et rien d\u2019autre : pas d\u2019antioxydants, de produits chimiques, sans conservateurs ou autres additifs. 100% naturelle et totalement hypoallerg\u00e9nique, la cr\u00e8me n\u2019a pas besoin d\u2019\u00eatre retir\u00e9e avant d\u2019allaiter. Elle n\u2019a pas de go\u00fbt, de couleur ou de parfum, un atout important qui contribue \u00e0 la r\u00e9ussite de l\u2019allaitement maternel prolong\u00e9.<\/p>\n<p>\u00a0<\/p>\n<p>La cr\u00e8me lanoline HPA\u00ae Lansinoh est le seul produit de lanoline et la seule cr\u00e8me de protection pour mamelons \u00e0 avoir re\u00e7u le label British Allergy Foundation of Approval.<\/p>\n<p>\u00a0<\/p>\n<p>La cr\u00e8me lanoline HPA\u00ae Lansinoh peut \u00eatre utilis\u00e9e pour les autres affections de la peau comme des d\u00e9mangeaisons, l\u2019\u00e9ryth\u00e8me fessier, cro\u00fbtes, des coupures mineures, des br\u00fblures, des \u00e9corchures, des dartres ou encore comme un baume \u00e0 l\u00e8vres tr\u00e8s hydratant. Fabriqu\u00e9e en Nouvelle Z\u00e9lande. Halal.<\/p>\n<div id=\"gtx-trans\">\n<div class=\"gtx-trans-icon\"><\/div>\n<\/div>\n<\/div>","protected":false},"excerpt":{"rendered":"<p>Highlights:La cr\u00e8me lanoline HPA\u00ae Lansinoh permet d\u2019apaiser et de prot\u00e9ger les mamelons douloureux et fissur\u00e9s. Elle offre un soulagement indispensable pour les m\u00e8res qui allaitent.<\/p>","protected":false},"featured_media":40506,"comment_status":"open","ping_status":"closed","template":"","meta":[],"pwb-brand":[1867],"product_cat":[16],"product_tag":[],"class_list":{"0":"post-40505","1":"product","2":"type-product","3":"status-publish","4":"has-post-thumbnail","6":"pwb-brand-lansinoh","7":"product_cat-non-classe","8":"pa_brands-lansinoh","10":"first","11":"instock","12":"sale","13":"shipping-taxable","14":"purchasable","15":"product-type-simple"},"yoast_head":"<!-- This site is optimized with the Yoast SEO plugin v27.5 - https:\/\/yoast.com\/product\/yoast-seo-wordpress\/ -->\n<title>Lansinoh Hpa Lanolin Creme Mamelons 10ml - paragaleriedetalborjt<\/title>\n<meta name=\"robots\" content=\"index, follow, max-snippet:-1, max-image-preview:large, max-video-preview:-1\" \/>\n<link rel=\"canonical\" href=\"https:\/\/paragaleriedetalborjt.com\/en\/boutique\/lansinoh-hpa-lanolin-creme-mamelons-10ml\/\" \/>\n<meta property=\"og:locale\" content=\"en_US\" \/>\n<meta property=\"og:type\" content=\"article\" \/>\n<meta property=\"og:title\" content=\"Lansinoh Hpa Lanolin Creme Mamelons 10ml - paragaleriedetalborjt\" \/>\n<meta property=\"og:description\" content=\"Highlights:La cr\u00e8me lanoline HPA\u00ae Lansinoh permet d\u2019apaiser et de prot\u00e9ger les mamelons douloureux et fissur\u00e9s. Elle offre un soulagement indispensable pour les m\u00e8res qui allaitent.\" \/>\n<meta property=\"og:url\" content=\"https:\/\/paragaleriedetalborjt.com\/en\/boutique\/lansinoh-hpa-lanolin-creme-mamelons-10ml\/\" \/>\n<meta property=\"og:site_name\" content=\"paragaleriedetalborjt\" \/>\n<meta property=\"article:modified_time\" content=\"2026-01-03T19:18:01+00:00\" \/>\n<meta property=\"og:image\" content=\"https:\/\/paragaleriedetalborjt.com\/wp-content\/uploads\/2026\/01\/lansinoh-hpa-creme-pour-les-mamelons-10ml.jpg\" \/>\n\t<meta property=\"og:image:width\" content=\"595\" \/>\n\t<meta property=\"og:image:height\" content=\"655\" \/>\n\t<meta property=\"og:image:type\" content=\"image\/jpeg\" \/>\n<meta name=\"twitter:card\" content=\"summary_large_image\" \/>\n<meta name=\"twitter:label1\" content=\"Est. reading time\" \/>\n\t<meta name=\"twitter:data1\" content=\"1 minute\" \/>\n<script type=\"application\/ld+json\" class=\"yoast-schema-graph\">{\"@context\":\"https:\\\/\\\/schema.org\",\"@graph\":[{\"@type\":\"WebPage\",\"@id\":\"https:\\\/\\\/paragaleriedetalborjt.com\\\/boutique\\\/lansinoh-hpa-lanolin-creme-mamelons-10ml\\\/\",\"url\":\"https:\\\/\\\/paragaleriedetalborjt.com\\\/boutique\\\/lansinoh-hpa-lanolin-creme-mamelons-10ml\\\/\",\"name\":\"Lansinoh Hpa Lanolin Creme Mamelons 10ml - paragaleriedetalborjt\",\"isPartOf\":{\"@id\":\"https:\\\/\\\/paragaleriedetalborjt.com\\\/#website\"},\"primaryImageOfPage\":{\"@id\":\"https:\\\/\\\/paragaleriedetalborjt.com\\\/boutique\\\/lansinoh-hpa-lanolin-creme-mamelons-10ml\\\/#primaryimage\"},\"image\":{\"@id\":\"https:\\\/\\\/paragaleriedetalborjt.com\\\/boutique\\\/lansinoh-hpa-lanolin-creme-mamelons-10ml\\\/#primaryimage\"},\"thumbnailUrl\":\"https:\\\/\\\/paragaleriedetalborjt.com\\\/wp-content\\\/uploads\\\/2026\\\/01\\\/lansinoh-hpa-creme-pour-les-mamelons-10ml.jpg\",\"datePublished\":\"2026-01-03T18:42:32+00:00\",\"dateModified\":\"2026-01-03T19:18:01+00:00\",\"breadcrumb\":{\"@id\":\"https:\\\/\\\/paragaleriedetalborjt.com\\\/boutique\\\/lansinoh-hpa-lanolin-creme-mamelons-10ml\\\/#breadcrumb\"},\"inLanguage\":\"en-US\",\"potentialAction\":[{\"@type\":\"ReadAction\",\"target\":[\"https:\\\/\\\/paragaleriedetalborjt.com\\\/boutique\\\/lansinoh-hpa-lanolin-creme-mamelons-10ml\\\/\"]}]},{\"@type\":\"ImageObject\",\"inLanguage\":\"en-US\",\"@id\":\"https:\\\/\\\/paragaleriedetalborjt.com\\\/boutique\\\/lansinoh-hpa-lanolin-creme-mamelons-10ml\\\/#primaryimage\",\"url\":\"https:\\\/\\\/paragaleriedetalborjt.com\\\/wp-content\\\/uploads\\\/2026\\\/01\\\/lansinoh-hpa-creme-pour-les-mamelons-10ml.jpg\",\"contentUrl\":\"https:\\\/\\\/paragaleriedetalborjt.com\\\/wp-content\\\/uploads\\\/2026\\\/01\\\/lansinoh-hpa-creme-pour-les-mamelons-10ml.jpg\",\"width\":595,\"height\":655},{\"@type\":\"BreadcrumbList\",\"@id\":\"https:\\\/\\\/paragaleriedetalborjt.com\\\/boutique\\\/lansinoh-hpa-lanolin-creme-mamelons-10ml\\\/#breadcrumb\",\"itemListElement\":[{\"@type\":\"ListItem\",\"position\":1,\"name\":\"Accueil\",\"item\":\"https:\\\/\\\/paragaleriedetalborjt.com\\\/\"},{\"@type\":\"ListItem\",\"position\":2,\"name\":\"Boutique\",\"item\":\"https:\\\/\\\/paragaleriedetalborjt.com\\\/boutique\\\/\"},{\"@type\":\"ListItem\",\"position\":3,\"name\":\"Lansinoh Hpa Lanolin Creme Mamelons 10ml\"}]},{\"@type\":\"WebSite\",\"@id\":\"https:\\\/\\\/paragaleriedetalborjt.com\\\/#website\",\"url\":\"https:\\\/\\\/paragaleriedetalborjt.com\\\/\",\"name\":\"paragaleriedetalborjt\",\"description\":\"\",\"potentialAction\":[{\"@type\":\"SearchAction\",\"target\":{\"@type\":\"EntryPoint\",\"urlTemplate\":\"https:\\\/\\\/paragaleriedetalborjt.com\\\/?s={search_term_string}\"},\"query-input\":{\"@type\":\"PropertyValueSpecification\",\"valueRequired\":true,\"valueName\":\"search_term_string\"}}],\"inLanguage\":\"en-US\"}]}<\/script>\n<!-- \/ Yoast SEO plugin. -->","yoast_head_json":{"title":"Lansinoh Hpa Lanolin Creme Mamelons 10ml - paragaleriedetalborjt","robots":{"index":"index","follow":"follow","max-snippet":"max-snippet:-1","max-image-preview":"max-image-preview:large","max-video-preview":"max-video-preview:-1"},"canonical":"https:\/\/paragaleriedetalborjt.com\/en\/boutique\/lansinoh-hpa-lanolin-creme-mamelons-10ml\/","og_locale":"en_US","og_type":"article","og_title":"Lansinoh Hpa Lanolin Creme Mamelons 10ml - paragaleriedetalborjt","og_description":"Highlights:La cr\u00e8me lanoline HPA\u00ae Lansinoh permet d\u2019apaiser et de prot\u00e9ger les mamelons douloureux et fissur\u00e9s. Elle offre un soulagement indispensable pour les m\u00e8res qui allaitent.","og_url":"https:\/\/paragaleriedetalborjt.com\/en\/boutique\/lansinoh-hpa-lanolin-creme-mamelons-10ml\/","og_site_name":"paragaleriedetalborjt","article_modified_time":"2026-01-03T19:18:01+00:00","og_image":[{"width":595,"height":655,"url":"https:\/\/paragaleriedetalborjt.com\/wp-content\/uploads\/2026\/01\/lansinoh-hpa-creme-pour-les-mamelons-10ml.jpg","type":"image\/jpeg"}],"twitter_card":"summary_large_image","twitter_misc":{"Est. reading time":"1 minute"},"schema":{"@context":"https:\/\/schema.org","@graph":[{"@type":"WebPage","@id":"https:\/\/paragaleriedetalborjt.com\/boutique\/lansinoh-hpa-lanolin-creme-mamelons-10ml\/","url":"https:\/\/paragaleriedetalborjt.com\/boutique\/lansinoh-hpa-lanolin-creme-mamelons-10ml\/","name":"Lansinoh Hpa Lanolin Creme Mamelons 10ml - paragaleriedetalborjt","isPartOf":{"@id":"https:\/\/paragaleriedetalborjt.com\/#website"},"primaryImageOfPage":{"@id":"https:\/\/paragaleriedetalborjt.com\/boutique\/lansinoh-hpa-lanolin-creme-mamelons-10ml\/#primaryimage"},"image":{"@id":"https:\/\/paragaleriedetalborjt.com\/boutique\/lansinoh-hpa-lanolin-creme-mamelons-10ml\/#primaryimage"},"thumbnailUrl":"https:\/\/paragaleriedetalborjt.com\/wp-content\/uploads\/2026\/01\/lansinoh-hpa-creme-pour-les-mamelons-10ml.jpg","datePublished":"2026-01-03T18:42:32+00:00","dateModified":"2026-01-03T19:18:01+00:00","breadcrumb":{"@id":"https:\/\/paragaleriedetalborjt.com\/boutique\/lansinoh-hpa-lanolin-creme-mamelons-10ml\/#breadcrumb"},"inLanguage":"en-US","potentialAction":[{"@type":"ReadAction","target":["https:\/\/paragaleriedetalborjt.com\/boutique\/lansinoh-hpa-lanolin-creme-mamelons-10ml\/"]}]},{"@type":"ImageObject","inLanguage":"en-US","@id":"https:\/\/paragaleriedetalborjt.com\/boutique\/lansinoh-hpa-lanolin-creme-mamelons-10ml\/#primaryimage","url":"https:\/\/paragaleriedetalborjt.com\/wp-content\/uploads\/2026\/01\/lansinoh-hpa-creme-pour-les-mamelons-10ml.jpg","contentUrl":"https:\/\/paragaleriedetalborjt.com\/wp-content\/uploads\/2026\/01\/lansinoh-hpa-creme-pour-les-mamelons-10ml.jpg","width":595,"height":655},{"@type":"BreadcrumbList","@id":"https:\/\/paragaleriedetalborjt.com\/boutique\/lansinoh-hpa-lanolin-creme-mamelons-10ml\/#breadcrumb","itemListElement":[{"@type":"ListItem","position":1,"name":"Accueil","item":"https:\/\/paragaleriedetalborjt.com\/"},{"@type":"ListItem","position":2,"name":"Boutique","item":"https:\/\/paragaleriedetalborjt.com\/boutique\/"},{"@type":"ListItem","position":3,"name":"Lansinoh Hpa Lanolin Creme Mamelons 10ml"}]},{"@type":"WebSite","@id":"https:\/\/paragaleriedetalborjt.com\/#website","url":"https:\/\/paragaleriedetalborjt.com\/","name":"paragaleriedetalborjt","description":"","potentialAction":[{"@type":"SearchAction","target":{"@type":"EntryPoint","urlTemplate":"https:\/\/paragaleriedetalborjt.com\/?s={search_term_string}"},"query-input":{"@type":"PropertyValueSpecification","valueRequired":true,"valueName":"search_term_string"}}],"inLanguage":"en-US"}]}},"brands":[{"id":1867,"name":"LANSINOH","slug":"lansinoh"}],"_links":{"self":[{"href":"https:\/\/paragaleriedetalborjt.com\/en\/wp-json\/wp\/v2\/product\/40505","targetHints":{"allow":["GET"]}}],"collection":[{"href":"https:\/\/paragaleriedetalborjt.com\/en\/wp-json\/wp\/v2\/product"}],"about":[{"href":"https:\/\/paragaleriedetalborjt.com\/en\/wp-json\/wp\/v2\/types\/product"}],"replies":[{"embeddable":true,"href":"https:\/\/paragaleriedetalborjt.com\/en\/wp-json\/wp\/v2\/comments?post=40505"}],"version-history":[{"count":1,"href":"https:\/\/paragaleriedetalborjt.com\/en\/wp-json\/wp\/v2\/product\/40505\/revisions"}],"predecessor-version":[{"id":40507,"href":"https:\/\/paragaleriedetalborjt.com\/en\/wp-json\/wp\/v2\/product\/40505\/revisions\/40507"}],"wp:featuredmedia":[{"embeddable":true,"href":"https:\/\/paragaleriedetalborjt.com\/en\/wp-json\/wp\/v2\/media\/40506"}],"wp:attachment":[{"href":"https:\/\/paragaleriedetalborjt.com\/en\/wp-json\/wp\/v2\/media?parent=40505"}],"wp:term":[{"taxonomy":"pwb-brand","embeddable":true,"href":"https:\/\/paragaleriedetalborjt.com\/en\/wp-json\/wp\/v2\/pwb-brand?post=40505"},{"taxonomy":"product_cat","embeddable":true,"href":"https:\/\/paragaleriedetalborjt.com\/en\/wp-json\/wp\/v2\/product_cat?post=40505"},{"taxonomy":"product_tag","embeddable":true,"href":"https:\/\/paragaleriedetalborjt.com\/en\/wp-json\/wp\/v2\/product_tag?post=40505"}],"curies":[{"name":"wp","href":"https:\/\/api.w.org\/{rel}","templated":true}]}}