{"id":40466,"date":"2026-01-03T19:40:55","date_gmt":"2026-01-03T18:40:55","guid":{"rendered":"https:\/\/paragaleriedetalborjt.com\/?post_type=product&#038;p=40466"},"modified":"2026-01-03T20:17:57","modified_gmt":"2026-01-03T19:17:57","slug":"ziaja-med-anti-acne-creme-50ml-toner-200ml-offert","status":"publish","type":"product","link":"https:\/\/paragaleriedetalborjt.com\/en\/boutique\/ziaja-med-anti-acne-creme-50ml-toner-200ml-offert\/","title":{"rendered":"Ziaja Med Anti-acne Creme 50ml + Toner 200ml OFFERT"},"content":{"rendered":"<div aria-labelledby=\"tab-title-description\" class=\"woocommerce-Tabs-panel woocommerce-Tabs-panel--description panel entry-content wc-tab\" id=\"tab-description\" role=\"tabpanel\" style=\"\">\n<h2>Description<\/h2>\n<p><strong>ZIAJA Med Anti-acne Creme 50ml<\/strong><\/p>\n<p>D\u00e9barrassez-vous enfin des imperfections. Le soin cibl\u00e9 anti-acn\u00e9 visage et corps Ziaja Med Antibacterial Care apporte une solution aux peaux \u00e0 probl\u00e8mes. L\u2019\u00e9mulsion active aide \u00e0 r\u00e9duire les sympt\u00f4mes de l\u2019acn\u00e9. Elle favorise une r\u00e9g\u00e9n\u00e9ration rapide et am\u00e9liore l\u2019apparence g\u00e9n\u00e9rale de la peau.<\/p>\n<p><strong>ZIAJA Lotion faciale astringente pour les peaux grasses et mixtes<\/strong><\/p>\n<p>Nettoie, d\u00e9maquille et apporte une l\u00e9g\u00e8re activit\u00e9 exfoliante.<\/p>\n<p>Il agit \u00e9galement en pr\u00e9parant la peau aux traitements cosm\u00e9tiques ult\u00e9rieurs.<\/p>\n<\/div>","protected":false},"excerpt":{"rendered":"<p>Highlights:Pour peau mixtes \u00e0 grasses<\/p>","protected":false},"featured_media":40467,"comment_status":"open","ping_status":"closed","template":"","meta":[],"pwb-brand":[1637],"product_cat":[16],"product_tag":[],"class_list":{"0":"post-40466","1":"product","2":"type-product","3":"status-publish","4":"has-post-thumbnail","6":"pwb-brand-ziaja","7":"product_cat-non-classe","8":"pa_brands-ziaja","10":"first","11":"instock","12":"sale","13":"shipping-taxable","14":"purchasable","15":"product-type-simple"},"yoast_head":"<!-- This site is optimized with the Yoast SEO plugin v27.5 - https:\/\/yoast.com\/product\/yoast-seo-wordpress\/ -->\n<title>Ziaja Med Anti-acne Creme 50ml + Toner 200ml OFFERT - paragaleriedetalborjt<\/title>\n<meta name=\"robots\" content=\"index, follow, max-snippet:-1, max-image-preview:large, max-video-preview:-1\" \/>\n<link rel=\"canonical\" href=\"https:\/\/paragaleriedetalborjt.com\/en\/boutique\/ziaja-med-anti-acne-creme-50ml-toner-200ml-offert\/\" \/>\n<meta property=\"og:locale\" content=\"en_US\" \/>\n<meta property=\"og:type\" content=\"article\" \/>\n<meta property=\"og:title\" content=\"Ziaja Med Anti-acne Creme 50ml + Toner 200ml OFFERT - paragaleriedetalborjt\" \/>\n<meta property=\"og:description\" content=\"Highlights:Pour peau mixtes \u00e0 grasses\" \/>\n<meta property=\"og:url\" content=\"https:\/\/paragaleriedetalborjt.com\/en\/boutique\/ziaja-med-anti-acne-creme-50ml-toner-200ml-offert\/\" \/>\n<meta property=\"og:site_name\" content=\"paragaleriedetalborjt\" \/>\n<meta property=\"article:modified_time\" content=\"2026-01-03T19:17:57+00:00\" \/>\n<meta property=\"og:image\" content=\"https:\/\/paragaleriedetalborjt.com\/wp-content\/uploads\/2026\/01\/ziaja-med-anti-acne-creme-toner-pack.jpg\" \/>\n\t<meta property=\"og:image:width\" content=\"595\" \/>\n\t<meta property=\"og:image:height\" content=\"655\" \/>\n\t<meta property=\"og:image:type\" content=\"image\/jpeg\" \/>\n<meta name=\"twitter:card\" content=\"summary_large_image\" \/>\n<script type=\"application\/ld+json\" class=\"yoast-schema-graph\">{\"@context\":\"https:\\\/\\\/schema.org\",\"@graph\":[{\"@type\":\"WebPage\",\"@id\":\"https:\\\/\\\/paragaleriedetalborjt.com\\\/boutique\\\/ziaja-med-anti-acne-creme-50ml-toner-200ml-offert\\\/\",\"url\":\"https:\\\/\\\/paragaleriedetalborjt.com\\\/boutique\\\/ziaja-med-anti-acne-creme-50ml-toner-200ml-offert\\\/\",\"name\":\"Ziaja Med Anti-acne Creme 50ml + Toner 200ml OFFERT - paragaleriedetalborjt\",\"isPartOf\":{\"@id\":\"https:\\\/\\\/paragaleriedetalborjt.com\\\/#website\"},\"primaryImageOfPage\":{\"@id\":\"https:\\\/\\\/paragaleriedetalborjt.com\\\/boutique\\\/ziaja-med-anti-acne-creme-50ml-toner-200ml-offert\\\/#primaryimage\"},\"image\":{\"@id\":\"https:\\\/\\\/paragaleriedetalborjt.com\\\/boutique\\\/ziaja-med-anti-acne-creme-50ml-toner-200ml-offert\\\/#primaryimage\"},\"thumbnailUrl\":\"https:\\\/\\\/paragaleriedetalborjt.com\\\/wp-content\\\/uploads\\\/2026\\\/01\\\/ziaja-med-anti-acne-creme-toner-pack.jpg\",\"datePublished\":\"2026-01-03T18:40:55+00:00\",\"dateModified\":\"2026-01-03T19:17:57+00:00\",\"breadcrumb\":{\"@id\":\"https:\\\/\\\/paragaleriedetalborjt.com\\\/boutique\\\/ziaja-med-anti-acne-creme-50ml-toner-200ml-offert\\\/#breadcrumb\"},\"inLanguage\":\"en-US\",\"potentialAction\":[{\"@type\":\"ReadAction\",\"target\":[\"https:\\\/\\\/paragaleriedetalborjt.com\\\/boutique\\\/ziaja-med-anti-acne-creme-50ml-toner-200ml-offert\\\/\"]}]},{\"@type\":\"ImageObject\",\"inLanguage\":\"en-US\",\"@id\":\"https:\\\/\\\/paragaleriedetalborjt.com\\\/boutique\\\/ziaja-med-anti-acne-creme-50ml-toner-200ml-offert\\\/#primaryimage\",\"url\":\"https:\\\/\\\/paragaleriedetalborjt.com\\\/wp-content\\\/uploads\\\/2026\\\/01\\\/ziaja-med-anti-acne-creme-toner-pack.jpg\",\"contentUrl\":\"https:\\\/\\\/paragaleriedetalborjt.com\\\/wp-content\\\/uploads\\\/2026\\\/01\\\/ziaja-med-anti-acne-creme-toner-pack.jpg\",\"width\":595,\"height\":655},{\"@type\":\"BreadcrumbList\",\"@id\":\"https:\\\/\\\/paragaleriedetalborjt.com\\\/boutique\\\/ziaja-med-anti-acne-creme-50ml-toner-200ml-offert\\\/#breadcrumb\",\"itemListElement\":[{\"@type\":\"ListItem\",\"position\":1,\"name\":\"Accueil\",\"item\":\"https:\\\/\\\/paragaleriedetalborjt.com\\\/\"},{\"@type\":\"ListItem\",\"position\":2,\"name\":\"Boutique\",\"item\":\"https:\\\/\\\/paragaleriedetalborjt.com\\\/boutique\\\/\"},{\"@type\":\"ListItem\",\"position\":3,\"name\":\"Ziaja Med Anti-acne Creme 50ml + Toner 200ml OFFERT\"}]},{\"@type\":\"WebSite\",\"@id\":\"https:\\\/\\\/paragaleriedetalborjt.com\\\/#website\",\"url\":\"https:\\\/\\\/paragaleriedetalborjt.com\\\/\",\"name\":\"paragaleriedetalborjt\",\"description\":\"\",\"potentialAction\":[{\"@type\":\"SearchAction\",\"target\":{\"@type\":\"EntryPoint\",\"urlTemplate\":\"https:\\\/\\\/paragaleriedetalborjt.com\\\/?s={search_term_string}\"},\"query-input\":{\"@type\":\"PropertyValueSpecification\",\"valueRequired\":true,\"valueName\":\"search_term_string\"}}],\"inLanguage\":\"en-US\"}]}<\/script>\n<!-- \/ Yoast SEO plugin. -->","yoast_head_json":{"title":"Ziaja Med Anti-acne Creme 50ml + Toner 200ml OFFERT - paragaleriedetalborjt","robots":{"index":"index","follow":"follow","max-snippet":"max-snippet:-1","max-image-preview":"max-image-preview:large","max-video-preview":"max-video-preview:-1"},"canonical":"https:\/\/paragaleriedetalborjt.com\/en\/boutique\/ziaja-med-anti-acne-creme-50ml-toner-200ml-offert\/","og_locale":"en_US","og_type":"article","og_title":"Ziaja Med Anti-acne Creme 50ml + Toner 200ml OFFERT - paragaleriedetalborjt","og_description":"Highlights:Pour peau mixtes \u00e0 grasses","og_url":"https:\/\/paragaleriedetalborjt.com\/en\/boutique\/ziaja-med-anti-acne-creme-50ml-toner-200ml-offert\/","og_site_name":"paragaleriedetalborjt","article_modified_time":"2026-01-03T19:17:57+00:00","og_image":[{"width":595,"height":655,"url":"https:\/\/paragaleriedetalborjt.com\/wp-content\/uploads\/2026\/01\/ziaja-med-anti-acne-creme-toner-pack.jpg","type":"image\/jpeg"}],"twitter_card":"summary_large_image","schema":{"@context":"https:\/\/schema.org","@graph":[{"@type":"WebPage","@id":"https:\/\/paragaleriedetalborjt.com\/boutique\/ziaja-med-anti-acne-creme-50ml-toner-200ml-offert\/","url":"https:\/\/paragaleriedetalborjt.com\/boutique\/ziaja-med-anti-acne-creme-50ml-toner-200ml-offert\/","name":"Ziaja Med Anti-acne Creme 50ml + Toner 200ml OFFERT - paragaleriedetalborjt","isPartOf":{"@id":"https:\/\/paragaleriedetalborjt.com\/#website"},"primaryImageOfPage":{"@id":"https:\/\/paragaleriedetalborjt.com\/boutique\/ziaja-med-anti-acne-creme-50ml-toner-200ml-offert\/#primaryimage"},"image":{"@id":"https:\/\/paragaleriedetalborjt.com\/boutique\/ziaja-med-anti-acne-creme-50ml-toner-200ml-offert\/#primaryimage"},"thumbnailUrl":"https:\/\/paragaleriedetalborjt.com\/wp-content\/uploads\/2026\/01\/ziaja-med-anti-acne-creme-toner-pack.jpg","datePublished":"2026-01-03T18:40:55+00:00","dateModified":"2026-01-03T19:17:57+00:00","breadcrumb":{"@id":"https:\/\/paragaleriedetalborjt.com\/boutique\/ziaja-med-anti-acne-creme-50ml-toner-200ml-offert\/#breadcrumb"},"inLanguage":"en-US","potentialAction":[{"@type":"ReadAction","target":["https:\/\/paragaleriedetalborjt.com\/boutique\/ziaja-med-anti-acne-creme-50ml-toner-200ml-offert\/"]}]},{"@type":"ImageObject","inLanguage":"en-US","@id":"https:\/\/paragaleriedetalborjt.com\/boutique\/ziaja-med-anti-acne-creme-50ml-toner-200ml-offert\/#primaryimage","url":"https:\/\/paragaleriedetalborjt.com\/wp-content\/uploads\/2026\/01\/ziaja-med-anti-acne-creme-toner-pack.jpg","contentUrl":"https:\/\/paragaleriedetalborjt.com\/wp-content\/uploads\/2026\/01\/ziaja-med-anti-acne-creme-toner-pack.jpg","width":595,"height":655},{"@type":"BreadcrumbList","@id":"https:\/\/paragaleriedetalborjt.com\/boutique\/ziaja-med-anti-acne-creme-50ml-toner-200ml-offert\/#breadcrumb","itemListElement":[{"@type":"ListItem","position":1,"name":"Accueil","item":"https:\/\/paragaleriedetalborjt.com\/"},{"@type":"ListItem","position":2,"name":"Boutique","item":"https:\/\/paragaleriedetalborjt.com\/boutique\/"},{"@type":"ListItem","position":3,"name":"Ziaja Med Anti-acne Creme 50ml + Toner 200ml OFFERT"}]},{"@type":"WebSite","@id":"https:\/\/paragaleriedetalborjt.com\/#website","url":"https:\/\/paragaleriedetalborjt.com\/","name":"paragaleriedetalborjt","description":"","potentialAction":[{"@type":"SearchAction","target":{"@type":"EntryPoint","urlTemplate":"https:\/\/paragaleriedetalborjt.com\/?s={search_term_string}"},"query-input":{"@type":"PropertyValueSpecification","valueRequired":true,"valueName":"search_term_string"}}],"inLanguage":"en-US"}]}},"brands":[{"id":1637,"name":"ZIAJA","slug":"ziaja"}],"_links":{"self":[{"href":"https:\/\/paragaleriedetalborjt.com\/en\/wp-json\/wp\/v2\/product\/40466","targetHints":{"allow":["GET"]}}],"collection":[{"href":"https:\/\/paragaleriedetalborjt.com\/en\/wp-json\/wp\/v2\/product"}],"about":[{"href":"https:\/\/paragaleriedetalborjt.com\/en\/wp-json\/wp\/v2\/types\/product"}],"replies":[{"embeddable":true,"href":"https:\/\/paragaleriedetalborjt.com\/en\/wp-json\/wp\/v2\/comments?post=40466"}],"version-history":[{"count":1,"href":"https:\/\/paragaleriedetalborjt.com\/en\/wp-json\/wp\/v2\/product\/40466\/revisions"}],"predecessor-version":[{"id":40468,"href":"https:\/\/paragaleriedetalborjt.com\/en\/wp-json\/wp\/v2\/product\/40466\/revisions\/40468"}],"wp:featuredmedia":[{"embeddable":true,"href":"https:\/\/paragaleriedetalborjt.com\/en\/wp-json\/wp\/v2\/media\/40467"}],"wp:attachment":[{"href":"https:\/\/paragaleriedetalborjt.com\/en\/wp-json\/wp\/v2\/media?parent=40466"}],"wp:term":[{"taxonomy":"pwb-brand","embeddable":true,"href":"https:\/\/paragaleriedetalborjt.com\/en\/wp-json\/wp\/v2\/pwb-brand?post=40466"},{"taxonomy":"product_cat","embeddable":true,"href":"https:\/\/paragaleriedetalborjt.com\/en\/wp-json\/wp\/v2\/product_cat?post=40466"},{"taxonomy":"product_tag","embeddable":true,"href":"https:\/\/paragaleriedetalborjt.com\/en\/wp-json\/wp\/v2\/product_tag?post=40466"}],"curies":[{"name":"wp","href":"https:\/\/api.w.org\/{rel}","templated":true}]}}